{"id":96190,"date":"2025-06-04T13:18:16","date_gmt":"2025-06-04T11:18:16","guid":{"rendered":"https:\/\/www.heddata.se\/webbutik\/?post_type=product&#038;p=96190"},"modified":"2026-04-21T14:11:46","modified_gmt":"2026-04-21T12:11:46","slug":"scart-adapter-scart-hane-s-video-female-3x-rca-hona-cvgp31902bk","status":"publish","type":"product","link":"https:\/\/www.heddata.se\/webbutik\/produkt\/scart-adapter-scart-hane-s-video-female-3x-rca-hona-cvgp31902bk\/","title":{"rendered":"SCART-adapter SCART Hane | S-Video Female \/ 3x RCA Hona &#8211; CVGP31902BK"},"content":{"rendered":"<p>SCART-adapter SCART Hane | S-Video Female \/ 3x RCA Hona &#8211; CVGP31902BK<\/p>\n<p>Denna adapter \u00e4r l\u00e4mplig f\u00f6r anslutning av utrustning med 3x RCA-eller S-video-utg\u00e5ng till SCART-ing\u00e5ngen p\u00e5 <a href=\"https:\/\/www.heddata.se\/webbutik\/tv-apparater\/\">TV:n.<\/a><\/p>\n<h3><a href=\"https:\/\/nedis.se\/sv-se\" target=\"_blank\" rel=\"noopener\">Produktspecifikationer<\/a><\/h3>\n<table class=\"table table-with-odd-background\">\n<tbody>\n<tr>\n<td class=\"col-4\">Bredd<\/td>\n<td class=\"col-8\">22 mm<\/td>\n<\/tr>\n<tr>\n<td class=\"col-4\">H\u00f6jd<\/td>\n<td class=\"col-8\">50 mm<\/td>\n<\/tr>\n<tr>\n<td class=\"col-4\">Djup<\/td>\n<td class=\"col-8\">57 mm<\/td>\n<\/tr>\n<tr>\n<td class=\"col-4\">Vikt<\/td>\n<td class=\"col-8\">34 g<\/td>\n<\/tr>\n<tr>\n<td class=\"col-4\">F\u00e4rg<\/td>\n<td class=\"col-8\">Svart<\/td>\n<\/tr>\n<tr>\n<td class=\"col-4\">Kontaktspl\u00e4tering<\/td>\n<td class=\"col-8\">Nickelplaterad<\/td>\n<\/tr>\n<tr>\n<td class=\"col-4\">Material<\/td>\n<td class=\"col-8\">PVC<\/td>\n<\/tr>\n<tr>\n<td class=\"col-4\">Adaptertyp<\/td>\n<td class=\"col-8\">Adapter<\/td>\n<\/tr>\n<tr>\n<td class=\"col-4\">Adapterhus material<\/td>\n<td class=\"col-8\">ABS<\/td>\n<\/tr>\n<tr>\n<td class=\"col-4\">Kontakt A<\/td>\n<td class=\"col-8\">SCART Hane<\/td>\n<\/tr>\n<tr>\n<td class=\"col-4\">Adapterutformning<\/td>\n<td class=\"col-8\">Omkopplingsbar<\/td>\n<\/tr>\n<tr>\n<td class=\"col-4\">Kontakt B<\/td>\n<td class=\"col-8\">3x RCA Hona<br \/>\nS-Video Female<\/td>\n<\/tr>\n<tr>\n<td class=\"col-4\">Antal varor i paketet<\/td>\n<td class=\"col-8\">1 st.<\/td>\n<\/tr>\n<tr>\n<td class=\"col-4\">F\u00f6rpackningstyp<\/td>\n<td class=\"col-8\">Kuvert<\/td>\n<\/tr>\n<\/tbody>\n<\/table>\n","protected":false},"excerpt":{"rendered":"<p>SCART-adapter SCART Hane | S-Video Female \/ 3x RCA Hona &#8211; CVGP31902BK<\/p>\n","protected":false},"featured_media":96195,"template":"","meta":[],"product_brand":[],"product_cat":[79],"product_tag":[],"class_list":{"0":"post-96190","1":"product","2":"type-product","3":"status-publish","4":"has-post-thumbnail","6":"product_cat-adaptrar","8":"first","9":"instock","10":"taxable","11":"shipping-taxable","12":"purchasable","13":"product-type-simple"},"yoast_head":"<!-- This site is optimized with the Yoast SEO Premium plugin v26.7 (Yoast SEO v26.7) - https:\/\/yoast.com\/wordpress\/plugins\/seo\/ -->\n<title>SCART-adapter SCART Hane | S-Video Female \/ 3x RCA Hona<\/title>\n<meta name=\"description\" content=\"SCART-adapter SCART Hane | S-Video Female \/ 3x RCA Hona. Anslut utrustning med 3x RCA-eller S-video-utg\u00e5ng till SCART-ing\u00e5ngen p\u00e5 TV:n.\" \/>\n<meta name=\"robots\" content=\"index, follow, max-snippet:-1, max-image-preview:large, max-video-preview:-1\" \/>\n<link rel=\"canonical\" href=\"https:\/\/www.heddata.se\/webbutik\/produkt\/scart-adapter-scart-hane-s-video-female-3x-rca-hona-cvgp31902bk\/\" \/>\n<meta property=\"og:locale\" content=\"sv_SE\" \/>\n<meta property=\"og:type\" content=\"article\" \/>\n<meta property=\"og:title\" content=\"SCART-adapter SCART Hane | S-Video Female \/ 3x RCA Hona - CVGP31902BK\" \/>\n<meta property=\"og:description\" content=\"SCART-adapter SCART Hane | S-Video Female \/ 3x RCA Hona. Anslut utrustning med 3x RCA-eller S-video-utg\u00e5ng till SCART-ing\u00e5ngen p\u00e5 TV:n.\" \/>\n<meta property=\"og:url\" content=\"https:\/\/www.heddata.se\/webbutik\/produkt\/scart-adapter-scart-hane-s-video-female-3x-rca-hona-cvgp31902bk\/\" \/>\n<meta property=\"og:site_name\" content=\"Datorer, Skrivare, F\u00e4rgpatroner, Mobiltelefoner\" \/>\n<meta property=\"article:modified_time\" content=\"2026-04-21T12:11:46+00:00\" \/>\n<meta property=\"og:image\" content=\"https:\/\/www.heddata.se\/webbutik\/wp-content\/uploads\/webbutik\/kategorier\/kablar-adaptrar\/cvgp31902bk.jpeg\" \/>\n\t<meta property=\"og:image:width\" content=\"1200\" \/>\n\t<meta property=\"og:image:height\" content=\"1200\" \/>\n\t<meta property=\"og:image:type\" content=\"image\/jpeg\" \/>\n<meta name=\"twitter:card\" content=\"summary_large_image\" \/>\n<meta name=\"twitter:label1\" content=\"Ber\u00e4knad l\u00e4stid\" \/>\n\t<meta name=\"twitter:data1\" content=\"1 minut\" \/>\n<script type=\"application\/ld+json\" class=\"yoast-schema-graph\">{\"@context\":\"https:\/\/schema.org\",\"@graph\":[{\"@type\":\"WebPage\",\"@id\":\"https:\/\/www.heddata.se\/webbutik\/produkt\/scart-adapter-scart-hane-s-video-female-3x-rca-hona-cvgp31902bk\/\",\"url\":\"https:\/\/www.heddata.se\/webbutik\/produkt\/scart-adapter-scart-hane-s-video-female-3x-rca-hona-cvgp31902bk\/\",\"name\":\"SCART-adapter SCART Hane | S-Video Female \/ 3x RCA Hona\",\"isPartOf\":{\"@id\":\"https:\/\/www.heddata.se\/webbutik\/#website\"},\"primaryImageOfPage\":{\"@id\":\"https:\/\/www.heddata.se\/webbutik\/produkt\/scart-adapter-scart-hane-s-video-female-3x-rca-hona-cvgp31902bk\/#primaryimage\"},\"image\":{\"@id\":\"https:\/\/www.heddata.se\/webbutik\/produkt\/scart-adapter-scart-hane-s-video-female-3x-rca-hona-cvgp31902bk\/#primaryimage\"},\"thumbnailUrl\":\"https:\/\/www.heddata.se\/webbutik\/wp-content\/uploads\/webbutik\/kategorier\/kablar-adaptrar\/cvgp31902bk.jpeg\",\"datePublished\":\"2025-06-04T11:18:16+00:00\",\"dateModified\":\"2026-04-21T12:11:46+00:00\",\"description\":\"SCART-adapter SCART Hane | S-Video Female \/ 3x RCA Hona. Anslut utrustning med 3x RCA-eller S-video-utg\u00e5ng till SCART-ing\u00e5ngen p\u00e5 TV:n.\",\"breadcrumb\":{\"@id\":\"https:\/\/www.heddata.se\/webbutik\/produkt\/scart-adapter-scart-hane-s-video-female-3x-rca-hona-cvgp31902bk\/#breadcrumb\"},\"inLanguage\":\"sv-SE\",\"potentialAction\":[{\"@type\":\"ReadAction\",\"target\":[\"https:\/\/www.heddata.se\/webbutik\/produkt\/scart-adapter-scart-hane-s-video-female-3x-rca-hona-cvgp31902bk\/\"]}]},{\"@type\":\"ImageObject\",\"inLanguage\":\"sv-SE\",\"@id\":\"https:\/\/www.heddata.se\/webbutik\/produkt\/scart-adapter-scart-hane-s-video-female-3x-rca-hona-cvgp31902bk\/#primaryimage\",\"url\":\"https:\/\/www.heddata.se\/webbutik\/wp-content\/uploads\/webbutik\/kategorier\/kablar-adaptrar\/cvgp31902bk.jpeg\",\"contentUrl\":\"https:\/\/www.heddata.se\/webbutik\/wp-content\/uploads\/webbutik\/kategorier\/kablar-adaptrar\/cvgp31902bk.jpeg\",\"width\":1200,\"height\":1200,\"caption\":\"SCART-adapter SCART Hane\"},{\"@type\":\"BreadcrumbList\",\"@id\":\"https:\/\/www.heddata.se\/webbutik\/produkt\/scart-adapter-scart-hane-s-video-female-3x-rca-hona-cvgp31902bk\/#breadcrumb\",\"itemListElement\":[{\"@type\":\"ListItem\",\"position\":1,\"name\":\"Hem\",\"item\":\"https:\/\/www.heddata.se\/webbutik\/\"},{\"@type\":\"ListItem\",\"position\":2,\"name\":\"Produkter\",\"item\":\"https:\/\/www.heddata.se\/webbutik\/shop\/\"},{\"@type\":\"ListItem\",\"position\":3,\"name\":\"SCART-adapter SCART Hane | S-Video Female \/ 3x RCA Hona &#8211; CVGP31902BK\"}]},{\"@type\":\"WebSite\",\"@id\":\"https:\/\/www.heddata.se\/webbutik\/#website\",\"url\":\"https:\/\/www.heddata.se\/webbutik\/\",\"name\":\"Datorer, Skrivare, F\u00e4rgpatroner, Mobiltelefoner\",\"description\":\"Kablar\",\"publisher\":{\"@id\":\"https:\/\/www.heddata.se\/webbutik\/#organization\"},\"potentialAction\":[{\"@type\":\"SearchAction\",\"target\":{\"@type\":\"EntryPoint\",\"urlTemplate\":\"https:\/\/www.heddata.se\/webbutik\/?s={search_term_string}\"},\"query-input\":{\"@type\":\"PropertyValueSpecification\",\"valueRequired\":true,\"valueName\":\"search_term_string\"}}],\"inLanguage\":\"sv-SE\"},{\"@type\":\"Organization\",\"@id\":\"https:\/\/www.heddata.se\/webbutik\/#organization\",\"name\":\"Heddata AB\",\"url\":\"https:\/\/www.heddata.se\/webbutik\/\",\"logo\":{\"@type\":\"ImageObject\",\"inLanguage\":\"sv-SE\",\"@id\":\"https:\/\/www.heddata.se\/webbutik\/#\/schema\/logo\/image\/\",\"url\":\"https:\/\/www.heddata.se\/webbutik\/wp-content\/uploads\/logga\/heddata-ab-logga.png\",\"contentUrl\":\"https:\/\/www.heddata.se\/webbutik\/wp-content\/uploads\/logga\/heddata-ab-logga.png\",\"width\":200,\"height\":64,\"caption\":\"Heddata AB\"},\"image\":{\"@id\":\"https:\/\/www.heddata.se\/webbutik\/#\/schema\/logo\/image\/\"}}]}<\/script>\n<!-- \/ Yoast SEO Premium plugin. -->","yoast_head_json":{"title":"SCART-adapter SCART Hane | S-Video Female \/ 3x RCA Hona","description":"SCART-adapter SCART Hane | S-Video Female \/ 3x RCA Hona. Anslut utrustning med 3x RCA-eller S-video-utg\u00e5ng till SCART-ing\u00e5ngen p\u00e5 TV:n.","robots":{"index":"index","follow":"follow","max-snippet":"max-snippet:-1","max-image-preview":"max-image-preview:large","max-video-preview":"max-video-preview:-1"},"canonical":"https:\/\/www.heddata.se\/webbutik\/produkt\/scart-adapter-scart-hane-s-video-female-3x-rca-hona-cvgp31902bk\/","og_locale":"sv_SE","og_type":"article","og_title":"SCART-adapter SCART Hane | S-Video Female \/ 3x RCA Hona - CVGP31902BK","og_description":"SCART-adapter SCART Hane | S-Video Female \/ 3x RCA Hona. Anslut utrustning med 3x RCA-eller S-video-utg\u00e5ng till SCART-ing\u00e5ngen p\u00e5 TV:n.","og_url":"https:\/\/www.heddata.se\/webbutik\/produkt\/scart-adapter-scart-hane-s-video-female-3x-rca-hona-cvgp31902bk\/","og_site_name":"Datorer, Skrivare, F\u00e4rgpatroner, Mobiltelefoner","article_modified_time":"2026-04-21T12:11:46+00:00","og_image":[{"width":1200,"height":1200,"url":"https:\/\/www.heddata.se\/webbutik\/wp-content\/uploads\/webbutik\/kategorier\/kablar-adaptrar\/cvgp31902bk.jpeg","type":"image\/jpeg"}],"twitter_card":"summary_large_image","twitter_misc":{"Ber\u00e4knad l\u00e4stid":"1 minut"},"schema":{"@context":"https:\/\/schema.org","@graph":[{"@type":"WebPage","@id":"https:\/\/www.heddata.se\/webbutik\/produkt\/scart-adapter-scart-hane-s-video-female-3x-rca-hona-cvgp31902bk\/","url":"https:\/\/www.heddata.se\/webbutik\/produkt\/scart-adapter-scart-hane-s-video-female-3x-rca-hona-cvgp31902bk\/","name":"SCART-adapter SCART Hane | S-Video Female \/ 3x RCA Hona","isPartOf":{"@id":"https:\/\/www.heddata.se\/webbutik\/#website"},"primaryImageOfPage":{"@id":"https:\/\/www.heddata.se\/webbutik\/produkt\/scart-adapter-scart-hane-s-video-female-3x-rca-hona-cvgp31902bk\/#primaryimage"},"image":{"@id":"https:\/\/www.heddata.se\/webbutik\/produkt\/scart-adapter-scart-hane-s-video-female-3x-rca-hona-cvgp31902bk\/#primaryimage"},"thumbnailUrl":"https:\/\/www.heddata.se\/webbutik\/wp-content\/uploads\/webbutik\/kategorier\/kablar-adaptrar\/cvgp31902bk.jpeg","datePublished":"2025-06-04T11:18:16+00:00","dateModified":"2026-04-21T12:11:46+00:00","description":"SCART-adapter SCART Hane | S-Video Female \/ 3x RCA Hona. Anslut utrustning med 3x RCA-eller S-video-utg\u00e5ng till SCART-ing\u00e5ngen p\u00e5 TV:n.","breadcrumb":{"@id":"https:\/\/www.heddata.se\/webbutik\/produkt\/scart-adapter-scart-hane-s-video-female-3x-rca-hona-cvgp31902bk\/#breadcrumb"},"inLanguage":"sv-SE","potentialAction":[{"@type":"ReadAction","target":["https:\/\/www.heddata.se\/webbutik\/produkt\/scart-adapter-scart-hane-s-video-female-3x-rca-hona-cvgp31902bk\/"]}]},{"@type":"ImageObject","inLanguage":"sv-SE","@id":"https:\/\/www.heddata.se\/webbutik\/produkt\/scart-adapter-scart-hane-s-video-female-3x-rca-hona-cvgp31902bk\/#primaryimage","url":"https:\/\/www.heddata.se\/webbutik\/wp-content\/uploads\/webbutik\/kategorier\/kablar-adaptrar\/cvgp31902bk.jpeg","contentUrl":"https:\/\/www.heddata.se\/webbutik\/wp-content\/uploads\/webbutik\/kategorier\/kablar-adaptrar\/cvgp31902bk.jpeg","width":1200,"height":1200,"caption":"SCART-adapter SCART Hane"},{"@type":"BreadcrumbList","@id":"https:\/\/www.heddata.se\/webbutik\/produkt\/scart-adapter-scart-hane-s-video-female-3x-rca-hona-cvgp31902bk\/#breadcrumb","itemListElement":[{"@type":"ListItem","position":1,"name":"Hem","item":"https:\/\/www.heddata.se\/webbutik\/"},{"@type":"ListItem","position":2,"name":"Produkter","item":"https:\/\/www.heddata.se\/webbutik\/shop\/"},{"@type":"ListItem","position":3,"name":"SCART-adapter SCART Hane | S-Video Female \/ 3x RCA Hona &#8211; CVGP31902BK"}]},{"@type":"WebSite","@id":"https:\/\/www.heddata.se\/webbutik\/#website","url":"https:\/\/www.heddata.se\/webbutik\/","name":"Datorer, Skrivare, F\u00e4rgpatroner, Mobiltelefoner","description":"Kablar","publisher":{"@id":"https:\/\/www.heddata.se\/webbutik\/#organization"},"potentialAction":[{"@type":"SearchAction","target":{"@type":"EntryPoint","urlTemplate":"https:\/\/www.heddata.se\/webbutik\/?s={search_term_string}"},"query-input":{"@type":"PropertyValueSpecification","valueRequired":true,"valueName":"search_term_string"}}],"inLanguage":"sv-SE"},{"@type":"Organization","@id":"https:\/\/www.heddata.se\/webbutik\/#organization","name":"Heddata AB","url":"https:\/\/www.heddata.se\/webbutik\/","logo":{"@type":"ImageObject","inLanguage":"sv-SE","@id":"https:\/\/www.heddata.se\/webbutik\/#\/schema\/logo\/image\/","url":"https:\/\/www.heddata.se\/webbutik\/wp-content\/uploads\/logga\/heddata-ab-logga.png","contentUrl":"https:\/\/www.heddata.se\/webbutik\/wp-content\/uploads\/logga\/heddata-ab-logga.png","width":200,"height":64,"caption":"Heddata AB"},"image":{"@id":"https:\/\/www.heddata.se\/webbutik\/#\/schema\/logo\/image\/"}}]}},"_links":{"self":[{"href":"https:\/\/www.heddata.se\/webbutik\/wp-json\/wp\/v2\/product\/96190","targetHints":{"allow":["GET"]}}],"collection":[{"href":"https:\/\/www.heddata.se\/webbutik\/wp-json\/wp\/v2\/product"}],"about":[{"href":"https:\/\/www.heddata.se\/webbutik\/wp-json\/wp\/v2\/types\/product"}],"wp:featuredmedia":[{"embeddable":true,"href":"https:\/\/www.heddata.se\/webbutik\/wp-json\/wp\/v2\/media\/96195"}],"wp:attachment":[{"href":"https:\/\/www.heddata.se\/webbutik\/wp-json\/wp\/v2\/media?parent=96190"}],"wp:term":[{"taxonomy":"product_brand","embeddable":true,"href":"https:\/\/www.heddata.se\/webbutik\/wp-json\/wp\/v2\/product_brand?post=96190"},{"taxonomy":"product_cat","embeddable":true,"href":"https:\/\/www.heddata.se\/webbutik\/wp-json\/wp\/v2\/product_cat?post=96190"},{"taxonomy":"product_tag","embeddable":true,"href":"https:\/\/www.heddata.se\/webbutik\/wp-json\/wp\/v2\/product_tag?post=96190"}],"curies":[{"name":"wp","href":"https:\/\/api.w.org\/{rel}","templated":true}]}}