{"id":96189,"date":"2025-06-04T13:18:09","date_gmt":"2025-06-04T11:18:09","guid":{"rendered":"https:\/\/www.heddata.se\/webbutik\/?post_type=product&#038;p=96189"},"modified":"2026-05-05T18:10:56","modified_gmt":"2026-05-05T16:10:56","slug":"asus-tuf-gaming-ax3000-v2-tradlos-router-desktop-90ig0790-mo3b00","status":"publish","type":"product","link":"https:\/\/www.heddata.se\/webbutik\/produkt\/asus-tuf-gaming-ax3000-v2-tradlos-router-desktop-90ig0790-mo3b00\/","title":{"rendered":"ASUS TUF Gaming AX3000 V2 Tr\u00e5dl\u00f6s router Desktop &#8211; 90IG0790-MO3B00"},"content":{"rendered":"<p>ASUS TUF Gaming AX3000 V2 Tr\u00e5dl\u00f6s router Desktop &#8211; 90IG0790-MO3B00<\/p>\n<div class=\"row\">\n<div class=\"col-xs-12\">\n<h2>ASUS TUF Gaming AX3000 V2 Router<\/h2>\n<\/div>\n<\/div>\n<div class=\"row\">\n<div class=\"col-xs-12\">\n<div class=\"KvSummary__productHeadiing__UPRDo\">TUF Gaming AX3000 V2 Dual Band WiFi 6 Gaming Router med Mobile Game Mode, 3 steg f\u00f6r portvidarebefordran, 2,5 Gbps-port, AiMesh f\u00f6r mesh WiFi, AiProtection Pro-n\u00e4tverkss\u00e4kerhet<\/div>\n<div class=\"KvSummary__productIntro__1WXF-\">\n<ul>\n<li><strong>Ultrasnabb WiFi 6<\/strong>\u00a0&#8211; Njut av hastigheter upp till 3000 Mbps och 4X n\u00e4tverkseffektivitet med OFDMA och 160 MHz-kanaler.<\/li>\n<li><strong>\u00c4kta multi-Gigabit tr\u00e5dbundna hastigheter<\/strong>\u00a0&#8211; Aggregerade 2 Gigabit LAN-anslutningar, tr\u00e5dbunden 2,5 Gbps-port och WiFi 6.<\/li>\n<li><strong>Enkel portvidarebefordran i 3 steg<\/strong>\u00a0&#8211; Open NAT g\u00f6r det enkelt att vidarebefordra portar och eliminerar frustrerande och komplicerad manuell konfiguration.<\/li>\n<li><strong>St\u00f6d f\u00f6r <a href=\"https:\/\/www.asus.com\/se\/\" target=\"_blank\" rel=\"noopener\">ASUS<\/a> AiMesh<\/strong>\u00a0\u2013 Skapa ett flexibelt, s\u00f6ml\u00f6st mesh-n\u00e4tverk f\u00f6r hela hemmet med AiMesh-kompatibla routrar.<\/li>\n<li><strong>Testad h\u00e5llbarhet och stabil drift<\/strong>\u00a0&#8211; TUF Gaming AX3000 V2 \u00e4r byggd f\u00f6r att vara h\u00e5llbar och genomg\u00e5r verifierade tester f\u00f6r att s\u00e4kerst\u00e4lla tillf\u00f6rlitlig och stabil drift.<\/li>\n<\/ul>\n<\/div>\n<\/div>\n<\/div>\n<div class=\"row\">\n<div class=\"col-xs-12\">\n<p>TUF Gaming AX3000 V2 \u00e4r utformad f\u00f6r att ge dig stabila och snabba tr\u00e5dl\u00f6sa och tr\u00e5dbundna anslutningar i milj\u00f6er med m\u00e5nga enheter. Det \u00e4r en router som gynnar alla dina enheter, fr\u00e5n b\u00e4rbara datorer, <a href=\"https:\/\/www.heddata.se\/webbutik\/telefon-surfplattor\/mobiltelefoner\/\">smartphones<\/a> och spelkonsoler till alla IoT-enheter i hemmet.<\/p>\n<\/div>\n<\/div>\n<div class=\"row\">\n<div class=\"col-xs-12\">\n<h3>4X Kapacitet. 2,5X snabbare.*<\/h3>\n<p>WiFi 6 ger h\u00f6gre tr\u00e5dl\u00f6sa hastigheter med OFDMA-, BSS- och MU-MIMO-teknik och \u00f6kar n\u00e4tverkseffektiviteten, s\u00e5 att alla dina enheter f\u00e5r sin besk\u00e4rda del av WiFi-bandbredden. Den \u00e4r perfekt f\u00f6r upptagna n\u00e4tverk med m\u00e5nga olika WiFi-enheter, som b\u00e4rbara datorer, smartphones och smarta hemenheter.<\/p>\n<p>*Data j\u00e4mf\u00f6r hastigheten f\u00f6r 2X2 WiFi 6-l\u00f6sningen p\u00e5 5 GHz-bandet 160 MHz-kanalen med hastigheten f\u00f6r 2X2 WiFi 5-l\u00f6sningen p\u00e5 5 GHz-bandet 80 MHz-kanalen<\/p>\n<h3>\u00c4kta Multi-Gigabit tr\u00e5dbundna hastigheter<\/h3>\n<p>TUF Gaming AX3000 V2 kan frig\u00f6ra upp till 2 Gbps internetbandbredd via 2,5 Gbps-porten och aggregera tv\u00e5 separata 1 Gbps internettj\u00e4nster via LAN1- och LAN2-portarna.*<\/p>\n<p>*Link Aggregation (802.3ad) h\u00e4nvisar till den kombinerade genomstr\u00f6mningen av flera enheter.<\/p>\n<h3>WiFi som g\u00e5r l\u00e4ngre<\/h3>\n<p>Vi har designat TUF Gaming AX3000 V2 f\u00f6r att ge dig bredast m\u00f6jliga WiFi-t\u00e4ckning. Den anv\u00e4nder OFDMA, en ny teknik i WiFi 6 som till\u00e5ter signaler att f\u00e4rdas l\u00e4ngre \u00e4n de kan i WiFi 5. Med en 2&#215;2 MIMO-konfiguration och andra f\u00f6rb\u00e4ttringar som str\u00e5lformning, som fokuserar signalen mot varje enhet, n\u00e5r TUF Gaming AX3000 V2 varje h\u00f6rn.<\/p>\n<h3>Flexibelt och skalbart tr\u00e5dl\u00f6st Mesh-n\u00e4tverk<\/h3>\n<p>Om du beh\u00f6ver mer t\u00e4ckning eller nya funktioner kan du n\u00e4r som helst l\u00e4gga till ytterligare en kompatibel router till ditt AiMesh-n\u00e4tverk!<\/p>\n<h3>B\u00e4rbar och robust<\/h3>\n<p>TUF Gaming AX3000 V2 \u00e4r konstruerad f\u00f6r att leverera maximal wifi-prestanda. Ventilationsplatsen och kylfl\u00e4nsens utformning f\u00f6rb\u00e4ttrar kylningen f\u00f6r \u00f6kad stabilitet, och de fasta antennerna och portskydden i metall \u00f6kar den fysiska h\u00e5llbarheten.<\/p>\n<h3>Simultant spelande och VPN<\/h3>\n<p>Med VPN Fusion kan du k\u00f6ra b\u00e5de en VPN och en vanlig internetanslutning &#8211; samtidigt! S\u00e5 \u00e4ven om andra n\u00e4tverksanv\u00e4ndare m\u00e5ste anv\u00e4nda en VPN, kan du \u00e4nd\u00e5 njuta av maximala spelhastigheter.<\/p>\n<h3>S\u00e4kerhet av kommersiell kvalitet f\u00f6r ditt hem<\/h3>\n<p>Hemn\u00e4tverkss\u00e4kerhet \u00e4r av st\u00f6rsta vikt n\u00e4r man har flera anslutna enheter och \u00e4nnu mer n\u00e4r det finns enheter utan antivirusfunktioner som exempelvis IoT-enheter. TUF Gaming AX3000 V2 inneh\u00e5ller livstids gratis AiProtection Pro, inklusive det senaste WPA3-s\u00e4kerhetsprotokollet och avancerad f\u00f6r\u00e4ldrakontroll. Varje enhet \u00e4r skyddad med TUF Gaming AX3000 V2, och du kan h\u00e5lla ett \u00f6ga p\u00e5 allt som h\u00e4nder i n\u00e4tverket via den praktiska mobilappen.<\/p>\n<h3>Mer integritet, var som helst<\/h3>\n<p>Instant Guard ger dig med ett klick s\u00e4ker internet\u00e5tkomst via TUF Gaming AX3000 V2 fr\u00e5n var som helst i v\u00e4rlden, tack vare dess krypterade data-tunneling VPN-teknik. Med TUF Gaming AX3000 V2 kan du ta med dig ditt hemman\u00e4tverk vart du \u00e4n g\u00e5r &#8211; och s\u00e4ga adj\u00f6 till webbaserade VPN-tj\u00e4nster fr\u00e5n tredje part!<\/p>\n<\/div>\n<\/div>\n","protected":false},"excerpt":{"rendered":"<p>ASUS TUF Gaming AX3000 V2 Tr\u00e5dl\u00f6s router Desktop &#8211; 90IG0790-MO3B00<\/p>\n","protected":false},"featured_media":96197,"template":"","meta":[],"product_brand":[],"product_cat":[70,8973,8974],"product_tag":[],"class_list":{"0":"post-96189","1":"product","2":"type-product","3":"status-publish","4":"has-post-thumbnail","6":"product_cat-natverk","7":"product_cat-router","8":"product_cat-tradlos","10":"first","11":"outofstock","12":"taxable","13":"shipping-taxable","14":"purchasable","15":"product-type-simple"},"yoast_head":"<!-- This site is optimized with the Yoast SEO Premium plugin v26.7 (Yoast SEO v26.7) - https:\/\/yoast.com\/wordpress\/plugins\/seo\/ -->\n<title>ASUS TUF Gaming AX3000 V2 Tr\u00e5dl\u00f6s router Desktop<\/title>\n<meta name=\"description\" content=\"ASUS TUF Gaming AX3000 V2 Tr\u00e5dl\u00f6s router Desktop - 90IG0790-MO3B00. Gaming Router med Mobile Game Mode, 3 steg f\u00f6r portvidarebefordran\" \/>\n<meta name=\"robots\" content=\"index, follow, max-snippet:-1, max-image-preview:large, max-video-preview:-1\" \/>\n<link rel=\"canonical\" href=\"https:\/\/www.heddata.se\/webbutik\/produkt\/asus-tuf-gaming-ax3000-v2-tradlos-router-desktop-90ig0790-mo3b00\/\" \/>\n<meta property=\"og:locale\" content=\"sv_SE\" \/>\n<meta property=\"og:type\" content=\"article\" \/>\n<meta property=\"og:title\" content=\"ASUS TUF Gaming AX3000 V2 Tr\u00e5dl\u00f6s router Desktop - 90IG0790-MO3B00\" \/>\n<meta property=\"og:description\" content=\"ASUS TUF Gaming AX3000 V2 Tr\u00e5dl\u00f6s router Desktop - 90IG0790-MO3B00. Gaming Router med Mobile Game Mode, 3 steg f\u00f6r portvidarebefordran\" \/>\n<meta property=\"og:url\" content=\"https:\/\/www.heddata.se\/webbutik\/produkt\/asus-tuf-gaming-ax3000-v2-tradlos-router-desktop-90ig0790-mo3b00\/\" \/>\n<meta property=\"og:site_name\" content=\"Datorer, Skrivare, F\u00e4rgpatroner, Mobiltelefoner\" \/>\n<meta property=\"article:modified_time\" content=\"2026-05-05T16:10:56+00:00\" \/>\n<meta property=\"og:image\" content=\"https:\/\/www.heddata.se\/webbutik\/wp-content\/uploads\/webbutik\/kategorier\/natvark\/tufgaming.jpg\" \/>\n\t<meta property=\"og:image:width\" content=\"1920\" \/>\n\t<meta property=\"og:image:height\" content=\"1920\" \/>\n\t<meta property=\"og:image:type\" content=\"image\/jpeg\" \/>\n<meta name=\"twitter:card\" content=\"summary_large_image\" \/>\n<meta name=\"twitter:label1\" content=\"Ber\u00e4knad l\u00e4stid\" \/>\n\t<meta name=\"twitter:data1\" content=\"4 minuter\" \/>\n<script type=\"application\/ld+json\" class=\"yoast-schema-graph\">{\"@context\":\"https:\/\/schema.org\",\"@graph\":[{\"@type\":\"WebPage\",\"@id\":\"https:\/\/www.heddata.se\/webbutik\/produkt\/asus-tuf-gaming-ax3000-v2-tradlos-router-desktop-90ig0790-mo3b00\/\",\"url\":\"https:\/\/www.heddata.se\/webbutik\/produkt\/asus-tuf-gaming-ax3000-v2-tradlos-router-desktop-90ig0790-mo3b00\/\",\"name\":\"ASUS TUF Gaming AX3000 V2 Tr\u00e5dl\u00f6s router Desktop\",\"isPartOf\":{\"@id\":\"https:\/\/www.heddata.se\/webbutik\/#website\"},\"primaryImageOfPage\":{\"@id\":\"https:\/\/www.heddata.se\/webbutik\/produkt\/asus-tuf-gaming-ax3000-v2-tradlos-router-desktop-90ig0790-mo3b00\/#primaryimage\"},\"image\":{\"@id\":\"https:\/\/www.heddata.se\/webbutik\/produkt\/asus-tuf-gaming-ax3000-v2-tradlos-router-desktop-90ig0790-mo3b00\/#primaryimage\"},\"thumbnailUrl\":\"https:\/\/www.heddata.se\/webbutik\/wp-content\/uploads\/webbutik\/kategorier\/natvark\/tufgaming.jpg\",\"datePublished\":\"2025-06-04T11:18:09+00:00\",\"dateModified\":\"2026-05-05T16:10:56+00:00\",\"description\":\"ASUS TUF Gaming AX3000 V2 Tr\u00e5dl\u00f6s router Desktop - 90IG0790-MO3B00. Gaming Router med Mobile Game Mode, 3 steg f\u00f6r portvidarebefordran\",\"breadcrumb\":{\"@id\":\"https:\/\/www.heddata.se\/webbutik\/produkt\/asus-tuf-gaming-ax3000-v2-tradlos-router-desktop-90ig0790-mo3b00\/#breadcrumb\"},\"inLanguage\":\"sv-SE\",\"potentialAction\":[{\"@type\":\"ReadAction\",\"target\":[\"https:\/\/www.heddata.se\/webbutik\/produkt\/asus-tuf-gaming-ax3000-v2-tradlos-router-desktop-90ig0790-mo3b00\/\"]}]},{\"@type\":\"ImageObject\",\"inLanguage\":\"sv-SE\",\"@id\":\"https:\/\/www.heddata.se\/webbutik\/produkt\/asus-tuf-gaming-ax3000-v2-tradlos-router-desktop-90ig0790-mo3b00\/#primaryimage\",\"url\":\"https:\/\/www.heddata.se\/webbutik\/wp-content\/uploads\/webbutik\/kategorier\/natvark\/tufgaming.jpg\",\"contentUrl\":\"https:\/\/www.heddata.se\/webbutik\/wp-content\/uploads\/webbutik\/kategorier\/natvark\/tufgaming.jpg\",\"width\":1920,\"height\":1920,\"caption\":\"ASUS TUF Gaming AX3000\"},{\"@type\":\"BreadcrumbList\",\"@id\":\"https:\/\/www.heddata.se\/webbutik\/produkt\/asus-tuf-gaming-ax3000-v2-tradlos-router-desktop-90ig0790-mo3b00\/#breadcrumb\",\"itemListElement\":[{\"@type\":\"ListItem\",\"position\":1,\"name\":\"Hem\",\"item\":\"https:\/\/www.heddata.se\/webbutik\/\"},{\"@type\":\"ListItem\",\"position\":2,\"name\":\"Produkter\",\"item\":\"https:\/\/www.heddata.se\/webbutik\/shop\/\"},{\"@type\":\"ListItem\",\"position\":3,\"name\":\"ASUS TUF Gaming AX3000 V2 Tr\u00e5dl\u00f6s router Desktop &#8211; 90IG0790-MO3B00\"}]},{\"@type\":\"WebSite\",\"@id\":\"https:\/\/www.heddata.se\/webbutik\/#website\",\"url\":\"https:\/\/www.heddata.se\/webbutik\/\",\"name\":\"Datorer, Skrivare, F\u00e4rgpatroner, Mobiltelefoner\",\"description\":\"Kablar\",\"publisher\":{\"@id\":\"https:\/\/www.heddata.se\/webbutik\/#organization\"},\"potentialAction\":[{\"@type\":\"SearchAction\",\"target\":{\"@type\":\"EntryPoint\",\"urlTemplate\":\"https:\/\/www.heddata.se\/webbutik\/?s={search_term_string}\"},\"query-input\":{\"@type\":\"PropertyValueSpecification\",\"valueRequired\":true,\"valueName\":\"search_term_string\"}}],\"inLanguage\":\"sv-SE\"},{\"@type\":\"Organization\",\"@id\":\"https:\/\/www.heddata.se\/webbutik\/#organization\",\"name\":\"Heddata AB\",\"url\":\"https:\/\/www.heddata.se\/webbutik\/\",\"logo\":{\"@type\":\"ImageObject\",\"inLanguage\":\"sv-SE\",\"@id\":\"https:\/\/www.heddata.se\/webbutik\/#\/schema\/logo\/image\/\",\"url\":\"https:\/\/www.heddata.se\/webbutik\/wp-content\/uploads\/logga\/heddata-ab-logga.png\",\"contentUrl\":\"https:\/\/www.heddata.se\/webbutik\/wp-content\/uploads\/logga\/heddata-ab-logga.png\",\"width\":200,\"height\":64,\"caption\":\"Heddata AB\"},\"image\":{\"@id\":\"https:\/\/www.heddata.se\/webbutik\/#\/schema\/logo\/image\/\"}}]}<\/script>\n<!-- \/ Yoast SEO Premium plugin. -->","yoast_head_json":{"title":"ASUS TUF Gaming AX3000 V2 Tr\u00e5dl\u00f6s router Desktop","description":"ASUS TUF Gaming AX3000 V2 Tr\u00e5dl\u00f6s router Desktop - 90IG0790-MO3B00. Gaming Router med Mobile Game Mode, 3 steg f\u00f6r portvidarebefordran","robots":{"index":"index","follow":"follow","max-snippet":"max-snippet:-1","max-image-preview":"max-image-preview:large","max-video-preview":"max-video-preview:-1"},"canonical":"https:\/\/www.heddata.se\/webbutik\/produkt\/asus-tuf-gaming-ax3000-v2-tradlos-router-desktop-90ig0790-mo3b00\/","og_locale":"sv_SE","og_type":"article","og_title":"ASUS TUF Gaming AX3000 V2 Tr\u00e5dl\u00f6s router Desktop - 90IG0790-MO3B00","og_description":"ASUS TUF Gaming AX3000 V2 Tr\u00e5dl\u00f6s router Desktop - 90IG0790-MO3B00. Gaming Router med Mobile Game Mode, 3 steg f\u00f6r portvidarebefordran","og_url":"https:\/\/www.heddata.se\/webbutik\/produkt\/asus-tuf-gaming-ax3000-v2-tradlos-router-desktop-90ig0790-mo3b00\/","og_site_name":"Datorer, Skrivare, F\u00e4rgpatroner, Mobiltelefoner","article_modified_time":"2026-05-05T16:10:56+00:00","og_image":[{"width":1920,"height":1920,"url":"https:\/\/www.heddata.se\/webbutik\/wp-content\/uploads\/webbutik\/kategorier\/natvark\/tufgaming.jpg","type":"image\/jpeg"}],"twitter_card":"summary_large_image","twitter_misc":{"Ber\u00e4knad l\u00e4stid":"4 minuter"},"schema":{"@context":"https:\/\/schema.org","@graph":[{"@type":"WebPage","@id":"https:\/\/www.heddata.se\/webbutik\/produkt\/asus-tuf-gaming-ax3000-v2-tradlos-router-desktop-90ig0790-mo3b00\/","url":"https:\/\/www.heddata.se\/webbutik\/produkt\/asus-tuf-gaming-ax3000-v2-tradlos-router-desktop-90ig0790-mo3b00\/","name":"ASUS TUF Gaming AX3000 V2 Tr\u00e5dl\u00f6s router Desktop","isPartOf":{"@id":"https:\/\/www.heddata.se\/webbutik\/#website"},"primaryImageOfPage":{"@id":"https:\/\/www.heddata.se\/webbutik\/produkt\/asus-tuf-gaming-ax3000-v2-tradlos-router-desktop-90ig0790-mo3b00\/#primaryimage"},"image":{"@id":"https:\/\/www.heddata.se\/webbutik\/produkt\/asus-tuf-gaming-ax3000-v2-tradlos-router-desktop-90ig0790-mo3b00\/#primaryimage"},"thumbnailUrl":"https:\/\/www.heddata.se\/webbutik\/wp-content\/uploads\/webbutik\/kategorier\/natvark\/tufgaming.jpg","datePublished":"2025-06-04T11:18:09+00:00","dateModified":"2026-05-05T16:10:56+00:00","description":"ASUS TUF Gaming AX3000 V2 Tr\u00e5dl\u00f6s router Desktop - 90IG0790-MO3B00. Gaming Router med Mobile Game Mode, 3 steg f\u00f6r portvidarebefordran","breadcrumb":{"@id":"https:\/\/www.heddata.se\/webbutik\/produkt\/asus-tuf-gaming-ax3000-v2-tradlos-router-desktop-90ig0790-mo3b00\/#breadcrumb"},"inLanguage":"sv-SE","potentialAction":[{"@type":"ReadAction","target":["https:\/\/www.heddata.se\/webbutik\/produkt\/asus-tuf-gaming-ax3000-v2-tradlos-router-desktop-90ig0790-mo3b00\/"]}]},{"@type":"ImageObject","inLanguage":"sv-SE","@id":"https:\/\/www.heddata.se\/webbutik\/produkt\/asus-tuf-gaming-ax3000-v2-tradlos-router-desktop-90ig0790-mo3b00\/#primaryimage","url":"https:\/\/www.heddata.se\/webbutik\/wp-content\/uploads\/webbutik\/kategorier\/natvark\/tufgaming.jpg","contentUrl":"https:\/\/www.heddata.se\/webbutik\/wp-content\/uploads\/webbutik\/kategorier\/natvark\/tufgaming.jpg","width":1920,"height":1920,"caption":"ASUS TUF Gaming AX3000"},{"@type":"BreadcrumbList","@id":"https:\/\/www.heddata.se\/webbutik\/produkt\/asus-tuf-gaming-ax3000-v2-tradlos-router-desktop-90ig0790-mo3b00\/#breadcrumb","itemListElement":[{"@type":"ListItem","position":1,"name":"Hem","item":"https:\/\/www.heddata.se\/webbutik\/"},{"@type":"ListItem","position":2,"name":"Produkter","item":"https:\/\/www.heddata.se\/webbutik\/shop\/"},{"@type":"ListItem","position":3,"name":"ASUS TUF Gaming AX3000 V2 Tr\u00e5dl\u00f6s router Desktop &#8211; 90IG0790-MO3B00"}]},{"@type":"WebSite","@id":"https:\/\/www.heddata.se\/webbutik\/#website","url":"https:\/\/www.heddata.se\/webbutik\/","name":"Datorer, Skrivare, F\u00e4rgpatroner, Mobiltelefoner","description":"Kablar","publisher":{"@id":"https:\/\/www.heddata.se\/webbutik\/#organization"},"potentialAction":[{"@type":"SearchAction","target":{"@type":"EntryPoint","urlTemplate":"https:\/\/www.heddata.se\/webbutik\/?s={search_term_string}"},"query-input":{"@type":"PropertyValueSpecification","valueRequired":true,"valueName":"search_term_string"}}],"inLanguage":"sv-SE"},{"@type":"Organization","@id":"https:\/\/www.heddata.se\/webbutik\/#organization","name":"Heddata AB","url":"https:\/\/www.heddata.se\/webbutik\/","logo":{"@type":"ImageObject","inLanguage":"sv-SE","@id":"https:\/\/www.heddata.se\/webbutik\/#\/schema\/logo\/image\/","url":"https:\/\/www.heddata.se\/webbutik\/wp-content\/uploads\/logga\/heddata-ab-logga.png","contentUrl":"https:\/\/www.heddata.se\/webbutik\/wp-content\/uploads\/logga\/heddata-ab-logga.png","width":200,"height":64,"caption":"Heddata AB"},"image":{"@id":"https:\/\/www.heddata.se\/webbutik\/#\/schema\/logo\/image\/"}}]}},"_links":{"self":[{"href":"https:\/\/www.heddata.se\/webbutik\/wp-json\/wp\/v2\/product\/96189","targetHints":{"allow":["GET"]}}],"collection":[{"href":"https:\/\/www.heddata.se\/webbutik\/wp-json\/wp\/v2\/product"}],"about":[{"href":"https:\/\/www.heddata.se\/webbutik\/wp-json\/wp\/v2\/types\/product"}],"wp:featuredmedia":[{"embeddable":true,"href":"https:\/\/www.heddata.se\/webbutik\/wp-json\/wp\/v2\/media\/96197"}],"wp:attachment":[{"href":"https:\/\/www.heddata.se\/webbutik\/wp-json\/wp\/v2\/media?parent=96189"}],"wp:term":[{"taxonomy":"product_brand","embeddable":true,"href":"https:\/\/www.heddata.se\/webbutik\/wp-json\/wp\/v2\/product_brand?post=96189"},{"taxonomy":"product_cat","embeddable":true,"href":"https:\/\/www.heddata.se\/webbutik\/wp-json\/wp\/v2\/product_cat?post=96189"},{"taxonomy":"product_tag","embeddable":true,"href":"https:\/\/www.heddata.se\/webbutik\/wp-json\/wp\/v2\/product_tag?post=96189"}],"curies":[{"name":"wp","href":"https:\/\/api.w.org\/{rel}","templated":true}]}}