{"id":96183,"date":"2025-05-26T09:18:04","date_gmt":"2025-05-26T07:18:04","guid":{"rendered":"https:\/\/www.heddata.se\/webbutik\/?post_type=product&#038;p=96183"},"modified":"2026-04-14T18:10:19","modified_gmt":"2026-04-14T16:10:19","slug":"jabra-evolve2-65-usb-a-black-ms-stereo-26599-999-999","status":"publish","type":"product","link":"https:\/\/www.heddata.se\/webbutik\/produkt\/jabra-evolve2-65-usb-a-black-ms-stereo-26599-999-999\/","title":{"rendered":"Jabra Evolve2 65 USB-A Black MS Stereo &#8211; 26599-999-999"},"content":{"rendered":"<p>Jabra Evolve2 65 USB-A Black MS Stereo &#8211; 26599-999-999<\/p>\n<ul class=\"list-disc\" data-v-fc162e5d=\"\">\n<li data-v-fc162e5d=\"\">\n<p data-v-fc162e5d=\"\">Upp till 37 timmars batteritid<\/p>\n<\/li>\n<li data-v-fc162e5d=\"\">\n<p data-v-fc162e5d=\"\">Utm\u00e4rkt f\u00f6r flexibilitet i bullriga kontor<\/p>\n<\/li>\n<li data-v-fc162e5d=\"\">\n<p data-v-fc162e5d=\"\">Bluetooth, upp till 30 m<\/p>\n<\/li>\n<li data-v-fc162e5d=\"\">\n<p data-v-fc162e5d=\"\">Anslut till upp till 2 enheter<\/p>\n<\/li>\n<li data-v-fc162e5d=\"\">\n<p data-v-fc162e5d=\"\">Byggd f\u00f6r att h\u00e5lla<\/p>\n<\/li>\n<li data-v-fc162e5d=\"\">\n<p data-v-fc162e5d=\"\">2 \u00e5rs garanti<\/p>\n<\/li>\n<li data-v-fc162e5d=\"\">\n<p data-v-fc162e5d=\"\">Passiv brusreducering<\/p>\n<\/li>\n<li data-v-fc162e5d=\"\">\n<p data-v-fc162e5d=\"\">Busylight synlig fr\u00e5n alla vinklar<\/p>\n<\/li>\n<li data-v-fc162e5d=\"\">\n<p data-v-fc162e5d=\"\">B\u00e4rstil p\u00e5 \u00f6rat<\/p>\n<\/li>\n<li data-v-fc162e5d=\"\">\n<p data-v-fc162e5d=\"\">Snabbladdning<\/p>\n<\/li>\n<\/ul>\n<div class=\"read-more-body expanded\">\n<div class=\"flex flex-col flex-wrap p-20\" data-v-fc162e5d=\"\">\n<h4 class=\"pim-text mt-15\"><b>Bra samtal.<\/b><br \/>\nEnast\u00e5ende resultat kr\u00e4ver enast\u00e5ende samtalsprestanda, och s\u00f6ml\u00f6st, professionellt ljud g\u00f6r hela skillnaden. Vi tog den otroliga samtalsprestanda som v\u00e5r v\u00e4rldsledande <a href=\"https:\/\/www.jabra.com\/sv-se\/\" target=\"_blank\" rel=\"noopener\">Evolve-serie<\/a> erbjuder och gjorde den \u00e4nnu b\u00e4ttre genom att bygga in tre strategiskt placerade kraftfulla professionella mikrofoner och l\u00e4gga till v\u00e5rt avancerade digitala chipset och den senaste signalbehandlingstekniken. Resultatet \u00e4r enast\u00e5ende samtalskvalitet, varje g\u00e5ng.<\/p>\n<p>Det \u00e4r inte bara ett bra <a href=\"https:\/\/www.heddata.se\/webbutik\/telefon-surfplattor\/mobiltelefoner\/\">samtal.<\/a> Det \u00e4r den nya standarden f\u00f6r bra samtal.<\/p>\n<p><b>UC-certifierad betyder UC-n\u00f6jd.<\/b><br \/>\nN\u00f6jdhetsgaranti \u00e4r inte n\u00e5got man h\u00f6r s\u00e4rskilt ofta nuf\u00f6rtiden, men vi tar tillbaka den; Evolve2 65 fungerar med alla ledande Unified Communications (UC)-plattformar f\u00f6r verkligt s\u00f6ml\u00f6st samarbete.<\/p>\n<p>Om din UC-plattform \u00e4r Microsoft Teams \u00e4r den Teams-certifierade varianten perfekt anpassad och optimerad f\u00f6r att ge dig den b\u00e4sta upplevelsen med plattformen.<\/p>\n<p><b>H\u00f6r skillnaden<\/b><br \/>\nVi anv\u00e4nde v\u00e5rt toppmoderna ljudlabb f\u00f6r att simulera en bullrig kontorsmilj\u00f6, med ett kontorstal som spelades upp genom en h\u00f6gtalare i en docka. Sedan testade vi varje produkt p\u00e5 exakt samma s\u00e4tt som samma kontorsljudsp\u00e5r spelades upp, och spelade in mikrofonens prestanda, f\u00f6r att visa hur samtalet skulle l\u00e5ta f\u00f6r den du pratar med.<\/p>\n<p><b>Musik s\u00e5 bra att du kan k\u00e4nna den.<\/b><br \/>\nVi har byggt detta headset med kraftfulla l\u00e4ckaget\u00e5liga 40 mm-h\u00f6gtalare och drivit det med v\u00e5rt mest avancerade digitala chipset n\u00e5gonsin. Med Evolve ger vi dig fantastisk musik medan du arbetar. Med Evolve2 tar vi ljudkvaliteten till en helt ny niv\u00e5.<\/h4>\n<p class=\"pim-text mt-15\" data-v-fc162e5d=\"\">Det \u00e4r ett professionellt headset, men inte som du k\u00e4nner det.<\/p>\n<p><b>Ljudisolera dina \u00f6ron.<\/b><br \/>\nOavsett om du arbetar p\u00e5 kontoret eller \u00e4r p\u00e5 spr\u00e5ng kan bakgrundsljud verkligen st\u00f6ra ditt fl\u00f6de. Ta p\u00e5 dig Evolve2 65 och k\u00e4nn hur ljudet runt omkring dig omedelbart avtar, eftersom de isolerande ovala \u00f6ronkuddarna i skum och den banbrytande nya vinklade \u00f6ronk\u00e5porna effektivt blockerar din omgivning, vilket ger dig passiv brusreducering som du aldrig upplevt.<\/p>\n<p>Man kan s\u00e4ga att det \u00e4r som ett portabelt tyst rum f\u00f6r ditt huvud.<\/p>\n<p><b>G\u00f6m dig inte n\u00e4r du \u00e4r i form.<\/b><br \/>\nVi har tagit v\u00e5r upptagetlampa till en helt ny niv\u00e5 och gjort den synlig fr\u00e5n alla h\u00e5ll. Den r\u00f6da lampan aktiveras automatiskt n\u00e4r du \u00e4r i ett samtal eller i ett m\u00f6te, eller s\u00e5 kan du aktivera den sj\u00e4lv med en knapptryckning. S\u00e5 \u00e4ven n\u00e4r du \u00e4r mitt uppe i allting skyddar din upptagetlampa dig fr\u00e5n alla vinklar och alla avbrott.<\/p>\n<p>Det \u00e4r som att ha en inbyggd s\u00e4kerhetsvakt f\u00f6r din koncentration.<\/p>\n<p><b>Batteri i flera dagar.<\/b><br \/>\nOavsett om du \u00e4r i och ut ur m\u00f6ten, g\u00e5r i korridorerna eller arbetar p\u00e5 distans \u00e4r det bra att veta att ditt headset klarar av tempot. V\u00e5r avancerade batterieffektivitetsteknik och det otroliga lilla chipsetet har hj\u00e4lpt oss att pressa 37 timmar* str\u00f6m ur detta kraftfulla tr\u00e5dl\u00f6sa headset.<\/p>\n<p><b>Sann komfort. Sann lyx.<\/b><br \/>\nVi best\u00e4mde oss f\u00f6r att skapa ett tr\u00e5dl\u00f6st headset som skulle k\u00e4nnas s\u00e5 bra att du skulle gl\u00f6mma att du ens hade det p\u00e5 dig. Vi designade den perfekta formen med hj\u00e4lp av biometriska m\u00e4tningar fr\u00e5n hundratals huvuden. Sedan lade vi till mjuka minnesskumkuddar som formar sig efter ditt \u00f6rats naturliga konturer. Slutligen har vi monterat det med slitstarka, premiummaterial.<\/p>\n<p>F\u00f6r n\u00e4r det g\u00e4ller ditt headset \u00e4r sann lyx att gl\u00f6mma att det finns d\u00e4r.<\/p>\n<p><b>T\u00e4nka utanf\u00f6r boxen.<\/b><br \/>\nN\u00e4r det g\u00e4ller saker i kartonger \u00e4r det h\u00e4r en stor grej. Innan du ens har packat upp det h\u00e5ller du i en banbrytande teknik som ligger ligor f\u00f6re alla andra headset. Men eftersom vi har ett \u00f6ga p\u00e5 framtiden \u00e4r firmwareuppgraderingar och v\u00e4rdepaket redan p\u00e5 v\u00e4g f\u00f6r att f\u00f6rb\u00e4ttra det ytterligare.<\/p>\n<p>Om du tycker att det \u00e4r bra nu, v\u00e4nta bara\u2026<\/p>\n<p><b>Jabra Direct<\/b><br \/>\nJabra Direct ser till att ditt headset alltid har den senaste firmware, vilket garanterar att du har de senaste funktionerna, buggfixarna och enkel \u00e5tkomst till kompatibilitetsuppdateringar. Med den anv\u00e4ndarv\u00e4nliga Direct Dashboard har det aldrig varit enklare att h\u00e5lla sig uppdaterad.<\/p>\n<\/div>\n<\/div>\n<div class=\"flex\">\n<div data-v-fc162e5d=\"\"><\/div>\n<\/div>\n","protected":false},"excerpt":{"rendered":"<p>Jabra Evolve2 65 USB-A Black MS Stereo &#8211; 26599-999-999<\/p>\n","protected":false},"featured_media":96185,"template":"","meta":[],"product_brand":[],"product_cat":[128,126,119],"product_tag":[],"class_list":{"0":"post-96183","1":"product","2":"type-product","3":"status-publish","4":"has-post-thumbnail","6":"product_cat-headset-horlurar-med-bluetooth","7":"product_cat-headset-horlurar-med-mikrofon","8":"product_cat-horlurar-headset","10":"first","11":"instock","12":"taxable","13":"shipping-taxable","14":"purchasable","15":"product-type-simple"},"yoast_head":"<!-- This site is optimized with the Yoast SEO Premium plugin v26.7 (Yoast SEO v26.7) - https:\/\/yoast.com\/wordpress\/plugins\/seo\/ -->\n<title>Jabra Evolve2 65 USB-A Black MS Stereo - 26599-999-999<\/title>\n<meta name=\"description\" content=\"Jabra Evolve2 65 USB-A Black MS Stereo - 26599-999-999. Enast\u00e5ende resultat kr\u00e4ver enast\u00e5ende samtalsprestanda, och s\u00f6ml\u00f6st, professionellt ljud.\" \/>\n<meta name=\"robots\" content=\"index, follow, max-snippet:-1, max-image-preview:large, max-video-preview:-1\" \/>\n<link rel=\"canonical\" href=\"https:\/\/www.heddata.se\/webbutik\/produkt\/jabra-evolve2-65-usb-a-black-ms-stereo-26599-999-999\/\" \/>\n<meta property=\"og:locale\" content=\"sv_SE\" \/>\n<meta property=\"og:type\" content=\"article\" \/>\n<meta property=\"og:title\" content=\"Jabra Evolve2 65 USB-A Black MS Stereo - 26599-999-999\" \/>\n<meta property=\"og:description\" content=\"Jabra Evolve2 65 USB-A Black MS Stereo - 26599-999-999. Enast\u00e5ende resultat kr\u00e4ver enast\u00e5ende samtalsprestanda, och s\u00f6ml\u00f6st, professionellt ljud.\" \/>\n<meta property=\"og:url\" content=\"https:\/\/www.heddata.se\/webbutik\/produkt\/jabra-evolve2-65-usb-a-black-ms-stereo-26599-999-999\/\" \/>\n<meta property=\"og:site_name\" content=\"Datorer, Skrivare, F\u00e4rgpatroner, Mobiltelefoner\" \/>\n<meta property=\"article:modified_time\" content=\"2026-04-14T16:10:19+00:00\" \/>\n<meta property=\"og:image\" content=\"https:\/\/www.heddata.se\/webbutik\/wp-content\/uploads\/webbutik\/kategorier\/horlurar\/26599-999-999.jpg\" \/>\n\t<meta property=\"og:image:width\" content=\"1400\" \/>\n\t<meta property=\"og:image:height\" content=\"1400\" \/>\n\t<meta property=\"og:image:type\" content=\"image\/jpeg\" \/>\n<meta name=\"twitter:card\" content=\"summary_large_image\" \/>\n<meta name=\"twitter:label1\" content=\"Ber\u00e4knad l\u00e4stid\" \/>\n\t<meta name=\"twitter:data1\" content=\"4 minuter\" \/>\n<script type=\"application\/ld+json\" class=\"yoast-schema-graph\">{\"@context\":\"https:\/\/schema.org\",\"@graph\":[{\"@type\":\"WebPage\",\"@id\":\"https:\/\/www.heddata.se\/webbutik\/produkt\/jabra-evolve2-65-usb-a-black-ms-stereo-26599-999-999\/\",\"url\":\"https:\/\/www.heddata.se\/webbutik\/produkt\/jabra-evolve2-65-usb-a-black-ms-stereo-26599-999-999\/\",\"name\":\"Jabra Evolve2 65 USB-A Black MS Stereo - 26599-999-999\",\"isPartOf\":{\"@id\":\"https:\/\/www.heddata.se\/webbutik\/#website\"},\"primaryImageOfPage\":{\"@id\":\"https:\/\/www.heddata.se\/webbutik\/produkt\/jabra-evolve2-65-usb-a-black-ms-stereo-26599-999-999\/#primaryimage\"},\"image\":{\"@id\":\"https:\/\/www.heddata.se\/webbutik\/produkt\/jabra-evolve2-65-usb-a-black-ms-stereo-26599-999-999\/#primaryimage\"},\"thumbnailUrl\":\"https:\/\/www.heddata.se\/webbutik\/wp-content\/uploads\/webbutik\/kategorier\/horlurar\/26599-999-999.jpg\",\"datePublished\":\"2025-05-26T07:18:04+00:00\",\"dateModified\":\"2026-04-14T16:10:19+00:00\",\"description\":\"Jabra Evolve2 65 USB-A Black MS Stereo - 26599-999-999. Enast\u00e5ende resultat kr\u00e4ver enast\u00e5ende samtalsprestanda, och s\u00f6ml\u00f6st, professionellt ljud.\",\"breadcrumb\":{\"@id\":\"https:\/\/www.heddata.se\/webbutik\/produkt\/jabra-evolve2-65-usb-a-black-ms-stereo-26599-999-999\/#breadcrumb\"},\"inLanguage\":\"sv-SE\",\"potentialAction\":[{\"@type\":\"ReadAction\",\"target\":[\"https:\/\/www.heddata.se\/webbutik\/produkt\/jabra-evolve2-65-usb-a-black-ms-stereo-26599-999-999\/\"]}]},{\"@type\":\"ImageObject\",\"inLanguage\":\"sv-SE\",\"@id\":\"https:\/\/www.heddata.se\/webbutik\/produkt\/jabra-evolve2-65-usb-a-black-ms-stereo-26599-999-999\/#primaryimage\",\"url\":\"https:\/\/www.heddata.se\/webbutik\/wp-content\/uploads\/webbutik\/kategorier\/horlurar\/26599-999-999.jpg\",\"contentUrl\":\"https:\/\/www.heddata.se\/webbutik\/wp-content\/uploads\/webbutik\/kategorier\/horlurar\/26599-999-999.jpg\",\"width\":1400,\"height\":1400,\"caption\":\"Jabra Evolve2 65 USB-A\"},{\"@type\":\"BreadcrumbList\",\"@id\":\"https:\/\/www.heddata.se\/webbutik\/produkt\/jabra-evolve2-65-usb-a-black-ms-stereo-26599-999-999\/#breadcrumb\",\"itemListElement\":[{\"@type\":\"ListItem\",\"position\":1,\"name\":\"Hem\",\"item\":\"https:\/\/www.heddata.se\/webbutik\/\"},{\"@type\":\"ListItem\",\"position\":2,\"name\":\"Produkter\",\"item\":\"https:\/\/www.heddata.se\/webbutik\/shop\/\"},{\"@type\":\"ListItem\",\"position\":3,\"name\":\"Jabra Evolve2 65 USB-A Black MS Stereo &#8211; 26599-999-999\"}]},{\"@type\":\"WebSite\",\"@id\":\"https:\/\/www.heddata.se\/webbutik\/#website\",\"url\":\"https:\/\/www.heddata.se\/webbutik\/\",\"name\":\"Datorer, Skrivare, F\u00e4rgpatroner, Mobiltelefoner\",\"description\":\"Kablar\",\"publisher\":{\"@id\":\"https:\/\/www.heddata.se\/webbutik\/#organization\"},\"potentialAction\":[{\"@type\":\"SearchAction\",\"target\":{\"@type\":\"EntryPoint\",\"urlTemplate\":\"https:\/\/www.heddata.se\/webbutik\/?s={search_term_string}\"},\"query-input\":{\"@type\":\"PropertyValueSpecification\",\"valueRequired\":true,\"valueName\":\"search_term_string\"}}],\"inLanguage\":\"sv-SE\"},{\"@type\":\"Organization\",\"@id\":\"https:\/\/www.heddata.se\/webbutik\/#organization\",\"name\":\"Heddata AB\",\"url\":\"https:\/\/www.heddata.se\/webbutik\/\",\"logo\":{\"@type\":\"ImageObject\",\"inLanguage\":\"sv-SE\",\"@id\":\"https:\/\/www.heddata.se\/webbutik\/#\/schema\/logo\/image\/\",\"url\":\"https:\/\/www.heddata.se\/webbutik\/wp-content\/uploads\/logga\/heddata-ab-logga.png\",\"contentUrl\":\"https:\/\/www.heddata.se\/webbutik\/wp-content\/uploads\/logga\/heddata-ab-logga.png\",\"width\":200,\"height\":64,\"caption\":\"Heddata AB\"},\"image\":{\"@id\":\"https:\/\/www.heddata.se\/webbutik\/#\/schema\/logo\/image\/\"}}]}<\/script>\n<!-- \/ Yoast SEO Premium plugin. -->","yoast_head_json":{"title":"Jabra Evolve2 65 USB-A Black MS Stereo - 26599-999-999","description":"Jabra Evolve2 65 USB-A Black MS Stereo - 26599-999-999. Enast\u00e5ende resultat kr\u00e4ver enast\u00e5ende samtalsprestanda, och s\u00f6ml\u00f6st, professionellt ljud.","robots":{"index":"index","follow":"follow","max-snippet":"max-snippet:-1","max-image-preview":"max-image-preview:large","max-video-preview":"max-video-preview:-1"},"canonical":"https:\/\/www.heddata.se\/webbutik\/produkt\/jabra-evolve2-65-usb-a-black-ms-stereo-26599-999-999\/","og_locale":"sv_SE","og_type":"article","og_title":"Jabra Evolve2 65 USB-A Black MS Stereo - 26599-999-999","og_description":"Jabra Evolve2 65 USB-A Black MS Stereo - 26599-999-999. Enast\u00e5ende resultat kr\u00e4ver enast\u00e5ende samtalsprestanda, och s\u00f6ml\u00f6st, professionellt ljud.","og_url":"https:\/\/www.heddata.se\/webbutik\/produkt\/jabra-evolve2-65-usb-a-black-ms-stereo-26599-999-999\/","og_site_name":"Datorer, Skrivare, F\u00e4rgpatroner, Mobiltelefoner","article_modified_time":"2026-04-14T16:10:19+00:00","og_image":[{"width":1400,"height":1400,"url":"https:\/\/www.heddata.se\/webbutik\/wp-content\/uploads\/webbutik\/kategorier\/horlurar\/26599-999-999.jpg","type":"image\/jpeg"}],"twitter_card":"summary_large_image","twitter_misc":{"Ber\u00e4knad l\u00e4stid":"4 minuter"},"schema":{"@context":"https:\/\/schema.org","@graph":[{"@type":"WebPage","@id":"https:\/\/www.heddata.se\/webbutik\/produkt\/jabra-evolve2-65-usb-a-black-ms-stereo-26599-999-999\/","url":"https:\/\/www.heddata.se\/webbutik\/produkt\/jabra-evolve2-65-usb-a-black-ms-stereo-26599-999-999\/","name":"Jabra Evolve2 65 USB-A Black MS Stereo - 26599-999-999","isPartOf":{"@id":"https:\/\/www.heddata.se\/webbutik\/#website"},"primaryImageOfPage":{"@id":"https:\/\/www.heddata.se\/webbutik\/produkt\/jabra-evolve2-65-usb-a-black-ms-stereo-26599-999-999\/#primaryimage"},"image":{"@id":"https:\/\/www.heddata.se\/webbutik\/produkt\/jabra-evolve2-65-usb-a-black-ms-stereo-26599-999-999\/#primaryimage"},"thumbnailUrl":"https:\/\/www.heddata.se\/webbutik\/wp-content\/uploads\/webbutik\/kategorier\/horlurar\/26599-999-999.jpg","datePublished":"2025-05-26T07:18:04+00:00","dateModified":"2026-04-14T16:10:19+00:00","description":"Jabra Evolve2 65 USB-A Black MS Stereo - 26599-999-999. Enast\u00e5ende resultat kr\u00e4ver enast\u00e5ende samtalsprestanda, och s\u00f6ml\u00f6st, professionellt ljud.","breadcrumb":{"@id":"https:\/\/www.heddata.se\/webbutik\/produkt\/jabra-evolve2-65-usb-a-black-ms-stereo-26599-999-999\/#breadcrumb"},"inLanguage":"sv-SE","potentialAction":[{"@type":"ReadAction","target":["https:\/\/www.heddata.se\/webbutik\/produkt\/jabra-evolve2-65-usb-a-black-ms-stereo-26599-999-999\/"]}]},{"@type":"ImageObject","inLanguage":"sv-SE","@id":"https:\/\/www.heddata.se\/webbutik\/produkt\/jabra-evolve2-65-usb-a-black-ms-stereo-26599-999-999\/#primaryimage","url":"https:\/\/www.heddata.se\/webbutik\/wp-content\/uploads\/webbutik\/kategorier\/horlurar\/26599-999-999.jpg","contentUrl":"https:\/\/www.heddata.se\/webbutik\/wp-content\/uploads\/webbutik\/kategorier\/horlurar\/26599-999-999.jpg","width":1400,"height":1400,"caption":"Jabra Evolve2 65 USB-A"},{"@type":"BreadcrumbList","@id":"https:\/\/www.heddata.se\/webbutik\/produkt\/jabra-evolve2-65-usb-a-black-ms-stereo-26599-999-999\/#breadcrumb","itemListElement":[{"@type":"ListItem","position":1,"name":"Hem","item":"https:\/\/www.heddata.se\/webbutik\/"},{"@type":"ListItem","position":2,"name":"Produkter","item":"https:\/\/www.heddata.se\/webbutik\/shop\/"},{"@type":"ListItem","position":3,"name":"Jabra Evolve2 65 USB-A Black MS Stereo &#8211; 26599-999-999"}]},{"@type":"WebSite","@id":"https:\/\/www.heddata.se\/webbutik\/#website","url":"https:\/\/www.heddata.se\/webbutik\/","name":"Datorer, Skrivare, F\u00e4rgpatroner, Mobiltelefoner","description":"Kablar","publisher":{"@id":"https:\/\/www.heddata.se\/webbutik\/#organization"},"potentialAction":[{"@type":"SearchAction","target":{"@type":"EntryPoint","urlTemplate":"https:\/\/www.heddata.se\/webbutik\/?s={search_term_string}"},"query-input":{"@type":"PropertyValueSpecification","valueRequired":true,"valueName":"search_term_string"}}],"inLanguage":"sv-SE"},{"@type":"Organization","@id":"https:\/\/www.heddata.se\/webbutik\/#organization","name":"Heddata AB","url":"https:\/\/www.heddata.se\/webbutik\/","logo":{"@type":"ImageObject","inLanguage":"sv-SE","@id":"https:\/\/www.heddata.se\/webbutik\/#\/schema\/logo\/image\/","url":"https:\/\/www.heddata.se\/webbutik\/wp-content\/uploads\/logga\/heddata-ab-logga.png","contentUrl":"https:\/\/www.heddata.se\/webbutik\/wp-content\/uploads\/logga\/heddata-ab-logga.png","width":200,"height":64,"caption":"Heddata AB"},"image":{"@id":"https:\/\/www.heddata.se\/webbutik\/#\/schema\/logo\/image\/"}}]}},"_links":{"self":[{"href":"https:\/\/www.heddata.se\/webbutik\/wp-json\/wp\/v2\/product\/96183","targetHints":{"allow":["GET"]}}],"collection":[{"href":"https:\/\/www.heddata.se\/webbutik\/wp-json\/wp\/v2\/product"}],"about":[{"href":"https:\/\/www.heddata.se\/webbutik\/wp-json\/wp\/v2\/types\/product"}],"wp:featuredmedia":[{"embeddable":true,"href":"https:\/\/www.heddata.se\/webbutik\/wp-json\/wp\/v2\/media\/96185"}],"wp:attachment":[{"href":"https:\/\/www.heddata.se\/webbutik\/wp-json\/wp\/v2\/media?parent=96183"}],"wp:term":[{"taxonomy":"product_brand","embeddable":true,"href":"https:\/\/www.heddata.se\/webbutik\/wp-json\/wp\/v2\/product_brand?post=96183"},{"taxonomy":"product_cat","embeddable":true,"href":"https:\/\/www.heddata.se\/webbutik\/wp-json\/wp\/v2\/product_cat?post=96183"},{"taxonomy":"product_tag","embeddable":true,"href":"https:\/\/www.heddata.se\/webbutik\/wp-json\/wp\/v2\/product_tag?post=96183"}],"curies":[{"name":"wp","href":"https:\/\/api.w.org\/{rel}","templated":true}]}}