{"id":96176,"date":"2025-05-21T11:18:27","date_gmt":"2025-05-21T09:18:27","guid":{"rendered":"https:\/\/www.heddata.se\/webbutik\/?post_type=product&#038;p=96176"},"modified":"2026-04-29T18:10:49","modified_gmt":"2026-04-29T16:10:49","slug":"tp-link-ub500-bluetooth-5-3-usb-adapter","status":"publish","type":"product","link":"https:\/\/www.heddata.se\/webbutik\/produkt\/tp-link-ub500-bluetooth-5-3-usb-adapter\/","title":{"rendered":"TP-Link UB500 Bluetooth 5.3 USB Adapter"},"content":{"rendered":"<h1 class=\"product-main-info-webtext1\"><span data-bind=\"text: webtext1\">TP-Link UB500 Bluetooth 5.3 USB Adapter<\/span><\/h1>\n<div class=\"row\">\n<div class=\"col-xs-12\">\n<ul>\n<li><span class=\"\"><strong class=\"\">Bluetooth 5.3<\/strong>\u00a0\u2013 Till\u00e4mpar den senaste Bluetooth 5.3-tekniken<\/span><\/li>\n<li><strong>Tr\u00e5dl\u00f6s anslutning<\/strong>\u00a0\u2013 Ger stabil och bekv\u00e4m kommunikation mellan Bluetooth-enheter och din PC eller b\u00e4rbara <a href=\"https:\/\/www.heddata.se\/webbutik\/datorer\/\">dator<\/a><\/li>\n<li><strong>Nanostorlek<\/strong>\u00a0\u2013 Ultraliten f\u00f6r bekv\u00e4m b\u00e4rbarhet med p\u00e5litlig h\u00f6g prestanda<\/li>\n<li><strong>Kompatibla operativsystem<\/strong>\u00a0\u2013 Windows 11\/10\/8.1\/7<\/li>\n<\/ul>\n<\/div>\n<\/div>\n<div class=\"row\">\n<div class=\"col-xs-12\">\n<h3>Bluetooth 5.3: H\u00f6gre hastigheter, l\u00e4ngre t\u00e4ckning<\/h3>\n<p><a href=\"https:\/\/www.tp-link.com\/nordic\/\" target=\"_blank\" rel=\"noopener\">UB500<\/a> utrustar din PC med mer avancerad Bluetooth 5.3-teknik som har \u00f6vergripande uppgraderingar j\u00e4mf\u00f6rt med \u00e4ldre versioner. Den k\u00f6r snabbare anslutningshastigheter och har l\u00e4ngre r\u00e4ckvidd \u00e4n Bluetooth 4.0-tekniken, vilket s\u00e4kerst\u00e4ller en stark och stabil tr\u00e5dl\u00f6s anslutning mellan din dator och dina Bluetooth-enheter. Anv\u00e4ndare drar ocks\u00e5 nytta av energibesparing och st\u00f6rre s\u00e4ndningskapacitet.*<\/p>\n<p><em>*Flera nya funktioner introduceras i Bluetooth Core Specification 5.0-releasen, inklusive 2\u00d7 snabbare hastighet och 4\u00d7 bredare t\u00e4ckning j\u00e4mf\u00f6rt med Bluetooth 4.<\/em><\/p>\n<p>&nbsp;<\/p>\n<\/div>\n<\/div>\n<div class=\"row\">\n<div class=\"col-xs-12\">\n<h3>Spela musik fr\u00e5n andra sidan rummet<\/h3>\n<p>Tack vare f\u00f6rb\u00e4ttringarna av Bluetooth har UB500 ett l\u00e4ngre \u00f6verf\u00f6ringsomr\u00e5de mellan enheter, som din musikspelare och PC. Med ett l\u00e4ngre \u00f6verf\u00f6ringsavst\u00e5nd kan du njuta av f\u00f6rlustfritt ljud via ditt Bluetooth-headset utan att beh\u00f6va h\u00e5lla dig runt din dator. Nu beh\u00f6ver du inte oroa dig f\u00f6r avst\u00e5ndet n\u00e4r du lyssnar p\u00e5 musik.<\/p>\n<h3>L\u00e4nka till din dator via Bluetooth<\/h3>\n<p>UB500 g\u00f6r icke-Bluetooth-datorer och b\u00e4rbara datorer Bluetooth-kompatibla. Bara anslut dina Bluetooth-enheter till din dator och njut av hur enkelt det \u00e4r. Den st\u00f6djer upp till 7 Bluetooth-enheter samtidigt med en kraftfull tr\u00e5dl\u00f6s anslutning. Du kan \u00f6verf\u00f6ra filer, musik och videor mellan dina Bluetooth-enheter och din PC med 2\u00d7 snabbare \u00f6verf\u00f6ringshastigheter.*<\/p>\n<p><em>*Hastighets-, avst\u00e5nds- och kapacitetsdata baseras p\u00e5 laboratorietester. Exakt prestanda kan variera vid faktisk anv\u00e4ndning.<\/em><\/p>\n<p>&nbsp;<\/p>\n<\/div>\n<\/div>\n<div class=\"row\">\n<div class=\"col-xs-12\">\n<h3>Nanostorlek \u2013 Koppla in och slappna av<\/h3>\n<p>En elegant, ultraliten design inneb\u00e4r att du kan s\u00e4tta in nanoadaptern i valfri USB-port och helt enkelt l\u00e4mna den d\u00e4r \u2013 oavsett om du \u00e4r p\u00e5 resa eller hemma.<\/p>\n<\/div>\n<\/div>\n","protected":false},"excerpt":{"rendered":"<h1 class=\"product-main-info-webtext1\"><span data-bind=\"text: webtext1\">TP-Link UB500 Bluetooth 5.3 USB Adapter<\/span><\/h1>\n","protected":false},"featured_media":96178,"template":"","meta":[],"product_brand":[],"product_cat":[65,3366],"product_tag":[],"class_list":{"0":"post-96176","1":"product","2":"type-product","3":"status-publish","4":"has-post-thumbnail","6":"product_cat-datorer-tillbehor","7":"product_cat-ovrigt-datortillbehor","9":"first","10":"instock","11":"taxable","12":"shipping-taxable","13":"purchasable","14":"product-type-simple"},"yoast_head":"<!-- This site is optimized with the Yoast SEO Premium plugin v26.7 (Yoast SEO v26.7) - https:\/\/yoast.com\/wordpress\/plugins\/seo\/ -->\n<title>TP-Link UB500 Bluetooth 5.3 USB Adapter<\/title>\n<meta name=\"description\" content=\"TP-Link UB500 Bluetooth 5.3 USB Adapter. Ger stabil och bekv\u00e4m kommunikation mellan Bluetooth-enheter och din PC eller b\u00e4rbara dator\" \/>\n<meta name=\"robots\" content=\"index, follow, max-snippet:-1, max-image-preview:large, max-video-preview:-1\" \/>\n<link rel=\"canonical\" href=\"https:\/\/www.heddata.se\/webbutik\/produkt\/tp-link-ub500-bluetooth-5-3-usb-adapter\/\" \/>\n<meta property=\"og:locale\" content=\"sv_SE\" \/>\n<meta property=\"og:type\" content=\"article\" \/>\n<meta property=\"og:title\" content=\"TP-Link UB500 Bluetooth 5.3 USB Adapter\" \/>\n<meta property=\"og:description\" content=\"TP-Link UB500 Bluetooth 5.3 USB Adapter. Ger stabil och bekv\u00e4m kommunikation mellan Bluetooth-enheter och din PC eller b\u00e4rbara dator\" \/>\n<meta property=\"og:url\" content=\"https:\/\/www.heddata.se\/webbutik\/produkt\/tp-link-ub500-bluetooth-5-3-usb-adapter\/\" \/>\n<meta property=\"og:site_name\" content=\"Datorer, Skrivare, F\u00e4rgpatroner, Mobiltelefoner\" \/>\n<meta property=\"article:modified_time\" content=\"2026-04-29T16:10:49+00:00\" \/>\n<meta property=\"og:image\" content=\"https:\/\/www.heddata.se\/webbutik\/wp-content\/uploads\/webbutik\/kategorier\/ovrigt-tillbehor\/ub500.jpeg\" \/>\n\t<meta property=\"og:image:width\" content=\"1223\" \/>\n\t<meta property=\"og:image:height\" content=\"1223\" \/>\n\t<meta property=\"og:image:type\" content=\"image\/jpeg\" \/>\n<meta name=\"twitter:card\" content=\"summary_large_image\" \/>\n<meta name=\"twitter:label1\" content=\"Ber\u00e4knad l\u00e4stid\" \/>\n\t<meta name=\"twitter:data1\" content=\"2 minuter\" \/>\n<script type=\"application\/ld+json\" class=\"yoast-schema-graph\">{\"@context\":\"https:\/\/schema.org\",\"@graph\":[{\"@type\":\"WebPage\",\"@id\":\"https:\/\/www.heddata.se\/webbutik\/produkt\/tp-link-ub500-bluetooth-5-3-usb-adapter\/\",\"url\":\"https:\/\/www.heddata.se\/webbutik\/produkt\/tp-link-ub500-bluetooth-5-3-usb-adapter\/\",\"name\":\"TP-Link UB500 Bluetooth 5.3 USB Adapter\",\"isPartOf\":{\"@id\":\"https:\/\/www.heddata.se\/webbutik\/#website\"},\"primaryImageOfPage\":{\"@id\":\"https:\/\/www.heddata.se\/webbutik\/produkt\/tp-link-ub500-bluetooth-5-3-usb-adapter\/#primaryimage\"},\"image\":{\"@id\":\"https:\/\/www.heddata.se\/webbutik\/produkt\/tp-link-ub500-bluetooth-5-3-usb-adapter\/#primaryimage\"},\"thumbnailUrl\":\"https:\/\/www.heddata.se\/webbutik\/wp-content\/uploads\/webbutik\/kategorier\/ovrigt-tillbehor\/ub500.jpeg\",\"datePublished\":\"2025-05-21T09:18:27+00:00\",\"dateModified\":\"2026-04-29T16:10:49+00:00\",\"description\":\"TP-Link UB500 Bluetooth 5.3 USB Adapter. Ger stabil och bekv\u00e4m kommunikation mellan Bluetooth-enheter och din PC eller b\u00e4rbara dator\",\"breadcrumb\":{\"@id\":\"https:\/\/www.heddata.se\/webbutik\/produkt\/tp-link-ub500-bluetooth-5-3-usb-adapter\/#breadcrumb\"},\"inLanguage\":\"sv-SE\",\"potentialAction\":[{\"@type\":\"ReadAction\",\"target\":[\"https:\/\/www.heddata.se\/webbutik\/produkt\/tp-link-ub500-bluetooth-5-3-usb-adapter\/\"]}]},{\"@type\":\"ImageObject\",\"inLanguage\":\"sv-SE\",\"@id\":\"https:\/\/www.heddata.se\/webbutik\/produkt\/tp-link-ub500-bluetooth-5-3-usb-adapter\/#primaryimage\",\"url\":\"https:\/\/www.heddata.se\/webbutik\/wp-content\/uploads\/webbutik\/kategorier\/ovrigt-tillbehor\/ub500.jpeg\",\"contentUrl\":\"https:\/\/www.heddata.se\/webbutik\/wp-content\/uploads\/webbutik\/kategorier\/ovrigt-tillbehor\/ub500.jpeg\",\"width\":1223,\"height\":1223,\"caption\":\"TP-Link UB500 Bluetooth\"},{\"@type\":\"BreadcrumbList\",\"@id\":\"https:\/\/www.heddata.se\/webbutik\/produkt\/tp-link-ub500-bluetooth-5-3-usb-adapter\/#breadcrumb\",\"itemListElement\":[{\"@type\":\"ListItem\",\"position\":1,\"name\":\"Hem\",\"item\":\"https:\/\/www.heddata.se\/webbutik\/\"},{\"@type\":\"ListItem\",\"position\":2,\"name\":\"Produkter\",\"item\":\"https:\/\/www.heddata.se\/webbutik\/shop\/\"},{\"@type\":\"ListItem\",\"position\":3,\"name\":\"TP-Link UB500 Bluetooth 5.3 USB Adapter\"}]},{\"@type\":\"WebSite\",\"@id\":\"https:\/\/www.heddata.se\/webbutik\/#website\",\"url\":\"https:\/\/www.heddata.se\/webbutik\/\",\"name\":\"Datorer, Skrivare, F\u00e4rgpatroner, Mobiltelefoner\",\"description\":\"Kablar\",\"publisher\":{\"@id\":\"https:\/\/www.heddata.se\/webbutik\/#organization\"},\"potentialAction\":[{\"@type\":\"SearchAction\",\"target\":{\"@type\":\"EntryPoint\",\"urlTemplate\":\"https:\/\/www.heddata.se\/webbutik\/?s={search_term_string}\"},\"query-input\":{\"@type\":\"PropertyValueSpecification\",\"valueRequired\":true,\"valueName\":\"search_term_string\"}}],\"inLanguage\":\"sv-SE\"},{\"@type\":\"Organization\",\"@id\":\"https:\/\/www.heddata.se\/webbutik\/#organization\",\"name\":\"Heddata AB\",\"url\":\"https:\/\/www.heddata.se\/webbutik\/\",\"logo\":{\"@type\":\"ImageObject\",\"inLanguage\":\"sv-SE\",\"@id\":\"https:\/\/www.heddata.se\/webbutik\/#\/schema\/logo\/image\/\",\"url\":\"https:\/\/www.heddata.se\/webbutik\/wp-content\/uploads\/logga\/heddata-ab-logga.png\",\"contentUrl\":\"https:\/\/www.heddata.se\/webbutik\/wp-content\/uploads\/logga\/heddata-ab-logga.png\",\"width\":200,\"height\":64,\"caption\":\"Heddata AB\"},\"image\":{\"@id\":\"https:\/\/www.heddata.se\/webbutik\/#\/schema\/logo\/image\/\"}}]}<\/script>\n<!-- \/ Yoast SEO Premium plugin. -->","yoast_head_json":{"title":"TP-Link UB500 Bluetooth 5.3 USB Adapter","description":"TP-Link UB500 Bluetooth 5.3 USB Adapter. Ger stabil och bekv\u00e4m kommunikation mellan Bluetooth-enheter och din PC eller b\u00e4rbara dator","robots":{"index":"index","follow":"follow","max-snippet":"max-snippet:-1","max-image-preview":"max-image-preview:large","max-video-preview":"max-video-preview:-1"},"canonical":"https:\/\/www.heddata.se\/webbutik\/produkt\/tp-link-ub500-bluetooth-5-3-usb-adapter\/","og_locale":"sv_SE","og_type":"article","og_title":"TP-Link UB500 Bluetooth 5.3 USB Adapter","og_description":"TP-Link UB500 Bluetooth 5.3 USB Adapter. Ger stabil och bekv\u00e4m kommunikation mellan Bluetooth-enheter och din PC eller b\u00e4rbara dator","og_url":"https:\/\/www.heddata.se\/webbutik\/produkt\/tp-link-ub500-bluetooth-5-3-usb-adapter\/","og_site_name":"Datorer, Skrivare, F\u00e4rgpatroner, Mobiltelefoner","article_modified_time":"2026-04-29T16:10:49+00:00","og_image":[{"width":1223,"height":1223,"url":"https:\/\/www.heddata.se\/webbutik\/wp-content\/uploads\/webbutik\/kategorier\/ovrigt-tillbehor\/ub500.jpeg","type":"image\/jpeg"}],"twitter_card":"summary_large_image","twitter_misc":{"Ber\u00e4knad l\u00e4stid":"2 minuter"},"schema":{"@context":"https:\/\/schema.org","@graph":[{"@type":"WebPage","@id":"https:\/\/www.heddata.se\/webbutik\/produkt\/tp-link-ub500-bluetooth-5-3-usb-adapter\/","url":"https:\/\/www.heddata.se\/webbutik\/produkt\/tp-link-ub500-bluetooth-5-3-usb-adapter\/","name":"TP-Link UB500 Bluetooth 5.3 USB Adapter","isPartOf":{"@id":"https:\/\/www.heddata.se\/webbutik\/#website"},"primaryImageOfPage":{"@id":"https:\/\/www.heddata.se\/webbutik\/produkt\/tp-link-ub500-bluetooth-5-3-usb-adapter\/#primaryimage"},"image":{"@id":"https:\/\/www.heddata.se\/webbutik\/produkt\/tp-link-ub500-bluetooth-5-3-usb-adapter\/#primaryimage"},"thumbnailUrl":"https:\/\/www.heddata.se\/webbutik\/wp-content\/uploads\/webbutik\/kategorier\/ovrigt-tillbehor\/ub500.jpeg","datePublished":"2025-05-21T09:18:27+00:00","dateModified":"2026-04-29T16:10:49+00:00","description":"TP-Link UB500 Bluetooth 5.3 USB Adapter. Ger stabil och bekv\u00e4m kommunikation mellan Bluetooth-enheter och din PC eller b\u00e4rbara dator","breadcrumb":{"@id":"https:\/\/www.heddata.se\/webbutik\/produkt\/tp-link-ub500-bluetooth-5-3-usb-adapter\/#breadcrumb"},"inLanguage":"sv-SE","potentialAction":[{"@type":"ReadAction","target":["https:\/\/www.heddata.se\/webbutik\/produkt\/tp-link-ub500-bluetooth-5-3-usb-adapter\/"]}]},{"@type":"ImageObject","inLanguage":"sv-SE","@id":"https:\/\/www.heddata.se\/webbutik\/produkt\/tp-link-ub500-bluetooth-5-3-usb-adapter\/#primaryimage","url":"https:\/\/www.heddata.se\/webbutik\/wp-content\/uploads\/webbutik\/kategorier\/ovrigt-tillbehor\/ub500.jpeg","contentUrl":"https:\/\/www.heddata.se\/webbutik\/wp-content\/uploads\/webbutik\/kategorier\/ovrigt-tillbehor\/ub500.jpeg","width":1223,"height":1223,"caption":"TP-Link UB500 Bluetooth"},{"@type":"BreadcrumbList","@id":"https:\/\/www.heddata.se\/webbutik\/produkt\/tp-link-ub500-bluetooth-5-3-usb-adapter\/#breadcrumb","itemListElement":[{"@type":"ListItem","position":1,"name":"Hem","item":"https:\/\/www.heddata.se\/webbutik\/"},{"@type":"ListItem","position":2,"name":"Produkter","item":"https:\/\/www.heddata.se\/webbutik\/shop\/"},{"@type":"ListItem","position":3,"name":"TP-Link UB500 Bluetooth 5.3 USB Adapter"}]},{"@type":"WebSite","@id":"https:\/\/www.heddata.se\/webbutik\/#website","url":"https:\/\/www.heddata.se\/webbutik\/","name":"Datorer, Skrivare, F\u00e4rgpatroner, Mobiltelefoner","description":"Kablar","publisher":{"@id":"https:\/\/www.heddata.se\/webbutik\/#organization"},"potentialAction":[{"@type":"SearchAction","target":{"@type":"EntryPoint","urlTemplate":"https:\/\/www.heddata.se\/webbutik\/?s={search_term_string}"},"query-input":{"@type":"PropertyValueSpecification","valueRequired":true,"valueName":"search_term_string"}}],"inLanguage":"sv-SE"},{"@type":"Organization","@id":"https:\/\/www.heddata.se\/webbutik\/#organization","name":"Heddata AB","url":"https:\/\/www.heddata.se\/webbutik\/","logo":{"@type":"ImageObject","inLanguage":"sv-SE","@id":"https:\/\/www.heddata.se\/webbutik\/#\/schema\/logo\/image\/","url":"https:\/\/www.heddata.se\/webbutik\/wp-content\/uploads\/logga\/heddata-ab-logga.png","contentUrl":"https:\/\/www.heddata.se\/webbutik\/wp-content\/uploads\/logga\/heddata-ab-logga.png","width":200,"height":64,"caption":"Heddata AB"},"image":{"@id":"https:\/\/www.heddata.se\/webbutik\/#\/schema\/logo\/image\/"}}]}},"_links":{"self":[{"href":"https:\/\/www.heddata.se\/webbutik\/wp-json\/wp\/v2\/product\/96176","targetHints":{"allow":["GET"]}}],"collection":[{"href":"https:\/\/www.heddata.se\/webbutik\/wp-json\/wp\/v2\/product"}],"about":[{"href":"https:\/\/www.heddata.se\/webbutik\/wp-json\/wp\/v2\/types\/product"}],"wp:featuredmedia":[{"embeddable":true,"href":"https:\/\/www.heddata.se\/webbutik\/wp-json\/wp\/v2\/media\/96178"}],"wp:attachment":[{"href":"https:\/\/www.heddata.se\/webbutik\/wp-json\/wp\/v2\/media?parent=96176"}],"wp:term":[{"taxonomy":"product_brand","embeddable":true,"href":"https:\/\/www.heddata.se\/webbutik\/wp-json\/wp\/v2\/product_brand?post=96176"},{"taxonomy":"product_cat","embeddable":true,"href":"https:\/\/www.heddata.se\/webbutik\/wp-json\/wp\/v2\/product_cat?post=96176"},{"taxonomy":"product_tag","embeddable":true,"href":"https:\/\/www.heddata.se\/webbutik\/wp-json\/wp\/v2\/product_tag?post=96176"}],"curies":[{"name":"wp","href":"https:\/\/api.w.org\/{rel}","templated":true}]}}