{"id":96164,"date":"2025-05-08T13:18:23","date_gmt":"2025-05-08T11:18:23","guid":{"rendered":"https:\/\/www.heddata.se\/webbutik\/?post_type=product&#038;p=96164"},"modified":"2026-05-04T18:10:20","modified_gmt":"2026-05-04T16:10:20","slug":"apple-airpods-4-tradlosa-horlurar-mxp63dn-a","status":"publish","type":"product","link":"https:\/\/www.heddata.se\/webbutik\/produkt\/apple-airpods-4-tradlosa-horlurar-mxp63dn-a\/","title":{"rendered":"Apple AirPods 4 tr\u00e5dl\u00f6sa h\u00f6rlurar &#8211; MXP63DN\/A"},"content":{"rendered":"<p>Apple AirPods 4 tr\u00e5dl\u00f6sa h\u00f6rlurar &#8211; MXP63DN\/A<\/p>\n<p>Apple AirPods (4th Gen).<\/p>\n<p>Upplev kraften i H2-chippet med de tr\u00e5dl\u00f6sa Apple AirPods 4. Med f\u00f6rb\u00e4ttrad ljudkvalitet som placerar dessa h\u00f6rlurar i toppklass f\u00e5r du en f\u00f6rstklassig ljudupplevelse. Funktioner som Personalized Spatial Audio, Dynamic Head Tracking och Adaptive EQ anpassar ljudet f\u00f6r just dig. AirPods 4 har en ny design med en otroligt bekv\u00e4m passform och b\u00e4ttre stabilitet. De har f\u00f6rfinade konturer, kortare skaft och snabbtryck f\u00f6r enkel kontroll av musik och <a href=\"https:\/\/www.heddata.se\/webbutik\/telefon-surfplattor\/mobiltelefoner\/\">samtal.<\/a> Njut av upp till 5 timmars lyssning p\u00e5 en enda laddning och upp till 30 timmars total lyssning med laddningsetuiet.<\/p>\n<table class=\"TeknSpec_Tabell\">\n<tbody>\n<tr>\n<td class=\"TeknSpec_Rad1_Vanster\">Aktiv bruserducering:<\/td>\n<td class=\"TeknSpec_Rad1_Hoger\"><span data-id=\"field-53\">Nej<\/span><\/td>\n<\/tr>\n<tr>\n<td class=\"TeknSpec_Rad2_Vanster\">Dataanslutning:<\/td>\n<td class=\"TeknSpec_Rad2_Hoger\"><span data-id=\"field-15\">USB-C<\/span><\/td>\n<\/tr>\n<tr>\n<td class=\"TeknSpec_Rad1_Vanster\">Garanti (\u00e5r):<\/td>\n<td class=\"TeknSpec_Rad1_Hoger\"><span data-id=\"field-34\">1<\/span><\/td>\n<\/tr>\n<tr>\n<td class=\"TeknSpec_Rad2_Vanster\">H\u00f6rlursdesign:<\/td>\n<td class=\"TeknSpec_Rad2_Hoger\"><span data-id=\"field-55\">In-ear<\/span><\/td>\n<\/tr>\n<tr>\n<td class=\"TeknSpec_Rad2_Vanster\">Modellserie:<\/td>\n<td class=\"TeknSpec_Rad2_Hoger\"><span data-id=\"field-11\">Airpods 4<\/span><\/td>\n<\/tr>\n<tr>\n<td class=\"TeknSpec_Rad1_Vanster\">Tillbeh\u00f6rstyp:<\/td>\n<td class=\"TeknSpec_Rad1_Hoger\"><span data-id=\"field-42\">H\u00f6rlurar<\/span><\/td>\n<\/tr>\n<tr>\n<td class=\"TeknSpec_Rad2_Vanster\">Tillverkare (malldel):<\/td>\n<td class=\"TeknSpec_Rad2_Hoger\"><a href=\"https:\/\/www.apple.com\/se\/\" target=\"_blank\" rel=\"noopener\"><span data-id=\"field-29\">Apple<\/span><\/a><\/td>\n<\/tr>\n<tr>\n<td class=\"TeknSpec_Rad1_Vanster\">Tr\u00e5dl\u00f6s:<\/td>\n<td class=\"TeknSpec_Rad1_Hoger\"><span data-id=\"field-56\">Ja<\/span><\/td>\n<\/tr>\n<tr>\n<td class=\"TeknSpec_Rad2_Vanster\">Tr\u00e5dl\u00f6s laddning (Qi):<\/td>\n<td class=\"TeknSpec_Rad2_Hoger\"><span data-id=\"field-30\">Nej<\/span><\/td>\n<\/tr>\n<tr>\n<td class=\"TeknSpec_Rad1_Vanster\">Vattent\u00e5lig:<\/td>\n<td class=\"TeknSpec_Rad1_Hoger\"><span data-id=\"field-32\">IP54<\/span><\/td>\n<\/tr>\n<\/tbody>\n<\/table>\n","protected":false},"excerpt":{"rendered":"<p>Apple AirPods 4 tr\u00e5dl\u00f6sa h\u00f6rlurar &#8211; MXP63DN\/A<\/p>\n","protected":false},"featured_media":96166,"template":"","meta":[],"product_brand":[],"product_cat":[128,126,119],"product_tag":[],"class_list":{"0":"post-96164","1":"product","2":"type-product","3":"status-publish","4":"has-post-thumbnail","6":"product_cat-headset-horlurar-med-bluetooth","7":"product_cat-headset-horlurar-med-mikrofon","8":"product_cat-horlurar-headset","10":"first","11":"instock","12":"taxable","13":"shipping-taxable","14":"purchasable","15":"product-type-simple"},"yoast_head":"<!-- This site is optimized with the Yoast SEO Premium plugin v26.7 (Yoast SEO v26.7) - https:\/\/yoast.com\/wordpress\/plugins\/seo\/ -->\n<title>Apple AirPods 4 tr\u00e5dl\u00f6sa h\u00f6rlurar - MXP63DN\/A<\/title>\n<meta name=\"description\" content=\"Apple AirPods 4 tr\u00e5dl\u00f6sa h\u00f6rlurar - MXP63DN\/A. Med f\u00f6rb\u00e4ttrad ljudkvalitet som placerar dessa h\u00f6rlurar i toppklass f\u00e5r du en f\u00f6rstklassig ljudupplevelse.\" \/>\n<meta name=\"robots\" content=\"index, follow, max-snippet:-1, max-image-preview:large, max-video-preview:-1\" \/>\n<link rel=\"canonical\" href=\"https:\/\/www.heddata.se\/webbutik\/produkt\/apple-airpods-4-tradlosa-horlurar-mxp63dn-a\/\" \/>\n<meta property=\"og:locale\" content=\"sv_SE\" \/>\n<meta property=\"og:type\" content=\"article\" \/>\n<meta property=\"og:title\" content=\"Apple AirPods 4 tr\u00e5dl\u00f6sa h\u00f6rlurar - MXP63DN\/A\" \/>\n<meta property=\"og:description\" content=\"Apple AirPods 4 tr\u00e5dl\u00f6sa h\u00f6rlurar - MXP63DN\/A. Med f\u00f6rb\u00e4ttrad ljudkvalitet som placerar dessa h\u00f6rlurar i toppklass f\u00e5r du en f\u00f6rstklassig ljudupplevelse.\" \/>\n<meta property=\"og:url\" content=\"https:\/\/www.heddata.se\/webbutik\/produkt\/apple-airpods-4-tradlosa-horlurar-mxp63dn-a\/\" \/>\n<meta property=\"og:site_name\" content=\"Datorer, Skrivare, F\u00e4rgpatroner, Mobiltelefoner\" \/>\n<meta property=\"article:modified_time\" content=\"2026-05-04T16:10:20+00:00\" \/>\n<meta property=\"og:image\" content=\"https:\/\/www.heddata.se\/webbutik\/wp-content\/uploads\/webbutik\/kategorier\/horlurar\/mxp63dn.jpg\" \/>\n\t<meta property=\"og:image:width\" content=\"1080\" \/>\n\t<meta property=\"og:image:height\" content=\"1080\" \/>\n\t<meta property=\"og:image:type\" content=\"image\/jpeg\" \/>\n<meta name=\"twitter:card\" content=\"summary_large_image\" \/>\n<meta name=\"twitter:label1\" content=\"Ber\u00e4knad l\u00e4stid\" \/>\n\t<meta name=\"twitter:data1\" content=\"1 minut\" \/>\n<script type=\"application\/ld+json\" class=\"yoast-schema-graph\">{\"@context\":\"https:\/\/schema.org\",\"@graph\":[{\"@type\":\"WebPage\",\"@id\":\"https:\/\/www.heddata.se\/webbutik\/produkt\/apple-airpods-4-tradlosa-horlurar-mxp63dn-a\/\",\"url\":\"https:\/\/www.heddata.se\/webbutik\/produkt\/apple-airpods-4-tradlosa-horlurar-mxp63dn-a\/\",\"name\":\"Apple AirPods 4 tr\u00e5dl\u00f6sa h\u00f6rlurar - MXP63DN\/A\",\"isPartOf\":{\"@id\":\"https:\/\/www.heddata.se\/webbutik\/#website\"},\"primaryImageOfPage\":{\"@id\":\"https:\/\/www.heddata.se\/webbutik\/produkt\/apple-airpods-4-tradlosa-horlurar-mxp63dn-a\/#primaryimage\"},\"image\":{\"@id\":\"https:\/\/www.heddata.se\/webbutik\/produkt\/apple-airpods-4-tradlosa-horlurar-mxp63dn-a\/#primaryimage\"},\"thumbnailUrl\":\"https:\/\/www.heddata.se\/webbutik\/wp-content\/uploads\/webbutik\/kategorier\/horlurar\/mxp63dn.jpg\",\"datePublished\":\"2025-05-08T11:18:23+00:00\",\"dateModified\":\"2026-05-04T16:10:20+00:00\",\"description\":\"Apple AirPods 4 tr\u00e5dl\u00f6sa h\u00f6rlurar - MXP63DN\/A. Med f\u00f6rb\u00e4ttrad ljudkvalitet som placerar dessa h\u00f6rlurar i toppklass f\u00e5r du en f\u00f6rstklassig ljudupplevelse.\",\"breadcrumb\":{\"@id\":\"https:\/\/www.heddata.se\/webbutik\/produkt\/apple-airpods-4-tradlosa-horlurar-mxp63dn-a\/#breadcrumb\"},\"inLanguage\":\"sv-SE\",\"potentialAction\":[{\"@type\":\"ReadAction\",\"target\":[\"https:\/\/www.heddata.se\/webbutik\/produkt\/apple-airpods-4-tradlosa-horlurar-mxp63dn-a\/\"]}]},{\"@type\":\"ImageObject\",\"inLanguage\":\"sv-SE\",\"@id\":\"https:\/\/www.heddata.se\/webbutik\/produkt\/apple-airpods-4-tradlosa-horlurar-mxp63dn-a\/#primaryimage\",\"url\":\"https:\/\/www.heddata.se\/webbutik\/wp-content\/uploads\/webbutik\/kategorier\/horlurar\/mxp63dn.jpg\",\"contentUrl\":\"https:\/\/www.heddata.se\/webbutik\/wp-content\/uploads\/webbutik\/kategorier\/horlurar\/mxp63dn.jpg\",\"width\":1080,\"height\":1080,\"caption\":\"Apple AirPods 4 tr\u00e5dl\u00f6sa\"},{\"@type\":\"BreadcrumbList\",\"@id\":\"https:\/\/www.heddata.se\/webbutik\/produkt\/apple-airpods-4-tradlosa-horlurar-mxp63dn-a\/#breadcrumb\",\"itemListElement\":[{\"@type\":\"ListItem\",\"position\":1,\"name\":\"Hem\",\"item\":\"https:\/\/www.heddata.se\/webbutik\/\"},{\"@type\":\"ListItem\",\"position\":2,\"name\":\"Produkter\",\"item\":\"https:\/\/www.heddata.se\/webbutik\/shop\/\"},{\"@type\":\"ListItem\",\"position\":3,\"name\":\"Apple AirPods 4 tr\u00e5dl\u00f6sa h\u00f6rlurar &#8211; MXP63DN\/A\"}]},{\"@type\":\"WebSite\",\"@id\":\"https:\/\/www.heddata.se\/webbutik\/#website\",\"url\":\"https:\/\/www.heddata.se\/webbutik\/\",\"name\":\"Datorer, Skrivare, F\u00e4rgpatroner, Mobiltelefoner\",\"description\":\"Kablar\",\"publisher\":{\"@id\":\"https:\/\/www.heddata.se\/webbutik\/#organization\"},\"potentialAction\":[{\"@type\":\"SearchAction\",\"target\":{\"@type\":\"EntryPoint\",\"urlTemplate\":\"https:\/\/www.heddata.se\/webbutik\/?s={search_term_string}\"},\"query-input\":{\"@type\":\"PropertyValueSpecification\",\"valueRequired\":true,\"valueName\":\"search_term_string\"}}],\"inLanguage\":\"sv-SE\"},{\"@type\":\"Organization\",\"@id\":\"https:\/\/www.heddata.se\/webbutik\/#organization\",\"name\":\"Heddata AB\",\"url\":\"https:\/\/www.heddata.se\/webbutik\/\",\"logo\":{\"@type\":\"ImageObject\",\"inLanguage\":\"sv-SE\",\"@id\":\"https:\/\/www.heddata.se\/webbutik\/#\/schema\/logo\/image\/\",\"url\":\"https:\/\/www.heddata.se\/webbutik\/wp-content\/uploads\/logga\/heddata-ab-logga.png\",\"contentUrl\":\"https:\/\/www.heddata.se\/webbutik\/wp-content\/uploads\/logga\/heddata-ab-logga.png\",\"width\":200,\"height\":64,\"caption\":\"Heddata AB\"},\"image\":{\"@id\":\"https:\/\/www.heddata.se\/webbutik\/#\/schema\/logo\/image\/\"}}]}<\/script>\n<!-- \/ Yoast SEO Premium plugin. -->","yoast_head_json":{"title":"Apple AirPods 4 tr\u00e5dl\u00f6sa h\u00f6rlurar - MXP63DN\/A","description":"Apple AirPods 4 tr\u00e5dl\u00f6sa h\u00f6rlurar - MXP63DN\/A. Med f\u00f6rb\u00e4ttrad ljudkvalitet som placerar dessa h\u00f6rlurar i toppklass f\u00e5r du en f\u00f6rstklassig ljudupplevelse.","robots":{"index":"index","follow":"follow","max-snippet":"max-snippet:-1","max-image-preview":"max-image-preview:large","max-video-preview":"max-video-preview:-1"},"canonical":"https:\/\/www.heddata.se\/webbutik\/produkt\/apple-airpods-4-tradlosa-horlurar-mxp63dn-a\/","og_locale":"sv_SE","og_type":"article","og_title":"Apple AirPods 4 tr\u00e5dl\u00f6sa h\u00f6rlurar - MXP63DN\/A","og_description":"Apple AirPods 4 tr\u00e5dl\u00f6sa h\u00f6rlurar - MXP63DN\/A. Med f\u00f6rb\u00e4ttrad ljudkvalitet som placerar dessa h\u00f6rlurar i toppklass f\u00e5r du en f\u00f6rstklassig ljudupplevelse.","og_url":"https:\/\/www.heddata.se\/webbutik\/produkt\/apple-airpods-4-tradlosa-horlurar-mxp63dn-a\/","og_site_name":"Datorer, Skrivare, F\u00e4rgpatroner, Mobiltelefoner","article_modified_time":"2026-05-04T16:10:20+00:00","og_image":[{"width":1080,"height":1080,"url":"https:\/\/www.heddata.se\/webbutik\/wp-content\/uploads\/webbutik\/kategorier\/horlurar\/mxp63dn.jpg","type":"image\/jpeg"}],"twitter_card":"summary_large_image","twitter_misc":{"Ber\u00e4knad l\u00e4stid":"1 minut"},"schema":{"@context":"https:\/\/schema.org","@graph":[{"@type":"WebPage","@id":"https:\/\/www.heddata.se\/webbutik\/produkt\/apple-airpods-4-tradlosa-horlurar-mxp63dn-a\/","url":"https:\/\/www.heddata.se\/webbutik\/produkt\/apple-airpods-4-tradlosa-horlurar-mxp63dn-a\/","name":"Apple AirPods 4 tr\u00e5dl\u00f6sa h\u00f6rlurar - MXP63DN\/A","isPartOf":{"@id":"https:\/\/www.heddata.se\/webbutik\/#website"},"primaryImageOfPage":{"@id":"https:\/\/www.heddata.se\/webbutik\/produkt\/apple-airpods-4-tradlosa-horlurar-mxp63dn-a\/#primaryimage"},"image":{"@id":"https:\/\/www.heddata.se\/webbutik\/produkt\/apple-airpods-4-tradlosa-horlurar-mxp63dn-a\/#primaryimage"},"thumbnailUrl":"https:\/\/www.heddata.se\/webbutik\/wp-content\/uploads\/webbutik\/kategorier\/horlurar\/mxp63dn.jpg","datePublished":"2025-05-08T11:18:23+00:00","dateModified":"2026-05-04T16:10:20+00:00","description":"Apple AirPods 4 tr\u00e5dl\u00f6sa h\u00f6rlurar - MXP63DN\/A. Med f\u00f6rb\u00e4ttrad ljudkvalitet som placerar dessa h\u00f6rlurar i toppklass f\u00e5r du en f\u00f6rstklassig ljudupplevelse.","breadcrumb":{"@id":"https:\/\/www.heddata.se\/webbutik\/produkt\/apple-airpods-4-tradlosa-horlurar-mxp63dn-a\/#breadcrumb"},"inLanguage":"sv-SE","potentialAction":[{"@type":"ReadAction","target":["https:\/\/www.heddata.se\/webbutik\/produkt\/apple-airpods-4-tradlosa-horlurar-mxp63dn-a\/"]}]},{"@type":"ImageObject","inLanguage":"sv-SE","@id":"https:\/\/www.heddata.se\/webbutik\/produkt\/apple-airpods-4-tradlosa-horlurar-mxp63dn-a\/#primaryimage","url":"https:\/\/www.heddata.se\/webbutik\/wp-content\/uploads\/webbutik\/kategorier\/horlurar\/mxp63dn.jpg","contentUrl":"https:\/\/www.heddata.se\/webbutik\/wp-content\/uploads\/webbutik\/kategorier\/horlurar\/mxp63dn.jpg","width":1080,"height":1080,"caption":"Apple AirPods 4 tr\u00e5dl\u00f6sa"},{"@type":"BreadcrumbList","@id":"https:\/\/www.heddata.se\/webbutik\/produkt\/apple-airpods-4-tradlosa-horlurar-mxp63dn-a\/#breadcrumb","itemListElement":[{"@type":"ListItem","position":1,"name":"Hem","item":"https:\/\/www.heddata.se\/webbutik\/"},{"@type":"ListItem","position":2,"name":"Produkter","item":"https:\/\/www.heddata.se\/webbutik\/shop\/"},{"@type":"ListItem","position":3,"name":"Apple AirPods 4 tr\u00e5dl\u00f6sa h\u00f6rlurar &#8211; MXP63DN\/A"}]},{"@type":"WebSite","@id":"https:\/\/www.heddata.se\/webbutik\/#website","url":"https:\/\/www.heddata.se\/webbutik\/","name":"Datorer, Skrivare, F\u00e4rgpatroner, Mobiltelefoner","description":"Kablar","publisher":{"@id":"https:\/\/www.heddata.se\/webbutik\/#organization"},"potentialAction":[{"@type":"SearchAction","target":{"@type":"EntryPoint","urlTemplate":"https:\/\/www.heddata.se\/webbutik\/?s={search_term_string}"},"query-input":{"@type":"PropertyValueSpecification","valueRequired":true,"valueName":"search_term_string"}}],"inLanguage":"sv-SE"},{"@type":"Organization","@id":"https:\/\/www.heddata.se\/webbutik\/#organization","name":"Heddata AB","url":"https:\/\/www.heddata.se\/webbutik\/","logo":{"@type":"ImageObject","inLanguage":"sv-SE","@id":"https:\/\/www.heddata.se\/webbutik\/#\/schema\/logo\/image\/","url":"https:\/\/www.heddata.se\/webbutik\/wp-content\/uploads\/logga\/heddata-ab-logga.png","contentUrl":"https:\/\/www.heddata.se\/webbutik\/wp-content\/uploads\/logga\/heddata-ab-logga.png","width":200,"height":64,"caption":"Heddata AB"},"image":{"@id":"https:\/\/www.heddata.se\/webbutik\/#\/schema\/logo\/image\/"}}]}},"_links":{"self":[{"href":"https:\/\/www.heddata.se\/webbutik\/wp-json\/wp\/v2\/product\/96164","targetHints":{"allow":["GET"]}}],"collection":[{"href":"https:\/\/www.heddata.se\/webbutik\/wp-json\/wp\/v2\/product"}],"about":[{"href":"https:\/\/www.heddata.se\/webbutik\/wp-json\/wp\/v2\/types\/product"}],"wp:featuredmedia":[{"embeddable":true,"href":"https:\/\/www.heddata.se\/webbutik\/wp-json\/wp\/v2\/media\/96166"}],"wp:attachment":[{"href":"https:\/\/www.heddata.se\/webbutik\/wp-json\/wp\/v2\/media?parent=96164"}],"wp:term":[{"taxonomy":"product_brand","embeddable":true,"href":"https:\/\/www.heddata.se\/webbutik\/wp-json\/wp\/v2\/product_brand?post=96164"},{"taxonomy":"product_cat","embeddable":true,"href":"https:\/\/www.heddata.se\/webbutik\/wp-json\/wp\/v2\/product_cat?post=96164"},{"taxonomy":"product_tag","embeddable":true,"href":"https:\/\/www.heddata.se\/webbutik\/wp-json\/wp\/v2\/product_tag?post=96164"}],"curies":[{"name":"wp","href":"https:\/\/api.w.org\/{rel}","templated":true}]}}