{"id":96157,"date":"2025-05-08T12:18:25","date_gmt":"2025-05-08T10:18:25","guid":{"rendered":"https:\/\/www.heddata.se\/webbutik\/?post_type=product&#038;p=96157"},"modified":"2026-04-09T10:12:21","modified_gmt":"2026-04-09T08:12:21","slug":"kingston-canvas-select-plus-microsdxc-256gb-100mb-s-sdcs2-256gb","status":"publish","type":"product","link":"https:\/\/www.heddata.se\/webbutik\/produkt\/kingston-canvas-select-plus-microsdxc-256gb-100mb-s-sdcs2-256gb\/","title":{"rendered":"Kingston Canvas Select Plus microSDXC 256GB 100MB\/s- SDCS2\/256GB"},"content":{"rendered":"<p>Kingston Canvas Select Plus microSDXC 256GB 100MB\/s- SDCS2\/256GB<\/p>\n<p><a href=\"https:\/\/www.kingston.com\/en\" target=\"_blank\" rel=\"noopener\">Kingston<\/a> Canvas Select Plus 256GB MicroSD W\/a \u00e4r en h\u00f6gpresterande lagringsl\u00f6sning designad f\u00f6r anv\u00e4ndare som beh\u00f6ver p\u00e5litlig och snabb datalagring p\u00e5 spr\u00e5ng. Med en kapacitet p\u00e5 256GB och klass 10-betyg erbjuder detta MicroSDXC-kort smidig videoinspelning och snabba fil\u00f6verf\u00f6ringar tack vare sitt UHS-I-gr\u00e4nssnitt, med en l\u00e4shastighet p\u00e5 100MB\/s och skrivhastighet p\u00e5 85MB\/s. Dess robusta skyddsfunktioner\u2014inklusive r\u00f6ntgenbest\u00e4ndighet, vibrationsbest\u00e4ndighet och st\u00f6tmotst\u00e5nd\u2014s\u00e4kerst\u00e4ller datas\u00e4kerhet i olika milj\u00f6er, vilket g\u00f6r det v\u00e4l l\u00e4mpat f\u00f6r <a href=\"https:\/\/www.heddata.se\/webbutik\/telefon-surfplattor\/mobiltelefoner\/\">Android-enheter<\/a> och vardagliga mobila applikationer.<\/p>\n","protected":false},"excerpt":{"rendered":"<p>Kingston Canvas Select Plus microSDXC 256GB 100MB\/s- SDCS2\/256GB<\/p>\n","protected":false},"featured_media":96162,"template":"","meta":[],"product_brand":[],"product_cat":[64,108],"product_tag":[],"class_list":{"0":"post-96157","1":"product","2":"type-product","3":"status-publish","4":"has-post-thumbnail","6":"product_cat-lagring","7":"product_cat-minneskort","9":"first","10":"instock","11":"taxable","12":"shipping-taxable","13":"purchasable","14":"product-type-simple"},"yoast_head":"<!-- This site is optimized with the Yoast SEO Premium plugin v26.7 (Yoast SEO v26.7) - https:\/\/yoast.com\/wordpress\/plugins\/seo\/ -->\n<title>Kingston Canvas Select Plus microSDXC 256GB 100MB\/s<\/title>\n<meta name=\"description\" content=\"Kingston Canvas Select Plus microSDXC 256GB 100MB\/s- SDCS2\/256GB \u00e4r en h\u00f6gpresterande lagringsl\u00f6sning f\u00f6r p\u00e5litlig och snabb datalagring p\u00e5 spr\u00e5ng\" \/>\n<meta name=\"robots\" content=\"index, follow, max-snippet:-1, max-image-preview:large, max-video-preview:-1\" \/>\n<link rel=\"canonical\" href=\"https:\/\/www.heddata.se\/webbutik\/produkt\/kingston-canvas-select-plus-microsdxc-256gb-100mb-s-sdcs2-256gb\/\" \/>\n<meta property=\"og:locale\" content=\"sv_SE\" \/>\n<meta property=\"og:type\" content=\"article\" \/>\n<meta property=\"og:title\" content=\"Kingston Canvas Select Plus microSDXC 256GB 100MB\/s- SDCS2\/256GB\" \/>\n<meta property=\"og:description\" content=\"Kingston Canvas Select Plus microSDXC 256GB 100MB\/s- SDCS2\/256GB \u00e4r en h\u00f6gpresterande lagringsl\u00f6sning f\u00f6r p\u00e5litlig och snabb datalagring p\u00e5 spr\u00e5ng\" \/>\n<meta property=\"og:url\" content=\"https:\/\/www.heddata.se\/webbutik\/produkt\/kingston-canvas-select-plus-microsdxc-256gb-100mb-s-sdcs2-256gb\/\" \/>\n<meta property=\"og:site_name\" content=\"Datorer, Skrivare, F\u00e4rgpatroner, Mobiltelefoner\" \/>\n<meta property=\"article:modified_time\" content=\"2026-04-09T08:12:21+00:00\" \/>\n<meta property=\"og:image\" content=\"https:\/\/www.heddata.se\/webbutik\/wp-content\/uploads\/webbutik\/kategorier\/lagring\/sdcs2256gb.jpg\" \/>\n\t<meta property=\"og:image:width\" content=\"800\" \/>\n\t<meta property=\"og:image:height\" content=\"800\" \/>\n\t<meta property=\"og:image:type\" content=\"image\/jpeg\" \/>\n<meta name=\"twitter:card\" content=\"summary_large_image\" \/>\n<meta name=\"twitter:label1\" content=\"Ber\u00e4knad l\u00e4stid\" \/>\n\t<meta name=\"twitter:data1\" content=\"1 minut\" \/>\n<script type=\"application\/ld+json\" class=\"yoast-schema-graph\">{\"@context\":\"https:\/\/schema.org\",\"@graph\":[{\"@type\":\"WebPage\",\"@id\":\"https:\/\/www.heddata.se\/webbutik\/produkt\/kingston-canvas-select-plus-microsdxc-256gb-100mb-s-sdcs2-256gb\/\",\"url\":\"https:\/\/www.heddata.se\/webbutik\/produkt\/kingston-canvas-select-plus-microsdxc-256gb-100mb-s-sdcs2-256gb\/\",\"name\":\"Kingston Canvas Select Plus microSDXC 256GB 100MB\/s\",\"isPartOf\":{\"@id\":\"https:\/\/www.heddata.se\/webbutik\/#website\"},\"primaryImageOfPage\":{\"@id\":\"https:\/\/www.heddata.se\/webbutik\/produkt\/kingston-canvas-select-plus-microsdxc-256gb-100mb-s-sdcs2-256gb\/#primaryimage\"},\"image\":{\"@id\":\"https:\/\/www.heddata.se\/webbutik\/produkt\/kingston-canvas-select-plus-microsdxc-256gb-100mb-s-sdcs2-256gb\/#primaryimage\"},\"thumbnailUrl\":\"https:\/\/www.heddata.se\/webbutik\/wp-content\/uploads\/webbutik\/kategorier\/lagring\/sdcs2256gb.jpg\",\"datePublished\":\"2025-05-08T10:18:25+00:00\",\"dateModified\":\"2026-04-09T08:12:21+00:00\",\"description\":\"Kingston Canvas Select Plus microSDXC 256GB 100MB\/s- SDCS2\/256GB \u00e4r en h\u00f6gpresterande lagringsl\u00f6sning f\u00f6r p\u00e5litlig och snabb datalagring p\u00e5 spr\u00e5ng\",\"breadcrumb\":{\"@id\":\"https:\/\/www.heddata.se\/webbutik\/produkt\/kingston-canvas-select-plus-microsdxc-256gb-100mb-s-sdcs2-256gb\/#breadcrumb\"},\"inLanguage\":\"sv-SE\",\"potentialAction\":[{\"@type\":\"ReadAction\",\"target\":[\"https:\/\/www.heddata.se\/webbutik\/produkt\/kingston-canvas-select-plus-microsdxc-256gb-100mb-s-sdcs2-256gb\/\"]}]},{\"@type\":\"ImageObject\",\"inLanguage\":\"sv-SE\",\"@id\":\"https:\/\/www.heddata.se\/webbutik\/produkt\/kingston-canvas-select-plus-microsdxc-256gb-100mb-s-sdcs2-256gb\/#primaryimage\",\"url\":\"https:\/\/www.heddata.se\/webbutik\/wp-content\/uploads\/webbutik\/kategorier\/lagring\/sdcs2256gb.jpg\",\"contentUrl\":\"https:\/\/www.heddata.se\/webbutik\/wp-content\/uploads\/webbutik\/kategorier\/lagring\/sdcs2256gb.jpg\",\"width\":800,\"height\":800,\"caption\":\"Kingston Canvas Select Plus\"},{\"@type\":\"BreadcrumbList\",\"@id\":\"https:\/\/www.heddata.se\/webbutik\/produkt\/kingston-canvas-select-plus-microsdxc-256gb-100mb-s-sdcs2-256gb\/#breadcrumb\",\"itemListElement\":[{\"@type\":\"ListItem\",\"position\":1,\"name\":\"Hem\",\"item\":\"https:\/\/www.heddata.se\/webbutik\/\"},{\"@type\":\"ListItem\",\"position\":2,\"name\":\"Produkter\",\"item\":\"https:\/\/www.heddata.se\/webbutik\/shop\/\"},{\"@type\":\"ListItem\",\"position\":3,\"name\":\"Kingston Canvas Select Plus microSDXC 256GB 100MB\/s- SDCS2\/256GB\"}]},{\"@type\":\"WebSite\",\"@id\":\"https:\/\/www.heddata.se\/webbutik\/#website\",\"url\":\"https:\/\/www.heddata.se\/webbutik\/\",\"name\":\"Datorer, Skrivare, F\u00e4rgpatroner, Mobiltelefoner\",\"description\":\"Kablar\",\"publisher\":{\"@id\":\"https:\/\/www.heddata.se\/webbutik\/#organization\"},\"potentialAction\":[{\"@type\":\"SearchAction\",\"target\":{\"@type\":\"EntryPoint\",\"urlTemplate\":\"https:\/\/www.heddata.se\/webbutik\/?s={search_term_string}\"},\"query-input\":{\"@type\":\"PropertyValueSpecification\",\"valueRequired\":true,\"valueName\":\"search_term_string\"}}],\"inLanguage\":\"sv-SE\"},{\"@type\":\"Organization\",\"@id\":\"https:\/\/www.heddata.se\/webbutik\/#organization\",\"name\":\"Heddata AB\",\"url\":\"https:\/\/www.heddata.se\/webbutik\/\",\"logo\":{\"@type\":\"ImageObject\",\"inLanguage\":\"sv-SE\",\"@id\":\"https:\/\/www.heddata.se\/webbutik\/#\/schema\/logo\/image\/\",\"url\":\"https:\/\/www.heddata.se\/webbutik\/wp-content\/uploads\/logga\/heddata-ab-logga.png\",\"contentUrl\":\"https:\/\/www.heddata.se\/webbutik\/wp-content\/uploads\/logga\/heddata-ab-logga.png\",\"width\":200,\"height\":64,\"caption\":\"Heddata AB\"},\"image\":{\"@id\":\"https:\/\/www.heddata.se\/webbutik\/#\/schema\/logo\/image\/\"}}]}<\/script>\n<!-- \/ Yoast SEO Premium plugin. -->","yoast_head_json":{"title":"Kingston Canvas Select Plus microSDXC 256GB 100MB\/s","description":"Kingston Canvas Select Plus microSDXC 256GB 100MB\/s- SDCS2\/256GB \u00e4r en h\u00f6gpresterande lagringsl\u00f6sning f\u00f6r p\u00e5litlig och snabb datalagring p\u00e5 spr\u00e5ng","robots":{"index":"index","follow":"follow","max-snippet":"max-snippet:-1","max-image-preview":"max-image-preview:large","max-video-preview":"max-video-preview:-1"},"canonical":"https:\/\/www.heddata.se\/webbutik\/produkt\/kingston-canvas-select-plus-microsdxc-256gb-100mb-s-sdcs2-256gb\/","og_locale":"sv_SE","og_type":"article","og_title":"Kingston Canvas Select Plus microSDXC 256GB 100MB\/s- SDCS2\/256GB","og_description":"Kingston Canvas Select Plus microSDXC 256GB 100MB\/s- SDCS2\/256GB \u00e4r en h\u00f6gpresterande lagringsl\u00f6sning f\u00f6r p\u00e5litlig och snabb datalagring p\u00e5 spr\u00e5ng","og_url":"https:\/\/www.heddata.se\/webbutik\/produkt\/kingston-canvas-select-plus-microsdxc-256gb-100mb-s-sdcs2-256gb\/","og_site_name":"Datorer, Skrivare, F\u00e4rgpatroner, Mobiltelefoner","article_modified_time":"2026-04-09T08:12:21+00:00","og_image":[{"width":800,"height":800,"url":"https:\/\/www.heddata.se\/webbutik\/wp-content\/uploads\/webbutik\/kategorier\/lagring\/sdcs2256gb.jpg","type":"image\/jpeg"}],"twitter_card":"summary_large_image","twitter_misc":{"Ber\u00e4knad l\u00e4stid":"1 minut"},"schema":{"@context":"https:\/\/schema.org","@graph":[{"@type":"WebPage","@id":"https:\/\/www.heddata.se\/webbutik\/produkt\/kingston-canvas-select-plus-microsdxc-256gb-100mb-s-sdcs2-256gb\/","url":"https:\/\/www.heddata.se\/webbutik\/produkt\/kingston-canvas-select-plus-microsdxc-256gb-100mb-s-sdcs2-256gb\/","name":"Kingston Canvas Select Plus microSDXC 256GB 100MB\/s","isPartOf":{"@id":"https:\/\/www.heddata.se\/webbutik\/#website"},"primaryImageOfPage":{"@id":"https:\/\/www.heddata.se\/webbutik\/produkt\/kingston-canvas-select-plus-microsdxc-256gb-100mb-s-sdcs2-256gb\/#primaryimage"},"image":{"@id":"https:\/\/www.heddata.se\/webbutik\/produkt\/kingston-canvas-select-plus-microsdxc-256gb-100mb-s-sdcs2-256gb\/#primaryimage"},"thumbnailUrl":"https:\/\/www.heddata.se\/webbutik\/wp-content\/uploads\/webbutik\/kategorier\/lagring\/sdcs2256gb.jpg","datePublished":"2025-05-08T10:18:25+00:00","dateModified":"2026-04-09T08:12:21+00:00","description":"Kingston Canvas Select Plus microSDXC 256GB 100MB\/s- SDCS2\/256GB \u00e4r en h\u00f6gpresterande lagringsl\u00f6sning f\u00f6r p\u00e5litlig och snabb datalagring p\u00e5 spr\u00e5ng","breadcrumb":{"@id":"https:\/\/www.heddata.se\/webbutik\/produkt\/kingston-canvas-select-plus-microsdxc-256gb-100mb-s-sdcs2-256gb\/#breadcrumb"},"inLanguage":"sv-SE","potentialAction":[{"@type":"ReadAction","target":["https:\/\/www.heddata.se\/webbutik\/produkt\/kingston-canvas-select-plus-microsdxc-256gb-100mb-s-sdcs2-256gb\/"]}]},{"@type":"ImageObject","inLanguage":"sv-SE","@id":"https:\/\/www.heddata.se\/webbutik\/produkt\/kingston-canvas-select-plus-microsdxc-256gb-100mb-s-sdcs2-256gb\/#primaryimage","url":"https:\/\/www.heddata.se\/webbutik\/wp-content\/uploads\/webbutik\/kategorier\/lagring\/sdcs2256gb.jpg","contentUrl":"https:\/\/www.heddata.se\/webbutik\/wp-content\/uploads\/webbutik\/kategorier\/lagring\/sdcs2256gb.jpg","width":800,"height":800,"caption":"Kingston Canvas Select Plus"},{"@type":"BreadcrumbList","@id":"https:\/\/www.heddata.se\/webbutik\/produkt\/kingston-canvas-select-plus-microsdxc-256gb-100mb-s-sdcs2-256gb\/#breadcrumb","itemListElement":[{"@type":"ListItem","position":1,"name":"Hem","item":"https:\/\/www.heddata.se\/webbutik\/"},{"@type":"ListItem","position":2,"name":"Produkter","item":"https:\/\/www.heddata.se\/webbutik\/shop\/"},{"@type":"ListItem","position":3,"name":"Kingston Canvas Select Plus microSDXC 256GB 100MB\/s- SDCS2\/256GB"}]},{"@type":"WebSite","@id":"https:\/\/www.heddata.se\/webbutik\/#website","url":"https:\/\/www.heddata.se\/webbutik\/","name":"Datorer, Skrivare, F\u00e4rgpatroner, Mobiltelefoner","description":"Kablar","publisher":{"@id":"https:\/\/www.heddata.se\/webbutik\/#organization"},"potentialAction":[{"@type":"SearchAction","target":{"@type":"EntryPoint","urlTemplate":"https:\/\/www.heddata.se\/webbutik\/?s={search_term_string}"},"query-input":{"@type":"PropertyValueSpecification","valueRequired":true,"valueName":"search_term_string"}}],"inLanguage":"sv-SE"},{"@type":"Organization","@id":"https:\/\/www.heddata.se\/webbutik\/#organization","name":"Heddata AB","url":"https:\/\/www.heddata.se\/webbutik\/","logo":{"@type":"ImageObject","inLanguage":"sv-SE","@id":"https:\/\/www.heddata.se\/webbutik\/#\/schema\/logo\/image\/","url":"https:\/\/www.heddata.se\/webbutik\/wp-content\/uploads\/logga\/heddata-ab-logga.png","contentUrl":"https:\/\/www.heddata.se\/webbutik\/wp-content\/uploads\/logga\/heddata-ab-logga.png","width":200,"height":64,"caption":"Heddata AB"},"image":{"@id":"https:\/\/www.heddata.se\/webbutik\/#\/schema\/logo\/image\/"}}]}},"_links":{"self":[{"href":"https:\/\/www.heddata.se\/webbutik\/wp-json\/wp\/v2\/product\/96157","targetHints":{"allow":["GET"]}}],"collection":[{"href":"https:\/\/www.heddata.se\/webbutik\/wp-json\/wp\/v2\/product"}],"about":[{"href":"https:\/\/www.heddata.se\/webbutik\/wp-json\/wp\/v2\/types\/product"}],"wp:featuredmedia":[{"embeddable":true,"href":"https:\/\/www.heddata.se\/webbutik\/wp-json\/wp\/v2\/media\/96162"}],"wp:attachment":[{"href":"https:\/\/www.heddata.se\/webbutik\/wp-json\/wp\/v2\/media?parent=96157"}],"wp:term":[{"taxonomy":"product_brand","embeddable":true,"href":"https:\/\/www.heddata.se\/webbutik\/wp-json\/wp\/v2\/product_brand?post=96157"},{"taxonomy":"product_cat","embeddable":true,"href":"https:\/\/www.heddata.se\/webbutik\/wp-json\/wp\/v2\/product_cat?post=96157"},{"taxonomy":"product_tag","embeddable":true,"href":"https:\/\/www.heddata.se\/webbutik\/wp-json\/wp\/v2\/product_tag?post=96157"}],"curies":[{"name":"wp","href":"https:\/\/api.w.org\/{rel}","templated":true}]}}