{"id":96124,"date":"2025-04-28T11:18:09","date_gmt":"2025-04-28T09:18:09","guid":{"rendered":"https:\/\/www.heddata.se\/webbutik\/?post_type=product&#038;p=96124"},"modified":"2026-04-09T12:10:49","modified_gmt":"2026-04-09T10:10:49","slug":"doro-leva-l21-svart-vit-knapptelefon-8745","status":"publish","type":"product","link":"https:\/\/www.heddata.se\/webbutik\/produkt\/doro-leva-l21-svart-vit-knapptelefon-8745\/","title":{"rendered":"Doro Leva L21 &#8211; Svart\/Vit knapptelefon &#8211; 8745"},"content":{"rendered":"<p>Doro Leva L21 &#8211; Svart\/Vit knapptelefon &#8211; 8745<\/p>\n<h3>Beskrivning<\/h3>\n<div>Mobiltelefon Doro Leva L21 &#8211; Svart\/VitMed\u00a0<a href=\"https:\/\/www.doro.com\/sv-se\/\" target=\"_blank\" rel=\"noopener\">Doro<\/a>\u00a0Leva L21 \u2013 Svart\/Vit f\u00e5r du en stilren och vikbar\u00a0<a href=\"https:\/\/www.heddata.se\/webbutik\/telefon-surfplattor\/mobiltelefoner\/\">mobiltelefon<\/a>\u00a0som kombinerar enkelhet med p\u00e5litlig prestanda. Perfekt f\u00f6r dig som v\u00e4rdes\u00e4tter tydliga samtal, l\u00e4ttanv\u00e4nda funktioner och extra s\u00e4kerhet.<\/p>\n<p><strong>Tydlig och enkel anv\u00e4ndning med separerade knappar<\/strong><br \/>\nDoro Leva L21 \u00e4r utformad med anv\u00e4ndarv\u00e4nlighet i fokus. Telefonens separerade knappar med h\u00f6g kontrast g\u00f6r det enkelt att navigera, ringa samtal och skriva SMS utan sv\u00e5righeter. Den stora 2,8-tumssk\u00e4rmen ger en klar och tydlig vy av dina meddelanden och bilder.<\/p>\n<p><strong>HD Voice f\u00f6r kristallklara samtal<\/strong><br \/>\nMed HD Voice-teknologi blir varje samtal tydligare, \u00e4ven i bullriga milj\u00f6er. Du kan prata med n\u00e4ra och k\u00e4ra utan att missa ett ord, vilket ger en tryggare och mer avslappnad kommunikation. Perfekt f\u00f6r dig som v\u00e4rdes\u00e4tter h\u00f6g ljudkvalitet.<\/p>\n<p><strong>Trygghetsknapp f\u00f6r extra s\u00e4kerhet<\/strong><br \/>\nEn av de viktigaste funktionerna p\u00e5 Doro Leva L21 \u00e4r trygghetsknappen. Med ett enkelt tryck kan du skicka ett larm till upp till fem betrodda kontakter och dela din GPS-position om du skulle beh\u00f6va hj\u00e4lp. Detta ger extra trygghet och s\u00e4kerhet, s\u00e4rskilt f\u00f6r \u00e4ldre anv\u00e4ndare eller de som bor ensamma.<\/p>\n<p><strong>Praktisk vikbar design f\u00f6r s\u00e4ker hantering<\/strong><br \/>\nDoro Leva L21 \u00e4r inte bara funktionell, utan ocks\u00e5 snyggt designad. Den vikbara formen g\u00f6r den enkel att f\u00f6rvara och skyddar sk\u00e4rmen n\u00e4r den inte anv\u00e4nds. Med en soft touch-yta ligger den s\u00e4kert i handen, oavsett om du ringer eller tar bilder.<\/p>\n<p><strong>V\u00e4dert\u00e5lig och kompatibel med h\u00f6rapparater<\/strong><br \/>\nTelefonen \u00e4r ocks\u00e5 v\u00e4dert\u00e5lig, vilket g\u00f6r den till en p\u00e5litlig f\u00f6ljeslagare i alla v\u00e4der. Dessutom \u00e4r den kompatibel med h\u00f6rapparater (HAC), s\u00e5 att \u00e4ven personer med h\u00f6rselneds\u00e4ttning kan njuta av Doro Leva L21:s kristallklara samtal.<\/p>\n<\/div>\n","protected":false},"excerpt":{"rendered":"<p>Doro Leva L21 &#8211; Svart\/Vit knapptelefon &#8211; 8745<\/p>\n","protected":false},"featured_media":96139,"template":"","meta":[],"product_brand":[],"product_cat":[6010,106,103,63],"product_tag":[],"class_list":{"0":"post-96124","1":"product","2":"type-product","3":"status-publish","4":"has-post-thumbnail","6":"product_cat-mobiltelefon-knapp","7":"product_cat-mobiltelefoner","8":"product_cat-telefoner","9":"product_cat-telefoner-surfplattor","11":"first","12":"instock","13":"taxable","14":"shipping-taxable","15":"purchasable","16":"product-type-simple"},"yoast_head":"<!-- This site is optimized with the Yoast SEO Premium plugin v26.7 (Yoast SEO v26.7) - https:\/\/yoast.com\/wordpress\/plugins\/seo\/ -->\n<title>Doro Leva L21 - Svart\/Vit knapptelefon - 8745<\/title>\n<meta name=\"description\" content=\"Doro Leva L21 - Svart\/Vit knapptelefon - 8745 f\u00e5r du en stilren och vikbar\u00a0mobiltelefon\u00a0som kombinerar enkelhet med p\u00e5litlig prestanda.\" \/>\n<meta name=\"robots\" content=\"index, follow, max-snippet:-1, max-image-preview:large, max-video-preview:-1\" \/>\n<link rel=\"canonical\" href=\"https:\/\/www.heddata.se\/webbutik\/produkt\/doro-leva-l21-svart-vit-knapptelefon-8745\/\" \/>\n<meta property=\"og:locale\" content=\"sv_SE\" \/>\n<meta property=\"og:type\" content=\"article\" \/>\n<meta property=\"og:title\" content=\"Doro Leva L21 - Svart\/Vit knapptelefon - 8745\" \/>\n<meta property=\"og:description\" content=\"Doro Leva L21 - Svart\/Vit knapptelefon - 8745 f\u00e5r du en stilren och vikbar\u00a0mobiltelefon\u00a0som kombinerar enkelhet med p\u00e5litlig prestanda.\" \/>\n<meta property=\"og:url\" content=\"https:\/\/www.heddata.se\/webbutik\/produkt\/doro-leva-l21-svart-vit-knapptelefon-8745\/\" \/>\n<meta property=\"og:site_name\" content=\"Datorer, Skrivare, F\u00e4rgpatroner, Mobiltelefoner\" \/>\n<meta property=\"article:modified_time\" content=\"2026-04-09T10:10:49+00:00\" \/>\n<meta property=\"og:image\" content=\"https:\/\/www.heddata.se\/webbutik\/wp-content\/uploads\/webbutik\/kategorier\/mobiltelefoner-surfplattor\/8745.jpg\" \/>\n\t<meta property=\"og:image:width\" content=\"1200\" \/>\n\t<meta property=\"og:image:height\" content=\"1200\" \/>\n\t<meta property=\"og:image:type\" content=\"image\/jpeg\" \/>\n<meta name=\"twitter:card\" content=\"summary_large_image\" \/>\n<meta name=\"twitter:label1\" content=\"Ber\u00e4knad l\u00e4stid\" \/>\n\t<meta name=\"twitter:data1\" content=\"2 minuter\" \/>\n<script type=\"application\/ld+json\" class=\"yoast-schema-graph\">{\"@context\":\"https:\/\/schema.org\",\"@graph\":[{\"@type\":\"WebPage\",\"@id\":\"https:\/\/www.heddata.se\/webbutik\/produkt\/doro-leva-l21-svart-vit-knapptelefon-8745\/\",\"url\":\"https:\/\/www.heddata.se\/webbutik\/produkt\/doro-leva-l21-svart-vit-knapptelefon-8745\/\",\"name\":\"Doro Leva L21 - Svart\/Vit knapptelefon - 8745\",\"isPartOf\":{\"@id\":\"https:\/\/www.heddata.se\/webbutik\/#website\"},\"primaryImageOfPage\":{\"@id\":\"https:\/\/www.heddata.se\/webbutik\/produkt\/doro-leva-l21-svart-vit-knapptelefon-8745\/#primaryimage\"},\"image\":{\"@id\":\"https:\/\/www.heddata.se\/webbutik\/produkt\/doro-leva-l21-svart-vit-knapptelefon-8745\/#primaryimage\"},\"thumbnailUrl\":\"https:\/\/www.heddata.se\/webbutik\/wp-content\/uploads\/webbutik\/kategorier\/mobiltelefoner-surfplattor\/8745.jpg\",\"datePublished\":\"2025-04-28T09:18:09+00:00\",\"dateModified\":\"2026-04-09T10:10:49+00:00\",\"description\":\"Doro Leva L21 - Svart\/Vit knapptelefon - 8745 f\u00e5r du en stilren och vikbar\u00a0mobiltelefon\u00a0som kombinerar enkelhet med p\u00e5litlig prestanda.\",\"breadcrumb\":{\"@id\":\"https:\/\/www.heddata.se\/webbutik\/produkt\/doro-leva-l21-svart-vit-knapptelefon-8745\/#breadcrumb\"},\"inLanguage\":\"sv-SE\",\"potentialAction\":[{\"@type\":\"ReadAction\",\"target\":[\"https:\/\/www.heddata.se\/webbutik\/produkt\/doro-leva-l21-svart-vit-knapptelefon-8745\/\"]}]},{\"@type\":\"ImageObject\",\"inLanguage\":\"sv-SE\",\"@id\":\"https:\/\/www.heddata.se\/webbutik\/produkt\/doro-leva-l21-svart-vit-knapptelefon-8745\/#primaryimage\",\"url\":\"https:\/\/www.heddata.se\/webbutik\/wp-content\/uploads\/webbutik\/kategorier\/mobiltelefoner-surfplattor\/8745.jpg\",\"contentUrl\":\"https:\/\/www.heddata.se\/webbutik\/wp-content\/uploads\/webbutik\/kategorier\/mobiltelefoner-surfplattor\/8745.jpg\",\"width\":1200,\"height\":1200,\"caption\":\"Doro Leva L21\"},{\"@type\":\"BreadcrumbList\",\"@id\":\"https:\/\/www.heddata.se\/webbutik\/produkt\/doro-leva-l21-svart-vit-knapptelefon-8745\/#breadcrumb\",\"itemListElement\":[{\"@type\":\"ListItem\",\"position\":1,\"name\":\"Hem\",\"item\":\"https:\/\/www.heddata.se\/webbutik\/\"},{\"@type\":\"ListItem\",\"position\":2,\"name\":\"Produkter\",\"item\":\"https:\/\/www.heddata.se\/webbutik\/shop\/\"},{\"@type\":\"ListItem\",\"position\":3,\"name\":\"Doro Leva L21 &#8211; Svart\/Vit knapptelefon &#8211; 8745\"}]},{\"@type\":\"WebSite\",\"@id\":\"https:\/\/www.heddata.se\/webbutik\/#website\",\"url\":\"https:\/\/www.heddata.se\/webbutik\/\",\"name\":\"Datorer, Skrivare, F\u00e4rgpatroner, Mobiltelefoner\",\"description\":\"Kablar\",\"publisher\":{\"@id\":\"https:\/\/www.heddata.se\/webbutik\/#organization\"},\"potentialAction\":[{\"@type\":\"SearchAction\",\"target\":{\"@type\":\"EntryPoint\",\"urlTemplate\":\"https:\/\/www.heddata.se\/webbutik\/?s={search_term_string}\"},\"query-input\":{\"@type\":\"PropertyValueSpecification\",\"valueRequired\":true,\"valueName\":\"search_term_string\"}}],\"inLanguage\":\"sv-SE\"},{\"@type\":\"Organization\",\"@id\":\"https:\/\/www.heddata.se\/webbutik\/#organization\",\"name\":\"Heddata AB\",\"url\":\"https:\/\/www.heddata.se\/webbutik\/\",\"logo\":{\"@type\":\"ImageObject\",\"inLanguage\":\"sv-SE\",\"@id\":\"https:\/\/www.heddata.se\/webbutik\/#\/schema\/logo\/image\/\",\"url\":\"https:\/\/www.heddata.se\/webbutik\/wp-content\/uploads\/logga\/heddata-ab-logga.png\",\"contentUrl\":\"https:\/\/www.heddata.se\/webbutik\/wp-content\/uploads\/logga\/heddata-ab-logga.png\",\"width\":200,\"height\":64,\"caption\":\"Heddata AB\"},\"image\":{\"@id\":\"https:\/\/www.heddata.se\/webbutik\/#\/schema\/logo\/image\/\"}}]}<\/script>\n<!-- \/ Yoast SEO Premium plugin. -->","yoast_head_json":{"title":"Doro Leva L21 - Svart\/Vit knapptelefon - 8745","description":"Doro Leva L21 - Svart\/Vit knapptelefon - 8745 f\u00e5r du en stilren och vikbar\u00a0mobiltelefon\u00a0som kombinerar enkelhet med p\u00e5litlig prestanda.","robots":{"index":"index","follow":"follow","max-snippet":"max-snippet:-1","max-image-preview":"max-image-preview:large","max-video-preview":"max-video-preview:-1"},"canonical":"https:\/\/www.heddata.se\/webbutik\/produkt\/doro-leva-l21-svart-vit-knapptelefon-8745\/","og_locale":"sv_SE","og_type":"article","og_title":"Doro Leva L21 - Svart\/Vit knapptelefon - 8745","og_description":"Doro Leva L21 - Svart\/Vit knapptelefon - 8745 f\u00e5r du en stilren och vikbar\u00a0mobiltelefon\u00a0som kombinerar enkelhet med p\u00e5litlig prestanda.","og_url":"https:\/\/www.heddata.se\/webbutik\/produkt\/doro-leva-l21-svart-vit-knapptelefon-8745\/","og_site_name":"Datorer, Skrivare, F\u00e4rgpatroner, Mobiltelefoner","article_modified_time":"2026-04-09T10:10:49+00:00","og_image":[{"width":1200,"height":1200,"url":"https:\/\/www.heddata.se\/webbutik\/wp-content\/uploads\/webbutik\/kategorier\/mobiltelefoner-surfplattor\/8745.jpg","type":"image\/jpeg"}],"twitter_card":"summary_large_image","twitter_misc":{"Ber\u00e4knad l\u00e4stid":"2 minuter"},"schema":{"@context":"https:\/\/schema.org","@graph":[{"@type":"WebPage","@id":"https:\/\/www.heddata.se\/webbutik\/produkt\/doro-leva-l21-svart-vit-knapptelefon-8745\/","url":"https:\/\/www.heddata.se\/webbutik\/produkt\/doro-leva-l21-svart-vit-knapptelefon-8745\/","name":"Doro Leva L21 - Svart\/Vit knapptelefon - 8745","isPartOf":{"@id":"https:\/\/www.heddata.se\/webbutik\/#website"},"primaryImageOfPage":{"@id":"https:\/\/www.heddata.se\/webbutik\/produkt\/doro-leva-l21-svart-vit-knapptelefon-8745\/#primaryimage"},"image":{"@id":"https:\/\/www.heddata.se\/webbutik\/produkt\/doro-leva-l21-svart-vit-knapptelefon-8745\/#primaryimage"},"thumbnailUrl":"https:\/\/www.heddata.se\/webbutik\/wp-content\/uploads\/webbutik\/kategorier\/mobiltelefoner-surfplattor\/8745.jpg","datePublished":"2025-04-28T09:18:09+00:00","dateModified":"2026-04-09T10:10:49+00:00","description":"Doro Leva L21 - Svart\/Vit knapptelefon - 8745 f\u00e5r du en stilren och vikbar\u00a0mobiltelefon\u00a0som kombinerar enkelhet med p\u00e5litlig prestanda.","breadcrumb":{"@id":"https:\/\/www.heddata.se\/webbutik\/produkt\/doro-leva-l21-svart-vit-knapptelefon-8745\/#breadcrumb"},"inLanguage":"sv-SE","potentialAction":[{"@type":"ReadAction","target":["https:\/\/www.heddata.se\/webbutik\/produkt\/doro-leva-l21-svart-vit-knapptelefon-8745\/"]}]},{"@type":"ImageObject","inLanguage":"sv-SE","@id":"https:\/\/www.heddata.se\/webbutik\/produkt\/doro-leva-l21-svart-vit-knapptelefon-8745\/#primaryimage","url":"https:\/\/www.heddata.se\/webbutik\/wp-content\/uploads\/webbutik\/kategorier\/mobiltelefoner-surfplattor\/8745.jpg","contentUrl":"https:\/\/www.heddata.se\/webbutik\/wp-content\/uploads\/webbutik\/kategorier\/mobiltelefoner-surfplattor\/8745.jpg","width":1200,"height":1200,"caption":"Doro Leva L21"},{"@type":"BreadcrumbList","@id":"https:\/\/www.heddata.se\/webbutik\/produkt\/doro-leva-l21-svart-vit-knapptelefon-8745\/#breadcrumb","itemListElement":[{"@type":"ListItem","position":1,"name":"Hem","item":"https:\/\/www.heddata.se\/webbutik\/"},{"@type":"ListItem","position":2,"name":"Produkter","item":"https:\/\/www.heddata.se\/webbutik\/shop\/"},{"@type":"ListItem","position":3,"name":"Doro Leva L21 &#8211; Svart\/Vit knapptelefon &#8211; 8745"}]},{"@type":"WebSite","@id":"https:\/\/www.heddata.se\/webbutik\/#website","url":"https:\/\/www.heddata.se\/webbutik\/","name":"Datorer, Skrivare, F\u00e4rgpatroner, Mobiltelefoner","description":"Kablar","publisher":{"@id":"https:\/\/www.heddata.se\/webbutik\/#organization"},"potentialAction":[{"@type":"SearchAction","target":{"@type":"EntryPoint","urlTemplate":"https:\/\/www.heddata.se\/webbutik\/?s={search_term_string}"},"query-input":{"@type":"PropertyValueSpecification","valueRequired":true,"valueName":"search_term_string"}}],"inLanguage":"sv-SE"},{"@type":"Organization","@id":"https:\/\/www.heddata.se\/webbutik\/#organization","name":"Heddata AB","url":"https:\/\/www.heddata.se\/webbutik\/","logo":{"@type":"ImageObject","inLanguage":"sv-SE","@id":"https:\/\/www.heddata.se\/webbutik\/#\/schema\/logo\/image\/","url":"https:\/\/www.heddata.se\/webbutik\/wp-content\/uploads\/logga\/heddata-ab-logga.png","contentUrl":"https:\/\/www.heddata.se\/webbutik\/wp-content\/uploads\/logga\/heddata-ab-logga.png","width":200,"height":64,"caption":"Heddata AB"},"image":{"@id":"https:\/\/www.heddata.se\/webbutik\/#\/schema\/logo\/image\/"}}]}},"_links":{"self":[{"href":"https:\/\/www.heddata.se\/webbutik\/wp-json\/wp\/v2\/product\/96124","targetHints":{"allow":["GET"]}}],"collection":[{"href":"https:\/\/www.heddata.se\/webbutik\/wp-json\/wp\/v2\/product"}],"about":[{"href":"https:\/\/www.heddata.se\/webbutik\/wp-json\/wp\/v2\/types\/product"}],"wp:featuredmedia":[{"embeddable":true,"href":"https:\/\/www.heddata.se\/webbutik\/wp-json\/wp\/v2\/media\/96139"}],"wp:attachment":[{"href":"https:\/\/www.heddata.se\/webbutik\/wp-json\/wp\/v2\/media?parent=96124"}],"wp:term":[{"taxonomy":"product_brand","embeddable":true,"href":"https:\/\/www.heddata.se\/webbutik\/wp-json\/wp\/v2\/product_brand?post=96124"},{"taxonomy":"product_cat","embeddable":true,"href":"https:\/\/www.heddata.se\/webbutik\/wp-json\/wp\/v2\/product_cat?post=96124"},{"taxonomy":"product_tag","embeddable":true,"href":"https:\/\/www.heddata.se\/webbutik\/wp-json\/wp\/v2\/product_tag?post=96124"}],"curies":[{"name":"wp","href":"https:\/\/api.w.org\/{rel}","templated":true}]}}