{"id":96094,"date":"2025-04-23T11:18:06","date_gmt":"2025-04-23T09:18:06","guid":{"rendered":"https:\/\/www.heddata.se\/webbutik\/?post_type=product&#038;p=96094"},"modified":"2025-04-28T11:10:27","modified_gmt":"2025-04-28T09:10:27","slug":"hp-originalblackpatron-tri-color-305-2ml-3ym60aeuus","status":"publish","type":"product","link":"https:\/\/www.heddata.se\/webbutik\/produkt\/hp-originalblackpatron-tri-color-305-2ml-3ym60aeuus\/","title":{"rendered":"HP originalbl\u00e4ckpatron Tri-Color 305 2ml  &#8211; 3YM60AE#UUS"},"content":{"rendered":"<p>HP originalbl\u00e4ckpatron Tri-Color 305 2ml &#8211; 3YM60AE#UUS<\/p>\n<p>Skriv ut skarp text och levande foton i f\u00e4rg f\u00f6r hemmet och sm\u00e5f\u00f6retag med HP originalbl\u00e4ckpatroner. V\u00e4lj mellan patroner i olika storlekar f\u00f6r att matcha din utskriftsvolym och budget.<\/p>\n<h3>HP bl\u00e4ckpatroner levererar kvalitet och tillf\u00f6rlitlighet<\/h3>\n<p>G\u00f6r ett gott intryck med HP originalbl\u00e4ckpatroner \u2013 designade f\u00f6r att leverera levande f\u00e4rg samt distinkt och skarp text.<\/p>\n<h3>Utformad f\u00f6r att leverera<\/h3>\n<p>V\u00e4lj HP originalbl\u00e4ckpatroner som \u00e4r s\u00e4rskilt designade f\u00f6r att fungera med din <a href=\"https:\/\/www.heddata.se\/webbutik\/blackpatroner-toners\/blackpatroner\/\">HP-skrivare.<\/a><\/p>\n<h3>Utskrifter har aldrig varit enklare<\/h3>\n<p>Spara upp till 70 % med <a href=\"https:\/\/www.hp.com\/se-sv\/home.html\" target=\"_blank\" rel=\"noopener\">HP<\/a> originalbl\u00e4ck<\/p>\n<p>HP 305 bl\u00e4ckpatroner fungerar med: HP DeskJet 2300, 2700, 2700e, 2730, 2810e, 2820e, 2821e, 2822e, 2823e, 4100, 4100e, 4134, 4210e, 4220e, 4222e, 4230e HP Envy 6000e, 6010, 6020, 6022, 6030, 6032, 6400e, 6420, 6420e, 6422, 6430, 6432<\/p>\n","protected":false},"excerpt":{"rendered":"<p>HP originalbl\u00e4ckpatron Tri-Color 305 2ml &#8211; 3YM60AE#UUS<\/p>\n","protected":false},"featured_media":96104,"template":"","meta":[],"product_brand":[],"product_cat":[87,61,91],"product_tag":[],"class_list":{"0":"post-96094","1":"product","2":"type-product","3":"status-publish","4":"has-post-thumbnail","6":"product_cat-blackpatroner","7":"product_cat-blackpatroner-toners","8":"product_cat-hp-blackpatroner","10":"first","11":"instock","12":"taxable","13":"shipping-taxable","14":"purchasable","15":"product-type-simple"},"yoast_head":"<!-- This site is optimized with the Yoast SEO Premium plugin v26.7 (Yoast SEO v26.7) - https:\/\/yoast.com\/wordpress\/plugins\/seo\/ -->\n<title>HP originalbl\u00e4ckpatron Tri-Color 305 2ml - 3YM60AE#UUS<\/title>\n<meta name=\"description\" content=\"HP originalbl\u00e4ckpatron Tri-Color 305 2ml - 3YM60AE#UUS, designade f\u00f6r att leverera levande f\u00e4rg samt distinkt och skarp text.\" \/>\n<meta name=\"robots\" content=\"index, follow, max-snippet:-1, max-image-preview:large, max-video-preview:-1\" \/>\n<link rel=\"canonical\" href=\"https:\/\/www.heddata.se\/webbutik\/produkt\/hp-originalblackpatron-tri-color-305-2ml-3ym60aeuus\/\" \/>\n<meta property=\"og:locale\" content=\"sv_SE\" \/>\n<meta property=\"og:type\" content=\"article\" \/>\n<meta property=\"og:title\" content=\"HP originalbl\u00e4ckpatron Tri-Color 305 2ml - 3YM60AE#UUS\" \/>\n<meta property=\"og:description\" content=\"HP originalbl\u00e4ckpatron Tri-Color 305 2ml - 3YM60AE#UUS, designade f\u00f6r att leverera levande f\u00e4rg samt distinkt och skarp text.\" \/>\n<meta property=\"og:url\" content=\"https:\/\/www.heddata.se\/webbutik\/produkt\/hp-originalblackpatron-tri-color-305-2ml-3ym60aeuus\/\" \/>\n<meta property=\"og:site_name\" content=\"Datorer, Skrivare, F\u00e4rgpatroner, Mobiltelefoner\" \/>\n<meta property=\"article:modified_time\" content=\"2025-04-28T09:10:27+00:00\" \/>\n<meta property=\"og:image\" content=\"https:\/\/www.heddata.se\/webbutik\/wp-content\/uploads\/webbutik\/kategorier\/blackpatroner-toners\/hp305f.jpg\" \/>\n\t<meta property=\"og:image:width\" content=\"1200\" \/>\n\t<meta property=\"og:image:height\" content=\"1200\" \/>\n\t<meta property=\"og:image:type\" content=\"image\/jpeg\" \/>\n<meta name=\"twitter:card\" content=\"summary_large_image\" \/>\n<meta name=\"twitter:label1\" content=\"Ber\u00e4knad l\u00e4stid\" \/>\n\t<meta name=\"twitter:data1\" content=\"1 minut\" \/>\n<script type=\"application\/ld+json\" class=\"yoast-schema-graph\">{\"@context\":\"https:\/\/schema.org\",\"@graph\":[{\"@type\":\"WebPage\",\"@id\":\"https:\/\/www.heddata.se\/webbutik\/produkt\/hp-originalblackpatron-tri-color-305-2ml-3ym60aeuus\/\",\"url\":\"https:\/\/www.heddata.se\/webbutik\/produkt\/hp-originalblackpatron-tri-color-305-2ml-3ym60aeuus\/\",\"name\":\"HP originalbl\u00e4ckpatron Tri-Color 305 2ml - 3YM60AE#UUS\",\"isPartOf\":{\"@id\":\"https:\/\/www.heddata.se\/webbutik\/#website\"},\"primaryImageOfPage\":{\"@id\":\"https:\/\/www.heddata.se\/webbutik\/produkt\/hp-originalblackpatron-tri-color-305-2ml-3ym60aeuus\/#primaryimage\"},\"image\":{\"@id\":\"https:\/\/www.heddata.se\/webbutik\/produkt\/hp-originalblackpatron-tri-color-305-2ml-3ym60aeuus\/#primaryimage\"},\"thumbnailUrl\":\"https:\/\/www.heddata.se\/webbutik\/wp-content\/uploads\/webbutik\/kategorier\/blackpatroner-toners\/hp305f.jpg\",\"datePublished\":\"2025-04-23T09:18:06+00:00\",\"dateModified\":\"2025-04-28T09:10:27+00:00\",\"description\":\"HP originalbl\u00e4ckpatron Tri-Color 305 2ml - 3YM60AE#UUS, designade f\u00f6r att leverera levande f\u00e4rg samt distinkt och skarp text.\",\"breadcrumb\":{\"@id\":\"https:\/\/www.heddata.se\/webbutik\/produkt\/hp-originalblackpatron-tri-color-305-2ml-3ym60aeuus\/#breadcrumb\"},\"inLanguage\":\"sv-SE\",\"potentialAction\":[{\"@type\":\"ReadAction\",\"target\":[\"https:\/\/www.heddata.se\/webbutik\/produkt\/hp-originalblackpatron-tri-color-305-2ml-3ym60aeuus\/\"]}]},{\"@type\":\"ImageObject\",\"inLanguage\":\"sv-SE\",\"@id\":\"https:\/\/www.heddata.se\/webbutik\/produkt\/hp-originalblackpatron-tri-color-305-2ml-3ym60aeuus\/#primaryimage\",\"url\":\"https:\/\/www.heddata.se\/webbutik\/wp-content\/uploads\/webbutik\/kategorier\/blackpatroner-toners\/hp305f.jpg\",\"contentUrl\":\"https:\/\/www.heddata.se\/webbutik\/wp-content\/uploads\/webbutik\/kategorier\/blackpatroner-toners\/hp305f.jpg\",\"width\":1200,\"height\":1200,\"caption\":\"HP originalbl\u00e4ckpatron Tri-Color 305\"},{\"@type\":\"BreadcrumbList\",\"@id\":\"https:\/\/www.heddata.se\/webbutik\/produkt\/hp-originalblackpatron-tri-color-305-2ml-3ym60aeuus\/#breadcrumb\",\"itemListElement\":[{\"@type\":\"ListItem\",\"position\":1,\"name\":\"Hem\",\"item\":\"https:\/\/www.heddata.se\/webbutik\/\"},{\"@type\":\"ListItem\",\"position\":2,\"name\":\"Produkter\",\"item\":\"https:\/\/www.heddata.se\/webbutik\/shop\/\"},{\"@type\":\"ListItem\",\"position\":3,\"name\":\"HP originalbl\u00e4ckpatron Tri-Color 305 2ml &#8211; 3YM60AE#UUS\"}]},{\"@type\":\"WebSite\",\"@id\":\"https:\/\/www.heddata.se\/webbutik\/#website\",\"url\":\"https:\/\/www.heddata.se\/webbutik\/\",\"name\":\"Datorer, Skrivare, F\u00e4rgpatroner, Mobiltelefoner\",\"description\":\"Kablar\",\"publisher\":{\"@id\":\"https:\/\/www.heddata.se\/webbutik\/#organization\"},\"potentialAction\":[{\"@type\":\"SearchAction\",\"target\":{\"@type\":\"EntryPoint\",\"urlTemplate\":\"https:\/\/www.heddata.se\/webbutik\/?s={search_term_string}\"},\"query-input\":{\"@type\":\"PropertyValueSpecification\",\"valueRequired\":true,\"valueName\":\"search_term_string\"}}],\"inLanguage\":\"sv-SE\"},{\"@type\":\"Organization\",\"@id\":\"https:\/\/www.heddata.se\/webbutik\/#organization\",\"name\":\"Heddata AB\",\"url\":\"https:\/\/www.heddata.se\/webbutik\/\",\"logo\":{\"@type\":\"ImageObject\",\"inLanguage\":\"sv-SE\",\"@id\":\"https:\/\/www.heddata.se\/webbutik\/#\/schema\/logo\/image\/\",\"url\":\"https:\/\/www.heddata.se\/webbutik\/wp-content\/uploads\/logga\/heddata-ab-logga.png\",\"contentUrl\":\"https:\/\/www.heddata.se\/webbutik\/wp-content\/uploads\/logga\/heddata-ab-logga.png\",\"width\":200,\"height\":64,\"caption\":\"Heddata AB\"},\"image\":{\"@id\":\"https:\/\/www.heddata.se\/webbutik\/#\/schema\/logo\/image\/\"}}]}<\/script>\n<!-- \/ Yoast SEO Premium plugin. -->","yoast_head_json":{"title":"HP originalbl\u00e4ckpatron Tri-Color 305 2ml - 3YM60AE#UUS","description":"HP originalbl\u00e4ckpatron Tri-Color 305 2ml - 3YM60AE#UUS, designade f\u00f6r att leverera levande f\u00e4rg samt distinkt och skarp text.","robots":{"index":"index","follow":"follow","max-snippet":"max-snippet:-1","max-image-preview":"max-image-preview:large","max-video-preview":"max-video-preview:-1"},"canonical":"https:\/\/www.heddata.se\/webbutik\/produkt\/hp-originalblackpatron-tri-color-305-2ml-3ym60aeuus\/","og_locale":"sv_SE","og_type":"article","og_title":"HP originalbl\u00e4ckpatron Tri-Color 305 2ml - 3YM60AE#UUS","og_description":"HP originalbl\u00e4ckpatron Tri-Color 305 2ml - 3YM60AE#UUS, designade f\u00f6r att leverera levande f\u00e4rg samt distinkt och skarp text.","og_url":"https:\/\/www.heddata.se\/webbutik\/produkt\/hp-originalblackpatron-tri-color-305-2ml-3ym60aeuus\/","og_site_name":"Datorer, Skrivare, F\u00e4rgpatroner, Mobiltelefoner","article_modified_time":"2025-04-28T09:10:27+00:00","og_image":[{"width":1200,"height":1200,"url":"https:\/\/www.heddata.se\/webbutik\/wp-content\/uploads\/webbutik\/kategorier\/blackpatroner-toners\/hp305f.jpg","type":"image\/jpeg"}],"twitter_card":"summary_large_image","twitter_misc":{"Ber\u00e4knad l\u00e4stid":"1 minut"},"schema":{"@context":"https:\/\/schema.org","@graph":[{"@type":"WebPage","@id":"https:\/\/www.heddata.se\/webbutik\/produkt\/hp-originalblackpatron-tri-color-305-2ml-3ym60aeuus\/","url":"https:\/\/www.heddata.se\/webbutik\/produkt\/hp-originalblackpatron-tri-color-305-2ml-3ym60aeuus\/","name":"HP originalbl\u00e4ckpatron Tri-Color 305 2ml - 3YM60AE#UUS","isPartOf":{"@id":"https:\/\/www.heddata.se\/webbutik\/#website"},"primaryImageOfPage":{"@id":"https:\/\/www.heddata.se\/webbutik\/produkt\/hp-originalblackpatron-tri-color-305-2ml-3ym60aeuus\/#primaryimage"},"image":{"@id":"https:\/\/www.heddata.se\/webbutik\/produkt\/hp-originalblackpatron-tri-color-305-2ml-3ym60aeuus\/#primaryimage"},"thumbnailUrl":"https:\/\/www.heddata.se\/webbutik\/wp-content\/uploads\/webbutik\/kategorier\/blackpatroner-toners\/hp305f.jpg","datePublished":"2025-04-23T09:18:06+00:00","dateModified":"2025-04-28T09:10:27+00:00","description":"HP originalbl\u00e4ckpatron Tri-Color 305 2ml - 3YM60AE#UUS, designade f\u00f6r att leverera levande f\u00e4rg samt distinkt och skarp text.","breadcrumb":{"@id":"https:\/\/www.heddata.se\/webbutik\/produkt\/hp-originalblackpatron-tri-color-305-2ml-3ym60aeuus\/#breadcrumb"},"inLanguage":"sv-SE","potentialAction":[{"@type":"ReadAction","target":["https:\/\/www.heddata.se\/webbutik\/produkt\/hp-originalblackpatron-tri-color-305-2ml-3ym60aeuus\/"]}]},{"@type":"ImageObject","inLanguage":"sv-SE","@id":"https:\/\/www.heddata.se\/webbutik\/produkt\/hp-originalblackpatron-tri-color-305-2ml-3ym60aeuus\/#primaryimage","url":"https:\/\/www.heddata.se\/webbutik\/wp-content\/uploads\/webbutik\/kategorier\/blackpatroner-toners\/hp305f.jpg","contentUrl":"https:\/\/www.heddata.se\/webbutik\/wp-content\/uploads\/webbutik\/kategorier\/blackpatroner-toners\/hp305f.jpg","width":1200,"height":1200,"caption":"HP originalbl\u00e4ckpatron Tri-Color 305"},{"@type":"BreadcrumbList","@id":"https:\/\/www.heddata.se\/webbutik\/produkt\/hp-originalblackpatron-tri-color-305-2ml-3ym60aeuus\/#breadcrumb","itemListElement":[{"@type":"ListItem","position":1,"name":"Hem","item":"https:\/\/www.heddata.se\/webbutik\/"},{"@type":"ListItem","position":2,"name":"Produkter","item":"https:\/\/www.heddata.se\/webbutik\/shop\/"},{"@type":"ListItem","position":3,"name":"HP originalbl\u00e4ckpatron Tri-Color 305 2ml &#8211; 3YM60AE#UUS"}]},{"@type":"WebSite","@id":"https:\/\/www.heddata.se\/webbutik\/#website","url":"https:\/\/www.heddata.se\/webbutik\/","name":"Datorer, Skrivare, F\u00e4rgpatroner, Mobiltelefoner","description":"Kablar","publisher":{"@id":"https:\/\/www.heddata.se\/webbutik\/#organization"},"potentialAction":[{"@type":"SearchAction","target":{"@type":"EntryPoint","urlTemplate":"https:\/\/www.heddata.se\/webbutik\/?s={search_term_string}"},"query-input":{"@type":"PropertyValueSpecification","valueRequired":true,"valueName":"search_term_string"}}],"inLanguage":"sv-SE"},{"@type":"Organization","@id":"https:\/\/www.heddata.se\/webbutik\/#organization","name":"Heddata AB","url":"https:\/\/www.heddata.se\/webbutik\/","logo":{"@type":"ImageObject","inLanguage":"sv-SE","@id":"https:\/\/www.heddata.se\/webbutik\/#\/schema\/logo\/image\/","url":"https:\/\/www.heddata.se\/webbutik\/wp-content\/uploads\/logga\/heddata-ab-logga.png","contentUrl":"https:\/\/www.heddata.se\/webbutik\/wp-content\/uploads\/logga\/heddata-ab-logga.png","width":200,"height":64,"caption":"Heddata AB"},"image":{"@id":"https:\/\/www.heddata.se\/webbutik\/#\/schema\/logo\/image\/"}}]}},"_links":{"self":[{"href":"https:\/\/www.heddata.se\/webbutik\/wp-json\/wp\/v2\/product\/96094","targetHints":{"allow":["GET"]}}],"collection":[{"href":"https:\/\/www.heddata.se\/webbutik\/wp-json\/wp\/v2\/product"}],"about":[{"href":"https:\/\/www.heddata.se\/webbutik\/wp-json\/wp\/v2\/types\/product"}],"wp:featuredmedia":[{"embeddable":true,"href":"https:\/\/www.heddata.se\/webbutik\/wp-json\/wp\/v2\/media\/96104"}],"wp:attachment":[{"href":"https:\/\/www.heddata.se\/webbutik\/wp-json\/wp\/v2\/media?parent=96094"}],"wp:term":[{"taxonomy":"product_brand","embeddable":true,"href":"https:\/\/www.heddata.se\/webbutik\/wp-json\/wp\/v2\/product_brand?post=96094"},{"taxonomy":"product_cat","embeddable":true,"href":"https:\/\/www.heddata.se\/webbutik\/wp-json\/wp\/v2\/product_cat?post=96094"},{"taxonomy":"product_tag","embeddable":true,"href":"https:\/\/www.heddata.se\/webbutik\/wp-json\/wp\/v2\/product_tag?post=96094"}],"curies":[{"name":"wp","href":"https:\/\/api.w.org\/{rel}","templated":true}]}}