{"id":96000,"date":"2025-01-10T16:18:32","date_gmt":"2025-01-10T15:18:32","guid":{"rendered":"https:\/\/www.heddata.se\/webbutik\/?post_type=product&#038;p=96000"},"modified":"2026-05-04T14:13:06","modified_gmt":"2026-05-04T12:13:06","slug":"streetz-akta-tradlos-stereo-anc-och-in-ear-horlurar-tws-116","status":"publish","type":"product","link":"https:\/\/www.heddata.se\/webbutik\/produkt\/streetz-akta-tradlos-stereo-anc-och-in-ear-horlurar-tws-116\/","title":{"rendered":"STREETZ \u00e4kta tr\u00e5dl\u00f6s stereo, ANC och in-ear-h\u00f6rlurar- TWS-116"},"content":{"rendered":"<p>STREETZ \u00e4kta tr\u00e5dl\u00f6s stereo, ANC och in-ear-h\u00f6rlurar- TWS-116<\/p>\n<p>STREETZ \u00e4kta tr\u00e5dl\u00f6sa stereo h\u00f6rlurar \u00e4r b\u00e5de smidiga och l\u00e4tta att hantera. Oroa dig inte f\u00f6r en kabel eller ett d\u00e5ligt Bluetooth-intervall, dessa sm\u00e5 kompisar har en Bluetooth-r\u00e4ckvidd p\u00e5 10 m, och de kommer att h\u00e5lla i 24 timmar (inkl. laddningsfodralet).<\/p>\n<ul class=\"bullets-list\">\n<li>Bluetooth h\u00f6rlurar<\/li>\n<li>ANC (active noise cancelling)<\/li>\n<li>24 timmars total speltid**Inklusive laddningsfodral<\/li>\n<li>FSC MIX f\u00f6rpackning (naturbaserat material som utvinns ur FSC-certifierad skog, \u00e5tervinningsbara material och kontrollerat tr\u00e4).<\/li>\n<\/ul>\n<p>L\u00e5t oss vara \u00e4rliga &#8211; de tr\u00e5dbundna <a href=\"https:\/\/www.streetz.se\/\" target=\"_blank\" rel=\"noopener\">h\u00f6rlurarna<\/a> \u00e4r ett minne blott. Du ska kunna prata, g\u00e5 och dansa utan n\u00e5gon sladd i v\u00e4gen. Med dessa aktivt brusreducerande h\u00f6rlurar \u00e4r du fri att lyssna p\u00e5 <a href=\"https:\/\/www.heddata.se\/webbutik\/telefon-surfplattor\/mobiltelefoner\/\">musik<\/a> var du \u00e4n \u00e4r, utan att bli st\u00f6rd av oljud fr\u00e5n din omgivning.<\/p>\n<div id=\"additional\" class=\"data item content\" role=\"tabpanel\" aria-labelledby=\"tab-label-additional-title\" data-role=\"content\" aria-hidden=\"false\">SPECIFIKATIONER<\/div>\n<div class=\"data item content\" role=\"tabpanel\" aria-labelledby=\"tab-label-additional-title\" data-role=\"content\" aria-hidden=\"false\">Produkt djup 25 mm<br \/>\nProdukt h\u00f6jd 50 mm<br \/>\nProduktvikt 0.04 kg<br \/>\nProdukt bredd 58 mm<br \/>\nF\u00e4rg Svart<br \/>\nGaranti 5 \u00e5r<br \/>\nAnslutningsbarhet Bluetooth<br \/>\nFrekvensrespons 20 &#8211; 20kHz<br \/>\nH\u00f6rlurstyp In-Ear Mikrofon Inbyggd<\/div>\n","protected":false},"excerpt":{"rendered":"<p>STREETZ \u00e4kta tr\u00e5dl\u00f6s stereo, ANC och in-ear-h\u00f6rlurar- TWS-116<\/p>\n","protected":false},"featured_media":96004,"template":"","meta":[],"product_brand":[],"product_cat":[128,119],"product_tag":[],"class_list":{"0":"post-96000","1":"product","2":"type-product","3":"status-publish","4":"has-post-thumbnail","6":"product_cat-headset-horlurar-med-bluetooth","7":"product_cat-horlurar-headset","9":"first","10":"instock","11":"taxable","12":"shipping-taxable","13":"purchasable","14":"product-type-simple"},"yoast_head":"<!-- This site is optimized with the Yoast SEO Premium plugin v26.7 (Yoast SEO v26.7) - https:\/\/yoast.com\/wordpress\/plugins\/seo\/ -->\n<title>STREETZ \u00e4kta tr\u00e5dl\u00f6s stereo, ANC och in-ear-h\u00f6rlurar- TWS-116<\/title>\n<meta name=\"description\" content=\"STREETZ \u00e4kta tr\u00e5dl\u00f6s stereo, ANC och in-ear-h\u00f6rlurar- TWS-116, \u00e4r b\u00e5de smidiga och l\u00e4tta att hantera, r\u00e4ckvidd p\u00e5 10 m.\" \/>\n<meta name=\"robots\" content=\"index, follow, max-snippet:-1, max-image-preview:large, max-video-preview:-1\" \/>\n<link rel=\"canonical\" href=\"https:\/\/www.heddata.se\/webbutik\/produkt\/streetz-akta-tradlos-stereo-anc-och-in-ear-horlurar-tws-116\/\" \/>\n<meta property=\"og:locale\" content=\"sv_SE\" \/>\n<meta property=\"og:type\" content=\"article\" \/>\n<meta property=\"og:title\" content=\"STREETZ \u00e4kta tr\u00e5dl\u00f6s stereo, ANC och in-ear-h\u00f6rlurar- TWS-116\" \/>\n<meta property=\"og:description\" content=\"STREETZ \u00e4kta tr\u00e5dl\u00f6s stereo, ANC och in-ear-h\u00f6rlurar- TWS-116, \u00e4r b\u00e5de smidiga och l\u00e4tta att hantera, r\u00e4ckvidd p\u00e5 10 m.\" \/>\n<meta property=\"og:url\" content=\"https:\/\/www.heddata.se\/webbutik\/produkt\/streetz-akta-tradlos-stereo-anc-och-in-ear-horlurar-tws-116\/\" \/>\n<meta property=\"og:site_name\" content=\"Datorer, Skrivare, F\u00e4rgpatroner, Mobiltelefoner\" \/>\n<meta property=\"article:modified_time\" content=\"2026-05-04T12:13:06+00:00\" \/>\n<meta property=\"og:image\" content=\"https:\/\/www.heddata.se\/webbutik\/wp-content\/uploads\/webbutik\/kategorier\/horlurar\/tws-116.jpg\" \/>\n\t<meta property=\"og:image:width\" content=\"1500\" \/>\n\t<meta property=\"og:image:height\" content=\"1500\" \/>\n\t<meta property=\"og:image:type\" content=\"image\/jpeg\" \/>\n<meta name=\"twitter:card\" content=\"summary_large_image\" \/>\n<meta name=\"twitter:label1\" content=\"Ber\u00e4knad l\u00e4stid\" \/>\n\t<meta name=\"twitter:data1\" content=\"1 minut\" \/>\n<script type=\"application\/ld+json\" class=\"yoast-schema-graph\">{\"@context\":\"https:\/\/schema.org\",\"@graph\":[{\"@type\":\"WebPage\",\"@id\":\"https:\/\/www.heddata.se\/webbutik\/produkt\/streetz-akta-tradlos-stereo-anc-och-in-ear-horlurar-tws-116\/\",\"url\":\"https:\/\/www.heddata.se\/webbutik\/produkt\/streetz-akta-tradlos-stereo-anc-och-in-ear-horlurar-tws-116\/\",\"name\":\"STREETZ \u00e4kta tr\u00e5dl\u00f6s stereo, ANC och in-ear-h\u00f6rlurar- TWS-116\",\"isPartOf\":{\"@id\":\"https:\/\/www.heddata.se\/webbutik\/#website\"},\"primaryImageOfPage\":{\"@id\":\"https:\/\/www.heddata.se\/webbutik\/produkt\/streetz-akta-tradlos-stereo-anc-och-in-ear-horlurar-tws-116\/#primaryimage\"},\"image\":{\"@id\":\"https:\/\/www.heddata.se\/webbutik\/produkt\/streetz-akta-tradlos-stereo-anc-och-in-ear-horlurar-tws-116\/#primaryimage\"},\"thumbnailUrl\":\"https:\/\/www.heddata.se\/webbutik\/wp-content\/uploads\/webbutik\/kategorier\/horlurar\/tws-116.jpg\",\"datePublished\":\"2025-01-10T15:18:32+00:00\",\"dateModified\":\"2026-05-04T12:13:06+00:00\",\"description\":\"STREETZ \u00e4kta tr\u00e5dl\u00f6s stereo, ANC och in-ear-h\u00f6rlurar- TWS-116, \u00e4r b\u00e5de smidiga och l\u00e4tta att hantera, r\u00e4ckvidd p\u00e5 10 m.\",\"breadcrumb\":{\"@id\":\"https:\/\/www.heddata.se\/webbutik\/produkt\/streetz-akta-tradlos-stereo-anc-och-in-ear-horlurar-tws-116\/#breadcrumb\"},\"inLanguage\":\"sv-SE\",\"potentialAction\":[{\"@type\":\"ReadAction\",\"target\":[\"https:\/\/www.heddata.se\/webbutik\/produkt\/streetz-akta-tradlos-stereo-anc-och-in-ear-horlurar-tws-116\/\"]}]},{\"@type\":\"ImageObject\",\"inLanguage\":\"sv-SE\",\"@id\":\"https:\/\/www.heddata.se\/webbutik\/produkt\/streetz-akta-tradlos-stereo-anc-och-in-ear-horlurar-tws-116\/#primaryimage\",\"url\":\"https:\/\/www.heddata.se\/webbutik\/wp-content\/uploads\/webbutik\/kategorier\/horlurar\/tws-116.jpg\",\"contentUrl\":\"https:\/\/www.heddata.se\/webbutik\/wp-content\/uploads\/webbutik\/kategorier\/horlurar\/tws-116.jpg\",\"width\":1500,\"height\":1500,\"caption\":\"STREETZ \u00e4kta tr\u00e5dl\u00f6s stereo\"},{\"@type\":\"BreadcrumbList\",\"@id\":\"https:\/\/www.heddata.se\/webbutik\/produkt\/streetz-akta-tradlos-stereo-anc-och-in-ear-horlurar-tws-116\/#breadcrumb\",\"itemListElement\":[{\"@type\":\"ListItem\",\"position\":1,\"name\":\"Hem\",\"item\":\"https:\/\/www.heddata.se\/webbutik\/\"},{\"@type\":\"ListItem\",\"position\":2,\"name\":\"Produkter\",\"item\":\"https:\/\/www.heddata.se\/webbutik\/shop\/\"},{\"@type\":\"ListItem\",\"position\":3,\"name\":\"STREETZ \u00e4kta tr\u00e5dl\u00f6s stereo, ANC och in-ear-h\u00f6rlurar- TWS-116\"}]},{\"@type\":\"WebSite\",\"@id\":\"https:\/\/www.heddata.se\/webbutik\/#website\",\"url\":\"https:\/\/www.heddata.se\/webbutik\/\",\"name\":\"Datorer, Skrivare, F\u00e4rgpatroner, Mobiltelefoner\",\"description\":\"Kablar\",\"publisher\":{\"@id\":\"https:\/\/www.heddata.se\/webbutik\/#organization\"},\"potentialAction\":[{\"@type\":\"SearchAction\",\"target\":{\"@type\":\"EntryPoint\",\"urlTemplate\":\"https:\/\/www.heddata.se\/webbutik\/?s={search_term_string}\"},\"query-input\":{\"@type\":\"PropertyValueSpecification\",\"valueRequired\":true,\"valueName\":\"search_term_string\"}}],\"inLanguage\":\"sv-SE\"},{\"@type\":\"Organization\",\"@id\":\"https:\/\/www.heddata.se\/webbutik\/#organization\",\"name\":\"Heddata AB\",\"url\":\"https:\/\/www.heddata.se\/webbutik\/\",\"logo\":{\"@type\":\"ImageObject\",\"inLanguage\":\"sv-SE\",\"@id\":\"https:\/\/www.heddata.se\/webbutik\/#\/schema\/logo\/image\/\",\"url\":\"https:\/\/www.heddata.se\/webbutik\/wp-content\/uploads\/logga\/heddata-ab-logga.png\",\"contentUrl\":\"https:\/\/www.heddata.se\/webbutik\/wp-content\/uploads\/logga\/heddata-ab-logga.png\",\"width\":200,\"height\":64,\"caption\":\"Heddata AB\"},\"image\":{\"@id\":\"https:\/\/www.heddata.se\/webbutik\/#\/schema\/logo\/image\/\"}}]}<\/script>\n<!-- \/ Yoast SEO Premium plugin. -->","yoast_head_json":{"title":"STREETZ \u00e4kta tr\u00e5dl\u00f6s stereo, ANC och in-ear-h\u00f6rlurar- TWS-116","description":"STREETZ \u00e4kta tr\u00e5dl\u00f6s stereo, ANC och in-ear-h\u00f6rlurar- TWS-116, \u00e4r b\u00e5de smidiga och l\u00e4tta att hantera, r\u00e4ckvidd p\u00e5 10 m.","robots":{"index":"index","follow":"follow","max-snippet":"max-snippet:-1","max-image-preview":"max-image-preview:large","max-video-preview":"max-video-preview:-1"},"canonical":"https:\/\/www.heddata.se\/webbutik\/produkt\/streetz-akta-tradlos-stereo-anc-och-in-ear-horlurar-tws-116\/","og_locale":"sv_SE","og_type":"article","og_title":"STREETZ \u00e4kta tr\u00e5dl\u00f6s stereo, ANC och in-ear-h\u00f6rlurar- TWS-116","og_description":"STREETZ \u00e4kta tr\u00e5dl\u00f6s stereo, ANC och in-ear-h\u00f6rlurar- TWS-116, \u00e4r b\u00e5de smidiga och l\u00e4tta att hantera, r\u00e4ckvidd p\u00e5 10 m.","og_url":"https:\/\/www.heddata.se\/webbutik\/produkt\/streetz-akta-tradlos-stereo-anc-och-in-ear-horlurar-tws-116\/","og_site_name":"Datorer, Skrivare, F\u00e4rgpatroner, Mobiltelefoner","article_modified_time":"2026-05-04T12:13:06+00:00","og_image":[{"width":1500,"height":1500,"url":"https:\/\/www.heddata.se\/webbutik\/wp-content\/uploads\/webbutik\/kategorier\/horlurar\/tws-116.jpg","type":"image\/jpeg"}],"twitter_card":"summary_large_image","twitter_misc":{"Ber\u00e4knad l\u00e4stid":"1 minut"},"schema":{"@context":"https:\/\/schema.org","@graph":[{"@type":"WebPage","@id":"https:\/\/www.heddata.se\/webbutik\/produkt\/streetz-akta-tradlos-stereo-anc-och-in-ear-horlurar-tws-116\/","url":"https:\/\/www.heddata.se\/webbutik\/produkt\/streetz-akta-tradlos-stereo-anc-och-in-ear-horlurar-tws-116\/","name":"STREETZ \u00e4kta tr\u00e5dl\u00f6s stereo, ANC och in-ear-h\u00f6rlurar- TWS-116","isPartOf":{"@id":"https:\/\/www.heddata.se\/webbutik\/#website"},"primaryImageOfPage":{"@id":"https:\/\/www.heddata.se\/webbutik\/produkt\/streetz-akta-tradlos-stereo-anc-och-in-ear-horlurar-tws-116\/#primaryimage"},"image":{"@id":"https:\/\/www.heddata.se\/webbutik\/produkt\/streetz-akta-tradlos-stereo-anc-och-in-ear-horlurar-tws-116\/#primaryimage"},"thumbnailUrl":"https:\/\/www.heddata.se\/webbutik\/wp-content\/uploads\/webbutik\/kategorier\/horlurar\/tws-116.jpg","datePublished":"2025-01-10T15:18:32+00:00","dateModified":"2026-05-04T12:13:06+00:00","description":"STREETZ \u00e4kta tr\u00e5dl\u00f6s stereo, ANC och in-ear-h\u00f6rlurar- TWS-116, \u00e4r b\u00e5de smidiga och l\u00e4tta att hantera, r\u00e4ckvidd p\u00e5 10 m.","breadcrumb":{"@id":"https:\/\/www.heddata.se\/webbutik\/produkt\/streetz-akta-tradlos-stereo-anc-och-in-ear-horlurar-tws-116\/#breadcrumb"},"inLanguage":"sv-SE","potentialAction":[{"@type":"ReadAction","target":["https:\/\/www.heddata.se\/webbutik\/produkt\/streetz-akta-tradlos-stereo-anc-och-in-ear-horlurar-tws-116\/"]}]},{"@type":"ImageObject","inLanguage":"sv-SE","@id":"https:\/\/www.heddata.se\/webbutik\/produkt\/streetz-akta-tradlos-stereo-anc-och-in-ear-horlurar-tws-116\/#primaryimage","url":"https:\/\/www.heddata.se\/webbutik\/wp-content\/uploads\/webbutik\/kategorier\/horlurar\/tws-116.jpg","contentUrl":"https:\/\/www.heddata.se\/webbutik\/wp-content\/uploads\/webbutik\/kategorier\/horlurar\/tws-116.jpg","width":1500,"height":1500,"caption":"STREETZ \u00e4kta tr\u00e5dl\u00f6s stereo"},{"@type":"BreadcrumbList","@id":"https:\/\/www.heddata.se\/webbutik\/produkt\/streetz-akta-tradlos-stereo-anc-och-in-ear-horlurar-tws-116\/#breadcrumb","itemListElement":[{"@type":"ListItem","position":1,"name":"Hem","item":"https:\/\/www.heddata.se\/webbutik\/"},{"@type":"ListItem","position":2,"name":"Produkter","item":"https:\/\/www.heddata.se\/webbutik\/shop\/"},{"@type":"ListItem","position":3,"name":"STREETZ \u00e4kta tr\u00e5dl\u00f6s stereo, ANC och in-ear-h\u00f6rlurar- TWS-116"}]},{"@type":"WebSite","@id":"https:\/\/www.heddata.se\/webbutik\/#website","url":"https:\/\/www.heddata.se\/webbutik\/","name":"Datorer, Skrivare, F\u00e4rgpatroner, Mobiltelefoner","description":"Kablar","publisher":{"@id":"https:\/\/www.heddata.se\/webbutik\/#organization"},"potentialAction":[{"@type":"SearchAction","target":{"@type":"EntryPoint","urlTemplate":"https:\/\/www.heddata.se\/webbutik\/?s={search_term_string}"},"query-input":{"@type":"PropertyValueSpecification","valueRequired":true,"valueName":"search_term_string"}}],"inLanguage":"sv-SE"},{"@type":"Organization","@id":"https:\/\/www.heddata.se\/webbutik\/#organization","name":"Heddata AB","url":"https:\/\/www.heddata.se\/webbutik\/","logo":{"@type":"ImageObject","inLanguage":"sv-SE","@id":"https:\/\/www.heddata.se\/webbutik\/#\/schema\/logo\/image\/","url":"https:\/\/www.heddata.se\/webbutik\/wp-content\/uploads\/logga\/heddata-ab-logga.png","contentUrl":"https:\/\/www.heddata.se\/webbutik\/wp-content\/uploads\/logga\/heddata-ab-logga.png","width":200,"height":64,"caption":"Heddata AB"},"image":{"@id":"https:\/\/www.heddata.se\/webbutik\/#\/schema\/logo\/image\/"}}]}},"_links":{"self":[{"href":"https:\/\/www.heddata.se\/webbutik\/wp-json\/wp\/v2\/product\/96000","targetHints":{"allow":["GET"]}}],"collection":[{"href":"https:\/\/www.heddata.se\/webbutik\/wp-json\/wp\/v2\/product"}],"about":[{"href":"https:\/\/www.heddata.se\/webbutik\/wp-json\/wp\/v2\/types\/product"}],"wp:featuredmedia":[{"embeddable":true,"href":"https:\/\/www.heddata.se\/webbutik\/wp-json\/wp\/v2\/media\/96004"}],"wp:attachment":[{"href":"https:\/\/www.heddata.se\/webbutik\/wp-json\/wp\/v2\/media?parent=96000"}],"wp:term":[{"taxonomy":"product_brand","embeddable":true,"href":"https:\/\/www.heddata.se\/webbutik\/wp-json\/wp\/v2\/product_brand?post=96000"},{"taxonomy":"product_cat","embeddable":true,"href":"https:\/\/www.heddata.se\/webbutik\/wp-json\/wp\/v2\/product_cat?post=96000"},{"taxonomy":"product_tag","embeddable":true,"href":"https:\/\/www.heddata.se\/webbutik\/wp-json\/wp\/v2\/product_tag?post=96000"}],"curies":[{"name":"wp","href":"https:\/\/api.w.org\/{rel}","templated":true}]}}