{"id":95932,"date":"2024-12-05T16:18:23","date_gmt":"2024-12-05T15:18:23","guid":{"rendered":"https:\/\/www.heddata.se\/webbutik\/?post_type=product&#038;p=95932"},"modified":"2026-05-08T18:11:56","modified_gmt":"2026-05-08T16:11:56","slug":"lenovo-legion-hu85-gaming-headset-svart-usb-anslutning-hu85","status":"publish","type":"product","link":"https:\/\/www.heddata.se\/webbutik\/produkt\/lenovo-legion-hu85-gaming-headset-svart-usb-anslutning-hu85\/","title":{"rendered":"Lenovo Legion HU85 Gaming Headset Svart USB-anslutning &#8211; HU85"},"content":{"rendered":"<p>Lenovo Legion HU85 Gaming Headset Svart USB-anslutning &#8211; HU85<\/p>\n<p id=\"tw-target-text\" class=\"tw-data-text tw-text-large tw-ta\" dir=\"ltr\" data-placeholder=\"\u00d6vers\u00e4ttning\" data-ved=\"2ahUKEwiay6r5-JCKAxUQR1UIHfCqOskQ3ewLegQICxAU\" aria-label=\"\u00d6versatt text: Ta din spelupplevelse till n\u00e4sta niv\u00e5. Lenovo HU85-h\u00f6rlurarna erbjuder utm\u00e4rkt ljudkvalitet p\u00e5 HiFi-niv\u00e5 och har en avancerad, justerbar mikrofon. Samtidigt \u00e4r de extremt bekv\u00e4ma men \u00e4nd\u00e5 snygga - den f\u00e4rgglada bakgrundsbelysningen i 7 f\u00e4rger ger dem en unik touch. Den inbyggda volymratten l\u00e5ter dig snabbt justera volymen.\"><span class=\"Y2IQFc\" lang=\"sv\">Ta din spelupplevelse till n\u00e4sta niv\u00e5. Lenovo <a href=\"https:\/\/www.heddata.se\/webbutik\/horlurar-headset\/horlurar-headset-med-sladd\/\">HU85-h\u00f6rlurarna<\/a> erbjuder utm\u00e4rkt ljudkvalitet p\u00e5 HiFi-niv\u00e5 och har en avancerad, justerbar mikrofon. Samtidigt \u00e4r de extremt bekv\u00e4ma men \u00e4nd\u00e5 snygga &#8211; den f\u00e4rgglada bakgrundsbelysningen i 7 f\u00e4rger ger dem en unik touch. Den inbyggda volymratten l\u00e5ter dig snabbt justera volymen.<\/span><\/p>\n<h3>Specification<\/h3>\n<p>&nbsp;<\/p>\n<table>\n<tbody>\n<tr>\n<th>Brand<\/th>\n<td><a href=\"https:\/\/www.lenovo.com\/se\/sv\/pc\/\" target=\"_blank\" rel=\"noopener\">Lenovo<\/a><\/td>\n<\/tr>\n<tr>\n<th>Model<\/th>\n<td>HU85<\/td>\n<\/tr>\n<tr>\n<th>Interface<\/th>\n<td>USB2.0<\/td>\n<\/tr>\n<tr>\n<th>Sensitivity<\/th>\n<td>110\u00b13dB<\/td>\n<\/tr>\n<tr>\n<th>Impedance<\/th>\n<td>32\u03a9\u00b115%<\/td>\n<\/tr>\n<tr>\n<th>Driver<\/th>\n<td>40mm<\/td>\n<\/tr>\n<tr>\n<th>Rated power<\/th>\n<td>10mW<\/td>\n<\/tr>\n<tr>\n<th>Maximum power<\/th>\n<td>20mW<\/td>\n<\/tr>\n<tr>\n<th>Frequency response<\/th>\n<td>20Hz-20kHz<\/td>\n<\/tr>\n<tr>\n<th>Microphone directivity<\/th>\n<td>Omnidirectional<\/td>\n<\/tr>\n<tr>\n<th>Voltage range<\/th>\n<td>1.5-3.6V<\/td>\n<\/tr>\n<tr>\n<th>Signal to noise ratio<\/th>\n<td>\u226560dB<\/td>\n<\/tr>\n<tr>\n<th>Microphone frequency response<\/th>\n<td>100Hz-8kHz<\/td>\n<\/tr>\n<tr>\n<th>Material<\/th>\n<td>PVC + woven fiber<\/td>\n<\/tr>\n<tr>\n<th>Core<\/th>\n<td>Enameled copper<\/td>\n<\/tr>\n<tr>\n<th>Cable length<\/th>\n<td>2.1m<\/td>\n<\/tr>\n<\/tbody>\n<\/table>\n","protected":false},"excerpt":{"rendered":"<p>Lenovo Legion HU85 Gaming Headset Svart USB-anslutning &#8211; HU85<\/p>\n","protected":false},"featured_media":95934,"template":"","meta":[],"product_brand":[],"product_cat":[66,126,8997,119],"product_tag":[],"class_list":{"0":"post-95932","1":"product","2":"type-product","3":"status-publish","4":"has-post-thumbnail","6":"product_cat-gaming","7":"product_cat-headset-horlurar-med-mikrofon","8":"product_cat-headset-och-horlurar-med-sladd","9":"product_cat-horlurar-headset","11":"first","12":"instock","13":"taxable","14":"shipping-taxable","15":"purchasable","16":"product-type-simple"},"yoast_head":"<!-- This site is optimized with the Yoast SEO Premium plugin v26.7 (Yoast SEO v26.7) - https:\/\/yoast.com\/wordpress\/plugins\/seo\/ -->\n<title>Lenovo Legion HU85 Gaming Headset Svart USB-anslutning - HU85<\/title>\n<meta name=\"description\" content=\"Lenovo Legion HU85 Gaming Headset Svart USB-anslutning - HU85-h\u00f6rlurarna erbjuder utm\u00e4rkt ljudkvalitet p\u00e5 HiFi-niv\u00e5.\" \/>\n<meta name=\"robots\" content=\"index, follow, max-snippet:-1, max-image-preview:large, max-video-preview:-1\" \/>\n<link rel=\"canonical\" href=\"https:\/\/www.heddata.se\/webbutik\/produkt\/lenovo-legion-hu85-gaming-headset-svart-usb-anslutning-hu85\/\" \/>\n<meta property=\"og:locale\" content=\"sv_SE\" \/>\n<meta property=\"og:type\" content=\"article\" \/>\n<meta property=\"og:title\" content=\"Lenovo Legion HU85 Gaming Headset Svart USB-anslutning - HU85\" \/>\n<meta property=\"og:description\" content=\"Lenovo Legion HU85 Gaming Headset Svart USB-anslutning - HU85-h\u00f6rlurarna erbjuder utm\u00e4rkt ljudkvalitet p\u00e5 HiFi-niv\u00e5.\" \/>\n<meta property=\"og:url\" content=\"https:\/\/www.heddata.se\/webbutik\/produkt\/lenovo-legion-hu85-gaming-headset-svart-usb-anslutning-hu85\/\" \/>\n<meta property=\"og:site_name\" content=\"Datorer, Skrivare, F\u00e4rgpatroner, Mobiltelefoner\" \/>\n<meta property=\"article:modified_time\" content=\"2026-05-08T16:11:56+00:00\" \/>\n<meta property=\"og:image\" content=\"https:\/\/www.heddata.se\/webbutik\/wp-content\/uploads\/webbutik\/kategorier\/horlurar\/hu85.jpg\" \/>\n\t<meta property=\"og:image:width\" content=\"884\" \/>\n\t<meta property=\"og:image:height\" content=\"884\" \/>\n\t<meta property=\"og:image:type\" content=\"image\/jpeg\" \/>\n<meta name=\"twitter:card\" content=\"summary_large_image\" \/>\n<meta name=\"twitter:label1\" content=\"Ber\u00e4knad l\u00e4stid\" \/>\n\t<meta name=\"twitter:data1\" content=\"1 minut\" \/>\n<script type=\"application\/ld+json\" class=\"yoast-schema-graph\">{\"@context\":\"https:\/\/schema.org\",\"@graph\":[{\"@type\":\"WebPage\",\"@id\":\"https:\/\/www.heddata.se\/webbutik\/produkt\/lenovo-legion-hu85-gaming-headset-svart-usb-anslutning-hu85\/\",\"url\":\"https:\/\/www.heddata.se\/webbutik\/produkt\/lenovo-legion-hu85-gaming-headset-svart-usb-anslutning-hu85\/\",\"name\":\"Lenovo Legion HU85 Gaming Headset Svart USB-anslutning - HU85\",\"isPartOf\":{\"@id\":\"https:\/\/www.heddata.se\/webbutik\/#website\"},\"primaryImageOfPage\":{\"@id\":\"https:\/\/www.heddata.se\/webbutik\/produkt\/lenovo-legion-hu85-gaming-headset-svart-usb-anslutning-hu85\/#primaryimage\"},\"image\":{\"@id\":\"https:\/\/www.heddata.se\/webbutik\/produkt\/lenovo-legion-hu85-gaming-headset-svart-usb-anslutning-hu85\/#primaryimage\"},\"thumbnailUrl\":\"https:\/\/www.heddata.se\/webbutik\/wp-content\/uploads\/webbutik\/kategorier\/horlurar\/hu85.jpg\",\"datePublished\":\"2024-12-05T15:18:23+00:00\",\"dateModified\":\"2026-05-08T16:11:56+00:00\",\"description\":\"Lenovo Legion HU85 Gaming Headset Svart USB-anslutning - HU85-h\u00f6rlurarna erbjuder utm\u00e4rkt ljudkvalitet p\u00e5 HiFi-niv\u00e5.\",\"breadcrumb\":{\"@id\":\"https:\/\/www.heddata.se\/webbutik\/produkt\/lenovo-legion-hu85-gaming-headset-svart-usb-anslutning-hu85\/#breadcrumb\"},\"inLanguage\":\"sv-SE\",\"potentialAction\":[{\"@type\":\"ReadAction\",\"target\":[\"https:\/\/www.heddata.se\/webbutik\/produkt\/lenovo-legion-hu85-gaming-headset-svart-usb-anslutning-hu85\/\"]}]},{\"@type\":\"ImageObject\",\"inLanguage\":\"sv-SE\",\"@id\":\"https:\/\/www.heddata.se\/webbutik\/produkt\/lenovo-legion-hu85-gaming-headset-svart-usb-anslutning-hu85\/#primaryimage\",\"url\":\"https:\/\/www.heddata.se\/webbutik\/wp-content\/uploads\/webbutik\/kategorier\/horlurar\/hu85.jpg\",\"contentUrl\":\"https:\/\/www.heddata.se\/webbutik\/wp-content\/uploads\/webbutik\/kategorier\/horlurar\/hu85.jpg\",\"width\":884,\"height\":884,\"caption\":\"Lenovo Legion HU85 Gaming\"},{\"@type\":\"BreadcrumbList\",\"@id\":\"https:\/\/www.heddata.se\/webbutik\/produkt\/lenovo-legion-hu85-gaming-headset-svart-usb-anslutning-hu85\/#breadcrumb\",\"itemListElement\":[{\"@type\":\"ListItem\",\"position\":1,\"name\":\"Hem\",\"item\":\"https:\/\/www.heddata.se\/webbutik\/\"},{\"@type\":\"ListItem\",\"position\":2,\"name\":\"Produkter\",\"item\":\"https:\/\/www.heddata.se\/webbutik\/shop\/\"},{\"@type\":\"ListItem\",\"position\":3,\"name\":\"Lenovo Legion HU85 Gaming Headset Svart USB-anslutning &#8211; HU85\"}]},{\"@type\":\"WebSite\",\"@id\":\"https:\/\/www.heddata.se\/webbutik\/#website\",\"url\":\"https:\/\/www.heddata.se\/webbutik\/\",\"name\":\"Datorer, Skrivare, F\u00e4rgpatroner, Mobiltelefoner\",\"description\":\"Kablar\",\"publisher\":{\"@id\":\"https:\/\/www.heddata.se\/webbutik\/#organization\"},\"potentialAction\":[{\"@type\":\"SearchAction\",\"target\":{\"@type\":\"EntryPoint\",\"urlTemplate\":\"https:\/\/www.heddata.se\/webbutik\/?s={search_term_string}\"},\"query-input\":{\"@type\":\"PropertyValueSpecification\",\"valueRequired\":true,\"valueName\":\"search_term_string\"}}],\"inLanguage\":\"sv-SE\"},{\"@type\":\"Organization\",\"@id\":\"https:\/\/www.heddata.se\/webbutik\/#organization\",\"name\":\"Heddata AB\",\"url\":\"https:\/\/www.heddata.se\/webbutik\/\",\"logo\":{\"@type\":\"ImageObject\",\"inLanguage\":\"sv-SE\",\"@id\":\"https:\/\/www.heddata.se\/webbutik\/#\/schema\/logo\/image\/\",\"url\":\"https:\/\/www.heddata.se\/webbutik\/wp-content\/uploads\/logga\/heddata-ab-logga.png\",\"contentUrl\":\"https:\/\/www.heddata.se\/webbutik\/wp-content\/uploads\/logga\/heddata-ab-logga.png\",\"width\":200,\"height\":64,\"caption\":\"Heddata AB\"},\"image\":{\"@id\":\"https:\/\/www.heddata.se\/webbutik\/#\/schema\/logo\/image\/\"}}]}<\/script>\n<!-- \/ Yoast SEO Premium plugin. -->","yoast_head_json":{"title":"Lenovo Legion HU85 Gaming Headset Svart USB-anslutning - HU85","description":"Lenovo Legion HU85 Gaming Headset Svart USB-anslutning - HU85-h\u00f6rlurarna erbjuder utm\u00e4rkt ljudkvalitet p\u00e5 HiFi-niv\u00e5.","robots":{"index":"index","follow":"follow","max-snippet":"max-snippet:-1","max-image-preview":"max-image-preview:large","max-video-preview":"max-video-preview:-1"},"canonical":"https:\/\/www.heddata.se\/webbutik\/produkt\/lenovo-legion-hu85-gaming-headset-svart-usb-anslutning-hu85\/","og_locale":"sv_SE","og_type":"article","og_title":"Lenovo Legion HU85 Gaming Headset Svart USB-anslutning - HU85","og_description":"Lenovo Legion HU85 Gaming Headset Svart USB-anslutning - HU85-h\u00f6rlurarna erbjuder utm\u00e4rkt ljudkvalitet p\u00e5 HiFi-niv\u00e5.","og_url":"https:\/\/www.heddata.se\/webbutik\/produkt\/lenovo-legion-hu85-gaming-headset-svart-usb-anslutning-hu85\/","og_site_name":"Datorer, Skrivare, F\u00e4rgpatroner, Mobiltelefoner","article_modified_time":"2026-05-08T16:11:56+00:00","og_image":[{"width":884,"height":884,"url":"https:\/\/www.heddata.se\/webbutik\/wp-content\/uploads\/webbutik\/kategorier\/horlurar\/hu85.jpg","type":"image\/jpeg"}],"twitter_card":"summary_large_image","twitter_misc":{"Ber\u00e4knad l\u00e4stid":"1 minut"},"schema":{"@context":"https:\/\/schema.org","@graph":[{"@type":"WebPage","@id":"https:\/\/www.heddata.se\/webbutik\/produkt\/lenovo-legion-hu85-gaming-headset-svart-usb-anslutning-hu85\/","url":"https:\/\/www.heddata.se\/webbutik\/produkt\/lenovo-legion-hu85-gaming-headset-svart-usb-anslutning-hu85\/","name":"Lenovo Legion HU85 Gaming Headset Svart USB-anslutning - HU85","isPartOf":{"@id":"https:\/\/www.heddata.se\/webbutik\/#website"},"primaryImageOfPage":{"@id":"https:\/\/www.heddata.se\/webbutik\/produkt\/lenovo-legion-hu85-gaming-headset-svart-usb-anslutning-hu85\/#primaryimage"},"image":{"@id":"https:\/\/www.heddata.se\/webbutik\/produkt\/lenovo-legion-hu85-gaming-headset-svart-usb-anslutning-hu85\/#primaryimage"},"thumbnailUrl":"https:\/\/www.heddata.se\/webbutik\/wp-content\/uploads\/webbutik\/kategorier\/horlurar\/hu85.jpg","datePublished":"2024-12-05T15:18:23+00:00","dateModified":"2026-05-08T16:11:56+00:00","description":"Lenovo Legion HU85 Gaming Headset Svart USB-anslutning - HU85-h\u00f6rlurarna erbjuder utm\u00e4rkt ljudkvalitet p\u00e5 HiFi-niv\u00e5.","breadcrumb":{"@id":"https:\/\/www.heddata.se\/webbutik\/produkt\/lenovo-legion-hu85-gaming-headset-svart-usb-anslutning-hu85\/#breadcrumb"},"inLanguage":"sv-SE","potentialAction":[{"@type":"ReadAction","target":["https:\/\/www.heddata.se\/webbutik\/produkt\/lenovo-legion-hu85-gaming-headset-svart-usb-anslutning-hu85\/"]}]},{"@type":"ImageObject","inLanguage":"sv-SE","@id":"https:\/\/www.heddata.se\/webbutik\/produkt\/lenovo-legion-hu85-gaming-headset-svart-usb-anslutning-hu85\/#primaryimage","url":"https:\/\/www.heddata.se\/webbutik\/wp-content\/uploads\/webbutik\/kategorier\/horlurar\/hu85.jpg","contentUrl":"https:\/\/www.heddata.se\/webbutik\/wp-content\/uploads\/webbutik\/kategorier\/horlurar\/hu85.jpg","width":884,"height":884,"caption":"Lenovo Legion HU85 Gaming"},{"@type":"BreadcrumbList","@id":"https:\/\/www.heddata.se\/webbutik\/produkt\/lenovo-legion-hu85-gaming-headset-svart-usb-anslutning-hu85\/#breadcrumb","itemListElement":[{"@type":"ListItem","position":1,"name":"Hem","item":"https:\/\/www.heddata.se\/webbutik\/"},{"@type":"ListItem","position":2,"name":"Produkter","item":"https:\/\/www.heddata.se\/webbutik\/shop\/"},{"@type":"ListItem","position":3,"name":"Lenovo Legion HU85 Gaming Headset Svart USB-anslutning &#8211; HU85"}]},{"@type":"WebSite","@id":"https:\/\/www.heddata.se\/webbutik\/#website","url":"https:\/\/www.heddata.se\/webbutik\/","name":"Datorer, Skrivare, F\u00e4rgpatroner, Mobiltelefoner","description":"Kablar","publisher":{"@id":"https:\/\/www.heddata.se\/webbutik\/#organization"},"potentialAction":[{"@type":"SearchAction","target":{"@type":"EntryPoint","urlTemplate":"https:\/\/www.heddata.se\/webbutik\/?s={search_term_string}"},"query-input":{"@type":"PropertyValueSpecification","valueRequired":true,"valueName":"search_term_string"}}],"inLanguage":"sv-SE"},{"@type":"Organization","@id":"https:\/\/www.heddata.se\/webbutik\/#organization","name":"Heddata AB","url":"https:\/\/www.heddata.se\/webbutik\/","logo":{"@type":"ImageObject","inLanguage":"sv-SE","@id":"https:\/\/www.heddata.se\/webbutik\/#\/schema\/logo\/image\/","url":"https:\/\/www.heddata.se\/webbutik\/wp-content\/uploads\/logga\/heddata-ab-logga.png","contentUrl":"https:\/\/www.heddata.se\/webbutik\/wp-content\/uploads\/logga\/heddata-ab-logga.png","width":200,"height":64,"caption":"Heddata AB"},"image":{"@id":"https:\/\/www.heddata.se\/webbutik\/#\/schema\/logo\/image\/"}}]}},"_links":{"self":[{"href":"https:\/\/www.heddata.se\/webbutik\/wp-json\/wp\/v2\/product\/95932","targetHints":{"allow":["GET"]}}],"collection":[{"href":"https:\/\/www.heddata.se\/webbutik\/wp-json\/wp\/v2\/product"}],"about":[{"href":"https:\/\/www.heddata.se\/webbutik\/wp-json\/wp\/v2\/types\/product"}],"wp:featuredmedia":[{"embeddable":true,"href":"https:\/\/www.heddata.se\/webbutik\/wp-json\/wp\/v2\/media\/95934"}],"wp:attachment":[{"href":"https:\/\/www.heddata.se\/webbutik\/wp-json\/wp\/v2\/media?parent=95932"}],"wp:term":[{"taxonomy":"product_brand","embeddable":true,"href":"https:\/\/www.heddata.se\/webbutik\/wp-json\/wp\/v2\/product_brand?post=95932"},{"taxonomy":"product_cat","embeddable":true,"href":"https:\/\/www.heddata.se\/webbutik\/wp-json\/wp\/v2\/product_cat?post=95932"},{"taxonomy":"product_tag","embeddable":true,"href":"https:\/\/www.heddata.se\/webbutik\/wp-json\/wp\/v2\/product_tag?post=95932"}],"curies":[{"name":"wp","href":"https:\/\/api.w.org\/{rel}","templated":true}]}}