{"id":95898,"date":"2024-11-26T17:18:15","date_gmt":"2024-11-26T16:18:15","guid":{"rendered":"https:\/\/www.heddata.se\/webbutik\/?post_type=product&#038;p=95898"},"modified":"2026-04-29T18:09:20","modified_gmt":"2026-04-29T16:09:20","slug":"displayport-kabel-displayport-hane-displayport-hane-8k60hz-guldplaterad-2-00-m-ccbw37014at20","status":"publish","type":"product","link":"https:\/\/www.heddata.se\/webbutik\/produkt\/displayport-kabel-displayport-hane-displayport-hane-8k60hz-guldplaterad-2-00-m-ccbw37014at20\/","title":{"rendered":"Displayport-kabel DisplayPort Hane | DisplayPort Hane | 8K@60Hz | Guldplaterad | 2.00 m &#8211; CCBW37014AT20"},"content":{"rendered":"<p>Displayport-kabel DisplayPort Hane | DisplayPort Hane | 8K@60Hz | Guldplaterad | 2.00 m &#8211; CCBW37014AT20<\/p>\n<p>DisplayPort 1.4-kompatibel &#8211; st\u00f6d f\u00f6r uppl\u00f6sningar upp till 8K<br \/>\nGuldpl\u00e4terade kontakter f\u00f6r enast\u00e5ende bildkvalitet<br \/>\nFull kopparkabel garanterar \u00f6verl\u00e4gsna \u00f6verf\u00f6ringsegenskaper<br \/>\nMetallfl\u00e4tad sk\u00e4rmning minskar elektromagnetiska st\u00f6rningar<br \/>\nH\u00e5llbara, gjutna kontakter som \u00e4r speciellt utformade f\u00f6r intensiv anv\u00e4ndning<br \/>\nmaximum bandwidth 600 MHz<\/p>\n<p>DisplayPort-kabel version 1.4 kan anv\u00e4ndas f\u00f6r att ansluta <a href=\"https:\/\/www.heddata.se\/webbutik\/datorer\/\">datorer<\/a> med DisplayPort-utg\u00e5ng till bildsk\u00e4rmar med HDMI-ing\u00e5ng och uppl\u00f6sning upp till 8K.<br \/>\nDisplayPort 1.4 \u00f6kar den maximala datahastigheten enormt j\u00e4mf\u00f6rt med tidigare versioner och \u00f6verf\u00f6r knivskarp h\u00f6guppl\u00f6st video och h\u00f6gkvalitativt HD-ljud.<br \/>\nF\u00f6rutom filmer passar kabeln \u00e4ven f\u00f6r spel.<\/p>\n<h3><a href=\"https:\/\/nedis.se\/sv-se\" target=\"_blank\" rel=\"noopener\">Produktspecifikationer<\/a><\/h3>\n<table class=\"table table-with-odd-background\">\n<tbody>\n<tr>\n<td class=\"col-4\">F\u00e4rg<\/td>\n<td class=\"col-8\">Antracit<\/td>\n<\/tr>\n<tr>\n<td class=\"col-4\">Anslutningsdesign \u2013 sida B<\/td>\n<td class=\"col-8\">Rak<\/td>\n<\/tr>\n<tr>\n<td class=\"col-4\">Anslutningsdesign \u2013 sida A<\/td>\n<td class=\"col-8\">Rak<\/td>\n<\/tr>\n<tr>\n<td class=\"col-4\">Kabelns utformning<\/td>\n<td class=\"col-8\">Rund<\/td>\n<\/tr>\n<tr>\n<td class=\"col-4\">Kontaktspl\u00e4tering<\/td>\n<td class=\"col-8\">Guldplaterad<\/td>\n<\/tr>\n<tr>\n<td class=\"col-4\">Kontaktmaterial<\/td>\n<td class=\"col-8\">PVC<\/td>\n<\/tr>\n<tr>\n<td class=\"col-4\">Kabelmantelns material<\/td>\n<td class=\"col-8\">PVC<\/td>\n<\/tr>\n<tr>\n<td class=\"col-4\">Kabell\u00e4ngd<\/td>\n<td class=\"col-8\">2.00 m<\/td>\n<\/tr>\n<tr>\n<td class=\"col-4\">Kabelmantelstorlek<\/td>\n<td class=\"col-8\">7.3 mm<\/td>\n<\/tr>\n<tr>\n<td class=\"col-4\">AWG-v\u00e4rde<\/td>\n<td class=\"col-8\">28<\/td>\n<\/tr>\n<tr>\n<td class=\"col-4\">Material<\/td>\n<td class=\"col-8\">PVC<\/td>\n<\/tr>\n<tr>\n<td class=\"col-4\">Ledardiameter<\/td>\n<td class=\"col-8\">7 x 0.12 mm<\/td>\n<\/tr>\n<tr>\n<td class=\"col-4\">Adapterutformning<\/td>\n<td class=\"col-8\">Rak<\/td>\n<\/tr>\n<tr>\n<td class=\"col-4\">Ledarmaterial<\/td>\n<td class=\"col-8\">F\u00f6rtent Koppar<\/td>\n<\/tr>\n<tr>\n<td class=\"col-4\">Uppl\u00f6sning som st\u00f6ds<\/td>\n<td class=\"col-8\">1080p@60Hz<br \/>\n4K@60Hz<br \/>\n4K@30Hz<br \/>\n1080p@120Hz<br \/>\n720p<br \/>\n8K@60Hz<br \/>\n4K@120Hz<br \/>\n8K@30Hz<\/td>\n<\/tr>\n<tr>\n<td class=\"col-4\">Kontakt A<\/td>\n<td class=\"col-8\">DisplayPort Hane<\/td>\n<\/tr>\n<tr>\n<td class=\"col-4\">Kontakt B<\/td>\n<td class=\"col-8\">DisplayPort Hane<\/td>\n<\/tr>\n<tr>\n<td class=\"col-4\">Kabeltyp<\/td>\n<td class=\"col-8\">DisplayPort<\/td>\n<\/tr>\n<tr>\n<td class=\"col-4\">Maximal bandbredd<\/td>\n<td class=\"col-8\">32.4 Gbps<\/td>\n<\/tr>\n<tr>\n<td class=\"col-4\">Version<\/td>\n<td class=\"col-8\">1.4<\/td>\n<\/tr>\n<tr>\n<td class=\"col-4\">Maximal uppl\u00f6sning<\/td>\n<td class=\"col-8\">8K@60Hz<\/td>\n<\/tr>\n<tr>\n<td class=\"col-4\">Bildf\u00f6rh\u00e5llande<\/td>\n<td class=\"col-8\">16:9<\/td>\n<\/tr>\n<tr>\n<td class=\"col-4\">Resolution standard<\/td>\n<td class=\"col-8\">8K UHD<\/td>\n<\/tr>\n<tr>\n<td class=\"col-4\">F\u00f6rpackningstyp<\/td>\n<td class=\"col-8\">L\u00e5da<\/td>\n<\/tr>\n<tr>\n<td class=\"col-4\">Sk\u00e4rmning<\/td>\n<td class=\"col-8\">Sk\u00e4rmad<\/td>\n<\/tr>\n<tr>\n<td class=\"col-4\">Antal varor i paketet<\/td>\n<td class=\"col-8\">1 st.<\/td>\n<\/tr>\n<\/tbody>\n<\/table>\n","protected":false},"excerpt":{"rendered":"<p>Displayport-kabel DisplayPort Hane | DisplayPort Hane | 8K@60Hz | Guldplaterad | 2.00 m &#8211; CCBW37014AT20<\/p>\n","protected":false},"featured_media":95902,"template":"","meta":[],"product_brand":[],"product_cat":[76,8999,59],"product_tag":[],"class_list":{"0":"post-95898","1":"product","2":"type-product","3":"status-publish","4":"has-post-thumbnail","6":"product_cat-bild-kablar","7":"product_cat-displayportskablar","8":"product_cat-kablar","10":"first","11":"instock","12":"taxable","13":"shipping-taxable","14":"purchasable","15":"product-type-simple"},"yoast_head":"<!-- This site is optimized with the Yoast SEO Premium plugin v26.7 (Yoast SEO v26.7) - https:\/\/yoast.com\/wordpress\/plugins\/seo\/ -->\n<title>Displayport-kabel DisplayPort Hane | DisplayPort Hane | 8K@60Hz<\/title>\n<meta name=\"description\" content=\"Displayport-kabel DisplayPort Hane | DisplayPort Hane | st\u00f6d f\u00f6r uppl\u00f6sningar upp till 8K F\u00f6rutom filmer passar kabeln \u00e4ven f\u00f6r spel.\" \/>\n<meta name=\"robots\" content=\"index, follow, max-snippet:-1, max-image-preview:large, max-video-preview:-1\" \/>\n<link rel=\"canonical\" href=\"https:\/\/www.heddata.se\/webbutik\/produkt\/displayport-kabel-displayport-hane-displayport-hane-8k60hz-guldplaterad-2-00-m-ccbw37014at20\/\" \/>\n<meta property=\"og:locale\" content=\"sv_SE\" \/>\n<meta property=\"og:type\" content=\"article\" \/>\n<meta property=\"og:title\" content=\"Displayport-kabel DisplayPort Hane | DisplayPort Hane | 8K@60Hz | Guldplaterad | 2.00 m - CCBW37014AT20\" \/>\n<meta property=\"og:description\" content=\"Displayport-kabel DisplayPort Hane | DisplayPort Hane | st\u00f6d f\u00f6r uppl\u00f6sningar upp till 8K F\u00f6rutom filmer passar kabeln \u00e4ven f\u00f6r spel.\" \/>\n<meta property=\"og:url\" content=\"https:\/\/www.heddata.se\/webbutik\/produkt\/displayport-kabel-displayport-hane-displayport-hane-8k60hz-guldplaterad-2-00-m-ccbw37014at20\/\" \/>\n<meta property=\"og:site_name\" content=\"Datorer, Skrivare, F\u00e4rgpatroner, Mobiltelefoner\" \/>\n<meta property=\"article:modified_time\" content=\"2026-04-29T16:09:20+00:00\" \/>\n<meta property=\"og:image\" content=\"https:\/\/www.heddata.se\/webbutik\/wp-content\/uploads\/webbutik\/kategorier\/kablar-adaptrar\/ccbw37014at20.jpg\" \/>\n\t<meta property=\"og:image:width\" content=\"1200\" \/>\n\t<meta property=\"og:image:height\" content=\"1200\" \/>\n\t<meta property=\"og:image:type\" content=\"image\/jpeg\" \/>\n<meta name=\"twitter:card\" content=\"summary_large_image\" \/>\n<meta name=\"twitter:label1\" content=\"Ber\u00e4knad l\u00e4stid\" \/>\n\t<meta name=\"twitter:data1\" content=\"1 minut\" \/>\n<script type=\"application\/ld+json\" class=\"yoast-schema-graph\">{\"@context\":\"https:\/\/schema.org\",\"@graph\":[{\"@type\":\"WebPage\",\"@id\":\"https:\/\/www.heddata.se\/webbutik\/produkt\/displayport-kabel-displayport-hane-displayport-hane-8k60hz-guldplaterad-2-00-m-ccbw37014at20\/\",\"url\":\"https:\/\/www.heddata.se\/webbutik\/produkt\/displayport-kabel-displayport-hane-displayport-hane-8k60hz-guldplaterad-2-00-m-ccbw37014at20\/\",\"name\":\"Displayport-kabel DisplayPort Hane | DisplayPort Hane | 8K@60Hz\",\"isPartOf\":{\"@id\":\"https:\/\/www.heddata.se\/webbutik\/#website\"},\"primaryImageOfPage\":{\"@id\":\"https:\/\/www.heddata.se\/webbutik\/produkt\/displayport-kabel-displayport-hane-displayport-hane-8k60hz-guldplaterad-2-00-m-ccbw37014at20\/#primaryimage\"},\"image\":{\"@id\":\"https:\/\/www.heddata.se\/webbutik\/produkt\/displayport-kabel-displayport-hane-displayport-hane-8k60hz-guldplaterad-2-00-m-ccbw37014at20\/#primaryimage\"},\"thumbnailUrl\":\"https:\/\/www.heddata.se\/webbutik\/wp-content\/uploads\/webbutik\/kategorier\/kablar-adaptrar\/ccbw37014at20.jpg\",\"datePublished\":\"2024-11-26T16:18:15+00:00\",\"dateModified\":\"2026-04-29T16:09:20+00:00\",\"description\":\"Displayport-kabel DisplayPort Hane | DisplayPort Hane | st\u00f6d f\u00f6r uppl\u00f6sningar upp till 8K F\u00f6rutom filmer passar kabeln \u00e4ven f\u00f6r spel.\",\"breadcrumb\":{\"@id\":\"https:\/\/www.heddata.se\/webbutik\/produkt\/displayport-kabel-displayport-hane-displayport-hane-8k60hz-guldplaterad-2-00-m-ccbw37014at20\/#breadcrumb\"},\"inLanguage\":\"sv-SE\",\"potentialAction\":[{\"@type\":\"ReadAction\",\"target\":[\"https:\/\/www.heddata.se\/webbutik\/produkt\/displayport-kabel-displayport-hane-displayport-hane-8k60hz-guldplaterad-2-00-m-ccbw37014at20\/\"]}]},{\"@type\":\"ImageObject\",\"inLanguage\":\"sv-SE\",\"@id\":\"https:\/\/www.heddata.se\/webbutik\/produkt\/displayport-kabel-displayport-hane-displayport-hane-8k60hz-guldplaterad-2-00-m-ccbw37014at20\/#primaryimage\",\"url\":\"https:\/\/www.heddata.se\/webbutik\/wp-content\/uploads\/webbutik\/kategorier\/kablar-adaptrar\/ccbw37014at20.jpg\",\"contentUrl\":\"https:\/\/www.heddata.se\/webbutik\/wp-content\/uploads\/webbutik\/kategorier\/kablar-adaptrar\/ccbw37014at20.jpg\",\"width\":1200,\"height\":1200,\"caption\":\"Displayport-kabel DisplayPort Hane\"},{\"@type\":\"BreadcrumbList\",\"@id\":\"https:\/\/www.heddata.se\/webbutik\/produkt\/displayport-kabel-displayport-hane-displayport-hane-8k60hz-guldplaterad-2-00-m-ccbw37014at20\/#breadcrumb\",\"itemListElement\":[{\"@type\":\"ListItem\",\"position\":1,\"name\":\"Hem\",\"item\":\"https:\/\/www.heddata.se\/webbutik\/\"},{\"@type\":\"ListItem\",\"position\":2,\"name\":\"Produkter\",\"item\":\"https:\/\/www.heddata.se\/webbutik\/shop\/\"},{\"@type\":\"ListItem\",\"position\":3,\"name\":\"Displayport-kabel DisplayPort Hane | DisplayPort Hane | 8K@60Hz | Guldplaterad | 2.00 m &#8211; CCBW37014AT20\"}]},{\"@type\":\"WebSite\",\"@id\":\"https:\/\/www.heddata.se\/webbutik\/#website\",\"url\":\"https:\/\/www.heddata.se\/webbutik\/\",\"name\":\"Datorer, Skrivare, F\u00e4rgpatroner, Mobiltelefoner\",\"description\":\"Kablar\",\"publisher\":{\"@id\":\"https:\/\/www.heddata.se\/webbutik\/#organization\"},\"potentialAction\":[{\"@type\":\"SearchAction\",\"target\":{\"@type\":\"EntryPoint\",\"urlTemplate\":\"https:\/\/www.heddata.se\/webbutik\/?s={search_term_string}\"},\"query-input\":{\"@type\":\"PropertyValueSpecification\",\"valueRequired\":true,\"valueName\":\"search_term_string\"}}],\"inLanguage\":\"sv-SE\"},{\"@type\":\"Organization\",\"@id\":\"https:\/\/www.heddata.se\/webbutik\/#organization\",\"name\":\"Heddata AB\",\"url\":\"https:\/\/www.heddata.se\/webbutik\/\",\"logo\":{\"@type\":\"ImageObject\",\"inLanguage\":\"sv-SE\",\"@id\":\"https:\/\/www.heddata.se\/webbutik\/#\/schema\/logo\/image\/\",\"url\":\"https:\/\/www.heddata.se\/webbutik\/wp-content\/uploads\/logga\/heddata-ab-logga.png\",\"contentUrl\":\"https:\/\/www.heddata.se\/webbutik\/wp-content\/uploads\/logga\/heddata-ab-logga.png\",\"width\":200,\"height\":64,\"caption\":\"Heddata AB\"},\"image\":{\"@id\":\"https:\/\/www.heddata.se\/webbutik\/#\/schema\/logo\/image\/\"}}]}<\/script>\n<!-- \/ Yoast SEO Premium plugin. -->","yoast_head_json":{"title":"Displayport-kabel DisplayPort Hane | DisplayPort Hane | 8K@60Hz","description":"Displayport-kabel DisplayPort Hane | DisplayPort Hane | st\u00f6d f\u00f6r uppl\u00f6sningar upp till 8K F\u00f6rutom filmer passar kabeln \u00e4ven f\u00f6r spel.","robots":{"index":"index","follow":"follow","max-snippet":"max-snippet:-1","max-image-preview":"max-image-preview:large","max-video-preview":"max-video-preview:-1"},"canonical":"https:\/\/www.heddata.se\/webbutik\/produkt\/displayport-kabel-displayport-hane-displayport-hane-8k60hz-guldplaterad-2-00-m-ccbw37014at20\/","og_locale":"sv_SE","og_type":"article","og_title":"Displayport-kabel DisplayPort Hane | DisplayPort Hane | 8K@60Hz | Guldplaterad | 2.00 m - CCBW37014AT20","og_description":"Displayport-kabel DisplayPort Hane | DisplayPort Hane | st\u00f6d f\u00f6r uppl\u00f6sningar upp till 8K F\u00f6rutom filmer passar kabeln \u00e4ven f\u00f6r spel.","og_url":"https:\/\/www.heddata.se\/webbutik\/produkt\/displayport-kabel-displayport-hane-displayport-hane-8k60hz-guldplaterad-2-00-m-ccbw37014at20\/","og_site_name":"Datorer, Skrivare, F\u00e4rgpatroner, Mobiltelefoner","article_modified_time":"2026-04-29T16:09:20+00:00","og_image":[{"width":1200,"height":1200,"url":"https:\/\/www.heddata.se\/webbutik\/wp-content\/uploads\/webbutik\/kategorier\/kablar-adaptrar\/ccbw37014at20.jpg","type":"image\/jpeg"}],"twitter_card":"summary_large_image","twitter_misc":{"Ber\u00e4knad l\u00e4stid":"1 minut"},"schema":{"@context":"https:\/\/schema.org","@graph":[{"@type":"WebPage","@id":"https:\/\/www.heddata.se\/webbutik\/produkt\/displayport-kabel-displayport-hane-displayport-hane-8k60hz-guldplaterad-2-00-m-ccbw37014at20\/","url":"https:\/\/www.heddata.se\/webbutik\/produkt\/displayport-kabel-displayport-hane-displayport-hane-8k60hz-guldplaterad-2-00-m-ccbw37014at20\/","name":"Displayport-kabel DisplayPort Hane | DisplayPort Hane | 8K@60Hz","isPartOf":{"@id":"https:\/\/www.heddata.se\/webbutik\/#website"},"primaryImageOfPage":{"@id":"https:\/\/www.heddata.se\/webbutik\/produkt\/displayport-kabel-displayport-hane-displayport-hane-8k60hz-guldplaterad-2-00-m-ccbw37014at20\/#primaryimage"},"image":{"@id":"https:\/\/www.heddata.se\/webbutik\/produkt\/displayport-kabel-displayport-hane-displayport-hane-8k60hz-guldplaterad-2-00-m-ccbw37014at20\/#primaryimage"},"thumbnailUrl":"https:\/\/www.heddata.se\/webbutik\/wp-content\/uploads\/webbutik\/kategorier\/kablar-adaptrar\/ccbw37014at20.jpg","datePublished":"2024-11-26T16:18:15+00:00","dateModified":"2026-04-29T16:09:20+00:00","description":"Displayport-kabel DisplayPort Hane | DisplayPort Hane | st\u00f6d f\u00f6r uppl\u00f6sningar upp till 8K F\u00f6rutom filmer passar kabeln \u00e4ven f\u00f6r spel.","breadcrumb":{"@id":"https:\/\/www.heddata.se\/webbutik\/produkt\/displayport-kabel-displayport-hane-displayport-hane-8k60hz-guldplaterad-2-00-m-ccbw37014at20\/#breadcrumb"},"inLanguage":"sv-SE","potentialAction":[{"@type":"ReadAction","target":["https:\/\/www.heddata.se\/webbutik\/produkt\/displayport-kabel-displayport-hane-displayport-hane-8k60hz-guldplaterad-2-00-m-ccbw37014at20\/"]}]},{"@type":"ImageObject","inLanguage":"sv-SE","@id":"https:\/\/www.heddata.se\/webbutik\/produkt\/displayport-kabel-displayport-hane-displayport-hane-8k60hz-guldplaterad-2-00-m-ccbw37014at20\/#primaryimage","url":"https:\/\/www.heddata.se\/webbutik\/wp-content\/uploads\/webbutik\/kategorier\/kablar-adaptrar\/ccbw37014at20.jpg","contentUrl":"https:\/\/www.heddata.se\/webbutik\/wp-content\/uploads\/webbutik\/kategorier\/kablar-adaptrar\/ccbw37014at20.jpg","width":1200,"height":1200,"caption":"Displayport-kabel DisplayPort Hane"},{"@type":"BreadcrumbList","@id":"https:\/\/www.heddata.se\/webbutik\/produkt\/displayport-kabel-displayport-hane-displayport-hane-8k60hz-guldplaterad-2-00-m-ccbw37014at20\/#breadcrumb","itemListElement":[{"@type":"ListItem","position":1,"name":"Hem","item":"https:\/\/www.heddata.se\/webbutik\/"},{"@type":"ListItem","position":2,"name":"Produkter","item":"https:\/\/www.heddata.se\/webbutik\/shop\/"},{"@type":"ListItem","position":3,"name":"Displayport-kabel DisplayPort Hane | DisplayPort Hane | 8K@60Hz | Guldplaterad | 2.00 m &#8211; CCBW37014AT20"}]},{"@type":"WebSite","@id":"https:\/\/www.heddata.se\/webbutik\/#website","url":"https:\/\/www.heddata.se\/webbutik\/","name":"Datorer, Skrivare, F\u00e4rgpatroner, Mobiltelefoner","description":"Kablar","publisher":{"@id":"https:\/\/www.heddata.se\/webbutik\/#organization"},"potentialAction":[{"@type":"SearchAction","target":{"@type":"EntryPoint","urlTemplate":"https:\/\/www.heddata.se\/webbutik\/?s={search_term_string}"},"query-input":{"@type":"PropertyValueSpecification","valueRequired":true,"valueName":"search_term_string"}}],"inLanguage":"sv-SE"},{"@type":"Organization","@id":"https:\/\/www.heddata.se\/webbutik\/#organization","name":"Heddata AB","url":"https:\/\/www.heddata.se\/webbutik\/","logo":{"@type":"ImageObject","inLanguage":"sv-SE","@id":"https:\/\/www.heddata.se\/webbutik\/#\/schema\/logo\/image\/","url":"https:\/\/www.heddata.se\/webbutik\/wp-content\/uploads\/logga\/heddata-ab-logga.png","contentUrl":"https:\/\/www.heddata.se\/webbutik\/wp-content\/uploads\/logga\/heddata-ab-logga.png","width":200,"height":64,"caption":"Heddata AB"},"image":{"@id":"https:\/\/www.heddata.se\/webbutik\/#\/schema\/logo\/image\/"}}]}},"_links":{"self":[{"href":"https:\/\/www.heddata.se\/webbutik\/wp-json\/wp\/v2\/product\/95898","targetHints":{"allow":["GET"]}}],"collection":[{"href":"https:\/\/www.heddata.se\/webbutik\/wp-json\/wp\/v2\/product"}],"about":[{"href":"https:\/\/www.heddata.se\/webbutik\/wp-json\/wp\/v2\/types\/product"}],"wp:featuredmedia":[{"embeddable":true,"href":"https:\/\/www.heddata.se\/webbutik\/wp-json\/wp\/v2\/media\/95902"}],"wp:attachment":[{"href":"https:\/\/www.heddata.se\/webbutik\/wp-json\/wp\/v2\/media?parent=95898"}],"wp:term":[{"taxonomy":"product_brand","embeddable":true,"href":"https:\/\/www.heddata.se\/webbutik\/wp-json\/wp\/v2\/product_brand?post=95898"},{"taxonomy":"product_cat","embeddable":true,"href":"https:\/\/www.heddata.se\/webbutik\/wp-json\/wp\/v2\/product_cat?post=95898"},{"taxonomy":"product_tag","embeddable":true,"href":"https:\/\/www.heddata.se\/webbutik\/wp-json\/wp\/v2\/product_tag?post=95898"}],"curies":[{"name":"wp","href":"https:\/\/api.w.org\/{rel}","templated":true}]}}