{"id":95861,"date":"2024-11-12T15:18:40","date_gmt":"2024-11-12T14:18:40","guid":{"rendered":"https:\/\/www.heddata.se\/webbutik\/?post_type=product&#038;p=95861"},"modified":"2026-04-03T18:12:49","modified_gmt":"2026-04-03T16:12:49","slug":"usb-hubb-usb-a-hane-4x-usb-a-female-4-port-ports-usb-2-0-usb-strom-uhubu2420bk","status":"publish","type":"product","link":"https:\/\/www.heddata.se\/webbutik\/produkt\/usb-hubb-usb-a-hane-4x-usb-a-female-4-port-ports-usb-2-0-usb-strom-uhubu2420bk\/","title":{"rendered":"USB-hubb USB A-Hane | 4x USB A Female | 4-Port port(s) | USB 2.0 | USB str\u00f6m &#8211; UHUBU2420BK"},"content":{"rendered":"<p>USB-hubb USB A-Hane | 4x USB A Female | 4-Port port(s) | USB 2.0 | USB str\u00f6m &#8211; UHUBU2420BK<\/p>\n<p>Anslut Nedis USB-hubb med 4 portar till din station\u00e4ra eller b\u00e4rbara <a href=\"https:\/\/www.heddata.se\/webbutik\/datorer\/\">dator<\/a> f\u00f6r att ut\u00f6ka antalet USB-portar. Den kompakta storleken g\u00f6r den l\u00e4tt att ta med sig.<\/p>\n<p>USB 2.0-hubb<br \/>\n4x USB-portar<br \/>\nKompatibel med USB 2.0-standard<br \/>\nMax. hastighet: 480 Mbit\/s<br \/>\nIngen installation av drivrutiner beh\u00f6vs<br \/>\nByte under drift (hot plug) och Plug &amp; Play<br \/>\nF\u00e4rg: svart<\/p>\n<h3><a href=\"https:\/\/nedis.se\/sv-se\" target=\"_blank\" rel=\"noopener\">Produktspecifikationer<\/a><\/h3>\n<table class=\"table table-with-odd-background\">\n<tbody>\n<tr>\n<td class=\"col-4\">Bredd<\/td>\n<td class=\"col-8\">212 mm<\/td>\n<\/tr>\n<tr>\n<td class=\"col-4\">H\u00f6jd<\/td>\n<td class=\"col-8\">24 mm<\/td>\n<\/tr>\n<tr>\n<td class=\"col-4\">Djup<\/td>\n<td class=\"col-8\">20 mm<\/td>\n<\/tr>\n<tr>\n<td class=\"col-4\">Vikt<\/td>\n<td class=\"col-8\">29 g<\/td>\n<\/tr>\n<tr>\n<td class=\"col-4\">F\u00e4rg<\/td>\n<td class=\"col-8\">Svart<\/td>\n<\/tr>\n<tr>\n<td class=\"col-4\">Material<\/td>\n<td class=\"col-8\">Plast<\/td>\n<\/tr>\n<tr>\n<td class=\"col-4\">Typ av str\u00f6mk\u00e4lla<\/td>\n<td class=\"col-8\">USB str\u00f6m<\/td>\n<\/tr>\n<tr>\n<td class=\"col-4\">Insp\u00e4nning<\/td>\n<td class=\"col-8\">5 V DC<\/td>\n<\/tr>\n<tr>\n<td class=\"col-4\">Uteffekt<\/td>\n<td class=\"col-8\">2.5 W<\/td>\n<\/tr>\n<tr>\n<td class=\"col-4\">N\u00e4tkontakt<\/td>\n<td class=\"col-8\">USB<\/td>\n<\/tr>\n<tr>\n<td class=\"col-4\">Ing\u00e5ngsstr\u00f6m<\/td>\n<td class=\"col-8\">0.5 A<\/td>\n<\/tr>\n<tr>\n<td class=\"col-4\">Kompatibel teknik<\/td>\n<td class=\"col-8\">USB 2.0<\/td>\n<\/tr>\n<tr>\n<td class=\"col-4\">Str\u00f6mkabel l\u00e4ngd<\/td>\n<td class=\"col-8\">0.10 m<\/td>\n<\/tr>\n<tr>\n<td class=\"col-4\">Antal varor i paketet<\/td>\n<td class=\"col-8\">1 st.<\/td>\n<\/tr>\n<tr>\n<td class=\"col-4\">Anslutningsutg\u00e5ng<\/td>\n<td class=\"col-8\">4x USB A Female<\/td>\n<\/tr>\n<tr>\n<td class=\"col-4\">Anslutningsing\u00e5ng<\/td>\n<td class=\"col-8\">USB A-Hane<\/td>\n<\/tr>\n<tr>\n<td class=\"col-4\">Utstr\u00f6m<\/td>\n<td class=\"col-8\">0.5 A<\/td>\n<\/tr>\n<tr>\n<td class=\"col-4\">Antal anslutningar<\/td>\n<td class=\"col-8\">4-Port port(s)<\/td>\n<\/tr>\n<tr>\n<td class=\"col-4\">Utg\u00e5ende sp\u00e4nning<\/td>\n<td class=\"col-8\">5 V DC<\/td>\n<\/tr>\n<\/tbody>\n<\/table>\n","protected":false},"excerpt":{"rendered":"<p>USB-hubb USB A-Hane | 4x USB A Female | 4-Port port(s) | USB 2.0 | USB str\u00f6m &#8211; UHUBU2420BK<\/p>\n","protected":false},"featured_media":95866,"template":"","meta":[],"product_brand":[],"product_cat":[65,8988],"product_tag":[],"class_list":{"0":"post-95861","1":"product","2":"type-product","3":"status-publish","4":"has-post-thumbnail","6":"product_cat-datorer-tillbehor","7":"product_cat-usb-hubbar","9":"first","10":"instock","11":"taxable","12":"shipping-taxable","13":"purchasable","14":"product-type-simple"},"yoast_head":"<!-- This site is optimized with the Yoast SEO Premium plugin v26.7 (Yoast SEO v26.7) - https:\/\/yoast.com\/wordpress\/plugins\/seo\/ -->\n<title>USB-hubb USB A-Hane | 4x USB A Female | 4-Port port(s) | USB 2.0<\/title>\n<meta name=\"description\" content=\"USB-hubb USB A-Hane | 4x USB A Female | 4-Port port(s) | USB 2.0 | USB str\u00f6m - UHUBU2420BK ut\u00f6ka antalet USB-portar\" \/>\n<meta name=\"robots\" content=\"index, follow, max-snippet:-1, max-image-preview:large, max-video-preview:-1\" \/>\n<link rel=\"canonical\" href=\"https:\/\/www.heddata.se\/webbutik\/produkt\/usb-hubb-usb-a-hane-4x-usb-a-female-4-port-ports-usb-2-0-usb-strom-uhubu2420bk\/\" \/>\n<meta property=\"og:locale\" content=\"sv_SE\" \/>\n<meta property=\"og:type\" content=\"article\" \/>\n<meta property=\"og:title\" content=\"USB-hubb USB A-Hane | 4x USB A Female | 4-Port port(s) | USB 2.0 | USB str\u00f6m - UHUBU2420BK\" \/>\n<meta property=\"og:description\" content=\"USB-hubb USB A-Hane | 4x USB A Female | 4-Port port(s) | USB 2.0 | USB str\u00f6m - UHUBU2420BK ut\u00f6ka antalet USB-portar\" \/>\n<meta property=\"og:url\" content=\"https:\/\/www.heddata.se\/webbutik\/produkt\/usb-hubb-usb-a-hane-4x-usb-a-female-4-port-ports-usb-2-0-usb-strom-uhubu2420bk\/\" \/>\n<meta property=\"og:site_name\" content=\"Datorer, Skrivare, F\u00e4rgpatroner, Mobiltelefoner\" \/>\n<meta property=\"article:modified_time\" content=\"2026-04-03T16:12:49+00:00\" \/>\n<meta property=\"og:image\" content=\"https:\/\/www.heddata.se\/webbutik\/wp-content\/uploads\/webbutik\/kategorier\/kablar-adaptrar\/uhubu2420bk.jpg\" \/>\n\t<meta property=\"og:image:width\" content=\"1200\" \/>\n\t<meta property=\"og:image:height\" content=\"1200\" \/>\n\t<meta property=\"og:image:type\" content=\"image\/jpeg\" \/>\n<meta name=\"twitter:card\" content=\"summary_large_image\" \/>\n<meta name=\"twitter:label1\" content=\"Ber\u00e4knad l\u00e4stid\" \/>\n\t<meta name=\"twitter:data1\" content=\"1 minut\" \/>\n<script type=\"application\/ld+json\" class=\"yoast-schema-graph\">{\"@context\":\"https:\/\/schema.org\",\"@graph\":[{\"@type\":\"WebPage\",\"@id\":\"https:\/\/www.heddata.se\/webbutik\/produkt\/usb-hubb-usb-a-hane-4x-usb-a-female-4-port-ports-usb-2-0-usb-strom-uhubu2420bk\/\",\"url\":\"https:\/\/www.heddata.se\/webbutik\/produkt\/usb-hubb-usb-a-hane-4x-usb-a-female-4-port-ports-usb-2-0-usb-strom-uhubu2420bk\/\",\"name\":\"USB-hubb USB A-Hane | 4x USB A Female | 4-Port port(s) | USB 2.0\",\"isPartOf\":{\"@id\":\"https:\/\/www.heddata.se\/webbutik\/#website\"},\"primaryImageOfPage\":{\"@id\":\"https:\/\/www.heddata.se\/webbutik\/produkt\/usb-hubb-usb-a-hane-4x-usb-a-female-4-port-ports-usb-2-0-usb-strom-uhubu2420bk\/#primaryimage\"},\"image\":{\"@id\":\"https:\/\/www.heddata.se\/webbutik\/produkt\/usb-hubb-usb-a-hane-4x-usb-a-female-4-port-ports-usb-2-0-usb-strom-uhubu2420bk\/#primaryimage\"},\"thumbnailUrl\":\"https:\/\/www.heddata.se\/webbutik\/wp-content\/uploads\/webbutik\/kategorier\/kablar-adaptrar\/uhubu2420bk.jpg\",\"datePublished\":\"2024-11-12T14:18:40+00:00\",\"dateModified\":\"2026-04-03T16:12:49+00:00\",\"description\":\"USB-hubb USB A-Hane | 4x USB A Female | 4-Port port(s) | USB 2.0 | USB str\u00f6m - UHUBU2420BK ut\u00f6ka antalet USB-portar\",\"breadcrumb\":{\"@id\":\"https:\/\/www.heddata.se\/webbutik\/produkt\/usb-hubb-usb-a-hane-4x-usb-a-female-4-port-ports-usb-2-0-usb-strom-uhubu2420bk\/#breadcrumb\"},\"inLanguage\":\"sv-SE\",\"potentialAction\":[{\"@type\":\"ReadAction\",\"target\":[\"https:\/\/www.heddata.se\/webbutik\/produkt\/usb-hubb-usb-a-hane-4x-usb-a-female-4-port-ports-usb-2-0-usb-strom-uhubu2420bk\/\"]}]},{\"@type\":\"ImageObject\",\"inLanguage\":\"sv-SE\",\"@id\":\"https:\/\/www.heddata.se\/webbutik\/produkt\/usb-hubb-usb-a-hane-4x-usb-a-female-4-port-ports-usb-2-0-usb-strom-uhubu2420bk\/#primaryimage\",\"url\":\"https:\/\/www.heddata.se\/webbutik\/wp-content\/uploads\/webbutik\/kategorier\/kablar-adaptrar\/uhubu2420bk.jpg\",\"contentUrl\":\"https:\/\/www.heddata.se\/webbutik\/wp-content\/uploads\/webbutik\/kategorier\/kablar-adaptrar\/uhubu2420bk.jpg\",\"width\":1200,\"height\":1200,\"caption\":\"USB-hubb USB A-Hane\"},{\"@type\":\"BreadcrumbList\",\"@id\":\"https:\/\/www.heddata.se\/webbutik\/produkt\/usb-hubb-usb-a-hane-4x-usb-a-female-4-port-ports-usb-2-0-usb-strom-uhubu2420bk\/#breadcrumb\",\"itemListElement\":[{\"@type\":\"ListItem\",\"position\":1,\"name\":\"Hem\",\"item\":\"https:\/\/www.heddata.se\/webbutik\/\"},{\"@type\":\"ListItem\",\"position\":2,\"name\":\"Produkter\",\"item\":\"https:\/\/www.heddata.se\/webbutik\/shop\/\"},{\"@type\":\"ListItem\",\"position\":3,\"name\":\"USB-hubb USB A-Hane | 4x USB A Female | 4-Port port(s) | USB 2.0 | USB str\u00f6m &#8211; UHUBU2420BK\"}]},{\"@type\":\"WebSite\",\"@id\":\"https:\/\/www.heddata.se\/webbutik\/#website\",\"url\":\"https:\/\/www.heddata.se\/webbutik\/\",\"name\":\"Datorer, Skrivare, F\u00e4rgpatroner, Mobiltelefoner\",\"description\":\"Kablar\",\"publisher\":{\"@id\":\"https:\/\/www.heddata.se\/webbutik\/#organization\"},\"potentialAction\":[{\"@type\":\"SearchAction\",\"target\":{\"@type\":\"EntryPoint\",\"urlTemplate\":\"https:\/\/www.heddata.se\/webbutik\/?s={search_term_string}\"},\"query-input\":{\"@type\":\"PropertyValueSpecification\",\"valueRequired\":true,\"valueName\":\"search_term_string\"}}],\"inLanguage\":\"sv-SE\"},{\"@type\":\"Organization\",\"@id\":\"https:\/\/www.heddata.se\/webbutik\/#organization\",\"name\":\"Heddata AB\",\"url\":\"https:\/\/www.heddata.se\/webbutik\/\",\"logo\":{\"@type\":\"ImageObject\",\"inLanguage\":\"sv-SE\",\"@id\":\"https:\/\/www.heddata.se\/webbutik\/#\/schema\/logo\/image\/\",\"url\":\"https:\/\/www.heddata.se\/webbutik\/wp-content\/uploads\/logga\/heddata-ab-logga.png\",\"contentUrl\":\"https:\/\/www.heddata.se\/webbutik\/wp-content\/uploads\/logga\/heddata-ab-logga.png\",\"width\":200,\"height\":64,\"caption\":\"Heddata AB\"},\"image\":{\"@id\":\"https:\/\/www.heddata.se\/webbutik\/#\/schema\/logo\/image\/\"}}]}<\/script>\n<!-- \/ Yoast SEO Premium plugin. -->","yoast_head_json":{"title":"USB-hubb USB A-Hane | 4x USB A Female | 4-Port port(s) | USB 2.0","description":"USB-hubb USB A-Hane | 4x USB A Female | 4-Port port(s) | USB 2.0 | USB str\u00f6m - UHUBU2420BK ut\u00f6ka antalet USB-portar","robots":{"index":"index","follow":"follow","max-snippet":"max-snippet:-1","max-image-preview":"max-image-preview:large","max-video-preview":"max-video-preview:-1"},"canonical":"https:\/\/www.heddata.se\/webbutik\/produkt\/usb-hubb-usb-a-hane-4x-usb-a-female-4-port-ports-usb-2-0-usb-strom-uhubu2420bk\/","og_locale":"sv_SE","og_type":"article","og_title":"USB-hubb USB A-Hane | 4x USB A Female | 4-Port port(s) | USB 2.0 | USB str\u00f6m - UHUBU2420BK","og_description":"USB-hubb USB A-Hane | 4x USB A Female | 4-Port port(s) | USB 2.0 | USB str\u00f6m - UHUBU2420BK ut\u00f6ka antalet USB-portar","og_url":"https:\/\/www.heddata.se\/webbutik\/produkt\/usb-hubb-usb-a-hane-4x-usb-a-female-4-port-ports-usb-2-0-usb-strom-uhubu2420bk\/","og_site_name":"Datorer, Skrivare, F\u00e4rgpatroner, Mobiltelefoner","article_modified_time":"2026-04-03T16:12:49+00:00","og_image":[{"width":1200,"height":1200,"url":"https:\/\/www.heddata.se\/webbutik\/wp-content\/uploads\/webbutik\/kategorier\/kablar-adaptrar\/uhubu2420bk.jpg","type":"image\/jpeg"}],"twitter_card":"summary_large_image","twitter_misc":{"Ber\u00e4knad l\u00e4stid":"1 minut"},"schema":{"@context":"https:\/\/schema.org","@graph":[{"@type":"WebPage","@id":"https:\/\/www.heddata.se\/webbutik\/produkt\/usb-hubb-usb-a-hane-4x-usb-a-female-4-port-ports-usb-2-0-usb-strom-uhubu2420bk\/","url":"https:\/\/www.heddata.se\/webbutik\/produkt\/usb-hubb-usb-a-hane-4x-usb-a-female-4-port-ports-usb-2-0-usb-strom-uhubu2420bk\/","name":"USB-hubb USB A-Hane | 4x USB A Female | 4-Port port(s) | USB 2.0","isPartOf":{"@id":"https:\/\/www.heddata.se\/webbutik\/#website"},"primaryImageOfPage":{"@id":"https:\/\/www.heddata.se\/webbutik\/produkt\/usb-hubb-usb-a-hane-4x-usb-a-female-4-port-ports-usb-2-0-usb-strom-uhubu2420bk\/#primaryimage"},"image":{"@id":"https:\/\/www.heddata.se\/webbutik\/produkt\/usb-hubb-usb-a-hane-4x-usb-a-female-4-port-ports-usb-2-0-usb-strom-uhubu2420bk\/#primaryimage"},"thumbnailUrl":"https:\/\/www.heddata.se\/webbutik\/wp-content\/uploads\/webbutik\/kategorier\/kablar-adaptrar\/uhubu2420bk.jpg","datePublished":"2024-11-12T14:18:40+00:00","dateModified":"2026-04-03T16:12:49+00:00","description":"USB-hubb USB A-Hane | 4x USB A Female | 4-Port port(s) | USB 2.0 | USB str\u00f6m - UHUBU2420BK ut\u00f6ka antalet USB-portar","breadcrumb":{"@id":"https:\/\/www.heddata.se\/webbutik\/produkt\/usb-hubb-usb-a-hane-4x-usb-a-female-4-port-ports-usb-2-0-usb-strom-uhubu2420bk\/#breadcrumb"},"inLanguage":"sv-SE","potentialAction":[{"@type":"ReadAction","target":["https:\/\/www.heddata.se\/webbutik\/produkt\/usb-hubb-usb-a-hane-4x-usb-a-female-4-port-ports-usb-2-0-usb-strom-uhubu2420bk\/"]}]},{"@type":"ImageObject","inLanguage":"sv-SE","@id":"https:\/\/www.heddata.se\/webbutik\/produkt\/usb-hubb-usb-a-hane-4x-usb-a-female-4-port-ports-usb-2-0-usb-strom-uhubu2420bk\/#primaryimage","url":"https:\/\/www.heddata.se\/webbutik\/wp-content\/uploads\/webbutik\/kategorier\/kablar-adaptrar\/uhubu2420bk.jpg","contentUrl":"https:\/\/www.heddata.se\/webbutik\/wp-content\/uploads\/webbutik\/kategorier\/kablar-adaptrar\/uhubu2420bk.jpg","width":1200,"height":1200,"caption":"USB-hubb USB A-Hane"},{"@type":"BreadcrumbList","@id":"https:\/\/www.heddata.se\/webbutik\/produkt\/usb-hubb-usb-a-hane-4x-usb-a-female-4-port-ports-usb-2-0-usb-strom-uhubu2420bk\/#breadcrumb","itemListElement":[{"@type":"ListItem","position":1,"name":"Hem","item":"https:\/\/www.heddata.se\/webbutik\/"},{"@type":"ListItem","position":2,"name":"Produkter","item":"https:\/\/www.heddata.se\/webbutik\/shop\/"},{"@type":"ListItem","position":3,"name":"USB-hubb USB A-Hane | 4x USB A Female | 4-Port port(s) | USB 2.0 | USB str\u00f6m &#8211; UHUBU2420BK"}]},{"@type":"WebSite","@id":"https:\/\/www.heddata.se\/webbutik\/#website","url":"https:\/\/www.heddata.se\/webbutik\/","name":"Datorer, Skrivare, F\u00e4rgpatroner, Mobiltelefoner","description":"Kablar","publisher":{"@id":"https:\/\/www.heddata.se\/webbutik\/#organization"},"potentialAction":[{"@type":"SearchAction","target":{"@type":"EntryPoint","urlTemplate":"https:\/\/www.heddata.se\/webbutik\/?s={search_term_string}"},"query-input":{"@type":"PropertyValueSpecification","valueRequired":true,"valueName":"search_term_string"}}],"inLanguage":"sv-SE"},{"@type":"Organization","@id":"https:\/\/www.heddata.se\/webbutik\/#organization","name":"Heddata AB","url":"https:\/\/www.heddata.se\/webbutik\/","logo":{"@type":"ImageObject","inLanguage":"sv-SE","@id":"https:\/\/www.heddata.se\/webbutik\/#\/schema\/logo\/image\/","url":"https:\/\/www.heddata.se\/webbutik\/wp-content\/uploads\/logga\/heddata-ab-logga.png","contentUrl":"https:\/\/www.heddata.se\/webbutik\/wp-content\/uploads\/logga\/heddata-ab-logga.png","width":200,"height":64,"caption":"Heddata AB"},"image":{"@id":"https:\/\/www.heddata.se\/webbutik\/#\/schema\/logo\/image\/"}}]}},"_links":{"self":[{"href":"https:\/\/www.heddata.se\/webbutik\/wp-json\/wp\/v2\/product\/95861","targetHints":{"allow":["GET"]}}],"collection":[{"href":"https:\/\/www.heddata.se\/webbutik\/wp-json\/wp\/v2\/product"}],"about":[{"href":"https:\/\/www.heddata.se\/webbutik\/wp-json\/wp\/v2\/types\/product"}],"wp:featuredmedia":[{"embeddable":true,"href":"https:\/\/www.heddata.se\/webbutik\/wp-json\/wp\/v2\/media\/95866"}],"wp:attachment":[{"href":"https:\/\/www.heddata.se\/webbutik\/wp-json\/wp\/v2\/media?parent=95861"}],"wp:term":[{"taxonomy":"product_brand","embeddable":true,"href":"https:\/\/www.heddata.se\/webbutik\/wp-json\/wp\/v2\/product_brand?post=95861"},{"taxonomy":"product_cat","embeddable":true,"href":"https:\/\/www.heddata.se\/webbutik\/wp-json\/wp\/v2\/product_cat?post=95861"},{"taxonomy":"product_tag","embeddable":true,"href":"https:\/\/www.heddata.se\/webbutik\/wp-json\/wp\/v2\/product_tag?post=95861"}],"curies":[{"name":"wp","href":"https:\/\/api.w.org\/{rel}","templated":true}]}}