{"id":95712,"date":"2024-09-18T14:18:34","date_gmt":"2024-09-18T12:18:34","guid":{"rendered":"https:\/\/www.heddata.se\/webbutik\/?post_type=product&#038;p=95712"},"modified":"2026-04-09T18:10:12","modified_gmt":"2026-04-09T16:10:12","slug":"usb-kabel-tygkladd-typ-a-ha-typ-micro-b-1m-svart-micro-110f","status":"publish","type":"product","link":"https:\/\/www.heddata.se\/webbutik\/produkt\/usb-kabel-tygkladd-typ-a-ha-typ-micro-b-1m-svart-micro-110f\/","title":{"rendered":"USB-kabel Tygkl\u00e4dd Typ A ha &#8211; Typ Micro B, 1m, Svart &#8211; MICRO-110F"},"content":{"rendered":"<p>USB-kabel Tygkl\u00e4dd Typ A ha &#8211; Typ Micro B, 1m, Svart &#8211; MICRO-110F<\/p>\n<p>USB-synk-\/laddarkabel, tygkl\u00e4dd, USB-A ha &#8211; USB Micro B ha, 1m, 2,4A, USB 2. 0, svart. Tygkl\u00e4dd USB-Kabel med Micro USB f\u00f6r att kunna ladda och synka en m\u00e4ngd olika <a href=\"https:\/\/www.heddata.se\/webbutik\/telefon-surfplattor\/mobiltelefoner\/\">enheter<\/a> med en och samma kabel. Koppla kabeln till datorns USB-port f\u00f6r synkronisering och laddning eller varf\u00f6r inte till en USB-n\u00e4tadapter f\u00f6r bekv\u00e4m laddning via ett v\u00e4gguttag.<\/p>\n<ul class=\"bullets-list\">\n<li>1 m<\/li>\n<li>USB 2.0<\/li>\n<li>2,4 <a href=\"https:\/\/aurdel.com\/se\/sv\/\" target=\"_blank\" rel=\"noopener\">A<\/a><\/li>\n<\/ul>\n","protected":false},"excerpt":{"rendered":"<p>USB-kabel Tygkl\u00e4dd Typ A ha &#8211; Typ Micro B, 1m, Svart &#8211; MICRO-110F<\/p>\n","protected":false},"featured_media":95717,"template":"","meta":[],"product_brand":[],"product_cat":[59,8992,72],"product_tag":[],"class_list":{"0":"post-95712","1":"product","2":"type-product","3":"status-publish","4":"has-post-thumbnail","6":"product_cat-kablar","7":"product_cat-micro-usb-kablar","8":"product_cat-usb-kablar","10":"first","11":"outofstock","12":"taxable","13":"shipping-taxable","14":"purchasable","15":"product-type-simple"},"yoast_head":"<!-- This site is optimized with the Yoast SEO Premium plugin v26.7 (Yoast SEO v26.7) - https:\/\/yoast.com\/wordpress\/plugins\/seo\/ -->\n<title>USB-kabel Tygkl\u00e4dd Typ A ha - Typ Micro B, 1m, Svart - MICRO-110F<\/title>\n<meta name=\"description\" content=\"USB-kabel Tygkl\u00e4dd Typ A ha - Typ Micro B, 1m, Svart - MICRO-110F. USB-Kabel med Micro USB f\u00f6r laddning och synka en m\u00e4ngd olika enheter\" \/>\n<meta name=\"robots\" content=\"index, follow, max-snippet:-1, max-image-preview:large, max-video-preview:-1\" \/>\n<link rel=\"canonical\" href=\"https:\/\/www.heddata.se\/webbutik\/produkt\/usb-kabel-tygkladd-typ-a-ha-typ-micro-b-1m-svart-micro-110f\/\" \/>\n<meta property=\"og:locale\" content=\"sv_SE\" \/>\n<meta property=\"og:type\" content=\"article\" \/>\n<meta property=\"og:title\" content=\"USB-kabel Tygkl\u00e4dd Typ A ha - Typ Micro B, 1m, Svart - MICRO-110F\" \/>\n<meta property=\"og:description\" content=\"USB-kabel Tygkl\u00e4dd Typ A ha - Typ Micro B, 1m, Svart - MICRO-110F. USB-Kabel med Micro USB f\u00f6r laddning och synka en m\u00e4ngd olika enheter\" \/>\n<meta property=\"og:url\" content=\"https:\/\/www.heddata.se\/webbutik\/produkt\/usb-kabel-tygkladd-typ-a-ha-typ-micro-b-1m-svart-micro-110f\/\" \/>\n<meta property=\"og:site_name\" content=\"Datorer, Skrivare, F\u00e4rgpatroner, Mobiltelefoner\" \/>\n<meta property=\"article:modified_time\" content=\"2026-04-09T16:10:12+00:00\" \/>\n<meta property=\"og:image\" content=\"https:\/\/www.heddata.se\/webbutik\/wp-content\/uploads\/webbutik\/kategorier\/kablar-adaptrar\/micro-110f.jpg\" \/>\n\t<meta property=\"og:image:width\" content=\"1280\" \/>\n\t<meta property=\"og:image:height\" content=\"1280\" \/>\n\t<meta property=\"og:image:type\" content=\"image\/jpeg\" \/>\n<meta name=\"twitter:card\" content=\"summary_large_image\" \/>\n<script type=\"application\/ld+json\" class=\"yoast-schema-graph\">{\"@context\":\"https:\/\/schema.org\",\"@graph\":[{\"@type\":\"WebPage\",\"@id\":\"https:\/\/www.heddata.se\/webbutik\/produkt\/usb-kabel-tygkladd-typ-a-ha-typ-micro-b-1m-svart-micro-110f\/\",\"url\":\"https:\/\/www.heddata.se\/webbutik\/produkt\/usb-kabel-tygkladd-typ-a-ha-typ-micro-b-1m-svart-micro-110f\/\",\"name\":\"USB-kabel Tygkl\u00e4dd Typ A ha - Typ Micro B, 1m, Svart - MICRO-110F\",\"isPartOf\":{\"@id\":\"https:\/\/www.heddata.se\/webbutik\/#website\"},\"primaryImageOfPage\":{\"@id\":\"https:\/\/www.heddata.se\/webbutik\/produkt\/usb-kabel-tygkladd-typ-a-ha-typ-micro-b-1m-svart-micro-110f\/#primaryimage\"},\"image\":{\"@id\":\"https:\/\/www.heddata.se\/webbutik\/produkt\/usb-kabel-tygkladd-typ-a-ha-typ-micro-b-1m-svart-micro-110f\/#primaryimage\"},\"thumbnailUrl\":\"https:\/\/www.heddata.se\/webbutik\/wp-content\/uploads\/webbutik\/kategorier\/kablar-adaptrar\/micro-110f.jpg\",\"datePublished\":\"2024-09-18T12:18:34+00:00\",\"dateModified\":\"2026-04-09T16:10:12+00:00\",\"description\":\"USB-kabel Tygkl\u00e4dd Typ A ha - Typ Micro B, 1m, Svart - MICRO-110F. USB-Kabel med Micro USB f\u00f6r laddning och synka en m\u00e4ngd olika enheter\",\"breadcrumb\":{\"@id\":\"https:\/\/www.heddata.se\/webbutik\/produkt\/usb-kabel-tygkladd-typ-a-ha-typ-micro-b-1m-svart-micro-110f\/#breadcrumb\"},\"inLanguage\":\"sv-SE\",\"potentialAction\":[{\"@type\":\"ReadAction\",\"target\":[\"https:\/\/www.heddata.se\/webbutik\/produkt\/usb-kabel-tygkladd-typ-a-ha-typ-micro-b-1m-svart-micro-110f\/\"]}]},{\"@type\":\"ImageObject\",\"inLanguage\":\"sv-SE\",\"@id\":\"https:\/\/www.heddata.se\/webbutik\/produkt\/usb-kabel-tygkladd-typ-a-ha-typ-micro-b-1m-svart-micro-110f\/#primaryimage\",\"url\":\"https:\/\/www.heddata.se\/webbutik\/wp-content\/uploads\/webbutik\/kategorier\/kablar-adaptrar\/micro-110f.jpg\",\"contentUrl\":\"https:\/\/www.heddata.se\/webbutik\/wp-content\/uploads\/webbutik\/kategorier\/kablar-adaptrar\/micro-110f.jpg\",\"width\":1280,\"height\":1280,\"caption\":\"USB-kabel Tygkl\u00e4dd Typ A\"},{\"@type\":\"BreadcrumbList\",\"@id\":\"https:\/\/www.heddata.se\/webbutik\/produkt\/usb-kabel-tygkladd-typ-a-ha-typ-micro-b-1m-svart-micro-110f\/#breadcrumb\",\"itemListElement\":[{\"@type\":\"ListItem\",\"position\":1,\"name\":\"Hem\",\"item\":\"https:\/\/www.heddata.se\/webbutik\/\"},{\"@type\":\"ListItem\",\"position\":2,\"name\":\"Produkter\",\"item\":\"https:\/\/www.heddata.se\/webbutik\/shop\/\"},{\"@type\":\"ListItem\",\"position\":3,\"name\":\"USB-kabel Tygkl\u00e4dd Typ A ha &#8211; Typ Micro B, 1m, Svart &#8211; MICRO-110F\"}]},{\"@type\":\"WebSite\",\"@id\":\"https:\/\/www.heddata.se\/webbutik\/#website\",\"url\":\"https:\/\/www.heddata.se\/webbutik\/\",\"name\":\"Datorer, Skrivare, F\u00e4rgpatroner, Mobiltelefoner\",\"description\":\"Kablar\",\"publisher\":{\"@id\":\"https:\/\/www.heddata.se\/webbutik\/#organization\"},\"potentialAction\":[{\"@type\":\"SearchAction\",\"target\":{\"@type\":\"EntryPoint\",\"urlTemplate\":\"https:\/\/www.heddata.se\/webbutik\/?s={search_term_string}\"},\"query-input\":{\"@type\":\"PropertyValueSpecification\",\"valueRequired\":true,\"valueName\":\"search_term_string\"}}],\"inLanguage\":\"sv-SE\"},{\"@type\":\"Organization\",\"@id\":\"https:\/\/www.heddata.se\/webbutik\/#organization\",\"name\":\"Heddata AB\",\"url\":\"https:\/\/www.heddata.se\/webbutik\/\",\"logo\":{\"@type\":\"ImageObject\",\"inLanguage\":\"sv-SE\",\"@id\":\"https:\/\/www.heddata.se\/webbutik\/#\/schema\/logo\/image\/\",\"url\":\"https:\/\/www.heddata.se\/webbutik\/wp-content\/uploads\/logga\/heddata-ab-logga.png\",\"contentUrl\":\"https:\/\/www.heddata.se\/webbutik\/wp-content\/uploads\/logga\/heddata-ab-logga.png\",\"width\":200,\"height\":64,\"caption\":\"Heddata AB\"},\"image\":{\"@id\":\"https:\/\/www.heddata.se\/webbutik\/#\/schema\/logo\/image\/\"}}]}<\/script>\n<!-- \/ Yoast SEO Premium plugin. -->","yoast_head_json":{"title":"USB-kabel Tygkl\u00e4dd Typ A ha - Typ Micro B, 1m, Svart - MICRO-110F","description":"USB-kabel Tygkl\u00e4dd Typ A ha - Typ Micro B, 1m, Svart - MICRO-110F. USB-Kabel med Micro USB f\u00f6r laddning och synka en m\u00e4ngd olika enheter","robots":{"index":"index","follow":"follow","max-snippet":"max-snippet:-1","max-image-preview":"max-image-preview:large","max-video-preview":"max-video-preview:-1"},"canonical":"https:\/\/www.heddata.se\/webbutik\/produkt\/usb-kabel-tygkladd-typ-a-ha-typ-micro-b-1m-svart-micro-110f\/","og_locale":"sv_SE","og_type":"article","og_title":"USB-kabel Tygkl\u00e4dd Typ A ha - Typ Micro B, 1m, Svart - MICRO-110F","og_description":"USB-kabel Tygkl\u00e4dd Typ A ha - Typ Micro B, 1m, Svart - MICRO-110F. USB-Kabel med Micro USB f\u00f6r laddning och synka en m\u00e4ngd olika enheter","og_url":"https:\/\/www.heddata.se\/webbutik\/produkt\/usb-kabel-tygkladd-typ-a-ha-typ-micro-b-1m-svart-micro-110f\/","og_site_name":"Datorer, Skrivare, F\u00e4rgpatroner, Mobiltelefoner","article_modified_time":"2026-04-09T16:10:12+00:00","og_image":[{"width":1280,"height":1280,"url":"https:\/\/www.heddata.se\/webbutik\/wp-content\/uploads\/webbutik\/kategorier\/kablar-adaptrar\/micro-110f.jpg","type":"image\/jpeg"}],"twitter_card":"summary_large_image","schema":{"@context":"https:\/\/schema.org","@graph":[{"@type":"WebPage","@id":"https:\/\/www.heddata.se\/webbutik\/produkt\/usb-kabel-tygkladd-typ-a-ha-typ-micro-b-1m-svart-micro-110f\/","url":"https:\/\/www.heddata.se\/webbutik\/produkt\/usb-kabel-tygkladd-typ-a-ha-typ-micro-b-1m-svart-micro-110f\/","name":"USB-kabel Tygkl\u00e4dd Typ A ha - Typ Micro B, 1m, Svart - MICRO-110F","isPartOf":{"@id":"https:\/\/www.heddata.se\/webbutik\/#website"},"primaryImageOfPage":{"@id":"https:\/\/www.heddata.se\/webbutik\/produkt\/usb-kabel-tygkladd-typ-a-ha-typ-micro-b-1m-svart-micro-110f\/#primaryimage"},"image":{"@id":"https:\/\/www.heddata.se\/webbutik\/produkt\/usb-kabel-tygkladd-typ-a-ha-typ-micro-b-1m-svart-micro-110f\/#primaryimage"},"thumbnailUrl":"https:\/\/www.heddata.se\/webbutik\/wp-content\/uploads\/webbutik\/kategorier\/kablar-adaptrar\/micro-110f.jpg","datePublished":"2024-09-18T12:18:34+00:00","dateModified":"2026-04-09T16:10:12+00:00","description":"USB-kabel Tygkl\u00e4dd Typ A ha - Typ Micro B, 1m, Svart - MICRO-110F. USB-Kabel med Micro USB f\u00f6r laddning och synka en m\u00e4ngd olika enheter","breadcrumb":{"@id":"https:\/\/www.heddata.se\/webbutik\/produkt\/usb-kabel-tygkladd-typ-a-ha-typ-micro-b-1m-svart-micro-110f\/#breadcrumb"},"inLanguage":"sv-SE","potentialAction":[{"@type":"ReadAction","target":["https:\/\/www.heddata.se\/webbutik\/produkt\/usb-kabel-tygkladd-typ-a-ha-typ-micro-b-1m-svart-micro-110f\/"]}]},{"@type":"ImageObject","inLanguage":"sv-SE","@id":"https:\/\/www.heddata.se\/webbutik\/produkt\/usb-kabel-tygkladd-typ-a-ha-typ-micro-b-1m-svart-micro-110f\/#primaryimage","url":"https:\/\/www.heddata.se\/webbutik\/wp-content\/uploads\/webbutik\/kategorier\/kablar-adaptrar\/micro-110f.jpg","contentUrl":"https:\/\/www.heddata.se\/webbutik\/wp-content\/uploads\/webbutik\/kategorier\/kablar-adaptrar\/micro-110f.jpg","width":1280,"height":1280,"caption":"USB-kabel Tygkl\u00e4dd Typ A"},{"@type":"BreadcrumbList","@id":"https:\/\/www.heddata.se\/webbutik\/produkt\/usb-kabel-tygkladd-typ-a-ha-typ-micro-b-1m-svart-micro-110f\/#breadcrumb","itemListElement":[{"@type":"ListItem","position":1,"name":"Hem","item":"https:\/\/www.heddata.se\/webbutik\/"},{"@type":"ListItem","position":2,"name":"Produkter","item":"https:\/\/www.heddata.se\/webbutik\/shop\/"},{"@type":"ListItem","position":3,"name":"USB-kabel Tygkl\u00e4dd Typ A ha &#8211; Typ Micro B, 1m, Svart &#8211; MICRO-110F"}]},{"@type":"WebSite","@id":"https:\/\/www.heddata.se\/webbutik\/#website","url":"https:\/\/www.heddata.se\/webbutik\/","name":"Datorer, Skrivare, F\u00e4rgpatroner, Mobiltelefoner","description":"Kablar","publisher":{"@id":"https:\/\/www.heddata.se\/webbutik\/#organization"},"potentialAction":[{"@type":"SearchAction","target":{"@type":"EntryPoint","urlTemplate":"https:\/\/www.heddata.se\/webbutik\/?s={search_term_string}"},"query-input":{"@type":"PropertyValueSpecification","valueRequired":true,"valueName":"search_term_string"}}],"inLanguage":"sv-SE"},{"@type":"Organization","@id":"https:\/\/www.heddata.se\/webbutik\/#organization","name":"Heddata AB","url":"https:\/\/www.heddata.se\/webbutik\/","logo":{"@type":"ImageObject","inLanguage":"sv-SE","@id":"https:\/\/www.heddata.se\/webbutik\/#\/schema\/logo\/image\/","url":"https:\/\/www.heddata.se\/webbutik\/wp-content\/uploads\/logga\/heddata-ab-logga.png","contentUrl":"https:\/\/www.heddata.se\/webbutik\/wp-content\/uploads\/logga\/heddata-ab-logga.png","width":200,"height":64,"caption":"Heddata AB"},"image":{"@id":"https:\/\/www.heddata.se\/webbutik\/#\/schema\/logo\/image\/"}}]}},"_links":{"self":[{"href":"https:\/\/www.heddata.se\/webbutik\/wp-json\/wp\/v2\/product\/95712","targetHints":{"allow":["GET"]}}],"collection":[{"href":"https:\/\/www.heddata.se\/webbutik\/wp-json\/wp\/v2\/product"}],"about":[{"href":"https:\/\/www.heddata.se\/webbutik\/wp-json\/wp\/v2\/types\/product"}],"wp:featuredmedia":[{"embeddable":true,"href":"https:\/\/www.heddata.se\/webbutik\/wp-json\/wp\/v2\/media\/95717"}],"wp:attachment":[{"href":"https:\/\/www.heddata.se\/webbutik\/wp-json\/wp\/v2\/media?parent=95712"}],"wp:term":[{"taxonomy":"product_brand","embeddable":true,"href":"https:\/\/www.heddata.se\/webbutik\/wp-json\/wp\/v2\/product_brand?post=95712"},{"taxonomy":"product_cat","embeddable":true,"href":"https:\/\/www.heddata.se\/webbutik\/wp-json\/wp\/v2\/product_cat?post=95712"},{"taxonomy":"product_tag","embeddable":true,"href":"https:\/\/www.heddata.se\/webbutik\/wp-json\/wp\/v2\/product_tag?post=95712"}],"curies":[{"name":"wp","href":"https:\/\/api.w.org\/{rel}","templated":true}]}}