{"id":95689,"date":"2024-09-10T10:18:31","date_gmt":"2024-09-10T08:18:31","guid":{"rendered":"https:\/\/www.heddata.se\/webbutik\/?post_type=product&#038;p=95689"},"modified":"2026-04-30T18:12:57","modified_gmt":"2026-04-30T16:12:57","slug":"lg-ersattnings-fjarrkontroll-forprogrammerad-tvrc45lgbk","status":"publish","type":"product","link":"https:\/\/www.heddata.se\/webbutik\/produkt\/lg-ersattnings-fjarrkontroll-forprogrammerad-tvrc45lgbk\/","title":{"rendered":"LG Ers\u00e4ttnings Fj\u00e4rrkontroll F\u00f6rprogrammerad &#8211; TVRC45LGBK"},"content":{"rendered":"<p>LG Ers\u00e4ttnings Fj\u00e4rrkontroll F\u00f6rprogrammerad &#8211; TVRC45LGBK<\/p>\n<p>Byt ut en borttappad eller trasig LG-fj\u00e4rrkontroll mot denna f\u00f6rprogrammerade Nedis TV-ers\u00e4ttningsfj\u00e4rrkontroll, som \u00e4r kompatibel med alla <a href=\"https:\/\/www.heddata.se\/webbutik\/tv-apparater\/\">LG-tv-apparater.<\/a> Tack vare en omfattande inbyggd koddatabas har den varje enskild funktion i originalversionen. <a href=\"https:\/\/nedis.se\/sv-se\" target=\"_blank\" rel=\"noopener\">Nedis-ers\u00e4ttningsfj\u00e4rrkontrollen<\/a> \u00e4r enkel att anv\u00e4nda eftersom den inte kr\u00e4ver n\u00e5gon programmering. S\u00e4tt bara i batterierna s\u00e5 \u00e4r du klar.<\/p>\n<p>F\u00f6rprogrammerad, klar att anv\u00e4nda TV-ers\u00e4ttningsfj\u00e4rrkontroll f\u00f6r LG<br \/>\nGaranterad att fungera med 100% av alla LG TV-modeller<br \/>\nStor koddatabas f\u00f6r att ers\u00e4tta alla funktioner i original fj\u00e4rrkontroll<br \/>\nInl\u00e4rningsfunktion f\u00f6r att helt anpassa fj\u00e4rrkontrollen efter dina behov<br \/>\nHar genv\u00e4gsknappar till Netflix, Amazon Prime, Disney, YouTube<\/p>\n<table class=\"table table-with-odd-background\">\n<tbody>\n<tr>\n<td class=\"col-4\">Bredd<\/td>\n<td class=\"col-8\">47 mm<\/td>\n<\/tr>\n<tr>\n<td class=\"col-4\">H\u00f6jd<\/td>\n<td class=\"col-8\">210 mm<\/td>\n<\/tr>\n<tr>\n<td class=\"col-4\">Djup<\/td>\n<td class=\"col-8\">28 mm<\/td>\n<\/tr>\n<tr>\n<td class=\"col-4\">Vikt<\/td>\n<td class=\"col-8\">78 g<\/td>\n<\/tr>\n<tr>\n<td class=\"col-4\">F\u00e4rg<\/td>\n<td class=\"col-8\">Svart<\/td>\n<\/tr>\n<tr>\n<td class=\"col-4\">Material<\/td>\n<td class=\"col-8\">ABS<br \/>\nGummi<\/td>\n<\/tr>\n<tr>\n<td class=\"col-4\">Typ av str\u00f6mk\u00e4lla<\/td>\n<td class=\"col-8\">Batteridriven<\/td>\n<\/tr>\n<tr>\n<td class=\"col-4\">Insp\u00e4nning<\/td>\n<td class=\"col-8\">3 V DC<\/td>\n<\/tr>\n<tr>\n<td class=\"col-4\">Typ av kontroll<\/td>\n<td class=\"col-8\">Ers\u00e4ttningsfj\u00e4rrkontroll<\/td>\n<\/tr>\n<tr>\n<td class=\"col-4\">S\u00e4ndningsteknik<\/td>\n<td class=\"col-8\">Infrar\u00f6d<\/td>\n<\/tr>\n<tr>\n<td class=\"col-4\">Passar till<\/td>\n<td class=\"col-8\">TV<br \/>\nLG<\/td>\n<\/tr>\n<tr>\n<td class=\"col-4\">Kodinmatning<\/td>\n<td class=\"col-8\">F\u00f6rprogrammerad<\/td>\n<\/tr>\n<tr>\n<td class=\"col-4\">Funktioner f\u00f6r fj\u00e4rrkontroll<\/td>\n<td class=\"col-8\">Netflix Knapp<br \/>\nAmazon Prime<br \/>\nDisney + Button<br \/>\nRakuten TV Button<\/td>\n<\/tr>\n<tr>\n<td class=\"col-4\">Kr\u00e4ver batterier (ing\u00e5r ej)<\/td>\n<td class=\"col-8\">2x AAA\/LR03<\/td>\n<\/tr>\n<tr>\n<td class=\"col-4\">Antal varor i paketet<\/td>\n<td class=\"col-8\">1 st.<\/td>\n<\/tr>\n<tr>\n<td class=\"col-4\">Antal enheter<\/td>\n<td class=\"col-8\">1 Enhet<\/td>\n<\/tr>\n<\/tbody>\n<\/table>\n","protected":false},"excerpt":{"rendered":"<p>LG Ers\u00e4ttnings Fj\u00e4rrkontroll F\u00f6rprogrammerad &#8211; TVRC45LGBK<\/p>\n","protected":false},"featured_media":95692,"template":"","meta":[],"product_brand":[],"product_cat":[8993,86],"product_tag":[],"class_list":{"0":"post-95689","1":"product","2":"type-product","3":"status-publish","4":"has-post-thumbnail","6":"product_cat-fjarrkontroller","7":"product_cat-tillbehor-tv","9":"first","10":"instock","11":"taxable","12":"shipping-taxable","13":"purchasable","14":"product-type-simple"},"yoast_head":"<!-- This site is optimized with the Yoast SEO Premium plugin v26.7 (Yoast SEO v26.7) - https:\/\/yoast.com\/wordpress\/plugins\/seo\/ -->\n<title>LG Ers\u00e4ttnings Fj\u00e4rrkontroll F\u00f6rprogrammerad - TVRC45LGBK<\/title>\n<meta name=\"description\" content=\"LG Ers\u00e4ttnings Fj\u00e4rrkontroll F\u00f6rprogrammerad - TVRC45LGBK som \u00e4r kompatibel med alla LG-tv-apparater. F\u00f6rprogrammerad, klar att anv\u00e4nda.\" \/>\n<meta name=\"robots\" content=\"index, follow, max-snippet:-1, max-image-preview:large, max-video-preview:-1\" \/>\n<link rel=\"canonical\" href=\"https:\/\/www.heddata.se\/webbutik\/produkt\/lg-ersattnings-fjarrkontroll-forprogrammerad-tvrc45lgbk\/\" \/>\n<meta property=\"og:locale\" content=\"sv_SE\" \/>\n<meta property=\"og:type\" content=\"article\" \/>\n<meta property=\"og:title\" content=\"LG Ers\u00e4ttnings Fj\u00e4rrkontroll F\u00f6rprogrammerad - TVRC45LGBK\" \/>\n<meta property=\"og:description\" content=\"LG Ers\u00e4ttnings Fj\u00e4rrkontroll F\u00f6rprogrammerad - TVRC45LGBK som \u00e4r kompatibel med alla LG-tv-apparater. F\u00f6rprogrammerad, klar att anv\u00e4nda.\" \/>\n<meta property=\"og:url\" content=\"https:\/\/www.heddata.se\/webbutik\/produkt\/lg-ersattnings-fjarrkontroll-forprogrammerad-tvrc45lgbk\/\" \/>\n<meta property=\"og:site_name\" content=\"Datorer, Skrivare, F\u00e4rgpatroner, Mobiltelefoner\" \/>\n<meta property=\"article:modified_time\" content=\"2026-04-30T16:12:57+00:00\" \/>\n<meta property=\"og:image\" content=\"https:\/\/www.heddata.se\/webbutik\/wp-content\/uploads\/webbutik\/kategorier\/hemelektronik\/tvrc45lgbk.jpeg\" \/>\n\t<meta property=\"og:image:width\" content=\"1200\" \/>\n\t<meta property=\"og:image:height\" content=\"1200\" \/>\n\t<meta property=\"og:image:type\" content=\"image\/jpeg\" \/>\n<meta name=\"twitter:card\" content=\"summary_large_image\" \/>\n<meta name=\"twitter:label1\" content=\"Ber\u00e4knad l\u00e4stid\" \/>\n\t<meta name=\"twitter:data1\" content=\"1 minut\" \/>\n<script type=\"application\/ld+json\" class=\"yoast-schema-graph\">{\"@context\":\"https:\/\/schema.org\",\"@graph\":[{\"@type\":\"WebPage\",\"@id\":\"https:\/\/www.heddata.se\/webbutik\/produkt\/lg-ersattnings-fjarrkontroll-forprogrammerad-tvrc45lgbk\/\",\"url\":\"https:\/\/www.heddata.se\/webbutik\/produkt\/lg-ersattnings-fjarrkontroll-forprogrammerad-tvrc45lgbk\/\",\"name\":\"LG Ers\u00e4ttnings Fj\u00e4rrkontroll F\u00f6rprogrammerad - TVRC45LGBK\",\"isPartOf\":{\"@id\":\"https:\/\/www.heddata.se\/webbutik\/#website\"},\"primaryImageOfPage\":{\"@id\":\"https:\/\/www.heddata.se\/webbutik\/produkt\/lg-ersattnings-fjarrkontroll-forprogrammerad-tvrc45lgbk\/#primaryimage\"},\"image\":{\"@id\":\"https:\/\/www.heddata.se\/webbutik\/produkt\/lg-ersattnings-fjarrkontroll-forprogrammerad-tvrc45lgbk\/#primaryimage\"},\"thumbnailUrl\":\"https:\/\/www.heddata.se\/webbutik\/wp-content\/uploads\/webbutik\/kategorier\/hemelektronik\/tvrc45lgbk.jpeg\",\"datePublished\":\"2024-09-10T08:18:31+00:00\",\"dateModified\":\"2026-04-30T16:12:57+00:00\",\"description\":\"LG Ers\u00e4ttnings Fj\u00e4rrkontroll F\u00f6rprogrammerad - TVRC45LGBK som \u00e4r kompatibel med alla LG-tv-apparater. F\u00f6rprogrammerad, klar att anv\u00e4nda.\",\"breadcrumb\":{\"@id\":\"https:\/\/www.heddata.se\/webbutik\/produkt\/lg-ersattnings-fjarrkontroll-forprogrammerad-tvrc45lgbk\/#breadcrumb\"},\"inLanguage\":\"sv-SE\",\"potentialAction\":[{\"@type\":\"ReadAction\",\"target\":[\"https:\/\/www.heddata.se\/webbutik\/produkt\/lg-ersattnings-fjarrkontroll-forprogrammerad-tvrc45lgbk\/\"]}]},{\"@type\":\"ImageObject\",\"inLanguage\":\"sv-SE\",\"@id\":\"https:\/\/www.heddata.se\/webbutik\/produkt\/lg-ersattnings-fjarrkontroll-forprogrammerad-tvrc45lgbk\/#primaryimage\",\"url\":\"https:\/\/www.heddata.se\/webbutik\/wp-content\/uploads\/webbutik\/kategorier\/hemelektronik\/tvrc45lgbk.jpeg\",\"contentUrl\":\"https:\/\/www.heddata.se\/webbutik\/wp-content\/uploads\/webbutik\/kategorier\/hemelektronik\/tvrc45lgbk.jpeg\",\"width\":1200,\"height\":1200,\"caption\":\"LG Ers\u00e4ttnings Fj\u00e4rrkontroll F\u00f6rprogrammerad\"},{\"@type\":\"BreadcrumbList\",\"@id\":\"https:\/\/www.heddata.se\/webbutik\/produkt\/lg-ersattnings-fjarrkontroll-forprogrammerad-tvrc45lgbk\/#breadcrumb\",\"itemListElement\":[{\"@type\":\"ListItem\",\"position\":1,\"name\":\"Hem\",\"item\":\"https:\/\/www.heddata.se\/webbutik\/\"},{\"@type\":\"ListItem\",\"position\":2,\"name\":\"Produkter\",\"item\":\"https:\/\/www.heddata.se\/webbutik\/shop\/\"},{\"@type\":\"ListItem\",\"position\":3,\"name\":\"LG Ers\u00e4ttnings Fj\u00e4rrkontroll F\u00f6rprogrammerad &#8211; TVRC45LGBK\"}]},{\"@type\":\"WebSite\",\"@id\":\"https:\/\/www.heddata.se\/webbutik\/#website\",\"url\":\"https:\/\/www.heddata.se\/webbutik\/\",\"name\":\"Datorer, Skrivare, F\u00e4rgpatroner, Mobiltelefoner\",\"description\":\"Kablar\",\"publisher\":{\"@id\":\"https:\/\/www.heddata.se\/webbutik\/#organization\"},\"potentialAction\":[{\"@type\":\"SearchAction\",\"target\":{\"@type\":\"EntryPoint\",\"urlTemplate\":\"https:\/\/www.heddata.se\/webbutik\/?s={search_term_string}\"},\"query-input\":{\"@type\":\"PropertyValueSpecification\",\"valueRequired\":true,\"valueName\":\"search_term_string\"}}],\"inLanguage\":\"sv-SE\"},{\"@type\":\"Organization\",\"@id\":\"https:\/\/www.heddata.se\/webbutik\/#organization\",\"name\":\"Heddata AB\",\"url\":\"https:\/\/www.heddata.se\/webbutik\/\",\"logo\":{\"@type\":\"ImageObject\",\"inLanguage\":\"sv-SE\",\"@id\":\"https:\/\/www.heddata.se\/webbutik\/#\/schema\/logo\/image\/\",\"url\":\"https:\/\/www.heddata.se\/webbutik\/wp-content\/uploads\/logga\/heddata-ab-logga.png\",\"contentUrl\":\"https:\/\/www.heddata.se\/webbutik\/wp-content\/uploads\/logga\/heddata-ab-logga.png\",\"width\":200,\"height\":64,\"caption\":\"Heddata AB\"},\"image\":{\"@id\":\"https:\/\/www.heddata.se\/webbutik\/#\/schema\/logo\/image\/\"}}]}<\/script>\n<!-- \/ Yoast SEO Premium plugin. -->","yoast_head_json":{"title":"LG Ers\u00e4ttnings Fj\u00e4rrkontroll F\u00f6rprogrammerad - TVRC45LGBK","description":"LG Ers\u00e4ttnings Fj\u00e4rrkontroll F\u00f6rprogrammerad - TVRC45LGBK som \u00e4r kompatibel med alla LG-tv-apparater. F\u00f6rprogrammerad, klar att anv\u00e4nda.","robots":{"index":"index","follow":"follow","max-snippet":"max-snippet:-1","max-image-preview":"max-image-preview:large","max-video-preview":"max-video-preview:-1"},"canonical":"https:\/\/www.heddata.se\/webbutik\/produkt\/lg-ersattnings-fjarrkontroll-forprogrammerad-tvrc45lgbk\/","og_locale":"sv_SE","og_type":"article","og_title":"LG Ers\u00e4ttnings Fj\u00e4rrkontroll F\u00f6rprogrammerad - TVRC45LGBK","og_description":"LG Ers\u00e4ttnings Fj\u00e4rrkontroll F\u00f6rprogrammerad - TVRC45LGBK som \u00e4r kompatibel med alla LG-tv-apparater. F\u00f6rprogrammerad, klar att anv\u00e4nda.","og_url":"https:\/\/www.heddata.se\/webbutik\/produkt\/lg-ersattnings-fjarrkontroll-forprogrammerad-tvrc45lgbk\/","og_site_name":"Datorer, Skrivare, F\u00e4rgpatroner, Mobiltelefoner","article_modified_time":"2026-04-30T16:12:57+00:00","og_image":[{"width":1200,"height":1200,"url":"https:\/\/www.heddata.se\/webbutik\/wp-content\/uploads\/webbutik\/kategorier\/hemelektronik\/tvrc45lgbk.jpeg","type":"image\/jpeg"}],"twitter_card":"summary_large_image","twitter_misc":{"Ber\u00e4knad l\u00e4stid":"1 minut"},"schema":{"@context":"https:\/\/schema.org","@graph":[{"@type":"WebPage","@id":"https:\/\/www.heddata.se\/webbutik\/produkt\/lg-ersattnings-fjarrkontroll-forprogrammerad-tvrc45lgbk\/","url":"https:\/\/www.heddata.se\/webbutik\/produkt\/lg-ersattnings-fjarrkontroll-forprogrammerad-tvrc45lgbk\/","name":"LG Ers\u00e4ttnings Fj\u00e4rrkontroll F\u00f6rprogrammerad - TVRC45LGBK","isPartOf":{"@id":"https:\/\/www.heddata.se\/webbutik\/#website"},"primaryImageOfPage":{"@id":"https:\/\/www.heddata.se\/webbutik\/produkt\/lg-ersattnings-fjarrkontroll-forprogrammerad-tvrc45lgbk\/#primaryimage"},"image":{"@id":"https:\/\/www.heddata.se\/webbutik\/produkt\/lg-ersattnings-fjarrkontroll-forprogrammerad-tvrc45lgbk\/#primaryimage"},"thumbnailUrl":"https:\/\/www.heddata.se\/webbutik\/wp-content\/uploads\/webbutik\/kategorier\/hemelektronik\/tvrc45lgbk.jpeg","datePublished":"2024-09-10T08:18:31+00:00","dateModified":"2026-04-30T16:12:57+00:00","description":"LG Ers\u00e4ttnings Fj\u00e4rrkontroll F\u00f6rprogrammerad - TVRC45LGBK som \u00e4r kompatibel med alla LG-tv-apparater. F\u00f6rprogrammerad, klar att anv\u00e4nda.","breadcrumb":{"@id":"https:\/\/www.heddata.se\/webbutik\/produkt\/lg-ersattnings-fjarrkontroll-forprogrammerad-tvrc45lgbk\/#breadcrumb"},"inLanguage":"sv-SE","potentialAction":[{"@type":"ReadAction","target":["https:\/\/www.heddata.se\/webbutik\/produkt\/lg-ersattnings-fjarrkontroll-forprogrammerad-tvrc45lgbk\/"]}]},{"@type":"ImageObject","inLanguage":"sv-SE","@id":"https:\/\/www.heddata.se\/webbutik\/produkt\/lg-ersattnings-fjarrkontroll-forprogrammerad-tvrc45lgbk\/#primaryimage","url":"https:\/\/www.heddata.se\/webbutik\/wp-content\/uploads\/webbutik\/kategorier\/hemelektronik\/tvrc45lgbk.jpeg","contentUrl":"https:\/\/www.heddata.se\/webbutik\/wp-content\/uploads\/webbutik\/kategorier\/hemelektronik\/tvrc45lgbk.jpeg","width":1200,"height":1200,"caption":"LG Ers\u00e4ttnings Fj\u00e4rrkontroll F\u00f6rprogrammerad"},{"@type":"BreadcrumbList","@id":"https:\/\/www.heddata.se\/webbutik\/produkt\/lg-ersattnings-fjarrkontroll-forprogrammerad-tvrc45lgbk\/#breadcrumb","itemListElement":[{"@type":"ListItem","position":1,"name":"Hem","item":"https:\/\/www.heddata.se\/webbutik\/"},{"@type":"ListItem","position":2,"name":"Produkter","item":"https:\/\/www.heddata.se\/webbutik\/shop\/"},{"@type":"ListItem","position":3,"name":"LG Ers\u00e4ttnings Fj\u00e4rrkontroll F\u00f6rprogrammerad &#8211; TVRC45LGBK"}]},{"@type":"WebSite","@id":"https:\/\/www.heddata.se\/webbutik\/#website","url":"https:\/\/www.heddata.se\/webbutik\/","name":"Datorer, Skrivare, F\u00e4rgpatroner, Mobiltelefoner","description":"Kablar","publisher":{"@id":"https:\/\/www.heddata.se\/webbutik\/#organization"},"potentialAction":[{"@type":"SearchAction","target":{"@type":"EntryPoint","urlTemplate":"https:\/\/www.heddata.se\/webbutik\/?s={search_term_string}"},"query-input":{"@type":"PropertyValueSpecification","valueRequired":true,"valueName":"search_term_string"}}],"inLanguage":"sv-SE"},{"@type":"Organization","@id":"https:\/\/www.heddata.se\/webbutik\/#organization","name":"Heddata AB","url":"https:\/\/www.heddata.se\/webbutik\/","logo":{"@type":"ImageObject","inLanguage":"sv-SE","@id":"https:\/\/www.heddata.se\/webbutik\/#\/schema\/logo\/image\/","url":"https:\/\/www.heddata.se\/webbutik\/wp-content\/uploads\/logga\/heddata-ab-logga.png","contentUrl":"https:\/\/www.heddata.se\/webbutik\/wp-content\/uploads\/logga\/heddata-ab-logga.png","width":200,"height":64,"caption":"Heddata AB"},"image":{"@id":"https:\/\/www.heddata.se\/webbutik\/#\/schema\/logo\/image\/"}}]}},"_links":{"self":[{"href":"https:\/\/www.heddata.se\/webbutik\/wp-json\/wp\/v2\/product\/95689","targetHints":{"allow":["GET"]}}],"collection":[{"href":"https:\/\/www.heddata.se\/webbutik\/wp-json\/wp\/v2\/product"}],"about":[{"href":"https:\/\/www.heddata.se\/webbutik\/wp-json\/wp\/v2\/types\/product"}],"wp:featuredmedia":[{"embeddable":true,"href":"https:\/\/www.heddata.se\/webbutik\/wp-json\/wp\/v2\/media\/95692"}],"wp:attachment":[{"href":"https:\/\/www.heddata.se\/webbutik\/wp-json\/wp\/v2\/media?parent=95689"}],"wp:term":[{"taxonomy":"product_brand","embeddable":true,"href":"https:\/\/www.heddata.se\/webbutik\/wp-json\/wp\/v2\/product_brand?post=95689"},{"taxonomy":"product_cat","embeddable":true,"href":"https:\/\/www.heddata.se\/webbutik\/wp-json\/wp\/v2\/product_cat?post=95689"},{"taxonomy":"product_tag","embeddable":true,"href":"https:\/\/www.heddata.se\/webbutik\/wp-json\/wp\/v2\/product_tag?post=95689"}],"curies":[{"name":"wp","href":"https:\/\/api.w.org\/{rel}","templated":true}]}}