{"id":95683,"date":"2024-09-06T12:18:10","date_gmt":"2024-09-06T10:18:10","guid":{"rendered":"https:\/\/www.heddata.se\/webbutik\/?post_type=product&#038;p=95683"},"modified":"2026-05-04T18:08:55","modified_gmt":"2026-05-04T16:08:55","slug":"logitech-tangentbord-med-kabel-usb-k280e-920-005216","status":"publish","type":"product","link":"https:\/\/www.heddata.se\/webbutik\/produkt\/logitech-tangentbord-med-kabel-usb-k280e-920-005216\/","title":{"rendered":"Logitech tangentbord med kabel USB K280e- 920-005216"},"content":{"rendered":"<p>Logitech tangentbord med kabel USB K280e- 920-005216<\/p>\n<p id=\"tw-target-text\" class=\"tw-data-text tw-text-large tw-ta\" dir=\"ltr\" data-placeholder=\"\u00d6vers\u00e4ttning\" aria-label=\"\u00d6versatt text\" data-ved=\"2ahUKEwith6bEoq6IAxUQKxAIHdTZAL8Q3ewLegQIBxAU\"><span class=\"Y2IQFc\" lang=\"sv\"><a href=\"https:\/\/www.logitech.com\/sv-se\" target=\"_blank\" rel=\"noopener\">Logitech<\/a> Keyboard K280e med USB-anslutning ger f\u00f6retag den perfekta balansen mellan kvalitet och v\u00e4rde. Med ett f\u00f6rst\u00e4rkt, spills\u00e4kert chassi och l\u00e5gprofilstangenter designade f\u00f6r att t\u00e5la upp till 10 miljoner tangenttryckningar klarar K280e \u00e5r av tung kontorsanv\u00e4ndning. Det bekv\u00e4ma handledsst\u00f6det kommer att g\u00f6ra det h\u00e4r <a href=\"https:\/\/www.heddata.se\/webbutik\/datorer\/moss-tangentbord\/\">tangentbordet<\/a> \u00e4r ocks\u00e5 en favorit f\u00f6r personalen.<\/span><\/p>\n<ul class=\"ul-stripped u-fs-14\">\n<li class=\"row sm-gutters\">\n<div class=\"col-6\">Anslutningsteknologi:\u00a0Kabel<\/div>\n<\/li>\n<li class=\"row sm-gutters\">\n<div class=\"col-6\">Gr\u00e4nssnitt:\u00a0USB<\/div>\n<\/li>\n<li class=\"row sm-gutters\">\n<div class=\"col-6\">Tangentbordets formfaktor:\u00a0Fullstor (100 %)<\/div>\n<\/li>\n<li class=\"row sm-gutters\">\n<div class=\"col-6\">Bakgrundsbelysning:\u00a0Nej<\/div>\n<\/li>\n<li class=\"row sm-gutters\">\n<div class=\"col-6\">Tangentbordsspr\u00e5k:\u00a0Nordic<\/div>\n<\/li>\n<\/ul>\n","protected":false},"excerpt":{"rendered":"<p>Logitech tangentbord med kabel USB K280e- 920-005216<\/p>\n","protected":false},"featured_media":95685,"template":"","meta":[],"product_brand":[],"product_cat":[113],"product_tag":[],"class_list":{"0":"post-95683","1":"product","2":"type-product","3":"status-publish","4":"has-post-thumbnail","6":"product_cat-tangentbord","8":"first","9":"instock","10":"taxable","11":"shipping-taxable","12":"purchasable","13":"product-type-simple"},"yoast_head":"<!-- This site is optimized with the Yoast SEO Premium plugin v26.7 (Yoast SEO v26.7) - https:\/\/yoast.com\/wordpress\/plugins\/seo\/ -->\n<title>Logitech tangentbord med kabel USB K280e- 920-005216<\/title>\n<meta name=\"description\" content=\"Logitech tangentbord med kabel USB K280e- 920-005216 med USB-anslutning ger f\u00f6retag den perfekta balansen mellan kvalitet och v\u00e4rde.\" \/>\n<meta name=\"robots\" content=\"index, follow, max-snippet:-1, max-image-preview:large, max-video-preview:-1\" \/>\n<link rel=\"canonical\" href=\"https:\/\/www.heddata.se\/webbutik\/produkt\/logitech-tangentbord-med-kabel-usb-k280e-920-005216\/\" \/>\n<meta property=\"og:locale\" content=\"sv_SE\" \/>\n<meta property=\"og:type\" content=\"article\" \/>\n<meta property=\"og:title\" content=\"Logitech tangentbord med kabel USB K280e- 920-005216\" \/>\n<meta property=\"og:description\" content=\"Logitech tangentbord med kabel USB K280e- 920-005216 med USB-anslutning ger f\u00f6retag den perfekta balansen mellan kvalitet och v\u00e4rde.\" \/>\n<meta property=\"og:url\" content=\"https:\/\/www.heddata.se\/webbutik\/produkt\/logitech-tangentbord-med-kabel-usb-k280e-920-005216\/\" \/>\n<meta property=\"og:site_name\" content=\"Datorer, Skrivare, F\u00e4rgpatroner, Mobiltelefoner\" \/>\n<meta property=\"article:modified_time\" content=\"2026-05-04T16:08:55+00:00\" \/>\n<meta property=\"og:image\" content=\"https:\/\/www.heddata.se\/webbutik\/wp-content\/uploads\/webbutik\/kategorier\/tangentbord-moss\/k280e.jpg\" \/>\n\t<meta property=\"og:image:width\" content=\"1200\" \/>\n\t<meta property=\"og:image:height\" content=\"1200\" \/>\n\t<meta property=\"og:image:type\" content=\"image\/jpeg\" \/>\n<meta name=\"twitter:card\" content=\"summary_large_image\" \/>\n<script type=\"application\/ld+json\" class=\"yoast-schema-graph\">{\"@context\":\"https:\/\/schema.org\",\"@graph\":[{\"@type\":\"WebPage\",\"@id\":\"https:\/\/www.heddata.se\/webbutik\/produkt\/logitech-tangentbord-med-kabel-usb-k280e-920-005216\/\",\"url\":\"https:\/\/www.heddata.se\/webbutik\/produkt\/logitech-tangentbord-med-kabel-usb-k280e-920-005216\/\",\"name\":\"Logitech tangentbord med kabel USB K280e- 920-005216\",\"isPartOf\":{\"@id\":\"https:\/\/www.heddata.se\/webbutik\/#website\"},\"primaryImageOfPage\":{\"@id\":\"https:\/\/www.heddata.se\/webbutik\/produkt\/logitech-tangentbord-med-kabel-usb-k280e-920-005216\/#primaryimage\"},\"image\":{\"@id\":\"https:\/\/www.heddata.se\/webbutik\/produkt\/logitech-tangentbord-med-kabel-usb-k280e-920-005216\/#primaryimage\"},\"thumbnailUrl\":\"https:\/\/www.heddata.se\/webbutik\/wp-content\/uploads\/webbutik\/kategorier\/tangentbord-moss\/k280e.jpg\",\"datePublished\":\"2024-09-06T10:18:10+00:00\",\"dateModified\":\"2026-05-04T16:08:55+00:00\",\"description\":\"Logitech tangentbord med kabel USB K280e- 920-005216 med USB-anslutning ger f\u00f6retag den perfekta balansen mellan kvalitet och v\u00e4rde.\",\"breadcrumb\":{\"@id\":\"https:\/\/www.heddata.se\/webbutik\/produkt\/logitech-tangentbord-med-kabel-usb-k280e-920-005216\/#breadcrumb\"},\"inLanguage\":\"sv-SE\",\"potentialAction\":[{\"@type\":\"ReadAction\",\"target\":[\"https:\/\/www.heddata.se\/webbutik\/produkt\/logitech-tangentbord-med-kabel-usb-k280e-920-005216\/\"]}]},{\"@type\":\"ImageObject\",\"inLanguage\":\"sv-SE\",\"@id\":\"https:\/\/www.heddata.se\/webbutik\/produkt\/logitech-tangentbord-med-kabel-usb-k280e-920-005216\/#primaryimage\",\"url\":\"https:\/\/www.heddata.se\/webbutik\/wp-content\/uploads\/webbutik\/kategorier\/tangentbord-moss\/k280e.jpg\",\"contentUrl\":\"https:\/\/www.heddata.se\/webbutik\/wp-content\/uploads\/webbutik\/kategorier\/tangentbord-moss\/k280e.jpg\",\"width\":1200,\"height\":1200,\"caption\":\"Logitech tangentbord med kabel\"},{\"@type\":\"BreadcrumbList\",\"@id\":\"https:\/\/www.heddata.se\/webbutik\/produkt\/logitech-tangentbord-med-kabel-usb-k280e-920-005216\/#breadcrumb\",\"itemListElement\":[{\"@type\":\"ListItem\",\"position\":1,\"name\":\"Hem\",\"item\":\"https:\/\/www.heddata.se\/webbutik\/\"},{\"@type\":\"ListItem\",\"position\":2,\"name\":\"Produkter\",\"item\":\"https:\/\/www.heddata.se\/webbutik\/shop\/\"},{\"@type\":\"ListItem\",\"position\":3,\"name\":\"Logitech tangentbord med kabel USB K280e- 920-005216\"}]},{\"@type\":\"WebSite\",\"@id\":\"https:\/\/www.heddata.se\/webbutik\/#website\",\"url\":\"https:\/\/www.heddata.se\/webbutik\/\",\"name\":\"Datorer, Skrivare, F\u00e4rgpatroner, Mobiltelefoner\",\"description\":\"Kablar\",\"publisher\":{\"@id\":\"https:\/\/www.heddata.se\/webbutik\/#organization\"},\"potentialAction\":[{\"@type\":\"SearchAction\",\"target\":{\"@type\":\"EntryPoint\",\"urlTemplate\":\"https:\/\/www.heddata.se\/webbutik\/?s={search_term_string}\"},\"query-input\":{\"@type\":\"PropertyValueSpecification\",\"valueRequired\":true,\"valueName\":\"search_term_string\"}}],\"inLanguage\":\"sv-SE\"},{\"@type\":\"Organization\",\"@id\":\"https:\/\/www.heddata.se\/webbutik\/#organization\",\"name\":\"Heddata AB\",\"url\":\"https:\/\/www.heddata.se\/webbutik\/\",\"logo\":{\"@type\":\"ImageObject\",\"inLanguage\":\"sv-SE\",\"@id\":\"https:\/\/www.heddata.se\/webbutik\/#\/schema\/logo\/image\/\",\"url\":\"https:\/\/www.heddata.se\/webbutik\/wp-content\/uploads\/logga\/heddata-ab-logga.png\",\"contentUrl\":\"https:\/\/www.heddata.se\/webbutik\/wp-content\/uploads\/logga\/heddata-ab-logga.png\",\"width\":200,\"height\":64,\"caption\":\"Heddata AB\"},\"image\":{\"@id\":\"https:\/\/www.heddata.se\/webbutik\/#\/schema\/logo\/image\/\"}}]}<\/script>\n<!-- \/ Yoast SEO Premium plugin. -->","yoast_head_json":{"title":"Logitech tangentbord med kabel USB K280e- 920-005216","description":"Logitech tangentbord med kabel USB K280e- 920-005216 med USB-anslutning ger f\u00f6retag den perfekta balansen mellan kvalitet och v\u00e4rde.","robots":{"index":"index","follow":"follow","max-snippet":"max-snippet:-1","max-image-preview":"max-image-preview:large","max-video-preview":"max-video-preview:-1"},"canonical":"https:\/\/www.heddata.se\/webbutik\/produkt\/logitech-tangentbord-med-kabel-usb-k280e-920-005216\/","og_locale":"sv_SE","og_type":"article","og_title":"Logitech tangentbord med kabel USB K280e- 920-005216","og_description":"Logitech tangentbord med kabel USB K280e- 920-005216 med USB-anslutning ger f\u00f6retag den perfekta balansen mellan kvalitet och v\u00e4rde.","og_url":"https:\/\/www.heddata.se\/webbutik\/produkt\/logitech-tangentbord-med-kabel-usb-k280e-920-005216\/","og_site_name":"Datorer, Skrivare, F\u00e4rgpatroner, Mobiltelefoner","article_modified_time":"2026-05-04T16:08:55+00:00","og_image":[{"width":1200,"height":1200,"url":"https:\/\/www.heddata.se\/webbutik\/wp-content\/uploads\/webbutik\/kategorier\/tangentbord-moss\/k280e.jpg","type":"image\/jpeg"}],"twitter_card":"summary_large_image","schema":{"@context":"https:\/\/schema.org","@graph":[{"@type":"WebPage","@id":"https:\/\/www.heddata.se\/webbutik\/produkt\/logitech-tangentbord-med-kabel-usb-k280e-920-005216\/","url":"https:\/\/www.heddata.se\/webbutik\/produkt\/logitech-tangentbord-med-kabel-usb-k280e-920-005216\/","name":"Logitech tangentbord med kabel USB K280e- 920-005216","isPartOf":{"@id":"https:\/\/www.heddata.se\/webbutik\/#website"},"primaryImageOfPage":{"@id":"https:\/\/www.heddata.se\/webbutik\/produkt\/logitech-tangentbord-med-kabel-usb-k280e-920-005216\/#primaryimage"},"image":{"@id":"https:\/\/www.heddata.se\/webbutik\/produkt\/logitech-tangentbord-med-kabel-usb-k280e-920-005216\/#primaryimage"},"thumbnailUrl":"https:\/\/www.heddata.se\/webbutik\/wp-content\/uploads\/webbutik\/kategorier\/tangentbord-moss\/k280e.jpg","datePublished":"2024-09-06T10:18:10+00:00","dateModified":"2026-05-04T16:08:55+00:00","description":"Logitech tangentbord med kabel USB K280e- 920-005216 med USB-anslutning ger f\u00f6retag den perfekta balansen mellan kvalitet och v\u00e4rde.","breadcrumb":{"@id":"https:\/\/www.heddata.se\/webbutik\/produkt\/logitech-tangentbord-med-kabel-usb-k280e-920-005216\/#breadcrumb"},"inLanguage":"sv-SE","potentialAction":[{"@type":"ReadAction","target":["https:\/\/www.heddata.se\/webbutik\/produkt\/logitech-tangentbord-med-kabel-usb-k280e-920-005216\/"]}]},{"@type":"ImageObject","inLanguage":"sv-SE","@id":"https:\/\/www.heddata.se\/webbutik\/produkt\/logitech-tangentbord-med-kabel-usb-k280e-920-005216\/#primaryimage","url":"https:\/\/www.heddata.se\/webbutik\/wp-content\/uploads\/webbutik\/kategorier\/tangentbord-moss\/k280e.jpg","contentUrl":"https:\/\/www.heddata.se\/webbutik\/wp-content\/uploads\/webbutik\/kategorier\/tangentbord-moss\/k280e.jpg","width":1200,"height":1200,"caption":"Logitech tangentbord med kabel"},{"@type":"BreadcrumbList","@id":"https:\/\/www.heddata.se\/webbutik\/produkt\/logitech-tangentbord-med-kabel-usb-k280e-920-005216\/#breadcrumb","itemListElement":[{"@type":"ListItem","position":1,"name":"Hem","item":"https:\/\/www.heddata.se\/webbutik\/"},{"@type":"ListItem","position":2,"name":"Produkter","item":"https:\/\/www.heddata.se\/webbutik\/shop\/"},{"@type":"ListItem","position":3,"name":"Logitech tangentbord med kabel USB K280e- 920-005216"}]},{"@type":"WebSite","@id":"https:\/\/www.heddata.se\/webbutik\/#website","url":"https:\/\/www.heddata.se\/webbutik\/","name":"Datorer, Skrivare, F\u00e4rgpatroner, Mobiltelefoner","description":"Kablar","publisher":{"@id":"https:\/\/www.heddata.se\/webbutik\/#organization"},"potentialAction":[{"@type":"SearchAction","target":{"@type":"EntryPoint","urlTemplate":"https:\/\/www.heddata.se\/webbutik\/?s={search_term_string}"},"query-input":{"@type":"PropertyValueSpecification","valueRequired":true,"valueName":"search_term_string"}}],"inLanguage":"sv-SE"},{"@type":"Organization","@id":"https:\/\/www.heddata.se\/webbutik\/#organization","name":"Heddata AB","url":"https:\/\/www.heddata.se\/webbutik\/","logo":{"@type":"ImageObject","inLanguage":"sv-SE","@id":"https:\/\/www.heddata.se\/webbutik\/#\/schema\/logo\/image\/","url":"https:\/\/www.heddata.se\/webbutik\/wp-content\/uploads\/logga\/heddata-ab-logga.png","contentUrl":"https:\/\/www.heddata.se\/webbutik\/wp-content\/uploads\/logga\/heddata-ab-logga.png","width":200,"height":64,"caption":"Heddata AB"},"image":{"@id":"https:\/\/www.heddata.se\/webbutik\/#\/schema\/logo\/image\/"}}]}},"_links":{"self":[{"href":"https:\/\/www.heddata.se\/webbutik\/wp-json\/wp\/v2\/product\/95683","targetHints":{"allow":["GET"]}}],"collection":[{"href":"https:\/\/www.heddata.se\/webbutik\/wp-json\/wp\/v2\/product"}],"about":[{"href":"https:\/\/www.heddata.se\/webbutik\/wp-json\/wp\/v2\/types\/product"}],"wp:featuredmedia":[{"embeddable":true,"href":"https:\/\/www.heddata.se\/webbutik\/wp-json\/wp\/v2\/media\/95685"}],"wp:attachment":[{"href":"https:\/\/www.heddata.se\/webbutik\/wp-json\/wp\/v2\/media?parent=95683"}],"wp:term":[{"taxonomy":"product_brand","embeddable":true,"href":"https:\/\/www.heddata.se\/webbutik\/wp-json\/wp\/v2\/product_brand?post=95683"},{"taxonomy":"product_cat","embeddable":true,"href":"https:\/\/www.heddata.se\/webbutik\/wp-json\/wp\/v2\/product_cat?post=95683"},{"taxonomy":"product_tag","embeddable":true,"href":"https:\/\/www.heddata.se\/webbutik\/wp-json\/wp\/v2\/product_tag?post=95683"}],"curies":[{"name":"wp","href":"https:\/\/api.w.org\/{rel}","templated":true}]}}