{"id":95650,"date":"2024-08-23T12:18:43","date_gmt":"2024-08-23T10:18:43","guid":{"rendered":"https:\/\/www.heddata.se\/webbutik\/?post_type=product&#038;p=95650"},"modified":"2026-04-17T18:10:32","modified_gmt":"2026-04-17T16:10:32","slug":"ny-atoner-brother-tn2510-1200-sidor-svartrtikel-tn2510","status":"publish","type":"product","link":"https:\/\/www.heddata.se\/webbutik\/produkt\/ny-atoner-brother-tn2510-1200-sidor-svartrtikel-tn2510\/","title":{"rendered":"Toner Brother TN2510 1200 sidor, svart"},"content":{"rendered":"<p>Toner Brother TN2510 1200 sidor, svart<\/p>\n<p>Brother TN2510 svart tonerkassett. Skriver ut upp till 1\u00a0200 sidor.<\/p>\n<h4>Beskrivning<\/h4>\n<section class=\"product-detail--section product-detail--product-description component\">Den h\u00e4r svarta originaltonerkassetten TN2510 av h\u00f6g kvalitett \u00e4r utformad f\u00f6r att ge skarpa, tydliga utskrifter, g\u00e5ng p\u00e5 g\u00e5ng.<\/p>\n<p>V\u00e5ra <a href=\"https:\/\/www.heddata.se\/webbutik\/blackpatroner-toners\/\">kassetter<\/a> \u00e4r enkla att installera. kompatibla med en rad skrivare och hj\u00e4lper dig att producera dokument som h\u00e5ller l\u00e4nge och som inte kladdar eller bleks med tiden.<\/p>\n<p>Brother har milj\u00f6n i \u00e5tanke i varje skede av lasertonerkassettens livscykel, vilket minskar avfall. All v\u00e5r h\u00e5rdvara och tonerkassetter \u00e4r byggda f\u00f6r att ha s\u00e5 liten p\u00e5verkan p\u00e5 milj\u00f6n som m\u00f6jligt.<\/p>\n<p><a href=\"https:\/\/www.brother.se\/\" target=\"_blank\" rel=\"noopener\">Brother<\/a> original TN2510 lasertonerkassetter &#8211; varje g\u00e5ng.<\/p>\n<\/section>\n","protected":false},"excerpt":{"rendered":"<p>Toner Brother TN2510 1200 sidor, svart<\/p>\n","protected":false},"featured_media":95654,"template":"","meta":[],"product_brand":[],"product_cat":[61,98,89],"product_tag":[],"class_list":{"0":"post-95650","1":"product","2":"type-product","3":"status-publish","4":"has-post-thumbnail","6":"product_cat-blackpatroner-toners","7":"product_cat-brother-toner","8":"product_cat-toner","10":"first","11":"instock","12":"taxable","13":"shipping-taxable","14":"purchasable","15":"product-type-simple"},"yoast_head":"<!-- This site is optimized with the Yoast SEO Premium plugin v26.7 (Yoast SEO v26.7) - https:\/\/yoast.com\/wordpress\/plugins\/seo\/ -->\n<title>Toner Brother TN2510 1200 sidor, svart, av h\u00f6g kvalitett<\/title>\n<meta name=\"description\" content=\"Toner Brother TN2510 1200 sidor, svart, av h\u00f6g kvalitett \u00e4r utformad f\u00f6r att ge skarpa, tydliga utskrifter, g\u00e5ng p\u00e5 g\u00e5ng.\u00a0\u00a0\" \/>\n<meta name=\"robots\" content=\"index, follow, max-snippet:-1, max-image-preview:large, max-video-preview:-1\" \/>\n<link rel=\"canonical\" href=\"https:\/\/www.heddata.se\/webbutik\/produkt\/ny-atoner-brother-tn2510-1200-sidor-svartrtikel-tn2510\/\" \/>\n<meta property=\"og:locale\" content=\"sv_SE\" \/>\n<meta property=\"og:type\" content=\"article\" \/>\n<meta property=\"og:title\" content=\"Toner Brother TN2510 1200 sidor, svart\" \/>\n<meta property=\"og:description\" content=\"Toner Brother TN2510 1200 sidor, svart, av h\u00f6g kvalitett \u00e4r utformad f\u00f6r att ge skarpa, tydliga utskrifter, g\u00e5ng p\u00e5 g\u00e5ng.\u00a0\u00a0\" \/>\n<meta property=\"og:url\" content=\"https:\/\/www.heddata.se\/webbutik\/produkt\/ny-atoner-brother-tn2510-1200-sidor-svartrtikel-tn2510\/\" \/>\n<meta property=\"og:site_name\" content=\"Datorer, Skrivare, F\u00e4rgpatroner, Mobiltelefoner\" \/>\n<meta property=\"article:modified_time\" content=\"2026-04-17T16:10:32+00:00\" \/>\n<meta property=\"og:image\" content=\"https:\/\/www.heddata.se\/webbutik\/wp-content\/uploads\/webbutik\/kategorier\/blackpatroner-toners\/tn2510.jpg\" \/>\n\t<meta property=\"og:image:width\" content=\"1024\" \/>\n\t<meta property=\"og:image:height\" content=\"1024\" \/>\n\t<meta property=\"og:image:type\" content=\"image\/jpeg\" \/>\n<meta name=\"twitter:card\" content=\"summary_large_image\" \/>\n<meta name=\"twitter:label1\" content=\"Ber\u00e4knad l\u00e4stid\" \/>\n\t<meta name=\"twitter:data1\" content=\"1 minut\" \/>\n<script type=\"application\/ld+json\" class=\"yoast-schema-graph\">{\"@context\":\"https:\/\/schema.org\",\"@graph\":[{\"@type\":\"WebPage\",\"@id\":\"https:\/\/www.heddata.se\/webbutik\/produkt\/ny-atoner-brother-tn2510-1200-sidor-svartrtikel-tn2510\/\",\"url\":\"https:\/\/www.heddata.se\/webbutik\/produkt\/ny-atoner-brother-tn2510-1200-sidor-svartrtikel-tn2510\/\",\"name\":\"Toner Brother TN2510 1200 sidor, svart, av h\u00f6g kvalitett\",\"isPartOf\":{\"@id\":\"https:\/\/www.heddata.se\/webbutik\/#website\"},\"primaryImageOfPage\":{\"@id\":\"https:\/\/www.heddata.se\/webbutik\/produkt\/ny-atoner-brother-tn2510-1200-sidor-svartrtikel-tn2510\/#primaryimage\"},\"image\":{\"@id\":\"https:\/\/www.heddata.se\/webbutik\/produkt\/ny-atoner-brother-tn2510-1200-sidor-svartrtikel-tn2510\/#primaryimage\"},\"thumbnailUrl\":\"https:\/\/www.heddata.se\/webbutik\/wp-content\/uploads\/webbutik\/kategorier\/blackpatroner-toners\/tn2510.jpg\",\"datePublished\":\"2024-08-23T10:18:43+00:00\",\"dateModified\":\"2026-04-17T16:10:32+00:00\",\"description\":\"Toner Brother TN2510 1200 sidor, svart, av h\u00f6g kvalitett \u00e4r utformad f\u00f6r att ge skarpa, tydliga utskrifter, g\u00e5ng p\u00e5 g\u00e5ng.\u00a0\u00a0\",\"breadcrumb\":{\"@id\":\"https:\/\/www.heddata.se\/webbutik\/produkt\/ny-atoner-brother-tn2510-1200-sidor-svartrtikel-tn2510\/#breadcrumb\"},\"inLanguage\":\"sv-SE\",\"potentialAction\":[{\"@type\":\"ReadAction\",\"target\":[\"https:\/\/www.heddata.se\/webbutik\/produkt\/ny-atoner-brother-tn2510-1200-sidor-svartrtikel-tn2510\/\"]}]},{\"@type\":\"ImageObject\",\"inLanguage\":\"sv-SE\",\"@id\":\"https:\/\/www.heddata.se\/webbutik\/produkt\/ny-atoner-brother-tn2510-1200-sidor-svartrtikel-tn2510\/#primaryimage\",\"url\":\"https:\/\/www.heddata.se\/webbutik\/wp-content\/uploads\/webbutik\/kategorier\/blackpatroner-toners\/tn2510.jpg\",\"contentUrl\":\"https:\/\/www.heddata.se\/webbutik\/wp-content\/uploads\/webbutik\/kategorier\/blackpatroner-toners\/tn2510.jpg\",\"width\":1024,\"height\":1024,\"caption\":\"Toner Brother TN2510 1200\"},{\"@type\":\"BreadcrumbList\",\"@id\":\"https:\/\/www.heddata.se\/webbutik\/produkt\/ny-atoner-brother-tn2510-1200-sidor-svartrtikel-tn2510\/#breadcrumb\",\"itemListElement\":[{\"@type\":\"ListItem\",\"position\":1,\"name\":\"Hem\",\"item\":\"https:\/\/www.heddata.se\/webbutik\/\"},{\"@type\":\"ListItem\",\"position\":2,\"name\":\"Produkter\",\"item\":\"https:\/\/www.heddata.se\/webbutik\/shop\/\"},{\"@type\":\"ListItem\",\"position\":3,\"name\":\"Toner Brother TN2510 1200 sidor, svart\"}]},{\"@type\":\"WebSite\",\"@id\":\"https:\/\/www.heddata.se\/webbutik\/#website\",\"url\":\"https:\/\/www.heddata.se\/webbutik\/\",\"name\":\"Datorer, Skrivare, F\u00e4rgpatroner, Mobiltelefoner\",\"description\":\"Kablar\",\"publisher\":{\"@id\":\"https:\/\/www.heddata.se\/webbutik\/#organization\"},\"potentialAction\":[{\"@type\":\"SearchAction\",\"target\":{\"@type\":\"EntryPoint\",\"urlTemplate\":\"https:\/\/www.heddata.se\/webbutik\/?s={search_term_string}\"},\"query-input\":{\"@type\":\"PropertyValueSpecification\",\"valueRequired\":true,\"valueName\":\"search_term_string\"}}],\"inLanguage\":\"sv-SE\"},{\"@type\":\"Organization\",\"@id\":\"https:\/\/www.heddata.se\/webbutik\/#organization\",\"name\":\"Heddata AB\",\"url\":\"https:\/\/www.heddata.se\/webbutik\/\",\"logo\":{\"@type\":\"ImageObject\",\"inLanguage\":\"sv-SE\",\"@id\":\"https:\/\/www.heddata.se\/webbutik\/#\/schema\/logo\/image\/\",\"url\":\"https:\/\/www.heddata.se\/webbutik\/wp-content\/uploads\/logga\/heddata-ab-logga.png\",\"contentUrl\":\"https:\/\/www.heddata.se\/webbutik\/wp-content\/uploads\/logga\/heddata-ab-logga.png\",\"width\":200,\"height\":64,\"caption\":\"Heddata AB\"},\"image\":{\"@id\":\"https:\/\/www.heddata.se\/webbutik\/#\/schema\/logo\/image\/\"}}]}<\/script>\n<!-- \/ Yoast SEO Premium plugin. -->","yoast_head_json":{"title":"Toner Brother TN2510 1200 sidor, svart, av h\u00f6g kvalitett","description":"Toner Brother TN2510 1200 sidor, svart, av h\u00f6g kvalitett \u00e4r utformad f\u00f6r att ge skarpa, tydliga utskrifter, g\u00e5ng p\u00e5 g\u00e5ng.\u00a0\u00a0","robots":{"index":"index","follow":"follow","max-snippet":"max-snippet:-1","max-image-preview":"max-image-preview:large","max-video-preview":"max-video-preview:-1"},"canonical":"https:\/\/www.heddata.se\/webbutik\/produkt\/ny-atoner-brother-tn2510-1200-sidor-svartrtikel-tn2510\/","og_locale":"sv_SE","og_type":"article","og_title":"Toner Brother TN2510 1200 sidor, svart","og_description":"Toner Brother TN2510 1200 sidor, svart, av h\u00f6g kvalitett \u00e4r utformad f\u00f6r att ge skarpa, tydliga utskrifter, g\u00e5ng p\u00e5 g\u00e5ng.\u00a0\u00a0","og_url":"https:\/\/www.heddata.se\/webbutik\/produkt\/ny-atoner-brother-tn2510-1200-sidor-svartrtikel-tn2510\/","og_site_name":"Datorer, Skrivare, F\u00e4rgpatroner, Mobiltelefoner","article_modified_time":"2026-04-17T16:10:32+00:00","og_image":[{"width":1024,"height":1024,"url":"https:\/\/www.heddata.se\/webbutik\/wp-content\/uploads\/webbutik\/kategorier\/blackpatroner-toners\/tn2510.jpg","type":"image\/jpeg"}],"twitter_card":"summary_large_image","twitter_misc":{"Ber\u00e4knad l\u00e4stid":"1 minut"},"schema":{"@context":"https:\/\/schema.org","@graph":[{"@type":"WebPage","@id":"https:\/\/www.heddata.se\/webbutik\/produkt\/ny-atoner-brother-tn2510-1200-sidor-svartrtikel-tn2510\/","url":"https:\/\/www.heddata.se\/webbutik\/produkt\/ny-atoner-brother-tn2510-1200-sidor-svartrtikel-tn2510\/","name":"Toner Brother TN2510 1200 sidor, svart, av h\u00f6g kvalitett","isPartOf":{"@id":"https:\/\/www.heddata.se\/webbutik\/#website"},"primaryImageOfPage":{"@id":"https:\/\/www.heddata.se\/webbutik\/produkt\/ny-atoner-brother-tn2510-1200-sidor-svartrtikel-tn2510\/#primaryimage"},"image":{"@id":"https:\/\/www.heddata.se\/webbutik\/produkt\/ny-atoner-brother-tn2510-1200-sidor-svartrtikel-tn2510\/#primaryimage"},"thumbnailUrl":"https:\/\/www.heddata.se\/webbutik\/wp-content\/uploads\/webbutik\/kategorier\/blackpatroner-toners\/tn2510.jpg","datePublished":"2024-08-23T10:18:43+00:00","dateModified":"2026-04-17T16:10:32+00:00","description":"Toner Brother TN2510 1200 sidor, svart, av h\u00f6g kvalitett \u00e4r utformad f\u00f6r att ge skarpa, tydliga utskrifter, g\u00e5ng p\u00e5 g\u00e5ng.\u00a0\u00a0","breadcrumb":{"@id":"https:\/\/www.heddata.se\/webbutik\/produkt\/ny-atoner-brother-tn2510-1200-sidor-svartrtikel-tn2510\/#breadcrumb"},"inLanguage":"sv-SE","potentialAction":[{"@type":"ReadAction","target":["https:\/\/www.heddata.se\/webbutik\/produkt\/ny-atoner-brother-tn2510-1200-sidor-svartrtikel-tn2510\/"]}]},{"@type":"ImageObject","inLanguage":"sv-SE","@id":"https:\/\/www.heddata.se\/webbutik\/produkt\/ny-atoner-brother-tn2510-1200-sidor-svartrtikel-tn2510\/#primaryimage","url":"https:\/\/www.heddata.se\/webbutik\/wp-content\/uploads\/webbutik\/kategorier\/blackpatroner-toners\/tn2510.jpg","contentUrl":"https:\/\/www.heddata.se\/webbutik\/wp-content\/uploads\/webbutik\/kategorier\/blackpatroner-toners\/tn2510.jpg","width":1024,"height":1024,"caption":"Toner Brother TN2510 1200"},{"@type":"BreadcrumbList","@id":"https:\/\/www.heddata.se\/webbutik\/produkt\/ny-atoner-brother-tn2510-1200-sidor-svartrtikel-tn2510\/#breadcrumb","itemListElement":[{"@type":"ListItem","position":1,"name":"Hem","item":"https:\/\/www.heddata.se\/webbutik\/"},{"@type":"ListItem","position":2,"name":"Produkter","item":"https:\/\/www.heddata.se\/webbutik\/shop\/"},{"@type":"ListItem","position":3,"name":"Toner Brother TN2510 1200 sidor, svart"}]},{"@type":"WebSite","@id":"https:\/\/www.heddata.se\/webbutik\/#website","url":"https:\/\/www.heddata.se\/webbutik\/","name":"Datorer, Skrivare, F\u00e4rgpatroner, Mobiltelefoner","description":"Kablar","publisher":{"@id":"https:\/\/www.heddata.se\/webbutik\/#organization"},"potentialAction":[{"@type":"SearchAction","target":{"@type":"EntryPoint","urlTemplate":"https:\/\/www.heddata.se\/webbutik\/?s={search_term_string}"},"query-input":{"@type":"PropertyValueSpecification","valueRequired":true,"valueName":"search_term_string"}}],"inLanguage":"sv-SE"},{"@type":"Organization","@id":"https:\/\/www.heddata.se\/webbutik\/#organization","name":"Heddata AB","url":"https:\/\/www.heddata.se\/webbutik\/","logo":{"@type":"ImageObject","inLanguage":"sv-SE","@id":"https:\/\/www.heddata.se\/webbutik\/#\/schema\/logo\/image\/","url":"https:\/\/www.heddata.se\/webbutik\/wp-content\/uploads\/logga\/heddata-ab-logga.png","contentUrl":"https:\/\/www.heddata.se\/webbutik\/wp-content\/uploads\/logga\/heddata-ab-logga.png","width":200,"height":64,"caption":"Heddata AB"},"image":{"@id":"https:\/\/www.heddata.se\/webbutik\/#\/schema\/logo\/image\/"}}]}},"_links":{"self":[{"href":"https:\/\/www.heddata.se\/webbutik\/wp-json\/wp\/v2\/product\/95650","targetHints":{"allow":["GET"]}}],"collection":[{"href":"https:\/\/www.heddata.se\/webbutik\/wp-json\/wp\/v2\/product"}],"about":[{"href":"https:\/\/www.heddata.se\/webbutik\/wp-json\/wp\/v2\/types\/product"}],"wp:featuredmedia":[{"embeddable":true,"href":"https:\/\/www.heddata.se\/webbutik\/wp-json\/wp\/v2\/media\/95654"}],"wp:attachment":[{"href":"https:\/\/www.heddata.se\/webbutik\/wp-json\/wp\/v2\/media?parent=95650"}],"wp:term":[{"taxonomy":"product_brand","embeddable":true,"href":"https:\/\/www.heddata.se\/webbutik\/wp-json\/wp\/v2\/product_brand?post=95650"},{"taxonomy":"product_cat","embeddable":true,"href":"https:\/\/www.heddata.se\/webbutik\/wp-json\/wp\/v2\/product_cat?post=95650"},{"taxonomy":"product_tag","embeddable":true,"href":"https:\/\/www.heddata.se\/webbutik\/wp-json\/wp\/v2\/product_tag?post=95650"}],"curies":[{"name":"wp","href":"https:\/\/api.w.org\/{rel}","templated":true}]}}