{"id":95539,"date":"2024-06-18T16:18:02","date_gmt":"2024-06-18T14:18:02","guid":{"rendered":"https:\/\/www.heddata.se\/webbutik\/?post_type=product&#038;p=95539"},"modified":"2026-04-08T12:08:18","modified_gmt":"2026-04-08T10:08:18","slug":"unisynk-8-port-usb-c-hub-v2-4k-60hz-100w-black-10385","status":"publish","type":"product","link":"https:\/\/www.heddata.se\/webbutik\/produkt\/unisynk-8-port-usb-c-hub-v2-4k-60hz-100w-black-10385\/","title":{"rendered":"Unisynk 8 Port USB-C Hub V2 4K 60Hz 100W Black &#8211; 10385"},"content":{"rendered":"<p>Unisynk 8 Port USB-C Hub V2 4K 60Hz 100W Black &#8211; 10385<\/p>\n<p>USB-C Hub med 8 portar.<\/p>\n<p>The <a href=\"https:\/\/unisynk.se\/\" target=\"_blank\" rel=\"noopener\">Unisynk<\/a> 8 Port USB-C Hub V2 is an Award Winning Solution for your most common needs. High performing and yet portable, it works with all your USB-C devices*. Connect your external display and accessories for optimized workflow.<\/p>\n<p>Unplug and go to the sofa with the <a href=\"https:\/\/www.heddata.se\/webbutik\/datorer\/\">laptop,<\/a> when you return all devices are already connected and you only need to plug in a single cable to regain maximum productivity.<\/p>\n<p>Perfect to take on the trip as it is small and flexible but at the same time has high performance.<\/p>\n<p>4K HDMI port for work and video<br \/>\nConnect your HDMI cable from the hub to your screen or TV to enjoy high definition images in up to 4K @60Hz resolution. Perfect for working more efficiently or watching TV series<\/p>\n<p>2x USB-A 3.0 + 1x USB-C 3.0 ports<br \/>\nConnect the accessories you need, e.g. mouse, keyboard, printer, joystick, USB stick, external hard drive, sync cable for mobile<\/p>\n<p>Connect your USB-C charger to the hub, and your computer will charge automatically. Supports up to 100W charging.<\/p>\n<p>100W, 100W Pass-Through Charging capacity<\/p>\n<p>Rubberized edges, Does not slip or scratch<\/p>\n<p>&#8221;Red Dot Design Award Winner 2021<br \/>\nPorts:<br \/>\n2x USB-A 3.0 (up to 5 Gbit\/s)<br \/>\n1x USB-C 3.0 (up to 5 Gbit\/s)<br \/>\n1x USB-C PD (up to 100 W)<br \/>\n1x HDMI (4K@60Hz or fullHD@60Hz)<br \/>\n1x SD memory card<br \/>\n1x MicroSD memory card<br \/>\n1x Network (up to 1 Gbit\/s)&#8221;<\/p>\n<p>*Make sure your device&#8217;s female port supports DisplayPort protocol for video. Supports PowerDelivery protocol for Pass-Through Charging. The hub is optimized for a FullHD (1920x1080p) display or a 4K (3840x2160p) display. Supports HDCP 2.2<\/p>\n","protected":false},"excerpt":{"rendered":"<p>Unisynk 8 Port USB-C Hub V2 4K 60Hz 100W Black &#8211; 10385<\/p>\n","protected":false},"featured_media":95541,"template":"","meta":[],"product_brand":[],"product_cat":[65,8988],"product_tag":[],"class_list":{"0":"post-95539","1":"product","2":"type-product","3":"status-publish","4":"has-post-thumbnail","6":"product_cat-datorer-tillbehor","7":"product_cat-usb-hubbar","9":"first","10":"instock","11":"taxable","12":"shipping-taxable","13":"purchasable","14":"product-type-simple"},"yoast_head":"<!-- This site is optimized with the Yoast SEO Premium plugin v26.7 (Yoast SEO v26.7) - https:\/\/yoast.com\/wordpress\/plugins\/seo\/ -->\n<title>Unisynk 8 Port USB-C Hub V2 4K 60Hz 100W Black - 10385<\/title>\n<meta name=\"description\" content=\"Unisynk 8 Port USB-C Hub V2 4K 60Hz 100W Black - 4K HDMI-port f\u00f6r arbete och video Anslut din HDMI-kabel fr\u00e5n dockningshubben till sk\u00e4rm\" \/>\n<meta name=\"robots\" content=\"index, follow, max-snippet:-1, max-image-preview:large, max-video-preview:-1\" \/>\n<link rel=\"canonical\" href=\"https:\/\/www.heddata.se\/webbutik\/produkt\/unisynk-8-port-usb-c-hub-v2-4k-60hz-100w-black-10385\/\" \/>\n<meta property=\"og:locale\" content=\"sv_SE\" \/>\n<meta property=\"og:type\" content=\"article\" \/>\n<meta property=\"og:title\" content=\"Unisynk 8 Port USB-C Hub V2 4K 60Hz 100W Black - 10385\" \/>\n<meta property=\"og:description\" content=\"Unisynk 8 Port USB-C Hub V2 4K 60Hz 100W Black - 4K HDMI-port f\u00f6r arbete och video Anslut din HDMI-kabel fr\u00e5n dockningshubben till sk\u00e4rm\" \/>\n<meta property=\"og:url\" content=\"https:\/\/www.heddata.se\/webbutik\/produkt\/unisynk-8-port-usb-c-hub-v2-4k-60hz-100w-black-10385\/\" \/>\n<meta property=\"og:site_name\" content=\"Datorer, Skrivare, F\u00e4rgpatroner, Mobiltelefoner\" \/>\n<meta property=\"article:modified_time\" content=\"2026-04-08T10:08:18+00:00\" \/>\n<meta property=\"og:image\" content=\"https:\/\/www.heddata.se\/webbutik\/wp-content\/uploads\/webbutik\/kategorier\/kablar-adaptrar\/10385.jpg\" \/>\n\t<meta property=\"og:image:width\" content=\"1200\" \/>\n\t<meta property=\"og:image:height\" content=\"1200\" \/>\n\t<meta property=\"og:image:type\" content=\"image\/jpeg\" \/>\n<meta name=\"twitter:card\" content=\"summary_large_image\" \/>\n<meta name=\"twitter:label1\" content=\"Ber\u00e4knad l\u00e4stid\" \/>\n\t<meta name=\"twitter:data1\" content=\"1 minut\" \/>\n<script type=\"application\/ld+json\" class=\"yoast-schema-graph\">{\"@context\":\"https:\/\/schema.org\",\"@graph\":[{\"@type\":\"WebPage\",\"@id\":\"https:\/\/www.heddata.se\/webbutik\/produkt\/unisynk-8-port-usb-c-hub-v2-4k-60hz-100w-black-10385\/\",\"url\":\"https:\/\/www.heddata.se\/webbutik\/produkt\/unisynk-8-port-usb-c-hub-v2-4k-60hz-100w-black-10385\/\",\"name\":\"Unisynk 8 Port USB-C Hub V2 4K 60Hz 100W Black - 10385\",\"isPartOf\":{\"@id\":\"https:\/\/www.heddata.se\/webbutik\/#website\"},\"primaryImageOfPage\":{\"@id\":\"https:\/\/www.heddata.se\/webbutik\/produkt\/unisynk-8-port-usb-c-hub-v2-4k-60hz-100w-black-10385\/#primaryimage\"},\"image\":{\"@id\":\"https:\/\/www.heddata.se\/webbutik\/produkt\/unisynk-8-port-usb-c-hub-v2-4k-60hz-100w-black-10385\/#primaryimage\"},\"thumbnailUrl\":\"https:\/\/www.heddata.se\/webbutik\/wp-content\/uploads\/webbutik\/kategorier\/kablar-adaptrar\/10385.jpg\",\"datePublished\":\"2024-06-18T14:18:02+00:00\",\"dateModified\":\"2026-04-08T10:08:18+00:00\",\"description\":\"Unisynk 8 Port USB-C Hub V2 4K 60Hz 100W Black - 4K HDMI-port f\u00f6r arbete och video Anslut din HDMI-kabel fr\u00e5n dockningshubben till sk\u00e4rm\",\"breadcrumb\":{\"@id\":\"https:\/\/www.heddata.se\/webbutik\/produkt\/unisynk-8-port-usb-c-hub-v2-4k-60hz-100w-black-10385\/#breadcrumb\"},\"inLanguage\":\"sv-SE\",\"potentialAction\":[{\"@type\":\"ReadAction\",\"target\":[\"https:\/\/www.heddata.se\/webbutik\/produkt\/unisynk-8-port-usb-c-hub-v2-4k-60hz-100w-black-10385\/\"]}]},{\"@type\":\"ImageObject\",\"inLanguage\":\"sv-SE\",\"@id\":\"https:\/\/www.heddata.se\/webbutik\/produkt\/unisynk-8-port-usb-c-hub-v2-4k-60hz-100w-black-10385\/#primaryimage\",\"url\":\"https:\/\/www.heddata.se\/webbutik\/wp-content\/uploads\/webbutik\/kategorier\/kablar-adaptrar\/10385.jpg\",\"contentUrl\":\"https:\/\/www.heddata.se\/webbutik\/wp-content\/uploads\/webbutik\/kategorier\/kablar-adaptrar\/10385.jpg\",\"width\":1200,\"height\":1200,\"caption\":\"Unisynk 8 Port USB-C Hub\"},{\"@type\":\"BreadcrumbList\",\"@id\":\"https:\/\/www.heddata.se\/webbutik\/produkt\/unisynk-8-port-usb-c-hub-v2-4k-60hz-100w-black-10385\/#breadcrumb\",\"itemListElement\":[{\"@type\":\"ListItem\",\"position\":1,\"name\":\"Hem\",\"item\":\"https:\/\/www.heddata.se\/webbutik\/\"},{\"@type\":\"ListItem\",\"position\":2,\"name\":\"Produkter\",\"item\":\"https:\/\/www.heddata.se\/webbutik\/shop\/\"},{\"@type\":\"ListItem\",\"position\":3,\"name\":\"Unisynk 8 Port USB-C Hub V2 4K 60Hz 100W Black &#8211; 10385\"}]},{\"@type\":\"WebSite\",\"@id\":\"https:\/\/www.heddata.se\/webbutik\/#website\",\"url\":\"https:\/\/www.heddata.se\/webbutik\/\",\"name\":\"Datorer, Skrivare, F\u00e4rgpatroner, Mobiltelefoner\",\"description\":\"Kablar\",\"publisher\":{\"@id\":\"https:\/\/www.heddata.se\/webbutik\/#organization\"},\"potentialAction\":[{\"@type\":\"SearchAction\",\"target\":{\"@type\":\"EntryPoint\",\"urlTemplate\":\"https:\/\/www.heddata.se\/webbutik\/?s={search_term_string}\"},\"query-input\":{\"@type\":\"PropertyValueSpecification\",\"valueRequired\":true,\"valueName\":\"search_term_string\"}}],\"inLanguage\":\"sv-SE\"},{\"@type\":\"Organization\",\"@id\":\"https:\/\/www.heddata.se\/webbutik\/#organization\",\"name\":\"Heddata AB\",\"url\":\"https:\/\/www.heddata.se\/webbutik\/\",\"logo\":{\"@type\":\"ImageObject\",\"inLanguage\":\"sv-SE\",\"@id\":\"https:\/\/www.heddata.se\/webbutik\/#\/schema\/logo\/image\/\",\"url\":\"https:\/\/www.heddata.se\/webbutik\/wp-content\/uploads\/logga\/heddata-ab-logga.png\",\"contentUrl\":\"https:\/\/www.heddata.se\/webbutik\/wp-content\/uploads\/logga\/heddata-ab-logga.png\",\"width\":200,\"height\":64,\"caption\":\"Heddata AB\"},\"image\":{\"@id\":\"https:\/\/www.heddata.se\/webbutik\/#\/schema\/logo\/image\/\"}}]}<\/script>\n<!-- \/ Yoast SEO Premium plugin. -->","yoast_head_json":{"title":"Unisynk 8 Port USB-C Hub V2 4K 60Hz 100W Black - 10385","description":"Unisynk 8 Port USB-C Hub V2 4K 60Hz 100W Black - 4K HDMI-port f\u00f6r arbete och video Anslut din HDMI-kabel fr\u00e5n dockningshubben till sk\u00e4rm","robots":{"index":"index","follow":"follow","max-snippet":"max-snippet:-1","max-image-preview":"max-image-preview:large","max-video-preview":"max-video-preview:-1"},"canonical":"https:\/\/www.heddata.se\/webbutik\/produkt\/unisynk-8-port-usb-c-hub-v2-4k-60hz-100w-black-10385\/","og_locale":"sv_SE","og_type":"article","og_title":"Unisynk 8 Port USB-C Hub V2 4K 60Hz 100W Black - 10385","og_description":"Unisynk 8 Port USB-C Hub V2 4K 60Hz 100W Black - 4K HDMI-port f\u00f6r arbete och video Anslut din HDMI-kabel fr\u00e5n dockningshubben till sk\u00e4rm","og_url":"https:\/\/www.heddata.se\/webbutik\/produkt\/unisynk-8-port-usb-c-hub-v2-4k-60hz-100w-black-10385\/","og_site_name":"Datorer, Skrivare, F\u00e4rgpatroner, Mobiltelefoner","article_modified_time":"2026-04-08T10:08:18+00:00","og_image":[{"width":1200,"height":1200,"url":"https:\/\/www.heddata.se\/webbutik\/wp-content\/uploads\/webbutik\/kategorier\/kablar-adaptrar\/10385.jpg","type":"image\/jpeg"}],"twitter_card":"summary_large_image","twitter_misc":{"Ber\u00e4knad l\u00e4stid":"1 minut"},"schema":{"@context":"https:\/\/schema.org","@graph":[{"@type":"WebPage","@id":"https:\/\/www.heddata.se\/webbutik\/produkt\/unisynk-8-port-usb-c-hub-v2-4k-60hz-100w-black-10385\/","url":"https:\/\/www.heddata.se\/webbutik\/produkt\/unisynk-8-port-usb-c-hub-v2-4k-60hz-100w-black-10385\/","name":"Unisynk 8 Port USB-C Hub V2 4K 60Hz 100W Black - 10385","isPartOf":{"@id":"https:\/\/www.heddata.se\/webbutik\/#website"},"primaryImageOfPage":{"@id":"https:\/\/www.heddata.se\/webbutik\/produkt\/unisynk-8-port-usb-c-hub-v2-4k-60hz-100w-black-10385\/#primaryimage"},"image":{"@id":"https:\/\/www.heddata.se\/webbutik\/produkt\/unisynk-8-port-usb-c-hub-v2-4k-60hz-100w-black-10385\/#primaryimage"},"thumbnailUrl":"https:\/\/www.heddata.se\/webbutik\/wp-content\/uploads\/webbutik\/kategorier\/kablar-adaptrar\/10385.jpg","datePublished":"2024-06-18T14:18:02+00:00","dateModified":"2026-04-08T10:08:18+00:00","description":"Unisynk 8 Port USB-C Hub V2 4K 60Hz 100W Black - 4K HDMI-port f\u00f6r arbete och video Anslut din HDMI-kabel fr\u00e5n dockningshubben till sk\u00e4rm","breadcrumb":{"@id":"https:\/\/www.heddata.se\/webbutik\/produkt\/unisynk-8-port-usb-c-hub-v2-4k-60hz-100w-black-10385\/#breadcrumb"},"inLanguage":"sv-SE","potentialAction":[{"@type":"ReadAction","target":["https:\/\/www.heddata.se\/webbutik\/produkt\/unisynk-8-port-usb-c-hub-v2-4k-60hz-100w-black-10385\/"]}]},{"@type":"ImageObject","inLanguage":"sv-SE","@id":"https:\/\/www.heddata.se\/webbutik\/produkt\/unisynk-8-port-usb-c-hub-v2-4k-60hz-100w-black-10385\/#primaryimage","url":"https:\/\/www.heddata.se\/webbutik\/wp-content\/uploads\/webbutik\/kategorier\/kablar-adaptrar\/10385.jpg","contentUrl":"https:\/\/www.heddata.se\/webbutik\/wp-content\/uploads\/webbutik\/kategorier\/kablar-adaptrar\/10385.jpg","width":1200,"height":1200,"caption":"Unisynk 8 Port USB-C Hub"},{"@type":"BreadcrumbList","@id":"https:\/\/www.heddata.se\/webbutik\/produkt\/unisynk-8-port-usb-c-hub-v2-4k-60hz-100w-black-10385\/#breadcrumb","itemListElement":[{"@type":"ListItem","position":1,"name":"Hem","item":"https:\/\/www.heddata.se\/webbutik\/"},{"@type":"ListItem","position":2,"name":"Produkter","item":"https:\/\/www.heddata.se\/webbutik\/shop\/"},{"@type":"ListItem","position":3,"name":"Unisynk 8 Port USB-C Hub V2 4K 60Hz 100W Black &#8211; 10385"}]},{"@type":"WebSite","@id":"https:\/\/www.heddata.se\/webbutik\/#website","url":"https:\/\/www.heddata.se\/webbutik\/","name":"Datorer, Skrivare, F\u00e4rgpatroner, Mobiltelefoner","description":"Kablar","publisher":{"@id":"https:\/\/www.heddata.se\/webbutik\/#organization"},"potentialAction":[{"@type":"SearchAction","target":{"@type":"EntryPoint","urlTemplate":"https:\/\/www.heddata.se\/webbutik\/?s={search_term_string}"},"query-input":{"@type":"PropertyValueSpecification","valueRequired":true,"valueName":"search_term_string"}}],"inLanguage":"sv-SE"},{"@type":"Organization","@id":"https:\/\/www.heddata.se\/webbutik\/#organization","name":"Heddata AB","url":"https:\/\/www.heddata.se\/webbutik\/","logo":{"@type":"ImageObject","inLanguage":"sv-SE","@id":"https:\/\/www.heddata.se\/webbutik\/#\/schema\/logo\/image\/","url":"https:\/\/www.heddata.se\/webbutik\/wp-content\/uploads\/logga\/heddata-ab-logga.png","contentUrl":"https:\/\/www.heddata.se\/webbutik\/wp-content\/uploads\/logga\/heddata-ab-logga.png","width":200,"height":64,"caption":"Heddata AB"},"image":{"@id":"https:\/\/www.heddata.se\/webbutik\/#\/schema\/logo\/image\/"}}]}},"_links":{"self":[{"href":"https:\/\/www.heddata.se\/webbutik\/wp-json\/wp\/v2\/product\/95539","targetHints":{"allow":["GET"]}}],"collection":[{"href":"https:\/\/www.heddata.se\/webbutik\/wp-json\/wp\/v2\/product"}],"about":[{"href":"https:\/\/www.heddata.se\/webbutik\/wp-json\/wp\/v2\/types\/product"}],"wp:featuredmedia":[{"embeddable":true,"href":"https:\/\/www.heddata.se\/webbutik\/wp-json\/wp\/v2\/media\/95541"}],"wp:attachment":[{"href":"https:\/\/www.heddata.se\/webbutik\/wp-json\/wp\/v2\/media?parent=95539"}],"wp:term":[{"taxonomy":"product_brand","embeddable":true,"href":"https:\/\/www.heddata.se\/webbutik\/wp-json\/wp\/v2\/product_brand?post=95539"},{"taxonomy":"product_cat","embeddable":true,"href":"https:\/\/www.heddata.se\/webbutik\/wp-json\/wp\/v2\/product_cat?post=95539"},{"taxonomy":"product_tag","embeddable":true,"href":"https:\/\/www.heddata.se\/webbutik\/wp-json\/wp\/v2\/product_tag?post=95539"}],"curies":[{"name":"wp","href":"https:\/\/api.w.org\/{rel}","templated":true}]}}