{"id":95532,"date":"2024-06-18T14:18:26","date_gmt":"2024-06-18T12:18:26","guid":{"rendered":"https:\/\/www.heddata.se\/webbutik\/?post_type=product&#038;p=95532"},"modified":"2026-05-07T18:12:06","modified_gmt":"2026-05-07T16:12:06","slug":"brother-original-lc427m-blackpatron-magenta","status":"publish","type":"product","link":"https:\/\/www.heddata.se\/webbutik\/produkt\/brother-original-lc427m-blackpatron-magenta\/","title":{"rendered":"Brother original LC427M-bl\u00e4ckpatron &#8211; magenta"},"content":{"rendered":"<h1>Brother original LC427M-bl\u00e4ckpatron &#8211; magenta<\/h1>\n<h4>Beskrivning<\/h4>\n<section class=\"product-detail--section product-detail--product-description component\">Letar du efter en patron som erbjuder p\u00e5litlig prestanda varje g\u00e5ng skriver ut? Brother LC427M-bl\u00e4ckpatron magenta med h\u00f6g kapacitet med f\u00e4rgbest\u00e4ndighet garanterar j\u00e4mna, tillf\u00f6rlitliga utskrifter av h\u00f6gsta kvalitet fr\u00e5n f\u00f6rsta till sista utskrift. Med v\u00e5ra perfekt balanserade bl\u00e4ckpatroner fungerar skrivaren som den ska.<\/p>\n<p>Brother har milj\u00f6n i \u00e5tanke i varje steg av <a href=\"https:\/\/www.heddata.se\/webbutik\/blackpatroner-toners\/blackpatroner\/\">bl\u00e4ckpatronens<\/a> livsl\u00e4ngd, vilket minskar avfall. All v\u00e5ra maskinvara och bl\u00e4ckpatroner \u00e4r framtagna med milj\u00f6n i \u00e5tanke.<\/p>\n<p><a href=\"https:\/\/www.brother.se\/\" target=\"_blank\" rel=\"noopener\">Brother<\/a> original LC427M-bl\u00e4ckpatron \u2013 varje g\u00e5ng<\/p>\n<p>Kompabilitet: HL-J6010DW, MFC-J5955DW, MFC-J6955DW, MFC-J6957DW, MFC-J6959DW<\/p>\n<\/section>\n","protected":false},"excerpt":{"rendered":"<h1>Brother original LC427M-bl\u00e4ckpatron &#8211; magenta<\/h1>\n","protected":false},"featured_media":95549,"template":"","meta":[],"product_brand":[],"product_cat":[87,61,92],"product_tag":[],"class_list":{"0":"post-95532","1":"product","2":"type-product","3":"status-publish","4":"has-post-thumbnail","6":"product_cat-blackpatroner","7":"product_cat-blackpatroner-toners","8":"product_cat-brother","10":"first","11":"instock","12":"taxable","13":"shipping-taxable","14":"purchasable","15":"product-type-simple"},"yoast_head":"<!-- This site is optimized with the Yoast SEO Premium plugin v26.7 (Yoast SEO v26.7) - https:\/\/yoast.com\/wordpress\/plugins\/seo\/ -->\n<title>Brother original LC427M-bl\u00e4ckpatron - magenta upp till 1500 sidor<\/title>\n<meta name=\"description\" content=\"Brother original LC427M-bl\u00e4ckpatron - magenta en patron som erbjuder p\u00e5litlig prestanda varje g\u00e5ng skriver ut\" \/>\n<meta name=\"robots\" content=\"index, follow, max-snippet:-1, max-image-preview:large, max-video-preview:-1\" \/>\n<link rel=\"canonical\" href=\"https:\/\/www.heddata.se\/webbutik\/produkt\/brother-original-lc427m-blackpatron-magenta\/\" \/>\n<meta property=\"og:locale\" content=\"sv_SE\" \/>\n<meta property=\"og:type\" content=\"article\" \/>\n<meta property=\"og:title\" content=\"Brother original LC427M-bl\u00e4ckpatron - magenta\" \/>\n<meta property=\"og:description\" content=\"Brother original LC427M-bl\u00e4ckpatron - magenta en patron som erbjuder p\u00e5litlig prestanda varje g\u00e5ng skriver ut\" \/>\n<meta property=\"og:url\" content=\"https:\/\/www.heddata.se\/webbutik\/produkt\/brother-original-lc427m-blackpatron-magenta\/\" \/>\n<meta property=\"og:site_name\" content=\"Datorer, Skrivare, F\u00e4rgpatroner, Mobiltelefoner\" \/>\n<meta property=\"article:modified_time\" content=\"2026-05-07T16:12:06+00:00\" \/>\n<meta property=\"og:image\" content=\"https:\/\/www.heddata.se\/webbutik\/wp-content\/uploads\/webbutik\/kategorier\/blackpatroner-toners\/lc427m.jpg\" \/>\n\t<meta property=\"og:image:width\" content=\"960\" \/>\n\t<meta property=\"og:image:height\" content=\"960\" \/>\n\t<meta property=\"og:image:type\" content=\"image\/jpeg\" \/>\n<meta name=\"twitter:card\" content=\"summary_large_image\" \/>\n<meta name=\"twitter:label1\" content=\"Ber\u00e4knad l\u00e4stid\" \/>\n\t<meta name=\"twitter:data1\" content=\"1 minut\" \/>\n<script type=\"application\/ld+json\" class=\"yoast-schema-graph\">{\"@context\":\"https:\/\/schema.org\",\"@graph\":[{\"@type\":\"WebPage\",\"@id\":\"https:\/\/www.heddata.se\/webbutik\/produkt\/brother-original-lc427m-blackpatron-magenta\/\",\"url\":\"https:\/\/www.heddata.se\/webbutik\/produkt\/brother-original-lc427m-blackpatron-magenta\/\",\"name\":\"Brother original LC427M-bl\u00e4ckpatron - magenta upp till 1500 sidor\",\"isPartOf\":{\"@id\":\"https:\/\/www.heddata.se\/webbutik\/#website\"},\"primaryImageOfPage\":{\"@id\":\"https:\/\/www.heddata.se\/webbutik\/produkt\/brother-original-lc427m-blackpatron-magenta\/#primaryimage\"},\"image\":{\"@id\":\"https:\/\/www.heddata.se\/webbutik\/produkt\/brother-original-lc427m-blackpatron-magenta\/#primaryimage\"},\"thumbnailUrl\":\"https:\/\/www.heddata.se\/webbutik\/wp-content\/uploads\/webbutik\/kategorier\/blackpatroner-toners\/lc427m.jpg\",\"datePublished\":\"2024-06-18T12:18:26+00:00\",\"dateModified\":\"2026-05-07T16:12:06+00:00\",\"description\":\"Brother original LC427M-bl\u00e4ckpatron - magenta en patron som erbjuder p\u00e5litlig prestanda varje g\u00e5ng skriver ut\",\"breadcrumb\":{\"@id\":\"https:\/\/www.heddata.se\/webbutik\/produkt\/brother-original-lc427m-blackpatron-magenta\/#breadcrumb\"},\"inLanguage\":\"sv-SE\",\"potentialAction\":[{\"@type\":\"ReadAction\",\"target\":[\"https:\/\/www.heddata.se\/webbutik\/produkt\/brother-original-lc427m-blackpatron-magenta\/\"]}]},{\"@type\":\"ImageObject\",\"inLanguage\":\"sv-SE\",\"@id\":\"https:\/\/www.heddata.se\/webbutik\/produkt\/brother-original-lc427m-blackpatron-magenta\/#primaryimage\",\"url\":\"https:\/\/www.heddata.se\/webbutik\/wp-content\/uploads\/webbutik\/kategorier\/blackpatroner-toners\/lc427m.jpg\",\"contentUrl\":\"https:\/\/www.heddata.se\/webbutik\/wp-content\/uploads\/webbutik\/kategorier\/blackpatroner-toners\/lc427m.jpg\",\"width\":960,\"height\":960,\"caption\":\"Brother original LC427M-bl\u00e4ckpatron\"},{\"@type\":\"BreadcrumbList\",\"@id\":\"https:\/\/www.heddata.se\/webbutik\/produkt\/brother-original-lc427m-blackpatron-magenta\/#breadcrumb\",\"itemListElement\":[{\"@type\":\"ListItem\",\"position\":1,\"name\":\"Hem\",\"item\":\"https:\/\/www.heddata.se\/webbutik\/\"},{\"@type\":\"ListItem\",\"position\":2,\"name\":\"Produkter\",\"item\":\"https:\/\/www.heddata.se\/webbutik\/shop\/\"},{\"@type\":\"ListItem\",\"position\":3,\"name\":\"Brother original LC427M-bl\u00e4ckpatron &#8211; magenta\"}]},{\"@type\":\"WebSite\",\"@id\":\"https:\/\/www.heddata.se\/webbutik\/#website\",\"url\":\"https:\/\/www.heddata.se\/webbutik\/\",\"name\":\"Datorer, Skrivare, F\u00e4rgpatroner, Mobiltelefoner\",\"description\":\"Kablar\",\"publisher\":{\"@id\":\"https:\/\/www.heddata.se\/webbutik\/#organization\"},\"potentialAction\":[{\"@type\":\"SearchAction\",\"target\":{\"@type\":\"EntryPoint\",\"urlTemplate\":\"https:\/\/www.heddata.se\/webbutik\/?s={search_term_string}\"},\"query-input\":{\"@type\":\"PropertyValueSpecification\",\"valueRequired\":true,\"valueName\":\"search_term_string\"}}],\"inLanguage\":\"sv-SE\"},{\"@type\":\"Organization\",\"@id\":\"https:\/\/www.heddata.se\/webbutik\/#organization\",\"name\":\"Heddata AB\",\"url\":\"https:\/\/www.heddata.se\/webbutik\/\",\"logo\":{\"@type\":\"ImageObject\",\"inLanguage\":\"sv-SE\",\"@id\":\"https:\/\/www.heddata.se\/webbutik\/#\/schema\/logo\/image\/\",\"url\":\"https:\/\/www.heddata.se\/webbutik\/wp-content\/uploads\/logga\/heddata-ab-logga.png\",\"contentUrl\":\"https:\/\/www.heddata.se\/webbutik\/wp-content\/uploads\/logga\/heddata-ab-logga.png\",\"width\":200,\"height\":64,\"caption\":\"Heddata AB\"},\"image\":{\"@id\":\"https:\/\/www.heddata.se\/webbutik\/#\/schema\/logo\/image\/\"}}]}<\/script>\n<!-- \/ Yoast SEO Premium plugin. -->","yoast_head_json":{"title":"Brother original LC427M-bl\u00e4ckpatron - magenta upp till 1500 sidor","description":"Brother original LC427M-bl\u00e4ckpatron - magenta en patron som erbjuder p\u00e5litlig prestanda varje g\u00e5ng skriver ut","robots":{"index":"index","follow":"follow","max-snippet":"max-snippet:-1","max-image-preview":"max-image-preview:large","max-video-preview":"max-video-preview:-1"},"canonical":"https:\/\/www.heddata.se\/webbutik\/produkt\/brother-original-lc427m-blackpatron-magenta\/","og_locale":"sv_SE","og_type":"article","og_title":"Brother original LC427M-bl\u00e4ckpatron - magenta","og_description":"Brother original LC427M-bl\u00e4ckpatron - magenta en patron som erbjuder p\u00e5litlig prestanda varje g\u00e5ng skriver ut","og_url":"https:\/\/www.heddata.se\/webbutik\/produkt\/brother-original-lc427m-blackpatron-magenta\/","og_site_name":"Datorer, Skrivare, F\u00e4rgpatroner, Mobiltelefoner","article_modified_time":"2026-05-07T16:12:06+00:00","og_image":[{"width":960,"height":960,"url":"https:\/\/www.heddata.se\/webbutik\/wp-content\/uploads\/webbutik\/kategorier\/blackpatroner-toners\/lc427m.jpg","type":"image\/jpeg"}],"twitter_card":"summary_large_image","twitter_misc":{"Ber\u00e4knad l\u00e4stid":"1 minut"},"schema":{"@context":"https:\/\/schema.org","@graph":[{"@type":"WebPage","@id":"https:\/\/www.heddata.se\/webbutik\/produkt\/brother-original-lc427m-blackpatron-magenta\/","url":"https:\/\/www.heddata.se\/webbutik\/produkt\/brother-original-lc427m-blackpatron-magenta\/","name":"Brother original LC427M-bl\u00e4ckpatron - magenta upp till 1500 sidor","isPartOf":{"@id":"https:\/\/www.heddata.se\/webbutik\/#website"},"primaryImageOfPage":{"@id":"https:\/\/www.heddata.se\/webbutik\/produkt\/brother-original-lc427m-blackpatron-magenta\/#primaryimage"},"image":{"@id":"https:\/\/www.heddata.se\/webbutik\/produkt\/brother-original-lc427m-blackpatron-magenta\/#primaryimage"},"thumbnailUrl":"https:\/\/www.heddata.se\/webbutik\/wp-content\/uploads\/webbutik\/kategorier\/blackpatroner-toners\/lc427m.jpg","datePublished":"2024-06-18T12:18:26+00:00","dateModified":"2026-05-07T16:12:06+00:00","description":"Brother original LC427M-bl\u00e4ckpatron - magenta en patron som erbjuder p\u00e5litlig prestanda varje g\u00e5ng skriver ut","breadcrumb":{"@id":"https:\/\/www.heddata.se\/webbutik\/produkt\/brother-original-lc427m-blackpatron-magenta\/#breadcrumb"},"inLanguage":"sv-SE","potentialAction":[{"@type":"ReadAction","target":["https:\/\/www.heddata.se\/webbutik\/produkt\/brother-original-lc427m-blackpatron-magenta\/"]}]},{"@type":"ImageObject","inLanguage":"sv-SE","@id":"https:\/\/www.heddata.se\/webbutik\/produkt\/brother-original-lc427m-blackpatron-magenta\/#primaryimage","url":"https:\/\/www.heddata.se\/webbutik\/wp-content\/uploads\/webbutik\/kategorier\/blackpatroner-toners\/lc427m.jpg","contentUrl":"https:\/\/www.heddata.se\/webbutik\/wp-content\/uploads\/webbutik\/kategorier\/blackpatroner-toners\/lc427m.jpg","width":960,"height":960,"caption":"Brother original LC427M-bl\u00e4ckpatron"},{"@type":"BreadcrumbList","@id":"https:\/\/www.heddata.se\/webbutik\/produkt\/brother-original-lc427m-blackpatron-magenta\/#breadcrumb","itemListElement":[{"@type":"ListItem","position":1,"name":"Hem","item":"https:\/\/www.heddata.se\/webbutik\/"},{"@type":"ListItem","position":2,"name":"Produkter","item":"https:\/\/www.heddata.se\/webbutik\/shop\/"},{"@type":"ListItem","position":3,"name":"Brother original LC427M-bl\u00e4ckpatron &#8211; magenta"}]},{"@type":"WebSite","@id":"https:\/\/www.heddata.se\/webbutik\/#website","url":"https:\/\/www.heddata.se\/webbutik\/","name":"Datorer, Skrivare, F\u00e4rgpatroner, Mobiltelefoner","description":"Kablar","publisher":{"@id":"https:\/\/www.heddata.se\/webbutik\/#organization"},"potentialAction":[{"@type":"SearchAction","target":{"@type":"EntryPoint","urlTemplate":"https:\/\/www.heddata.se\/webbutik\/?s={search_term_string}"},"query-input":{"@type":"PropertyValueSpecification","valueRequired":true,"valueName":"search_term_string"}}],"inLanguage":"sv-SE"},{"@type":"Organization","@id":"https:\/\/www.heddata.se\/webbutik\/#organization","name":"Heddata AB","url":"https:\/\/www.heddata.se\/webbutik\/","logo":{"@type":"ImageObject","inLanguage":"sv-SE","@id":"https:\/\/www.heddata.se\/webbutik\/#\/schema\/logo\/image\/","url":"https:\/\/www.heddata.se\/webbutik\/wp-content\/uploads\/logga\/heddata-ab-logga.png","contentUrl":"https:\/\/www.heddata.se\/webbutik\/wp-content\/uploads\/logga\/heddata-ab-logga.png","width":200,"height":64,"caption":"Heddata AB"},"image":{"@id":"https:\/\/www.heddata.se\/webbutik\/#\/schema\/logo\/image\/"}}]}},"_links":{"self":[{"href":"https:\/\/www.heddata.se\/webbutik\/wp-json\/wp\/v2\/product\/95532","targetHints":{"allow":["GET"]}}],"collection":[{"href":"https:\/\/www.heddata.se\/webbutik\/wp-json\/wp\/v2\/product"}],"about":[{"href":"https:\/\/www.heddata.se\/webbutik\/wp-json\/wp\/v2\/types\/product"}],"wp:featuredmedia":[{"embeddable":true,"href":"https:\/\/www.heddata.se\/webbutik\/wp-json\/wp\/v2\/media\/95549"}],"wp:attachment":[{"href":"https:\/\/www.heddata.se\/webbutik\/wp-json\/wp\/v2\/media?parent=95532"}],"wp:term":[{"taxonomy":"product_brand","embeddable":true,"href":"https:\/\/www.heddata.se\/webbutik\/wp-json\/wp\/v2\/product_brand?post=95532"},{"taxonomy":"product_cat","embeddable":true,"href":"https:\/\/www.heddata.se\/webbutik\/wp-json\/wp\/v2\/product_cat?post=95532"},{"taxonomy":"product_tag","embeddable":true,"href":"https:\/\/www.heddata.se\/webbutik\/wp-json\/wp\/v2\/product_tag?post=95532"}],"curies":[{"name":"wp","href":"https:\/\/api.w.org\/{rel}","templated":true}]}}