{"id":95520,"date":"2024-06-14T12:18:04","date_gmt":"2024-06-14T10:18:04","guid":{"rendered":"https:\/\/www.heddata.se\/webbutik\/?post_type=product&#038;p=95520"},"modified":"2026-04-15T18:10:19","modified_gmt":"2026-04-15T16:10:19","slug":"post-it-notis-office-depot-76-x-76-mm-gul-2631192","status":"publish","type":"product","link":"https:\/\/www.heddata.se\/webbutik\/produkt\/post-it-notis-office-depot-76-x-76-mm-gul-2631192\/","title":{"rendered":"Post It Notis Office Depot 76 x 76 mm gul &#8211; 2631192"},"content":{"rendered":"<p>Post It Notis Office Depot 76 x 76 mm gul &#8211; 2631192<\/p>\n<p class=\"productDesc list-view-desc small-text-dark\">Office <a href=\"https:\/\/www.officedepot.se\/\" target=\"_blank\" rel=\"noopener\">Depots<\/a> sj\u00e4lvh\u00e4ftande gula <a href=\"https:\/\/www.heddata.se\/webbutik\/kontorstillbehor\/\">notisblock<\/a> \u00e4r bra att ha till hands n\u00e4r du gl\u00f6mmer saker l\u00e4tt.<\/p>\n<p>Lapparna g\u00e5r att s\u00e4tta p\u00e5 alla underlag och kan anv\u00e4ndas g\u00e5ng p\u00e5 g\u00e5ng. Enkla att anv\u00e4nda och skonsamma mot alla sorters ytor. Det blir enklare att h\u00e5lla reda och att komma ih\u00e5g alla dina uppgifter. De \u00e4r l\u00e4tta att flytta till ny plats utan att l\u00e4mna n\u00e5gra limrester, du har alltid informationen med dig.<\/p>\n<ul class=\"small-text-dark desc-list\">\n<li>Gul<\/li>\n<li>100 blad\/block<\/li>\n<\/ul>\n","protected":false},"excerpt":{"rendered":"<p>Post It Notis Office Depot 76 x 76 mm gul &#8211; 2631192<\/p>\n","protected":false},"featured_media":95538,"template":"","meta":[],"product_brand":[],"product_cat":[68],"product_tag":[],"class_list":{"0":"post-95520","1":"product","2":"type-product","3":"status-publish","4":"has-post-thumbnail","6":"product_cat-kontorstillbehor","8":"first","9":"instock","10":"taxable","11":"shipping-taxable","12":"purchasable","13":"product-type-simple"},"yoast_head":"<!-- This site is optimized with the Yoast SEO Premium plugin v26.7 (Yoast SEO v26.7) - https:\/\/yoast.com\/wordpress\/plugins\/seo\/ -->\n<title>Post It Notis Office Depot 76 x 76 mm gul - 2631192<\/title>\n<meta name=\"description\" content=\"Post It Notis Office Depot 76 x 76 mm gul - 2631192 Enkla att anv\u00e4nda och skonsamma mot alla sorters ytor.\" \/>\n<meta name=\"robots\" content=\"index, follow, max-snippet:-1, max-image-preview:large, max-video-preview:-1\" \/>\n<link rel=\"canonical\" href=\"https:\/\/www.heddata.se\/webbutik\/produkt\/post-it-notis-office-depot-76-x-76-mm-gul-2631192\/\" \/>\n<meta property=\"og:locale\" content=\"sv_SE\" \/>\n<meta property=\"og:type\" content=\"article\" \/>\n<meta property=\"og:title\" content=\"Post It Notis Office Depot 76 x 76 mm gul - 2631192\" \/>\n<meta property=\"og:description\" content=\"Post It Notis Office Depot 76 x 76 mm gul - 2631192 Enkla att anv\u00e4nda och skonsamma mot alla sorters ytor.\" \/>\n<meta property=\"og:url\" content=\"https:\/\/www.heddata.se\/webbutik\/produkt\/post-it-notis-office-depot-76-x-76-mm-gul-2631192\/\" \/>\n<meta property=\"og:site_name\" content=\"Datorer, Skrivare, F\u00e4rgpatroner, Mobiltelefoner\" \/>\n<meta property=\"article:modified_time\" content=\"2026-04-15T16:10:19+00:00\" \/>\n<meta property=\"og:image\" content=\"https:\/\/www.heddata.se\/webbutik\/wp-content\/uploads\/webbutik\/kategorier\/kontorstillbehor\/2631192-1.jpg\" \/>\n\t<meta property=\"og:image:width\" content=\"800\" \/>\n\t<meta property=\"og:image:height\" content=\"800\" \/>\n\t<meta property=\"og:image:type\" content=\"image\/jpeg\" \/>\n<meta name=\"twitter:card\" content=\"summary_large_image\" \/>\n<script type=\"application\/ld+json\" class=\"yoast-schema-graph\">{\"@context\":\"https:\/\/schema.org\",\"@graph\":[{\"@type\":\"WebPage\",\"@id\":\"https:\/\/www.heddata.se\/webbutik\/produkt\/post-it-notis-office-depot-76-x-76-mm-gul-2631192\/\",\"url\":\"https:\/\/www.heddata.se\/webbutik\/produkt\/post-it-notis-office-depot-76-x-76-mm-gul-2631192\/\",\"name\":\"Post It Notis Office Depot 76 x 76 mm gul - 2631192\",\"isPartOf\":{\"@id\":\"https:\/\/www.heddata.se\/webbutik\/#website\"},\"primaryImageOfPage\":{\"@id\":\"https:\/\/www.heddata.se\/webbutik\/produkt\/post-it-notis-office-depot-76-x-76-mm-gul-2631192\/#primaryimage\"},\"image\":{\"@id\":\"https:\/\/www.heddata.se\/webbutik\/produkt\/post-it-notis-office-depot-76-x-76-mm-gul-2631192\/#primaryimage\"},\"thumbnailUrl\":\"https:\/\/www.heddata.se\/webbutik\/wp-content\/uploads\/webbutik\/kategorier\/kontorstillbehor\/2631192-1.jpg\",\"datePublished\":\"2024-06-14T10:18:04+00:00\",\"dateModified\":\"2026-04-15T16:10:19+00:00\",\"description\":\"Post It Notis Office Depot 76 x 76 mm gul - 2631192 Enkla att anv\u00e4nda och skonsamma mot alla sorters ytor.\",\"breadcrumb\":{\"@id\":\"https:\/\/www.heddata.se\/webbutik\/produkt\/post-it-notis-office-depot-76-x-76-mm-gul-2631192\/#breadcrumb\"},\"inLanguage\":\"sv-SE\",\"potentialAction\":[{\"@type\":\"ReadAction\",\"target\":[\"https:\/\/www.heddata.se\/webbutik\/produkt\/post-it-notis-office-depot-76-x-76-mm-gul-2631192\/\"]}]},{\"@type\":\"ImageObject\",\"inLanguage\":\"sv-SE\",\"@id\":\"https:\/\/www.heddata.se\/webbutik\/produkt\/post-it-notis-office-depot-76-x-76-mm-gul-2631192\/#primaryimage\",\"url\":\"https:\/\/www.heddata.se\/webbutik\/wp-content\/uploads\/webbutik\/kategorier\/kontorstillbehor\/2631192-1.jpg\",\"contentUrl\":\"https:\/\/www.heddata.se\/webbutik\/wp-content\/uploads\/webbutik\/kategorier\/kontorstillbehor\/2631192-1.jpg\",\"width\":800,\"height\":800,\"caption\":\"Post It Notis Office\"},{\"@type\":\"BreadcrumbList\",\"@id\":\"https:\/\/www.heddata.se\/webbutik\/produkt\/post-it-notis-office-depot-76-x-76-mm-gul-2631192\/#breadcrumb\",\"itemListElement\":[{\"@type\":\"ListItem\",\"position\":1,\"name\":\"Hem\",\"item\":\"https:\/\/www.heddata.se\/webbutik\/\"},{\"@type\":\"ListItem\",\"position\":2,\"name\":\"Produkter\",\"item\":\"https:\/\/www.heddata.se\/webbutik\/shop\/\"},{\"@type\":\"ListItem\",\"position\":3,\"name\":\"Post It Notis Office Depot 76 x 76 mm gul &#8211; 2631192\"}]},{\"@type\":\"WebSite\",\"@id\":\"https:\/\/www.heddata.se\/webbutik\/#website\",\"url\":\"https:\/\/www.heddata.se\/webbutik\/\",\"name\":\"Datorer, Skrivare, F\u00e4rgpatroner, Mobiltelefoner\",\"description\":\"Kablar\",\"publisher\":{\"@id\":\"https:\/\/www.heddata.se\/webbutik\/#organization\"},\"potentialAction\":[{\"@type\":\"SearchAction\",\"target\":{\"@type\":\"EntryPoint\",\"urlTemplate\":\"https:\/\/www.heddata.se\/webbutik\/?s={search_term_string}\"},\"query-input\":{\"@type\":\"PropertyValueSpecification\",\"valueRequired\":true,\"valueName\":\"search_term_string\"}}],\"inLanguage\":\"sv-SE\"},{\"@type\":\"Organization\",\"@id\":\"https:\/\/www.heddata.se\/webbutik\/#organization\",\"name\":\"Heddata AB\",\"url\":\"https:\/\/www.heddata.se\/webbutik\/\",\"logo\":{\"@type\":\"ImageObject\",\"inLanguage\":\"sv-SE\",\"@id\":\"https:\/\/www.heddata.se\/webbutik\/#\/schema\/logo\/image\/\",\"url\":\"https:\/\/www.heddata.se\/webbutik\/wp-content\/uploads\/logga\/heddata-ab-logga.png\",\"contentUrl\":\"https:\/\/www.heddata.se\/webbutik\/wp-content\/uploads\/logga\/heddata-ab-logga.png\",\"width\":200,\"height\":64,\"caption\":\"Heddata AB\"},\"image\":{\"@id\":\"https:\/\/www.heddata.se\/webbutik\/#\/schema\/logo\/image\/\"}}]}<\/script>\n<!-- \/ Yoast SEO Premium plugin. -->","yoast_head_json":{"title":"Post It Notis Office Depot 76 x 76 mm gul - 2631192","description":"Post It Notis Office Depot 76 x 76 mm gul - 2631192 Enkla att anv\u00e4nda och skonsamma mot alla sorters ytor.","robots":{"index":"index","follow":"follow","max-snippet":"max-snippet:-1","max-image-preview":"max-image-preview:large","max-video-preview":"max-video-preview:-1"},"canonical":"https:\/\/www.heddata.se\/webbutik\/produkt\/post-it-notis-office-depot-76-x-76-mm-gul-2631192\/","og_locale":"sv_SE","og_type":"article","og_title":"Post It Notis Office Depot 76 x 76 mm gul - 2631192","og_description":"Post It Notis Office Depot 76 x 76 mm gul - 2631192 Enkla att anv\u00e4nda och skonsamma mot alla sorters ytor.","og_url":"https:\/\/www.heddata.se\/webbutik\/produkt\/post-it-notis-office-depot-76-x-76-mm-gul-2631192\/","og_site_name":"Datorer, Skrivare, F\u00e4rgpatroner, Mobiltelefoner","article_modified_time":"2026-04-15T16:10:19+00:00","og_image":[{"width":800,"height":800,"url":"https:\/\/www.heddata.se\/webbutik\/wp-content\/uploads\/webbutik\/kategorier\/kontorstillbehor\/2631192-1.jpg","type":"image\/jpeg"}],"twitter_card":"summary_large_image","schema":{"@context":"https:\/\/schema.org","@graph":[{"@type":"WebPage","@id":"https:\/\/www.heddata.se\/webbutik\/produkt\/post-it-notis-office-depot-76-x-76-mm-gul-2631192\/","url":"https:\/\/www.heddata.se\/webbutik\/produkt\/post-it-notis-office-depot-76-x-76-mm-gul-2631192\/","name":"Post It Notis Office Depot 76 x 76 mm gul - 2631192","isPartOf":{"@id":"https:\/\/www.heddata.se\/webbutik\/#website"},"primaryImageOfPage":{"@id":"https:\/\/www.heddata.se\/webbutik\/produkt\/post-it-notis-office-depot-76-x-76-mm-gul-2631192\/#primaryimage"},"image":{"@id":"https:\/\/www.heddata.se\/webbutik\/produkt\/post-it-notis-office-depot-76-x-76-mm-gul-2631192\/#primaryimage"},"thumbnailUrl":"https:\/\/www.heddata.se\/webbutik\/wp-content\/uploads\/webbutik\/kategorier\/kontorstillbehor\/2631192-1.jpg","datePublished":"2024-06-14T10:18:04+00:00","dateModified":"2026-04-15T16:10:19+00:00","description":"Post It Notis Office Depot 76 x 76 mm gul - 2631192 Enkla att anv\u00e4nda och skonsamma mot alla sorters ytor.","breadcrumb":{"@id":"https:\/\/www.heddata.se\/webbutik\/produkt\/post-it-notis-office-depot-76-x-76-mm-gul-2631192\/#breadcrumb"},"inLanguage":"sv-SE","potentialAction":[{"@type":"ReadAction","target":["https:\/\/www.heddata.se\/webbutik\/produkt\/post-it-notis-office-depot-76-x-76-mm-gul-2631192\/"]}]},{"@type":"ImageObject","inLanguage":"sv-SE","@id":"https:\/\/www.heddata.se\/webbutik\/produkt\/post-it-notis-office-depot-76-x-76-mm-gul-2631192\/#primaryimage","url":"https:\/\/www.heddata.se\/webbutik\/wp-content\/uploads\/webbutik\/kategorier\/kontorstillbehor\/2631192-1.jpg","contentUrl":"https:\/\/www.heddata.se\/webbutik\/wp-content\/uploads\/webbutik\/kategorier\/kontorstillbehor\/2631192-1.jpg","width":800,"height":800,"caption":"Post It Notis Office"},{"@type":"BreadcrumbList","@id":"https:\/\/www.heddata.se\/webbutik\/produkt\/post-it-notis-office-depot-76-x-76-mm-gul-2631192\/#breadcrumb","itemListElement":[{"@type":"ListItem","position":1,"name":"Hem","item":"https:\/\/www.heddata.se\/webbutik\/"},{"@type":"ListItem","position":2,"name":"Produkter","item":"https:\/\/www.heddata.se\/webbutik\/shop\/"},{"@type":"ListItem","position":3,"name":"Post It Notis Office Depot 76 x 76 mm gul &#8211; 2631192"}]},{"@type":"WebSite","@id":"https:\/\/www.heddata.se\/webbutik\/#website","url":"https:\/\/www.heddata.se\/webbutik\/","name":"Datorer, Skrivare, F\u00e4rgpatroner, Mobiltelefoner","description":"Kablar","publisher":{"@id":"https:\/\/www.heddata.se\/webbutik\/#organization"},"potentialAction":[{"@type":"SearchAction","target":{"@type":"EntryPoint","urlTemplate":"https:\/\/www.heddata.se\/webbutik\/?s={search_term_string}"},"query-input":{"@type":"PropertyValueSpecification","valueRequired":true,"valueName":"search_term_string"}}],"inLanguage":"sv-SE"},{"@type":"Organization","@id":"https:\/\/www.heddata.se\/webbutik\/#organization","name":"Heddata AB","url":"https:\/\/www.heddata.se\/webbutik\/","logo":{"@type":"ImageObject","inLanguage":"sv-SE","@id":"https:\/\/www.heddata.se\/webbutik\/#\/schema\/logo\/image\/","url":"https:\/\/www.heddata.se\/webbutik\/wp-content\/uploads\/logga\/heddata-ab-logga.png","contentUrl":"https:\/\/www.heddata.se\/webbutik\/wp-content\/uploads\/logga\/heddata-ab-logga.png","width":200,"height":64,"caption":"Heddata AB"},"image":{"@id":"https:\/\/www.heddata.se\/webbutik\/#\/schema\/logo\/image\/"}}]}},"_links":{"self":[{"href":"https:\/\/www.heddata.se\/webbutik\/wp-json\/wp\/v2\/product\/95520","targetHints":{"allow":["GET"]}}],"collection":[{"href":"https:\/\/www.heddata.se\/webbutik\/wp-json\/wp\/v2\/product"}],"about":[{"href":"https:\/\/www.heddata.se\/webbutik\/wp-json\/wp\/v2\/types\/product"}],"wp:featuredmedia":[{"embeddable":true,"href":"https:\/\/www.heddata.se\/webbutik\/wp-json\/wp\/v2\/media\/95538"}],"wp:attachment":[{"href":"https:\/\/www.heddata.se\/webbutik\/wp-json\/wp\/v2\/media?parent=95520"}],"wp:term":[{"taxonomy":"product_brand","embeddable":true,"href":"https:\/\/www.heddata.se\/webbutik\/wp-json\/wp\/v2\/product_brand?post=95520"},{"taxonomy":"product_cat","embeddable":true,"href":"https:\/\/www.heddata.se\/webbutik\/wp-json\/wp\/v2\/product_cat?post=95520"},{"taxonomy":"product_tag","embeddable":true,"href":"https:\/\/www.heddata.se\/webbutik\/wp-json\/wp\/v2\/product_tag?post=95520"}],"curies":[{"name":"wp","href":"https:\/\/api.w.org\/{rel}","templated":true}]}}