{"id":95513,"date":"2024-06-13T10:18:11","date_gmt":"2024-06-13T08:18:11","guid":{"rendered":"https:\/\/www.heddata.se\/webbutik\/?post_type=product&#038;p=95513"},"modified":"2026-05-04T18:08:56","modified_gmt":"2026-05-04T16:08:56","slug":"logitech-tradlost-touch-tangentbord-k400-plus-2-4-ghz-nordisk-svart-920-007141","status":"publish","type":"product","link":"https:\/\/www.heddata.se\/webbutik\/produkt\/logitech-tradlost-touch-tangentbord-k400-plus-2-4-ghz-nordisk-svart-920-007141\/","title":{"rendered":"Logitech Tr\u00e5dl\u00f6st Touch Tangentbord K400 Plus &#8211; 2.4 GHz &#8211; Nordisk &#8211; svart- 920-007141"},"content":{"rendered":"<p>Logitech Tr\u00e5dl\u00f6st Touch Tangentbord K400 Plus &#8211; 2.4 GHz &#8211; Nordisk &#8211; svart- 920-007141<\/p>\n<p>K400 \u00e4r ett tyst, anv\u00e4ndarv\u00e4nligt tangentbord med inbyggd pekplatta plus alla snabbknappar som Windows\u00ae- och Android\u2122-anv\u00e4ndare k\u00e4nner till och \u00e4lskar. Komplett med mediekontroller som g\u00f6r det enkelt att navigera i den datorstyrda tv:n.<\/p>\n<h3 class=\"body-copy-title font-title-l font-brown-bold \">TOTAL KONTROLL FR\u00c5N SOFFAN<\/h3>\n<p>Tr\u00e5dl\u00f6st <a href=\"https:\/\/www.heddata.se\/webbutik\/datorer\/moss-tangentbord\/\">plug-and-play-tangentbord<\/a> med inbyggd pekplatta f\u00f6r total kontroll \u00f6ver din tv-anslutna dator fr\u00e5n soffan. K400 \u00e4r ett tyst, anv\u00e4ndarv\u00e4nligt tangentbord med inbyggd pekplatta plus alla snabbknappar som Windows- och Android-anv\u00e4ndare k\u00e4nner till och \u00e4lskar. Komplett med mediekontroller som g\u00f6r det enkelt att navigera i den datorstyrda tv:n.<\/p>\n<h3 class=\"body-copy-title font-title-l font-brown-bold \">UTFORMAT F\u00d6R AVSLAPPNAD KONTROLL<\/h3>\n<p>Den inbyggda pekplattan inneb\u00e4r att du kan sk\u00f6ta inmatningar och navigering p\u00e5 ett och samma st\u00e4lle. N\u00e4r det g\u00e4ller din datorstyrda tv g\u00f6r K400 navigeringen enklare utan att du beh\u00f6ver ansluta tangentbord och mus separat (eller resa dig upp ur soffan). S\u00e5 du kan s\u00f6ml\u00f6st titta p\u00e5 videor, surfa p\u00e5 webben eller chatta med v\u00e4nner.<\/p>\n<h3 class=\"font-title-l js-title \">BYGGT F\u00d6R ATT ANV\u00c4NDAS<\/h3>\n<div class=\"body-copy-ctn js-body-copy-ctn rte-field \">\n<p><a href=\"https:\/\/www.logitech.com\/sv-se\" target=\"_blank\" rel=\"noopener\">K400<\/a> \u00e4r byggt i samma h\u00f6gkvalitativa och tillf\u00f6rlitliga standard som gjort Logitech v\u00e4rldsledande inom m\u00f6ss och tangentbord<a class=\"note note-tooltip js-note-tooltip pangea-inited\"><sup aria-label=\"footnote 3\">3<\/sup><span class=\"visually-hidden js-tooltip-descriptor\" aria-hidden=\"true\">Baserat p\u00e5 oberoende f\u00f6rs\u00e4ljningsdata (i enheter) som aggregerats f\u00f6r Logitech-m\u00f6ss och -tangentbord fr\u00e5n ledande globala marknader, inklusive Frankrike, Indonesien, Kanada, Kina, Republiken Korea, Ryska federationen, Storbritannien, Sverige, Taiwan, Turkiet, Tyskland och USA (perioden juli 2019\u2013juli 2020). Endast fackhandel.<\/span><\/a>\u00a0Upp till 18 m\u00e5naders batteritid<a class=\"note note-tooltip js-note-tooltip pangea-inited\"><sup aria-label=\"footnote 4\">4<\/sup><span class=\"visually-hidden js-tooltip-descriptor\" aria-hidden=\"true\">Batteritiden kan variera beroende p\u00e5 datormilj\u00f6 och anv\u00e4ndning.<\/span><\/a>\u00a0eliminerar kr\u00e5nglet med frekventa batteribyten, med ett praktiskt p\u00e5\/av-reglage och energisparteknik f\u00f6r att spara batteritid. Den spills\u00e4kra<a class=\"note note-tooltip js-note-tooltip pangea-inited\"><sup aria-label=\"footnote 5\">5<\/sup><span class=\"visually-hidden js-tooltip-descriptor\" aria-hidden=\"true\">Testad under begr\u00e4nsade f\u00f6rh\u00e5llanden (max 60 ml v\u00e4tskespill). Tangentbordet f\u00e5r inte doppas ner i v\u00e4tska.<\/span><\/a>\u00a0designen och de h\u00e5llbara tangenterna h\u00e5ller dig p\u00e5 r\u00e4tt sp\u00e5r trots eventuella miss\u00f6den.<\/p>\n<\/div>\n","protected":false},"excerpt":{"rendered":"<p>Logitech Tr\u00e5dl\u00f6st Touch Tangentbord K400 Plus &#8211; 2.4 GHz &#8211; Nordisk &#8211; svart- 920-007141<\/p>\n","protected":false},"featured_media":95515,"template":"","meta":[],"product_brand":[],"product_cat":[65,113],"product_tag":[],"class_list":{"0":"post-95513","1":"product","2":"type-product","3":"status-publish","4":"has-post-thumbnail","6":"product_cat-datorer-tillbehor","7":"product_cat-tangentbord","9":"first","10":"instock","11":"taxable","12":"shipping-taxable","13":"purchasable","14":"product-type-simple"},"yoast_head":"<!-- This site is optimized with the Yoast SEO Premium plugin v26.7 (Yoast SEO v26.7) - https:\/\/yoast.com\/wordpress\/plugins\/seo\/ -->\n<title>Logitech Tr\u00e5dl\u00f6st Touch Tangentbord K400 Plus - 2.4 GHz - Nordisk<\/title>\n<meta name=\"description\" content=\"Logitech Tr\u00e5dl\u00f6st Touch Tangentbord K400 Plus - 2.4 GHz - Nordisk - svart- 920-007141, tyst, anv\u00e4ndarv\u00e4nligt, med inbyggd pekplatta\" \/>\n<meta name=\"robots\" content=\"index, follow, max-snippet:-1, max-image-preview:large, max-video-preview:-1\" \/>\n<link rel=\"canonical\" href=\"https:\/\/www.heddata.se\/webbutik\/produkt\/logitech-tradlost-touch-tangentbord-k400-plus-2-4-ghz-nordisk-svart-920-007141\/\" \/>\n<meta property=\"og:locale\" content=\"sv_SE\" \/>\n<meta property=\"og:type\" content=\"article\" \/>\n<meta property=\"og:title\" content=\"Logitech Tr\u00e5dl\u00f6st Touch Tangentbord K400 Plus - 2.4 GHz - Nordisk - svart- 920-007141\" \/>\n<meta property=\"og:description\" content=\"Logitech Tr\u00e5dl\u00f6st Touch Tangentbord K400 Plus - 2.4 GHz - Nordisk - svart- 920-007141, tyst, anv\u00e4ndarv\u00e4nligt, med inbyggd pekplatta\" \/>\n<meta property=\"og:url\" content=\"https:\/\/www.heddata.se\/webbutik\/produkt\/logitech-tradlost-touch-tangentbord-k400-plus-2-4-ghz-nordisk-svart-920-007141\/\" \/>\n<meta property=\"og:site_name\" content=\"Datorer, Skrivare, F\u00e4rgpatroner, Mobiltelefoner\" \/>\n<meta property=\"article:modified_time\" content=\"2026-05-04T16:08:56+00:00\" \/>\n<meta property=\"og:image\" content=\"https:\/\/www.heddata.se\/webbutik\/wp-content\/uploads\/webbutik\/kategorier\/tangentbord-moss\/920-007141.jpg\" \/>\n\t<meta property=\"og:image:width\" content=\"1080\" \/>\n\t<meta property=\"og:image:height\" content=\"1080\" \/>\n\t<meta property=\"og:image:type\" content=\"image\/jpeg\" \/>\n<meta name=\"twitter:card\" content=\"summary_large_image\" \/>\n<meta name=\"twitter:label1\" content=\"Ber\u00e4knad l\u00e4stid\" \/>\n\t<meta name=\"twitter:data1\" content=\"2 minuter\" \/>\n<script type=\"application\/ld+json\" class=\"yoast-schema-graph\">{\"@context\":\"https:\/\/schema.org\",\"@graph\":[{\"@type\":\"WebPage\",\"@id\":\"https:\/\/www.heddata.se\/webbutik\/produkt\/logitech-tradlost-touch-tangentbord-k400-plus-2-4-ghz-nordisk-svart-920-007141\/\",\"url\":\"https:\/\/www.heddata.se\/webbutik\/produkt\/logitech-tradlost-touch-tangentbord-k400-plus-2-4-ghz-nordisk-svart-920-007141\/\",\"name\":\"Logitech Tr\u00e5dl\u00f6st Touch Tangentbord K400 Plus - 2.4 GHz - Nordisk\",\"isPartOf\":{\"@id\":\"https:\/\/www.heddata.se\/webbutik\/#website\"},\"primaryImageOfPage\":{\"@id\":\"https:\/\/www.heddata.se\/webbutik\/produkt\/logitech-tradlost-touch-tangentbord-k400-plus-2-4-ghz-nordisk-svart-920-007141\/#primaryimage\"},\"image\":{\"@id\":\"https:\/\/www.heddata.se\/webbutik\/produkt\/logitech-tradlost-touch-tangentbord-k400-plus-2-4-ghz-nordisk-svart-920-007141\/#primaryimage\"},\"thumbnailUrl\":\"https:\/\/www.heddata.se\/webbutik\/wp-content\/uploads\/webbutik\/kategorier\/tangentbord-moss\/920-007141.jpg\",\"datePublished\":\"2024-06-13T08:18:11+00:00\",\"dateModified\":\"2026-05-04T16:08:56+00:00\",\"description\":\"Logitech Tr\u00e5dl\u00f6st Touch Tangentbord K400 Plus - 2.4 GHz - Nordisk - svart- 920-007141, tyst, anv\u00e4ndarv\u00e4nligt, med inbyggd pekplatta\",\"breadcrumb\":{\"@id\":\"https:\/\/www.heddata.se\/webbutik\/produkt\/logitech-tradlost-touch-tangentbord-k400-plus-2-4-ghz-nordisk-svart-920-007141\/#breadcrumb\"},\"inLanguage\":\"sv-SE\",\"potentialAction\":[{\"@type\":\"ReadAction\",\"target\":[\"https:\/\/www.heddata.se\/webbutik\/produkt\/logitech-tradlost-touch-tangentbord-k400-plus-2-4-ghz-nordisk-svart-920-007141\/\"]}]},{\"@type\":\"ImageObject\",\"inLanguage\":\"sv-SE\",\"@id\":\"https:\/\/www.heddata.se\/webbutik\/produkt\/logitech-tradlost-touch-tangentbord-k400-plus-2-4-ghz-nordisk-svart-920-007141\/#primaryimage\",\"url\":\"https:\/\/www.heddata.se\/webbutik\/wp-content\/uploads\/webbutik\/kategorier\/tangentbord-moss\/920-007141.jpg\",\"contentUrl\":\"https:\/\/www.heddata.se\/webbutik\/wp-content\/uploads\/webbutik\/kategorier\/tangentbord-moss\/920-007141.jpg\",\"width\":1080,\"height\":1080,\"caption\":\"Logitech Tr\u00e5dl\u00f6st Touch Tangentbord\"},{\"@type\":\"BreadcrumbList\",\"@id\":\"https:\/\/www.heddata.se\/webbutik\/produkt\/logitech-tradlost-touch-tangentbord-k400-plus-2-4-ghz-nordisk-svart-920-007141\/#breadcrumb\",\"itemListElement\":[{\"@type\":\"ListItem\",\"position\":1,\"name\":\"Hem\",\"item\":\"https:\/\/www.heddata.se\/webbutik\/\"},{\"@type\":\"ListItem\",\"position\":2,\"name\":\"Produkter\",\"item\":\"https:\/\/www.heddata.se\/webbutik\/shop\/\"},{\"@type\":\"ListItem\",\"position\":3,\"name\":\"Logitech Tr\u00e5dl\u00f6st Touch Tangentbord K400 Plus &#8211; 2.4 GHz &#8211; Nordisk &#8211; svart- 920-007141\"}]},{\"@type\":\"WebSite\",\"@id\":\"https:\/\/www.heddata.se\/webbutik\/#website\",\"url\":\"https:\/\/www.heddata.se\/webbutik\/\",\"name\":\"Datorer, Skrivare, F\u00e4rgpatroner, Mobiltelefoner\",\"description\":\"Kablar\",\"publisher\":{\"@id\":\"https:\/\/www.heddata.se\/webbutik\/#organization\"},\"potentialAction\":[{\"@type\":\"SearchAction\",\"target\":{\"@type\":\"EntryPoint\",\"urlTemplate\":\"https:\/\/www.heddata.se\/webbutik\/?s={search_term_string}\"},\"query-input\":{\"@type\":\"PropertyValueSpecification\",\"valueRequired\":true,\"valueName\":\"search_term_string\"}}],\"inLanguage\":\"sv-SE\"},{\"@type\":\"Organization\",\"@id\":\"https:\/\/www.heddata.se\/webbutik\/#organization\",\"name\":\"Heddata AB\",\"url\":\"https:\/\/www.heddata.se\/webbutik\/\",\"logo\":{\"@type\":\"ImageObject\",\"inLanguage\":\"sv-SE\",\"@id\":\"https:\/\/www.heddata.se\/webbutik\/#\/schema\/logo\/image\/\",\"url\":\"https:\/\/www.heddata.se\/webbutik\/wp-content\/uploads\/logga\/heddata-ab-logga.png\",\"contentUrl\":\"https:\/\/www.heddata.se\/webbutik\/wp-content\/uploads\/logga\/heddata-ab-logga.png\",\"width\":200,\"height\":64,\"caption\":\"Heddata AB\"},\"image\":{\"@id\":\"https:\/\/www.heddata.se\/webbutik\/#\/schema\/logo\/image\/\"}}]}<\/script>\n<!-- \/ Yoast SEO Premium plugin. -->","yoast_head_json":{"title":"Logitech Tr\u00e5dl\u00f6st Touch Tangentbord K400 Plus - 2.4 GHz - Nordisk","description":"Logitech Tr\u00e5dl\u00f6st Touch Tangentbord K400 Plus - 2.4 GHz - Nordisk - svart- 920-007141, tyst, anv\u00e4ndarv\u00e4nligt, med inbyggd pekplatta","robots":{"index":"index","follow":"follow","max-snippet":"max-snippet:-1","max-image-preview":"max-image-preview:large","max-video-preview":"max-video-preview:-1"},"canonical":"https:\/\/www.heddata.se\/webbutik\/produkt\/logitech-tradlost-touch-tangentbord-k400-plus-2-4-ghz-nordisk-svart-920-007141\/","og_locale":"sv_SE","og_type":"article","og_title":"Logitech Tr\u00e5dl\u00f6st Touch Tangentbord K400 Plus - 2.4 GHz - Nordisk - svart- 920-007141","og_description":"Logitech Tr\u00e5dl\u00f6st Touch Tangentbord K400 Plus - 2.4 GHz - Nordisk - svart- 920-007141, tyst, anv\u00e4ndarv\u00e4nligt, med inbyggd pekplatta","og_url":"https:\/\/www.heddata.se\/webbutik\/produkt\/logitech-tradlost-touch-tangentbord-k400-plus-2-4-ghz-nordisk-svart-920-007141\/","og_site_name":"Datorer, Skrivare, F\u00e4rgpatroner, Mobiltelefoner","article_modified_time":"2026-05-04T16:08:56+00:00","og_image":[{"width":1080,"height":1080,"url":"https:\/\/www.heddata.se\/webbutik\/wp-content\/uploads\/webbutik\/kategorier\/tangentbord-moss\/920-007141.jpg","type":"image\/jpeg"}],"twitter_card":"summary_large_image","twitter_misc":{"Ber\u00e4knad l\u00e4stid":"2 minuter"},"schema":{"@context":"https:\/\/schema.org","@graph":[{"@type":"WebPage","@id":"https:\/\/www.heddata.se\/webbutik\/produkt\/logitech-tradlost-touch-tangentbord-k400-plus-2-4-ghz-nordisk-svart-920-007141\/","url":"https:\/\/www.heddata.se\/webbutik\/produkt\/logitech-tradlost-touch-tangentbord-k400-plus-2-4-ghz-nordisk-svart-920-007141\/","name":"Logitech Tr\u00e5dl\u00f6st Touch Tangentbord K400 Plus - 2.4 GHz - Nordisk","isPartOf":{"@id":"https:\/\/www.heddata.se\/webbutik\/#website"},"primaryImageOfPage":{"@id":"https:\/\/www.heddata.se\/webbutik\/produkt\/logitech-tradlost-touch-tangentbord-k400-plus-2-4-ghz-nordisk-svart-920-007141\/#primaryimage"},"image":{"@id":"https:\/\/www.heddata.se\/webbutik\/produkt\/logitech-tradlost-touch-tangentbord-k400-plus-2-4-ghz-nordisk-svart-920-007141\/#primaryimage"},"thumbnailUrl":"https:\/\/www.heddata.se\/webbutik\/wp-content\/uploads\/webbutik\/kategorier\/tangentbord-moss\/920-007141.jpg","datePublished":"2024-06-13T08:18:11+00:00","dateModified":"2026-05-04T16:08:56+00:00","description":"Logitech Tr\u00e5dl\u00f6st Touch Tangentbord K400 Plus - 2.4 GHz - Nordisk - svart- 920-007141, tyst, anv\u00e4ndarv\u00e4nligt, med inbyggd pekplatta","breadcrumb":{"@id":"https:\/\/www.heddata.se\/webbutik\/produkt\/logitech-tradlost-touch-tangentbord-k400-plus-2-4-ghz-nordisk-svart-920-007141\/#breadcrumb"},"inLanguage":"sv-SE","potentialAction":[{"@type":"ReadAction","target":["https:\/\/www.heddata.se\/webbutik\/produkt\/logitech-tradlost-touch-tangentbord-k400-plus-2-4-ghz-nordisk-svart-920-007141\/"]}]},{"@type":"ImageObject","inLanguage":"sv-SE","@id":"https:\/\/www.heddata.se\/webbutik\/produkt\/logitech-tradlost-touch-tangentbord-k400-plus-2-4-ghz-nordisk-svart-920-007141\/#primaryimage","url":"https:\/\/www.heddata.se\/webbutik\/wp-content\/uploads\/webbutik\/kategorier\/tangentbord-moss\/920-007141.jpg","contentUrl":"https:\/\/www.heddata.se\/webbutik\/wp-content\/uploads\/webbutik\/kategorier\/tangentbord-moss\/920-007141.jpg","width":1080,"height":1080,"caption":"Logitech Tr\u00e5dl\u00f6st Touch Tangentbord"},{"@type":"BreadcrumbList","@id":"https:\/\/www.heddata.se\/webbutik\/produkt\/logitech-tradlost-touch-tangentbord-k400-plus-2-4-ghz-nordisk-svart-920-007141\/#breadcrumb","itemListElement":[{"@type":"ListItem","position":1,"name":"Hem","item":"https:\/\/www.heddata.se\/webbutik\/"},{"@type":"ListItem","position":2,"name":"Produkter","item":"https:\/\/www.heddata.se\/webbutik\/shop\/"},{"@type":"ListItem","position":3,"name":"Logitech Tr\u00e5dl\u00f6st Touch Tangentbord K400 Plus &#8211; 2.4 GHz &#8211; Nordisk &#8211; svart- 920-007141"}]},{"@type":"WebSite","@id":"https:\/\/www.heddata.se\/webbutik\/#website","url":"https:\/\/www.heddata.se\/webbutik\/","name":"Datorer, Skrivare, F\u00e4rgpatroner, Mobiltelefoner","description":"Kablar","publisher":{"@id":"https:\/\/www.heddata.se\/webbutik\/#organization"},"potentialAction":[{"@type":"SearchAction","target":{"@type":"EntryPoint","urlTemplate":"https:\/\/www.heddata.se\/webbutik\/?s={search_term_string}"},"query-input":{"@type":"PropertyValueSpecification","valueRequired":true,"valueName":"search_term_string"}}],"inLanguage":"sv-SE"},{"@type":"Organization","@id":"https:\/\/www.heddata.se\/webbutik\/#organization","name":"Heddata AB","url":"https:\/\/www.heddata.se\/webbutik\/","logo":{"@type":"ImageObject","inLanguage":"sv-SE","@id":"https:\/\/www.heddata.se\/webbutik\/#\/schema\/logo\/image\/","url":"https:\/\/www.heddata.se\/webbutik\/wp-content\/uploads\/logga\/heddata-ab-logga.png","contentUrl":"https:\/\/www.heddata.se\/webbutik\/wp-content\/uploads\/logga\/heddata-ab-logga.png","width":200,"height":64,"caption":"Heddata AB"},"image":{"@id":"https:\/\/www.heddata.se\/webbutik\/#\/schema\/logo\/image\/"}}]}},"_links":{"self":[{"href":"https:\/\/www.heddata.se\/webbutik\/wp-json\/wp\/v2\/product\/95513","targetHints":{"allow":["GET"]}}],"collection":[{"href":"https:\/\/www.heddata.se\/webbutik\/wp-json\/wp\/v2\/product"}],"about":[{"href":"https:\/\/www.heddata.se\/webbutik\/wp-json\/wp\/v2\/types\/product"}],"wp:featuredmedia":[{"embeddable":true,"href":"https:\/\/www.heddata.se\/webbutik\/wp-json\/wp\/v2\/media\/95515"}],"wp:attachment":[{"href":"https:\/\/www.heddata.se\/webbutik\/wp-json\/wp\/v2\/media?parent=95513"}],"wp:term":[{"taxonomy":"product_brand","embeddable":true,"href":"https:\/\/www.heddata.se\/webbutik\/wp-json\/wp\/v2\/product_brand?post=95513"},{"taxonomy":"product_cat","embeddable":true,"href":"https:\/\/www.heddata.se\/webbutik\/wp-json\/wp\/v2\/product_cat?post=95513"},{"taxonomy":"product_tag","embeddable":true,"href":"https:\/\/www.heddata.se\/webbutik\/wp-json\/wp\/v2\/product_tag?post=95513"}],"curies":[{"name":"wp","href":"https:\/\/api.w.org\/{rel}","templated":true}]}}