{"id":95505,"date":"2024-06-05T12:18:29","date_gmt":"2024-06-05T10:18:29","guid":{"rendered":"https:\/\/www.heddata.se\/webbutik\/?post_type=product&#038;p=95505"},"modified":"2026-05-05T18:12:51","modified_gmt":"2026-05-05T16:12:51","slug":"sign-magnetisk-mobilhallare-bil-universal-silver-tfs-l006s","status":"publish","type":"product","link":"https:\/\/www.heddata.se\/webbutik\/produkt\/sign-magnetisk-mobilhallare-bil-universal-silver-tfs-l006s\/","title":{"rendered":"SiGN Magnetisk Mobilh\u00e5llare Bil Universal &#8211; Silver &#8211; TFS-L006S"},"content":{"rendered":"<p>SiGN Magnetisk Mobilh\u00e5llare Bil Universal &#8211; Silver &#8211; TFS-L006S<\/p>\n<div class=\"description-header\"><strong style=\"color: #555555;font-size: 14.4px\">SiGN Magnetisk Mobilh\u00e5llare Bil Universal &#8211; Silver<\/strong><\/div>\n<div class=\"description-wrapper\">\n<div class=\"description legacy\">\n<p>Praktisk mobilh\u00e5llare fr\u00e5n SiGN med mycket stark magnet som passar de allra flesta Smartphones och bilar.\u00a0Bilh\u00e5llaren har en unik monteringsl\u00f6sning som enkelt f\u00e4st i bilens fl\u00e4ktgaller och\u00a0som ger ett starkt grepp f\u00f6r din telefon.<\/p>\n<p><strong>Skandinavisk design &amp; h\u00f6g kvalitet<br \/>\n<\/strong>Denna kompakta mobilh\u00e5llare till bilen har en stilren design med en solid aluminiumram och ett mjukt silikon\u00f6verdrag.\u00a0 Det mjuka \u00f6verdraget skyddar din telefon mot repor och slitage och h\u00e5ller mycket h\u00f6g kvalitet.<\/p>\n<p><strong>SiGN Magnetisk Mobilh\u00e5llare Bil Universal &#8211;\u00a0Stark magnet h\u00e5ller din telefon p\u00e5 plats<br \/>\n<\/strong>Denna mobilh\u00e5llare f\u00f6r bilen har en ovanligt stark magnet som h\u00e5ller din mobil i ett s\u00e4kert grepp. Placera bara din telefon p\u00e5 den magnetiska plattan och den h\u00e5ller din telefon p\u00e5 plats under l\u00e5nga bilturer. N\u00e4r du tar loss telefonen fr\u00e5n h\u00e5llaren sl\u00e4pper den direkt och l\u00e4mnar inga sp\u00e5r p\u00e5 din telefon. Till bilh\u00e5llaren f\u00e5r du tunna metallplattor med sj\u00e4lvh\u00e4ftande tejp som du kan f\u00e4sta p\u00e5 baksidan av din telefon, eller innanf\u00f6r skalet. Om du har ett magnetiskt skal f\u00e4ster det direkt p\u00e5 mobilh\u00e5llaren.<\/p>\n<p><strong>Egenskaper:<\/strong><\/p>\n<ul>\n<li><strong>Passar till:<\/strong>\u00a0De flesta bilar och <a href=\"https:\/\/www.heddata.se\/webbutik\/telefon-surfplattor\/mobiltelefoner\/\">Smartphones.<\/a> Ex: <a href=\"https:\/\/www.apple.com\/se\/\" target=\"_blank\" rel=\"noopener\">iPhone,<\/a> Samsung, Huawei, Sony m.fl.<\/li>\n<li><strong>F\u00e4rg<\/strong>: Svart \/ Silver<\/li>\n<li><strong>M\u00e4rke<\/strong>: SiGN<\/li>\n<\/ul>\n<p><strong>F\u00f6rpackningen inneh\u00e5ller:<\/strong><\/p>\n<ul>\n<li>1 x\u00a0SiGN Magnetisk Mobilh\u00e5llare Bil Universal &#8211; Silver<\/li>\n<li>2 x Runda metallplattor<\/li>\n<li>1 x Fyrkantig metallplatta<\/li>\n<li>1 x Skyddsfilm<\/li>\n<\/ul>\n<\/div>\n<\/div>\n","protected":false},"excerpt":{"rendered":"<p>SiGN Magnetisk Mobilh\u00e5llare Bil Universal &#8211; Silver &#8211; TFS-L006S<\/p>\n","protected":false},"featured_media":95506,"template":"","meta":[],"product_brand":[],"product_cat":[153,69],"product_tag":[],"class_list":{"0":"post-95505","1":"product","2":"type-product","3":"status-publish","4":"has-post-thumbnail","6":"product_cat-ovrigt-telefontillbehor","7":"product_cat-telefontillbehor","9":"first","10":"instock","11":"taxable","12":"shipping-taxable","13":"purchasable","14":"product-type-simple"},"yoast_head":"<!-- This site is optimized with the Yoast SEO Premium plugin v26.7 (Yoast SEO v26.7) - https:\/\/yoast.com\/wordpress\/plugins\/seo\/ -->\n<title>SiGN Magnetisk Mobilh\u00e5llare Bil Universal - Silver - TFS-L006S<\/title>\n<meta name=\"description\" content=\"SiGN Magnetisk Mobilh\u00e5llare Bil Universal - Silver - TFS-L006S med mycket stark magnet som passar de allra flesta Smartphones och bilar.\" \/>\n<meta name=\"robots\" content=\"index, follow, max-snippet:-1, max-image-preview:large, max-video-preview:-1\" \/>\n<link rel=\"canonical\" href=\"https:\/\/www.heddata.se\/webbutik\/produkt\/sign-magnetisk-mobilhallare-bil-universal-silver-tfs-l006s\/\" \/>\n<meta property=\"og:locale\" content=\"sv_SE\" \/>\n<meta property=\"og:type\" content=\"article\" \/>\n<meta property=\"og:title\" content=\"SiGN Magnetisk Mobilh\u00e5llare Bil Universal - Silver - TFS-L006S\" \/>\n<meta property=\"og:description\" content=\"SiGN Magnetisk Mobilh\u00e5llare Bil Universal - Silver - TFS-L006S med mycket stark magnet som passar de allra flesta Smartphones och bilar.\" \/>\n<meta property=\"og:url\" content=\"https:\/\/www.heddata.se\/webbutik\/produkt\/sign-magnetisk-mobilhallare-bil-universal-silver-tfs-l006s\/\" \/>\n<meta property=\"og:site_name\" content=\"Datorer, Skrivare, F\u00e4rgpatroner, Mobiltelefoner\" \/>\n<meta property=\"article:modified_time\" content=\"2026-05-05T16:12:51+00:00\" \/>\n<meta property=\"og:image\" content=\"https:\/\/www.heddata.se\/webbutik\/wp-content\/uploads\/webbutik\/kategorier\/telefontillbehor\/tfs-l006s.jpg\" \/>\n\t<meta property=\"og:image:width\" content=\"1200\" \/>\n\t<meta property=\"og:image:height\" content=\"1200\" \/>\n\t<meta property=\"og:image:type\" content=\"image\/jpeg\" \/>\n<meta name=\"twitter:card\" content=\"summary_large_image\" \/>\n<meta name=\"twitter:label1\" content=\"Ber\u00e4knad l\u00e4stid\" \/>\n\t<meta name=\"twitter:data1\" content=\"1 minut\" \/>\n<script type=\"application\/ld+json\" class=\"yoast-schema-graph\">{\"@context\":\"https:\/\/schema.org\",\"@graph\":[{\"@type\":\"WebPage\",\"@id\":\"https:\/\/www.heddata.se\/webbutik\/produkt\/sign-magnetisk-mobilhallare-bil-universal-silver-tfs-l006s\/\",\"url\":\"https:\/\/www.heddata.se\/webbutik\/produkt\/sign-magnetisk-mobilhallare-bil-universal-silver-tfs-l006s\/\",\"name\":\"SiGN Magnetisk Mobilh\u00e5llare Bil Universal - Silver - TFS-L006S\",\"isPartOf\":{\"@id\":\"https:\/\/www.heddata.se\/webbutik\/#website\"},\"primaryImageOfPage\":{\"@id\":\"https:\/\/www.heddata.se\/webbutik\/produkt\/sign-magnetisk-mobilhallare-bil-universal-silver-tfs-l006s\/#primaryimage\"},\"image\":{\"@id\":\"https:\/\/www.heddata.se\/webbutik\/produkt\/sign-magnetisk-mobilhallare-bil-universal-silver-tfs-l006s\/#primaryimage\"},\"thumbnailUrl\":\"https:\/\/www.heddata.se\/webbutik\/wp-content\/uploads\/webbutik\/kategorier\/telefontillbehor\/tfs-l006s.jpg\",\"datePublished\":\"2024-06-05T10:18:29+00:00\",\"dateModified\":\"2026-05-05T16:12:51+00:00\",\"description\":\"SiGN Magnetisk Mobilh\u00e5llare Bil Universal - Silver - TFS-L006S med mycket stark magnet som passar de allra flesta Smartphones och bilar.\",\"breadcrumb\":{\"@id\":\"https:\/\/www.heddata.se\/webbutik\/produkt\/sign-magnetisk-mobilhallare-bil-universal-silver-tfs-l006s\/#breadcrumb\"},\"inLanguage\":\"sv-SE\",\"potentialAction\":[{\"@type\":\"ReadAction\",\"target\":[\"https:\/\/www.heddata.se\/webbutik\/produkt\/sign-magnetisk-mobilhallare-bil-universal-silver-tfs-l006s\/\"]}]},{\"@type\":\"ImageObject\",\"inLanguage\":\"sv-SE\",\"@id\":\"https:\/\/www.heddata.se\/webbutik\/produkt\/sign-magnetisk-mobilhallare-bil-universal-silver-tfs-l006s\/#primaryimage\",\"url\":\"https:\/\/www.heddata.se\/webbutik\/wp-content\/uploads\/webbutik\/kategorier\/telefontillbehor\/tfs-l006s.jpg\",\"contentUrl\":\"https:\/\/www.heddata.se\/webbutik\/wp-content\/uploads\/webbutik\/kategorier\/telefontillbehor\/tfs-l006s.jpg\",\"width\":1200,\"height\":1200,\"caption\":\"SiGN Magnetisk Mobilh\u00e5llare Bil\"},{\"@type\":\"BreadcrumbList\",\"@id\":\"https:\/\/www.heddata.se\/webbutik\/produkt\/sign-magnetisk-mobilhallare-bil-universal-silver-tfs-l006s\/#breadcrumb\",\"itemListElement\":[{\"@type\":\"ListItem\",\"position\":1,\"name\":\"Hem\",\"item\":\"https:\/\/www.heddata.se\/webbutik\/\"},{\"@type\":\"ListItem\",\"position\":2,\"name\":\"Produkter\",\"item\":\"https:\/\/www.heddata.se\/webbutik\/shop\/\"},{\"@type\":\"ListItem\",\"position\":3,\"name\":\"SiGN Magnetisk Mobilh\u00e5llare Bil Universal &#8211; Silver &#8211; TFS-L006S\"}]},{\"@type\":\"WebSite\",\"@id\":\"https:\/\/www.heddata.se\/webbutik\/#website\",\"url\":\"https:\/\/www.heddata.se\/webbutik\/\",\"name\":\"Datorer, Skrivare, F\u00e4rgpatroner, Mobiltelefoner\",\"description\":\"Kablar\",\"publisher\":{\"@id\":\"https:\/\/www.heddata.se\/webbutik\/#organization\"},\"potentialAction\":[{\"@type\":\"SearchAction\",\"target\":{\"@type\":\"EntryPoint\",\"urlTemplate\":\"https:\/\/www.heddata.se\/webbutik\/?s={search_term_string}\"},\"query-input\":{\"@type\":\"PropertyValueSpecification\",\"valueRequired\":true,\"valueName\":\"search_term_string\"}}],\"inLanguage\":\"sv-SE\"},{\"@type\":\"Organization\",\"@id\":\"https:\/\/www.heddata.se\/webbutik\/#organization\",\"name\":\"Heddata AB\",\"url\":\"https:\/\/www.heddata.se\/webbutik\/\",\"logo\":{\"@type\":\"ImageObject\",\"inLanguage\":\"sv-SE\",\"@id\":\"https:\/\/www.heddata.se\/webbutik\/#\/schema\/logo\/image\/\",\"url\":\"https:\/\/www.heddata.se\/webbutik\/wp-content\/uploads\/logga\/heddata-ab-logga.png\",\"contentUrl\":\"https:\/\/www.heddata.se\/webbutik\/wp-content\/uploads\/logga\/heddata-ab-logga.png\",\"width\":200,\"height\":64,\"caption\":\"Heddata AB\"},\"image\":{\"@id\":\"https:\/\/www.heddata.se\/webbutik\/#\/schema\/logo\/image\/\"}}]}<\/script>\n<!-- \/ Yoast SEO Premium plugin. -->","yoast_head_json":{"title":"SiGN Magnetisk Mobilh\u00e5llare Bil Universal - Silver - TFS-L006S","description":"SiGN Magnetisk Mobilh\u00e5llare Bil Universal - Silver - TFS-L006S med mycket stark magnet som passar de allra flesta Smartphones och bilar.","robots":{"index":"index","follow":"follow","max-snippet":"max-snippet:-1","max-image-preview":"max-image-preview:large","max-video-preview":"max-video-preview:-1"},"canonical":"https:\/\/www.heddata.se\/webbutik\/produkt\/sign-magnetisk-mobilhallare-bil-universal-silver-tfs-l006s\/","og_locale":"sv_SE","og_type":"article","og_title":"SiGN Magnetisk Mobilh\u00e5llare Bil Universal - Silver - TFS-L006S","og_description":"SiGN Magnetisk Mobilh\u00e5llare Bil Universal - Silver - TFS-L006S med mycket stark magnet som passar de allra flesta Smartphones och bilar.","og_url":"https:\/\/www.heddata.se\/webbutik\/produkt\/sign-magnetisk-mobilhallare-bil-universal-silver-tfs-l006s\/","og_site_name":"Datorer, Skrivare, F\u00e4rgpatroner, Mobiltelefoner","article_modified_time":"2026-05-05T16:12:51+00:00","og_image":[{"width":1200,"height":1200,"url":"https:\/\/www.heddata.se\/webbutik\/wp-content\/uploads\/webbutik\/kategorier\/telefontillbehor\/tfs-l006s.jpg","type":"image\/jpeg"}],"twitter_card":"summary_large_image","twitter_misc":{"Ber\u00e4knad l\u00e4stid":"1 minut"},"schema":{"@context":"https:\/\/schema.org","@graph":[{"@type":"WebPage","@id":"https:\/\/www.heddata.se\/webbutik\/produkt\/sign-magnetisk-mobilhallare-bil-universal-silver-tfs-l006s\/","url":"https:\/\/www.heddata.se\/webbutik\/produkt\/sign-magnetisk-mobilhallare-bil-universal-silver-tfs-l006s\/","name":"SiGN Magnetisk Mobilh\u00e5llare Bil Universal - Silver - TFS-L006S","isPartOf":{"@id":"https:\/\/www.heddata.se\/webbutik\/#website"},"primaryImageOfPage":{"@id":"https:\/\/www.heddata.se\/webbutik\/produkt\/sign-magnetisk-mobilhallare-bil-universal-silver-tfs-l006s\/#primaryimage"},"image":{"@id":"https:\/\/www.heddata.se\/webbutik\/produkt\/sign-magnetisk-mobilhallare-bil-universal-silver-tfs-l006s\/#primaryimage"},"thumbnailUrl":"https:\/\/www.heddata.se\/webbutik\/wp-content\/uploads\/webbutik\/kategorier\/telefontillbehor\/tfs-l006s.jpg","datePublished":"2024-06-05T10:18:29+00:00","dateModified":"2026-05-05T16:12:51+00:00","description":"SiGN Magnetisk Mobilh\u00e5llare Bil Universal - Silver - TFS-L006S med mycket stark magnet som passar de allra flesta Smartphones och bilar.","breadcrumb":{"@id":"https:\/\/www.heddata.se\/webbutik\/produkt\/sign-magnetisk-mobilhallare-bil-universal-silver-tfs-l006s\/#breadcrumb"},"inLanguage":"sv-SE","potentialAction":[{"@type":"ReadAction","target":["https:\/\/www.heddata.se\/webbutik\/produkt\/sign-magnetisk-mobilhallare-bil-universal-silver-tfs-l006s\/"]}]},{"@type":"ImageObject","inLanguage":"sv-SE","@id":"https:\/\/www.heddata.se\/webbutik\/produkt\/sign-magnetisk-mobilhallare-bil-universal-silver-tfs-l006s\/#primaryimage","url":"https:\/\/www.heddata.se\/webbutik\/wp-content\/uploads\/webbutik\/kategorier\/telefontillbehor\/tfs-l006s.jpg","contentUrl":"https:\/\/www.heddata.se\/webbutik\/wp-content\/uploads\/webbutik\/kategorier\/telefontillbehor\/tfs-l006s.jpg","width":1200,"height":1200,"caption":"SiGN Magnetisk Mobilh\u00e5llare Bil"},{"@type":"BreadcrumbList","@id":"https:\/\/www.heddata.se\/webbutik\/produkt\/sign-magnetisk-mobilhallare-bil-universal-silver-tfs-l006s\/#breadcrumb","itemListElement":[{"@type":"ListItem","position":1,"name":"Hem","item":"https:\/\/www.heddata.se\/webbutik\/"},{"@type":"ListItem","position":2,"name":"Produkter","item":"https:\/\/www.heddata.se\/webbutik\/shop\/"},{"@type":"ListItem","position":3,"name":"SiGN Magnetisk Mobilh\u00e5llare Bil Universal &#8211; Silver &#8211; TFS-L006S"}]},{"@type":"WebSite","@id":"https:\/\/www.heddata.se\/webbutik\/#website","url":"https:\/\/www.heddata.se\/webbutik\/","name":"Datorer, Skrivare, F\u00e4rgpatroner, Mobiltelefoner","description":"Kablar","publisher":{"@id":"https:\/\/www.heddata.se\/webbutik\/#organization"},"potentialAction":[{"@type":"SearchAction","target":{"@type":"EntryPoint","urlTemplate":"https:\/\/www.heddata.se\/webbutik\/?s={search_term_string}"},"query-input":{"@type":"PropertyValueSpecification","valueRequired":true,"valueName":"search_term_string"}}],"inLanguage":"sv-SE"},{"@type":"Organization","@id":"https:\/\/www.heddata.se\/webbutik\/#organization","name":"Heddata AB","url":"https:\/\/www.heddata.se\/webbutik\/","logo":{"@type":"ImageObject","inLanguage":"sv-SE","@id":"https:\/\/www.heddata.se\/webbutik\/#\/schema\/logo\/image\/","url":"https:\/\/www.heddata.se\/webbutik\/wp-content\/uploads\/logga\/heddata-ab-logga.png","contentUrl":"https:\/\/www.heddata.se\/webbutik\/wp-content\/uploads\/logga\/heddata-ab-logga.png","width":200,"height":64,"caption":"Heddata AB"},"image":{"@id":"https:\/\/www.heddata.se\/webbutik\/#\/schema\/logo\/image\/"}}]}},"_links":{"self":[{"href":"https:\/\/www.heddata.se\/webbutik\/wp-json\/wp\/v2\/product\/95505","targetHints":{"allow":["GET"]}}],"collection":[{"href":"https:\/\/www.heddata.se\/webbutik\/wp-json\/wp\/v2\/product"}],"about":[{"href":"https:\/\/www.heddata.se\/webbutik\/wp-json\/wp\/v2\/types\/product"}],"wp:featuredmedia":[{"embeddable":true,"href":"https:\/\/www.heddata.se\/webbutik\/wp-json\/wp\/v2\/media\/95506"}],"wp:attachment":[{"href":"https:\/\/www.heddata.se\/webbutik\/wp-json\/wp\/v2\/media?parent=95505"}],"wp:term":[{"taxonomy":"product_brand","embeddable":true,"href":"https:\/\/www.heddata.se\/webbutik\/wp-json\/wp\/v2\/product_brand?post=95505"},{"taxonomy":"product_cat","embeddable":true,"href":"https:\/\/www.heddata.se\/webbutik\/wp-json\/wp\/v2\/product_cat?post=95505"},{"taxonomy":"product_tag","embeddable":true,"href":"https:\/\/www.heddata.se\/webbutik\/wp-json\/wp\/v2\/product_tag?post=95505"}],"curies":[{"name":"wp","href":"https:\/\/api.w.org\/{rel}","templated":true}]}}