{"id":95479,"date":"2024-05-27T12:18:23","date_gmt":"2024-05-27T10:18:23","guid":{"rendered":"https:\/\/www.heddata.se\/webbutik\/?post_type=product&#038;p=95479"},"modified":"2026-04-09T10:41:30","modified_gmt":"2026-04-09T08:41:30","slug":"asus-laptop-15-d515ua-ej579w-15-6-full-hd-ips-matt-amd-ryzen-5-5500u-8-gb-256-gb-pcie-ssd-wifi-5-win11-d515ua-ej579w","status":"publish","type":"product","link":"https:\/\/www.heddata.se\/webbutik\/produkt\/asus-laptop-15-d515ua-ej579w-15-6-full-hd-ips-matt-amd-ryzen-5-5500u-8-gb-256-gb-pcie-ssd-wifi-5-win11-d515ua-ej579w\/","title":{"rendered":"Asus Laptop 15 D515UA-EJ579W, 15.6&#8243; Full HD IPS matt, AMD Ryzen 5 5500U, 8 GB, 256 GB PCIe SSD, WiFi 5, Win11 &#8211; D515UA-EJ579W"},"content":{"rendered":"<p>Asus Laptop 15 D515UA-EJ579W, 15.6&#8243; Full HD IPS matt, AMD Ryzen 5 5500U, 8 GB, 256 GB PCIe SSD, WiFi 5, Win11 &#8211; D515UA-EJ579W<\/p>\n<p id=\"tw-target-text\" class=\"tw-data-text tw-text-large tw-ta\" dir=\"ltr\" data-placeholder=\"\u00d6vers\u00e4ttning\" aria-label=\"\u00d6versatt text\" data-ved=\"2ahUKEwiQofa0ybKGAxW-EhAIHRZpDh0Q3ewLegQIBRAU\"><span class=\"Y2IQFc\" lang=\"sv\">Oavsett om det g\u00e4ller arbete eller lek \u00e4r <a href=\"https:\/\/www.asus.com\/\" target=\"_blank\" rel=\"noopener\">ASUS<\/a> D515 den b\u00e4rbara <a href=\"https:\/\/www.heddata.se\/webbutik\/datorer\/\">datorn<\/a> p\u00e5 nyb\u00f6rjarniv\u00e5 som levererar kraftfull prestanda och uppslukande bilder. <\/span><\/p>\n<div class=\"specs-content px-2 pb-3 ng-star-inserted\">\n<h6 class=\"mx-1\">Display<\/h6>\n<table class=\"table table-sm mb-0\">\n<tbody>\n<tr class=\"bg-white ng-star-inserted\">\n<td class=\"border-tableaccent w-50\">Storlek (tum)<\/td>\n<td class=\"border-tableaccent text-wrap\">15,6&#8243;<\/td>\n<\/tr>\n<tr class=\"bg-white ng-star-inserted\">\n<td class=\"border-tableaccent w-50\">Uppl\u00f6sning<\/td>\n<td class=\"border-tableaccent text-wrap\">1920 x 1080 pixlar<\/td>\n<\/tr>\n<tr class=\"bg-white ng-star-inserted\">\n<td class=\"border-tableaccent w-50\">Ljusstyrka<\/td>\n<td class=\"border-tableaccent text-wrap\">200 cd\/m\u00b2<\/td>\n<\/tr>\n<tr class=\"bg-white ng-star-inserted\">\n<td class=\"border-tableaccent w-50\">Peksk\u00e4rm<\/td>\n<td class=\"border-tableaccent text-wrap\">Nej<\/td>\n<\/tr>\n<tr class=\"bg-white ng-star-inserted\">\n<td class=\"border-tableaccent w-50\">RGB-f\u00e4rgrymd<\/td>\n<td class=\"border-tableaccent text-wrap\">NTSC<\/td>\n<\/tr>\n<tr class=\"bg-white ng-star-inserted\">\n<td class=\"border-tableaccent w-50\">F\u00e4rgomf\u00e5ng<\/td>\n<td class=\"border-tableaccent text-wrap\">45%<\/td>\n<\/tr>\n<tr class=\"bg-white ng-star-inserted\">\n<td class=\"border-tableaccent w-50\">Anti-glare sk\u00e4rm<\/td>\n<td class=\"border-tableaccent text-wrap\">Ja<\/td>\n<\/tr>\n<tr class=\"bg-white ng-star-inserted\">\n<td class=\"border-tableaccent w-50\">Native bildf\u00f6rh\u00e5llande<\/td>\n<td class=\"border-tableaccent text-wrap\">16:9<\/td>\n<\/tr>\n<\/tbody>\n<\/table>\n<\/div>\n<div class=\"specs-content px-2 pb-3 ng-star-inserted\">\n<h6 class=\"mx-1\">Processor<\/h6>\n<table class=\"table table-sm mb-0\">\n<tbody>\n<tr class=\"bg-white ng-star-inserted\">\n<td class=\"border-tableaccent w-50\">Tillverkare<\/td>\n<td class=\"border-tableaccent text-wrap\">AMD<\/td>\n<\/tr>\n<tr class=\"bg-white ng-star-inserted\">\n<td class=\"border-tableaccent w-50\">Processorfamilj<\/td>\n<td class=\"border-tableaccent text-wrap\">AMD Ryzen 5<\/td>\n<\/tr>\n<tr class=\"bg-white ng-star-inserted\">\n<td class=\"border-tableaccent w-50\">Processor<\/td>\n<td class=\"border-tableaccent text-wrap\">5500U<\/td>\n<\/tr>\n<tr class=\"bg-white ng-star-inserted\">\n<td class=\"border-tableaccent w-50\">Processor antal k\u00e4rnor<\/td>\n<td class=\"border-tableaccent text-wrap\">6<\/td>\n<\/tr>\n<tr class=\"bg-white ng-star-inserted\">\n<td class=\"border-tableaccent w-50\">Processorfrekvens<\/td>\n<td class=\"border-tableaccent text-wrap\">2,1 GHz<\/td>\n<\/tr>\n<tr class=\"bg-white ng-star-inserted\">\n<td class=\"border-tableaccent w-50\">Processorboostfrekvens<\/td>\n<td class=\"border-tableaccent text-wrap\">4 GHz<\/td>\n<\/tr>\n<tr class=\"bg-white ng-star-inserted\">\n<td class=\"border-tableaccent w-50\">Processorns cache<\/td>\n<td class=\"border-tableaccent text-wrap\">8 MB<\/td>\n<\/tr>\n<\/tbody>\n<\/table>\n<\/div>\n<div class=\"specs-content px-2 pb-3 ng-star-inserted\">\n<h6 class=\"mx-1\">Grafiken<\/h6>\n<table class=\"table table-sm mb-0\">\n<tbody>\n<tr class=\"bg-white ng-star-inserted\">\n<td class=\"border-tableaccent w-50\">Ombord grafikkort modell<\/td>\n<td class=\"border-tableaccent text-wrap\">AMD Radeon Graphics<\/td>\n<\/tr>\n<tr class=\"bg-white ng-star-inserted\">\n<td class=\"border-tableaccent w-50\">Diskret grafikkort<\/td>\n<td class=\"border-tableaccent text-wrap\">Nej<\/td>\n<\/tr>\n<tr class=\"bg-white ng-star-inserted\">\n<td class=\"border-tableaccent w-50\">Diskret grafikkortsmodell<\/td>\n<td class=\"border-tableaccent text-wrap\">Ej tillg\u00e4nglig<\/td>\n<\/tr>\n<\/tbody>\n<\/table>\n<\/div>\n<div class=\"specs-content px-2 pb-3 ng-star-inserted\">\n<h6 class=\"mx-1\">Lagringsmedia<\/h6>\n<table class=\"table table-sm mb-0\">\n<tbody>\n<tr class=\"bg-white ng-star-inserted\">\n<td class=\"border-tableaccent w-50\">Lagringsmedia<\/td>\n<td class=\"border-tableaccent text-wrap\">SSD<\/td>\n<\/tr>\n<tr class=\"bg-white ng-star-inserted\">\n<td class=\"border-tableaccent w-50\">Solid-state drive kapacitet<\/td>\n<td class=\"border-tableaccent text-wrap\">256 GB<\/td>\n<\/tr>\n<tr class=\"bg-white ng-star-inserted\">\n<td class=\"border-tableaccent w-50\">SSD-diskens formfaktor<\/td>\n<td class=\"border-tableaccent text-wrap\">M.2<\/td>\n<\/tr>\n<tr class=\"bg-white ng-star-inserted\">\n<td class=\"border-tableaccent w-50\">Solid-state drive-gr\u00e4nssnitt<\/td>\n<td class=\"border-tableaccent text-wrap\">NVMe, PCI Express 3.0<\/td>\n<\/tr>\n<tr class=\"bg-white ng-star-inserted\">\n<td class=\"border-tableaccent w-50\">Antalet installerade SSD<\/td>\n<td class=\"border-tableaccent text-wrap\">1<\/td>\n<\/tr>\n<tr class=\"bg-white ng-star-inserted\">\n<td class=\"border-tableaccent w-50\">Inbyggd kortl\u00e4sare<\/td>\n<td class=\"border-tableaccent text-wrap\">Ja<\/td>\n<\/tr>\n<tr class=\"bg-white ng-star-inserted\">\n<td class=\"border-tableaccent w-50\">Typ av minneskort<\/td>\n<td class=\"border-tableaccent text-wrap\">MicroSD<\/td>\n<\/tr>\n<tr class=\"bg-white ng-star-inserted\">\n<td class=\"border-tableaccent w-50\">Optisk enhetstyp<\/td>\n<td class=\"border-tableaccent text-wrap\">Nej<\/td>\n<\/tr>\n<\/tbody>\n<\/table>\n<\/div>\n<div class=\"specs-content px-2 pb-3 ng-star-inserted\">\n<h6 class=\"mx-1\">Minne<\/h6>\n<table class=\"table table-sm mb-0\">\n<tbody>\n<tr class=\"bg-white ng-star-inserted\">\n<td class=\"border-tableaccent w-50\">Internminne<\/td>\n<td class=\"border-tableaccent text-wrap\">8 GB<\/td>\n<\/tr>\n<tr class=\"bg-white ng-star-inserted\">\n<td class=\"border-tableaccent w-50\">Typ av internminne<\/td>\n<td class=\"border-tableaccent text-wrap\">DDR4-SDRAM<\/td>\n<\/tr>\n<tr class=\"bg-white ng-star-inserted\">\n<td class=\"border-tableaccent w-50\">Minnesplatser<\/td>\n<td class=\"border-tableaccent text-wrap\">1x SO-DIMM<\/td>\n<\/tr>\n<tr class=\"bg-white ng-star-inserted\">\n<td class=\"border-tableaccent w-50\">Maximalt internminne<\/td>\n<td class=\"border-tableaccent text-wrap\">12 GB<\/td>\n<\/tr>\n<tr class=\"bg-white ng-star-inserted\">\n<td class=\"border-tableaccent w-50\">Minnets formfaktor<\/td>\n<td class=\"border-tableaccent text-wrap\">Integrerat + SO-DIMM<\/td>\n<\/tr>\n<\/tbody>\n<\/table>\n<\/div>\n<div class=\"specs-content px-2 pb-3 ng-star-inserted\">\n<h6 class=\"mx-1\">Anslutningar<\/h6>\n<table class=\"table table-sm mb-0\">\n<tbody>\n<tr class=\"bg-white ng-star-inserted\">\n<td class=\"border-tableaccent w-50\">Combo h\u00f6rlurar \/ mikrofon-port<\/td>\n<td class=\"border-tableaccent text-wrap\">Ja<\/td>\n<\/tr>\n<tr class=\"bg-white ng-star-inserted\">\n<td class=\"border-tableaccent w-50\">Antal USB 3.2 Gen 1 (3.1 Gen 1) typ C<\/td>\n<td class=\"border-tableaccent text-wrap\">1<\/td>\n<\/tr>\n<tr class=\"bg-white ng-star-inserted\">\n<td class=\"border-tableaccent w-50\">Antal HDMI<\/td>\n<td class=\"border-tableaccent text-wrap\">1<\/td>\n<\/tr>\n<tr class=\"bg-white ng-star-inserted\">\n<td class=\"border-tableaccent w-50\">HDMI-version<\/td>\n<td class=\"border-tableaccent text-wrap\">1.4<\/td>\n<\/tr>\n<tr class=\"bg-white ng-star-inserted\">\n<td class=\"border-tableaccent w-50\">Antal USB 2.0<\/td>\n<td class=\"border-tableaccent text-wrap\">2<\/td>\n<\/tr>\n<tr class=\"bg-white ng-star-inserted\">\n<td class=\"border-tableaccent w-50\">Antal USB 3.2 Gen 1 (3.1 Gen 1) typ A<\/td>\n<td class=\"border-tableaccent text-wrap\">1<\/td>\n<\/tr>\n<tr class=\"bg-white ng-star-inserted\">\n<td class=\"border-tableaccent w-50\">Typ av laddningsport<\/td>\n<td class=\"border-tableaccent text-wrap\">DC-in-uttag<\/td>\n<\/tr>\n<\/tbody>\n<\/table>\n<\/div>\n<div class=\"specs-content px-2 pb-3 ng-star-inserted\">\n<h6 class=\"mx-1\">Design<\/h6>\n<table class=\"table table-sm mb-0\">\n<tbody>\n<tr class=\"bg-white ng-star-inserted\">\n<td class=\"border-tableaccent w-50\">Produktens f\u00e4rg<\/td>\n<td class=\"border-tableaccent text-wrap\">Gr\u00e5<\/td>\n<\/tr>\n<\/tbody>\n<\/table>\n<\/div>\n<div class=\"specs-content px-2 pb-3 ng-star-inserted\">\n<h6 class=\"mx-1\">Batteri<\/h6>\n<table class=\"table table-sm mb-0\">\n<tbody>\n<tr class=\"bg-white ng-star-inserted\">\n<td class=\"border-tableaccent w-50\">Batteriteknik<\/td>\n<td class=\"border-tableaccent text-wrap\">Litium-Ion (Li-Ion)<\/td>\n<\/tr>\n<tr class=\"bg-white ng-star-inserted\">\n<td class=\"border-tableaccent w-50\">Antal battericeller<\/td>\n<td class=\"border-tableaccent text-wrap\">2<\/td>\n<\/tr>\n<tr class=\"bg-white ng-star-inserted\">\n<td class=\"border-tableaccent w-50\">Batterikapacitet<\/td>\n<td class=\"border-tableaccent text-wrap\">37 Wh<\/td>\n<\/tr>\n<\/tbody>\n<\/table>\n<\/div>\n<div class=\"specs-content px-2 pb-3 ng-star-inserted\">\n<h6 class=\"mx-1\">N\u00e4tverk<\/h6>\n<table class=\"table table-sm mb-0\">\n<tbody>\n<tr class=\"bg-white ng-star-inserted\">\n<td class=\"border-tableaccent w-50\">N\u00e4tverksansluten (Ethernet)<\/td>\n<td class=\"border-tableaccent text-wrap\">Nej<\/td>\n<\/tr>\n<tr class=\"bg-white ng-star-inserted\">\n<td class=\"border-tableaccent w-50\">Wi-Fi-standard<\/td>\n<td class=\"border-tableaccent text-wrap\">Wi-Fi 5 (802.11ac)<\/td>\n<\/tr>\n<tr class=\"bg-white ng-star-inserted\">\n<td class=\"border-tableaccent w-50\">Bluetooth-version<\/td>\n<td class=\"border-tableaccent text-wrap\">4.1<\/td>\n<\/tr>\n<tr class=\"bg-white ng-star-inserted\">\n<td class=\"border-tableaccent w-50\">Mobil n\u00e4tverksanslutning<\/td>\n<td class=\"border-tableaccent text-wrap\">Nej<\/td>\n<\/tr>\n<tr class=\"bg-white ng-star-inserted\">\n<td class=\"border-tableaccent w-50\">Antenntyp<\/td>\n<td class=\"border-tableaccent text-wrap\">1&#215;1<\/td>\n<\/tr>\n<\/tbody>\n<\/table>\n<\/div>\n<div class=\"specs-content px-2 pb-3 ng-star-inserted\">\n<h6 class=\"mx-1\">Audio<\/h6>\n<table class=\"table table-sm mb-0\">\n<tbody>\n<tr class=\"bg-white ng-star-inserted\">\n<td class=\"border-tableaccent w-50\">Inbyggd mikrofon<\/td>\n<td class=\"border-tableaccent text-wrap\">Ja<\/td>\n<\/tr>\n<\/tbody>\n<\/table>\n<\/div>\n<div class=\"specs-content px-2 pb-3 ng-star-inserted\">\n<h6 class=\"mx-1\">Programvara<\/h6>\n<table class=\"table table-sm mb-0\">\n<tbody>\n<tr class=\"bg-white ng-star-inserted\">\n<td class=\"border-tableaccent w-50\">Installerat operativsystem<\/td>\n<td class=\"border-tableaccent text-wrap\">Windows 10 Home<\/td>\n<\/tr>\n<tr class=\"bg-white ng-star-inserted\">\n<td class=\"border-tableaccent w-50\">Operativsystemets systemarkitektur<\/td>\n<td class=\"border-tableaccent text-wrap\">64-bit<\/td>\n<\/tr>\n<\/tbody>\n<\/table>\n<\/div>\n<div class=\"specs-content px-2 pb-3 ng-star-inserted\">\n<h6 class=\"mx-1\">Str\u00f6mtillf\u00f6rsel<\/h6>\n<table class=\"table table-sm mb-0\">\n<tbody>\n<tr class=\"bg-white ng-star-inserted\">\n<td class=\"border-tableaccent w-50\">AC-adapter effekt<\/td>\n<td class=\"border-tableaccent text-wrap\">45 W<\/td>\n<\/tr>\n<\/tbody>\n<\/table>\n<\/div>\n<div class=\"specs-content px-2 pb-3 ng-star-inserted\">\n<h6 class=\"mx-1\">Tangentbord<\/h6>\n<table class=\"table table-sm mb-0\">\n<tbody>\n<tr class=\"bg-white ng-star-inserted\">\n<td class=\"border-tableaccent w-50\">Numeriskt tangentbord<\/td>\n<td class=\"border-tableaccent text-wrap\">Ja<\/td>\n<\/tr>\n<\/tbody>\n<\/table>\n<\/div>\n<div class=\"specs-content px-2 pb-3 ng-star-inserted\">\n<h6 class=\"mx-1\">Vikt &amp; dimension<\/h6>\n<table class=\"table table-sm mb-0\">\n<tbody>\n<tr class=\"bg-white ng-star-inserted\">\n<td class=\"border-tableaccent w-50\">Bredd<\/td>\n<td class=\"border-tableaccent text-wrap\">360 mm<\/td>\n<\/tr>\n<tr class=\"bg-white ng-star-inserted\">\n<td class=\"border-tableaccent w-50\">Djup<\/td>\n<td class=\"border-tableaccent text-wrap\">235 mm<\/td>\n<\/tr>\n<tr class=\"bg-white ng-star-inserted\">\n<td class=\"border-tableaccent w-50\">H\u00f6jd<\/td>\n<td class=\"border-tableaccent text-wrap\">19,9 mm<\/td>\n<\/tr>\n<tr class=\"bg-white ng-star-inserted\">\n<td class=\"border-tableaccent w-50\">Vikt<\/td>\n<td class=\"border-tableaccent text-wrap\">1,8 kg<\/td>\n<\/tr>\n<\/tbody>\n<\/table>\n<\/div>\n<div class=\"specs-content px-2 pb-3 ng-star-inserted\">\n<h6 class=\"mx-1\">Fabrikat<\/h6>\n<table class=\"table table-sm mb-0\">\n<tbody>\n<tr class=\"bg-white ng-star-inserted\">\n<td class=\"border-tableaccent w-50\">Tillverkare<\/td>\n<td class=\"border-tableaccent text-wrap\"><a href=\"http:\/\/www.asus.com\/index.aspx\" target=\"_blank\" rel=\"noopener\">ASUS<\/a><\/td>\n<\/tr>\n<tr class=\"bg-white ng-star-inserted\">\n<td class=\"border-tableaccent w-50\">SKU<\/td>\n<td class=\"border-tableaccent text-wrap\">D515UA-EJ579W<\/td>\n<\/tr>\n<\/tbody>\n<\/table>\n<\/div>\n","protected":false},"excerpt":{"rendered":"<p>Asus Laptop 15 D515UA-EJ579W, 15.6&#8243; Full HD IPS matt, AMD Ryzen 5 5500U, 8 GB, 256 GB PCIe SSD, WiFi 5, Win11 &#8211; D515UA-EJ579W<\/p>\n","protected":false},"featured_media":95485,"template":"","meta":[],"product_brand":[],"product_cat":[5367,112,65],"product_tag":[],"class_list":{"0":"post-95479","1":"product","2":"type-product","3":"status-publish","4":"has-post-thumbnail","6":"product_cat-barbara-datorer","7":"product_cat-datorer","8":"product_cat-datorer-tillbehor","10":"first","11":"outofstock","12":"taxable","13":"shipping-taxable","14":"product-type-simple"},"yoast_head":"<!-- This site is optimized with the Yoast SEO Premium plugin v26.7 (Yoast SEO v26.7) - https:\/\/yoast.com\/wordpress\/plugins\/seo\/ -->\n<title>Asus Laptop 15 D515UA-EJ579W, 15.6&quot; Full HD IPS matt, AMD Ryzen 5<\/title>\n<meta name=\"description\" content=\"Asus Laptop 15 D515UA-EJ579W, 15.6&quot; Full HD IPS matt, AMD Ryzen 5 5500U, 8 GB, 256 GB PCIe SSD, WiFi 5, Win11 - D515UA-EJ579W\" \/>\n<meta name=\"robots\" content=\"index, follow, max-snippet:-1, max-image-preview:large, max-video-preview:-1\" \/>\n<link rel=\"canonical\" href=\"https:\/\/www.heddata.se\/webbutik\/produkt\/asus-laptop-15-d515ua-ej579w-15-6-full-hd-ips-matt-amd-ryzen-5-5500u-8-gb-256-gb-pcie-ssd-wifi-5-win11-d515ua-ej579w\/\" \/>\n<meta property=\"og:locale\" content=\"sv_SE\" \/>\n<meta property=\"og:type\" content=\"article\" \/>\n<meta property=\"og:title\" content=\"Asus Laptop 15 D515UA-EJ579W, 15.6&quot; Full HD IPS matt, AMD Ryzen 5 5500U, 8 GB, 256 GB PCIe SSD, WiFi 5, Win11 - D515UA-EJ579W\" \/>\n<meta property=\"og:description\" content=\"Asus Laptop 15 D515UA-EJ579W, 15.6&quot; Full HD IPS matt, AMD Ryzen 5 5500U, 8 GB, 256 GB PCIe SSD, WiFi 5, Win11 - D515UA-EJ579W\" \/>\n<meta property=\"og:url\" content=\"https:\/\/www.heddata.se\/webbutik\/produkt\/asus-laptop-15-d515ua-ej579w-15-6-full-hd-ips-matt-amd-ryzen-5-5500u-8-gb-256-gb-pcie-ssd-wifi-5-win11-d515ua-ej579w\/\" \/>\n<meta property=\"og:site_name\" content=\"Datorer, Skrivare, F\u00e4rgpatroner, Mobiltelefoner\" \/>\n<meta property=\"article:modified_time\" content=\"2026-04-09T08:41:30+00:00\" \/>\n<meta property=\"og:image\" content=\"https:\/\/www.heddata.se\/webbutik\/wp-content\/uploads\/webbutik\/kategorier\/datorer\/asus_d515ua-ej577w.jpg\" \/>\n\t<meta property=\"og:image:width\" content=\"800\" \/>\n\t<meta property=\"og:image:height\" content=\"800\" \/>\n\t<meta property=\"og:image:type\" content=\"image\/jpeg\" \/>\n<meta name=\"twitter:card\" content=\"summary_large_image\" \/>\n<meta name=\"twitter:label1\" content=\"Ber\u00e4knad l\u00e4stid\" \/>\n\t<meta name=\"twitter:data1\" content=\"1 minut\" \/>\n<script type=\"application\/ld+json\" class=\"yoast-schema-graph\">{\"@context\":\"https:\/\/schema.org\",\"@graph\":[{\"@type\":\"WebPage\",\"@id\":\"https:\/\/www.heddata.se\/webbutik\/produkt\/asus-laptop-15-d515ua-ej579w-15-6-full-hd-ips-matt-amd-ryzen-5-5500u-8-gb-256-gb-pcie-ssd-wifi-5-win11-d515ua-ej579w\/\",\"url\":\"https:\/\/www.heddata.se\/webbutik\/produkt\/asus-laptop-15-d515ua-ej579w-15-6-full-hd-ips-matt-amd-ryzen-5-5500u-8-gb-256-gb-pcie-ssd-wifi-5-win11-d515ua-ej579w\/\",\"name\":\"Asus Laptop 15 D515UA-EJ579W, 15.6\\\" Full HD IPS matt, AMD Ryzen 5\",\"isPartOf\":{\"@id\":\"https:\/\/www.heddata.se\/webbutik\/#website\"},\"primaryImageOfPage\":{\"@id\":\"https:\/\/www.heddata.se\/webbutik\/produkt\/asus-laptop-15-d515ua-ej579w-15-6-full-hd-ips-matt-amd-ryzen-5-5500u-8-gb-256-gb-pcie-ssd-wifi-5-win11-d515ua-ej579w\/#primaryimage\"},\"image\":{\"@id\":\"https:\/\/www.heddata.se\/webbutik\/produkt\/asus-laptop-15-d515ua-ej579w-15-6-full-hd-ips-matt-amd-ryzen-5-5500u-8-gb-256-gb-pcie-ssd-wifi-5-win11-d515ua-ej579w\/#primaryimage\"},\"thumbnailUrl\":\"https:\/\/www.heddata.se\/webbutik\/wp-content\/uploads\/webbutik\/kategorier\/datorer\/asus_d515ua-ej577w.jpg\",\"datePublished\":\"2024-05-27T10:18:23+00:00\",\"dateModified\":\"2026-04-09T08:41:30+00:00\",\"description\":\"Asus Laptop 15 D515UA-EJ579W, 15.6\\\" Full HD IPS matt, AMD Ryzen 5 5500U, 8 GB, 256 GB PCIe SSD, WiFi 5, Win11 - D515UA-EJ579W\",\"breadcrumb\":{\"@id\":\"https:\/\/www.heddata.se\/webbutik\/produkt\/asus-laptop-15-d515ua-ej579w-15-6-full-hd-ips-matt-amd-ryzen-5-5500u-8-gb-256-gb-pcie-ssd-wifi-5-win11-d515ua-ej579w\/#breadcrumb\"},\"inLanguage\":\"sv-SE\",\"potentialAction\":[{\"@type\":\"ReadAction\",\"target\":[\"https:\/\/www.heddata.se\/webbutik\/produkt\/asus-laptop-15-d515ua-ej579w-15-6-full-hd-ips-matt-amd-ryzen-5-5500u-8-gb-256-gb-pcie-ssd-wifi-5-win11-d515ua-ej579w\/\"]}]},{\"@type\":\"ImageObject\",\"inLanguage\":\"sv-SE\",\"@id\":\"https:\/\/www.heddata.se\/webbutik\/produkt\/asus-laptop-15-d515ua-ej579w-15-6-full-hd-ips-matt-amd-ryzen-5-5500u-8-gb-256-gb-pcie-ssd-wifi-5-win11-d515ua-ej579w\/#primaryimage\",\"url\":\"https:\/\/www.heddata.se\/webbutik\/wp-content\/uploads\/webbutik\/kategorier\/datorer\/asus_d515ua-ej577w.jpg\",\"contentUrl\":\"https:\/\/www.heddata.se\/webbutik\/wp-content\/uploads\/webbutik\/kategorier\/datorer\/asus_d515ua-ej577w.jpg\",\"width\":800,\"height\":800,\"caption\":\"Asus Laptop 15 D515UA-EJ579W\"},{\"@type\":\"BreadcrumbList\",\"@id\":\"https:\/\/www.heddata.se\/webbutik\/produkt\/asus-laptop-15-d515ua-ej579w-15-6-full-hd-ips-matt-amd-ryzen-5-5500u-8-gb-256-gb-pcie-ssd-wifi-5-win11-d515ua-ej579w\/#breadcrumb\",\"itemListElement\":[{\"@type\":\"ListItem\",\"position\":1,\"name\":\"Hem\",\"item\":\"https:\/\/www.heddata.se\/webbutik\/\"},{\"@type\":\"ListItem\",\"position\":2,\"name\":\"Produkter\",\"item\":\"https:\/\/www.heddata.se\/webbutik\/shop\/\"},{\"@type\":\"ListItem\",\"position\":3,\"name\":\"Asus Laptop 15 D515UA-EJ579W, 15.6&#8243; Full HD IPS matt, AMD Ryzen 5 5500U, 8 GB, 256 GB PCIe SSD, WiFi 5, Win11 &#8211; D515UA-EJ579W\"}]},{\"@type\":\"WebSite\",\"@id\":\"https:\/\/www.heddata.se\/webbutik\/#website\",\"url\":\"https:\/\/www.heddata.se\/webbutik\/\",\"name\":\"Datorer, Skrivare, F\u00e4rgpatroner, Mobiltelefoner\",\"description\":\"Kablar\",\"publisher\":{\"@id\":\"https:\/\/www.heddata.se\/webbutik\/#organization\"},\"potentialAction\":[{\"@type\":\"SearchAction\",\"target\":{\"@type\":\"EntryPoint\",\"urlTemplate\":\"https:\/\/www.heddata.se\/webbutik\/?s={search_term_string}\"},\"query-input\":{\"@type\":\"PropertyValueSpecification\",\"valueRequired\":true,\"valueName\":\"search_term_string\"}}],\"inLanguage\":\"sv-SE\"},{\"@type\":\"Organization\",\"@id\":\"https:\/\/www.heddata.se\/webbutik\/#organization\",\"name\":\"Heddata AB\",\"url\":\"https:\/\/www.heddata.se\/webbutik\/\",\"logo\":{\"@type\":\"ImageObject\",\"inLanguage\":\"sv-SE\",\"@id\":\"https:\/\/www.heddata.se\/webbutik\/#\/schema\/logo\/image\/\",\"url\":\"https:\/\/www.heddata.se\/webbutik\/wp-content\/uploads\/logga\/heddata-ab-logga.png\",\"contentUrl\":\"https:\/\/www.heddata.se\/webbutik\/wp-content\/uploads\/logga\/heddata-ab-logga.png\",\"width\":200,\"height\":64,\"caption\":\"Heddata AB\"},\"image\":{\"@id\":\"https:\/\/www.heddata.se\/webbutik\/#\/schema\/logo\/image\/\"}}]}<\/script>\n<!-- \/ Yoast SEO Premium plugin. -->","yoast_head_json":{"title":"Asus Laptop 15 D515UA-EJ579W, 15.6\" Full HD IPS matt, AMD Ryzen 5","description":"Asus Laptop 15 D515UA-EJ579W, 15.6\" Full HD IPS matt, AMD Ryzen 5 5500U, 8 GB, 256 GB PCIe SSD, WiFi 5, Win11 - D515UA-EJ579W","robots":{"index":"index","follow":"follow","max-snippet":"max-snippet:-1","max-image-preview":"max-image-preview:large","max-video-preview":"max-video-preview:-1"},"canonical":"https:\/\/www.heddata.se\/webbutik\/produkt\/asus-laptop-15-d515ua-ej579w-15-6-full-hd-ips-matt-amd-ryzen-5-5500u-8-gb-256-gb-pcie-ssd-wifi-5-win11-d515ua-ej579w\/","og_locale":"sv_SE","og_type":"article","og_title":"Asus Laptop 15 D515UA-EJ579W, 15.6\" Full HD IPS matt, AMD Ryzen 5 5500U, 8 GB, 256 GB PCIe SSD, WiFi 5, Win11 - D515UA-EJ579W","og_description":"Asus Laptop 15 D515UA-EJ579W, 15.6\" Full HD IPS matt, AMD Ryzen 5 5500U, 8 GB, 256 GB PCIe SSD, WiFi 5, Win11 - D515UA-EJ579W","og_url":"https:\/\/www.heddata.se\/webbutik\/produkt\/asus-laptop-15-d515ua-ej579w-15-6-full-hd-ips-matt-amd-ryzen-5-5500u-8-gb-256-gb-pcie-ssd-wifi-5-win11-d515ua-ej579w\/","og_site_name":"Datorer, Skrivare, F\u00e4rgpatroner, Mobiltelefoner","article_modified_time":"2026-04-09T08:41:30+00:00","og_image":[{"width":800,"height":800,"url":"https:\/\/www.heddata.se\/webbutik\/wp-content\/uploads\/webbutik\/kategorier\/datorer\/asus_d515ua-ej577w.jpg","type":"image\/jpeg"}],"twitter_card":"summary_large_image","twitter_misc":{"Ber\u00e4knad l\u00e4stid":"1 minut"},"schema":{"@context":"https:\/\/schema.org","@graph":[{"@type":"WebPage","@id":"https:\/\/www.heddata.se\/webbutik\/produkt\/asus-laptop-15-d515ua-ej579w-15-6-full-hd-ips-matt-amd-ryzen-5-5500u-8-gb-256-gb-pcie-ssd-wifi-5-win11-d515ua-ej579w\/","url":"https:\/\/www.heddata.se\/webbutik\/produkt\/asus-laptop-15-d515ua-ej579w-15-6-full-hd-ips-matt-amd-ryzen-5-5500u-8-gb-256-gb-pcie-ssd-wifi-5-win11-d515ua-ej579w\/","name":"Asus Laptop 15 D515UA-EJ579W, 15.6\" Full HD IPS matt, AMD Ryzen 5","isPartOf":{"@id":"https:\/\/www.heddata.se\/webbutik\/#website"},"primaryImageOfPage":{"@id":"https:\/\/www.heddata.se\/webbutik\/produkt\/asus-laptop-15-d515ua-ej579w-15-6-full-hd-ips-matt-amd-ryzen-5-5500u-8-gb-256-gb-pcie-ssd-wifi-5-win11-d515ua-ej579w\/#primaryimage"},"image":{"@id":"https:\/\/www.heddata.se\/webbutik\/produkt\/asus-laptop-15-d515ua-ej579w-15-6-full-hd-ips-matt-amd-ryzen-5-5500u-8-gb-256-gb-pcie-ssd-wifi-5-win11-d515ua-ej579w\/#primaryimage"},"thumbnailUrl":"https:\/\/www.heddata.se\/webbutik\/wp-content\/uploads\/webbutik\/kategorier\/datorer\/asus_d515ua-ej577w.jpg","datePublished":"2024-05-27T10:18:23+00:00","dateModified":"2026-04-09T08:41:30+00:00","description":"Asus Laptop 15 D515UA-EJ579W, 15.6\" Full HD IPS matt, AMD Ryzen 5 5500U, 8 GB, 256 GB PCIe SSD, WiFi 5, Win11 - D515UA-EJ579W","breadcrumb":{"@id":"https:\/\/www.heddata.se\/webbutik\/produkt\/asus-laptop-15-d515ua-ej579w-15-6-full-hd-ips-matt-amd-ryzen-5-5500u-8-gb-256-gb-pcie-ssd-wifi-5-win11-d515ua-ej579w\/#breadcrumb"},"inLanguage":"sv-SE","potentialAction":[{"@type":"ReadAction","target":["https:\/\/www.heddata.se\/webbutik\/produkt\/asus-laptop-15-d515ua-ej579w-15-6-full-hd-ips-matt-amd-ryzen-5-5500u-8-gb-256-gb-pcie-ssd-wifi-5-win11-d515ua-ej579w\/"]}]},{"@type":"ImageObject","inLanguage":"sv-SE","@id":"https:\/\/www.heddata.se\/webbutik\/produkt\/asus-laptop-15-d515ua-ej579w-15-6-full-hd-ips-matt-amd-ryzen-5-5500u-8-gb-256-gb-pcie-ssd-wifi-5-win11-d515ua-ej579w\/#primaryimage","url":"https:\/\/www.heddata.se\/webbutik\/wp-content\/uploads\/webbutik\/kategorier\/datorer\/asus_d515ua-ej577w.jpg","contentUrl":"https:\/\/www.heddata.se\/webbutik\/wp-content\/uploads\/webbutik\/kategorier\/datorer\/asus_d515ua-ej577w.jpg","width":800,"height":800,"caption":"Asus Laptop 15 D515UA-EJ579W"},{"@type":"BreadcrumbList","@id":"https:\/\/www.heddata.se\/webbutik\/produkt\/asus-laptop-15-d515ua-ej579w-15-6-full-hd-ips-matt-amd-ryzen-5-5500u-8-gb-256-gb-pcie-ssd-wifi-5-win11-d515ua-ej579w\/#breadcrumb","itemListElement":[{"@type":"ListItem","position":1,"name":"Hem","item":"https:\/\/www.heddata.se\/webbutik\/"},{"@type":"ListItem","position":2,"name":"Produkter","item":"https:\/\/www.heddata.se\/webbutik\/shop\/"},{"@type":"ListItem","position":3,"name":"Asus Laptop 15 D515UA-EJ579W, 15.6&#8243; Full HD IPS matt, AMD Ryzen 5 5500U, 8 GB, 256 GB PCIe SSD, WiFi 5, Win11 &#8211; D515UA-EJ579W"}]},{"@type":"WebSite","@id":"https:\/\/www.heddata.se\/webbutik\/#website","url":"https:\/\/www.heddata.se\/webbutik\/","name":"Datorer, Skrivare, F\u00e4rgpatroner, Mobiltelefoner","description":"Kablar","publisher":{"@id":"https:\/\/www.heddata.se\/webbutik\/#organization"},"potentialAction":[{"@type":"SearchAction","target":{"@type":"EntryPoint","urlTemplate":"https:\/\/www.heddata.se\/webbutik\/?s={search_term_string}"},"query-input":{"@type":"PropertyValueSpecification","valueRequired":true,"valueName":"search_term_string"}}],"inLanguage":"sv-SE"},{"@type":"Organization","@id":"https:\/\/www.heddata.se\/webbutik\/#organization","name":"Heddata AB","url":"https:\/\/www.heddata.se\/webbutik\/","logo":{"@type":"ImageObject","inLanguage":"sv-SE","@id":"https:\/\/www.heddata.se\/webbutik\/#\/schema\/logo\/image\/","url":"https:\/\/www.heddata.se\/webbutik\/wp-content\/uploads\/logga\/heddata-ab-logga.png","contentUrl":"https:\/\/www.heddata.se\/webbutik\/wp-content\/uploads\/logga\/heddata-ab-logga.png","width":200,"height":64,"caption":"Heddata AB"},"image":{"@id":"https:\/\/www.heddata.se\/webbutik\/#\/schema\/logo\/image\/"}}]}},"_links":{"self":[{"href":"https:\/\/www.heddata.se\/webbutik\/wp-json\/wp\/v2\/product\/95479","targetHints":{"allow":["GET"]}}],"collection":[{"href":"https:\/\/www.heddata.se\/webbutik\/wp-json\/wp\/v2\/product"}],"about":[{"href":"https:\/\/www.heddata.se\/webbutik\/wp-json\/wp\/v2\/types\/product"}],"wp:featuredmedia":[{"embeddable":true,"href":"https:\/\/www.heddata.se\/webbutik\/wp-json\/wp\/v2\/media\/95485"}],"wp:attachment":[{"href":"https:\/\/www.heddata.se\/webbutik\/wp-json\/wp\/v2\/media?parent=95479"}],"wp:term":[{"taxonomy":"product_brand","embeddable":true,"href":"https:\/\/www.heddata.se\/webbutik\/wp-json\/wp\/v2\/product_brand?post=95479"},{"taxonomy":"product_cat","embeddable":true,"href":"https:\/\/www.heddata.se\/webbutik\/wp-json\/wp\/v2\/product_cat?post=95479"},{"taxonomy":"product_tag","embeddable":true,"href":"https:\/\/www.heddata.se\/webbutik\/wp-json\/wp\/v2\/product_tag?post=95479"}],"curies":[{"name":"wp","href":"https:\/\/api.w.org\/{rel}","templated":true}]}}