{"id":95434,"date":"2024-05-02T13:18:21","date_gmt":"2024-05-02T11:18:21","guid":{"rendered":"https:\/\/www.heddata.se\/webbutik\/?post_type=product&#038;p=95434"},"modified":"2026-04-29T18:09:52","modified_gmt":"2026-04-29T16:09:52","slug":"google-nest-mini-smart-hogtalare-for-roststyrning-ga00638-se","status":"publish","type":"product","link":"https:\/\/www.heddata.se\/webbutik\/produkt\/google-nest-mini-smart-hogtalare-for-roststyrning-ga00638-se\/","title":{"rendered":"Google Nest Mini &#8211; smart h\u00f6gtalare f\u00f6r r\u00f6ststyrning &#8211; GA00638-SE"},"content":{"rendered":"<p>Google Nest Mini &#8211; smart h\u00f6gtalare f\u00f6r r\u00f6ststyrning &#8211; GA00638-SE<\/p>\n<p>2:a generationen med Google Assistant g\u00f6r vardagen enklare och smartare. Denna r\u00f6staktiverade smarta h\u00f6gtalare blir b\u00e5de din personliga virtuella assistent och en h\u00f6gtalare som streamar spellistor fr\u00e5n Spotify, YouTube Music, TuneIn och mycket mer.<\/p>\n<h4><strong>Liten storlek, stort ljud<\/strong><\/h4>\n<p>Trots samma kompakta design och 360 graders ljud har <a href=\"https:\/\/store.google.com\/se\/?hl=sv\" target=\"_blank\" rel=\"noopener\">Google<\/a> f\u00f6rb\u00e4ttrat ljudet avsev\u00e4rt j\u00e4mf\u00f6rt med Nests f\u00f6reg\u00e5ngare. Google Nest Mini 2nd Gen. har 50 % mer kraftfull bas och betydligt tydligare ljudbild. Allt du nu beh\u00f6ver g\u00f6ra nu \u00e4r att s\u00e4ga &#8221;Hej Google&#8221; f\u00f6r att lyssna p\u00e5 musik fr\u00e5n streamingtj\u00e4nster som exempelvis Spotify. Du kan \u00e4ven streama musik fr\u00e5n din smartphone eller surfplatta. Mikrofonen har r\u00f6stigenk\u00e4nning (\u00e4ven p\u00e5 l\u00e5ngt h\u00e5ll) f\u00f6r att h\u00f6ra och h\u00f6ras &#8211; perfekt f\u00f6r r\u00f6ststyrning av ditt smarta hem. F\u00f6r en st\u00f6rre ljudupplevelse kan du montera Google Nest Mini 2nd Gen. p\u00e5 v\u00e4ggen.<\/p>\n<h4><strong>Din personliga assistent<\/strong><\/h4>\n<p>Med Google Nest Mini 2nd Gen. kan du starta dagen med specialanpassad information endast f\u00f6r dig t.ex. v\u00e4derprognos, m\u00f6ten, nyheter och p\u00e5minnelser. Du kan \u00e4ven l\u00e4gga till en shoppinglista eller ett matlagningsrecept och st\u00e4lla in en timer som informerar dig om n\u00e4r maten i ugnen \u00e4r klar.<\/p>\n<h4><strong>R\u00f6stmatchning<\/strong><\/h4>\n<p>Google Assistant, Googles egna r\u00f6stassistent p\u00e5 svenska, \u00e4r tillr\u00e4ckligt smart f\u00f6r att urskilja r\u00f6ster och anpassar information efter person. Det betyder att n\u00e4r alla i familjen anv\u00e4nder Goolge Nest Mini 2nd Gen. kan den urskilja r\u00f6ster och se till att alla familjemedlemmar f\u00e5r r\u00e4tt schema, p\u00e5minnelser och spellistor.<\/p>\n<h4><strong>R\u00f6ststyrning f\u00f6r smarta hem<\/strong><\/h4>\n<p>V\u00e5ra hem blir allt smartare. Google Nest Mini 2nd Gen. \u00e4r via Google Assistant kompatibel med produkter som <a href=\"https:\/\/www.heddata.se\/webbutik\/chromecast-2\/\">Chromecast<\/a> Nest, LIFX och Philips Hue och kan d\u00e4rigenom justera termostaten, ljusstyrkan samt kontrollera smarta pluggar och switchar. Google Nest Mini 2nd Gen. kan till och med starta kaffebryggaren n\u00e4r du vaknar p\u00e5 morgonen eller st\u00e4nga av strykj\u00e4rnet.<\/p>\n<h4><strong>Mute-knapp<\/strong><\/h4>\n<p>Har du familj och v\u00e4nner p\u00e5 bes\u00f6k? Du kan enkelt st\u00e4nga av Nest Mini 2nd Gen. med mute-knappen s\u00e5 den inte aktiveras av misstag, och med ett enda knapptryck kan du s\u00e4tta p\u00e5 den igen.<\/p>\n<h4><strong>Tryck p\u00e5 Mini<\/strong><\/h4>\n<p>Har Nest Mini 2nd Gen. precis v\u00e4ckt dig men du h\u00f6rde inte meddelandet? Allt du beh\u00f6ver g\u00f6ra \u00e4r att trycka p\u00e5 toppen f\u00f6r att st\u00e4nga av alarm eller klockslag. Om du lyssnar p\u00e5 musik kan du justera volymen genom att trycka p\u00e5 sidorna, utan att missa en enda ton.<\/p>\n<h4><strong>F\u00f6rpackningen inneh\u00e5ller:<\/strong><\/h4>\n<p>&#8211; Google Nest Mini 2nd Gen.<br \/>\n&#8211; Str\u00f6madapter och kabel<br \/>\n&#8211; Snabbstartsguide<\/p>\n","protected":false},"excerpt":{"rendered":"<p>Google Nest Mini &#8211; smart h\u00f6gtalare f\u00f6r r\u00f6ststyrning &#8211; GA00638-SE<\/p>\n","protected":false},"featured_media":95435,"template":"","meta":[],"product_brand":[],"product_cat":[60,83,8854],"product_tag":[],"class_list":{"0":"post-95434","1":"product","2":"type-product","3":"status-publish","4":"has-post-thumbnail","6":"product_cat-hemelektronik","7":"product_cat-ljudsystem-hogtalare","8":"product_cat-mediaspelare","10":"first","11":"instock","12":"taxable","13":"shipping-taxable","14":"purchasable","15":"product-type-simple"},"yoast_head":"<!-- This site is optimized with the Yoast SEO Premium plugin v26.7 (Yoast SEO v26.7) - https:\/\/yoast.com\/wordpress\/plugins\/seo\/ -->\n<title>Google Nest Mini - smart h\u00f6gtalare f\u00f6r r\u00f6ststyrning - GA00638-SE<\/title>\n<meta name=\"description\" content=\"Google Nest Mini - smart h\u00f6gtalare f\u00f6r r\u00f6ststyrning - GA00638-SE. Din personliga virtuella assistent och en h\u00f6gtalare som streamar spellistor.\" \/>\n<meta name=\"robots\" content=\"index, follow, max-snippet:-1, max-image-preview:large, max-video-preview:-1\" \/>\n<link rel=\"canonical\" href=\"https:\/\/www.heddata.se\/webbutik\/produkt\/google-nest-mini-smart-hogtalare-for-roststyrning-ga00638-se\/\" \/>\n<meta property=\"og:locale\" content=\"sv_SE\" \/>\n<meta property=\"og:type\" content=\"article\" \/>\n<meta property=\"og:title\" content=\"Google Nest Mini - smart h\u00f6gtalare f\u00f6r r\u00f6ststyrning - GA00638-SE\" \/>\n<meta property=\"og:description\" content=\"Google Nest Mini - smart h\u00f6gtalare f\u00f6r r\u00f6ststyrning - GA00638-SE. Din personliga virtuella assistent och en h\u00f6gtalare som streamar spellistor.\" \/>\n<meta property=\"og:url\" content=\"https:\/\/www.heddata.se\/webbutik\/produkt\/google-nest-mini-smart-hogtalare-for-roststyrning-ga00638-se\/\" \/>\n<meta property=\"og:site_name\" content=\"Datorer, Skrivare, F\u00e4rgpatroner, Mobiltelefoner\" \/>\n<meta property=\"article:modified_time\" content=\"2026-04-29T16:09:52+00:00\" \/>\n<meta property=\"og:image\" content=\"https:\/\/www.heddata.se\/webbutik\/wp-content\/uploads\/webbutik\/kategorier\/ovrigt-tillbehor\/nestmini2.jpg\" \/>\n\t<meta property=\"og:image:width\" content=\"1200\" \/>\n\t<meta property=\"og:image:height\" content=\"1200\" \/>\n\t<meta property=\"og:image:type\" content=\"image\/jpeg\" \/>\n<meta name=\"twitter:card\" content=\"summary_large_image\" \/>\n<meta name=\"twitter:label1\" content=\"Ber\u00e4knad l\u00e4stid\" \/>\n\t<meta name=\"twitter:data1\" content=\"2 minuter\" \/>\n<script type=\"application\/ld+json\" class=\"yoast-schema-graph\">{\"@context\":\"https:\/\/schema.org\",\"@graph\":[{\"@type\":\"WebPage\",\"@id\":\"https:\/\/www.heddata.se\/webbutik\/produkt\/google-nest-mini-smart-hogtalare-for-roststyrning-ga00638-se\/\",\"url\":\"https:\/\/www.heddata.se\/webbutik\/produkt\/google-nest-mini-smart-hogtalare-for-roststyrning-ga00638-se\/\",\"name\":\"Google Nest Mini - smart h\u00f6gtalare f\u00f6r r\u00f6ststyrning - GA00638-SE\",\"isPartOf\":{\"@id\":\"https:\/\/www.heddata.se\/webbutik\/#website\"},\"primaryImageOfPage\":{\"@id\":\"https:\/\/www.heddata.se\/webbutik\/produkt\/google-nest-mini-smart-hogtalare-for-roststyrning-ga00638-se\/#primaryimage\"},\"image\":{\"@id\":\"https:\/\/www.heddata.se\/webbutik\/produkt\/google-nest-mini-smart-hogtalare-for-roststyrning-ga00638-se\/#primaryimage\"},\"thumbnailUrl\":\"https:\/\/www.heddata.se\/webbutik\/wp-content\/uploads\/webbutik\/kategorier\/ovrigt-tillbehor\/nestmini2.jpg\",\"datePublished\":\"2024-05-02T11:18:21+00:00\",\"dateModified\":\"2026-04-29T16:09:52+00:00\",\"description\":\"Google Nest Mini - smart h\u00f6gtalare f\u00f6r r\u00f6ststyrning - GA00638-SE. Din personliga virtuella assistent och en h\u00f6gtalare som streamar spellistor.\",\"breadcrumb\":{\"@id\":\"https:\/\/www.heddata.se\/webbutik\/produkt\/google-nest-mini-smart-hogtalare-for-roststyrning-ga00638-se\/#breadcrumb\"},\"inLanguage\":\"sv-SE\",\"potentialAction\":[{\"@type\":\"ReadAction\",\"target\":[\"https:\/\/www.heddata.se\/webbutik\/produkt\/google-nest-mini-smart-hogtalare-for-roststyrning-ga00638-se\/\"]}]},{\"@type\":\"ImageObject\",\"inLanguage\":\"sv-SE\",\"@id\":\"https:\/\/www.heddata.se\/webbutik\/produkt\/google-nest-mini-smart-hogtalare-for-roststyrning-ga00638-se\/#primaryimage\",\"url\":\"https:\/\/www.heddata.se\/webbutik\/wp-content\/uploads\/webbutik\/kategorier\/ovrigt-tillbehor\/nestmini2.jpg\",\"contentUrl\":\"https:\/\/www.heddata.se\/webbutik\/wp-content\/uploads\/webbutik\/kategorier\/ovrigt-tillbehor\/nestmini2.jpg\",\"width\":1200,\"height\":1200,\"caption\":\"Google Nest Mini\"},{\"@type\":\"BreadcrumbList\",\"@id\":\"https:\/\/www.heddata.se\/webbutik\/produkt\/google-nest-mini-smart-hogtalare-for-roststyrning-ga00638-se\/#breadcrumb\",\"itemListElement\":[{\"@type\":\"ListItem\",\"position\":1,\"name\":\"Hem\",\"item\":\"https:\/\/www.heddata.se\/webbutik\/\"},{\"@type\":\"ListItem\",\"position\":2,\"name\":\"Produkter\",\"item\":\"https:\/\/www.heddata.se\/webbutik\/shop\/\"},{\"@type\":\"ListItem\",\"position\":3,\"name\":\"Google Nest Mini &#8211; smart h\u00f6gtalare f\u00f6r r\u00f6ststyrning &#8211; GA00638-SE\"}]},{\"@type\":\"WebSite\",\"@id\":\"https:\/\/www.heddata.se\/webbutik\/#website\",\"url\":\"https:\/\/www.heddata.se\/webbutik\/\",\"name\":\"Datorer, Skrivare, F\u00e4rgpatroner, Mobiltelefoner\",\"description\":\"Kablar\",\"publisher\":{\"@id\":\"https:\/\/www.heddata.se\/webbutik\/#organization\"},\"potentialAction\":[{\"@type\":\"SearchAction\",\"target\":{\"@type\":\"EntryPoint\",\"urlTemplate\":\"https:\/\/www.heddata.se\/webbutik\/?s={search_term_string}\"},\"query-input\":{\"@type\":\"PropertyValueSpecification\",\"valueRequired\":true,\"valueName\":\"search_term_string\"}}],\"inLanguage\":\"sv-SE\"},{\"@type\":\"Organization\",\"@id\":\"https:\/\/www.heddata.se\/webbutik\/#organization\",\"name\":\"Heddata AB\",\"url\":\"https:\/\/www.heddata.se\/webbutik\/\",\"logo\":{\"@type\":\"ImageObject\",\"inLanguage\":\"sv-SE\",\"@id\":\"https:\/\/www.heddata.se\/webbutik\/#\/schema\/logo\/image\/\",\"url\":\"https:\/\/www.heddata.se\/webbutik\/wp-content\/uploads\/logga\/heddata-ab-logga.png\",\"contentUrl\":\"https:\/\/www.heddata.se\/webbutik\/wp-content\/uploads\/logga\/heddata-ab-logga.png\",\"width\":200,\"height\":64,\"caption\":\"Heddata AB\"},\"image\":{\"@id\":\"https:\/\/www.heddata.se\/webbutik\/#\/schema\/logo\/image\/\"}}]}<\/script>\n<!-- \/ Yoast SEO Premium plugin. -->","yoast_head_json":{"title":"Google Nest Mini - smart h\u00f6gtalare f\u00f6r r\u00f6ststyrning - GA00638-SE","description":"Google Nest Mini - smart h\u00f6gtalare f\u00f6r r\u00f6ststyrning - GA00638-SE. Din personliga virtuella assistent och en h\u00f6gtalare som streamar spellistor.","robots":{"index":"index","follow":"follow","max-snippet":"max-snippet:-1","max-image-preview":"max-image-preview:large","max-video-preview":"max-video-preview:-1"},"canonical":"https:\/\/www.heddata.se\/webbutik\/produkt\/google-nest-mini-smart-hogtalare-for-roststyrning-ga00638-se\/","og_locale":"sv_SE","og_type":"article","og_title":"Google Nest Mini - smart h\u00f6gtalare f\u00f6r r\u00f6ststyrning - GA00638-SE","og_description":"Google Nest Mini - smart h\u00f6gtalare f\u00f6r r\u00f6ststyrning - GA00638-SE. Din personliga virtuella assistent och en h\u00f6gtalare som streamar spellistor.","og_url":"https:\/\/www.heddata.se\/webbutik\/produkt\/google-nest-mini-smart-hogtalare-for-roststyrning-ga00638-se\/","og_site_name":"Datorer, Skrivare, F\u00e4rgpatroner, Mobiltelefoner","article_modified_time":"2026-04-29T16:09:52+00:00","og_image":[{"width":1200,"height":1200,"url":"https:\/\/www.heddata.se\/webbutik\/wp-content\/uploads\/webbutik\/kategorier\/ovrigt-tillbehor\/nestmini2.jpg","type":"image\/jpeg"}],"twitter_card":"summary_large_image","twitter_misc":{"Ber\u00e4knad l\u00e4stid":"2 minuter"},"schema":{"@context":"https:\/\/schema.org","@graph":[{"@type":"WebPage","@id":"https:\/\/www.heddata.se\/webbutik\/produkt\/google-nest-mini-smart-hogtalare-for-roststyrning-ga00638-se\/","url":"https:\/\/www.heddata.se\/webbutik\/produkt\/google-nest-mini-smart-hogtalare-for-roststyrning-ga00638-se\/","name":"Google Nest Mini - smart h\u00f6gtalare f\u00f6r r\u00f6ststyrning - GA00638-SE","isPartOf":{"@id":"https:\/\/www.heddata.se\/webbutik\/#website"},"primaryImageOfPage":{"@id":"https:\/\/www.heddata.se\/webbutik\/produkt\/google-nest-mini-smart-hogtalare-for-roststyrning-ga00638-se\/#primaryimage"},"image":{"@id":"https:\/\/www.heddata.se\/webbutik\/produkt\/google-nest-mini-smart-hogtalare-for-roststyrning-ga00638-se\/#primaryimage"},"thumbnailUrl":"https:\/\/www.heddata.se\/webbutik\/wp-content\/uploads\/webbutik\/kategorier\/ovrigt-tillbehor\/nestmini2.jpg","datePublished":"2024-05-02T11:18:21+00:00","dateModified":"2026-04-29T16:09:52+00:00","description":"Google Nest Mini - smart h\u00f6gtalare f\u00f6r r\u00f6ststyrning - GA00638-SE. Din personliga virtuella assistent och en h\u00f6gtalare som streamar spellistor.","breadcrumb":{"@id":"https:\/\/www.heddata.se\/webbutik\/produkt\/google-nest-mini-smart-hogtalare-for-roststyrning-ga00638-se\/#breadcrumb"},"inLanguage":"sv-SE","potentialAction":[{"@type":"ReadAction","target":["https:\/\/www.heddata.se\/webbutik\/produkt\/google-nest-mini-smart-hogtalare-for-roststyrning-ga00638-se\/"]}]},{"@type":"ImageObject","inLanguage":"sv-SE","@id":"https:\/\/www.heddata.se\/webbutik\/produkt\/google-nest-mini-smart-hogtalare-for-roststyrning-ga00638-se\/#primaryimage","url":"https:\/\/www.heddata.se\/webbutik\/wp-content\/uploads\/webbutik\/kategorier\/ovrigt-tillbehor\/nestmini2.jpg","contentUrl":"https:\/\/www.heddata.se\/webbutik\/wp-content\/uploads\/webbutik\/kategorier\/ovrigt-tillbehor\/nestmini2.jpg","width":1200,"height":1200,"caption":"Google Nest Mini"},{"@type":"BreadcrumbList","@id":"https:\/\/www.heddata.se\/webbutik\/produkt\/google-nest-mini-smart-hogtalare-for-roststyrning-ga00638-se\/#breadcrumb","itemListElement":[{"@type":"ListItem","position":1,"name":"Hem","item":"https:\/\/www.heddata.se\/webbutik\/"},{"@type":"ListItem","position":2,"name":"Produkter","item":"https:\/\/www.heddata.se\/webbutik\/shop\/"},{"@type":"ListItem","position":3,"name":"Google Nest Mini &#8211; smart h\u00f6gtalare f\u00f6r r\u00f6ststyrning &#8211; GA00638-SE"}]},{"@type":"WebSite","@id":"https:\/\/www.heddata.se\/webbutik\/#website","url":"https:\/\/www.heddata.se\/webbutik\/","name":"Datorer, Skrivare, F\u00e4rgpatroner, Mobiltelefoner","description":"Kablar","publisher":{"@id":"https:\/\/www.heddata.se\/webbutik\/#organization"},"potentialAction":[{"@type":"SearchAction","target":{"@type":"EntryPoint","urlTemplate":"https:\/\/www.heddata.se\/webbutik\/?s={search_term_string}"},"query-input":{"@type":"PropertyValueSpecification","valueRequired":true,"valueName":"search_term_string"}}],"inLanguage":"sv-SE"},{"@type":"Organization","@id":"https:\/\/www.heddata.se\/webbutik\/#organization","name":"Heddata AB","url":"https:\/\/www.heddata.se\/webbutik\/","logo":{"@type":"ImageObject","inLanguage":"sv-SE","@id":"https:\/\/www.heddata.se\/webbutik\/#\/schema\/logo\/image\/","url":"https:\/\/www.heddata.se\/webbutik\/wp-content\/uploads\/logga\/heddata-ab-logga.png","contentUrl":"https:\/\/www.heddata.se\/webbutik\/wp-content\/uploads\/logga\/heddata-ab-logga.png","width":200,"height":64,"caption":"Heddata AB"},"image":{"@id":"https:\/\/www.heddata.se\/webbutik\/#\/schema\/logo\/image\/"}}]}},"_links":{"self":[{"href":"https:\/\/www.heddata.se\/webbutik\/wp-json\/wp\/v2\/product\/95434","targetHints":{"allow":["GET"]}}],"collection":[{"href":"https:\/\/www.heddata.se\/webbutik\/wp-json\/wp\/v2\/product"}],"about":[{"href":"https:\/\/www.heddata.se\/webbutik\/wp-json\/wp\/v2\/types\/product"}],"wp:featuredmedia":[{"embeddable":true,"href":"https:\/\/www.heddata.se\/webbutik\/wp-json\/wp\/v2\/media\/95435"}],"wp:attachment":[{"href":"https:\/\/www.heddata.se\/webbutik\/wp-json\/wp\/v2\/media?parent=95434"}],"wp:term":[{"taxonomy":"product_brand","embeddable":true,"href":"https:\/\/www.heddata.se\/webbutik\/wp-json\/wp\/v2\/product_brand?post=95434"},{"taxonomy":"product_cat","embeddable":true,"href":"https:\/\/www.heddata.se\/webbutik\/wp-json\/wp\/v2\/product_cat?post=95434"},{"taxonomy":"product_tag","embeddable":true,"href":"https:\/\/www.heddata.se\/webbutik\/wp-json\/wp\/v2\/product_tag?post=95434"}],"curies":[{"name":"wp","href":"https:\/\/api.w.org\/{rel}","templated":true}]}}