{"id":95387,"date":"2024-04-11T12:18:31","date_gmt":"2024-04-11T10:18:31","guid":{"rendered":"https:\/\/www.heddata.se\/webbutik\/?post_type=product&#038;p=95387"},"modified":"2026-05-04T14:12:07","modified_gmt":"2026-05-04T12:12:07","slug":"fullt-tradlosa-horlurar-bluetooth-maximal-batteritid-5-timmar-tryck-pa-kontroll-batteri-holje-inbygd-mikrofon-stod-for-roststyrning-brusreducering-svart-hpbt5060bk","status":"publish","type":"product","link":"https:\/\/www.heddata.se\/webbutik\/produkt\/fullt-tradlosa-horlurar-bluetooth-maximal-batteritid-5-timmar-tryck-pa-kontroll-batteri-holje-inbygd-mikrofon-stod-for-roststyrning-brusreducering-svart-hpbt5060bk\/","title":{"rendered":"Fullt Tr\u00e5dl\u00f6sa h\u00f6rlurar Bluetooth\u00ae | Maximal batteritid: 5 timmar | Tryck p\u00e5 Kontroll | Batteri h\u00f6lje | Inbygd mikrofon | St\u00f6d f\u00f6r r\u00f6ststyrning | Brusreducering | Svart &#8211; HPBT5060BK"},"content":{"rendered":"<h4>Fullt Tr\u00e5dl\u00f6sa h\u00f6rlurar Bluetooth\u00ae | Maximal batteritid: 5 timmar | Tryck p\u00e5 Kontroll | Batteri h\u00f6lje | Inbygd mikrofon | St\u00f6d f\u00f6r r\u00f6ststyrning | Brusreducering | Svart &#8211; HPBT5060BK<\/h4>\n<p>Njut av str\u00f6mmande musik och telefonsamtal med Nedis helt tr\u00e5dl\u00f6sa Bluetooth\u00ae ANC-h\u00f6rlurar med pekkontroll och upp till 17\u00a0dB brusreducering som minskar st\u00f6rande ljud vid behov. De levereras med ett laddningsfodral f\u00f6r enkel laddning utan sladdar via USB Type-C\u2122-kontakten. De helt tr\u00e5dl\u00f6sa h\u00f6rlurarna har en speltid p\u00e5 upp till 5 timmar, och laddningsfodralet ger dig 2.5 ytterligare fullst\u00e4ndiga uppladdningar. Det inbyggda, praktiska laddningsfodralets display visar laddningsstatus och batteriniv\u00e5 vid behov.<\/p>\n<p>Det \u00e4r en utm\u00e4rkt f\u00f6ljeslagare n\u00e4r du vill koppla av, \u00e4r ute och reser, eller beh\u00f6ver arbeta koncentrerat. De har \u00e4ven en inbyggd mikrofon f\u00f6r att ringa handsfree-samtal.<\/p>\n<p>De sm\u00e5 drivenheterna har en diameter p\u00e5 10 mm och ger utm\u00e4rkt ljudkvalitet. Den ergonomiska utformningen g\u00f6r att du l\u00e4tt kan ta ut dem om det beh\u00f6vs och g\u00f6r skiljer dig fr\u00e5n m\u00e4ngden. De \u00e4r kompatibla med Google Assistant och Siri, s\u00e5 du kan instruera dem att b\u00f6rja spela musik, fr\u00e5ga efter v\u00e4gbeskrivningar, beg\u00e4ra onlineinformation, och mycket mer. Det h\u00e4r g\u00f6r att h\u00f6rlurarna passar perfekt i ditt dagliga liv.<\/p>\n<p>Helt tr\u00e5dl\u00f6s design &#8211; inget kr\u00e5ngel med kabel<br \/>\nAktiv brusreducering (ANC) som minskar st\u00f6rande ljud med upp till 17 dB vid behov<br \/>\nMaximal speltid p\u00e5 upp till 5 timmar (upp till 4 timmar med ANC) f\u00f6r att spela musik eller ringa telefonsamtal<br \/>\nPekkontroll &#8211; styr h\u00f6rlurarna enkelt med fingertopparna<br \/>\nLaddningsfodral &#8211; med en display som visar laddningsstatus och batteriniv\u00e5 och ger ytterligare 2.5 fullst\u00e4ndiga uppladdningar av h\u00f6rlurarna<br \/>\nDirektanslutning och parkoppling &#8211; ansluter och parar ihop automatiskt efter den f\u00f6rsta parkopplingen<br \/>\nInbyggd mikrofon &#8211; f\u00f6r handsfree-samtal<br \/>\nBluetooth\u00ae 5.0-teknik &#8211; f\u00f6r stabil, st\u00f6rningsfri anslutning<br \/>\nKontrollknappar &#8211; f\u00f6r att sl\u00e5 p\u00e5\/av brusreducering, pausa\/spela upp musik, \u00f6ka\/minska volymen, svara\/avbryta\/ignorera samtal eller anv\u00e4nda r\u00f6ststyrning<br \/>\nLaddning via USB <a href=\"https:\/\/www.heddata.se\/webbutik\/telefontillbehor\/telefonladdare\/kablar\/usb-c-kablar\/\">Type-C\u2122<\/a> (adapter ing\u00e5r ej) &#8211; tar max 1.5 timmar<br \/>\nLevereras med \u00f6ronproppar i sats med 2x S\/M\/L &#8211; f\u00f6r att garantera perfekt passform f\u00f6r varje anv\u00e4ndare<\/p>\n<h3><a href=\"https:\/\/nedis.se\/sv-se\" target=\"_blank\" rel=\"noopener\">Produktspecifikationer<\/a><\/h3>\n<table class=\"table table-with-odd-background\">\n<tbody>\n<tr>\n<td class=\"col-4\">Bredd<\/td>\n<td class=\"col-8\">55 mm<\/td>\n<\/tr>\n<tr>\n<td class=\"col-4\">H\u00f6jd<\/td>\n<td class=\"col-8\">32 mm<\/td>\n<\/tr>\n<tr>\n<td class=\"col-4\">Djup<\/td>\n<td class=\"col-8\">55 mm<\/td>\n<\/tr>\n<tr>\n<td class=\"col-4\">Vikt<\/td>\n<td class=\"col-8\">52 g<\/td>\n<\/tr>\n<tr>\n<td class=\"col-4\">F\u00e4rg<\/td>\n<td class=\"col-8\">Svart<\/td>\n<\/tr>\n<tr>\n<td class=\"col-4\">Material<\/td>\n<td class=\"col-8\">ABS<\/td>\n<\/tr>\n<tr>\n<td class=\"col-4\">Inbygd mikrofon<\/td>\n<td class=\"col-8\">Ja<\/td>\n<\/tr>\n<tr>\n<td class=\"col-4\">Uppladdningsbara<\/td>\n<td class=\"col-8\">Ja<\/td>\n<\/tr>\n<tr>\n<td class=\"col-4\">Maximal s\u00e4ndningseffekt<\/td>\n<td class=\"col-8\">4 dBm<\/td>\n<\/tr>\n<tr>\n<td class=\"col-4\">Maximal antennf\u00f6rst\u00e4rkning<\/td>\n<td class=\"col-8\">0 dBi<\/td>\n<\/tr>\n<tr>\n<td class=\"col-4\">Impedans<\/td>\n<td class=\"col-8\">32 Ohm<\/td>\n<\/tr>\n<tr>\n<td class=\"col-4\">Bluetooth\u00ae signalstyrka<\/td>\n<td class=\"col-8\">10 m<\/td>\n<\/tr>\n<tr>\n<td class=\"col-4\">Frekvenstid<\/td>\n<td class=\"col-8\">20 Hz &#8211; 20 KHz<\/td>\n<\/tr>\n<tr>\n<td class=\"col-4\">H\u00f6rlurstyp<\/td>\n<td class=\"col-8\">In-Ear<\/td>\n<\/tr>\n<tr>\n<td class=\"col-4\">Batteri h\u00f6lje<\/td>\n<td class=\"col-8\">Ja<\/td>\n<\/tr>\n<tr>\n<td class=\"col-4\">Batteriets typ<\/td>\n<td class=\"col-8\">Inbyggd litiumpolymer<\/td>\n<\/tr>\n<tr>\n<td class=\"col-4\">H\u00f6rlurar batterityp<\/td>\n<td class=\"col-8\">Inbyggd litiumpolymer<\/td>\n<\/tr>\n<tr>\n<td class=\"col-4\">Typ av kontrollknapp<\/td>\n<td class=\"col-8\">Tryck p\u00e5 Kontroll<\/td>\n<\/tr>\n<tr>\n<td class=\"col-4\">Tr\u00e5dl\u00f6s teknologi som st\u00f6ds<\/td>\n<td class=\"col-8\">Bluetooth\u00ae<\/td>\n<\/tr>\n<tr>\n<td class=\"col-4\">\u00d6rspetsstorlekar ing\u00e5r<\/td>\n<td class=\"col-8\">2x S<br \/>\n2x M<br \/>\n2x L.<\/td>\n<\/tr>\n<tr>\n<td class=\"col-4\">Typ av str\u00f6mk\u00e4lla<\/td>\n<td class=\"col-8\">Batteridriven<\/td>\n<\/tr>\n<tr>\n<td class=\"col-4\">Bluetooth\u00ae profiler som st\u00f6ds<\/td>\n<td class=\"col-8\">A2DP<br \/>\nAVRCP<br \/>\nHFP<\/td>\n<\/tr>\n<tr>\n<td class=\"col-4\">Str\u00f6mbakel sida A<\/td>\n<td class=\"col-8\">USB<\/td>\n<\/tr>\n<tr>\n<td class=\"col-4\">Insp\u00e4nning<\/td>\n<td class=\"col-8\">5 V DC<\/td>\n<\/tr>\n<tr>\n<td class=\"col-4\">Volymkontroll<\/td>\n<td class=\"col-8\">Ja<\/td>\n<\/tr>\n<tr>\n<td class=\"col-4\">Bluetooth\u00ae verision<\/td>\n<td class=\"col-8\">5.0<\/td>\n<\/tr>\n<tr>\n<td class=\"col-4\">Bluetooth\u00ae kodeks som st\u00f6ds<\/td>\n<td class=\"col-8\">AAC<\/td>\n<\/tr>\n<tr>\n<td class=\"col-4\">St\u00f6d f\u00f6r r\u00f6ststyrning<\/td>\n<td class=\"col-8\">Google Assistant<br \/>\nSiri<\/td>\n<\/tr>\n<tr>\n<td class=\"col-4\">Batteriets kapacitet<\/td>\n<td class=\"col-8\">300 mAh<\/td>\n<\/tr>\n<tr>\n<td class=\"col-4\">Str\u00f6mkabel l\u00e4ngd<\/td>\n<td class=\"col-8\">0.30 m<\/td>\n<\/tr>\n<tr>\n<td class=\"col-4\">H\u00f6rlurarnas batterikapacitet<\/td>\n<td class=\"col-8\">45 mAh<\/td>\n<\/tr>\n<tr>\n<td class=\"col-4\">Enhetens str\u00f6minmatningsanslutning<\/td>\n<td class=\"col-8\">USB-C\u2122<\/td>\n<\/tr>\n<tr>\n<td class=\"col-4\">Str\u00f6mkabel sida B<\/td>\n<td class=\"col-8\">USB-C\u2122<\/td>\n<\/tr>\n<tr>\n<td class=\"col-4\">S\u00e4nd frekvensomr\u00e5det<\/td>\n<td class=\"col-8\">2402 &#8211; 2480 MHz<\/td>\n<\/tr>\n<tr>\n<td class=\"col-4\">N\u00e4tkontakt<\/td>\n<td class=\"col-8\">USB<\/td>\n<\/tr>\n<tr>\n<td class=\"col-4\">Ing\u00e5ngsstr\u00f6m<\/td>\n<td class=\"col-8\">0.5 A<\/td>\n<\/tr>\n<tr>\n<td class=\"col-4\">Driver Storlek<\/td>\n<td class=\"col-8\">10 mm<\/td>\n<\/tr>\n<tr>\n<td class=\"col-4\">Brusreducering<\/td>\n<td class=\"col-8\">Ja<\/td>\n<\/tr>\n<tr>\n<td class=\"col-4\">Antal varor i paketet<\/td>\n<td class=\"col-8\">1 st.<\/td>\n<\/tr>\n<tr>\n<td class=\"col-4\">Antal laddningar<\/td>\n<td class=\"col-8\">2.5<\/td>\n<\/tr>\n<tr>\n<td class=\"col-4\">Maximal batteritid<\/td>\n<td class=\"col-8\">5 timmar<\/td>\n<\/tr>\n<tr>\n<td class=\"col-4\">Maximal standby tid<\/td>\n<td class=\"col-8\">80 timmar<\/td>\n<\/tr>\n<tr>\n<td class=\"col-4\">Maximal batteriladdningstid<\/td>\n<td class=\"col-8\">1,5 timmar<\/td>\n<\/tr>\n<\/tbody>\n<\/table>\n","protected":false},"excerpt":{"rendered":"<p>Fullt Tr\u00e5dl\u00f6sa h\u00f6rlurar Bluetooth\u00ae | Maximal batteritid: 5 timmar | Tryck p\u00e5 Kontroll | Batteri h\u00f6lje | Inbygd mikrofon | St\u00f6d f\u00f6r r\u00f6ststyrning | Brusreducering | Svart &#8211; HPBT5060BK<\/p>\n","protected":false},"featured_media":95389,"template":"","meta":[],"product_brand":[],"product_cat":[128,119],"product_tag":[],"class_list":{"0":"post-95387","1":"product","2":"type-product","3":"status-publish","4":"has-post-thumbnail","6":"product_cat-headset-horlurar-med-bluetooth","7":"product_cat-horlurar-headset","9":"first","10":"instock","11":"taxable","12":"shipping-taxable","13":"purchasable","14":"product-type-simple"},"yoast_head":"<!-- This site is optimized with the Yoast SEO Premium plugin v26.7 (Yoast SEO v26.7) - https:\/\/yoast.com\/wordpress\/plugins\/seo\/ -->\n<title>Fullt Tr\u00e5dl\u00f6sa h\u00f6rlurar Bluetooth\u00ae | Maximal batteritid: 5 timmar<\/title>\n<meta name=\"description\" content=\"Fullt Tr\u00e5dl\u00f6sa h\u00f6rlurar Bluetooth\u00ae Maximal batteritid: 5 timmar | Tryck p\u00e5 Kontroll | Batteri h\u00f6lje | Inbygd mikrofon | St\u00f6d f\u00f6r r\u00f6ststyrning\" \/>\n<meta name=\"robots\" content=\"index, follow, max-snippet:-1, max-image-preview:large, max-video-preview:-1\" \/>\n<link rel=\"canonical\" href=\"https:\/\/www.heddata.se\/webbutik\/produkt\/fullt-tradlosa-horlurar-bluetooth-maximal-batteritid-5-timmar-tryck-pa-kontroll-batteri-holje-inbygd-mikrofon-stod-for-roststyrning-brusreducering-svart-hpbt5060bk\/\" \/>\n<meta property=\"og:locale\" content=\"sv_SE\" \/>\n<meta property=\"og:type\" content=\"article\" \/>\n<meta property=\"og:title\" content=\"Fullt Tr\u00e5dl\u00f6sa h\u00f6rlurar Bluetooth\u00ae | Maximal batteritid: 5 timmar | Tryck p\u00e5 Kontroll | Batteri h\u00f6lje | Inbygd mikrofon | St\u00f6d f\u00f6r r\u00f6ststyrning | Brusreducering | Svart - HPBT5060BK\" \/>\n<meta property=\"og:description\" content=\"Fullt Tr\u00e5dl\u00f6sa h\u00f6rlurar Bluetooth\u00ae Maximal batteritid: 5 timmar | Tryck p\u00e5 Kontroll | Batteri h\u00f6lje | Inbygd mikrofon | St\u00f6d f\u00f6r r\u00f6ststyrning\" \/>\n<meta property=\"og:url\" content=\"https:\/\/www.heddata.se\/webbutik\/produkt\/fullt-tradlosa-horlurar-bluetooth-maximal-batteritid-5-timmar-tryck-pa-kontroll-batteri-holje-inbygd-mikrofon-stod-for-roststyrning-brusreducering-svart-hpbt5060bk\/\" \/>\n<meta property=\"og:site_name\" content=\"Datorer, Skrivare, F\u00e4rgpatroner, Mobiltelefoner\" \/>\n<meta property=\"article:modified_time\" content=\"2026-05-04T12:12:07+00:00\" \/>\n<meta property=\"og:image\" content=\"https:\/\/www.heddata.se\/webbutik\/wp-content\/uploads\/hpbt5060bk.jpeg\" \/>\n\t<meta property=\"og:image:width\" content=\"1200\" \/>\n\t<meta property=\"og:image:height\" content=\"1200\" \/>\n\t<meta property=\"og:image:type\" content=\"image\/jpeg\" \/>\n<meta name=\"twitter:card\" content=\"summary_large_image\" \/>\n<meta name=\"twitter:label1\" content=\"Ber\u00e4knad l\u00e4stid\" \/>\n\t<meta name=\"twitter:data1\" content=\"3 minuter\" \/>\n<script type=\"application\/ld+json\" class=\"yoast-schema-graph\">{\"@context\":\"https:\/\/schema.org\",\"@graph\":[{\"@type\":\"WebPage\",\"@id\":\"https:\/\/www.heddata.se\/webbutik\/produkt\/fullt-tradlosa-horlurar-bluetooth-maximal-batteritid-5-timmar-tryck-pa-kontroll-batteri-holje-inbygd-mikrofon-stod-for-roststyrning-brusreducering-svart-hpbt5060bk\/\",\"url\":\"https:\/\/www.heddata.se\/webbutik\/produkt\/fullt-tradlosa-horlurar-bluetooth-maximal-batteritid-5-timmar-tryck-pa-kontroll-batteri-holje-inbygd-mikrofon-stod-for-roststyrning-brusreducering-svart-hpbt5060bk\/\",\"name\":\"Fullt Tr\u00e5dl\u00f6sa h\u00f6rlurar Bluetooth\u00ae | Maximal batteritid: 5 timmar\",\"isPartOf\":{\"@id\":\"https:\/\/www.heddata.se\/webbutik\/#website\"},\"primaryImageOfPage\":{\"@id\":\"https:\/\/www.heddata.se\/webbutik\/produkt\/fullt-tradlosa-horlurar-bluetooth-maximal-batteritid-5-timmar-tryck-pa-kontroll-batteri-holje-inbygd-mikrofon-stod-for-roststyrning-brusreducering-svart-hpbt5060bk\/#primaryimage\"},\"image\":{\"@id\":\"https:\/\/www.heddata.se\/webbutik\/produkt\/fullt-tradlosa-horlurar-bluetooth-maximal-batteritid-5-timmar-tryck-pa-kontroll-batteri-holje-inbygd-mikrofon-stod-for-roststyrning-brusreducering-svart-hpbt5060bk\/#primaryimage\"},\"thumbnailUrl\":\"https:\/\/www.heddata.se\/webbutik\/wp-content\/uploads\/hpbt5060bk.jpeg\",\"datePublished\":\"2024-04-11T10:18:31+00:00\",\"dateModified\":\"2026-05-04T12:12:07+00:00\",\"description\":\"Fullt Tr\u00e5dl\u00f6sa h\u00f6rlurar Bluetooth\u00ae Maximal batteritid: 5 timmar | Tryck p\u00e5 Kontroll | Batteri h\u00f6lje | Inbygd mikrofon | St\u00f6d f\u00f6r r\u00f6ststyrning\",\"breadcrumb\":{\"@id\":\"https:\/\/www.heddata.se\/webbutik\/produkt\/fullt-tradlosa-horlurar-bluetooth-maximal-batteritid-5-timmar-tryck-pa-kontroll-batteri-holje-inbygd-mikrofon-stod-for-roststyrning-brusreducering-svart-hpbt5060bk\/#breadcrumb\"},\"inLanguage\":\"sv-SE\",\"potentialAction\":[{\"@type\":\"ReadAction\",\"target\":[\"https:\/\/www.heddata.se\/webbutik\/produkt\/fullt-tradlosa-horlurar-bluetooth-maximal-batteritid-5-timmar-tryck-pa-kontroll-batteri-holje-inbygd-mikrofon-stod-for-roststyrning-brusreducering-svart-hpbt5060bk\/\"]}]},{\"@type\":\"ImageObject\",\"inLanguage\":\"sv-SE\",\"@id\":\"https:\/\/www.heddata.se\/webbutik\/produkt\/fullt-tradlosa-horlurar-bluetooth-maximal-batteritid-5-timmar-tryck-pa-kontroll-batteri-holje-inbygd-mikrofon-stod-for-roststyrning-brusreducering-svart-hpbt5060bk\/#primaryimage\",\"url\":\"https:\/\/www.heddata.se\/webbutik\/wp-content\/uploads\/hpbt5060bk.jpeg\",\"contentUrl\":\"https:\/\/www.heddata.se\/webbutik\/wp-content\/uploads\/hpbt5060bk.jpeg\",\"width\":1200,\"height\":1200,\"caption\":\"Fullt Tr\u00e5dl\u00f6sa h\u00f6rlurar Bluetooth\u00ae\"},{\"@type\":\"BreadcrumbList\",\"@id\":\"https:\/\/www.heddata.se\/webbutik\/produkt\/fullt-tradlosa-horlurar-bluetooth-maximal-batteritid-5-timmar-tryck-pa-kontroll-batteri-holje-inbygd-mikrofon-stod-for-roststyrning-brusreducering-svart-hpbt5060bk\/#breadcrumb\",\"itemListElement\":[{\"@type\":\"ListItem\",\"position\":1,\"name\":\"Hem\",\"item\":\"https:\/\/www.heddata.se\/webbutik\/\"},{\"@type\":\"ListItem\",\"position\":2,\"name\":\"Produkter\",\"item\":\"https:\/\/www.heddata.se\/webbutik\/shop\/\"},{\"@type\":\"ListItem\",\"position\":3,\"name\":\"Fullt Tr\u00e5dl\u00f6sa h\u00f6rlurar Bluetooth\u00ae | Maximal batteritid: 5 timmar | Tryck p\u00e5 Kontroll | Batteri h\u00f6lje | Inbygd mikrofon | St\u00f6d f\u00f6r r\u00f6ststyrning | Brusreducering | Svart &#8211; HPBT5060BK\"}]},{\"@type\":\"WebSite\",\"@id\":\"https:\/\/www.heddata.se\/webbutik\/#website\",\"url\":\"https:\/\/www.heddata.se\/webbutik\/\",\"name\":\"Datorer, Skrivare, F\u00e4rgpatroner, Mobiltelefoner\",\"description\":\"Kablar\",\"publisher\":{\"@id\":\"https:\/\/www.heddata.se\/webbutik\/#organization\"},\"potentialAction\":[{\"@type\":\"SearchAction\",\"target\":{\"@type\":\"EntryPoint\",\"urlTemplate\":\"https:\/\/www.heddata.se\/webbutik\/?s={search_term_string}\"},\"query-input\":{\"@type\":\"PropertyValueSpecification\",\"valueRequired\":true,\"valueName\":\"search_term_string\"}}],\"inLanguage\":\"sv-SE\"},{\"@type\":\"Organization\",\"@id\":\"https:\/\/www.heddata.se\/webbutik\/#organization\",\"name\":\"Heddata AB\",\"url\":\"https:\/\/www.heddata.se\/webbutik\/\",\"logo\":{\"@type\":\"ImageObject\",\"inLanguage\":\"sv-SE\",\"@id\":\"https:\/\/www.heddata.se\/webbutik\/#\/schema\/logo\/image\/\",\"url\":\"https:\/\/www.heddata.se\/webbutik\/wp-content\/uploads\/logga\/heddata-ab-logga.png\",\"contentUrl\":\"https:\/\/www.heddata.se\/webbutik\/wp-content\/uploads\/logga\/heddata-ab-logga.png\",\"width\":200,\"height\":64,\"caption\":\"Heddata AB\"},\"image\":{\"@id\":\"https:\/\/www.heddata.se\/webbutik\/#\/schema\/logo\/image\/\"}}]}<\/script>\n<!-- \/ Yoast SEO Premium plugin. -->","yoast_head_json":{"title":"Fullt Tr\u00e5dl\u00f6sa h\u00f6rlurar Bluetooth\u00ae | Maximal batteritid: 5 timmar","description":"Fullt Tr\u00e5dl\u00f6sa h\u00f6rlurar Bluetooth\u00ae Maximal batteritid: 5 timmar | Tryck p\u00e5 Kontroll | Batteri h\u00f6lje | Inbygd mikrofon | St\u00f6d f\u00f6r r\u00f6ststyrning","robots":{"index":"index","follow":"follow","max-snippet":"max-snippet:-1","max-image-preview":"max-image-preview:large","max-video-preview":"max-video-preview:-1"},"canonical":"https:\/\/www.heddata.se\/webbutik\/produkt\/fullt-tradlosa-horlurar-bluetooth-maximal-batteritid-5-timmar-tryck-pa-kontroll-batteri-holje-inbygd-mikrofon-stod-for-roststyrning-brusreducering-svart-hpbt5060bk\/","og_locale":"sv_SE","og_type":"article","og_title":"Fullt Tr\u00e5dl\u00f6sa h\u00f6rlurar Bluetooth\u00ae | Maximal batteritid: 5 timmar | Tryck p\u00e5 Kontroll | Batteri h\u00f6lje | Inbygd mikrofon | St\u00f6d f\u00f6r r\u00f6ststyrning | Brusreducering | Svart - HPBT5060BK","og_description":"Fullt Tr\u00e5dl\u00f6sa h\u00f6rlurar Bluetooth\u00ae Maximal batteritid: 5 timmar | Tryck p\u00e5 Kontroll | Batteri h\u00f6lje | Inbygd mikrofon | St\u00f6d f\u00f6r r\u00f6ststyrning","og_url":"https:\/\/www.heddata.se\/webbutik\/produkt\/fullt-tradlosa-horlurar-bluetooth-maximal-batteritid-5-timmar-tryck-pa-kontroll-batteri-holje-inbygd-mikrofon-stod-for-roststyrning-brusreducering-svart-hpbt5060bk\/","og_site_name":"Datorer, Skrivare, F\u00e4rgpatroner, Mobiltelefoner","article_modified_time":"2026-05-04T12:12:07+00:00","og_image":[{"width":1200,"height":1200,"url":"https:\/\/www.heddata.se\/webbutik\/wp-content\/uploads\/hpbt5060bk.jpeg","type":"image\/jpeg"}],"twitter_card":"summary_large_image","twitter_misc":{"Ber\u00e4knad l\u00e4stid":"3 minuter"},"schema":{"@context":"https:\/\/schema.org","@graph":[{"@type":"WebPage","@id":"https:\/\/www.heddata.se\/webbutik\/produkt\/fullt-tradlosa-horlurar-bluetooth-maximal-batteritid-5-timmar-tryck-pa-kontroll-batteri-holje-inbygd-mikrofon-stod-for-roststyrning-brusreducering-svart-hpbt5060bk\/","url":"https:\/\/www.heddata.se\/webbutik\/produkt\/fullt-tradlosa-horlurar-bluetooth-maximal-batteritid-5-timmar-tryck-pa-kontroll-batteri-holje-inbygd-mikrofon-stod-for-roststyrning-brusreducering-svart-hpbt5060bk\/","name":"Fullt Tr\u00e5dl\u00f6sa h\u00f6rlurar Bluetooth\u00ae | Maximal batteritid: 5 timmar","isPartOf":{"@id":"https:\/\/www.heddata.se\/webbutik\/#website"},"primaryImageOfPage":{"@id":"https:\/\/www.heddata.se\/webbutik\/produkt\/fullt-tradlosa-horlurar-bluetooth-maximal-batteritid-5-timmar-tryck-pa-kontroll-batteri-holje-inbygd-mikrofon-stod-for-roststyrning-brusreducering-svart-hpbt5060bk\/#primaryimage"},"image":{"@id":"https:\/\/www.heddata.se\/webbutik\/produkt\/fullt-tradlosa-horlurar-bluetooth-maximal-batteritid-5-timmar-tryck-pa-kontroll-batteri-holje-inbygd-mikrofon-stod-for-roststyrning-brusreducering-svart-hpbt5060bk\/#primaryimage"},"thumbnailUrl":"https:\/\/www.heddata.se\/webbutik\/wp-content\/uploads\/hpbt5060bk.jpeg","datePublished":"2024-04-11T10:18:31+00:00","dateModified":"2026-05-04T12:12:07+00:00","description":"Fullt Tr\u00e5dl\u00f6sa h\u00f6rlurar Bluetooth\u00ae Maximal batteritid: 5 timmar | Tryck p\u00e5 Kontroll | Batteri h\u00f6lje | Inbygd mikrofon | St\u00f6d f\u00f6r r\u00f6ststyrning","breadcrumb":{"@id":"https:\/\/www.heddata.se\/webbutik\/produkt\/fullt-tradlosa-horlurar-bluetooth-maximal-batteritid-5-timmar-tryck-pa-kontroll-batteri-holje-inbygd-mikrofon-stod-for-roststyrning-brusreducering-svart-hpbt5060bk\/#breadcrumb"},"inLanguage":"sv-SE","potentialAction":[{"@type":"ReadAction","target":["https:\/\/www.heddata.se\/webbutik\/produkt\/fullt-tradlosa-horlurar-bluetooth-maximal-batteritid-5-timmar-tryck-pa-kontroll-batteri-holje-inbygd-mikrofon-stod-for-roststyrning-brusreducering-svart-hpbt5060bk\/"]}]},{"@type":"ImageObject","inLanguage":"sv-SE","@id":"https:\/\/www.heddata.se\/webbutik\/produkt\/fullt-tradlosa-horlurar-bluetooth-maximal-batteritid-5-timmar-tryck-pa-kontroll-batteri-holje-inbygd-mikrofon-stod-for-roststyrning-brusreducering-svart-hpbt5060bk\/#primaryimage","url":"https:\/\/www.heddata.se\/webbutik\/wp-content\/uploads\/hpbt5060bk.jpeg","contentUrl":"https:\/\/www.heddata.se\/webbutik\/wp-content\/uploads\/hpbt5060bk.jpeg","width":1200,"height":1200,"caption":"Fullt Tr\u00e5dl\u00f6sa h\u00f6rlurar Bluetooth\u00ae"},{"@type":"BreadcrumbList","@id":"https:\/\/www.heddata.se\/webbutik\/produkt\/fullt-tradlosa-horlurar-bluetooth-maximal-batteritid-5-timmar-tryck-pa-kontroll-batteri-holje-inbygd-mikrofon-stod-for-roststyrning-brusreducering-svart-hpbt5060bk\/#breadcrumb","itemListElement":[{"@type":"ListItem","position":1,"name":"Hem","item":"https:\/\/www.heddata.se\/webbutik\/"},{"@type":"ListItem","position":2,"name":"Produkter","item":"https:\/\/www.heddata.se\/webbutik\/shop\/"},{"@type":"ListItem","position":3,"name":"Fullt Tr\u00e5dl\u00f6sa h\u00f6rlurar Bluetooth\u00ae | Maximal batteritid: 5 timmar | Tryck p\u00e5 Kontroll | Batteri h\u00f6lje | Inbygd mikrofon | St\u00f6d f\u00f6r r\u00f6ststyrning | Brusreducering | Svart &#8211; HPBT5060BK"}]},{"@type":"WebSite","@id":"https:\/\/www.heddata.se\/webbutik\/#website","url":"https:\/\/www.heddata.se\/webbutik\/","name":"Datorer, Skrivare, F\u00e4rgpatroner, Mobiltelefoner","description":"Kablar","publisher":{"@id":"https:\/\/www.heddata.se\/webbutik\/#organization"},"potentialAction":[{"@type":"SearchAction","target":{"@type":"EntryPoint","urlTemplate":"https:\/\/www.heddata.se\/webbutik\/?s={search_term_string}"},"query-input":{"@type":"PropertyValueSpecification","valueRequired":true,"valueName":"search_term_string"}}],"inLanguage":"sv-SE"},{"@type":"Organization","@id":"https:\/\/www.heddata.se\/webbutik\/#organization","name":"Heddata AB","url":"https:\/\/www.heddata.se\/webbutik\/","logo":{"@type":"ImageObject","inLanguage":"sv-SE","@id":"https:\/\/www.heddata.se\/webbutik\/#\/schema\/logo\/image\/","url":"https:\/\/www.heddata.se\/webbutik\/wp-content\/uploads\/logga\/heddata-ab-logga.png","contentUrl":"https:\/\/www.heddata.se\/webbutik\/wp-content\/uploads\/logga\/heddata-ab-logga.png","width":200,"height":64,"caption":"Heddata AB"},"image":{"@id":"https:\/\/www.heddata.se\/webbutik\/#\/schema\/logo\/image\/"}}]}},"_links":{"self":[{"href":"https:\/\/www.heddata.se\/webbutik\/wp-json\/wp\/v2\/product\/95387","targetHints":{"allow":["GET"]}}],"collection":[{"href":"https:\/\/www.heddata.se\/webbutik\/wp-json\/wp\/v2\/product"}],"about":[{"href":"https:\/\/www.heddata.se\/webbutik\/wp-json\/wp\/v2\/types\/product"}],"wp:featuredmedia":[{"embeddable":true,"href":"https:\/\/www.heddata.se\/webbutik\/wp-json\/wp\/v2\/media\/95389"}],"wp:attachment":[{"href":"https:\/\/www.heddata.se\/webbutik\/wp-json\/wp\/v2\/media?parent=95387"}],"wp:term":[{"taxonomy":"product_brand","embeddable":true,"href":"https:\/\/www.heddata.se\/webbutik\/wp-json\/wp\/v2\/product_brand?post=95387"},{"taxonomy":"product_cat","embeddable":true,"href":"https:\/\/www.heddata.se\/webbutik\/wp-json\/wp\/v2\/product_cat?post=95387"},{"taxonomy":"product_tag","embeddable":true,"href":"https:\/\/www.heddata.se\/webbutik\/wp-json\/wp\/v2\/product_tag?post=95387"}],"curies":[{"name":"wp","href":"https:\/\/api.w.org\/{rel}","templated":true}]}}