{"id":95386,"date":"2024-04-11T12:18:20","date_gmt":"2024-04-11T10:18:20","guid":{"rendered":"https:\/\/www.heddata.se\/webbutik\/?post_type=product&#038;p=95386"},"modified":"2026-05-01T18:09:41","modified_gmt":"2026-05-01T16:09:41","slug":"usb-kabel-forlangningskabel-usb-2-0-usb-a-hane-usb-a-hona-480-mbps-guldplaterad-3-00-m-ccbw60010at30","status":"publish","type":"product","link":"https:\/\/www.heddata.se\/webbutik\/produkt\/usb-kabel-forlangningskabel-usb-2-0-usb-a-hane-usb-a-hona-480-mbps-guldplaterad-3-00-m-ccbw60010at30\/","title":{"rendered":"USB-kabel f\u00f6rl\u00e4ngningskabel USB 2.0 | USB-A Hane | USB-A Hona | 480 Mbps | Guldplaterad | 3.00 m &#8211; CCBW60010AT30"},"content":{"rendered":"<p>USB-kabel f\u00f6rl\u00e4ngningskabel USB 2.0 | USB-A Hane | USB-A Hona | 480 Mbps | Guldplaterad | 3.00 m &#8211; CCBW60010AT30<\/p>\n<p>Kabel som f\u00f6rl\u00e4nger anslutningen mellan 2 USB-A-enheter f\u00f6r att n\u00e5 l\u00e4ngre avst\u00e5nd.<\/p>\n<p>24 karat guldpl\u00e4terade kontakter f\u00f6r tillf\u00f6rlitlig <a href=\"https:\/\/www.heddata.se\/webbutik\/datorer\/\">data\u00f6verf\u00f6ring<\/a><br \/>\nUSB 2.0-teknik f\u00f6r snabb data\u00f6verf\u00f6ring upp till 480 Mbit\/s<br \/>\nSolida kopparledare f\u00f6r felfritt signalfl\u00f6de<br \/>\nT\u00e5liga gjutna kontakter speciellt utformade f\u00f6r intensiv anv\u00e4ndning<\/p>\n<h3><a href=\"https:\/\/nedis.se\/sv-se\" target=\"_blank\" rel=\"noopener\">Produktspecifikationer<\/a><\/h3>\n<table class=\"table table-with-odd-background\">\n<tbody>\n<tr>\n<td class=\"col-4\">F\u00e4rg<\/td>\n<td class=\"col-8\">Antracit<\/td>\n<\/tr>\n<tr>\n<td class=\"col-4\">Anslutningsdesign \u2013 sida B<\/td>\n<td class=\"col-8\">Rak<\/td>\n<\/tr>\n<tr>\n<td class=\"col-4\">Anslutningsdesign \u2013 sida A<\/td>\n<td class=\"col-8\">Rak<\/td>\n<\/tr>\n<tr>\n<td class=\"col-4\">Kabelns utformning<\/td>\n<td class=\"col-8\">Rund<\/td>\n<\/tr>\n<tr>\n<td class=\"col-4\">Kontaktspl\u00e4tering<\/td>\n<td class=\"col-8\">Guldplaterad<\/td>\n<\/tr>\n<tr>\n<td class=\"col-4\">Kontaktmaterial<\/td>\n<td class=\"col-8\">PVC<\/td>\n<\/tr>\n<tr>\n<td class=\"col-4\">Kabelmantelns material<\/td>\n<td class=\"col-8\">PVC<\/td>\n<\/tr>\n<tr>\n<td class=\"col-4\">Kabell\u00e4ngd<\/td>\n<td class=\"col-8\">3.00 m<\/td>\n<\/tr>\n<tr>\n<td class=\"col-4\">Kabelmantelstorlek<\/td>\n<td class=\"col-8\">4.5 mm<\/td>\n<\/tr>\n<tr>\n<td class=\"col-4\">Material<\/td>\n<td class=\"col-8\">PVC<\/td>\n<\/tr>\n<tr>\n<td class=\"col-4\">Ledarmaterial<\/td>\n<td class=\"col-8\">F\u00f6rtent Koppar<\/td>\n<\/tr>\n<tr>\n<td class=\"col-4\">USB teknik<\/td>\n<td class=\"col-8\">USB 2.0<\/td>\n<\/tr>\n<tr>\n<td class=\"col-4\">Kontakt A<\/td>\n<td class=\"col-8\">USB-A Hane<\/td>\n<\/tr>\n<tr>\n<td class=\"col-4\">Kabeltyp<\/td>\n<td class=\"col-8\">USB<\/td>\n<\/tr>\n<tr>\n<td class=\"col-4\">Kontakt B<\/td>\n<td class=\"col-8\">USB-A Hona<\/td>\n<\/tr>\n<tr>\n<td class=\"col-4\">Ledardiameter<\/td>\n<td class=\"col-8\">7 x 0.127 mm<\/td>\n<\/tr>\n<tr>\n<td class=\"col-4\">AWG-v\u00e4rde<\/td>\n<td class=\"col-8\">28\/26<\/td>\n<\/tr>\n<tr>\n<td class=\"col-4\">F\u00f6rpackningstyp<\/td>\n<td class=\"col-8\">L\u00e5da<\/td>\n<\/tr>\n<tr>\n<td class=\"col-4\">Antal varor i paketet<\/td>\n<td class=\"col-8\">1 st.<\/td>\n<\/tr>\n<tr>\n<td class=\"col-4\">Maximal \u00f6verf\u00f6ringshastighet<\/td>\n<td class=\"col-8\">480 Mbps<\/td>\n<\/tr>\n<\/tbody>\n<\/table>\n","protected":false},"excerpt":{"rendered":"<p>USB-kabel f\u00f6rl\u00e4ngningskabel USB 2.0 | USB-A Hane | USB-A Hona | 480 Mbps | Guldplaterad | 3.00 m &#8211; CCBW60010AT30<\/p>\n","protected":false},"featured_media":95388,"template":"","meta":[],"product_brand":[],"product_cat":[59,72],"product_tag":[],"class_list":{"0":"post-95386","1":"product","2":"type-product","3":"status-publish","4":"has-post-thumbnail","6":"product_cat-kablar","7":"product_cat-usb-kablar","9":"first","10":"instock","11":"taxable","12":"shipping-taxable","13":"purchasable","14":"product-type-simple"},"yoast_head":"<!-- This site is optimized with the Yoast SEO Premium plugin v26.7 (Yoast SEO v26.7) - https:\/\/yoast.com\/wordpress\/plugins\/seo\/ -->\n<title>USB-kabel f\u00f6rl\u00e4ngningskabel USB 2.0 | USB-A Hane | USB-A Hona<\/title>\n<meta name=\"description\" content=\"USB-kabel f\u00f6rl\u00e4ngningskabel USB 2.0 | USB-A Hane | USB-A Hona | 480 Mbps | Guldplaterad | 3.00 m - CCBW60010AT30\" \/>\n<meta name=\"robots\" content=\"index, follow, max-snippet:-1, max-image-preview:large, max-video-preview:-1\" \/>\n<link rel=\"canonical\" href=\"https:\/\/www.heddata.se\/webbutik\/produkt\/usb-kabel-forlangningskabel-usb-2-0-usb-a-hane-usb-a-hona-480-mbps-guldplaterad-3-00-m-ccbw60010at30\/\" \/>\n<meta property=\"og:locale\" content=\"sv_SE\" \/>\n<meta property=\"og:type\" content=\"article\" \/>\n<meta property=\"og:title\" content=\"USB-kabel f\u00f6rl\u00e4ngningskabel USB 2.0 | USB-A Hane | USB-A Hona | 480 Mbps | Guldplaterad | 3.00 m - CCBW60010AT30\" \/>\n<meta property=\"og:description\" content=\"USB-kabel f\u00f6rl\u00e4ngningskabel USB 2.0 | USB-A Hane | USB-A Hona | 480 Mbps | Guldplaterad | 3.00 m - CCBW60010AT30\" \/>\n<meta property=\"og:url\" content=\"https:\/\/www.heddata.se\/webbutik\/produkt\/usb-kabel-forlangningskabel-usb-2-0-usb-a-hane-usb-a-hona-480-mbps-guldplaterad-3-00-m-ccbw60010at30\/\" \/>\n<meta property=\"og:site_name\" content=\"Datorer, Skrivare, F\u00e4rgpatroner, Mobiltelefoner\" \/>\n<meta property=\"article:modified_time\" content=\"2026-05-01T16:09:41+00:00\" \/>\n<meta property=\"og:image\" content=\"https:\/\/www.heddata.se\/webbutik\/wp-content\/uploads\/ccbw60010at30.jpeg\" \/>\n\t<meta property=\"og:image:width\" content=\"1200\" \/>\n\t<meta property=\"og:image:height\" content=\"1200\" \/>\n\t<meta property=\"og:image:type\" content=\"image\/jpeg\" \/>\n<meta name=\"twitter:card\" content=\"summary_large_image\" \/>\n<meta name=\"twitter:label1\" content=\"Ber\u00e4knad l\u00e4stid\" \/>\n\t<meta name=\"twitter:data1\" content=\"1 minut\" \/>\n<script type=\"application\/ld+json\" class=\"yoast-schema-graph\">{\"@context\":\"https:\/\/schema.org\",\"@graph\":[{\"@type\":\"WebPage\",\"@id\":\"https:\/\/www.heddata.se\/webbutik\/produkt\/usb-kabel-forlangningskabel-usb-2-0-usb-a-hane-usb-a-hona-480-mbps-guldplaterad-3-00-m-ccbw60010at30\/\",\"url\":\"https:\/\/www.heddata.se\/webbutik\/produkt\/usb-kabel-forlangningskabel-usb-2-0-usb-a-hane-usb-a-hona-480-mbps-guldplaterad-3-00-m-ccbw60010at30\/\",\"name\":\"USB-kabel f\u00f6rl\u00e4ngningskabel USB 2.0 | USB-A Hane | USB-A Hona\",\"isPartOf\":{\"@id\":\"https:\/\/www.heddata.se\/webbutik\/#website\"},\"primaryImageOfPage\":{\"@id\":\"https:\/\/www.heddata.se\/webbutik\/produkt\/usb-kabel-forlangningskabel-usb-2-0-usb-a-hane-usb-a-hona-480-mbps-guldplaterad-3-00-m-ccbw60010at30\/#primaryimage\"},\"image\":{\"@id\":\"https:\/\/www.heddata.se\/webbutik\/produkt\/usb-kabel-forlangningskabel-usb-2-0-usb-a-hane-usb-a-hona-480-mbps-guldplaterad-3-00-m-ccbw60010at30\/#primaryimage\"},\"thumbnailUrl\":\"https:\/\/www.heddata.se\/webbutik\/wp-content\/uploads\/ccbw60010at30.jpeg\",\"datePublished\":\"2024-04-11T10:18:20+00:00\",\"dateModified\":\"2026-05-01T16:09:41+00:00\",\"description\":\"USB-kabel f\u00f6rl\u00e4ngningskabel USB 2.0 | USB-A Hane | USB-A Hona | 480 Mbps | Guldplaterad | 3.00 m - CCBW60010AT30\",\"breadcrumb\":{\"@id\":\"https:\/\/www.heddata.se\/webbutik\/produkt\/usb-kabel-forlangningskabel-usb-2-0-usb-a-hane-usb-a-hona-480-mbps-guldplaterad-3-00-m-ccbw60010at30\/#breadcrumb\"},\"inLanguage\":\"sv-SE\",\"potentialAction\":[{\"@type\":\"ReadAction\",\"target\":[\"https:\/\/www.heddata.se\/webbutik\/produkt\/usb-kabel-forlangningskabel-usb-2-0-usb-a-hane-usb-a-hona-480-mbps-guldplaterad-3-00-m-ccbw60010at30\/\"]}]},{\"@type\":\"ImageObject\",\"inLanguage\":\"sv-SE\",\"@id\":\"https:\/\/www.heddata.se\/webbutik\/produkt\/usb-kabel-forlangningskabel-usb-2-0-usb-a-hane-usb-a-hona-480-mbps-guldplaterad-3-00-m-ccbw60010at30\/#primaryimage\",\"url\":\"https:\/\/www.heddata.se\/webbutik\/wp-content\/uploads\/ccbw60010at30.jpeg\",\"contentUrl\":\"https:\/\/www.heddata.se\/webbutik\/wp-content\/uploads\/ccbw60010at30.jpeg\",\"width\":1200,\"height\":1200,\"caption\":\"USB-kabel f\u00f6rl\u00e4ngningskabel\"},{\"@type\":\"BreadcrumbList\",\"@id\":\"https:\/\/www.heddata.se\/webbutik\/produkt\/usb-kabel-forlangningskabel-usb-2-0-usb-a-hane-usb-a-hona-480-mbps-guldplaterad-3-00-m-ccbw60010at30\/#breadcrumb\",\"itemListElement\":[{\"@type\":\"ListItem\",\"position\":1,\"name\":\"Hem\",\"item\":\"https:\/\/www.heddata.se\/webbutik\/\"},{\"@type\":\"ListItem\",\"position\":2,\"name\":\"Produkter\",\"item\":\"https:\/\/www.heddata.se\/webbutik\/shop\/\"},{\"@type\":\"ListItem\",\"position\":3,\"name\":\"USB-kabel f\u00f6rl\u00e4ngningskabel USB 2.0 | USB-A Hane | USB-A Hona | 480 Mbps | Guldplaterad | 3.00 m &#8211; CCBW60010AT30\"}]},{\"@type\":\"WebSite\",\"@id\":\"https:\/\/www.heddata.se\/webbutik\/#website\",\"url\":\"https:\/\/www.heddata.se\/webbutik\/\",\"name\":\"Datorer, Skrivare, F\u00e4rgpatroner, Mobiltelefoner\",\"description\":\"Kablar\",\"publisher\":{\"@id\":\"https:\/\/www.heddata.se\/webbutik\/#organization\"},\"potentialAction\":[{\"@type\":\"SearchAction\",\"target\":{\"@type\":\"EntryPoint\",\"urlTemplate\":\"https:\/\/www.heddata.se\/webbutik\/?s={search_term_string}\"},\"query-input\":{\"@type\":\"PropertyValueSpecification\",\"valueRequired\":true,\"valueName\":\"search_term_string\"}}],\"inLanguage\":\"sv-SE\"},{\"@type\":\"Organization\",\"@id\":\"https:\/\/www.heddata.se\/webbutik\/#organization\",\"name\":\"Heddata AB\",\"url\":\"https:\/\/www.heddata.se\/webbutik\/\",\"logo\":{\"@type\":\"ImageObject\",\"inLanguage\":\"sv-SE\",\"@id\":\"https:\/\/www.heddata.se\/webbutik\/#\/schema\/logo\/image\/\",\"url\":\"https:\/\/www.heddata.se\/webbutik\/wp-content\/uploads\/logga\/heddata-ab-logga.png\",\"contentUrl\":\"https:\/\/www.heddata.se\/webbutik\/wp-content\/uploads\/logga\/heddata-ab-logga.png\",\"width\":200,\"height\":64,\"caption\":\"Heddata AB\"},\"image\":{\"@id\":\"https:\/\/www.heddata.se\/webbutik\/#\/schema\/logo\/image\/\"}}]}<\/script>\n<!-- \/ Yoast SEO Premium plugin. -->","yoast_head_json":{"title":"USB-kabel f\u00f6rl\u00e4ngningskabel USB 2.0 | USB-A Hane | USB-A Hona","description":"USB-kabel f\u00f6rl\u00e4ngningskabel USB 2.0 | USB-A Hane | USB-A Hona | 480 Mbps | Guldplaterad | 3.00 m - CCBW60010AT30","robots":{"index":"index","follow":"follow","max-snippet":"max-snippet:-1","max-image-preview":"max-image-preview:large","max-video-preview":"max-video-preview:-1"},"canonical":"https:\/\/www.heddata.se\/webbutik\/produkt\/usb-kabel-forlangningskabel-usb-2-0-usb-a-hane-usb-a-hona-480-mbps-guldplaterad-3-00-m-ccbw60010at30\/","og_locale":"sv_SE","og_type":"article","og_title":"USB-kabel f\u00f6rl\u00e4ngningskabel USB 2.0 | USB-A Hane | USB-A Hona | 480 Mbps | Guldplaterad | 3.00 m - CCBW60010AT30","og_description":"USB-kabel f\u00f6rl\u00e4ngningskabel USB 2.0 | USB-A Hane | USB-A Hona | 480 Mbps | Guldplaterad | 3.00 m - CCBW60010AT30","og_url":"https:\/\/www.heddata.se\/webbutik\/produkt\/usb-kabel-forlangningskabel-usb-2-0-usb-a-hane-usb-a-hona-480-mbps-guldplaterad-3-00-m-ccbw60010at30\/","og_site_name":"Datorer, Skrivare, F\u00e4rgpatroner, Mobiltelefoner","article_modified_time":"2026-05-01T16:09:41+00:00","og_image":[{"width":1200,"height":1200,"url":"https:\/\/www.heddata.se\/webbutik\/wp-content\/uploads\/ccbw60010at30.jpeg","type":"image\/jpeg"}],"twitter_card":"summary_large_image","twitter_misc":{"Ber\u00e4knad l\u00e4stid":"1 minut"},"schema":{"@context":"https:\/\/schema.org","@graph":[{"@type":"WebPage","@id":"https:\/\/www.heddata.se\/webbutik\/produkt\/usb-kabel-forlangningskabel-usb-2-0-usb-a-hane-usb-a-hona-480-mbps-guldplaterad-3-00-m-ccbw60010at30\/","url":"https:\/\/www.heddata.se\/webbutik\/produkt\/usb-kabel-forlangningskabel-usb-2-0-usb-a-hane-usb-a-hona-480-mbps-guldplaterad-3-00-m-ccbw60010at30\/","name":"USB-kabel f\u00f6rl\u00e4ngningskabel USB 2.0 | USB-A Hane | USB-A Hona","isPartOf":{"@id":"https:\/\/www.heddata.se\/webbutik\/#website"},"primaryImageOfPage":{"@id":"https:\/\/www.heddata.se\/webbutik\/produkt\/usb-kabel-forlangningskabel-usb-2-0-usb-a-hane-usb-a-hona-480-mbps-guldplaterad-3-00-m-ccbw60010at30\/#primaryimage"},"image":{"@id":"https:\/\/www.heddata.se\/webbutik\/produkt\/usb-kabel-forlangningskabel-usb-2-0-usb-a-hane-usb-a-hona-480-mbps-guldplaterad-3-00-m-ccbw60010at30\/#primaryimage"},"thumbnailUrl":"https:\/\/www.heddata.se\/webbutik\/wp-content\/uploads\/ccbw60010at30.jpeg","datePublished":"2024-04-11T10:18:20+00:00","dateModified":"2026-05-01T16:09:41+00:00","description":"USB-kabel f\u00f6rl\u00e4ngningskabel USB 2.0 | USB-A Hane | USB-A Hona | 480 Mbps | Guldplaterad | 3.00 m - CCBW60010AT30","breadcrumb":{"@id":"https:\/\/www.heddata.se\/webbutik\/produkt\/usb-kabel-forlangningskabel-usb-2-0-usb-a-hane-usb-a-hona-480-mbps-guldplaterad-3-00-m-ccbw60010at30\/#breadcrumb"},"inLanguage":"sv-SE","potentialAction":[{"@type":"ReadAction","target":["https:\/\/www.heddata.se\/webbutik\/produkt\/usb-kabel-forlangningskabel-usb-2-0-usb-a-hane-usb-a-hona-480-mbps-guldplaterad-3-00-m-ccbw60010at30\/"]}]},{"@type":"ImageObject","inLanguage":"sv-SE","@id":"https:\/\/www.heddata.se\/webbutik\/produkt\/usb-kabel-forlangningskabel-usb-2-0-usb-a-hane-usb-a-hona-480-mbps-guldplaterad-3-00-m-ccbw60010at30\/#primaryimage","url":"https:\/\/www.heddata.se\/webbutik\/wp-content\/uploads\/ccbw60010at30.jpeg","contentUrl":"https:\/\/www.heddata.se\/webbutik\/wp-content\/uploads\/ccbw60010at30.jpeg","width":1200,"height":1200,"caption":"USB-kabel f\u00f6rl\u00e4ngningskabel"},{"@type":"BreadcrumbList","@id":"https:\/\/www.heddata.se\/webbutik\/produkt\/usb-kabel-forlangningskabel-usb-2-0-usb-a-hane-usb-a-hona-480-mbps-guldplaterad-3-00-m-ccbw60010at30\/#breadcrumb","itemListElement":[{"@type":"ListItem","position":1,"name":"Hem","item":"https:\/\/www.heddata.se\/webbutik\/"},{"@type":"ListItem","position":2,"name":"Produkter","item":"https:\/\/www.heddata.se\/webbutik\/shop\/"},{"@type":"ListItem","position":3,"name":"USB-kabel f\u00f6rl\u00e4ngningskabel USB 2.0 | USB-A Hane | USB-A Hona | 480 Mbps | Guldplaterad | 3.00 m &#8211; CCBW60010AT30"}]},{"@type":"WebSite","@id":"https:\/\/www.heddata.se\/webbutik\/#website","url":"https:\/\/www.heddata.se\/webbutik\/","name":"Datorer, Skrivare, F\u00e4rgpatroner, Mobiltelefoner","description":"Kablar","publisher":{"@id":"https:\/\/www.heddata.se\/webbutik\/#organization"},"potentialAction":[{"@type":"SearchAction","target":{"@type":"EntryPoint","urlTemplate":"https:\/\/www.heddata.se\/webbutik\/?s={search_term_string}"},"query-input":{"@type":"PropertyValueSpecification","valueRequired":true,"valueName":"search_term_string"}}],"inLanguage":"sv-SE"},{"@type":"Organization","@id":"https:\/\/www.heddata.se\/webbutik\/#organization","name":"Heddata AB","url":"https:\/\/www.heddata.se\/webbutik\/","logo":{"@type":"ImageObject","inLanguage":"sv-SE","@id":"https:\/\/www.heddata.se\/webbutik\/#\/schema\/logo\/image\/","url":"https:\/\/www.heddata.se\/webbutik\/wp-content\/uploads\/logga\/heddata-ab-logga.png","contentUrl":"https:\/\/www.heddata.se\/webbutik\/wp-content\/uploads\/logga\/heddata-ab-logga.png","width":200,"height":64,"caption":"Heddata AB"},"image":{"@id":"https:\/\/www.heddata.se\/webbutik\/#\/schema\/logo\/image\/"}}]}},"_links":{"self":[{"href":"https:\/\/www.heddata.se\/webbutik\/wp-json\/wp\/v2\/product\/95386","targetHints":{"allow":["GET"]}}],"collection":[{"href":"https:\/\/www.heddata.se\/webbutik\/wp-json\/wp\/v2\/product"}],"about":[{"href":"https:\/\/www.heddata.se\/webbutik\/wp-json\/wp\/v2\/types\/product"}],"wp:featuredmedia":[{"embeddable":true,"href":"https:\/\/www.heddata.se\/webbutik\/wp-json\/wp\/v2\/media\/95388"}],"wp:attachment":[{"href":"https:\/\/www.heddata.se\/webbutik\/wp-json\/wp\/v2\/media?parent=95386"}],"wp:term":[{"taxonomy":"product_brand","embeddable":true,"href":"https:\/\/www.heddata.se\/webbutik\/wp-json\/wp\/v2\/product_brand?post=95386"},{"taxonomy":"product_cat","embeddable":true,"href":"https:\/\/www.heddata.se\/webbutik\/wp-json\/wp\/v2\/product_cat?post=95386"},{"taxonomy":"product_tag","embeddable":true,"href":"https:\/\/www.heddata.se\/webbutik\/wp-json\/wp\/v2\/product_tag?post=95386"}],"curies":[{"name":"wp","href":"https:\/\/api.w.org\/{rel}","templated":true}]}}