{"id":95323,"date":"2024-03-22T10:18:08","date_gmt":"2024-03-22T09:18:08","guid":{"rendered":"https:\/\/www.heddata.se\/webbutik\/?post_type=product&#038;p=95323"},"modified":"2024-04-17T10:47:13","modified_gmt":"2024-04-17T08:47:13","slug":"jabra-evolve-40-ms-mono-headset-6393-823-109","status":"publish","type":"product","link":"https:\/\/www.heddata.se\/webbutik\/produkt\/jabra-evolve-40-ms-mono-headset-6393-823-109\/","title":{"rendered":"Jabra Evolve 40 MS mono &#8211; headset &#8211; 6393-823-109"},"content":{"rendered":"<p>Jabra Evolve 40 MS mono &#8211; headset &#8211; 6393-823-109<\/p>\n<p>Professionellt <a href=\"https:\/\/www.jabra.se\/\" target=\"_blank\" rel=\"noopener\">headset<\/a> f\u00f6r \u00f6kad produktivitet och fantastiskt ljud f\u00f6r samtal och musik.<\/p>\n<p>Med 3,5 mm-kontakten kan du ansluta till din personliga enhet &#8211; som en <a href=\"https:\/\/www.heddata.se\/webbutik\/telefon-surfplattor\/mobiltelefoner\/\">smarttelefon<\/a> eller surfplatta &#8211; f\u00f6r att arbeta eller lyssna p\u00e5 musik var du \u00e4n \u00e4r.<\/p>\n<p>Produkttyp: Headset.<\/p>\n<p>Anslutningsteknologi: Kabel.<\/p>\n<p>Rekommenderad anv\u00e4ndning: Kontor\/callcenter. Vikt: 142,5 g.<\/p>\n<p>Produktens f\u00e4rg: Svart<\/p>\n<p>Certifierad f\u00f6r Skype for Buisness<\/p>\n","protected":false},"excerpt":{"rendered":"<p>Jabra Evolve 40 MS mono &#8211; headset &#8211; 6393-823-109<\/p>\n","protected":false},"featured_media":95329,"template":"","meta":[],"product_brand":[],"product_cat":[126,8997,119],"product_tag":[],"class_list":{"0":"post-95323","1":"product","2":"type-product","3":"status-publish","4":"has-post-thumbnail","6":"product_cat-headset-horlurar-med-mikrofon","7":"product_cat-headset-och-horlurar-med-sladd","8":"product_cat-horlurar-headset","10":"first","11":"instock","12":"taxable","13":"shipping-taxable","14":"purchasable","15":"product-type-simple"},"yoast_head":"<!-- This site is optimized with the Yoast SEO Premium plugin v26.7 (Yoast SEO v26.7) - https:\/\/yoast.com\/wordpress\/plugins\/seo\/ -->\n<title>Jabra Evolve 40 MS mono - headset - 6393-823-109<\/title>\n<meta name=\"description\" content=\"Jabra Evolve 40 MS mono - headset - 6393-823-109 Jabra Evolve 40 MS Mono. Produkttyp: Headset. Anslutningsteknologi: Kabel.\" \/>\n<meta name=\"robots\" content=\"index, follow, max-snippet:-1, max-image-preview:large, max-video-preview:-1\" \/>\n<link rel=\"canonical\" href=\"https:\/\/www.heddata.se\/webbutik\/produkt\/jabra-evolve-40-ms-mono-headset-6393-823-109\/\" \/>\n<meta property=\"og:locale\" content=\"sv_SE\" \/>\n<meta property=\"og:type\" content=\"article\" \/>\n<meta property=\"og:title\" content=\"Jabra Evolve 40 MS mono - headset - 6393-823-109\" \/>\n<meta property=\"og:description\" content=\"Jabra Evolve 40 MS mono - headset - 6393-823-109 Jabra Evolve 40 MS Mono. Produkttyp: Headset. Anslutningsteknologi: Kabel.\" \/>\n<meta property=\"og:url\" content=\"https:\/\/www.heddata.se\/webbutik\/produkt\/jabra-evolve-40-ms-mono-headset-6393-823-109\/\" \/>\n<meta property=\"og:site_name\" content=\"Datorer, Skrivare, F\u00e4rgpatroner, Mobiltelefoner\" \/>\n<meta property=\"article:modified_time\" content=\"2024-04-17T08:47:13+00:00\" \/>\n<meta property=\"og:image\" content=\"https:\/\/www.heddata.se\/webbutik\/wp-content\/uploads\/webbutik\/kategorier\/horlurar\/6393-823-109.jpg\" \/>\n\t<meta property=\"og:image:width\" content=\"2400\" \/>\n\t<meta property=\"og:image:height\" content=\"2400\" \/>\n\t<meta property=\"og:image:type\" content=\"image\/jpeg\" \/>\n<meta name=\"twitter:card\" content=\"summary_large_image\" \/>\n<script type=\"application\/ld+json\" class=\"yoast-schema-graph\">{\"@context\":\"https:\/\/schema.org\",\"@graph\":[{\"@type\":\"WebPage\",\"@id\":\"https:\/\/www.heddata.se\/webbutik\/produkt\/jabra-evolve-40-ms-mono-headset-6393-823-109\/\",\"url\":\"https:\/\/www.heddata.se\/webbutik\/produkt\/jabra-evolve-40-ms-mono-headset-6393-823-109\/\",\"name\":\"Jabra Evolve 40 MS mono - headset - 6393-823-109\",\"isPartOf\":{\"@id\":\"https:\/\/www.heddata.se\/webbutik\/#website\"},\"primaryImageOfPage\":{\"@id\":\"https:\/\/www.heddata.se\/webbutik\/produkt\/jabra-evolve-40-ms-mono-headset-6393-823-109\/#primaryimage\"},\"image\":{\"@id\":\"https:\/\/www.heddata.se\/webbutik\/produkt\/jabra-evolve-40-ms-mono-headset-6393-823-109\/#primaryimage\"},\"thumbnailUrl\":\"https:\/\/www.heddata.se\/webbutik\/wp-content\/uploads\/webbutik\/kategorier\/horlurar\/6393-823-109.jpg\",\"datePublished\":\"2024-03-22T09:18:08+00:00\",\"dateModified\":\"2024-04-17T08:47:13+00:00\",\"description\":\"Jabra Evolve 40 MS mono - headset - 6393-823-109 Jabra Evolve 40 MS Mono. Produkttyp: Headset. Anslutningsteknologi: Kabel.\",\"breadcrumb\":{\"@id\":\"https:\/\/www.heddata.se\/webbutik\/produkt\/jabra-evolve-40-ms-mono-headset-6393-823-109\/#breadcrumb\"},\"inLanguage\":\"sv-SE\",\"potentialAction\":[{\"@type\":\"ReadAction\",\"target\":[\"https:\/\/www.heddata.se\/webbutik\/produkt\/jabra-evolve-40-ms-mono-headset-6393-823-109\/\"]}]},{\"@type\":\"ImageObject\",\"inLanguage\":\"sv-SE\",\"@id\":\"https:\/\/www.heddata.se\/webbutik\/produkt\/jabra-evolve-40-ms-mono-headset-6393-823-109\/#primaryimage\",\"url\":\"https:\/\/www.heddata.se\/webbutik\/wp-content\/uploads\/webbutik\/kategorier\/horlurar\/6393-823-109.jpg\",\"contentUrl\":\"https:\/\/www.heddata.se\/webbutik\/wp-content\/uploads\/webbutik\/kategorier\/horlurar\/6393-823-109.jpg\",\"width\":2400,\"height\":2400,\"caption\":\"Jabra Evolve 40 MS\"},{\"@type\":\"BreadcrumbList\",\"@id\":\"https:\/\/www.heddata.se\/webbutik\/produkt\/jabra-evolve-40-ms-mono-headset-6393-823-109\/#breadcrumb\",\"itemListElement\":[{\"@type\":\"ListItem\",\"position\":1,\"name\":\"Hem\",\"item\":\"https:\/\/www.heddata.se\/webbutik\/\"},{\"@type\":\"ListItem\",\"position\":2,\"name\":\"Produkter\",\"item\":\"https:\/\/www.heddata.se\/webbutik\/shop\/\"},{\"@type\":\"ListItem\",\"position\":3,\"name\":\"Jabra Evolve 40 MS mono &#8211; headset &#8211; 6393-823-109\"}]},{\"@type\":\"WebSite\",\"@id\":\"https:\/\/www.heddata.se\/webbutik\/#website\",\"url\":\"https:\/\/www.heddata.se\/webbutik\/\",\"name\":\"Datorer, Skrivare, F\u00e4rgpatroner, Mobiltelefoner\",\"description\":\"Kablar\",\"publisher\":{\"@id\":\"https:\/\/www.heddata.se\/webbutik\/#organization\"},\"potentialAction\":[{\"@type\":\"SearchAction\",\"target\":{\"@type\":\"EntryPoint\",\"urlTemplate\":\"https:\/\/www.heddata.se\/webbutik\/?s={search_term_string}\"},\"query-input\":{\"@type\":\"PropertyValueSpecification\",\"valueRequired\":true,\"valueName\":\"search_term_string\"}}],\"inLanguage\":\"sv-SE\"},{\"@type\":\"Organization\",\"@id\":\"https:\/\/www.heddata.se\/webbutik\/#organization\",\"name\":\"Heddata AB\",\"url\":\"https:\/\/www.heddata.se\/webbutik\/\",\"logo\":{\"@type\":\"ImageObject\",\"inLanguage\":\"sv-SE\",\"@id\":\"https:\/\/www.heddata.se\/webbutik\/#\/schema\/logo\/image\/\",\"url\":\"https:\/\/www.heddata.se\/webbutik\/wp-content\/uploads\/logga\/heddata-ab-logga.png\",\"contentUrl\":\"https:\/\/www.heddata.se\/webbutik\/wp-content\/uploads\/logga\/heddata-ab-logga.png\",\"width\":200,\"height\":64,\"caption\":\"Heddata AB\"},\"image\":{\"@id\":\"https:\/\/www.heddata.se\/webbutik\/#\/schema\/logo\/image\/\"}}]}<\/script>\n<!-- \/ Yoast SEO Premium plugin. -->","yoast_head_json":{"title":"Jabra Evolve 40 MS mono - headset - 6393-823-109","description":"Jabra Evolve 40 MS mono - headset - 6393-823-109 Jabra Evolve 40 MS Mono. Produkttyp: Headset. Anslutningsteknologi: Kabel.","robots":{"index":"index","follow":"follow","max-snippet":"max-snippet:-1","max-image-preview":"max-image-preview:large","max-video-preview":"max-video-preview:-1"},"canonical":"https:\/\/www.heddata.se\/webbutik\/produkt\/jabra-evolve-40-ms-mono-headset-6393-823-109\/","og_locale":"sv_SE","og_type":"article","og_title":"Jabra Evolve 40 MS mono - headset - 6393-823-109","og_description":"Jabra Evolve 40 MS mono - headset - 6393-823-109 Jabra Evolve 40 MS Mono. Produkttyp: Headset. Anslutningsteknologi: Kabel.","og_url":"https:\/\/www.heddata.se\/webbutik\/produkt\/jabra-evolve-40-ms-mono-headset-6393-823-109\/","og_site_name":"Datorer, Skrivare, F\u00e4rgpatroner, Mobiltelefoner","article_modified_time":"2024-04-17T08:47:13+00:00","og_image":[{"width":2400,"height":2400,"url":"https:\/\/www.heddata.se\/webbutik\/wp-content\/uploads\/webbutik\/kategorier\/horlurar\/6393-823-109.jpg","type":"image\/jpeg"}],"twitter_card":"summary_large_image","schema":{"@context":"https:\/\/schema.org","@graph":[{"@type":"WebPage","@id":"https:\/\/www.heddata.se\/webbutik\/produkt\/jabra-evolve-40-ms-mono-headset-6393-823-109\/","url":"https:\/\/www.heddata.se\/webbutik\/produkt\/jabra-evolve-40-ms-mono-headset-6393-823-109\/","name":"Jabra Evolve 40 MS mono - headset - 6393-823-109","isPartOf":{"@id":"https:\/\/www.heddata.se\/webbutik\/#website"},"primaryImageOfPage":{"@id":"https:\/\/www.heddata.se\/webbutik\/produkt\/jabra-evolve-40-ms-mono-headset-6393-823-109\/#primaryimage"},"image":{"@id":"https:\/\/www.heddata.se\/webbutik\/produkt\/jabra-evolve-40-ms-mono-headset-6393-823-109\/#primaryimage"},"thumbnailUrl":"https:\/\/www.heddata.se\/webbutik\/wp-content\/uploads\/webbutik\/kategorier\/horlurar\/6393-823-109.jpg","datePublished":"2024-03-22T09:18:08+00:00","dateModified":"2024-04-17T08:47:13+00:00","description":"Jabra Evolve 40 MS mono - headset - 6393-823-109 Jabra Evolve 40 MS Mono. Produkttyp: Headset. Anslutningsteknologi: Kabel.","breadcrumb":{"@id":"https:\/\/www.heddata.se\/webbutik\/produkt\/jabra-evolve-40-ms-mono-headset-6393-823-109\/#breadcrumb"},"inLanguage":"sv-SE","potentialAction":[{"@type":"ReadAction","target":["https:\/\/www.heddata.se\/webbutik\/produkt\/jabra-evolve-40-ms-mono-headset-6393-823-109\/"]}]},{"@type":"ImageObject","inLanguage":"sv-SE","@id":"https:\/\/www.heddata.se\/webbutik\/produkt\/jabra-evolve-40-ms-mono-headset-6393-823-109\/#primaryimage","url":"https:\/\/www.heddata.se\/webbutik\/wp-content\/uploads\/webbutik\/kategorier\/horlurar\/6393-823-109.jpg","contentUrl":"https:\/\/www.heddata.se\/webbutik\/wp-content\/uploads\/webbutik\/kategorier\/horlurar\/6393-823-109.jpg","width":2400,"height":2400,"caption":"Jabra Evolve 40 MS"},{"@type":"BreadcrumbList","@id":"https:\/\/www.heddata.se\/webbutik\/produkt\/jabra-evolve-40-ms-mono-headset-6393-823-109\/#breadcrumb","itemListElement":[{"@type":"ListItem","position":1,"name":"Hem","item":"https:\/\/www.heddata.se\/webbutik\/"},{"@type":"ListItem","position":2,"name":"Produkter","item":"https:\/\/www.heddata.se\/webbutik\/shop\/"},{"@type":"ListItem","position":3,"name":"Jabra Evolve 40 MS mono &#8211; headset &#8211; 6393-823-109"}]},{"@type":"WebSite","@id":"https:\/\/www.heddata.se\/webbutik\/#website","url":"https:\/\/www.heddata.se\/webbutik\/","name":"Datorer, Skrivare, F\u00e4rgpatroner, Mobiltelefoner","description":"Kablar","publisher":{"@id":"https:\/\/www.heddata.se\/webbutik\/#organization"},"potentialAction":[{"@type":"SearchAction","target":{"@type":"EntryPoint","urlTemplate":"https:\/\/www.heddata.se\/webbutik\/?s={search_term_string}"},"query-input":{"@type":"PropertyValueSpecification","valueRequired":true,"valueName":"search_term_string"}}],"inLanguage":"sv-SE"},{"@type":"Organization","@id":"https:\/\/www.heddata.se\/webbutik\/#organization","name":"Heddata AB","url":"https:\/\/www.heddata.se\/webbutik\/","logo":{"@type":"ImageObject","inLanguage":"sv-SE","@id":"https:\/\/www.heddata.se\/webbutik\/#\/schema\/logo\/image\/","url":"https:\/\/www.heddata.se\/webbutik\/wp-content\/uploads\/logga\/heddata-ab-logga.png","contentUrl":"https:\/\/www.heddata.se\/webbutik\/wp-content\/uploads\/logga\/heddata-ab-logga.png","width":200,"height":64,"caption":"Heddata AB"},"image":{"@id":"https:\/\/www.heddata.se\/webbutik\/#\/schema\/logo\/image\/"}}]}},"_links":{"self":[{"href":"https:\/\/www.heddata.se\/webbutik\/wp-json\/wp\/v2\/product\/95323","targetHints":{"allow":["GET"]}}],"collection":[{"href":"https:\/\/www.heddata.se\/webbutik\/wp-json\/wp\/v2\/product"}],"about":[{"href":"https:\/\/www.heddata.se\/webbutik\/wp-json\/wp\/v2\/types\/product"}],"wp:featuredmedia":[{"embeddable":true,"href":"https:\/\/www.heddata.se\/webbutik\/wp-json\/wp\/v2\/media\/95329"}],"wp:attachment":[{"href":"https:\/\/www.heddata.se\/webbutik\/wp-json\/wp\/v2\/media?parent=95323"}],"wp:term":[{"taxonomy":"product_brand","embeddable":true,"href":"https:\/\/www.heddata.se\/webbutik\/wp-json\/wp\/v2\/product_brand?post=95323"},{"taxonomy":"product_cat","embeddable":true,"href":"https:\/\/www.heddata.se\/webbutik\/wp-json\/wp\/v2\/product_cat?post=95323"},{"taxonomy":"product_tag","embeddable":true,"href":"https:\/\/www.heddata.se\/webbutik\/wp-json\/wp\/v2\/product_tag?post=95323"}],"curies":[{"name":"wp","href":"https:\/\/api.w.org\/{rel}","templated":true}]}}