{"id":95297,"date":"2024-03-20T12:18:15","date_gmt":"2024-03-20T11:18:15","guid":{"rendered":"https:\/\/www.heddata.se\/webbutik\/?post_type=product&#038;p=95297"},"modified":"2026-04-29T18:09:29","modified_gmt":"2026-04-29T16:09:29","slug":"rs232-omvandlare-usb-a-hane-rs232-nickelplaterad-0-90-m-rund-pvc-svart-lada-ccgw60852bk09","status":"publish","type":"product","link":"https:\/\/www.heddata.se\/webbutik\/produkt\/rs232-omvandlare-usb-a-hane-rs232-nickelplaterad-0-90-m-rund-pvc-svart-lada-ccgw60852bk09\/","title":{"rendered":"RS232-omvandlare USB-A Hane | RS232 | Nickelplaterad | 0.90 m | Rund | PVC | Svart | L\u00e5da &#8211; CCGW60852BK09"},"content":{"rendered":"<p>RS232-omvandlare USB-A Hane | RS232 | Nickelplaterad | 0.90 m | Rund | PVC | Svart | L\u00e5da &#8211; CCGW60852BK09<\/p>\n<p>Om din station\u00e4ra eller b\u00e4rbara <a href=\"https:\/\/www.heddata.se\/webbutik\/datorer\/\">dator<\/a> inte har en seriell port, kan du anv\u00e4nda denna USB till seriell-kabel f\u00f6r att ansluta dina seriella enheter via USB-porten p\u00e5 din PC eller b\u00e4rbara dator.<\/p>\n<h3><a href=\"https:\/\/nedis.se\/sv-se\" target=\"_blank\" rel=\"noopener\">Produktspecifikationer<\/a><\/h3>\n<table class=\"table table-with-odd-background\">\n<tbody>\n<tr>\n<td class=\"col-4\">Anslutningsdesign \u2013 sida B<\/td>\n<td class=\"col-8\">Rak<\/td>\n<\/tr>\n<tr>\n<td class=\"col-4\">Anslutningsdesign \u2013 sida A<\/td>\n<td class=\"col-8\">Rak<\/td>\n<\/tr>\n<tr>\n<td class=\"col-4\">Kabelns utformning<\/td>\n<td class=\"col-8\">Rund<\/td>\n<\/tr>\n<tr>\n<td class=\"col-4\">Kabelmantelns material<\/td>\n<td class=\"col-8\">PVC<\/td>\n<\/tr>\n<tr>\n<td class=\"col-4\">AWG-v\u00e4rde<\/td>\n<td class=\"col-8\">28<\/td>\n<\/tr>\n<tr>\n<td class=\"col-4\">F\u00e4rg<\/td>\n<td class=\"col-8\">Svart<\/td>\n<\/tr>\n<tr>\n<td class=\"col-4\">Kontaktspl\u00e4tering<\/td>\n<td class=\"col-8\">Nickelplaterad<\/td>\n<\/tr>\n<tr>\n<td class=\"col-4\">Material<\/td>\n<td class=\"col-8\">PVC<\/td>\n<\/tr>\n<tr>\n<td class=\"col-4\">Ledarmaterial<\/td>\n<td class=\"col-8\">Bar koppar<\/td>\n<\/tr>\n<tr>\n<td class=\"col-4\">Kontakt A<\/td>\n<td class=\"col-8\">USB-A Hane<\/td>\n<\/tr>\n<tr>\n<td class=\"col-4\">Kabelmantelstorlek<\/td>\n<td class=\"col-8\">4.0 mm<\/td>\n<\/tr>\n<tr>\n<td class=\"col-4\">Kontaktmaterial<\/td>\n<td class=\"col-8\">ABS<\/td>\n<\/tr>\n<tr>\n<td class=\"col-4\">Insp\u00e4nning<\/td>\n<td class=\"col-8\">5 V DC<\/td>\n<\/tr>\n<tr>\n<td class=\"col-4\">OS-version<\/td>\n<td class=\"col-8\">Windows 10<\/td>\n<\/tr>\n<tr>\n<td class=\"col-4\">Ing\u00e5ngsstr\u00f6m<\/td>\n<td class=\"col-8\">0.5 A<\/td>\n<\/tr>\n<tr>\n<td class=\"col-4\">F\u00f6rpackningstyp<\/td>\n<td class=\"col-8\">L\u00e5da<\/td>\n<\/tr>\n<tr>\n<td class=\"col-4\">Kabell\u00e4ngd<\/td>\n<td class=\"col-8\">0.90 m<\/td>\n<\/tr>\n<tr>\n<td class=\"col-4\">Ledardiameter<\/td>\n<td class=\"col-8\">0.36 mm<\/td>\n<\/tr>\n<tr>\n<td class=\"col-4\">Bussdriven<\/td>\n<td class=\"col-8\">Ja<\/td>\n<\/tr>\n<tr>\n<td class=\"col-4\">Kabeltyp<\/td>\n<td class=\"col-8\">RS232 Omvandlarkabel<\/td>\n<\/tr>\n<tr>\n<td class=\"col-4\">Ing\u00e5ngskontakter<\/td>\n<td class=\"col-8\">USB<\/td>\n<\/tr>\n<tr>\n<td class=\"col-4\">Kontakt B<\/td>\n<td class=\"col-8\">RS232<\/td>\n<\/tr>\n<tr>\n<td class=\"col-4\">Antal varor i paketet<\/td>\n<td class=\"col-8\">1 st.<\/td>\n<\/tr>\n<\/tbody>\n<\/table>\n","protected":false},"excerpt":{"rendered":"<p>RS232-omvandlare USB-A Hane | RS232 | Nickelplaterad | 0.90 m | Rund | PVC | Svart | L\u00e5da &#8211; CCGW60852BK09<\/p>\n","protected":false},"featured_media":95300,"template":"","meta":[],"product_brand":[],"product_cat":[59,3366,72],"product_tag":[],"class_list":{"0":"post-95297","1":"product","2":"type-product","3":"status-publish","4":"has-post-thumbnail","6":"product_cat-kablar","7":"product_cat-ovrigt-datortillbehor","8":"product_cat-usb-kablar","10":"first","11":"instock","12":"taxable","13":"shipping-taxable","14":"purchasable","15":"product-type-simple"},"yoast_head":"<!-- This site is optimized with the Yoast SEO Premium plugin v26.7 (Yoast SEO v26.7) - https:\/\/yoast.com\/wordpress\/plugins\/seo\/ -->\n<title>RS232-omvandlare USB-A Hane | RS232 | Nickelplaterad | 0.90 m<\/title>\n<meta name=\"description\" content=\"RS232-omvandlare USB-A Hane | RS232 | Nickelplaterad | 0.90 m USB till seriell-kabel f\u00f6r datorer som inte har seriell port\" \/>\n<meta name=\"robots\" content=\"index, follow, max-snippet:-1, max-image-preview:large, max-video-preview:-1\" \/>\n<link rel=\"canonical\" href=\"https:\/\/www.heddata.se\/webbutik\/produkt\/rs232-omvandlare-usb-a-hane-rs232-nickelplaterad-0-90-m-rund-pvc-svart-lada-ccgw60852bk09\/\" \/>\n<meta property=\"og:locale\" content=\"sv_SE\" \/>\n<meta property=\"og:type\" content=\"article\" \/>\n<meta property=\"og:title\" content=\"RS232-omvandlare USB-A Hane | RS232 | Nickelplaterad | 0.90 m | Rund | PVC | Svart | L\u00e5da - CCGW60852BK09\" \/>\n<meta property=\"og:description\" content=\"RS232-omvandlare USB-A Hane | RS232 | Nickelplaterad | 0.90 m USB till seriell-kabel f\u00f6r datorer som inte har seriell port\" \/>\n<meta property=\"og:url\" content=\"https:\/\/www.heddata.se\/webbutik\/produkt\/rs232-omvandlare-usb-a-hane-rs232-nickelplaterad-0-90-m-rund-pvc-svart-lada-ccgw60852bk09\/\" \/>\n<meta property=\"og:site_name\" content=\"Datorer, Skrivare, F\u00e4rgpatroner, Mobiltelefoner\" \/>\n<meta property=\"article:modified_time\" content=\"2026-04-29T16:09:29+00:00\" \/>\n<meta property=\"og:image\" content=\"https:\/\/www.heddata.se\/webbutik\/wp-content\/uploads\/webbutik\/kategorier\/kablar-adaptrar\/ccgw60852bk09.jpeg\" \/>\n\t<meta property=\"og:image:width\" content=\"1200\" \/>\n\t<meta property=\"og:image:height\" content=\"1200\" \/>\n\t<meta property=\"og:image:type\" content=\"image\/jpeg\" \/>\n<meta name=\"twitter:card\" content=\"summary_large_image\" \/>\n<meta name=\"twitter:label1\" content=\"Ber\u00e4knad l\u00e4stid\" \/>\n\t<meta name=\"twitter:data1\" content=\"1 minut\" \/>\n<script type=\"application\/ld+json\" class=\"yoast-schema-graph\">{\"@context\":\"https:\/\/schema.org\",\"@graph\":[{\"@type\":\"WebPage\",\"@id\":\"https:\/\/www.heddata.se\/webbutik\/produkt\/rs232-omvandlare-usb-a-hane-rs232-nickelplaterad-0-90-m-rund-pvc-svart-lada-ccgw60852bk09\/\",\"url\":\"https:\/\/www.heddata.se\/webbutik\/produkt\/rs232-omvandlare-usb-a-hane-rs232-nickelplaterad-0-90-m-rund-pvc-svart-lada-ccgw60852bk09\/\",\"name\":\"RS232-omvandlare USB-A Hane | RS232 | Nickelplaterad | 0.90 m\",\"isPartOf\":{\"@id\":\"https:\/\/www.heddata.se\/webbutik\/#website\"},\"primaryImageOfPage\":{\"@id\":\"https:\/\/www.heddata.se\/webbutik\/produkt\/rs232-omvandlare-usb-a-hane-rs232-nickelplaterad-0-90-m-rund-pvc-svart-lada-ccgw60852bk09\/#primaryimage\"},\"image\":{\"@id\":\"https:\/\/www.heddata.se\/webbutik\/produkt\/rs232-omvandlare-usb-a-hane-rs232-nickelplaterad-0-90-m-rund-pvc-svart-lada-ccgw60852bk09\/#primaryimage\"},\"thumbnailUrl\":\"https:\/\/www.heddata.se\/webbutik\/wp-content\/uploads\/webbutik\/kategorier\/kablar-adaptrar\/ccgw60852bk09.jpeg\",\"datePublished\":\"2024-03-20T11:18:15+00:00\",\"dateModified\":\"2026-04-29T16:09:29+00:00\",\"description\":\"RS232-omvandlare USB-A Hane | RS232 | Nickelplaterad | 0.90 m USB till seriell-kabel f\u00f6r datorer som inte har seriell port\",\"breadcrumb\":{\"@id\":\"https:\/\/www.heddata.se\/webbutik\/produkt\/rs232-omvandlare-usb-a-hane-rs232-nickelplaterad-0-90-m-rund-pvc-svart-lada-ccgw60852bk09\/#breadcrumb\"},\"inLanguage\":\"sv-SE\",\"potentialAction\":[{\"@type\":\"ReadAction\",\"target\":[\"https:\/\/www.heddata.se\/webbutik\/produkt\/rs232-omvandlare-usb-a-hane-rs232-nickelplaterad-0-90-m-rund-pvc-svart-lada-ccgw60852bk09\/\"]}]},{\"@type\":\"ImageObject\",\"inLanguage\":\"sv-SE\",\"@id\":\"https:\/\/www.heddata.se\/webbutik\/produkt\/rs232-omvandlare-usb-a-hane-rs232-nickelplaterad-0-90-m-rund-pvc-svart-lada-ccgw60852bk09\/#primaryimage\",\"url\":\"https:\/\/www.heddata.se\/webbutik\/wp-content\/uploads\/webbutik\/kategorier\/kablar-adaptrar\/ccgw60852bk09.jpeg\",\"contentUrl\":\"https:\/\/www.heddata.se\/webbutik\/wp-content\/uploads\/webbutik\/kategorier\/kablar-adaptrar\/ccgw60852bk09.jpeg\",\"width\":1200,\"height\":1200,\"caption\":\"RS232-omvandlare USB-A\"},{\"@type\":\"BreadcrumbList\",\"@id\":\"https:\/\/www.heddata.se\/webbutik\/produkt\/rs232-omvandlare-usb-a-hane-rs232-nickelplaterad-0-90-m-rund-pvc-svart-lada-ccgw60852bk09\/#breadcrumb\",\"itemListElement\":[{\"@type\":\"ListItem\",\"position\":1,\"name\":\"Hem\",\"item\":\"https:\/\/www.heddata.se\/webbutik\/\"},{\"@type\":\"ListItem\",\"position\":2,\"name\":\"Produkter\",\"item\":\"https:\/\/www.heddata.se\/webbutik\/shop\/\"},{\"@type\":\"ListItem\",\"position\":3,\"name\":\"RS232-omvandlare USB-A Hane | RS232 | Nickelplaterad | 0.90 m | Rund | PVC | Svart | L\u00e5da &#8211; CCGW60852BK09\"}]},{\"@type\":\"WebSite\",\"@id\":\"https:\/\/www.heddata.se\/webbutik\/#website\",\"url\":\"https:\/\/www.heddata.se\/webbutik\/\",\"name\":\"Datorer, Skrivare, F\u00e4rgpatroner, Mobiltelefoner\",\"description\":\"Kablar\",\"publisher\":{\"@id\":\"https:\/\/www.heddata.se\/webbutik\/#organization\"},\"potentialAction\":[{\"@type\":\"SearchAction\",\"target\":{\"@type\":\"EntryPoint\",\"urlTemplate\":\"https:\/\/www.heddata.se\/webbutik\/?s={search_term_string}\"},\"query-input\":{\"@type\":\"PropertyValueSpecification\",\"valueRequired\":true,\"valueName\":\"search_term_string\"}}],\"inLanguage\":\"sv-SE\"},{\"@type\":\"Organization\",\"@id\":\"https:\/\/www.heddata.se\/webbutik\/#organization\",\"name\":\"Heddata AB\",\"url\":\"https:\/\/www.heddata.se\/webbutik\/\",\"logo\":{\"@type\":\"ImageObject\",\"inLanguage\":\"sv-SE\",\"@id\":\"https:\/\/www.heddata.se\/webbutik\/#\/schema\/logo\/image\/\",\"url\":\"https:\/\/www.heddata.se\/webbutik\/wp-content\/uploads\/logga\/heddata-ab-logga.png\",\"contentUrl\":\"https:\/\/www.heddata.se\/webbutik\/wp-content\/uploads\/logga\/heddata-ab-logga.png\",\"width\":200,\"height\":64,\"caption\":\"Heddata AB\"},\"image\":{\"@id\":\"https:\/\/www.heddata.se\/webbutik\/#\/schema\/logo\/image\/\"}}]}<\/script>\n<!-- \/ Yoast SEO Premium plugin. -->","yoast_head_json":{"title":"RS232-omvandlare USB-A Hane | RS232 | Nickelplaterad | 0.90 m","description":"RS232-omvandlare USB-A Hane | RS232 | Nickelplaterad | 0.90 m USB till seriell-kabel f\u00f6r datorer som inte har seriell port","robots":{"index":"index","follow":"follow","max-snippet":"max-snippet:-1","max-image-preview":"max-image-preview:large","max-video-preview":"max-video-preview:-1"},"canonical":"https:\/\/www.heddata.se\/webbutik\/produkt\/rs232-omvandlare-usb-a-hane-rs232-nickelplaterad-0-90-m-rund-pvc-svart-lada-ccgw60852bk09\/","og_locale":"sv_SE","og_type":"article","og_title":"RS232-omvandlare USB-A Hane | RS232 | Nickelplaterad | 0.90 m | Rund | PVC | Svart | L\u00e5da - CCGW60852BK09","og_description":"RS232-omvandlare USB-A Hane | RS232 | Nickelplaterad | 0.90 m USB till seriell-kabel f\u00f6r datorer som inte har seriell port","og_url":"https:\/\/www.heddata.se\/webbutik\/produkt\/rs232-omvandlare-usb-a-hane-rs232-nickelplaterad-0-90-m-rund-pvc-svart-lada-ccgw60852bk09\/","og_site_name":"Datorer, Skrivare, F\u00e4rgpatroner, Mobiltelefoner","article_modified_time":"2026-04-29T16:09:29+00:00","og_image":[{"width":1200,"height":1200,"url":"https:\/\/www.heddata.se\/webbutik\/wp-content\/uploads\/webbutik\/kategorier\/kablar-adaptrar\/ccgw60852bk09.jpeg","type":"image\/jpeg"}],"twitter_card":"summary_large_image","twitter_misc":{"Ber\u00e4knad l\u00e4stid":"1 minut"},"schema":{"@context":"https:\/\/schema.org","@graph":[{"@type":"WebPage","@id":"https:\/\/www.heddata.se\/webbutik\/produkt\/rs232-omvandlare-usb-a-hane-rs232-nickelplaterad-0-90-m-rund-pvc-svart-lada-ccgw60852bk09\/","url":"https:\/\/www.heddata.se\/webbutik\/produkt\/rs232-omvandlare-usb-a-hane-rs232-nickelplaterad-0-90-m-rund-pvc-svart-lada-ccgw60852bk09\/","name":"RS232-omvandlare USB-A Hane | RS232 | Nickelplaterad | 0.90 m","isPartOf":{"@id":"https:\/\/www.heddata.se\/webbutik\/#website"},"primaryImageOfPage":{"@id":"https:\/\/www.heddata.se\/webbutik\/produkt\/rs232-omvandlare-usb-a-hane-rs232-nickelplaterad-0-90-m-rund-pvc-svart-lada-ccgw60852bk09\/#primaryimage"},"image":{"@id":"https:\/\/www.heddata.se\/webbutik\/produkt\/rs232-omvandlare-usb-a-hane-rs232-nickelplaterad-0-90-m-rund-pvc-svart-lada-ccgw60852bk09\/#primaryimage"},"thumbnailUrl":"https:\/\/www.heddata.se\/webbutik\/wp-content\/uploads\/webbutik\/kategorier\/kablar-adaptrar\/ccgw60852bk09.jpeg","datePublished":"2024-03-20T11:18:15+00:00","dateModified":"2026-04-29T16:09:29+00:00","description":"RS232-omvandlare USB-A Hane | RS232 | Nickelplaterad | 0.90 m USB till seriell-kabel f\u00f6r datorer som inte har seriell port","breadcrumb":{"@id":"https:\/\/www.heddata.se\/webbutik\/produkt\/rs232-omvandlare-usb-a-hane-rs232-nickelplaterad-0-90-m-rund-pvc-svart-lada-ccgw60852bk09\/#breadcrumb"},"inLanguage":"sv-SE","potentialAction":[{"@type":"ReadAction","target":["https:\/\/www.heddata.se\/webbutik\/produkt\/rs232-omvandlare-usb-a-hane-rs232-nickelplaterad-0-90-m-rund-pvc-svart-lada-ccgw60852bk09\/"]}]},{"@type":"ImageObject","inLanguage":"sv-SE","@id":"https:\/\/www.heddata.se\/webbutik\/produkt\/rs232-omvandlare-usb-a-hane-rs232-nickelplaterad-0-90-m-rund-pvc-svart-lada-ccgw60852bk09\/#primaryimage","url":"https:\/\/www.heddata.se\/webbutik\/wp-content\/uploads\/webbutik\/kategorier\/kablar-adaptrar\/ccgw60852bk09.jpeg","contentUrl":"https:\/\/www.heddata.se\/webbutik\/wp-content\/uploads\/webbutik\/kategorier\/kablar-adaptrar\/ccgw60852bk09.jpeg","width":1200,"height":1200,"caption":"RS232-omvandlare USB-A"},{"@type":"BreadcrumbList","@id":"https:\/\/www.heddata.se\/webbutik\/produkt\/rs232-omvandlare-usb-a-hane-rs232-nickelplaterad-0-90-m-rund-pvc-svart-lada-ccgw60852bk09\/#breadcrumb","itemListElement":[{"@type":"ListItem","position":1,"name":"Hem","item":"https:\/\/www.heddata.se\/webbutik\/"},{"@type":"ListItem","position":2,"name":"Produkter","item":"https:\/\/www.heddata.se\/webbutik\/shop\/"},{"@type":"ListItem","position":3,"name":"RS232-omvandlare USB-A Hane | RS232 | Nickelplaterad | 0.90 m | Rund | PVC | Svart | L\u00e5da &#8211; CCGW60852BK09"}]},{"@type":"WebSite","@id":"https:\/\/www.heddata.se\/webbutik\/#website","url":"https:\/\/www.heddata.se\/webbutik\/","name":"Datorer, Skrivare, F\u00e4rgpatroner, Mobiltelefoner","description":"Kablar","publisher":{"@id":"https:\/\/www.heddata.se\/webbutik\/#organization"},"potentialAction":[{"@type":"SearchAction","target":{"@type":"EntryPoint","urlTemplate":"https:\/\/www.heddata.se\/webbutik\/?s={search_term_string}"},"query-input":{"@type":"PropertyValueSpecification","valueRequired":true,"valueName":"search_term_string"}}],"inLanguage":"sv-SE"},{"@type":"Organization","@id":"https:\/\/www.heddata.se\/webbutik\/#organization","name":"Heddata AB","url":"https:\/\/www.heddata.se\/webbutik\/","logo":{"@type":"ImageObject","inLanguage":"sv-SE","@id":"https:\/\/www.heddata.se\/webbutik\/#\/schema\/logo\/image\/","url":"https:\/\/www.heddata.se\/webbutik\/wp-content\/uploads\/logga\/heddata-ab-logga.png","contentUrl":"https:\/\/www.heddata.se\/webbutik\/wp-content\/uploads\/logga\/heddata-ab-logga.png","width":200,"height":64,"caption":"Heddata AB"},"image":{"@id":"https:\/\/www.heddata.se\/webbutik\/#\/schema\/logo\/image\/"}}]}},"_links":{"self":[{"href":"https:\/\/www.heddata.se\/webbutik\/wp-json\/wp\/v2\/product\/95297","targetHints":{"allow":["GET"]}}],"collection":[{"href":"https:\/\/www.heddata.se\/webbutik\/wp-json\/wp\/v2\/product"}],"about":[{"href":"https:\/\/www.heddata.se\/webbutik\/wp-json\/wp\/v2\/types\/product"}],"wp:featuredmedia":[{"embeddable":true,"href":"https:\/\/www.heddata.se\/webbutik\/wp-json\/wp\/v2\/media\/95300"}],"wp:attachment":[{"href":"https:\/\/www.heddata.se\/webbutik\/wp-json\/wp\/v2\/media?parent=95297"}],"wp:term":[{"taxonomy":"product_brand","embeddable":true,"href":"https:\/\/www.heddata.se\/webbutik\/wp-json\/wp\/v2\/product_brand?post=95297"},{"taxonomy":"product_cat","embeddable":true,"href":"https:\/\/www.heddata.se\/webbutik\/wp-json\/wp\/v2\/product_cat?post=95297"},{"taxonomy":"product_tag","embeddable":true,"href":"https:\/\/www.heddata.se\/webbutik\/wp-json\/wp\/v2\/product_tag?post=95297"}],"curies":[{"name":"wp","href":"https:\/\/api.w.org\/{rel}","templated":true}]}}