{"id":952,"date":"2016-11-03T16:17:07","date_gmt":"2016-11-03T15:17:07","guid":{"rendered":"http:\/\/www.heddata.se\/produkt\/fornya-licensen-for-eset-nod32-antivirus\/"},"modified":"2025-03-13T13:12:13","modified_gmt":"2025-03-13T12:12:13","slug":"fornya-eset-nod32-online","status":"publish","type":"product","link":"https:\/\/www.heddata.se\/webbutik\/produkt\/fornya-eset-nod32-online\/","title":{"rendered":"F\u00f6rnya licensen f\u00f6r ESET Nod32 Antivirus Online"},"content":{"rendered":"<h2>ESET Nod32 Antivirus<\/h2>\n<p><strong>F\u00f6rnya licensen f\u00f6r ESET Nod32 Antivirus Online<\/strong>. Skydda din dator och dig sj\u00e4lv med prisbel\u00f6nta ESET NOD32 Antivirus, nu med kraftfullt skydd mot attacker mot Java. Nya ESET NOD32 Antivirus 10 bygger p\u00e5 den bepr\u00f6vade ESET NOD32-motorn och ger ett bra skydd motskadlig kod. Produkten \u00e4r effektiv och anv\u00e4ndarv\u00e4nlig och bygger p\u00e5 ESET:s bepr\u00f6vade detektionsteknik. Inneh\u00e5ller \u00e4ven Gamer Mode f\u00f6r prestandasn\u00e5lt skydd medan du spelar. Den senaste versionen inneh\u00e5ller dessutom flera f\u00f6rb\u00e4ttrade funktioner, som t.ex. skydd mot skriptbaserade attacker.<\/p>\n<p>Ange din licensnyckel och klicka p\u00e5 h\u00e4mta min licensinformation s\u00e5 kan du f\u00f6rnya din licens direkt online.<\/p>\n<form class=\"\" action=\"https:\/\/www.heddata.se\/webbutik\/eset-nod32-antivirus-fornya-online\/\" method=\"post\">\n<div id=\"row-386449569\" class=\"row\">\n<div class=\"col medium-3 small-12 large-3\">\n<div class=\"col-inner\">\n<h3>Licensnyckel:<\/h3>\n<\/div>\n<\/div>\n<div class=\"col medium-9 small-12 large-9\">\n<div class=\"col-inner\"><input id=\"eset_get_licensekey\" autocomplete=\"off\" name=\"eset_get_licensekey\" size=\"30\" type=\"text\" value=\"\" placeholder=\"t.ex. T3ST-K5EY-T3ST-K5EY-T3ST\" \/><br \/>\n<input class=\"button\" name=\"submit\" type=\"submit\" value=\"H\u00e4mta min licensinformation\" \/><\/div>\n<\/div>\n<\/div>\n<\/form>\n<p><span style=\"font-size: 23.04px; color: #333333;\">Uppgradera ditt f\u00f6rsvar<\/span><\/p>\n<div class=\"threecol cl\">\n<p>Med ESET NOD32 Antivirus f\u00e5r du skydd p\u00e5 h\u00f6gsta niv\u00e5 f\u00f6r arbete, sociala n\u00e4tverk, nedladdning av filer, online-spel och \u00f6verf\u00f6ring av data via flyttbara media.<\/p>\n<\/div>\n<div class=\"threecol cl\">\n<h2>Fullst\u00e4ndig sinnesro<\/h2>\n<p>ESET NOD32 Antivirus identifierar hot p\u00e5 flera niv\u00e5er och har unik molnteknik som stoppar hot och blockerar alla m\u00f6jliga angreppsv\u00e4gar.<\/p>\n<\/div>\n\n  <div class=\"banner has-hover hide-for-small has-parallax\" id=\"banner-2060795906\">\n          <div class=\"banner-inner fill\">\n        <div class=\"banner-bg fill\" data-parallax=\"-3\" data-parallax-container=\".banner\" data-parallax-background>\n            <img loading=\"lazy\" decoding=\"async\" width=\"1600\" height=\"500\" src=\"https:\/\/www.heddata.se\/webbutik\/wp-content\/uploads\/sidor\/eset-banner-glomt.jpg\" class=\"bg attachment-original size-original\" alt=\"\" \/>                        <div class=\"overlay\"><\/div>            \n            <div class=\"effect-sparkle bg-effect fill no-click\"><\/div>        <\/div>\n\t\t\n        <div class=\"banner-layers container\">\n            <div class=\"fill banner-link\"><\/div>            \n   <div id=\"text-box-650350589\" class=\"text-box banner-layer x5 md-x5 lg-x5 y50 md-y50 lg-y50 res-text\">\n                                <div class=\"text-box-content text \">\n              \n              <div class=\"text-inner text-left\">\n                  \n<h2 class=\"uppercase\"><strong>Tappat din licens?<\/strong><\/h2>\n<a href=\"https:\/\/www.heddata.se\/tjanster\/eset-aterfa-borttappad-eller-glomd-licens\/\" class=\"button primary lowercase\" rel=\"R\u00e4dda f\u00f6rlorad licens\" >\n\t\t<span>Vi hj\u00e4lper dig hitta din licens h\u00e4r.<\/span>\n\t<\/a>\n\n              <\/div>\n           <\/div>\n                            \n<style>\n#text-box-650350589 {\n  width: 60%;\n}\n#text-box-650350589 .text-box-content {\n  font-size: 100%;\n}\n@media (min-width:550px) {\n  #text-box-650350589 {\n    width: 60%;\n  }\n}\n<\/style>\n    <\/div>\n \n        <\/div>\n      <\/div>\n\n            \n<style>\n#banner-2060795906 {\n  padding-top: 31%;\n}\n#banner-2060795906 .overlay {\n  background-color: rgba(190, 190, 190, 0.21);\n}\n#banner-2060795906 .banner-bg img {\n  object-position: 80% 0%;\n}\n<\/style>\n  <\/div>\n\n\n<div class=\"threecol cl\">\n<p><span style=\"font-size: 23.04px; color: #333333;\">Intuitivt och fullt av funktioner<\/span><\/p>\n<\/div>\n<div class=\"threecol cl\">\n<p>ESET NOD32 Antivirus \u00e4r r\u00e4tt val b\u00e5de f\u00f6r dig som bara vill installera programmet och slippa g\u00f6ra n\u00e5got mer och f\u00f6r dig som sj\u00e4lv vill anpassa alla inst\u00e4llningar. Anv\u00e4ndargr\u00e4nssnittet ger dig tillg\u00e5ng till alla \u00e5tg\u00e4rder du beh\u00f6ver. Det har anpassningsalternativ som ger dig kontroll och h\u00e5ller dig uppdaterad om viktiga h\u00e4ndelser.<\/p>\n<\/div>\n<h2>V\u00c5R SENASTE TEKNIK ARBETAR F\u00d6R DIG<\/h2>\n<table class=\"nobrd\">\n<tbody>\n<tr>\n<td align=\"left\"><strong>F\u00f6rb\u00e4ttrad Exploit Blocker<\/strong><\/p>\n<p>Ett kraftfullt skydd mot hot som undviker detektering. Stoppar attacker p\u00e5 Java, webbl\u00e4sare, dokumentl\u00e4sare och e-postklienter.<\/td>\n<\/tr>\n<tr>\n<td align=\"left\"><strong>Avancerad minnesgenoms\u00f6kning<\/strong><\/p>\n<p>Ger dig extra skydd fr\u00e5n h\u00e5rt krypterad skadlig kod. S\u00f6ker efter hot direkt i systemets minne.<\/td>\n<\/tr>\n<\/tbody>\n<\/table>\n<h2>DRA NYTTA AV \u00c4NNU FLER FUNKTIONER<\/h2>\n<table class=\"nobrd\">\n<tbody>\n<tr>\n<td align=\"left\"><strong>Skydd mot identitetsst\u00f6ld<\/strong><\/p>\n<p>Undvik webbplatser som stj\u00e4l anv\u00e4ndarnamn eller bankuppgifter \u2013 med skydd mot n\u00e4tfiske. S\u00e4tt stopp f\u00f6r kopiering av privata uppgifter till externa enheter \u2013 med enhetskontroll.<\/td>\n<\/tr>\n<\/tbody>\n<\/table>\n<h2>Utm\u00e4rkelser<\/h2>\n<p><img loading=\"lazy\" decoding=\"async\" src=\"http:\/\/www.eset.se\/images2\/awards\/AV-Test_Best-Usability.png\" alt=\"AV-Test Utm\u00e4rkelser\" width=\"32\" height=\"50\" \/> <img loading=\"lazy\" decoding=\"async\" src=\"http:\/\/www.eset.se\/images2\/awards\/vb100.png\" alt=\"Virus Bulletin Utm\u00e4rkelser\" width=\"40\" height=\"60\" \/> <img loading=\"lazy\" decoding=\"async\" src=\"http:\/\/www.eset.se\/images2\/awards\/av-comparatives.png\" alt=\"AV-Comparatives Utm\u00e4rkelser\" width=\"40\" height=\"40\" \/><\/p>\n<p><strong>AV-Comparatives<\/strong> &#8211; ESET har f\u00e5tt fler &#8221;Advanced+&#8221;-utm\u00e4rkelser i proaktiva tester fr\u00e5n AV-Comparatives \u00e4n n\u00e5got annat antivirusprogram i v\u00e4rlden.<\/p>\n<p><strong>Virus Bulletin<\/strong> &#8211; Vi har f\u00e5tt flest Virus Bulletin VB100-utm\u00e4rkelser och aldrig missat ett enda &#8221;in-the-wild&#8221;-virus.<\/p>\n<p>Mer information hittar ni hos <a href=\"https:\/\/www.eset.com\/se\/home\/antivirus\/\" target=\"_blank\" rel=\"noopener noreferrer\">ESET<\/a>.<\/p>\n","protected":false},"excerpt":{"rendered":"<p><strong>F\u00f6rnya licensen f\u00f6r ESET Nod32 Antivirus Online<\/strong>. Skydda din dator och dig sj\u00e4lv med prisbel\u00f6nta ESET NOD32 Antivirus, nu med kraftfullt skydd mot attacker mot Java. Nya ESET NOD32 Antivirus 10 bygger p\u00e5 den bepr\u00f6vade ESET NOD32-motorn och ger ett bra skydd motskadlig kod. Produkten \u00e4r effektiv och anv\u00e4ndarv\u00e4nlig och bygger p\u00e5 ESET:s bepr\u00f6vade detektionsteknik. Inneh\u00e5ller \u00e4ven Gamer Mode f\u00f6r prestandasn\u00e5lt skydd medan du spelar. Den senaste versionen inneh\u00e5ller dessutom flera f\u00f6rb\u00e4ttrade funktioner, som t.ex. skydd mot skriptbaserade attacker.\u00a0<strong>F\u00f6rnya din licens\u00a0f\u00f6r ESET Nod32 Antivirus Online nu direkt<\/strong>.<\/p>\n","protected":false},"featured_media":96063,"template":"","meta":[],"product_brand":[],"product_cat":[50,37],"product_tag":[5059],"class_list":{"0":"post-952","1":"product","2":"type-product","3":"status-publish","4":"has-post-thumbnail","6":"product_cat-eset","7":"product_cat-programvara","8":"product_tag-eset-fornyelse-display","10":"first","11":"instock","12":"taxable","13":"shipping-taxable","14":"product-type-external"},"yoast_head":"<!-- This site is optimized with the Yoast SEO Premium plugin v26.7 (Yoast SEO v26.7) - https:\/\/yoast.com\/wordpress\/plugins\/seo\/ -->\n<title>F\u00f6rnya licensen f\u00f6r ESET Nod32 Antivirus Online hos Heddata<\/title>\n<meta name=\"description\" content=\"H\u00e4r kan du f\u00f6rnya licensen f\u00f6r ESET Nod32 Antivirus direkt online. Se till att alltid h\u00e5lla ditt ESET Antivirus uppdaterat och f\u00f6rnyat.\" \/>\n<meta name=\"robots\" content=\"index, follow, max-snippet:-1, max-image-preview:large, max-video-preview:-1\" \/>\n<link rel=\"canonical\" href=\"https:\/\/www.heddata.se\/webbutik\/produkt\/fornya-eset-nod32-online\/\" \/>\n<meta property=\"og:locale\" content=\"sv_SE\" \/>\n<meta property=\"og:type\" content=\"article\" \/>\n<meta property=\"og:title\" content=\"F\u00f6rnya licensen f\u00f6r ESET Nod32 Antivirus Online\" \/>\n<meta property=\"og:description\" content=\"H\u00e4r kan du f\u00f6rnya licensen f\u00f6r ESET Nod32 Antivirus direkt online. Se till att alltid h\u00e5lla ditt ESET Antivirus uppdaterat och f\u00f6rnyat.\" \/>\n<meta property=\"og:url\" content=\"https:\/\/www.heddata.se\/webbutik\/produkt\/fornya-eset-nod32-online\/\" \/>\n<meta property=\"og:site_name\" content=\"Datorer, Skrivare, F\u00e4rgpatroner, Mobiltelefoner\" \/>\n<meta property=\"article:modified_time\" content=\"2025-03-13T12:12:13+00:00\" \/>\n<meta property=\"og:image\" content=\"https:\/\/www.heddata.se\/webbutik\/wp-content\/uploads\/nod32.png\" \/>\n\t<meta property=\"og:image:width\" content=\"626\" \/>\n\t<meta property=\"og:image:height\" content=\"626\" \/>\n\t<meta property=\"og:image:type\" content=\"image\/png\" \/>\n<meta name=\"twitter:card\" content=\"summary_large_image\" \/>\n<meta name=\"twitter:label1\" content=\"Ber\u00e4knad l\u00e4stid\" \/>\n\t<meta name=\"twitter:data1\" content=\"3 minuter\" \/>\n<script type=\"application\/ld+json\" class=\"yoast-schema-graph\">{\"@context\":\"https:\/\/schema.org\",\"@graph\":[{\"@type\":\"WebPage\",\"@id\":\"https:\/\/www.heddata.se\/webbutik\/produkt\/fornya-eset-nod32-online\/\",\"url\":\"https:\/\/www.heddata.se\/webbutik\/produkt\/fornya-eset-nod32-online\/\",\"name\":\"F\u00f6rnya licensen f\u00f6r ESET Nod32 Antivirus Online hos Heddata\",\"isPartOf\":{\"@id\":\"https:\/\/www.heddata.se\/webbutik\/#website\"},\"primaryImageOfPage\":{\"@id\":\"https:\/\/www.heddata.se\/webbutik\/produkt\/fornya-eset-nod32-online\/#primaryimage\"},\"image\":{\"@id\":\"https:\/\/www.heddata.se\/webbutik\/produkt\/fornya-eset-nod32-online\/#primaryimage\"},\"thumbnailUrl\":\"https:\/\/www.heddata.se\/webbutik\/wp-content\/uploads\/webbutik\/kategorier\/eset\/nod32.png\",\"datePublished\":\"2016-11-03T15:17:07+00:00\",\"dateModified\":\"2025-03-13T12:12:13+00:00\",\"description\":\"H\u00e4r kan du f\u00f6rnya licensen f\u00f6r ESET Nod32 Antivirus direkt online. Se till att alltid h\u00e5lla ditt ESET Antivirus uppdaterat och f\u00f6rnyat.\",\"breadcrumb\":{\"@id\":\"https:\/\/www.heddata.se\/webbutik\/produkt\/fornya-eset-nod32-online\/#breadcrumb\"},\"inLanguage\":\"sv-SE\",\"potentialAction\":[{\"@type\":\"ReadAction\",\"target\":[\"https:\/\/www.heddata.se\/webbutik\/produkt\/fornya-eset-nod32-online\/\"]}]},{\"@type\":\"ImageObject\",\"inLanguage\":\"sv-SE\",\"@id\":\"https:\/\/www.heddata.se\/webbutik\/produkt\/fornya-eset-nod32-online\/#primaryimage\",\"url\":\"https:\/\/www.heddata.se\/webbutik\/wp-content\/uploads\/webbutik\/kategorier\/eset\/nod32.png\",\"contentUrl\":\"https:\/\/www.heddata.se\/webbutik\/wp-content\/uploads\/webbutik\/kategorier\/eset\/nod32.png\",\"width\":626,\"height\":626,\"caption\":\"ESET Nod32 Antivirus\"},{\"@type\":\"BreadcrumbList\",\"@id\":\"https:\/\/www.heddata.se\/webbutik\/produkt\/fornya-eset-nod32-online\/#breadcrumb\",\"itemListElement\":[{\"@type\":\"ListItem\",\"position\":1,\"name\":\"Hem\",\"item\":\"https:\/\/www.heddata.se\/webbutik\/\"},{\"@type\":\"ListItem\",\"position\":2,\"name\":\"Produkter\",\"item\":\"https:\/\/www.heddata.se\/webbutik\/shop\/\"},{\"@type\":\"ListItem\",\"position\":3,\"name\":\"F\u00f6rnya licensen f\u00f6r ESET Nod32 Antivirus Online\"}]},{\"@type\":\"WebSite\",\"@id\":\"https:\/\/www.heddata.se\/webbutik\/#website\",\"url\":\"https:\/\/www.heddata.se\/webbutik\/\",\"name\":\"Datorer, Skrivare, F\u00e4rgpatroner, Mobiltelefoner\",\"description\":\"Kablar\",\"publisher\":{\"@id\":\"https:\/\/www.heddata.se\/webbutik\/#organization\"},\"potentialAction\":[{\"@type\":\"SearchAction\",\"target\":{\"@type\":\"EntryPoint\",\"urlTemplate\":\"https:\/\/www.heddata.se\/webbutik\/?s={search_term_string}\"},\"query-input\":{\"@type\":\"PropertyValueSpecification\",\"valueRequired\":true,\"valueName\":\"search_term_string\"}}],\"inLanguage\":\"sv-SE\"},{\"@type\":\"Organization\",\"@id\":\"https:\/\/www.heddata.se\/webbutik\/#organization\",\"name\":\"Heddata AB\",\"url\":\"https:\/\/www.heddata.se\/webbutik\/\",\"logo\":{\"@type\":\"ImageObject\",\"inLanguage\":\"sv-SE\",\"@id\":\"https:\/\/www.heddata.se\/webbutik\/#\/schema\/logo\/image\/\",\"url\":\"https:\/\/www.heddata.se\/webbutik\/wp-content\/uploads\/logga\/heddata-ab-logga.png\",\"contentUrl\":\"https:\/\/www.heddata.se\/webbutik\/wp-content\/uploads\/logga\/heddata-ab-logga.png\",\"width\":200,\"height\":64,\"caption\":\"Heddata AB\"},\"image\":{\"@id\":\"https:\/\/www.heddata.se\/webbutik\/#\/schema\/logo\/image\/\"}}]}<\/script>\n<!-- \/ Yoast SEO Premium plugin. -->","yoast_head_json":{"title":"F\u00f6rnya licensen f\u00f6r ESET Nod32 Antivirus Online hos Heddata","description":"H\u00e4r kan du f\u00f6rnya licensen f\u00f6r ESET Nod32 Antivirus direkt online. Se till att alltid h\u00e5lla ditt ESET Antivirus uppdaterat och f\u00f6rnyat.","robots":{"index":"index","follow":"follow","max-snippet":"max-snippet:-1","max-image-preview":"max-image-preview:large","max-video-preview":"max-video-preview:-1"},"canonical":"https:\/\/www.heddata.se\/webbutik\/produkt\/fornya-eset-nod32-online\/","og_locale":"sv_SE","og_type":"article","og_title":"F\u00f6rnya licensen f\u00f6r ESET Nod32 Antivirus Online","og_description":"H\u00e4r kan du f\u00f6rnya licensen f\u00f6r ESET Nod32 Antivirus direkt online. Se till att alltid h\u00e5lla ditt ESET Antivirus uppdaterat och f\u00f6rnyat.","og_url":"https:\/\/www.heddata.se\/webbutik\/produkt\/fornya-eset-nod32-online\/","og_site_name":"Datorer, Skrivare, F\u00e4rgpatroner, Mobiltelefoner","article_modified_time":"2025-03-13T12:12:13+00:00","og_image":[{"width":626,"height":626,"url":"https:\/\/www.heddata.se\/webbutik\/wp-content\/uploads\/nod32.png","type":"image\/png"}],"twitter_card":"summary_large_image","twitter_misc":{"Ber\u00e4knad l\u00e4stid":"3 minuter"},"schema":{"@context":"https:\/\/schema.org","@graph":[{"@type":"WebPage","@id":"https:\/\/www.heddata.se\/webbutik\/produkt\/fornya-eset-nod32-online\/","url":"https:\/\/www.heddata.se\/webbutik\/produkt\/fornya-eset-nod32-online\/","name":"F\u00f6rnya licensen f\u00f6r ESET Nod32 Antivirus Online hos Heddata","isPartOf":{"@id":"https:\/\/www.heddata.se\/webbutik\/#website"},"primaryImageOfPage":{"@id":"https:\/\/www.heddata.se\/webbutik\/produkt\/fornya-eset-nod32-online\/#primaryimage"},"image":{"@id":"https:\/\/www.heddata.se\/webbutik\/produkt\/fornya-eset-nod32-online\/#primaryimage"},"thumbnailUrl":"https:\/\/www.heddata.se\/webbutik\/wp-content\/uploads\/webbutik\/kategorier\/eset\/nod32.png","datePublished":"2016-11-03T15:17:07+00:00","dateModified":"2025-03-13T12:12:13+00:00","description":"H\u00e4r kan du f\u00f6rnya licensen f\u00f6r ESET Nod32 Antivirus direkt online. Se till att alltid h\u00e5lla ditt ESET Antivirus uppdaterat och f\u00f6rnyat.","breadcrumb":{"@id":"https:\/\/www.heddata.se\/webbutik\/produkt\/fornya-eset-nod32-online\/#breadcrumb"},"inLanguage":"sv-SE","potentialAction":[{"@type":"ReadAction","target":["https:\/\/www.heddata.se\/webbutik\/produkt\/fornya-eset-nod32-online\/"]}]},{"@type":"ImageObject","inLanguage":"sv-SE","@id":"https:\/\/www.heddata.se\/webbutik\/produkt\/fornya-eset-nod32-online\/#primaryimage","url":"https:\/\/www.heddata.se\/webbutik\/wp-content\/uploads\/webbutik\/kategorier\/eset\/nod32.png","contentUrl":"https:\/\/www.heddata.se\/webbutik\/wp-content\/uploads\/webbutik\/kategorier\/eset\/nod32.png","width":626,"height":626,"caption":"ESET Nod32 Antivirus"},{"@type":"BreadcrumbList","@id":"https:\/\/www.heddata.se\/webbutik\/produkt\/fornya-eset-nod32-online\/#breadcrumb","itemListElement":[{"@type":"ListItem","position":1,"name":"Hem","item":"https:\/\/www.heddata.se\/webbutik\/"},{"@type":"ListItem","position":2,"name":"Produkter","item":"https:\/\/www.heddata.se\/webbutik\/shop\/"},{"@type":"ListItem","position":3,"name":"F\u00f6rnya licensen f\u00f6r ESET Nod32 Antivirus Online"}]},{"@type":"WebSite","@id":"https:\/\/www.heddata.se\/webbutik\/#website","url":"https:\/\/www.heddata.se\/webbutik\/","name":"Datorer, Skrivare, F\u00e4rgpatroner, Mobiltelefoner","description":"Kablar","publisher":{"@id":"https:\/\/www.heddata.se\/webbutik\/#organization"},"potentialAction":[{"@type":"SearchAction","target":{"@type":"EntryPoint","urlTemplate":"https:\/\/www.heddata.se\/webbutik\/?s={search_term_string}"},"query-input":{"@type":"PropertyValueSpecification","valueRequired":true,"valueName":"search_term_string"}}],"inLanguage":"sv-SE"},{"@type":"Organization","@id":"https:\/\/www.heddata.se\/webbutik\/#organization","name":"Heddata AB","url":"https:\/\/www.heddata.se\/webbutik\/","logo":{"@type":"ImageObject","inLanguage":"sv-SE","@id":"https:\/\/www.heddata.se\/webbutik\/#\/schema\/logo\/image\/","url":"https:\/\/www.heddata.se\/webbutik\/wp-content\/uploads\/logga\/heddata-ab-logga.png","contentUrl":"https:\/\/www.heddata.se\/webbutik\/wp-content\/uploads\/logga\/heddata-ab-logga.png","width":200,"height":64,"caption":"Heddata AB"},"image":{"@id":"https:\/\/www.heddata.se\/webbutik\/#\/schema\/logo\/image\/"}}]}},"_links":{"self":[{"href":"https:\/\/www.heddata.se\/webbutik\/wp-json\/wp\/v2\/product\/952","targetHints":{"allow":["GET"]}}],"collection":[{"href":"https:\/\/www.heddata.se\/webbutik\/wp-json\/wp\/v2\/product"}],"about":[{"href":"https:\/\/www.heddata.se\/webbutik\/wp-json\/wp\/v2\/types\/product"}],"wp:featuredmedia":[{"embeddable":true,"href":"https:\/\/www.heddata.se\/webbutik\/wp-json\/wp\/v2\/media\/96063"}],"wp:attachment":[{"href":"https:\/\/www.heddata.se\/webbutik\/wp-json\/wp\/v2\/media?parent=952"}],"wp:term":[{"taxonomy":"product_brand","embeddable":true,"href":"https:\/\/www.heddata.se\/webbutik\/wp-json\/wp\/v2\/product_brand?post=952"},{"taxonomy":"product_cat","embeddable":true,"href":"https:\/\/www.heddata.se\/webbutik\/wp-json\/wp\/v2\/product_cat?post=952"},{"taxonomy":"product_tag","embeddable":true,"href":"https:\/\/www.heddata.se\/webbutik\/wp-json\/wp\/v2\/product_tag?post=952"}],"curies":[{"name":"wp","href":"https:\/\/api.w.org\/{rel}","templated":true}]}}