{"id":95176,"date":"2024-03-08T11:19:16","date_gmt":"2024-03-08T10:19:16","guid":{"rendered":"https:\/\/www.heddata.se\/webbutik\/?post_type=product&#038;p=95176"},"modified":"2026-05-05T18:13:20","modified_gmt":"2026-05-05T16:13:20","slug":"vaggladdare-65-w-snabbladdnings-funktion-2-0-2-25-a-3-25-a-a-antal-utgangar-2-usb-a-usb-c-automatiskt-val-av-spanning-wcpd65w130bk","status":"publish","type":"product","link":"https:\/\/www.heddata.se\/webbutik\/produkt\/vaggladdare-65-w-snabbladdnings-funktion-2-0-2-25-a-3-25-a-a-antal-utgangar-2-usb-a-usb-c-automatiskt-val-av-spanning-wcpd65w130bk\/","title":{"rendered":"V\u00e4ggladdare 65 W Snabbladdnings funktion 2.0 \/ 2.25 A \/ 3.25 A A Antal utg\u00e5ngar: 2 USB-A \/ USB-C\u2122 Automatiskt val av Sp\u00e4nning &#8211; WCPD65W130BK"},"content":{"rendered":"<p>V\u00e4ggladdare 65 W Snabbladdnings funktion 2.0 \/ 2.25 A \/ 3.25 A A Antal utg\u00e5ngar: 2 USB-A \/ USB-C\u2122 Automatiskt val av Sp\u00e4nning &#8211; WCPD65W130BK<\/p>\n<p>Med <a href=\"https:\/\/nedis.se\/sv-se\" target=\"_blank\" rel=\"noopener\">Nedis<\/a> kompakta USB-C-v\u00e4ggladdare med dubbla USB-portar kan du samtidigt ladda en b\u00e4rbar dator och en enhet till, exempelvis en <a href=\"https:\/\/www.heddata.se\/webbutik\/telefon-surfplattor\/mobiltelefoner\/\">smartphone,<\/a> surfplatta eller en USB-enhet som Nintendo Switch. Laddaren p\u00e5 65\u00a0W anv\u00e4nder USB Power Delivery-teknik och Quick Charge\u2122 3.0 och kan ladda dina enheter snabbare och mer effektivt. Smart IC-teknik som automatiskt k\u00e4nner av den str\u00f6m som beh\u00f6vs.<br \/>\nLaddaren \u00e4r inte bara perfekt f\u00f6r anv\u00e4ndning hemma eller p\u00e5 jobbet, det kompakta formatet g\u00f6r den \u00e4ven till en idealisk resel\u00f6sning.<\/p>\n<p>65 W<br \/>\nPD (Power Delivery)<br \/>\nQC3.0 (snabbladdning)<br \/>\nSmart IC-teknik som automatiskt k\u00e4nner av den str\u00f6m som beh\u00f6vs<\/p>\n<h3>Produktspecifikationer<\/h3>\n<table class=\"table table-with-odd-background\">\n<tbody>\n<tr>\n<td class=\"col-4\">Bredd<\/td>\n<td class=\"col-8\">29 mm<\/td>\n<\/tr>\n<tr>\n<td class=\"col-4\">H\u00f6jd<\/td>\n<td class=\"col-8\">75 mm<\/td>\n<\/tr>\n<tr>\n<td class=\"col-4\">Djup<\/td>\n<td class=\"col-8\">49 mm<\/td>\n<\/tr>\n<tr>\n<td class=\"col-4\">Vikt<\/td>\n<td class=\"col-8\">130 g<\/td>\n<\/tr>\n<tr>\n<td class=\"col-4\">F\u00e4rg<\/td>\n<td class=\"col-8\">Svart<\/td>\n<\/tr>\n<tr>\n<td class=\"col-4\">Typ av str\u00f6mk\u00e4lla<\/td>\n<td class=\"col-8\">Str\u00f6madapter<\/td>\n<\/tr>\n<tr>\n<td class=\"col-4\">Material<\/td>\n<td class=\"col-8\">Polycarbonate<\/td>\n<\/tr>\n<tr>\n<td class=\"col-4\">Kabel ing\u00e5r<\/td>\n<td class=\"col-8\">Nej<\/td>\n<\/tr>\n<tr>\n<td class=\"col-4\">Snabbladdnings funktion<\/td>\n<td class=\"col-8\">Ja<\/td>\n<\/tr>\n<tr>\n<td class=\"col-4\">Insp\u00e4nning<\/td>\n<td class=\"col-8\">100 &#8211; 240 V AC 50\/60 Hz<\/td>\n<\/tr>\n<tr>\n<td class=\"col-4\">Kompatibel med enhet<\/td>\n<td class=\"col-8\">Smartphone<br \/>\nSurfplatta<br \/>\nAnteckningsbok<\/td>\n<\/tr>\n<tr>\n<td class=\"col-4\">LED indikatorn anv\u00e4nds<\/td>\n<td class=\"col-8\">Nej<\/td>\n<\/tr>\n<tr>\n<td class=\"col-4\">Antal utg\u00e5ngar<\/td>\n<td class=\"col-8\">2<\/td>\n<\/tr>\n<tr>\n<td class=\"col-4\">Ing\u00e5ngsstr\u00f6m<\/td>\n<td class=\"col-8\">1.5 A<\/td>\n<\/tr>\n<tr>\n<td class=\"col-4\">N\u00e4tkontakt<\/td>\n<td class=\"col-8\">Euro \/ Typ-C (CEE 7\/16)<\/td>\n<\/tr>\n<tr>\n<td class=\"col-4\">Antal varor i paketet<\/td>\n<td class=\"col-8\">1 st.<\/td>\n<\/tr>\n<tr>\n<td class=\"col-4\">Port typ<\/td>\n<td class=\"col-8\">USB-C\u2122<br \/>\nUSB-A<\/td>\n<\/tr>\n<tr>\n<td class=\"col-4\">Maximal utg\u00e5ngsstr\u00f6m per port<\/td>\n<td class=\"col-8\">3.0 A<\/td>\n<\/tr>\n<tr>\n<td class=\"col-4\">Utstr\u00f6m<\/td>\n<td class=\"col-8\">2.25 A A<br \/>\n3.25 A A<br \/>\n2.0 A<\/td>\n<\/tr>\n<tr>\n<td class=\"col-4\">Ladda tv\u00e5 enheter samtidigt<\/td>\n<td class=\"col-8\">2 st.<\/td>\n<\/tr>\n<tr>\n<td class=\"col-4\">Val av utsp\u00e4nning<\/td>\n<td class=\"col-8\">Automatiskt val av Sp\u00e4nning<\/td>\n<\/tr>\n<tr>\n<td class=\"col-4\">Maximal Utg\u00e5ngseffekt<\/td>\n<td class=\"col-8\">65 W<\/td>\n<\/tr>\n<\/tbody>\n<\/table>\n","protected":false},"excerpt":{"rendered":"<p>V\u00e4ggladdare 65 W Snabbladdnings funktion 2.0 \/ 2.25 A \/ 3.25 A A Antal utg\u00e5ngar: 2 USB-A \/ USB-C\u2122 Automatiskt val av Sp\u00e4nning &#8211; WCPD65W130BK<\/p>\n","protected":false},"featured_media":95183,"template":"","meta":[],"product_brand":[],"product_cat":[8994,118,69,123],"product_tag":[],"class_list":{"0":"post-95176","1":"product","2":"type-product","3":"status-publish","4":"has-post-thumbnail","6":"product_cat-datorladdare","7":"product_cat-telefonladdare","8":"product_cat-telefontillbehor","9":"product_cat-vaggladdare","11":"first","12":"instock","13":"taxable","14":"shipping-taxable","15":"purchasable","16":"product-type-simple"},"yoast_head":"<!-- This site is optimized with the Yoast SEO Premium plugin v26.7 (Yoast SEO v26.7) - https:\/\/yoast.com\/wordpress\/plugins\/seo\/ -->\n<title>V\u00e4ggladdare 65 W Snabbladdnings funktion 2.0 \/ 2.25 A \/ 3.25 A A<\/title>\n<meta name=\"description\" content=\"V\u00e4ggladdare 65 W Snabbladdnings funktion 2.0 \/ 2.25 A \/ 3.25 A A Antal utg\u00e5ngar: 2 USB-A \/ USB-C\u2122 Automatiskt val av Sp\u00e4nning - WCPD65W130BK\" \/>\n<meta name=\"robots\" content=\"index, follow, max-snippet:-1, max-image-preview:large, max-video-preview:-1\" \/>\n<link rel=\"canonical\" href=\"https:\/\/www.heddata.se\/webbutik\/produkt\/vaggladdare-65-w-snabbladdnings-funktion-2-0-2-25-a-3-25-a-a-antal-utgangar-2-usb-a-usb-c-automatiskt-val-av-spanning-wcpd65w130bk\/\" \/>\n<meta property=\"og:locale\" content=\"sv_SE\" \/>\n<meta property=\"og:type\" content=\"article\" \/>\n<meta property=\"og:title\" content=\"V\u00e4ggladdare 65 W Snabbladdnings funktion 2.0 \/ 2.25 A \/ 3.25 A A Antal utg\u00e5ngar: 2 USB-A \/ USB-C\u2122 Automatiskt val av Sp\u00e4nning - WCPD65W130BK\" \/>\n<meta property=\"og:description\" content=\"V\u00e4ggladdare 65 W Snabbladdnings funktion 2.0 \/ 2.25 A \/ 3.25 A A Antal utg\u00e5ngar: 2 USB-A \/ USB-C\u2122 Automatiskt val av Sp\u00e4nning - WCPD65W130BK\" \/>\n<meta property=\"og:url\" content=\"https:\/\/www.heddata.se\/webbutik\/produkt\/vaggladdare-65-w-snabbladdnings-funktion-2-0-2-25-a-3-25-a-a-antal-utgangar-2-usb-a-usb-c-automatiskt-val-av-spanning-wcpd65w130bk\/\" \/>\n<meta property=\"og:site_name\" content=\"Datorer, Skrivare, F\u00e4rgpatroner, Mobiltelefoner\" \/>\n<meta property=\"article:modified_time\" content=\"2026-05-05T16:13:20+00:00\" \/>\n<meta property=\"og:image\" content=\"https:\/\/www.heddata.se\/webbutik\/wp-content\/uploads\/webbutik\/kategorier\/telefontillbehor\/wcpd65w130bk.jpeg\" \/>\n\t<meta property=\"og:image:width\" content=\"1200\" \/>\n\t<meta property=\"og:image:height\" content=\"1200\" \/>\n\t<meta property=\"og:image:type\" content=\"image\/jpeg\" \/>\n<meta name=\"twitter:card\" content=\"summary_large_image\" \/>\n<meta name=\"twitter:label1\" content=\"Ber\u00e4knad l\u00e4stid\" \/>\n\t<meta name=\"twitter:data1\" content=\"1 minut\" \/>\n<script type=\"application\/ld+json\" class=\"yoast-schema-graph\">{\"@context\":\"https:\/\/schema.org\",\"@graph\":[{\"@type\":\"WebPage\",\"@id\":\"https:\/\/www.heddata.se\/webbutik\/produkt\/vaggladdare-65-w-snabbladdnings-funktion-2-0-2-25-a-3-25-a-a-antal-utgangar-2-usb-a-usb-c-automatiskt-val-av-spanning-wcpd65w130bk\/\",\"url\":\"https:\/\/www.heddata.se\/webbutik\/produkt\/vaggladdare-65-w-snabbladdnings-funktion-2-0-2-25-a-3-25-a-a-antal-utgangar-2-usb-a-usb-c-automatiskt-val-av-spanning-wcpd65w130bk\/\",\"name\":\"V\u00e4ggladdare 65 W Snabbladdnings funktion 2.0 \/ 2.25 A \/ 3.25 A A\",\"isPartOf\":{\"@id\":\"https:\/\/www.heddata.se\/webbutik\/#website\"},\"primaryImageOfPage\":{\"@id\":\"https:\/\/www.heddata.se\/webbutik\/produkt\/vaggladdare-65-w-snabbladdnings-funktion-2-0-2-25-a-3-25-a-a-antal-utgangar-2-usb-a-usb-c-automatiskt-val-av-spanning-wcpd65w130bk\/#primaryimage\"},\"image\":{\"@id\":\"https:\/\/www.heddata.se\/webbutik\/produkt\/vaggladdare-65-w-snabbladdnings-funktion-2-0-2-25-a-3-25-a-a-antal-utgangar-2-usb-a-usb-c-automatiskt-val-av-spanning-wcpd65w130bk\/#primaryimage\"},\"thumbnailUrl\":\"https:\/\/www.heddata.se\/webbutik\/wp-content\/uploads\/webbutik\/kategorier\/telefontillbehor\/wcpd65w130bk.jpeg\",\"datePublished\":\"2024-03-08T10:19:16+00:00\",\"dateModified\":\"2026-05-05T16:13:20+00:00\",\"description\":\"V\u00e4ggladdare 65 W Snabbladdnings funktion 2.0 \/ 2.25 A \/ 3.25 A A Antal utg\u00e5ngar: 2 USB-A \/ USB-C\u2122 Automatiskt val av Sp\u00e4nning - WCPD65W130BK\",\"breadcrumb\":{\"@id\":\"https:\/\/www.heddata.se\/webbutik\/produkt\/vaggladdare-65-w-snabbladdnings-funktion-2-0-2-25-a-3-25-a-a-antal-utgangar-2-usb-a-usb-c-automatiskt-val-av-spanning-wcpd65w130bk\/#breadcrumb\"},\"inLanguage\":\"sv-SE\",\"potentialAction\":[{\"@type\":\"ReadAction\",\"target\":[\"https:\/\/www.heddata.se\/webbutik\/produkt\/vaggladdare-65-w-snabbladdnings-funktion-2-0-2-25-a-3-25-a-a-antal-utgangar-2-usb-a-usb-c-automatiskt-val-av-spanning-wcpd65w130bk\/\"]}]},{\"@type\":\"ImageObject\",\"inLanguage\":\"sv-SE\",\"@id\":\"https:\/\/www.heddata.se\/webbutik\/produkt\/vaggladdare-65-w-snabbladdnings-funktion-2-0-2-25-a-3-25-a-a-antal-utgangar-2-usb-a-usb-c-automatiskt-val-av-spanning-wcpd65w130bk\/#primaryimage\",\"url\":\"https:\/\/www.heddata.se\/webbutik\/wp-content\/uploads\/webbutik\/kategorier\/telefontillbehor\/wcpd65w130bk.jpeg\",\"contentUrl\":\"https:\/\/www.heddata.se\/webbutik\/wp-content\/uploads\/webbutik\/kategorier\/telefontillbehor\/wcpd65w130bk.jpeg\",\"width\":1200,\"height\":1200,\"caption\":\"V\u00e4ggladdare 65 W Snabbladdnings\"},{\"@type\":\"BreadcrumbList\",\"@id\":\"https:\/\/www.heddata.se\/webbutik\/produkt\/vaggladdare-65-w-snabbladdnings-funktion-2-0-2-25-a-3-25-a-a-antal-utgangar-2-usb-a-usb-c-automatiskt-val-av-spanning-wcpd65w130bk\/#breadcrumb\",\"itemListElement\":[{\"@type\":\"ListItem\",\"position\":1,\"name\":\"Hem\",\"item\":\"https:\/\/www.heddata.se\/webbutik\/\"},{\"@type\":\"ListItem\",\"position\":2,\"name\":\"Produkter\",\"item\":\"https:\/\/www.heddata.se\/webbutik\/shop\/\"},{\"@type\":\"ListItem\",\"position\":3,\"name\":\"V\u00e4ggladdare 65 W Snabbladdnings funktion 2.0 \/ 2.25 A \/ 3.25 A A Antal utg\u00e5ngar: 2 USB-A \/ USB-C\u2122 Automatiskt val av Sp\u00e4nning &#8211; WCPD65W130BK\"}]},{\"@type\":\"WebSite\",\"@id\":\"https:\/\/www.heddata.se\/webbutik\/#website\",\"url\":\"https:\/\/www.heddata.se\/webbutik\/\",\"name\":\"Datorer, Skrivare, F\u00e4rgpatroner, Mobiltelefoner\",\"description\":\"Kablar\",\"publisher\":{\"@id\":\"https:\/\/www.heddata.se\/webbutik\/#organization\"},\"potentialAction\":[{\"@type\":\"SearchAction\",\"target\":{\"@type\":\"EntryPoint\",\"urlTemplate\":\"https:\/\/www.heddata.se\/webbutik\/?s={search_term_string}\"},\"query-input\":{\"@type\":\"PropertyValueSpecification\",\"valueRequired\":true,\"valueName\":\"search_term_string\"}}],\"inLanguage\":\"sv-SE\"},{\"@type\":\"Organization\",\"@id\":\"https:\/\/www.heddata.se\/webbutik\/#organization\",\"name\":\"Heddata AB\",\"url\":\"https:\/\/www.heddata.se\/webbutik\/\",\"logo\":{\"@type\":\"ImageObject\",\"inLanguage\":\"sv-SE\",\"@id\":\"https:\/\/www.heddata.se\/webbutik\/#\/schema\/logo\/image\/\",\"url\":\"https:\/\/www.heddata.se\/webbutik\/wp-content\/uploads\/logga\/heddata-ab-logga.png\",\"contentUrl\":\"https:\/\/www.heddata.se\/webbutik\/wp-content\/uploads\/logga\/heddata-ab-logga.png\",\"width\":200,\"height\":64,\"caption\":\"Heddata AB\"},\"image\":{\"@id\":\"https:\/\/www.heddata.se\/webbutik\/#\/schema\/logo\/image\/\"}}]}<\/script>\n<!-- \/ Yoast SEO Premium plugin. -->","yoast_head_json":{"title":"V\u00e4ggladdare 65 W Snabbladdnings funktion 2.0 \/ 2.25 A \/ 3.25 A A","description":"V\u00e4ggladdare 65 W Snabbladdnings funktion 2.0 \/ 2.25 A \/ 3.25 A A Antal utg\u00e5ngar: 2 USB-A \/ USB-C\u2122 Automatiskt val av Sp\u00e4nning - WCPD65W130BK","robots":{"index":"index","follow":"follow","max-snippet":"max-snippet:-1","max-image-preview":"max-image-preview:large","max-video-preview":"max-video-preview:-1"},"canonical":"https:\/\/www.heddata.se\/webbutik\/produkt\/vaggladdare-65-w-snabbladdnings-funktion-2-0-2-25-a-3-25-a-a-antal-utgangar-2-usb-a-usb-c-automatiskt-val-av-spanning-wcpd65w130bk\/","og_locale":"sv_SE","og_type":"article","og_title":"V\u00e4ggladdare 65 W Snabbladdnings funktion 2.0 \/ 2.25 A \/ 3.25 A A Antal utg\u00e5ngar: 2 USB-A \/ USB-C\u2122 Automatiskt val av Sp\u00e4nning - WCPD65W130BK","og_description":"V\u00e4ggladdare 65 W Snabbladdnings funktion 2.0 \/ 2.25 A \/ 3.25 A A Antal utg\u00e5ngar: 2 USB-A \/ USB-C\u2122 Automatiskt val av Sp\u00e4nning - WCPD65W130BK","og_url":"https:\/\/www.heddata.se\/webbutik\/produkt\/vaggladdare-65-w-snabbladdnings-funktion-2-0-2-25-a-3-25-a-a-antal-utgangar-2-usb-a-usb-c-automatiskt-val-av-spanning-wcpd65w130bk\/","og_site_name":"Datorer, Skrivare, F\u00e4rgpatroner, Mobiltelefoner","article_modified_time":"2026-05-05T16:13:20+00:00","og_image":[{"width":1200,"height":1200,"url":"https:\/\/www.heddata.se\/webbutik\/wp-content\/uploads\/webbutik\/kategorier\/telefontillbehor\/wcpd65w130bk.jpeg","type":"image\/jpeg"}],"twitter_card":"summary_large_image","twitter_misc":{"Ber\u00e4knad l\u00e4stid":"1 minut"},"schema":{"@context":"https:\/\/schema.org","@graph":[{"@type":"WebPage","@id":"https:\/\/www.heddata.se\/webbutik\/produkt\/vaggladdare-65-w-snabbladdnings-funktion-2-0-2-25-a-3-25-a-a-antal-utgangar-2-usb-a-usb-c-automatiskt-val-av-spanning-wcpd65w130bk\/","url":"https:\/\/www.heddata.se\/webbutik\/produkt\/vaggladdare-65-w-snabbladdnings-funktion-2-0-2-25-a-3-25-a-a-antal-utgangar-2-usb-a-usb-c-automatiskt-val-av-spanning-wcpd65w130bk\/","name":"V\u00e4ggladdare 65 W Snabbladdnings funktion 2.0 \/ 2.25 A \/ 3.25 A A","isPartOf":{"@id":"https:\/\/www.heddata.se\/webbutik\/#website"},"primaryImageOfPage":{"@id":"https:\/\/www.heddata.se\/webbutik\/produkt\/vaggladdare-65-w-snabbladdnings-funktion-2-0-2-25-a-3-25-a-a-antal-utgangar-2-usb-a-usb-c-automatiskt-val-av-spanning-wcpd65w130bk\/#primaryimage"},"image":{"@id":"https:\/\/www.heddata.se\/webbutik\/produkt\/vaggladdare-65-w-snabbladdnings-funktion-2-0-2-25-a-3-25-a-a-antal-utgangar-2-usb-a-usb-c-automatiskt-val-av-spanning-wcpd65w130bk\/#primaryimage"},"thumbnailUrl":"https:\/\/www.heddata.se\/webbutik\/wp-content\/uploads\/webbutik\/kategorier\/telefontillbehor\/wcpd65w130bk.jpeg","datePublished":"2024-03-08T10:19:16+00:00","dateModified":"2026-05-05T16:13:20+00:00","description":"V\u00e4ggladdare 65 W Snabbladdnings funktion 2.0 \/ 2.25 A \/ 3.25 A A Antal utg\u00e5ngar: 2 USB-A \/ USB-C\u2122 Automatiskt val av Sp\u00e4nning - WCPD65W130BK","breadcrumb":{"@id":"https:\/\/www.heddata.se\/webbutik\/produkt\/vaggladdare-65-w-snabbladdnings-funktion-2-0-2-25-a-3-25-a-a-antal-utgangar-2-usb-a-usb-c-automatiskt-val-av-spanning-wcpd65w130bk\/#breadcrumb"},"inLanguage":"sv-SE","potentialAction":[{"@type":"ReadAction","target":["https:\/\/www.heddata.se\/webbutik\/produkt\/vaggladdare-65-w-snabbladdnings-funktion-2-0-2-25-a-3-25-a-a-antal-utgangar-2-usb-a-usb-c-automatiskt-val-av-spanning-wcpd65w130bk\/"]}]},{"@type":"ImageObject","inLanguage":"sv-SE","@id":"https:\/\/www.heddata.se\/webbutik\/produkt\/vaggladdare-65-w-snabbladdnings-funktion-2-0-2-25-a-3-25-a-a-antal-utgangar-2-usb-a-usb-c-automatiskt-val-av-spanning-wcpd65w130bk\/#primaryimage","url":"https:\/\/www.heddata.se\/webbutik\/wp-content\/uploads\/webbutik\/kategorier\/telefontillbehor\/wcpd65w130bk.jpeg","contentUrl":"https:\/\/www.heddata.se\/webbutik\/wp-content\/uploads\/webbutik\/kategorier\/telefontillbehor\/wcpd65w130bk.jpeg","width":1200,"height":1200,"caption":"V\u00e4ggladdare 65 W Snabbladdnings"},{"@type":"BreadcrumbList","@id":"https:\/\/www.heddata.se\/webbutik\/produkt\/vaggladdare-65-w-snabbladdnings-funktion-2-0-2-25-a-3-25-a-a-antal-utgangar-2-usb-a-usb-c-automatiskt-val-av-spanning-wcpd65w130bk\/#breadcrumb","itemListElement":[{"@type":"ListItem","position":1,"name":"Hem","item":"https:\/\/www.heddata.se\/webbutik\/"},{"@type":"ListItem","position":2,"name":"Produkter","item":"https:\/\/www.heddata.se\/webbutik\/shop\/"},{"@type":"ListItem","position":3,"name":"V\u00e4ggladdare 65 W Snabbladdnings funktion 2.0 \/ 2.25 A \/ 3.25 A A Antal utg\u00e5ngar: 2 USB-A \/ USB-C\u2122 Automatiskt val av Sp\u00e4nning &#8211; WCPD65W130BK"}]},{"@type":"WebSite","@id":"https:\/\/www.heddata.se\/webbutik\/#website","url":"https:\/\/www.heddata.se\/webbutik\/","name":"Datorer, Skrivare, F\u00e4rgpatroner, Mobiltelefoner","description":"Kablar","publisher":{"@id":"https:\/\/www.heddata.se\/webbutik\/#organization"},"potentialAction":[{"@type":"SearchAction","target":{"@type":"EntryPoint","urlTemplate":"https:\/\/www.heddata.se\/webbutik\/?s={search_term_string}"},"query-input":{"@type":"PropertyValueSpecification","valueRequired":true,"valueName":"search_term_string"}}],"inLanguage":"sv-SE"},{"@type":"Organization","@id":"https:\/\/www.heddata.se\/webbutik\/#organization","name":"Heddata AB","url":"https:\/\/www.heddata.se\/webbutik\/","logo":{"@type":"ImageObject","inLanguage":"sv-SE","@id":"https:\/\/www.heddata.se\/webbutik\/#\/schema\/logo\/image\/","url":"https:\/\/www.heddata.se\/webbutik\/wp-content\/uploads\/logga\/heddata-ab-logga.png","contentUrl":"https:\/\/www.heddata.se\/webbutik\/wp-content\/uploads\/logga\/heddata-ab-logga.png","width":200,"height":64,"caption":"Heddata AB"},"image":{"@id":"https:\/\/www.heddata.se\/webbutik\/#\/schema\/logo\/image\/"}}]}},"_links":{"self":[{"href":"https:\/\/www.heddata.se\/webbutik\/wp-json\/wp\/v2\/product\/95176","targetHints":{"allow":["GET"]}}],"collection":[{"href":"https:\/\/www.heddata.se\/webbutik\/wp-json\/wp\/v2\/product"}],"about":[{"href":"https:\/\/www.heddata.se\/webbutik\/wp-json\/wp\/v2\/types\/product"}],"wp:featuredmedia":[{"embeddable":true,"href":"https:\/\/www.heddata.se\/webbutik\/wp-json\/wp\/v2\/media\/95183"}],"wp:attachment":[{"href":"https:\/\/www.heddata.se\/webbutik\/wp-json\/wp\/v2\/media?parent=95176"}],"wp:term":[{"taxonomy":"product_brand","embeddable":true,"href":"https:\/\/www.heddata.se\/webbutik\/wp-json\/wp\/v2\/product_brand?post=95176"},{"taxonomy":"product_cat","embeddable":true,"href":"https:\/\/www.heddata.se\/webbutik\/wp-json\/wp\/v2\/product_cat?post=95176"},{"taxonomy":"product_tag","embeddable":true,"href":"https:\/\/www.heddata.se\/webbutik\/wp-json\/wp\/v2\/product_tag?post=95176"}],"curies":[{"name":"wp","href":"https:\/\/api.w.org\/{rel}","templated":true}]}}