{"id":95169,"date":"2024-03-08T11:18:24","date_gmt":"2024-03-08T10:18:24","guid":{"rendered":"https:\/\/www.heddata.se\/webbutik\/?post_type=product&#038;p=95169"},"modified":"2026-05-06T18:09:27","modified_gmt":"2026-05-06T16:09:27","slug":"lightning-kabel-usb-2-0-apple-lightning-8-stifts-usb-c-hane-480-mbps-nickelplaterad-2-00-m-rund-pvc-svart-kuvert-ccgp39650bk20","status":"publish","type":"product","link":"https:\/\/www.heddata.se\/webbutik\/produkt\/lightning-kabel-usb-2-0-apple-lightning-8-stifts-usb-c-hane-480-mbps-nickelplaterad-2-00-m-rund-pvc-svart-kuvert-ccgp39650bk20\/","title":{"rendered":"Lightning Kabel USB 2.0 Apple Lightning, 8-stifts USB-C\u2122 Hane 480 Mbps Nickelplaterad 2.00 m Rund PVC Svart Kuvert &#8211; CCGP39650BK20"},"content":{"rendered":"<p>Lightning Kabel USB 2.0 Apple Lightning, 8-stifts USB-C\u2122 Hane 480 Mbps Nickelplaterad 2.00 m Rund PVC Svart Kuvert &#8211; CCGP39650BK20<\/p>\n<p>Kabel f\u00f6r att ansluta en iPhone, iPad, iPod eller MacBook till en PC f\u00f6r att synkronisera och ladda eller till en USB-C\u2122-laddare f\u00f6r att f\u00e5 upp batteriniv\u00e5n till 100 % igen.<\/p>\n<p>MFi-certifierad enligt Apples senaste prestandanormer<br \/>\nFlexibel dragavlastning f\u00f6r att undvika kabelbrott<br \/>\nUSB 2.0-teknik f\u00f6r snabb data\u00f6verf\u00f6ring upp till 480 Mbit\/s<br \/>\nSt\u00f6d f\u00f6r upp till 60 W\/20 V\/3 A f\u00f6r laddning och drift av <a href=\"https:\/\/www.heddata.se\/webbutik\/telefon-surfplattor\/mobiltelefoner\/\">Apple-enheter<\/a><\/p>\n<h3><a href=\"https:\/\/nedis.se\/sv-se\" target=\"_blank\" rel=\"noopener\">Produktspecifikationer<\/a><\/h3>\n<table class=\"table table-with-odd-background\">\n<tbody>\n<tr>\n<td class=\"col-4\">Anslutningsdesign \u2013 sida B<\/td>\n<td class=\"col-8\">Rak<\/td>\n<\/tr>\n<tr>\n<td class=\"col-4\">Anslutningsdesign \u2013 sida A<\/td>\n<td class=\"col-8\">Rak<\/td>\n<\/tr>\n<tr>\n<td class=\"col-4\">Kabelns utformning<\/td>\n<td class=\"col-8\">Rund<\/td>\n<\/tr>\n<tr>\n<td class=\"col-4\">Kontaktmaterial<\/td>\n<td class=\"col-8\">PVC<\/td>\n<\/tr>\n<tr>\n<td class=\"col-4\">Kabelmantelns material<\/td>\n<td class=\"col-8\">PVC<\/td>\n<\/tr>\n<tr>\n<td class=\"col-4\">Kabell\u00e4ngd<\/td>\n<td class=\"col-8\">2.00 m<\/td>\n<\/tr>\n<tr>\n<td class=\"col-4\">F\u00e4rg<\/td>\n<td class=\"col-8\">Svart<\/td>\n<\/tr>\n<tr>\n<td class=\"col-4\">Kontaktspl\u00e4tering<\/td>\n<td class=\"col-8\">Nickelplaterad<\/td>\n<\/tr>\n<tr>\n<td class=\"col-4\">Material<\/td>\n<td class=\"col-8\">PVC<\/td>\n<\/tr>\n<tr>\n<td class=\"col-4\">Kontakt A<\/td>\n<td class=\"col-8\">Apple Lightning, 8-stifts<\/td>\n<\/tr>\n<tr>\n<td class=\"col-4\">Ledarmaterial<\/td>\n<td class=\"col-8\">F\u00f6rtent Koppar<\/td>\n<\/tr>\n<tr>\n<td class=\"col-4\">USB teknik<\/td>\n<td class=\"col-8\">USB 2.0<\/td>\n<\/tr>\n<tr>\n<td class=\"col-4\">Ledardiameter<\/td>\n<td class=\"col-8\">11 x 0.08 mm<\/td>\n<\/tr>\n<tr>\n<td class=\"col-4\">Kontakt B<\/td>\n<td class=\"col-8\">USB-C\u2122 Hane<\/td>\n<\/tr>\n<tr>\n<td class=\"col-4\">Uteffekt<\/td>\n<td class=\"col-8\">18 W<\/td>\n<\/tr>\n<tr>\n<td class=\"col-4\">Kabelmantelstorlek<\/td>\n<td class=\"col-8\">3.6 mm<\/td>\n<\/tr>\n<tr>\n<td class=\"col-4\">AWG-v\u00e4rde<\/td>\n<td class=\"col-8\">30\/21<\/td>\n<\/tr>\n<tr>\n<td class=\"col-4\">Kabeltyp<\/td>\n<td class=\"col-8\">USB 2.0<\/td>\n<\/tr>\n<tr>\n<td class=\"col-4\">Antal varor i paketet<\/td>\n<td class=\"col-8\">1 st.<\/td>\n<\/tr>\n<tr>\n<td class=\"col-4\">Maximal \u00f6verf\u00f6ringshastighet<\/td>\n<td class=\"col-8\">480 Mbps<\/td>\n<\/tr>\n<tr>\n<td class=\"col-4\">F\u00f6rpackningstyp<\/td>\n<td class=\"col-8\">Kuvert<\/td>\n<\/tr>\n<\/tbody>\n<\/table>\n","protected":false},"excerpt":{"rendered":"<p>Lightning Kabel USB 2.0 Apple Lightning, 8-stifts USB-C\u2122 Hane 480 Mbps Nickelplaterad 2.00 m Rund PVC Svart Kuvert &#8211; CCGP39650BK20<\/p>\n","protected":false},"featured_media":95191,"template":"","meta":[],"product_brand":[],"product_cat":[8990,8991,72],"product_tag":[],"class_list":{"0":"post-95169","1":"product","2":"type-product","3":"status-publish","4":"has-post-thumbnail","6":"product_cat-lightning-kablar","7":"product_cat-usb-c-kablar","8":"product_cat-usb-kablar","10":"first","11":"instock","12":"taxable","13":"shipping-taxable","14":"purchasable","15":"product-type-simple"},"yoast_head":"<!-- This site is optimized with the Yoast SEO Premium plugin v26.7 (Yoast SEO v26.7) - https:\/\/yoast.com\/wordpress\/plugins\/seo\/ -->\n<title>Lightning Kabel USB 2.0 Apple Lightning, 8-stifts USB-C\u2122 Hane 480<\/title>\n<meta name=\"description\" content=\"Lightning Kabel USB 2.0 Apple Lightning, 8-stifts USB-C\u2122 Hane 480 Mbps Nickelplaterad 2.00 m Rund PVC Svart Kuvert - CCGP39650BK20\" \/>\n<meta name=\"robots\" content=\"index, follow, max-snippet:-1, max-image-preview:large, max-video-preview:-1\" \/>\n<link rel=\"canonical\" href=\"https:\/\/www.heddata.se\/webbutik\/produkt\/lightning-kabel-usb-2-0-apple-lightning-8-stifts-usb-c-hane-480-mbps-nickelplaterad-2-00-m-rund-pvc-svart-kuvert-ccgp39650bk20\/\" \/>\n<meta property=\"og:locale\" content=\"sv_SE\" \/>\n<meta property=\"og:type\" content=\"article\" \/>\n<meta property=\"og:title\" content=\"Lightning Kabel USB 2.0 Apple Lightning, 8-stifts USB-C\u2122 Hane 480 Mbps Nickelplaterad 2.00 m Rund PVC Svart Kuvert - CCGP39650BK20\" \/>\n<meta property=\"og:description\" content=\"Lightning Kabel USB 2.0 Apple Lightning, 8-stifts USB-C\u2122 Hane 480 Mbps Nickelplaterad 2.00 m Rund PVC Svart Kuvert - CCGP39650BK20\" \/>\n<meta property=\"og:url\" content=\"https:\/\/www.heddata.se\/webbutik\/produkt\/lightning-kabel-usb-2-0-apple-lightning-8-stifts-usb-c-hane-480-mbps-nickelplaterad-2-00-m-rund-pvc-svart-kuvert-ccgp39650bk20\/\" \/>\n<meta property=\"og:site_name\" content=\"Datorer, Skrivare, F\u00e4rgpatroner, Mobiltelefoner\" \/>\n<meta property=\"article:modified_time\" content=\"2026-05-06T16:09:27+00:00\" \/>\n<meta property=\"og:image\" content=\"https:\/\/www.heddata.se\/webbutik\/wp-content\/uploads\/webbutik\/kategorier\/telefontillbehor\/ccgp39650bk20.jpeg\" \/>\n\t<meta property=\"og:image:width\" content=\"1200\" \/>\n\t<meta property=\"og:image:height\" content=\"1200\" \/>\n\t<meta property=\"og:image:type\" content=\"image\/jpeg\" \/>\n<meta name=\"twitter:card\" content=\"summary_large_image\" \/>\n<meta name=\"twitter:label1\" content=\"Ber\u00e4knad l\u00e4stid\" \/>\n\t<meta name=\"twitter:data1\" content=\"1 minut\" \/>\n<script type=\"application\/ld+json\" class=\"yoast-schema-graph\">{\"@context\":\"https:\/\/schema.org\",\"@graph\":[{\"@type\":\"WebPage\",\"@id\":\"https:\/\/www.heddata.se\/webbutik\/produkt\/lightning-kabel-usb-2-0-apple-lightning-8-stifts-usb-c-hane-480-mbps-nickelplaterad-2-00-m-rund-pvc-svart-kuvert-ccgp39650bk20\/\",\"url\":\"https:\/\/www.heddata.se\/webbutik\/produkt\/lightning-kabel-usb-2-0-apple-lightning-8-stifts-usb-c-hane-480-mbps-nickelplaterad-2-00-m-rund-pvc-svart-kuvert-ccgp39650bk20\/\",\"name\":\"Lightning Kabel USB 2.0 Apple Lightning, 8-stifts USB-C\u2122 Hane 480\",\"isPartOf\":{\"@id\":\"https:\/\/www.heddata.se\/webbutik\/#website\"},\"primaryImageOfPage\":{\"@id\":\"https:\/\/www.heddata.se\/webbutik\/produkt\/lightning-kabel-usb-2-0-apple-lightning-8-stifts-usb-c-hane-480-mbps-nickelplaterad-2-00-m-rund-pvc-svart-kuvert-ccgp39650bk20\/#primaryimage\"},\"image\":{\"@id\":\"https:\/\/www.heddata.se\/webbutik\/produkt\/lightning-kabel-usb-2-0-apple-lightning-8-stifts-usb-c-hane-480-mbps-nickelplaterad-2-00-m-rund-pvc-svart-kuvert-ccgp39650bk20\/#primaryimage\"},\"thumbnailUrl\":\"https:\/\/www.heddata.se\/webbutik\/wp-content\/uploads\/webbutik\/kategorier\/telefontillbehor\/ccgp39650bk20.jpeg\",\"datePublished\":\"2024-03-08T10:18:24+00:00\",\"dateModified\":\"2026-05-06T16:09:27+00:00\",\"description\":\"Lightning Kabel USB 2.0 Apple Lightning, 8-stifts USB-C\u2122 Hane 480 Mbps Nickelplaterad 2.00 m Rund PVC Svart Kuvert - CCGP39650BK20\",\"breadcrumb\":{\"@id\":\"https:\/\/www.heddata.se\/webbutik\/produkt\/lightning-kabel-usb-2-0-apple-lightning-8-stifts-usb-c-hane-480-mbps-nickelplaterad-2-00-m-rund-pvc-svart-kuvert-ccgp39650bk20\/#breadcrumb\"},\"inLanguage\":\"sv-SE\",\"potentialAction\":[{\"@type\":\"ReadAction\",\"target\":[\"https:\/\/www.heddata.se\/webbutik\/produkt\/lightning-kabel-usb-2-0-apple-lightning-8-stifts-usb-c-hane-480-mbps-nickelplaterad-2-00-m-rund-pvc-svart-kuvert-ccgp39650bk20\/\"]}]},{\"@type\":\"ImageObject\",\"inLanguage\":\"sv-SE\",\"@id\":\"https:\/\/www.heddata.se\/webbutik\/produkt\/lightning-kabel-usb-2-0-apple-lightning-8-stifts-usb-c-hane-480-mbps-nickelplaterad-2-00-m-rund-pvc-svart-kuvert-ccgp39650bk20\/#primaryimage\",\"url\":\"https:\/\/www.heddata.se\/webbutik\/wp-content\/uploads\/webbutik\/kategorier\/telefontillbehor\/ccgp39650bk20.jpeg\",\"contentUrl\":\"https:\/\/www.heddata.se\/webbutik\/wp-content\/uploads\/webbutik\/kategorier\/telefontillbehor\/ccgp39650bk20.jpeg\",\"width\":1200,\"height\":1200,\"caption\":\"Lightning Kabel USB 2.0\"},{\"@type\":\"BreadcrumbList\",\"@id\":\"https:\/\/www.heddata.se\/webbutik\/produkt\/lightning-kabel-usb-2-0-apple-lightning-8-stifts-usb-c-hane-480-mbps-nickelplaterad-2-00-m-rund-pvc-svart-kuvert-ccgp39650bk20\/#breadcrumb\",\"itemListElement\":[{\"@type\":\"ListItem\",\"position\":1,\"name\":\"Hem\",\"item\":\"https:\/\/www.heddata.se\/webbutik\/\"},{\"@type\":\"ListItem\",\"position\":2,\"name\":\"Produkter\",\"item\":\"https:\/\/www.heddata.se\/webbutik\/shop\/\"},{\"@type\":\"ListItem\",\"position\":3,\"name\":\"Lightning Kabel USB 2.0 Apple Lightning, 8-stifts USB-C\u2122 Hane 480 Mbps Nickelplaterad 2.00 m Rund PVC Svart Kuvert &#8211; CCGP39650BK20\"}]},{\"@type\":\"WebSite\",\"@id\":\"https:\/\/www.heddata.se\/webbutik\/#website\",\"url\":\"https:\/\/www.heddata.se\/webbutik\/\",\"name\":\"Datorer, Skrivare, F\u00e4rgpatroner, Mobiltelefoner\",\"description\":\"Kablar\",\"publisher\":{\"@id\":\"https:\/\/www.heddata.se\/webbutik\/#organization\"},\"potentialAction\":[{\"@type\":\"SearchAction\",\"target\":{\"@type\":\"EntryPoint\",\"urlTemplate\":\"https:\/\/www.heddata.se\/webbutik\/?s={search_term_string}\"},\"query-input\":{\"@type\":\"PropertyValueSpecification\",\"valueRequired\":true,\"valueName\":\"search_term_string\"}}],\"inLanguage\":\"sv-SE\"},{\"@type\":\"Organization\",\"@id\":\"https:\/\/www.heddata.se\/webbutik\/#organization\",\"name\":\"Heddata AB\",\"url\":\"https:\/\/www.heddata.se\/webbutik\/\",\"logo\":{\"@type\":\"ImageObject\",\"inLanguage\":\"sv-SE\",\"@id\":\"https:\/\/www.heddata.se\/webbutik\/#\/schema\/logo\/image\/\",\"url\":\"https:\/\/www.heddata.se\/webbutik\/wp-content\/uploads\/logga\/heddata-ab-logga.png\",\"contentUrl\":\"https:\/\/www.heddata.se\/webbutik\/wp-content\/uploads\/logga\/heddata-ab-logga.png\",\"width\":200,\"height\":64,\"caption\":\"Heddata AB\"},\"image\":{\"@id\":\"https:\/\/www.heddata.se\/webbutik\/#\/schema\/logo\/image\/\"}}]}<\/script>\n<!-- \/ Yoast SEO Premium plugin. -->","yoast_head_json":{"title":"Lightning Kabel USB 2.0 Apple Lightning, 8-stifts USB-C\u2122 Hane 480","description":"Lightning Kabel USB 2.0 Apple Lightning, 8-stifts USB-C\u2122 Hane 480 Mbps Nickelplaterad 2.00 m Rund PVC Svart Kuvert - CCGP39650BK20","robots":{"index":"index","follow":"follow","max-snippet":"max-snippet:-1","max-image-preview":"max-image-preview:large","max-video-preview":"max-video-preview:-1"},"canonical":"https:\/\/www.heddata.se\/webbutik\/produkt\/lightning-kabel-usb-2-0-apple-lightning-8-stifts-usb-c-hane-480-mbps-nickelplaterad-2-00-m-rund-pvc-svart-kuvert-ccgp39650bk20\/","og_locale":"sv_SE","og_type":"article","og_title":"Lightning Kabel USB 2.0 Apple Lightning, 8-stifts USB-C\u2122 Hane 480 Mbps Nickelplaterad 2.00 m Rund PVC Svart Kuvert - CCGP39650BK20","og_description":"Lightning Kabel USB 2.0 Apple Lightning, 8-stifts USB-C\u2122 Hane 480 Mbps Nickelplaterad 2.00 m Rund PVC Svart Kuvert - CCGP39650BK20","og_url":"https:\/\/www.heddata.se\/webbutik\/produkt\/lightning-kabel-usb-2-0-apple-lightning-8-stifts-usb-c-hane-480-mbps-nickelplaterad-2-00-m-rund-pvc-svart-kuvert-ccgp39650bk20\/","og_site_name":"Datorer, Skrivare, F\u00e4rgpatroner, Mobiltelefoner","article_modified_time":"2026-05-06T16:09:27+00:00","og_image":[{"width":1200,"height":1200,"url":"https:\/\/www.heddata.se\/webbutik\/wp-content\/uploads\/webbutik\/kategorier\/telefontillbehor\/ccgp39650bk20.jpeg","type":"image\/jpeg"}],"twitter_card":"summary_large_image","twitter_misc":{"Ber\u00e4knad l\u00e4stid":"1 minut"},"schema":{"@context":"https:\/\/schema.org","@graph":[{"@type":"WebPage","@id":"https:\/\/www.heddata.se\/webbutik\/produkt\/lightning-kabel-usb-2-0-apple-lightning-8-stifts-usb-c-hane-480-mbps-nickelplaterad-2-00-m-rund-pvc-svart-kuvert-ccgp39650bk20\/","url":"https:\/\/www.heddata.se\/webbutik\/produkt\/lightning-kabel-usb-2-0-apple-lightning-8-stifts-usb-c-hane-480-mbps-nickelplaterad-2-00-m-rund-pvc-svart-kuvert-ccgp39650bk20\/","name":"Lightning Kabel USB 2.0 Apple Lightning, 8-stifts USB-C\u2122 Hane 480","isPartOf":{"@id":"https:\/\/www.heddata.se\/webbutik\/#website"},"primaryImageOfPage":{"@id":"https:\/\/www.heddata.se\/webbutik\/produkt\/lightning-kabel-usb-2-0-apple-lightning-8-stifts-usb-c-hane-480-mbps-nickelplaterad-2-00-m-rund-pvc-svart-kuvert-ccgp39650bk20\/#primaryimage"},"image":{"@id":"https:\/\/www.heddata.se\/webbutik\/produkt\/lightning-kabel-usb-2-0-apple-lightning-8-stifts-usb-c-hane-480-mbps-nickelplaterad-2-00-m-rund-pvc-svart-kuvert-ccgp39650bk20\/#primaryimage"},"thumbnailUrl":"https:\/\/www.heddata.se\/webbutik\/wp-content\/uploads\/webbutik\/kategorier\/telefontillbehor\/ccgp39650bk20.jpeg","datePublished":"2024-03-08T10:18:24+00:00","dateModified":"2026-05-06T16:09:27+00:00","description":"Lightning Kabel USB 2.0 Apple Lightning, 8-stifts USB-C\u2122 Hane 480 Mbps Nickelplaterad 2.00 m Rund PVC Svart Kuvert - CCGP39650BK20","breadcrumb":{"@id":"https:\/\/www.heddata.se\/webbutik\/produkt\/lightning-kabel-usb-2-0-apple-lightning-8-stifts-usb-c-hane-480-mbps-nickelplaterad-2-00-m-rund-pvc-svart-kuvert-ccgp39650bk20\/#breadcrumb"},"inLanguage":"sv-SE","potentialAction":[{"@type":"ReadAction","target":["https:\/\/www.heddata.se\/webbutik\/produkt\/lightning-kabel-usb-2-0-apple-lightning-8-stifts-usb-c-hane-480-mbps-nickelplaterad-2-00-m-rund-pvc-svart-kuvert-ccgp39650bk20\/"]}]},{"@type":"ImageObject","inLanguage":"sv-SE","@id":"https:\/\/www.heddata.se\/webbutik\/produkt\/lightning-kabel-usb-2-0-apple-lightning-8-stifts-usb-c-hane-480-mbps-nickelplaterad-2-00-m-rund-pvc-svart-kuvert-ccgp39650bk20\/#primaryimage","url":"https:\/\/www.heddata.se\/webbutik\/wp-content\/uploads\/webbutik\/kategorier\/telefontillbehor\/ccgp39650bk20.jpeg","contentUrl":"https:\/\/www.heddata.se\/webbutik\/wp-content\/uploads\/webbutik\/kategorier\/telefontillbehor\/ccgp39650bk20.jpeg","width":1200,"height":1200,"caption":"Lightning Kabel USB 2.0"},{"@type":"BreadcrumbList","@id":"https:\/\/www.heddata.se\/webbutik\/produkt\/lightning-kabel-usb-2-0-apple-lightning-8-stifts-usb-c-hane-480-mbps-nickelplaterad-2-00-m-rund-pvc-svart-kuvert-ccgp39650bk20\/#breadcrumb","itemListElement":[{"@type":"ListItem","position":1,"name":"Hem","item":"https:\/\/www.heddata.se\/webbutik\/"},{"@type":"ListItem","position":2,"name":"Produkter","item":"https:\/\/www.heddata.se\/webbutik\/shop\/"},{"@type":"ListItem","position":3,"name":"Lightning Kabel USB 2.0 Apple Lightning, 8-stifts USB-C\u2122 Hane 480 Mbps Nickelplaterad 2.00 m Rund PVC Svart Kuvert &#8211; CCGP39650BK20"}]},{"@type":"WebSite","@id":"https:\/\/www.heddata.se\/webbutik\/#website","url":"https:\/\/www.heddata.se\/webbutik\/","name":"Datorer, Skrivare, F\u00e4rgpatroner, Mobiltelefoner","description":"Kablar","publisher":{"@id":"https:\/\/www.heddata.se\/webbutik\/#organization"},"potentialAction":[{"@type":"SearchAction","target":{"@type":"EntryPoint","urlTemplate":"https:\/\/www.heddata.se\/webbutik\/?s={search_term_string}"},"query-input":{"@type":"PropertyValueSpecification","valueRequired":true,"valueName":"search_term_string"}}],"inLanguage":"sv-SE"},{"@type":"Organization","@id":"https:\/\/www.heddata.se\/webbutik\/#organization","name":"Heddata AB","url":"https:\/\/www.heddata.se\/webbutik\/","logo":{"@type":"ImageObject","inLanguage":"sv-SE","@id":"https:\/\/www.heddata.se\/webbutik\/#\/schema\/logo\/image\/","url":"https:\/\/www.heddata.se\/webbutik\/wp-content\/uploads\/logga\/heddata-ab-logga.png","contentUrl":"https:\/\/www.heddata.se\/webbutik\/wp-content\/uploads\/logga\/heddata-ab-logga.png","width":200,"height":64,"caption":"Heddata AB"},"image":{"@id":"https:\/\/www.heddata.se\/webbutik\/#\/schema\/logo\/image\/"}}]}},"_links":{"self":[{"href":"https:\/\/www.heddata.se\/webbutik\/wp-json\/wp\/v2\/product\/95169","targetHints":{"allow":["GET"]}}],"collection":[{"href":"https:\/\/www.heddata.se\/webbutik\/wp-json\/wp\/v2\/product"}],"about":[{"href":"https:\/\/www.heddata.se\/webbutik\/wp-json\/wp\/v2\/types\/product"}],"wp:featuredmedia":[{"embeddable":true,"href":"https:\/\/www.heddata.se\/webbutik\/wp-json\/wp\/v2\/media\/95191"}],"wp:attachment":[{"href":"https:\/\/www.heddata.se\/webbutik\/wp-json\/wp\/v2\/media?parent=95169"}],"wp:term":[{"taxonomy":"product_brand","embeddable":true,"href":"https:\/\/www.heddata.se\/webbutik\/wp-json\/wp\/v2\/product_brand?post=95169"},{"taxonomy":"product_cat","embeddable":true,"href":"https:\/\/www.heddata.se\/webbutik\/wp-json\/wp\/v2\/product_cat?post=95169"},{"taxonomy":"product_tag","embeddable":true,"href":"https:\/\/www.heddata.se\/webbutik\/wp-json\/wp\/v2\/product_tag?post=95169"}],"curies":[{"name":"wp","href":"https:\/\/api.w.org\/{rel}","templated":true}]}}