{"id":95059,"date":"2024-02-27T09:07:44","date_gmt":"2024-02-27T08:07:44","guid":{"rendered":"https:\/\/www.heddata.se\/webbutik\/?post_type=product&#038;p=95059"},"modified":"2025-04-25T09:33:54","modified_gmt":"2025-04-25T07:33:54","slug":"eset-home-security-ultimate","status":"publish","type":"product","link":"https:\/\/www.heddata.se\/webbutik\/produkt\/eset-home-security-ultimate\/","title":{"rendered":"ESET HOME Security Ultimate"},"content":{"rendered":"<h2 style=\"text-align: center\">ESET HOME Security Ultimate<\/h2>\n<p style=\"text-align: center\">Omfattande integritets- och enhetsskydd f\u00f6r ditt digitala liv<br \/>\n(Skyddar Windows-, Mac-, Android- och iOS-enheter)<\/p>\n<p style=\"text-align: center\">ESET HOME Security Ultimate \u2013 enast\u00e5ende s\u00e4kerhet och integritet Skydda din n\u00e4tverksanslutning med ESET VPN. Kryptera filer, hantera l\u00f6senord, surfa och utf\u00f6r bank\u00e4renden online p\u00e5 ett s\u00e4kert och s\u00f6ml\u00f6st s\u00e4tt.<\/p>\n<p style=\"text-align: center\">ESET HOME Security Ultimate ger omfattande integritets- och enhetsskydd f\u00f6r ett tryggt digitalt liv. Skydda din n\u00e4tverksanslutning och d\u00f6lj IP-adressen med ESET VPN. S\u00f6ml\u00f6s hantering av l\u00f6senord, datakryptering, trygg shopping med mera. Med funktioner som Integritet och s\u00e4kerhet f\u00f6r webbl\u00e4sare kan du vara s\u00e4ker p\u00e5 att det bara \u00e4r du som har tillg\u00e5ng till din information.<\/p>\n<h2 style=\"text-align: center\">Har du redan en licens och \u00f6nskar\u00a0f\u00f6rnya den?<\/h2>\n<p style=\"text-align: center\"><a href=\"https:\/\/www.heddata.se\/webbutik\/eset-nod32-antivirus-fornya-online\/\">Bes\u00f6k v\u00e5r sida f\u00f6r f\u00f6rnyelse<\/a><\/p>\n<p>F\u00e5 den b\u00e4sta tillg\u00e4ngliga s\u00e4kerhetsplanen, komplett med\u00a0<strong>VPN\u00a0<\/strong>och\u00a0<strong>Metadata Cleanup<\/strong>\u00a0(rensning av metadata) f\u00f6r fullst\u00e4ndig sinnesro.<\/p>\n<h3 style=\"text-align: center\">Detta ing\u00e5r:<\/h3>\n<p style=\"text-align: center\">Realtidsskydd dygnet runt.<br \/>\n<i class=\"icon ficon-info\"><\/i>Snabba skanningar utan avbrott.<br \/>\n<i class=\"icon ficon-info\"><\/i>Non-stop s\u00e4kra bank\u00e4renden och surfning.<br \/>\n<i class=\"icon ficon-info\"><\/i>Skyddade smartphones och smarta hem.<br \/>\n<i class=\"icon ficon-info\"><\/i>S\u00e4kra inloggningar med Password Manager.<br \/>\n<i class=\"icon ficon-info\"><\/i>Kryptering av k\u00e4nsliga uppgifter och foton.<br \/>\n<i class=\"icon ficon-info\"><\/i>Rensning av metadata f\u00f6r f\u00f6rb\u00e4ttrad sekretess.<br \/>\n<i class=\"icon ficon-info\"><\/i>Blockera o\u00f6nskade webbplatsaviseringar.<br \/>\n<i class=\"icon ficon-info\"><\/i>Obegr\u00e4nsat VPN.<\/p>\n<div id=\"content-c9697585\" class=\"csc-frame csc-frame-default\">\n<div class=\"row flex \">\n<div class=\"col col-sm-6 \">\n<div id=\"content-c9697584\" class=\"frame frame-default frame-type-text frame-layout-0\">\n<h3>F\u00e5 det ultimata inom integritet och frihet online. Skydda din anslutning med obegr\u00e4nsad VPN-s\u00e4kerhet. F\u00f6rhindra o\u00f6nskad sp\u00e5rning med hj\u00e4lp av en anonym IP-adress.<\/h3>\n<\/div>\n<\/div>\n<\/div>\n<\/div>\n<div id=\"content-c9697582\" class=\"csc-frame csc-frame-default\">\n<div class=\"row flex skin-mt-l\">\n<div class=\"col col-sm-2 \"><span style=\"color: #555555;font-size: 14.4px\">VPN st\u00e5r f\u00f6r <\/span><strong style=\"color: #555555;font-size: 14.4px\">Virtual Private Networ<\/strong><span style=\"color: #555555;font-size: 14.4px\">k (Virtuellt privat n\u00e4tverk) Det \u00e4r en teknik som l\u00e5ter dig skapa en s\u00e4ker och privat anslutning via ett offentligt n\u00e4tverk, till exempel internet. All data som \u00f6verf\u00f6rs mellan din enhet och VPN-servern \u00e4r krypterad, vilket inneb\u00e4r att den \u00e4r dold f\u00f6r alla som f\u00f6rs\u00f6ker f\u00e5nga upp den.<\/span><\/div>\n<div class=\"col col-sm-8 \">\n<div id=\"content-c9697581\" class=\"frame frame-default frame-type-text frame-layout-0\">\n<p>Om du till exempel ansluter till ett<strong>\u00a0offentligt Wi-Fi-n\u00e4tverk<\/strong> p\u00e5 ett kaf\u00e9 eller en flygplats, kan dina data f\u00e5ngas upp av hackare som \u00e4r anslutna till samma n\u00e4tverk. Men om du anv\u00e4nder ett VPN \u00e4r dina data krypterade och skyddade, vilket g\u00f6r det mycket sv\u00e5rare f\u00f6r n\u00e5gon att f\u00e5nga upp eller komma \u00e5t din information.<\/p>\n<\/div>\n<\/div>\n<\/div>\n<\/div>\n<div id=\"content-c9697370\" class=\"frame frame-default frame-type-text frame-layout-0\" style=\"text-align: center\"><\/div>\n","protected":false},"excerpt":{"rendered":"<p>ESET HOME Security Ultimate ger omfattande integritets- och enhetsskydd f\u00f6r ett tryggt digitalt liv. Skydda din n\u00e4tverksanslutning och d\u00f6lj IP-adressen med ESET VPN. S\u00f6ml\u00f6s hantering av l\u00f6senord, datakryptering, trygg shopping med mera. Med funktioner som Integritet och s\u00e4kerhet f\u00f6r webbl\u00e4sare kan du vara s\u00e4ker p\u00e5 att det bara \u00e4r du som har tillg\u00e5ng till din information.<\/p>\n<p>H\u00e4r nedan v\u00e4ljer du antal \u00e5r du vill k\u00f6pa samt hur m\u00e5nga enheter du vill skydda.<\/p>\n","protected":false},"featured_media":95090,"template":"","meta":[],"product_brand":[],"product_cat":[50],"product_tag":[31,4885],"class_list":{"0":"post-95059","1":"product","2":"type-product","3":"status-publish","4":"has-post-thumbnail","6":"product_cat-eset","7":"product_tag-eset","8":"product_tag-eset-ny-licens","10":"first","11":"instock","12":"taxable","13":"shipping-taxable","14":"purchasable","15":"product-type-variable"},"yoast_head":"<!-- This site is optimized with the Yoast SEO Premium plugin v26.7 (Yoast SEO v26.7) - https:\/\/yoast.com\/wordpress\/plugins\/seo\/ -->\n<title>K\u00f6p ESET HOME Security Ultimate direkt online hos oss p\u00e5 Heddata!<\/title>\n<meta name=\"description\" content=\"ESET HOME Security Ultimate \u2013 kraftfullt skydd i flera lager f\u00f6r kryptering av k\u00e4nsliga data, l\u00f6senordshantering, s\u00e4kra onlinetransaktioner\" \/>\n<meta name=\"robots\" content=\"index, follow, max-snippet:-1, max-image-preview:large, max-video-preview:-1\" \/>\n<link rel=\"canonical\" href=\"https:\/\/www.heddata.se\/webbutik\/produkt\/eset-home-security-ultimate\/\" \/>\n<meta property=\"og:locale\" content=\"sv_SE\" \/>\n<meta property=\"og:type\" content=\"article\" \/>\n<meta property=\"og:title\" content=\"ESET HOME Security Ultimate\" \/>\n<meta property=\"og:description\" content=\"ESET HOME Security Ultimate \u2013 kraftfullt skydd i flera lager f\u00f6r kryptering av k\u00e4nsliga data, l\u00f6senordshantering, s\u00e4kra onlinetransaktioner\" \/>\n<meta property=\"og:url\" content=\"https:\/\/www.heddata.se\/webbutik\/produkt\/eset-home-security-ultimate\/\" \/>\n<meta property=\"og:site_name\" content=\"Datorer, Skrivare, F\u00e4rgpatroner, Mobiltelefoner\" \/>\n<meta property=\"article:modified_time\" content=\"2025-04-25T07:33:54+00:00\" \/>\n<meta property=\"og:image\" content=\"https:\/\/www.heddata.se\/webbutik\/wp-content\/uploads\/webbutik\/kategorier\/eset\/ehsu-1024x694.png\" \/>\n\t<meta property=\"og:image:width\" content=\"1024\" \/>\n\t<meta property=\"og:image:height\" content=\"694\" \/>\n\t<meta property=\"og:image:type\" content=\"image\/png\" \/>\n<meta name=\"twitter:card\" content=\"summary_large_image\" \/>\n<meta name=\"twitter:label1\" content=\"Ber\u00e4knad l\u00e4stid\" \/>\n\t<meta name=\"twitter:data1\" content=\"2 minuter\" \/>\n<script type=\"application\/ld+json\" class=\"yoast-schema-graph\">{\"@context\":\"https:\/\/schema.org\",\"@graph\":[{\"@type\":\"WebPage\",\"@id\":\"https:\/\/www.heddata.se\/webbutik\/produkt\/eset-home-security-ultimate\/\",\"url\":\"https:\/\/www.heddata.se\/webbutik\/produkt\/eset-home-security-ultimate\/\",\"name\":\"K\u00f6p ESET HOME Security Ultimate direkt online hos oss p\u00e5 Heddata!\",\"isPartOf\":{\"@id\":\"https:\/\/www.heddata.se\/webbutik\/#website\"},\"primaryImageOfPage\":{\"@id\":\"https:\/\/www.heddata.se\/webbutik\/produkt\/eset-home-security-ultimate\/#primaryimage\"},\"image\":{\"@id\":\"https:\/\/www.heddata.se\/webbutik\/produkt\/eset-home-security-ultimate\/#primaryimage\"},\"thumbnailUrl\":\"https:\/\/www.heddata.se\/webbutik\/wp-content\/uploads\/webbutik\/kategorier\/eset\/ehsu.png\",\"datePublished\":\"2024-02-27T08:07:44+00:00\",\"dateModified\":\"2025-04-25T07:33:54+00:00\",\"description\":\"ESET HOME Security Ultimate \u2013 kraftfullt skydd i flera lager f\u00f6r kryptering av k\u00e4nsliga data, l\u00f6senordshantering, s\u00e4kra onlinetransaktioner\",\"breadcrumb\":{\"@id\":\"https:\/\/www.heddata.se\/webbutik\/produkt\/eset-home-security-ultimate\/#breadcrumb\"},\"inLanguage\":\"sv-SE\",\"potentialAction\":[{\"@type\":\"ReadAction\",\"target\":[\"https:\/\/www.heddata.se\/webbutik\/produkt\/eset-home-security-ultimate\/\"]}]},{\"@type\":\"ImageObject\",\"inLanguage\":\"sv-SE\",\"@id\":\"https:\/\/www.heddata.se\/webbutik\/produkt\/eset-home-security-ultimate\/#primaryimage\",\"url\":\"https:\/\/www.heddata.se\/webbutik\/wp-content\/uploads\/webbutik\/kategorier\/eset\/ehsu.png\",\"contentUrl\":\"https:\/\/www.heddata.se\/webbutik\/wp-content\/uploads\/webbutik\/kategorier\/eset\/ehsu.png\",\"width\":6022,\"height\":4080,\"caption\":\"ESET HOME Security Ultimate\"},{\"@type\":\"BreadcrumbList\",\"@id\":\"https:\/\/www.heddata.se\/webbutik\/produkt\/eset-home-security-ultimate\/#breadcrumb\",\"itemListElement\":[{\"@type\":\"ListItem\",\"position\":1,\"name\":\"Hem\",\"item\":\"https:\/\/www.heddata.se\/webbutik\/\"},{\"@type\":\"ListItem\",\"position\":2,\"name\":\"Produkter\",\"item\":\"https:\/\/www.heddata.se\/webbutik\/shop\/\"},{\"@type\":\"ListItem\",\"position\":3,\"name\":\"ESET HOME Security Ultimate\"}]},{\"@type\":\"WebSite\",\"@id\":\"https:\/\/www.heddata.se\/webbutik\/#website\",\"url\":\"https:\/\/www.heddata.se\/webbutik\/\",\"name\":\"Datorer, Skrivare, F\u00e4rgpatroner, Mobiltelefoner\",\"description\":\"Kablar\",\"publisher\":{\"@id\":\"https:\/\/www.heddata.se\/webbutik\/#organization\"},\"potentialAction\":[{\"@type\":\"SearchAction\",\"target\":{\"@type\":\"EntryPoint\",\"urlTemplate\":\"https:\/\/www.heddata.se\/webbutik\/?s={search_term_string}\"},\"query-input\":{\"@type\":\"PropertyValueSpecification\",\"valueRequired\":true,\"valueName\":\"search_term_string\"}}],\"inLanguage\":\"sv-SE\"},{\"@type\":\"Organization\",\"@id\":\"https:\/\/www.heddata.se\/webbutik\/#organization\",\"name\":\"Heddata AB\",\"url\":\"https:\/\/www.heddata.se\/webbutik\/\",\"logo\":{\"@type\":\"ImageObject\",\"inLanguage\":\"sv-SE\",\"@id\":\"https:\/\/www.heddata.se\/webbutik\/#\/schema\/logo\/image\/\",\"url\":\"https:\/\/www.heddata.se\/webbutik\/wp-content\/uploads\/logga\/heddata-ab-logga.png\",\"contentUrl\":\"https:\/\/www.heddata.se\/webbutik\/wp-content\/uploads\/logga\/heddata-ab-logga.png\",\"width\":200,\"height\":64,\"caption\":\"Heddata AB\"},\"image\":{\"@id\":\"https:\/\/www.heddata.se\/webbutik\/#\/schema\/logo\/image\/\"}}]}<\/script>\n<!-- \/ Yoast SEO Premium plugin. -->","yoast_head_json":{"title":"K\u00f6p ESET HOME Security Ultimate direkt online hos oss p\u00e5 Heddata!","description":"ESET HOME Security Ultimate \u2013 kraftfullt skydd i flera lager f\u00f6r kryptering av k\u00e4nsliga data, l\u00f6senordshantering, s\u00e4kra onlinetransaktioner","robots":{"index":"index","follow":"follow","max-snippet":"max-snippet:-1","max-image-preview":"max-image-preview:large","max-video-preview":"max-video-preview:-1"},"canonical":"https:\/\/www.heddata.se\/webbutik\/produkt\/eset-home-security-ultimate\/","og_locale":"sv_SE","og_type":"article","og_title":"ESET HOME Security Ultimate","og_description":"ESET HOME Security Ultimate \u2013 kraftfullt skydd i flera lager f\u00f6r kryptering av k\u00e4nsliga data, l\u00f6senordshantering, s\u00e4kra onlinetransaktioner","og_url":"https:\/\/www.heddata.se\/webbutik\/produkt\/eset-home-security-ultimate\/","og_site_name":"Datorer, Skrivare, F\u00e4rgpatroner, Mobiltelefoner","article_modified_time":"2025-04-25T07:33:54+00:00","og_image":[{"width":1024,"height":694,"url":"https:\/\/www.heddata.se\/webbutik\/wp-content\/uploads\/webbutik\/kategorier\/eset\/ehsu-1024x694.png","type":"image\/png"}],"twitter_card":"summary_large_image","twitter_misc":{"Ber\u00e4knad l\u00e4stid":"2 minuter"},"schema":{"@context":"https:\/\/schema.org","@graph":[{"@type":"WebPage","@id":"https:\/\/www.heddata.se\/webbutik\/produkt\/eset-home-security-ultimate\/","url":"https:\/\/www.heddata.se\/webbutik\/produkt\/eset-home-security-ultimate\/","name":"K\u00f6p ESET HOME Security Ultimate direkt online hos oss p\u00e5 Heddata!","isPartOf":{"@id":"https:\/\/www.heddata.se\/webbutik\/#website"},"primaryImageOfPage":{"@id":"https:\/\/www.heddata.se\/webbutik\/produkt\/eset-home-security-ultimate\/#primaryimage"},"image":{"@id":"https:\/\/www.heddata.se\/webbutik\/produkt\/eset-home-security-ultimate\/#primaryimage"},"thumbnailUrl":"https:\/\/www.heddata.se\/webbutik\/wp-content\/uploads\/webbutik\/kategorier\/eset\/ehsu.png","datePublished":"2024-02-27T08:07:44+00:00","dateModified":"2025-04-25T07:33:54+00:00","description":"ESET HOME Security Ultimate \u2013 kraftfullt skydd i flera lager f\u00f6r kryptering av k\u00e4nsliga data, l\u00f6senordshantering, s\u00e4kra onlinetransaktioner","breadcrumb":{"@id":"https:\/\/www.heddata.se\/webbutik\/produkt\/eset-home-security-ultimate\/#breadcrumb"},"inLanguage":"sv-SE","potentialAction":[{"@type":"ReadAction","target":["https:\/\/www.heddata.se\/webbutik\/produkt\/eset-home-security-ultimate\/"]}]},{"@type":"ImageObject","inLanguage":"sv-SE","@id":"https:\/\/www.heddata.se\/webbutik\/produkt\/eset-home-security-ultimate\/#primaryimage","url":"https:\/\/www.heddata.se\/webbutik\/wp-content\/uploads\/webbutik\/kategorier\/eset\/ehsu.png","contentUrl":"https:\/\/www.heddata.se\/webbutik\/wp-content\/uploads\/webbutik\/kategorier\/eset\/ehsu.png","width":6022,"height":4080,"caption":"ESET HOME Security Ultimate"},{"@type":"BreadcrumbList","@id":"https:\/\/www.heddata.se\/webbutik\/produkt\/eset-home-security-ultimate\/#breadcrumb","itemListElement":[{"@type":"ListItem","position":1,"name":"Hem","item":"https:\/\/www.heddata.se\/webbutik\/"},{"@type":"ListItem","position":2,"name":"Produkter","item":"https:\/\/www.heddata.se\/webbutik\/shop\/"},{"@type":"ListItem","position":3,"name":"ESET HOME Security Ultimate"}]},{"@type":"WebSite","@id":"https:\/\/www.heddata.se\/webbutik\/#website","url":"https:\/\/www.heddata.se\/webbutik\/","name":"Datorer, Skrivare, F\u00e4rgpatroner, Mobiltelefoner","description":"Kablar","publisher":{"@id":"https:\/\/www.heddata.se\/webbutik\/#organization"},"potentialAction":[{"@type":"SearchAction","target":{"@type":"EntryPoint","urlTemplate":"https:\/\/www.heddata.se\/webbutik\/?s={search_term_string}"},"query-input":{"@type":"PropertyValueSpecification","valueRequired":true,"valueName":"search_term_string"}}],"inLanguage":"sv-SE"},{"@type":"Organization","@id":"https:\/\/www.heddata.se\/webbutik\/#organization","name":"Heddata AB","url":"https:\/\/www.heddata.se\/webbutik\/","logo":{"@type":"ImageObject","inLanguage":"sv-SE","@id":"https:\/\/www.heddata.se\/webbutik\/#\/schema\/logo\/image\/","url":"https:\/\/www.heddata.se\/webbutik\/wp-content\/uploads\/logga\/heddata-ab-logga.png","contentUrl":"https:\/\/www.heddata.se\/webbutik\/wp-content\/uploads\/logga\/heddata-ab-logga.png","width":200,"height":64,"caption":"Heddata AB"},"image":{"@id":"https:\/\/www.heddata.se\/webbutik\/#\/schema\/logo\/image\/"}}]}},"_links":{"self":[{"href":"https:\/\/www.heddata.se\/webbutik\/wp-json\/wp\/v2\/product\/95059","targetHints":{"allow":["GET"]}}],"collection":[{"href":"https:\/\/www.heddata.se\/webbutik\/wp-json\/wp\/v2\/product"}],"about":[{"href":"https:\/\/www.heddata.se\/webbutik\/wp-json\/wp\/v2\/types\/product"}],"wp:featuredmedia":[{"embeddable":true,"href":"https:\/\/www.heddata.se\/webbutik\/wp-json\/wp\/v2\/media\/95090"}],"wp:attachment":[{"href":"https:\/\/www.heddata.se\/webbutik\/wp-json\/wp\/v2\/media?parent=95059"}],"wp:term":[{"taxonomy":"product_brand","embeddable":true,"href":"https:\/\/www.heddata.se\/webbutik\/wp-json\/wp\/v2\/product_brand?post=95059"},{"taxonomy":"product_cat","embeddable":true,"href":"https:\/\/www.heddata.se\/webbutik\/wp-json\/wp\/v2\/product_cat?post=95059"},{"taxonomy":"product_tag","embeddable":true,"href":"https:\/\/www.heddata.se\/webbutik\/wp-json\/wp\/v2\/product_tag?post=95059"}],"curies":[{"name":"wp","href":"https:\/\/api.w.org\/{rel}","templated":true}]}}