{"id":94964,"date":"2024-02-26T12:07:46","date_gmt":"2024-02-26T11:07:46","guid":{"rendered":"https:\/\/www.heddata.se\/webbutik\/?post_type=product&#038;p=94964"},"modified":"2025-04-25T09:33:41","modified_gmt":"2025-04-25T07:33:41","slug":"eset-home-security-premium","status":"publish","type":"product","link":"https:\/\/www.heddata.se\/webbutik\/produkt\/eset-home-security-premium\/","title":{"rendered":"ESET HOME Security Premium"},"content":{"rendered":"<h2 style=\"text-align: center\"><strong>ESET HOME Security Premium<\/strong><\/h2>\n<p style=\"text-align: center\">Kraftfullt och l\u00e4tthanterligt skydd f\u00f6r ditt digitala liv<br \/>\n(Skyddar Windows-, Mac-, Android- och iOS-enheter)<\/p>\n<p style=\"text-align: center\">ESET HOME Security Premium \u2013 kraftfullt skydd i flera lager f\u00f6r kryptering av k\u00e4nsliga data, l\u00f6senordshantering, s\u00e4kra onlinetransaktioner med mera. En anv\u00e4ndarv\u00e4nlig l\u00f6sning f\u00f6r \u00f6kad integritet online.<\/p>\n<p style=\"text-align: center\">ESET HOME Security Premium ger ditt digitala liv ett proaktivt skydd mot st\u00e4ndigt f\u00f6r\u00e4nderliga hot. Hantera l\u00f6senord, kryptera data och s\u00e4kra onlinetransaktioner med prisbel\u00f6nt antivirus. L\u00e5s och lokalisera enheter enkelt eller \u00f6vervaka din s\u00e4kerhetsstatus. Skydda din integritet med den nya funktionen Integritet och s\u00e4kerhet f\u00f6r webbl\u00e4sare. Den h\u00e4r l\u00f6sningen har m\u00e5nga olika funktioner och kr\u00e4ver f\u00e5 resurser.<\/p>\n<h2 style=\"text-align: center\">Har du redan en licens och \u00f6nskar\u00a0f\u00f6rnya den?<\/h2>\n<p style=\"text-align: center\"><a href=\"https:\/\/www.heddata.se\/webbutik\/eset-nod32-antivirus-fornya-online\/\">Bes\u00f6k v\u00e5r sida f\u00f6r f\u00f6rnyelse<\/a><\/p>\n<p>H\u00f6j skyddet med\u00a0<strong>Password Manager, kryptering<\/strong>\u00a0f\u00f6r k\u00e4nsliga filer och det allra senaste inom hotdetektering.<\/p>\n<h3 style=\"text-align: center\"><strong>Detta ing\u00e5r:<\/strong><\/h3>\n<p style=\"text-align: center\">Realtidsskydd dygnet runt.<br \/>\n<i class=\"icon ficon-info\"><\/i>Snabba skanningar utan avbrott.<br \/>\n<i class=\"icon ficon-info\"><\/i>Non-stop s\u00e4kra bank\u00e4renden och surfning.<br \/>\n<i class=\"icon ficon-info\"><\/i>Skyddade smartphones och smarta hem.<br \/>\n<i class=\"icon ficon-info\"><\/i>S\u00e4kra inloggningar med Password Manager.<br \/>\n<i class=\"icon ficon-info\"><\/i>Kryptering av k\u00e4nsliga uppgifter och foton.<\/p>\n<p><strong>S\u00e4kra bank\u00e4renden<\/strong>\u00a0\u2013 S\u00e4kert webbl\u00e4sarl\u00e4ge f\u00f6r favoritwebbl\u00e4sare\u00a0<i class=\"icon ficon-info\"><\/i>\u00a0som erbjuder automatiskt skydd n\u00e4r du g\u00f6r bank\u00e4renden online och ger tillg\u00e5ng till webbaserade kryptopl\u00e5nb\u00f6cker. Kommunikationen mellan tangentbordet och webbl\u00e4saren \u00e4r ocks\u00e5 krypterad, vilket garanterar s\u00e4krare transaktioner och skydd mot keyloggers.<\/p>\n<p><strong>S\u00e4ker surfning<\/strong>\u00a0\u2013 Skydda dina onlineaktiviteter med ett s\u00e4kert webbl\u00e4sarl\u00e4ge\u00a0<i class=\"icon ficon-info\"><\/i>. Denna funktion erbjuder ett extra lager av surfskydd som skyddar mot malware, keylogging och andra typer av digitala hot. Den aktiveras automatiskt f\u00f6r alla kompatibla webbl\u00e4sare.<\/p>\n<p><strong>Till\u00e4gget Sekretess och s\u00e4kerhet f\u00f6r webbl\u00e4sare\u00a0<\/strong>\u2013 F\u00e5 optimerad s\u00f6kprestanda och f\u00f6rb\u00e4ttrat skydd mot onlinebedr\u00e4gerier med:<\/p>\n<ul>\n<li><strong>S\u00e4ker s\u00f6kning<\/strong>\u00a0som hj\u00e4lper dig att enkelt skilja mellan s\u00e4kra och os\u00e4kra s\u00f6kresultat.<\/li>\n<li><strong>Rensning av webbl\u00e4sare<\/strong>\u00a0f\u00f6r att rensa dina webbl\u00e4sardata p\u00e5 beg\u00e4ran eller automatiskt, vilket minskar antalet skr\u00e4pfiler och optimerar webbl\u00e4sarens effektivitet.<\/li>\n<li><strong>Granskning av webbplatsens inst\u00e4llningar\u00a0<\/strong>\u2013 f\u00f6r att granska eller blockera webbplatsaviseringar som kan interagera med ditt system, \u00e4ven efter att webbplatsen har st\u00e4ngts. Den h\u00e4r funktionen \u00e4r endast tillg\u00e4nglig f\u00f6r Ultimate-planen.<\/li>\n<li><strong>Rensning av metadata<\/strong>\u00a0skyddar din personliga information genom att ta bort metadata fr\u00e5n bilder som laddas upp till din webbl\u00e4sare.<em><br \/>\n*Funktionen Rensning av metadata \u00e4r endast tillg\u00e4nglig f\u00f6r Ultimate-planen.<\/em><\/li>\n<\/ul>\n<div id=\"content-c9697368\" class=\"frame frame-default frame-type-text frame-layout-0\">\n<p style=\"text-align: center\">Realtidsskydd dygnet runt\u00a0<span class=\"eset-toggle-container inline-tooltip\"><i class=\"icon ficon-info\"><span class=\"eset-tooltip-element list-info initialized\"><br \/>\n<\/span><\/i><\/span>Snabba skanningar utan avbrott\u00a0<span class=\"eset-toggle-container inline-tooltip\"><i class=\"icon ficon-info\"><span class=\"eset-tooltip-element list-info initialized\"><br \/>\n<\/span><\/i><\/span>Non-stop s\u00e4kra bank\u00e4renden och surfning\u00a0<i class=\"icon ficon-info\"><\/i><\/p>\n<p style=\"text-align: center\">Skyddade smartphones och smarta hem\u00a0<i class=\"icon ficon-info\"><\/i><\/p>\n<p style=\"text-align: center\">S\u00e4kra inloggningar med Password Manager\u00a0<span class=\"eset-toggle-container inline-tooltip\"><i class=\"icon ficon-info\"><span class=\"eset-tooltip-element list-info initialized\"><br \/>\n<\/span><\/i><\/span>Kryptering av k\u00e4nsliga uppgifter och foton\u00a0<span class=\"eset-toggle-container inline-tooltip\"><i class=\"icon ficon-info\"><span class=\"eset-tooltip-element list-info initialized\"><br \/>\n<\/span><\/i><\/span><\/p>\n<\/div>\n<div id=\"content-c9697370\" class=\"frame frame-default frame-type-text frame-layout-0\" style=\"text-align: center\"><\/div>\n","protected":false},"excerpt":{"rendered":"<p>ESET HOME Security Premium ger ditt digitala liv ett proaktivt skydd mot st\u00e4ndigt f\u00f6r\u00e4nderliga hot. Hantera l\u00f6senord, kryptera data och s\u00e4kra onlinetransaktioner med prisbel\u00f6nt antivirus. L\u00e5s och lokalisera enheter enkelt eller \u00f6vervaka din s\u00e4kerhetsstatus. Skydda din integritet med den nya funktionen Integritet och s\u00e4kerhet f\u00f6r webbl\u00e4sare. Den h\u00e4r l\u00f6sningen har m\u00e5nga olika funktioner och kr\u00e4ver f\u00e5 resurser.<\/p>\n<p>H\u00e4r nedan v\u00e4ljer du antal \u00e5r du vill k\u00f6pa samt hur m\u00e5nga enheter du vill skydda.<\/p>\n","protected":false},"featured_media":94995,"template":"","meta":[],"product_brand":[],"product_cat":[50],"product_tag":[31,4885],"class_list":{"0":"post-94964","1":"product","2":"type-product","3":"status-publish","4":"has-post-thumbnail","6":"product_cat-eset","7":"product_tag-eset","8":"product_tag-eset-ny-licens","10":"first","11":"instock","12":"taxable","13":"shipping-taxable","14":"purchasable","15":"product-type-variable"},"yoast_head":"<!-- This site is optimized with the Yoast SEO Premium plugin v26.7 (Yoast SEO v26.7) - https:\/\/yoast.com\/wordpress\/plugins\/seo\/ -->\n<title>K\u00f6p ESET HOME Security Premium direkt online hos oss p\u00e5 Heddata!<\/title>\n<meta name=\"description\" content=\"ESET HOME Security Premium \u2013 kraftfullt skydd i flera lager f\u00f6r kryptering av k\u00e4nsliga data, l\u00f6senordshantering, s\u00e4kra onlinetransaktioner\" \/>\n<meta name=\"robots\" content=\"index, follow, max-snippet:-1, max-image-preview:large, max-video-preview:-1\" \/>\n<link rel=\"canonical\" href=\"https:\/\/www.heddata.se\/webbutik\/produkt\/eset-home-security-premium\/\" \/>\n<meta property=\"og:locale\" content=\"sv_SE\" \/>\n<meta property=\"og:type\" content=\"article\" \/>\n<meta property=\"og:title\" content=\"ESET HOME Security Premium\" \/>\n<meta property=\"og:description\" content=\"ESET HOME Security Premium \u2013 kraftfullt skydd i flera lager f\u00f6r kryptering av k\u00e4nsliga data, l\u00f6senordshantering, s\u00e4kra onlinetransaktioner\" \/>\n<meta property=\"og:url\" content=\"https:\/\/www.heddata.se\/webbutik\/produkt\/eset-home-security-premium\/\" \/>\n<meta property=\"og:site_name\" content=\"Datorer, Skrivare, F\u00e4rgpatroner, Mobiltelefoner\" \/>\n<meta property=\"article:modified_time\" content=\"2025-04-25T07:33:41+00:00\" \/>\n<meta property=\"og:image\" content=\"https:\/\/www.heddata.se\/webbutik\/wp-content\/uploads\/webbutik\/kategorier\/eset\/ehsp-1024x694.png\" \/>\n\t<meta property=\"og:image:width\" content=\"1024\" \/>\n\t<meta property=\"og:image:height\" content=\"694\" \/>\n\t<meta property=\"og:image:type\" content=\"image\/png\" \/>\n<meta name=\"twitter:card\" content=\"summary_large_image\" \/>\n<meta name=\"twitter:label1\" content=\"Ber\u00e4knad l\u00e4stid\" \/>\n\t<meta name=\"twitter:data1\" content=\"2 minuter\" \/>\n<script type=\"application\/ld+json\" class=\"yoast-schema-graph\">{\"@context\":\"https:\/\/schema.org\",\"@graph\":[{\"@type\":\"WebPage\",\"@id\":\"https:\/\/www.heddata.se\/webbutik\/produkt\/eset-home-security-premium\/\",\"url\":\"https:\/\/www.heddata.se\/webbutik\/produkt\/eset-home-security-premium\/\",\"name\":\"K\u00f6p ESET HOME Security Premium direkt online hos oss p\u00e5 Heddata!\",\"isPartOf\":{\"@id\":\"https:\/\/www.heddata.se\/webbutik\/#website\"},\"primaryImageOfPage\":{\"@id\":\"https:\/\/www.heddata.se\/webbutik\/produkt\/eset-home-security-premium\/#primaryimage\"},\"image\":{\"@id\":\"https:\/\/www.heddata.se\/webbutik\/produkt\/eset-home-security-premium\/#primaryimage\"},\"thumbnailUrl\":\"https:\/\/www.heddata.se\/webbutik\/wp-content\/uploads\/webbutik\/kategorier\/eset\/ehsp.png\",\"datePublished\":\"2024-02-26T11:07:46+00:00\",\"dateModified\":\"2025-04-25T07:33:41+00:00\",\"description\":\"ESET HOME Security Premium \u2013 kraftfullt skydd i flera lager f\u00f6r kryptering av k\u00e4nsliga data, l\u00f6senordshantering, s\u00e4kra onlinetransaktioner\",\"breadcrumb\":{\"@id\":\"https:\/\/www.heddata.se\/webbutik\/produkt\/eset-home-security-premium\/#breadcrumb\"},\"inLanguage\":\"sv-SE\",\"potentialAction\":[{\"@type\":\"ReadAction\",\"target\":[\"https:\/\/www.heddata.se\/webbutik\/produkt\/eset-home-security-premium\/\"]}]},{\"@type\":\"ImageObject\",\"inLanguage\":\"sv-SE\",\"@id\":\"https:\/\/www.heddata.se\/webbutik\/produkt\/eset-home-security-premium\/#primaryimage\",\"url\":\"https:\/\/www.heddata.se\/webbutik\/wp-content\/uploads\/webbutik\/kategorier\/eset\/ehsp.png\",\"contentUrl\":\"https:\/\/www.heddata.se\/webbutik\/wp-content\/uploads\/webbutik\/kategorier\/eset\/ehsp.png\",\"width\":6022,\"height\":4080,\"caption\":\"ESET HOME Security Premium\"},{\"@type\":\"BreadcrumbList\",\"@id\":\"https:\/\/www.heddata.se\/webbutik\/produkt\/eset-home-security-premium\/#breadcrumb\",\"itemListElement\":[{\"@type\":\"ListItem\",\"position\":1,\"name\":\"Hem\",\"item\":\"https:\/\/www.heddata.se\/webbutik\/\"},{\"@type\":\"ListItem\",\"position\":2,\"name\":\"Produkter\",\"item\":\"https:\/\/www.heddata.se\/webbutik\/shop\/\"},{\"@type\":\"ListItem\",\"position\":3,\"name\":\"ESET HOME Security Premium\"}]},{\"@type\":\"WebSite\",\"@id\":\"https:\/\/www.heddata.se\/webbutik\/#website\",\"url\":\"https:\/\/www.heddata.se\/webbutik\/\",\"name\":\"Datorer, Skrivare, F\u00e4rgpatroner, Mobiltelefoner\",\"description\":\"Kablar\",\"publisher\":{\"@id\":\"https:\/\/www.heddata.se\/webbutik\/#organization\"},\"potentialAction\":[{\"@type\":\"SearchAction\",\"target\":{\"@type\":\"EntryPoint\",\"urlTemplate\":\"https:\/\/www.heddata.se\/webbutik\/?s={search_term_string}\"},\"query-input\":{\"@type\":\"PropertyValueSpecification\",\"valueRequired\":true,\"valueName\":\"search_term_string\"}}],\"inLanguage\":\"sv-SE\"},{\"@type\":\"Organization\",\"@id\":\"https:\/\/www.heddata.se\/webbutik\/#organization\",\"name\":\"Heddata AB\",\"url\":\"https:\/\/www.heddata.se\/webbutik\/\",\"logo\":{\"@type\":\"ImageObject\",\"inLanguage\":\"sv-SE\",\"@id\":\"https:\/\/www.heddata.se\/webbutik\/#\/schema\/logo\/image\/\",\"url\":\"https:\/\/www.heddata.se\/webbutik\/wp-content\/uploads\/logga\/heddata-ab-logga.png\",\"contentUrl\":\"https:\/\/www.heddata.se\/webbutik\/wp-content\/uploads\/logga\/heddata-ab-logga.png\",\"width\":200,\"height\":64,\"caption\":\"Heddata AB\"},\"image\":{\"@id\":\"https:\/\/www.heddata.se\/webbutik\/#\/schema\/logo\/image\/\"}}]}<\/script>\n<!-- \/ Yoast SEO Premium plugin. -->","yoast_head_json":{"title":"K\u00f6p ESET HOME Security Premium direkt online hos oss p\u00e5 Heddata!","description":"ESET HOME Security Premium \u2013 kraftfullt skydd i flera lager f\u00f6r kryptering av k\u00e4nsliga data, l\u00f6senordshantering, s\u00e4kra onlinetransaktioner","robots":{"index":"index","follow":"follow","max-snippet":"max-snippet:-1","max-image-preview":"max-image-preview:large","max-video-preview":"max-video-preview:-1"},"canonical":"https:\/\/www.heddata.se\/webbutik\/produkt\/eset-home-security-premium\/","og_locale":"sv_SE","og_type":"article","og_title":"ESET HOME Security Premium","og_description":"ESET HOME Security Premium \u2013 kraftfullt skydd i flera lager f\u00f6r kryptering av k\u00e4nsliga data, l\u00f6senordshantering, s\u00e4kra onlinetransaktioner","og_url":"https:\/\/www.heddata.se\/webbutik\/produkt\/eset-home-security-premium\/","og_site_name":"Datorer, Skrivare, F\u00e4rgpatroner, Mobiltelefoner","article_modified_time":"2025-04-25T07:33:41+00:00","og_image":[{"width":1024,"height":694,"url":"https:\/\/www.heddata.se\/webbutik\/wp-content\/uploads\/webbutik\/kategorier\/eset\/ehsp-1024x694.png","type":"image\/png"}],"twitter_card":"summary_large_image","twitter_misc":{"Ber\u00e4knad l\u00e4stid":"2 minuter"},"schema":{"@context":"https:\/\/schema.org","@graph":[{"@type":"WebPage","@id":"https:\/\/www.heddata.se\/webbutik\/produkt\/eset-home-security-premium\/","url":"https:\/\/www.heddata.se\/webbutik\/produkt\/eset-home-security-premium\/","name":"K\u00f6p ESET HOME Security Premium direkt online hos oss p\u00e5 Heddata!","isPartOf":{"@id":"https:\/\/www.heddata.se\/webbutik\/#website"},"primaryImageOfPage":{"@id":"https:\/\/www.heddata.se\/webbutik\/produkt\/eset-home-security-premium\/#primaryimage"},"image":{"@id":"https:\/\/www.heddata.se\/webbutik\/produkt\/eset-home-security-premium\/#primaryimage"},"thumbnailUrl":"https:\/\/www.heddata.se\/webbutik\/wp-content\/uploads\/webbutik\/kategorier\/eset\/ehsp.png","datePublished":"2024-02-26T11:07:46+00:00","dateModified":"2025-04-25T07:33:41+00:00","description":"ESET HOME Security Premium \u2013 kraftfullt skydd i flera lager f\u00f6r kryptering av k\u00e4nsliga data, l\u00f6senordshantering, s\u00e4kra onlinetransaktioner","breadcrumb":{"@id":"https:\/\/www.heddata.se\/webbutik\/produkt\/eset-home-security-premium\/#breadcrumb"},"inLanguage":"sv-SE","potentialAction":[{"@type":"ReadAction","target":["https:\/\/www.heddata.se\/webbutik\/produkt\/eset-home-security-premium\/"]}]},{"@type":"ImageObject","inLanguage":"sv-SE","@id":"https:\/\/www.heddata.se\/webbutik\/produkt\/eset-home-security-premium\/#primaryimage","url":"https:\/\/www.heddata.se\/webbutik\/wp-content\/uploads\/webbutik\/kategorier\/eset\/ehsp.png","contentUrl":"https:\/\/www.heddata.se\/webbutik\/wp-content\/uploads\/webbutik\/kategorier\/eset\/ehsp.png","width":6022,"height":4080,"caption":"ESET HOME Security Premium"},{"@type":"BreadcrumbList","@id":"https:\/\/www.heddata.se\/webbutik\/produkt\/eset-home-security-premium\/#breadcrumb","itemListElement":[{"@type":"ListItem","position":1,"name":"Hem","item":"https:\/\/www.heddata.se\/webbutik\/"},{"@type":"ListItem","position":2,"name":"Produkter","item":"https:\/\/www.heddata.se\/webbutik\/shop\/"},{"@type":"ListItem","position":3,"name":"ESET HOME Security Premium"}]},{"@type":"WebSite","@id":"https:\/\/www.heddata.se\/webbutik\/#website","url":"https:\/\/www.heddata.se\/webbutik\/","name":"Datorer, Skrivare, F\u00e4rgpatroner, Mobiltelefoner","description":"Kablar","publisher":{"@id":"https:\/\/www.heddata.se\/webbutik\/#organization"},"potentialAction":[{"@type":"SearchAction","target":{"@type":"EntryPoint","urlTemplate":"https:\/\/www.heddata.se\/webbutik\/?s={search_term_string}"},"query-input":{"@type":"PropertyValueSpecification","valueRequired":true,"valueName":"search_term_string"}}],"inLanguage":"sv-SE"},{"@type":"Organization","@id":"https:\/\/www.heddata.se\/webbutik\/#organization","name":"Heddata AB","url":"https:\/\/www.heddata.se\/webbutik\/","logo":{"@type":"ImageObject","inLanguage":"sv-SE","@id":"https:\/\/www.heddata.se\/webbutik\/#\/schema\/logo\/image\/","url":"https:\/\/www.heddata.se\/webbutik\/wp-content\/uploads\/logga\/heddata-ab-logga.png","contentUrl":"https:\/\/www.heddata.se\/webbutik\/wp-content\/uploads\/logga\/heddata-ab-logga.png","width":200,"height":64,"caption":"Heddata AB"},"image":{"@id":"https:\/\/www.heddata.se\/webbutik\/#\/schema\/logo\/image\/"}}]}},"_links":{"self":[{"href":"https:\/\/www.heddata.se\/webbutik\/wp-json\/wp\/v2\/product\/94964","targetHints":{"allow":["GET"]}}],"collection":[{"href":"https:\/\/www.heddata.se\/webbutik\/wp-json\/wp\/v2\/product"}],"about":[{"href":"https:\/\/www.heddata.se\/webbutik\/wp-json\/wp\/v2\/types\/product"}],"wp:featuredmedia":[{"embeddable":true,"href":"https:\/\/www.heddata.se\/webbutik\/wp-json\/wp\/v2\/media\/94995"}],"wp:attachment":[{"href":"https:\/\/www.heddata.se\/webbutik\/wp-json\/wp\/v2\/media?parent=94964"}],"wp:term":[{"taxonomy":"product_brand","embeddable":true,"href":"https:\/\/www.heddata.se\/webbutik\/wp-json\/wp\/v2\/product_brand?post=94964"},{"taxonomy":"product_cat","embeddable":true,"href":"https:\/\/www.heddata.se\/webbutik\/wp-json\/wp\/v2\/product_cat?post=94964"},{"taxonomy":"product_tag","embeddable":true,"href":"https:\/\/www.heddata.se\/webbutik\/wp-json\/wp\/v2\/product_tag?post=94964"}],"curies":[{"name":"wp","href":"https:\/\/api.w.org\/{rel}","templated":true}]}}