{"id":94839,"date":"2024-02-26T10:21:55","date_gmt":"2024-02-26T09:21:55","guid":{"rendered":"https:\/\/www.heddata.se\/webbutik\/?post_type=product&#038;p=94839"},"modified":"2025-04-25T09:33:29","modified_gmt":"2025-04-25T07:33:29","slug":"eset-home-security-essential","status":"publish","type":"product","link":"https:\/\/www.heddata.se\/webbutik\/produkt\/eset-home-security-essential\/","title":{"rendered":"ESET HOME Security Essential"},"content":{"rendered":"<h2 style=\"text-align: center;\"><strong>ESET HOME Security Essential<\/strong><\/h2>\n<h3 class=\"align-center\" style=\"text-align: center;\"><strong>Allt-i-ett-skydd f\u00f6r ditt digitala liv<\/strong><\/h3>\n<p class=\"align-center\" style=\"text-align: center;\">f\u00f6r PC, macOS, smartphone eller surfplattor<\/p>\n<h2 style=\"text-align: center;\">Har du redan en licens och \u00f6nskar\u00a0f\u00f6rnya den?<\/h2>\n<p style=\"text-align: center;\"><a href=\"https:\/\/www.heddata.se\/webbutik\/eset-nod32-antivirus-fornya-online\/\">Bes\u00f6k v\u00e5r sida f\u00f6r f\u00f6rnyelse<\/a><\/p>\n<p>ESET HOME Security Essential bygger p\u00e5 ESET:s legendariska antivirusteknik och ger ett omfattande skydd f\u00f6r ditt digitala liv. Skydda ditt smarta hem och din webbkamera, k\u00e4nn dig trygg n\u00e4r du surfar och g\u00f6r bank\u00e4renden online med mera. Den h\u00e4r l\u00f6sningen innefattar Antist\u00f6ld f\u00f6r enkel l\u00e5sning och lokalisering av enheter, plus m\u00e5natliga s\u00e4kerhetsrapporter. Skydd utan kr\u00e5ngel.<\/p>\n<p>Bekymmersfria\u00a0<strong>betalningar\u00a0<\/strong>och integritetsskydd med funktioner som\u00a0<strong>anti-phishing<\/strong>\u00a0och Wi-Fi-skydd.<\/p>\n<h3 style=\"text-align: center;\"><strong>Detta ing\u00e5r:<\/strong><\/h3>\n<p style=\"text-align: center;\"><span style=\"color: #333333; font-size: 14.4px;\">Realtidsskydd dygnet runt.<br \/>\n<\/span><span style=\"font-size: 14.4px;\">Snabba skanningar utan avbrott.<br \/>\n<\/span><span style=\"font-size: 14.4px;\">Non-stop s\u00e4kra bank\u00e4renden och surfning.<br \/>\n<\/span><span style=\"font-size: 14.4px;\">Skyddade smartphones och smarta hem.\u00a0<\/span><\/p>\n<h3 style=\"text-align: center;\">K\u00f6rs i bakgrunden med automatiska uppdateringar. Vi varnar dig om du \u00e4r p\u00e5 v\u00e4g att utf\u00f6ra en riskabel \u00e5tg\u00e4rd.<\/h3>\n<p><strong>Proaktivt antivirusskydd<\/strong>\u00a0skyddar dig mot alla typer av malware, inklusive virus, trojaner, maskar och spionprogram.<\/p>\n<p><strong>Antiphishing<\/strong>\u00a0blockerar sidor som f\u00f6rs\u00f6ker stj\u00e4la din personliga information f\u00f6r att f\u00f6rhindra identitetsst\u00f6ld och missbruk av dina personuppgifter.<\/p>\n<p><strong>Ransomware Shield<\/strong>\u00a0blockerar malware som f\u00f6rs\u00f6ker l\u00e5sa dina data och sedan kr\u00e4ver en \u201dl\u00f6sensumma\u201d.<\/p>\n<p><strong>Enhetskontroll<\/strong>\u00a0g\u00f6r det m\u00f6jligt att f\u00f6rhindra obeh\u00f6rig kopiering av privata uppgifter till en extern enhet.<\/p>\n<p><strong>Artificiell intelligens<\/strong>\u00a0inb\u00e4ddad i v\u00e5rt skydd uppt\u00e4cker avancerad, aldrig tidigare sedd malware, men med minimal inverkan p\u00e5 prestanda.<\/p>\n<p><strong>Smidiga produktuppgraderingar<\/strong>\u00a0g\u00f6r att du kan dra nytta av nya tekniker f\u00f6r skydd direkt n\u00e4r de blir tillg\u00e4ngliga, vilket ger dig en konstant h\u00f6g s\u00e4kerhetsniv\u00e5<\/p>\n<p><strong>S\u00e4kra bank\u00e4renden<\/strong>\u00a0\u2013 S\u00e4kert webbl\u00e4sarl\u00e4ge f\u00f6r favoritwebbl\u00e4sare\u00a0<i class=\"icon ficon-info\"><\/i>\u00a0som erbjuder automatiskt skydd n\u00e4r du g\u00f6r bank\u00e4renden online och ger tillg\u00e5ng till webbaserade kryptopl\u00e5nb\u00f6cker. Kommunikationen mellan tangentbordet och webbl\u00e4saren \u00e4r ocks\u00e5 krypterad, vilket garanterar s\u00e4krare transaktioner och skydd mot keyloggers.<\/p>\n<p><strong>S\u00e4ker surfning<\/strong>\u00a0\u2013 Skydda dina onlineaktiviteter med ett s\u00e4kert webbl\u00e4sarl\u00e4ge\u00a0<i class=\"icon ficon-info\"><\/i>. Denna funktion erbjuder ett extra lager av surfskydd som skyddar mot malware, keylogging och andra typer av digitala hot. Den aktiveras automatiskt f\u00f6r alla kompatibla webbl\u00e4sare.<\/p>\n<p><strong>Till\u00e4gget Sekretess och s\u00e4kerhet f\u00f6r webbl\u00e4sare\u00a0<\/strong>\u2013 F\u00e5 optimerad s\u00f6kprestanda och f\u00f6rb\u00e4ttrat skydd mot onlinebedr\u00e4gerier med:<\/p>\n<ul>\n<li><strong>S\u00e4ker s\u00f6kning<\/strong>\u00a0som hj\u00e4lper dig att enkelt skilja mellan s\u00e4kra och os\u00e4kra s\u00f6kresultat.<\/li>\n<li><strong>Rensning av webbl\u00e4sare<\/strong>\u00a0f\u00f6r att rensa dina webbl\u00e4sardata p\u00e5 beg\u00e4ran eller automatiskt, vilket minskar antalet skr\u00e4pfiler och optimerar webbl\u00e4sarens effektivitet.<\/li>\n<li><strong>Granskning av webbplatsens inst\u00e4llningar\u00a0<\/strong>\u2013 f\u00f6r att granska eller blockera webbplatsaviseringar som kan interagera med ditt system, \u00e4ven efter att webbplatsen har st\u00e4ngts. Den h\u00e4r funktionen \u00e4r endast tillg\u00e4nglig f\u00f6r Ultimate-planen.<\/li>\n<li><strong>Rensning av metadata<\/strong>\u00a0skyddar din personliga information genom att ta bort metadata fr\u00e5n bilder som laddas upp till din webbl\u00e4sare.<em><br \/>\n*Funktionen Rensning av metadata \u00e4r endast tillg\u00e4nglig f\u00f6r Ultimate-planen.<\/em><\/li>\n<\/ul>\n","protected":false},"excerpt":{"rendered":"<p>ESET HOME Security Essential ger en s\u00e4ker onlineupplevelse. Den h\u00e4r l\u00f6sningen i flera lager skyddar ditt smarta hem, din webbkamera, din webbl\u00e4sare och dina onlinetransaktioner.<\/p>\n<p>H\u00e4r nedan v\u00e4ljer du antal \u00e5r du vill k\u00f6pa samt hur m\u00e5nga enheter du vill skydda.<\/p>\n","protected":false},"featured_media":94901,"template":"","meta":[],"product_brand":[],"product_cat":[50],"product_tag":[31,4885],"class_list":{"0":"post-94839","1":"product","2":"type-product","3":"status-publish","4":"has-post-thumbnail","6":"product_cat-eset","7":"product_tag-eset","8":"product_tag-eset-ny-licens","10":"first","11":"instock","12":"taxable","13":"shipping-taxable","14":"purchasable","15":"product-type-variable"},"yoast_head":"<!-- This site is optimized with the Yoast SEO Premium plugin v26.7 (Yoast SEO v26.7) - https:\/\/yoast.com\/wordpress\/plugins\/seo\/ -->\n<title>K\u00f6p ESET HOME Security Essential direkt online hos oss p\u00e5 Heddata!<\/title>\n<meta name=\"description\" content=\"ESET HOME Security Essential ger en s\u00e4ker onlineupplevelse. Den h\u00e4r l\u00f6sningen i flera lager skyddar ditt smarta hem, din webbkamera\" \/>\n<meta name=\"robots\" content=\"index, follow, max-snippet:-1, max-image-preview:large, max-video-preview:-1\" \/>\n<link rel=\"canonical\" href=\"https:\/\/www.heddata.se\/webbutik\/produkt\/eset-home-security-essential\/\" \/>\n<meta property=\"og:locale\" content=\"sv_SE\" \/>\n<meta property=\"og:type\" content=\"article\" \/>\n<meta property=\"og:title\" content=\"ESET HOME Security Essential\" \/>\n<meta property=\"og:description\" content=\"ESET HOME Security Essential ger en s\u00e4ker onlineupplevelse. Den h\u00e4r l\u00f6sningen i flera lager skyddar ditt smarta hem, din webbkamera\" \/>\n<meta property=\"og:url\" content=\"https:\/\/www.heddata.se\/webbutik\/produkt\/eset-home-security-essential\/\" \/>\n<meta property=\"og:site_name\" content=\"Datorer, Skrivare, F\u00e4rgpatroner, Mobiltelefoner\" \/>\n<meta property=\"article:modified_time\" content=\"2025-04-25T07:33:29+00:00\" \/>\n<meta property=\"og:image\" content=\"https:\/\/www.heddata.se\/webbutik\/wp-content\/uploads\/webbutik\/kategorier\/eset\/ehse-1024x694.png\" \/>\n\t<meta property=\"og:image:width\" content=\"1024\" \/>\n\t<meta property=\"og:image:height\" content=\"694\" \/>\n\t<meta property=\"og:image:type\" content=\"image\/png\" \/>\n<meta name=\"twitter:card\" content=\"summary_large_image\" \/>\n<meta name=\"twitter:label1\" content=\"Ber\u00e4knad l\u00e4stid\" \/>\n\t<meta name=\"twitter:data1\" content=\"3 minuter\" \/>\n<script type=\"application\/ld+json\" class=\"yoast-schema-graph\">{\"@context\":\"https:\/\/schema.org\",\"@graph\":[{\"@type\":\"WebPage\",\"@id\":\"https:\/\/www.heddata.se\/webbutik\/produkt\/eset-home-security-essential\/\",\"url\":\"https:\/\/www.heddata.se\/webbutik\/produkt\/eset-home-security-essential\/\",\"name\":\"K\u00f6p ESET HOME Security Essential direkt online hos oss p\u00e5 Heddata!\",\"isPartOf\":{\"@id\":\"https:\/\/www.heddata.se\/webbutik\/#website\"},\"primaryImageOfPage\":{\"@id\":\"https:\/\/www.heddata.se\/webbutik\/produkt\/eset-home-security-essential\/#primaryimage\"},\"image\":{\"@id\":\"https:\/\/www.heddata.se\/webbutik\/produkt\/eset-home-security-essential\/#primaryimage\"},\"thumbnailUrl\":\"https:\/\/www.heddata.se\/webbutik\/wp-content\/uploads\/webbutik\/kategorier\/eset\/ehse.png\",\"datePublished\":\"2024-02-26T09:21:55+00:00\",\"dateModified\":\"2025-04-25T07:33:29+00:00\",\"description\":\"ESET HOME Security Essential ger en s\u00e4ker onlineupplevelse. Den h\u00e4r l\u00f6sningen i flera lager skyddar ditt smarta hem, din webbkamera\",\"breadcrumb\":{\"@id\":\"https:\/\/www.heddata.se\/webbutik\/produkt\/eset-home-security-essential\/#breadcrumb\"},\"inLanguage\":\"sv-SE\",\"potentialAction\":[{\"@type\":\"ReadAction\",\"target\":[\"https:\/\/www.heddata.se\/webbutik\/produkt\/eset-home-security-essential\/\"]}]},{\"@type\":\"ImageObject\",\"inLanguage\":\"sv-SE\",\"@id\":\"https:\/\/www.heddata.se\/webbutik\/produkt\/eset-home-security-essential\/#primaryimage\",\"url\":\"https:\/\/www.heddata.se\/webbutik\/wp-content\/uploads\/webbutik\/kategorier\/eset\/ehse.png\",\"contentUrl\":\"https:\/\/www.heddata.se\/webbutik\/wp-content\/uploads\/webbutik\/kategorier\/eset\/ehse.png\",\"width\":6022,\"height\":4080,\"caption\":\"ESET HOME Security Essential\"},{\"@type\":\"BreadcrumbList\",\"@id\":\"https:\/\/www.heddata.se\/webbutik\/produkt\/eset-home-security-essential\/#breadcrumb\",\"itemListElement\":[{\"@type\":\"ListItem\",\"position\":1,\"name\":\"Hem\",\"item\":\"https:\/\/www.heddata.se\/webbutik\/\"},{\"@type\":\"ListItem\",\"position\":2,\"name\":\"Produkter\",\"item\":\"https:\/\/www.heddata.se\/webbutik\/shop\/\"},{\"@type\":\"ListItem\",\"position\":3,\"name\":\"ESET HOME Security Essential\"}]},{\"@type\":\"WebSite\",\"@id\":\"https:\/\/www.heddata.se\/webbutik\/#website\",\"url\":\"https:\/\/www.heddata.se\/webbutik\/\",\"name\":\"Datorer, Skrivare, F\u00e4rgpatroner, Mobiltelefoner\",\"description\":\"Kablar\",\"publisher\":{\"@id\":\"https:\/\/www.heddata.se\/webbutik\/#organization\"},\"potentialAction\":[{\"@type\":\"SearchAction\",\"target\":{\"@type\":\"EntryPoint\",\"urlTemplate\":\"https:\/\/www.heddata.se\/webbutik\/?s={search_term_string}\"},\"query-input\":{\"@type\":\"PropertyValueSpecification\",\"valueRequired\":true,\"valueName\":\"search_term_string\"}}],\"inLanguage\":\"sv-SE\"},{\"@type\":\"Organization\",\"@id\":\"https:\/\/www.heddata.se\/webbutik\/#organization\",\"name\":\"Heddata AB\",\"url\":\"https:\/\/www.heddata.se\/webbutik\/\",\"logo\":{\"@type\":\"ImageObject\",\"inLanguage\":\"sv-SE\",\"@id\":\"https:\/\/www.heddata.se\/webbutik\/#\/schema\/logo\/image\/\",\"url\":\"https:\/\/www.heddata.se\/webbutik\/wp-content\/uploads\/logga\/heddata-ab-logga.png\",\"contentUrl\":\"https:\/\/www.heddata.se\/webbutik\/wp-content\/uploads\/logga\/heddata-ab-logga.png\",\"width\":200,\"height\":64,\"caption\":\"Heddata AB\"},\"image\":{\"@id\":\"https:\/\/www.heddata.se\/webbutik\/#\/schema\/logo\/image\/\"}}]}<\/script>\n<!-- \/ Yoast SEO Premium plugin. -->","yoast_head_json":{"title":"K\u00f6p ESET HOME Security Essential direkt online hos oss p\u00e5 Heddata!","description":"ESET HOME Security Essential ger en s\u00e4ker onlineupplevelse. Den h\u00e4r l\u00f6sningen i flera lager skyddar ditt smarta hem, din webbkamera","robots":{"index":"index","follow":"follow","max-snippet":"max-snippet:-1","max-image-preview":"max-image-preview:large","max-video-preview":"max-video-preview:-1"},"canonical":"https:\/\/www.heddata.se\/webbutik\/produkt\/eset-home-security-essential\/","og_locale":"sv_SE","og_type":"article","og_title":"ESET HOME Security Essential","og_description":"ESET HOME Security Essential ger en s\u00e4ker onlineupplevelse. Den h\u00e4r l\u00f6sningen i flera lager skyddar ditt smarta hem, din webbkamera","og_url":"https:\/\/www.heddata.se\/webbutik\/produkt\/eset-home-security-essential\/","og_site_name":"Datorer, Skrivare, F\u00e4rgpatroner, Mobiltelefoner","article_modified_time":"2025-04-25T07:33:29+00:00","og_image":[{"width":1024,"height":694,"url":"https:\/\/www.heddata.se\/webbutik\/wp-content\/uploads\/webbutik\/kategorier\/eset\/ehse-1024x694.png","type":"image\/png"}],"twitter_card":"summary_large_image","twitter_misc":{"Ber\u00e4knad l\u00e4stid":"3 minuter"},"schema":{"@context":"https:\/\/schema.org","@graph":[{"@type":"WebPage","@id":"https:\/\/www.heddata.se\/webbutik\/produkt\/eset-home-security-essential\/","url":"https:\/\/www.heddata.se\/webbutik\/produkt\/eset-home-security-essential\/","name":"K\u00f6p ESET HOME Security Essential direkt online hos oss p\u00e5 Heddata!","isPartOf":{"@id":"https:\/\/www.heddata.se\/webbutik\/#website"},"primaryImageOfPage":{"@id":"https:\/\/www.heddata.se\/webbutik\/produkt\/eset-home-security-essential\/#primaryimage"},"image":{"@id":"https:\/\/www.heddata.se\/webbutik\/produkt\/eset-home-security-essential\/#primaryimage"},"thumbnailUrl":"https:\/\/www.heddata.se\/webbutik\/wp-content\/uploads\/webbutik\/kategorier\/eset\/ehse.png","datePublished":"2024-02-26T09:21:55+00:00","dateModified":"2025-04-25T07:33:29+00:00","description":"ESET HOME Security Essential ger en s\u00e4ker onlineupplevelse. Den h\u00e4r l\u00f6sningen i flera lager skyddar ditt smarta hem, din webbkamera","breadcrumb":{"@id":"https:\/\/www.heddata.se\/webbutik\/produkt\/eset-home-security-essential\/#breadcrumb"},"inLanguage":"sv-SE","potentialAction":[{"@type":"ReadAction","target":["https:\/\/www.heddata.se\/webbutik\/produkt\/eset-home-security-essential\/"]}]},{"@type":"ImageObject","inLanguage":"sv-SE","@id":"https:\/\/www.heddata.se\/webbutik\/produkt\/eset-home-security-essential\/#primaryimage","url":"https:\/\/www.heddata.se\/webbutik\/wp-content\/uploads\/webbutik\/kategorier\/eset\/ehse.png","contentUrl":"https:\/\/www.heddata.se\/webbutik\/wp-content\/uploads\/webbutik\/kategorier\/eset\/ehse.png","width":6022,"height":4080,"caption":"ESET HOME Security Essential"},{"@type":"BreadcrumbList","@id":"https:\/\/www.heddata.se\/webbutik\/produkt\/eset-home-security-essential\/#breadcrumb","itemListElement":[{"@type":"ListItem","position":1,"name":"Hem","item":"https:\/\/www.heddata.se\/webbutik\/"},{"@type":"ListItem","position":2,"name":"Produkter","item":"https:\/\/www.heddata.se\/webbutik\/shop\/"},{"@type":"ListItem","position":3,"name":"ESET HOME Security Essential"}]},{"@type":"WebSite","@id":"https:\/\/www.heddata.se\/webbutik\/#website","url":"https:\/\/www.heddata.se\/webbutik\/","name":"Datorer, Skrivare, F\u00e4rgpatroner, Mobiltelefoner","description":"Kablar","publisher":{"@id":"https:\/\/www.heddata.se\/webbutik\/#organization"},"potentialAction":[{"@type":"SearchAction","target":{"@type":"EntryPoint","urlTemplate":"https:\/\/www.heddata.se\/webbutik\/?s={search_term_string}"},"query-input":{"@type":"PropertyValueSpecification","valueRequired":true,"valueName":"search_term_string"}}],"inLanguage":"sv-SE"},{"@type":"Organization","@id":"https:\/\/www.heddata.se\/webbutik\/#organization","name":"Heddata AB","url":"https:\/\/www.heddata.se\/webbutik\/","logo":{"@type":"ImageObject","inLanguage":"sv-SE","@id":"https:\/\/www.heddata.se\/webbutik\/#\/schema\/logo\/image\/","url":"https:\/\/www.heddata.se\/webbutik\/wp-content\/uploads\/logga\/heddata-ab-logga.png","contentUrl":"https:\/\/www.heddata.se\/webbutik\/wp-content\/uploads\/logga\/heddata-ab-logga.png","width":200,"height":64,"caption":"Heddata AB"},"image":{"@id":"https:\/\/www.heddata.se\/webbutik\/#\/schema\/logo\/image\/"}}]}},"_links":{"self":[{"href":"https:\/\/www.heddata.se\/webbutik\/wp-json\/wp\/v2\/product\/94839","targetHints":{"allow":["GET"]}}],"collection":[{"href":"https:\/\/www.heddata.se\/webbutik\/wp-json\/wp\/v2\/product"}],"about":[{"href":"https:\/\/www.heddata.se\/webbutik\/wp-json\/wp\/v2\/types\/product"}],"wp:featuredmedia":[{"embeddable":true,"href":"https:\/\/www.heddata.se\/webbutik\/wp-json\/wp\/v2\/media\/94901"}],"wp:attachment":[{"href":"https:\/\/www.heddata.se\/webbutik\/wp-json\/wp\/v2\/media?parent=94839"}],"wp:term":[{"taxonomy":"product_brand","embeddable":true,"href":"https:\/\/www.heddata.se\/webbutik\/wp-json\/wp\/v2\/product_brand?post=94839"},{"taxonomy":"product_cat","embeddable":true,"href":"https:\/\/www.heddata.se\/webbutik\/wp-json\/wp\/v2\/product_cat?post=94839"},{"taxonomy":"product_tag","embeddable":true,"href":"https:\/\/www.heddata.se\/webbutik\/wp-json\/wp\/v2\/product_tag?post=94839"}],"curies":[{"name":"wp","href":"https:\/\/api.w.org\/{rel}","templated":true}]}}