{"id":94822,"date":"2024-02-21T13:23:40","date_gmt":"2024-02-21T12:23:40","guid":{"rendered":"https:\/\/www.heddata.se\/webbutik\/?post_type=product&#038;p=94822"},"modified":"2026-04-07T10:08:19","modified_gmt":"2026-04-07T08:08:19","slug":"kollegieblock-fw-a5-60g-70-bl-rutat-oh","status":"publish","type":"product","link":"https:\/\/www.heddata.se\/webbutik\/produkt\/kollegieblock-fw-a5-60g-70-bl-rutat-oh\/","title":{"rendered":"Kollegieblock FW A5 60g 70 bl rutat oh."},"content":{"rendered":"<p>Kollegieblock FW A5 60g 70 bl rutat oh.<\/p>\n<p><b>Kollegieblock med spiralbindning och rutat papper.<\/b><\/p>\n<p>Kollegieblockets omslag, papper och st\u00f6dplatta \u00e4r oh\u00e5lade. Arken \u00e4r Mikroperforerade p\u00e5 v\u00e4nster sida f\u00f6r enkel avrivning. Vitt rutat <a href=\"https:\/\/www.heddata.se\/webbutik\/almanackor-planeringskalendrar-och-dagbocker\/\">papper<\/a> med en svart spiral l\u00e4ngs v\u00e4nster kant. H\u00f6rn p\u00e5 h\u00f6ger sida \u00e4r fyrkantiga. Arken \u00e4r kantstansade vid mikroperforeringen f\u00f6r att f\u00f6renkla avrivning.<\/p>\n<ul>\n<li>Format: A5<\/li>\n<li>Antal blad: 70st<\/li>\n<li>Oh\u00e5lat<\/li>\n<li>Rutstorlek: 5 x 5mm<\/li>\n<li>Papper: <a href=\"https:\/\/www.svanen.se\/\" target=\"_blank\" rel=\"noopener\">Svanen<\/a> certifierat papper 60g<\/li>\n<li>St\u00f6dplatta: gr\u00e5 kartong utan tryck 500g<\/li>\n<li>Omslag: 170g<\/li>\n<li>Storlek: 16 x 21cm<\/li>\n<li>Svanen: Licensnummer 30410112<\/li>\n<li>EU Ecolabel: Licensnummer AT\/053\/047<\/li>\n<\/ul>\n","protected":false},"excerpt":{"rendered":"<p>Kollegieblock FW A5 60g 70 bl rutat oh.<\/p>\n","protected":false},"featured_media":94833,"template":"","meta":[],"product_brand":[],"product_cat":[8995,68],"product_tag":[],"class_list":{"0":"post-94822","1":"product","2":"type-product","3":"status-publish","4":"has-post-thumbnail","6":"product_cat-block","7":"product_cat-kontorstillbehor","9":"first","10":"instock","11":"taxable","12":"shipping-taxable","13":"purchasable","14":"product-type-simple"},"yoast_head":"<!-- This site is optimized with the Yoast SEO Premium plugin v26.7 (Yoast SEO v26.7) - https:\/\/yoast.com\/wordpress\/plugins\/seo\/ -->\n<title>Kollegieblock FW A5 60g 70 bl rutat oh. Arken \u00e4r Mikroperforerade<\/title>\n<meta name=\"description\" content=\"Kollegieblock FW A5 60g 70 bl rutat oh. Kollegieblockets omslag, papper och st\u00f6dplatta \u00e4r oh\u00e5lade. Arken \u00e4r Mikroperforerade\" \/>\n<meta name=\"robots\" content=\"index, follow, max-snippet:-1, max-image-preview:large, max-video-preview:-1\" \/>\n<link rel=\"canonical\" href=\"https:\/\/www.heddata.se\/webbutik\/produkt\/kollegieblock-fw-a5-60g-70-bl-rutat-oh\/\" \/>\n<meta property=\"og:locale\" content=\"sv_SE\" \/>\n<meta property=\"og:type\" content=\"article\" \/>\n<meta property=\"og:title\" content=\"Kollegieblock FW A5 60g 70 bl rutat oh.\" \/>\n<meta property=\"og:description\" content=\"Kollegieblock FW A5 60g 70 bl rutat oh. Kollegieblockets omslag, papper och st\u00f6dplatta \u00e4r oh\u00e5lade. Arken \u00e4r Mikroperforerade\" \/>\n<meta property=\"og:url\" content=\"https:\/\/www.heddata.se\/webbutik\/produkt\/kollegieblock-fw-a5-60g-70-bl-rutat-oh\/\" \/>\n<meta property=\"og:site_name\" content=\"Datorer, Skrivare, F\u00e4rgpatroner, Mobiltelefoner\" \/>\n<meta property=\"article:modified_time\" content=\"2026-04-07T08:08:19+00:00\" \/>\n<meta property=\"og:image\" content=\"https:\/\/www.heddata.se\/webbutik\/wp-content\/uploads\/webbutik\/kategorier\/kontorstillbehor\/272351.jpg\" \/>\n\t<meta property=\"og:image:width\" content=\"800\" \/>\n\t<meta property=\"og:image:height\" content=\"800\" \/>\n\t<meta property=\"og:image:type\" content=\"image\/jpeg\" \/>\n<meta name=\"twitter:card\" content=\"summary_large_image\" \/>\n<script type=\"application\/ld+json\" class=\"yoast-schema-graph\">{\"@context\":\"https:\/\/schema.org\",\"@graph\":[{\"@type\":\"WebPage\",\"@id\":\"https:\/\/www.heddata.se\/webbutik\/produkt\/kollegieblock-fw-a5-60g-70-bl-rutat-oh\/\",\"url\":\"https:\/\/www.heddata.se\/webbutik\/produkt\/kollegieblock-fw-a5-60g-70-bl-rutat-oh\/\",\"name\":\"Kollegieblock FW A5 60g 70 bl rutat oh. Arken \u00e4r Mikroperforerade\",\"isPartOf\":{\"@id\":\"https:\/\/www.heddata.se\/webbutik\/#website\"},\"primaryImageOfPage\":{\"@id\":\"https:\/\/www.heddata.se\/webbutik\/produkt\/kollegieblock-fw-a5-60g-70-bl-rutat-oh\/#primaryimage\"},\"image\":{\"@id\":\"https:\/\/www.heddata.se\/webbutik\/produkt\/kollegieblock-fw-a5-60g-70-bl-rutat-oh\/#primaryimage\"},\"thumbnailUrl\":\"https:\/\/www.heddata.se\/webbutik\/wp-content\/uploads\/webbutik\/kategorier\/kontorstillbehor\/272351.jpg\",\"datePublished\":\"2024-02-21T12:23:40+00:00\",\"dateModified\":\"2026-04-07T08:08:19+00:00\",\"description\":\"Kollegieblock FW A5 60g 70 bl rutat oh. Kollegieblockets omslag, papper och st\u00f6dplatta \u00e4r oh\u00e5lade. Arken \u00e4r Mikroperforerade\",\"breadcrumb\":{\"@id\":\"https:\/\/www.heddata.se\/webbutik\/produkt\/kollegieblock-fw-a5-60g-70-bl-rutat-oh\/#breadcrumb\"},\"inLanguage\":\"sv-SE\",\"potentialAction\":[{\"@type\":\"ReadAction\",\"target\":[\"https:\/\/www.heddata.se\/webbutik\/produkt\/kollegieblock-fw-a5-60g-70-bl-rutat-oh\/\"]}]},{\"@type\":\"ImageObject\",\"inLanguage\":\"sv-SE\",\"@id\":\"https:\/\/www.heddata.se\/webbutik\/produkt\/kollegieblock-fw-a5-60g-70-bl-rutat-oh\/#primaryimage\",\"url\":\"https:\/\/www.heddata.se\/webbutik\/wp-content\/uploads\/webbutik\/kategorier\/kontorstillbehor\/272351.jpg\",\"contentUrl\":\"https:\/\/www.heddata.se\/webbutik\/wp-content\/uploads\/webbutik\/kategorier\/kontorstillbehor\/272351.jpg\",\"width\":800,\"height\":800,\"caption\":\"Kollegieblock FW A5 60g\"},{\"@type\":\"BreadcrumbList\",\"@id\":\"https:\/\/www.heddata.se\/webbutik\/produkt\/kollegieblock-fw-a5-60g-70-bl-rutat-oh\/#breadcrumb\",\"itemListElement\":[{\"@type\":\"ListItem\",\"position\":1,\"name\":\"Hem\",\"item\":\"https:\/\/www.heddata.se\/webbutik\/\"},{\"@type\":\"ListItem\",\"position\":2,\"name\":\"Produkter\",\"item\":\"https:\/\/www.heddata.se\/webbutik\/shop\/\"},{\"@type\":\"ListItem\",\"position\":3,\"name\":\"Kollegieblock FW A5 60g 70 bl rutat oh.\"}]},{\"@type\":\"WebSite\",\"@id\":\"https:\/\/www.heddata.se\/webbutik\/#website\",\"url\":\"https:\/\/www.heddata.se\/webbutik\/\",\"name\":\"Datorer, Skrivare, F\u00e4rgpatroner, Mobiltelefoner\",\"description\":\"Kablar\",\"publisher\":{\"@id\":\"https:\/\/www.heddata.se\/webbutik\/#organization\"},\"potentialAction\":[{\"@type\":\"SearchAction\",\"target\":{\"@type\":\"EntryPoint\",\"urlTemplate\":\"https:\/\/www.heddata.se\/webbutik\/?s={search_term_string}\"},\"query-input\":{\"@type\":\"PropertyValueSpecification\",\"valueRequired\":true,\"valueName\":\"search_term_string\"}}],\"inLanguage\":\"sv-SE\"},{\"@type\":\"Organization\",\"@id\":\"https:\/\/www.heddata.se\/webbutik\/#organization\",\"name\":\"Heddata AB\",\"url\":\"https:\/\/www.heddata.se\/webbutik\/\",\"logo\":{\"@type\":\"ImageObject\",\"inLanguage\":\"sv-SE\",\"@id\":\"https:\/\/www.heddata.se\/webbutik\/#\/schema\/logo\/image\/\",\"url\":\"https:\/\/www.heddata.se\/webbutik\/wp-content\/uploads\/logga\/heddata-ab-logga.png\",\"contentUrl\":\"https:\/\/www.heddata.se\/webbutik\/wp-content\/uploads\/logga\/heddata-ab-logga.png\",\"width\":200,\"height\":64,\"caption\":\"Heddata AB\"},\"image\":{\"@id\":\"https:\/\/www.heddata.se\/webbutik\/#\/schema\/logo\/image\/\"}}]}<\/script>\n<!-- \/ Yoast SEO Premium plugin. -->","yoast_head_json":{"title":"Kollegieblock FW A5 60g 70 bl rutat oh. Arken \u00e4r Mikroperforerade","description":"Kollegieblock FW A5 60g 70 bl rutat oh. Kollegieblockets omslag, papper och st\u00f6dplatta \u00e4r oh\u00e5lade. Arken \u00e4r Mikroperforerade","robots":{"index":"index","follow":"follow","max-snippet":"max-snippet:-1","max-image-preview":"max-image-preview:large","max-video-preview":"max-video-preview:-1"},"canonical":"https:\/\/www.heddata.se\/webbutik\/produkt\/kollegieblock-fw-a5-60g-70-bl-rutat-oh\/","og_locale":"sv_SE","og_type":"article","og_title":"Kollegieblock FW A5 60g 70 bl rutat oh.","og_description":"Kollegieblock FW A5 60g 70 bl rutat oh. Kollegieblockets omslag, papper och st\u00f6dplatta \u00e4r oh\u00e5lade. Arken \u00e4r Mikroperforerade","og_url":"https:\/\/www.heddata.se\/webbutik\/produkt\/kollegieblock-fw-a5-60g-70-bl-rutat-oh\/","og_site_name":"Datorer, Skrivare, F\u00e4rgpatroner, Mobiltelefoner","article_modified_time":"2026-04-07T08:08:19+00:00","og_image":[{"width":800,"height":800,"url":"https:\/\/www.heddata.se\/webbutik\/wp-content\/uploads\/webbutik\/kategorier\/kontorstillbehor\/272351.jpg","type":"image\/jpeg"}],"twitter_card":"summary_large_image","schema":{"@context":"https:\/\/schema.org","@graph":[{"@type":"WebPage","@id":"https:\/\/www.heddata.se\/webbutik\/produkt\/kollegieblock-fw-a5-60g-70-bl-rutat-oh\/","url":"https:\/\/www.heddata.se\/webbutik\/produkt\/kollegieblock-fw-a5-60g-70-bl-rutat-oh\/","name":"Kollegieblock FW A5 60g 70 bl rutat oh. Arken \u00e4r Mikroperforerade","isPartOf":{"@id":"https:\/\/www.heddata.se\/webbutik\/#website"},"primaryImageOfPage":{"@id":"https:\/\/www.heddata.se\/webbutik\/produkt\/kollegieblock-fw-a5-60g-70-bl-rutat-oh\/#primaryimage"},"image":{"@id":"https:\/\/www.heddata.se\/webbutik\/produkt\/kollegieblock-fw-a5-60g-70-bl-rutat-oh\/#primaryimage"},"thumbnailUrl":"https:\/\/www.heddata.se\/webbutik\/wp-content\/uploads\/webbutik\/kategorier\/kontorstillbehor\/272351.jpg","datePublished":"2024-02-21T12:23:40+00:00","dateModified":"2026-04-07T08:08:19+00:00","description":"Kollegieblock FW A5 60g 70 bl rutat oh. Kollegieblockets omslag, papper och st\u00f6dplatta \u00e4r oh\u00e5lade. Arken \u00e4r Mikroperforerade","breadcrumb":{"@id":"https:\/\/www.heddata.se\/webbutik\/produkt\/kollegieblock-fw-a5-60g-70-bl-rutat-oh\/#breadcrumb"},"inLanguage":"sv-SE","potentialAction":[{"@type":"ReadAction","target":["https:\/\/www.heddata.se\/webbutik\/produkt\/kollegieblock-fw-a5-60g-70-bl-rutat-oh\/"]}]},{"@type":"ImageObject","inLanguage":"sv-SE","@id":"https:\/\/www.heddata.se\/webbutik\/produkt\/kollegieblock-fw-a5-60g-70-bl-rutat-oh\/#primaryimage","url":"https:\/\/www.heddata.se\/webbutik\/wp-content\/uploads\/webbutik\/kategorier\/kontorstillbehor\/272351.jpg","contentUrl":"https:\/\/www.heddata.se\/webbutik\/wp-content\/uploads\/webbutik\/kategorier\/kontorstillbehor\/272351.jpg","width":800,"height":800,"caption":"Kollegieblock FW A5 60g"},{"@type":"BreadcrumbList","@id":"https:\/\/www.heddata.se\/webbutik\/produkt\/kollegieblock-fw-a5-60g-70-bl-rutat-oh\/#breadcrumb","itemListElement":[{"@type":"ListItem","position":1,"name":"Hem","item":"https:\/\/www.heddata.se\/webbutik\/"},{"@type":"ListItem","position":2,"name":"Produkter","item":"https:\/\/www.heddata.se\/webbutik\/shop\/"},{"@type":"ListItem","position":3,"name":"Kollegieblock FW A5 60g 70 bl rutat oh."}]},{"@type":"WebSite","@id":"https:\/\/www.heddata.se\/webbutik\/#website","url":"https:\/\/www.heddata.se\/webbutik\/","name":"Datorer, Skrivare, F\u00e4rgpatroner, Mobiltelefoner","description":"Kablar","publisher":{"@id":"https:\/\/www.heddata.se\/webbutik\/#organization"},"potentialAction":[{"@type":"SearchAction","target":{"@type":"EntryPoint","urlTemplate":"https:\/\/www.heddata.se\/webbutik\/?s={search_term_string}"},"query-input":{"@type":"PropertyValueSpecification","valueRequired":true,"valueName":"search_term_string"}}],"inLanguage":"sv-SE"},{"@type":"Organization","@id":"https:\/\/www.heddata.se\/webbutik\/#organization","name":"Heddata AB","url":"https:\/\/www.heddata.se\/webbutik\/","logo":{"@type":"ImageObject","inLanguage":"sv-SE","@id":"https:\/\/www.heddata.se\/webbutik\/#\/schema\/logo\/image\/","url":"https:\/\/www.heddata.se\/webbutik\/wp-content\/uploads\/logga\/heddata-ab-logga.png","contentUrl":"https:\/\/www.heddata.se\/webbutik\/wp-content\/uploads\/logga\/heddata-ab-logga.png","width":200,"height":64,"caption":"Heddata AB"},"image":{"@id":"https:\/\/www.heddata.se\/webbutik\/#\/schema\/logo\/image\/"}}]}},"_links":{"self":[{"href":"https:\/\/www.heddata.se\/webbutik\/wp-json\/wp\/v2\/product\/94822","targetHints":{"allow":["GET"]}}],"collection":[{"href":"https:\/\/www.heddata.se\/webbutik\/wp-json\/wp\/v2\/product"}],"about":[{"href":"https:\/\/www.heddata.se\/webbutik\/wp-json\/wp\/v2\/types\/product"}],"wp:featuredmedia":[{"embeddable":true,"href":"https:\/\/www.heddata.se\/webbutik\/wp-json\/wp\/v2\/media\/94833"}],"wp:attachment":[{"href":"https:\/\/www.heddata.se\/webbutik\/wp-json\/wp\/v2\/media?parent=94822"}],"wp:term":[{"taxonomy":"product_brand","embeddable":true,"href":"https:\/\/www.heddata.se\/webbutik\/wp-json\/wp\/v2\/product_brand?post=94822"},{"taxonomy":"product_cat","embeddable":true,"href":"https:\/\/www.heddata.se\/webbutik\/wp-json\/wp\/v2\/product_cat?post=94822"},{"taxonomy":"product_tag","embeddable":true,"href":"https:\/\/www.heddata.se\/webbutik\/wp-json\/wp\/v2\/product_tag?post=94822"}],"curies":[{"name":"wp","href":"https:\/\/api.w.org\/{rel}","templated":true}]}}