{"id":94587,"date":"2024-01-23T16:18:08","date_gmt":"2024-01-23T15:18:08","guid":{"rendered":"https:\/\/www.heddata.se\/webbutik\/?post_type=product&#038;p=94587"},"modified":"2026-04-14T09:09:10","modified_gmt":"2026-04-14T07:09:10","slug":"displayport-kabel-displayport-hane-hdmi-kontakt-4k30hz-nickelplaterad-2-00-m-rund-pvc-svart-lada-ccgb37100bk20","status":"publish","type":"product","link":"https:\/\/www.heddata.se\/webbutik\/produkt\/displayport-kabel-displayport-hane-hdmi-kontakt-4k30hz-nickelplaterad-2-00-m-rund-pvc-svart-lada-ccgb37100bk20\/","title":{"rendered":"Displayport-kabel DisplayPort Hane | HDMI\u2122 Kontakt | 4K@30Hz | Nickelplaterad | 2.00 m | Rund | PVC | Svart | L\u00e5da- CCGB37100BK20"},"content":{"rendered":"<p>Displayport-kabel DisplayPort Hane | HDMI\u2122 Kontakt | 4K@30Hz | Nickelplaterad | 2.00 m | Rund | PVC | Svart | L\u00e5da- CCGB37100BK20<\/p>\n<p>DisplayPort-kabel version 1.2 kan anv\u00e4ndas f\u00f6r att ansluta <a href=\"https:\/\/www.heddata.se\/webbutik\/datorer\/\">datorer<\/a> med DisplayPort-utg\u00e5ng till bildsk\u00e4rm, TV eller projektor med HDMI-ing\u00e5ng.<\/p>\n<p>F\u00f6rl\u00e4ng din b\u00e4rbara dator eller sk\u00e4rm till en HDMI\u2122-sk\u00e4rm<br \/>\nAnslut din b\u00e4rbara dator till externa sk\u00e4rmar som projektorer, LCD-sk\u00e4rmar, TV-apparater<br \/>\nSt\u00f6der upp till 1080p-signal, HDCP (High-Definition Content Protection)<br \/>\nSt\u00f6der ljudpass-thru f\u00f6r okomprimerade digitala ljudsignaler<br \/>\nEndast DisplayPort till HDMI\u2122 (ej dubbelriktad)<\/p>\n<h3><a href=\"https:\/\/nedis.se\/sv-se\" target=\"_blank\" rel=\"noopener\">Produktspecifikationer<\/a><\/h3>\n<table class=\"table table-with-odd-background\">\n<tbody>\n<tr>\n<td class=\"col-4\">Anslutningsdesign \u2013 sida B<\/td>\n<td class=\"col-8\">Rak<\/td>\n<\/tr>\n<tr>\n<td class=\"col-4\">Anslutningsdesign \u2013 sida A<\/td>\n<td class=\"col-8\">Rak<\/td>\n<\/tr>\n<tr>\n<td class=\"col-4\">Kabelns utformning<\/td>\n<td class=\"col-8\">Rund<\/td>\n<\/tr>\n<tr>\n<td class=\"col-4\">Kontaktmaterial<\/td>\n<td class=\"col-8\">PVC<\/td>\n<\/tr>\n<tr>\n<td class=\"col-4\">Kontakt B<\/td>\n<td class=\"col-8\">HDMI\u2122 Kontakt<\/td>\n<\/tr>\n<tr>\n<td class=\"col-4\">Kabelmantelns material<\/td>\n<td class=\"col-8\">PVC<\/td>\n<\/tr>\n<tr>\n<td class=\"col-4\">Kabell\u00e4ngd<\/td>\n<td class=\"col-8\">2.00 m<\/td>\n<\/tr>\n<tr>\n<td class=\"col-4\">Maximal uppl\u00f6sning<\/td>\n<td class=\"col-8\">4K@30Hz<\/td>\n<\/tr>\n<tr>\n<td class=\"col-4\">F\u00e4rg<\/td>\n<td class=\"col-8\">Svart<\/td>\n<\/tr>\n<tr>\n<td class=\"col-4\">Kontaktspl\u00e4tering<\/td>\n<td class=\"col-8\">Nickelplaterad<\/td>\n<\/tr>\n<tr>\n<td class=\"col-4\">Material<\/td>\n<td class=\"col-8\">PVC<\/td>\n<\/tr>\n<tr>\n<td class=\"col-4\">Adapterutformning<\/td>\n<td class=\"col-8\">Rak<\/td>\n<\/tr>\n<tr>\n<td class=\"col-4\">Adaptertyp<\/td>\n<td class=\"col-8\">Adapterkabel<\/td>\n<\/tr>\n<tr>\n<td class=\"col-4\">Ledarmaterial<\/td>\n<td class=\"col-8\">F\u00f6rtent Koppar<\/td>\n<\/tr>\n<tr>\n<td class=\"col-4\">Kabelmantelstorlek<\/td>\n<td class=\"col-8\">5.0 mm<\/td>\n<\/tr>\n<tr>\n<td class=\"col-4\">Uppl\u00f6sning som st\u00f6ds<\/td>\n<td class=\"col-8\">4K@30Hz<br \/>\n2560&#215;1600@60Hz<br \/>\n720p<br \/>\n1080p<\/td>\n<\/tr>\n<tr>\n<td class=\"col-4\">Version<\/td>\n<td class=\"col-8\">1.2<\/td>\n<\/tr>\n<tr>\n<td class=\"col-4\">Kontakt A<\/td>\n<td class=\"col-8\">DisplayPort Hane<\/td>\n<\/tr>\n<tr>\n<td class=\"col-4\">Kabeltyp<\/td>\n<td class=\"col-8\">DisplayPort<\/td>\n<\/tr>\n<tr>\n<td class=\"col-4\">Ledardiameter<\/td>\n<td class=\"col-8\">7 x 0.08 mm<\/td>\n<\/tr>\n<tr>\n<td class=\"col-4\">Maximal bandbredd<\/td>\n<td class=\"col-8\">10.8 Gbps<\/td>\n<\/tr>\n<tr>\n<td class=\"col-4\">AWG-v\u00e4rde<\/td>\n<td class=\"col-8\">32\/28<\/td>\n<\/tr>\n<tr>\n<td class=\"col-4\">Bildf\u00f6rh\u00e5llande<\/td>\n<td class=\"col-8\">16:9<\/td>\n<\/tr>\n<tr>\n<td class=\"col-4\">Resolution standard<\/td>\n<td class=\"col-8\">4K UHD<\/td>\n<\/tr>\n<tr>\n<td class=\"col-4\">F\u00f6rpackningstyp<\/td>\n<td class=\"col-8\">L\u00e5da<\/td>\n<\/tr>\n<tr>\n<td class=\"col-4\">Sk\u00e4rmning<\/td>\n<td class=\"col-8\">Sk\u00e4rmad<\/td>\n<\/tr>\n<tr>\n<td class=\"col-4\">Antal varor i paketet<\/td>\n<td class=\"col-8\">1 st.<\/td>\n<\/tr>\n<\/tbody>\n<\/table>\n<p>&nbsp;<\/p>\n","protected":false},"excerpt":{"rendered":"<p>Displayport-kabel DisplayPort Hane | HDMI\u2122 Kontakt | 4K@30Hz | Nickelplaterad | 2.00 m | Rund | PVC | Svart | L\u00e5da- CCGB37100BK20<\/p>\n","protected":false},"featured_media":94677,"template":"","meta":[],"product_brand":[],"product_cat":[76,59],"product_tag":[],"class_list":{"0":"post-94587","1":"product","2":"type-product","3":"status-publish","4":"has-post-thumbnail","6":"product_cat-bild-kablar","7":"product_cat-kablar","9":"first","10":"instock","11":"taxable","12":"shipping-taxable","13":"purchasable","14":"product-type-simple"},"yoast_head":"<!-- This site is optimized with the Yoast SEO Premium plugin v26.7 (Yoast SEO v26.7) - https:\/\/yoast.com\/wordpress\/plugins\/seo\/ -->\n<title>Displayport-kabel DisplayPort Hane | HDMI\u2122 Kontakt | 4K@30Hz |<\/title>\n<meta name=\"description\" content=\"Displayport-kabel DisplayPort Hane | HDMI\u2122 Kontakt | 4K@30Hz | Nickelplaterad | 2.00 m | Rund | PVC | Svart | L\u00e5da- CCGB37100BK20\" \/>\n<meta name=\"robots\" content=\"index, follow, max-snippet:-1, max-image-preview:large, max-video-preview:-1\" \/>\n<link rel=\"canonical\" href=\"https:\/\/www.heddata.se\/webbutik\/produkt\/displayport-kabel-displayport-hane-hdmi-kontakt-4k30hz-nickelplaterad-2-00-m-rund-pvc-svart-lada-ccgb37100bk20\/\" \/>\n<meta property=\"og:locale\" content=\"sv_SE\" \/>\n<meta property=\"og:type\" content=\"article\" \/>\n<meta property=\"og:title\" content=\"Displayport-kabel DisplayPort Hane | HDMI\u2122 Kontakt | 4K@30Hz | Nickelplaterad | 2.00 m | Rund | PVC | Svart | L\u00e5da- CCGB37100BK20\" \/>\n<meta property=\"og:description\" content=\"Displayport-kabel DisplayPort Hane | HDMI\u2122 Kontakt | 4K@30Hz | Nickelplaterad | 2.00 m | Rund | PVC | Svart | L\u00e5da- CCGB37100BK20\" \/>\n<meta property=\"og:url\" content=\"https:\/\/www.heddata.se\/webbutik\/produkt\/displayport-kabel-displayport-hane-hdmi-kontakt-4k30hz-nickelplaterad-2-00-m-rund-pvc-svart-lada-ccgb37100bk20\/\" \/>\n<meta property=\"og:site_name\" content=\"Datorer, Skrivare, F\u00e4rgpatroner, Mobiltelefoner\" \/>\n<meta property=\"article:modified_time\" content=\"2026-04-14T07:09:10+00:00\" \/>\n<meta property=\"og:image\" content=\"https:\/\/www.heddata.se\/webbutik\/wp-content\/uploads\/webbutik\/kategorier\/kablar-adaptrar\/ccgb37100bk20.jpeg\" \/>\n\t<meta property=\"og:image:width\" content=\"1200\" \/>\n\t<meta property=\"og:image:height\" content=\"1200\" \/>\n\t<meta property=\"og:image:type\" content=\"image\/jpeg\" \/>\n<meta name=\"twitter:card\" content=\"summary_large_image\" \/>\n<meta name=\"twitter:label1\" content=\"Ber\u00e4knad l\u00e4stid\" \/>\n\t<meta name=\"twitter:data1\" content=\"1 minut\" \/>\n<script type=\"application\/ld+json\" class=\"yoast-schema-graph\">{\"@context\":\"https:\/\/schema.org\",\"@graph\":[{\"@type\":\"WebPage\",\"@id\":\"https:\/\/www.heddata.se\/webbutik\/produkt\/displayport-kabel-displayport-hane-hdmi-kontakt-4k30hz-nickelplaterad-2-00-m-rund-pvc-svart-lada-ccgb37100bk20\/\",\"url\":\"https:\/\/www.heddata.se\/webbutik\/produkt\/displayport-kabel-displayport-hane-hdmi-kontakt-4k30hz-nickelplaterad-2-00-m-rund-pvc-svart-lada-ccgb37100bk20\/\",\"name\":\"Displayport-kabel DisplayPort Hane | HDMI\u2122 Kontakt | 4K@30Hz |\",\"isPartOf\":{\"@id\":\"https:\/\/www.heddata.se\/webbutik\/#website\"},\"primaryImageOfPage\":{\"@id\":\"https:\/\/www.heddata.se\/webbutik\/produkt\/displayport-kabel-displayport-hane-hdmi-kontakt-4k30hz-nickelplaterad-2-00-m-rund-pvc-svart-lada-ccgb37100bk20\/#primaryimage\"},\"image\":{\"@id\":\"https:\/\/www.heddata.se\/webbutik\/produkt\/displayport-kabel-displayport-hane-hdmi-kontakt-4k30hz-nickelplaterad-2-00-m-rund-pvc-svart-lada-ccgb37100bk20\/#primaryimage\"},\"thumbnailUrl\":\"https:\/\/www.heddata.se\/webbutik\/wp-content\/uploads\/webbutik\/kategorier\/kablar-adaptrar\/ccgb37100bk20.jpeg\",\"datePublished\":\"2024-01-23T15:18:08+00:00\",\"dateModified\":\"2026-04-14T07:09:10+00:00\",\"description\":\"Displayport-kabel DisplayPort Hane | HDMI\u2122 Kontakt | 4K@30Hz | Nickelplaterad | 2.00 m | Rund | PVC | Svart | L\u00e5da- CCGB37100BK20\",\"breadcrumb\":{\"@id\":\"https:\/\/www.heddata.se\/webbutik\/produkt\/displayport-kabel-displayport-hane-hdmi-kontakt-4k30hz-nickelplaterad-2-00-m-rund-pvc-svart-lada-ccgb37100bk20\/#breadcrumb\"},\"inLanguage\":\"sv-SE\",\"potentialAction\":[{\"@type\":\"ReadAction\",\"target\":[\"https:\/\/www.heddata.se\/webbutik\/produkt\/displayport-kabel-displayport-hane-hdmi-kontakt-4k30hz-nickelplaterad-2-00-m-rund-pvc-svart-lada-ccgb37100bk20\/\"]}]},{\"@type\":\"ImageObject\",\"inLanguage\":\"sv-SE\",\"@id\":\"https:\/\/www.heddata.se\/webbutik\/produkt\/displayport-kabel-displayport-hane-hdmi-kontakt-4k30hz-nickelplaterad-2-00-m-rund-pvc-svart-lada-ccgb37100bk20\/#primaryimage\",\"url\":\"https:\/\/www.heddata.se\/webbutik\/wp-content\/uploads\/webbutik\/kategorier\/kablar-adaptrar\/ccgb37100bk20.jpeg\",\"contentUrl\":\"https:\/\/www.heddata.se\/webbutik\/wp-content\/uploads\/webbutik\/kategorier\/kablar-adaptrar\/ccgb37100bk20.jpeg\",\"width\":1200,\"height\":1200,\"caption\":\"Displayport-kabel DisplayPort Hane\"},{\"@type\":\"BreadcrumbList\",\"@id\":\"https:\/\/www.heddata.se\/webbutik\/produkt\/displayport-kabel-displayport-hane-hdmi-kontakt-4k30hz-nickelplaterad-2-00-m-rund-pvc-svart-lada-ccgb37100bk20\/#breadcrumb\",\"itemListElement\":[{\"@type\":\"ListItem\",\"position\":1,\"name\":\"Hem\",\"item\":\"https:\/\/www.heddata.se\/webbutik\/\"},{\"@type\":\"ListItem\",\"position\":2,\"name\":\"Produkter\",\"item\":\"https:\/\/www.heddata.se\/webbutik\/shop\/\"},{\"@type\":\"ListItem\",\"position\":3,\"name\":\"Displayport-kabel DisplayPort Hane | HDMI\u2122 Kontakt | 4K@30Hz | Nickelplaterad | 2.00 m | Rund | PVC | Svart | L\u00e5da- CCGB37100BK20\"}]},{\"@type\":\"WebSite\",\"@id\":\"https:\/\/www.heddata.se\/webbutik\/#website\",\"url\":\"https:\/\/www.heddata.se\/webbutik\/\",\"name\":\"Datorer, Skrivare, F\u00e4rgpatroner, Mobiltelefoner\",\"description\":\"Kablar\",\"publisher\":{\"@id\":\"https:\/\/www.heddata.se\/webbutik\/#organization\"},\"potentialAction\":[{\"@type\":\"SearchAction\",\"target\":{\"@type\":\"EntryPoint\",\"urlTemplate\":\"https:\/\/www.heddata.se\/webbutik\/?s={search_term_string}\"},\"query-input\":{\"@type\":\"PropertyValueSpecification\",\"valueRequired\":true,\"valueName\":\"search_term_string\"}}],\"inLanguage\":\"sv-SE\"},{\"@type\":\"Organization\",\"@id\":\"https:\/\/www.heddata.se\/webbutik\/#organization\",\"name\":\"Heddata AB\",\"url\":\"https:\/\/www.heddata.se\/webbutik\/\",\"logo\":{\"@type\":\"ImageObject\",\"inLanguage\":\"sv-SE\",\"@id\":\"https:\/\/www.heddata.se\/webbutik\/#\/schema\/logo\/image\/\",\"url\":\"https:\/\/www.heddata.se\/webbutik\/wp-content\/uploads\/logga\/heddata-ab-logga.png\",\"contentUrl\":\"https:\/\/www.heddata.se\/webbutik\/wp-content\/uploads\/logga\/heddata-ab-logga.png\",\"width\":200,\"height\":64,\"caption\":\"Heddata AB\"},\"image\":{\"@id\":\"https:\/\/www.heddata.se\/webbutik\/#\/schema\/logo\/image\/\"}}]}<\/script>\n<!-- \/ Yoast SEO Premium plugin. -->","yoast_head_json":{"title":"Displayport-kabel DisplayPort Hane | HDMI\u2122 Kontakt | 4K@30Hz |","description":"Displayport-kabel DisplayPort Hane | HDMI\u2122 Kontakt | 4K@30Hz | Nickelplaterad | 2.00 m | Rund | PVC | Svart | L\u00e5da- CCGB37100BK20","robots":{"index":"index","follow":"follow","max-snippet":"max-snippet:-1","max-image-preview":"max-image-preview:large","max-video-preview":"max-video-preview:-1"},"canonical":"https:\/\/www.heddata.se\/webbutik\/produkt\/displayport-kabel-displayport-hane-hdmi-kontakt-4k30hz-nickelplaterad-2-00-m-rund-pvc-svart-lada-ccgb37100bk20\/","og_locale":"sv_SE","og_type":"article","og_title":"Displayport-kabel DisplayPort Hane | HDMI\u2122 Kontakt | 4K@30Hz | Nickelplaterad | 2.00 m | Rund | PVC | Svart | L\u00e5da- CCGB37100BK20","og_description":"Displayport-kabel DisplayPort Hane | HDMI\u2122 Kontakt | 4K@30Hz | Nickelplaterad | 2.00 m | Rund | PVC | Svart | L\u00e5da- CCGB37100BK20","og_url":"https:\/\/www.heddata.se\/webbutik\/produkt\/displayport-kabel-displayport-hane-hdmi-kontakt-4k30hz-nickelplaterad-2-00-m-rund-pvc-svart-lada-ccgb37100bk20\/","og_site_name":"Datorer, Skrivare, F\u00e4rgpatroner, Mobiltelefoner","article_modified_time":"2026-04-14T07:09:10+00:00","og_image":[{"width":1200,"height":1200,"url":"https:\/\/www.heddata.se\/webbutik\/wp-content\/uploads\/webbutik\/kategorier\/kablar-adaptrar\/ccgb37100bk20.jpeg","type":"image\/jpeg"}],"twitter_card":"summary_large_image","twitter_misc":{"Ber\u00e4knad l\u00e4stid":"1 minut"},"schema":{"@context":"https:\/\/schema.org","@graph":[{"@type":"WebPage","@id":"https:\/\/www.heddata.se\/webbutik\/produkt\/displayport-kabel-displayport-hane-hdmi-kontakt-4k30hz-nickelplaterad-2-00-m-rund-pvc-svart-lada-ccgb37100bk20\/","url":"https:\/\/www.heddata.se\/webbutik\/produkt\/displayport-kabel-displayport-hane-hdmi-kontakt-4k30hz-nickelplaterad-2-00-m-rund-pvc-svart-lada-ccgb37100bk20\/","name":"Displayport-kabel DisplayPort Hane | HDMI\u2122 Kontakt | 4K@30Hz |","isPartOf":{"@id":"https:\/\/www.heddata.se\/webbutik\/#website"},"primaryImageOfPage":{"@id":"https:\/\/www.heddata.se\/webbutik\/produkt\/displayport-kabel-displayport-hane-hdmi-kontakt-4k30hz-nickelplaterad-2-00-m-rund-pvc-svart-lada-ccgb37100bk20\/#primaryimage"},"image":{"@id":"https:\/\/www.heddata.se\/webbutik\/produkt\/displayport-kabel-displayport-hane-hdmi-kontakt-4k30hz-nickelplaterad-2-00-m-rund-pvc-svart-lada-ccgb37100bk20\/#primaryimage"},"thumbnailUrl":"https:\/\/www.heddata.se\/webbutik\/wp-content\/uploads\/webbutik\/kategorier\/kablar-adaptrar\/ccgb37100bk20.jpeg","datePublished":"2024-01-23T15:18:08+00:00","dateModified":"2026-04-14T07:09:10+00:00","description":"Displayport-kabel DisplayPort Hane | HDMI\u2122 Kontakt | 4K@30Hz | Nickelplaterad | 2.00 m | Rund | PVC | Svart | L\u00e5da- CCGB37100BK20","breadcrumb":{"@id":"https:\/\/www.heddata.se\/webbutik\/produkt\/displayport-kabel-displayport-hane-hdmi-kontakt-4k30hz-nickelplaterad-2-00-m-rund-pvc-svart-lada-ccgb37100bk20\/#breadcrumb"},"inLanguage":"sv-SE","potentialAction":[{"@type":"ReadAction","target":["https:\/\/www.heddata.se\/webbutik\/produkt\/displayport-kabel-displayport-hane-hdmi-kontakt-4k30hz-nickelplaterad-2-00-m-rund-pvc-svart-lada-ccgb37100bk20\/"]}]},{"@type":"ImageObject","inLanguage":"sv-SE","@id":"https:\/\/www.heddata.se\/webbutik\/produkt\/displayport-kabel-displayport-hane-hdmi-kontakt-4k30hz-nickelplaterad-2-00-m-rund-pvc-svart-lada-ccgb37100bk20\/#primaryimage","url":"https:\/\/www.heddata.se\/webbutik\/wp-content\/uploads\/webbutik\/kategorier\/kablar-adaptrar\/ccgb37100bk20.jpeg","contentUrl":"https:\/\/www.heddata.se\/webbutik\/wp-content\/uploads\/webbutik\/kategorier\/kablar-adaptrar\/ccgb37100bk20.jpeg","width":1200,"height":1200,"caption":"Displayport-kabel DisplayPort Hane"},{"@type":"BreadcrumbList","@id":"https:\/\/www.heddata.se\/webbutik\/produkt\/displayport-kabel-displayport-hane-hdmi-kontakt-4k30hz-nickelplaterad-2-00-m-rund-pvc-svart-lada-ccgb37100bk20\/#breadcrumb","itemListElement":[{"@type":"ListItem","position":1,"name":"Hem","item":"https:\/\/www.heddata.se\/webbutik\/"},{"@type":"ListItem","position":2,"name":"Produkter","item":"https:\/\/www.heddata.se\/webbutik\/shop\/"},{"@type":"ListItem","position":3,"name":"Displayport-kabel DisplayPort Hane | HDMI\u2122 Kontakt | 4K@30Hz | Nickelplaterad | 2.00 m | Rund | PVC | Svart | L\u00e5da- CCGB37100BK20"}]},{"@type":"WebSite","@id":"https:\/\/www.heddata.se\/webbutik\/#website","url":"https:\/\/www.heddata.se\/webbutik\/","name":"Datorer, Skrivare, F\u00e4rgpatroner, Mobiltelefoner","description":"Kablar","publisher":{"@id":"https:\/\/www.heddata.se\/webbutik\/#organization"},"potentialAction":[{"@type":"SearchAction","target":{"@type":"EntryPoint","urlTemplate":"https:\/\/www.heddata.se\/webbutik\/?s={search_term_string}"},"query-input":{"@type":"PropertyValueSpecification","valueRequired":true,"valueName":"search_term_string"}}],"inLanguage":"sv-SE"},{"@type":"Organization","@id":"https:\/\/www.heddata.se\/webbutik\/#organization","name":"Heddata AB","url":"https:\/\/www.heddata.se\/webbutik\/","logo":{"@type":"ImageObject","inLanguage":"sv-SE","@id":"https:\/\/www.heddata.se\/webbutik\/#\/schema\/logo\/image\/","url":"https:\/\/www.heddata.se\/webbutik\/wp-content\/uploads\/logga\/heddata-ab-logga.png","contentUrl":"https:\/\/www.heddata.se\/webbutik\/wp-content\/uploads\/logga\/heddata-ab-logga.png","width":200,"height":64,"caption":"Heddata AB"},"image":{"@id":"https:\/\/www.heddata.se\/webbutik\/#\/schema\/logo\/image\/"}}]}},"_links":{"self":[{"href":"https:\/\/www.heddata.se\/webbutik\/wp-json\/wp\/v2\/product\/94587","targetHints":{"allow":["GET"]}}],"collection":[{"href":"https:\/\/www.heddata.se\/webbutik\/wp-json\/wp\/v2\/product"}],"about":[{"href":"https:\/\/www.heddata.se\/webbutik\/wp-json\/wp\/v2\/types\/product"}],"wp:featuredmedia":[{"embeddable":true,"href":"https:\/\/www.heddata.se\/webbutik\/wp-json\/wp\/v2\/media\/94677"}],"wp:attachment":[{"href":"https:\/\/www.heddata.se\/webbutik\/wp-json\/wp\/v2\/media?parent=94587"}],"wp:term":[{"taxonomy":"product_brand","embeddable":true,"href":"https:\/\/www.heddata.se\/webbutik\/wp-json\/wp\/v2\/product_brand?post=94587"},{"taxonomy":"product_cat","embeddable":true,"href":"https:\/\/www.heddata.se\/webbutik\/wp-json\/wp\/v2\/product_cat?post=94587"},{"taxonomy":"product_tag","embeddable":true,"href":"https:\/\/www.heddata.se\/webbutik\/wp-json\/wp\/v2\/product_tag?post=94587"}],"curies":[{"name":"wp","href":"https:\/\/api.w.org\/{rel}","templated":true}]}}