{"id":94583,"date":"2024-01-23T15:18:08","date_gmt":"2024-01-23T14:18:08","guid":{"rendered":"https:\/\/www.heddata.se\/webbutik\/?post_type=product&#038;p=94583"},"modified":"2026-05-01T18:09:45","modified_gmt":"2026-05-01T16:09:45","slug":"usb-kabel-usb-2-0-usb-c-hane-usb-a-hane-15-w-480-mbps-nickelplaterad-3-00-m-rund-pvc-svart-lada-ccgb60600bk30","status":"publish","type":"product","link":"https:\/\/www.heddata.se\/webbutik\/produkt\/usb-kabel-usb-2-0-usb-c-hane-usb-a-hane-15-w-480-mbps-nickelplaterad-3-00-m-rund-pvc-svart-lada-ccgb60600bk30\/","title":{"rendered":"USB-kabel USB 2.0 | USB-C\u2122 Hane | USB-A Hane | 15 W | 480 Mbps | Nickelplaterad | 3.00 m | Rund | PVC | Svart | L\u00e5da &#8211; CCGB60600BK30"},"content":{"rendered":"<p>USB-kabel USB 2.0 | USB-C\u2122 Hane | USB-A Hane | 15 W | 480 Mbps | Nickelplaterad | 3.00 m | Rund | PVC | Svart | L\u00e5da &#8211; CCGB60600BK30<\/p>\n<p>Anslut <a href=\"https:\/\/www.heddata.se\/webbutik\/telefon-surfplattor\/mobiltelefoner\/\">mobila<\/a> enheter till din PC eller MacBook med den h\u00e4r USB-C 2.0-kabeln och upplev den ultimata anslutningsl\u00f6sningen med allt i ett. Den passar perfekt f\u00f6r laddning och snabb data\u00f6verf\u00f6ring.<\/p>\n<p>USB-C\u2122-kabel f\u00f6r en ultimat allt-i-ett-l\u00f6sning: synkronisering, laddning och st\u00f6d f\u00f6r AV<br \/>\nAnv\u00e4ndarv\u00e4nlig kontakt som ansluter i valfri riktning<br \/>\nUSB 2.0 f\u00f6r snabb data\u00f6verf\u00f6ring p\u00e5 480 Mbit\/s<br \/>\nHybridanslutningsl\u00f6sning som passar f\u00f6r alla varum\u00e4rken<\/p>\n<h3><a href=\"https:\/\/nedis.se\/sv-se\" target=\"_blank\" rel=\"noopener\">Produktspecifikationer<\/a><\/h3>\n<table class=\"table table-with-odd-background\">\n<tbody>\n<tr>\n<td class=\"col-4\">Anslutningsdesign \u2013 sida B<\/td>\n<td class=\"col-8\">Rak<\/td>\n<\/tr>\n<tr>\n<td class=\"col-4\">Anslutningsdesign \u2013 sida A<\/td>\n<td class=\"col-8\">Rak<\/td>\n<\/tr>\n<tr>\n<td class=\"col-4\">Kabelns utformning<\/td>\n<td class=\"col-8\">Rund<\/td>\n<\/tr>\n<tr>\n<td class=\"col-4\">Kontaktmaterial<\/td>\n<td class=\"col-8\">PVC<\/td>\n<\/tr>\n<tr>\n<td class=\"col-4\">Kabelmantelns material<\/td>\n<td class=\"col-8\">PVC<\/td>\n<\/tr>\n<tr>\n<td class=\"col-4\">Kabell\u00e4ngd<\/td>\n<td class=\"col-8\">3.00 m<\/td>\n<\/tr>\n<tr>\n<td class=\"col-4\">F\u00e4rg<\/td>\n<td class=\"col-8\">Svart<\/td>\n<\/tr>\n<tr>\n<td class=\"col-4\">Kontaktspl\u00e4tering<\/td>\n<td class=\"col-8\">Nickelplaterad<\/td>\n<\/tr>\n<tr>\n<td class=\"col-4\">Material<\/td>\n<td class=\"col-8\">PVC<\/td>\n<\/tr>\n<tr>\n<td class=\"col-4\">Ledardiameter<\/td>\n<td class=\"col-8\">7 x 0.1 mm<\/td>\n<\/tr>\n<tr>\n<td class=\"col-4\">Kontakt B<\/td>\n<td class=\"col-8\">USB-A Hane<\/td>\n<\/tr>\n<tr>\n<td class=\"col-4\">Ledarmaterial<\/td>\n<td class=\"col-8\">F\u00f6rtent Koppar<\/td>\n<\/tr>\n<tr>\n<td class=\"col-4\">USB teknik<\/td>\n<td class=\"col-8\">USB 2.0<\/td>\n<\/tr>\n<tr>\n<td class=\"col-4\">Elst\u00f6d<\/td>\n<td class=\"col-8\">Ja<\/td>\n<\/tr>\n<tr>\n<td class=\"col-4\">Kabeltyp<\/td>\n<td class=\"col-8\">USB<\/td>\n<\/tr>\n<tr>\n<td class=\"col-4\">Uteffekt<\/td>\n<td class=\"col-8\">15 W<\/td>\n<\/tr>\n<tr>\n<td class=\"col-4\">Kabelmantelstorlek<\/td>\n<td class=\"col-8\">2.8 mm<\/td>\n<\/tr>\n<tr>\n<td class=\"col-4\">Kontakt A<\/td>\n<td class=\"col-8\">USB-C\u2122 Hane<\/td>\n<\/tr>\n<tr>\n<td class=\"col-4\">F\u00f6rpackningstyp<\/td>\n<td class=\"col-8\">L\u00e5da<\/td>\n<\/tr>\n<tr>\n<td class=\"col-4\">Antal varor i paketet<\/td>\n<td class=\"col-8\">1 st.<\/td>\n<\/tr>\n<tr>\n<td class=\"col-4\">Maximal \u00f6verf\u00f6ringshastighet<\/td>\n<td class=\"col-8\">480 Mbps<\/td>\n<\/tr>\n<tr>\n<td class=\"col-4\">Utstr\u00f6m<\/td>\n<td class=\"col-8\">3.0 A<\/td>\n<\/tr>\n<tr>\n<td class=\"col-4\">AWG-v\u00e4rde<\/td>\n<td class=\"col-8\">28\/23<\/td>\n<\/tr>\n<\/tbody>\n<\/table>\n","protected":false},"excerpt":{"rendered":"<p>USB-kabel USB 2.0 | USB-C\u2122 Hane | USB-A Hane | 15 W | 480 Mbps | Nickelplaterad | 3.00 m | Rund | PVC | Svart | L\u00e5da &#8211; CCGB60600BK30<\/p>\n","protected":false},"featured_media":94661,"template":"","meta":[],"product_brand":[],"product_cat":[8991,72],"product_tag":[],"class_list":{"0":"post-94583","1":"product","2":"type-product","3":"status-publish","4":"has-post-thumbnail","6":"product_cat-usb-c-kablar","7":"product_cat-usb-kablar","9":"first","10":"instock","11":"taxable","12":"shipping-taxable","13":"purchasable","14":"product-type-simple"},"yoast_head":"<!-- This site is optimized with the Yoast SEO Premium plugin v26.7 (Yoast SEO v26.7) - https:\/\/yoast.com\/wordpress\/plugins\/seo\/ -->\n<title>USB-kabel USB 2.0 | USB-C\u2122 Hane | USB-A Hane | 15 W | 480 Mbp<\/title>\n<meta name=\"description\" content=\"USB-kabel USB 2.0 | USB-C\u2122 Hane | USB-A Hane | 15 W | 480 Mbps | Nickelplaterad | 3.00 m | Rund | PVC | Svart | L\u00e5da - CCGB60600BK30\" \/>\n<meta name=\"robots\" content=\"index, follow, max-snippet:-1, max-image-preview:large, max-video-preview:-1\" \/>\n<link rel=\"canonical\" href=\"https:\/\/www.heddata.se\/webbutik\/produkt\/usb-kabel-usb-2-0-usb-c-hane-usb-a-hane-15-w-480-mbps-nickelplaterad-3-00-m-rund-pvc-svart-lada-ccgb60600bk30\/\" \/>\n<meta property=\"og:locale\" content=\"sv_SE\" \/>\n<meta property=\"og:type\" content=\"article\" \/>\n<meta property=\"og:title\" content=\"USB-kabel USB 2.0 | USB-C\u2122 Hane | USB-A Hane | 15 W | 480 Mbps | Nickelplaterad | 3.00 m | Rund | PVC | Svart | L\u00e5da - CCGB60600BK30\" \/>\n<meta property=\"og:description\" content=\"USB-kabel USB 2.0 | USB-C\u2122 Hane | USB-A Hane | 15 W | 480 Mbps | Nickelplaterad | 3.00 m | Rund | PVC | Svart | L\u00e5da - CCGB60600BK30\" \/>\n<meta property=\"og:url\" content=\"https:\/\/www.heddata.se\/webbutik\/produkt\/usb-kabel-usb-2-0-usb-c-hane-usb-a-hane-15-w-480-mbps-nickelplaterad-3-00-m-rund-pvc-svart-lada-ccgb60600bk30\/\" \/>\n<meta property=\"og:site_name\" content=\"Datorer, Skrivare, F\u00e4rgpatroner, Mobiltelefoner\" \/>\n<meta property=\"article:modified_time\" content=\"2026-05-01T16:09:45+00:00\" \/>\n<meta property=\"og:image\" content=\"https:\/\/www.heddata.se\/webbutik\/wp-content\/uploads\/webbutik\/kategorier\/kablar-adaptrar\/ccgb60600bk30.jpeg\" \/>\n\t<meta property=\"og:image:width\" content=\"1200\" \/>\n\t<meta property=\"og:image:height\" content=\"1200\" \/>\n\t<meta property=\"og:image:type\" content=\"image\/jpeg\" \/>\n<meta name=\"twitter:card\" content=\"summary_large_image\" \/>\n<meta name=\"twitter:label1\" content=\"Ber\u00e4knad l\u00e4stid\" \/>\n\t<meta name=\"twitter:data1\" content=\"1 minut\" \/>\n<script type=\"application\/ld+json\" class=\"yoast-schema-graph\">{\"@context\":\"https:\/\/schema.org\",\"@graph\":[{\"@type\":\"WebPage\",\"@id\":\"https:\/\/www.heddata.se\/webbutik\/produkt\/usb-kabel-usb-2-0-usb-c-hane-usb-a-hane-15-w-480-mbps-nickelplaterad-3-00-m-rund-pvc-svart-lada-ccgb60600bk30\/\",\"url\":\"https:\/\/www.heddata.se\/webbutik\/produkt\/usb-kabel-usb-2-0-usb-c-hane-usb-a-hane-15-w-480-mbps-nickelplaterad-3-00-m-rund-pvc-svart-lada-ccgb60600bk30\/\",\"name\":\"USB-kabel USB 2.0 | USB-C\u2122 Hane | USB-A Hane | 15 W | 480 Mbp\",\"isPartOf\":{\"@id\":\"https:\/\/www.heddata.se\/webbutik\/#website\"},\"primaryImageOfPage\":{\"@id\":\"https:\/\/www.heddata.se\/webbutik\/produkt\/usb-kabel-usb-2-0-usb-c-hane-usb-a-hane-15-w-480-mbps-nickelplaterad-3-00-m-rund-pvc-svart-lada-ccgb60600bk30\/#primaryimage\"},\"image\":{\"@id\":\"https:\/\/www.heddata.se\/webbutik\/produkt\/usb-kabel-usb-2-0-usb-c-hane-usb-a-hane-15-w-480-mbps-nickelplaterad-3-00-m-rund-pvc-svart-lada-ccgb60600bk30\/#primaryimage\"},\"thumbnailUrl\":\"https:\/\/www.heddata.se\/webbutik\/wp-content\/uploads\/webbutik\/kategorier\/kablar-adaptrar\/ccgb60600bk30.jpeg\",\"datePublished\":\"2024-01-23T14:18:08+00:00\",\"dateModified\":\"2026-05-01T16:09:45+00:00\",\"description\":\"USB-kabel USB 2.0 | USB-C\u2122 Hane | USB-A Hane | 15 W | 480 Mbps | Nickelplaterad | 3.00 m | Rund | PVC | Svart | L\u00e5da - CCGB60600BK30\",\"breadcrumb\":{\"@id\":\"https:\/\/www.heddata.se\/webbutik\/produkt\/usb-kabel-usb-2-0-usb-c-hane-usb-a-hane-15-w-480-mbps-nickelplaterad-3-00-m-rund-pvc-svart-lada-ccgb60600bk30\/#breadcrumb\"},\"inLanguage\":\"sv-SE\",\"potentialAction\":[{\"@type\":\"ReadAction\",\"target\":[\"https:\/\/www.heddata.se\/webbutik\/produkt\/usb-kabel-usb-2-0-usb-c-hane-usb-a-hane-15-w-480-mbps-nickelplaterad-3-00-m-rund-pvc-svart-lada-ccgb60600bk30\/\"]}]},{\"@type\":\"ImageObject\",\"inLanguage\":\"sv-SE\",\"@id\":\"https:\/\/www.heddata.se\/webbutik\/produkt\/usb-kabel-usb-2-0-usb-c-hane-usb-a-hane-15-w-480-mbps-nickelplaterad-3-00-m-rund-pvc-svart-lada-ccgb60600bk30\/#primaryimage\",\"url\":\"https:\/\/www.heddata.se\/webbutik\/wp-content\/uploads\/webbutik\/kategorier\/kablar-adaptrar\/ccgb60600bk30.jpeg\",\"contentUrl\":\"https:\/\/www.heddata.se\/webbutik\/wp-content\/uploads\/webbutik\/kategorier\/kablar-adaptrar\/ccgb60600bk30.jpeg\",\"width\":1200,\"height\":1200,\"caption\":\"USB-kabel USB 2.0\"},{\"@type\":\"BreadcrumbList\",\"@id\":\"https:\/\/www.heddata.se\/webbutik\/produkt\/usb-kabel-usb-2-0-usb-c-hane-usb-a-hane-15-w-480-mbps-nickelplaterad-3-00-m-rund-pvc-svart-lada-ccgb60600bk30\/#breadcrumb\",\"itemListElement\":[{\"@type\":\"ListItem\",\"position\":1,\"name\":\"Hem\",\"item\":\"https:\/\/www.heddata.se\/webbutik\/\"},{\"@type\":\"ListItem\",\"position\":2,\"name\":\"Produkter\",\"item\":\"https:\/\/www.heddata.se\/webbutik\/shop\/\"},{\"@type\":\"ListItem\",\"position\":3,\"name\":\"USB-kabel USB 2.0 | USB-C\u2122 Hane | USB-A Hane | 15 W | 480 Mbps | Nickelplaterad | 3.00 m | Rund | PVC | Svart | L\u00e5da &#8211; CCGB60600BK30\"}]},{\"@type\":\"WebSite\",\"@id\":\"https:\/\/www.heddata.se\/webbutik\/#website\",\"url\":\"https:\/\/www.heddata.se\/webbutik\/\",\"name\":\"Datorer, Skrivare, F\u00e4rgpatroner, Mobiltelefoner\",\"description\":\"Kablar\",\"publisher\":{\"@id\":\"https:\/\/www.heddata.se\/webbutik\/#organization\"},\"potentialAction\":[{\"@type\":\"SearchAction\",\"target\":{\"@type\":\"EntryPoint\",\"urlTemplate\":\"https:\/\/www.heddata.se\/webbutik\/?s={search_term_string}\"},\"query-input\":{\"@type\":\"PropertyValueSpecification\",\"valueRequired\":true,\"valueName\":\"search_term_string\"}}],\"inLanguage\":\"sv-SE\"},{\"@type\":\"Organization\",\"@id\":\"https:\/\/www.heddata.se\/webbutik\/#organization\",\"name\":\"Heddata AB\",\"url\":\"https:\/\/www.heddata.se\/webbutik\/\",\"logo\":{\"@type\":\"ImageObject\",\"inLanguage\":\"sv-SE\",\"@id\":\"https:\/\/www.heddata.se\/webbutik\/#\/schema\/logo\/image\/\",\"url\":\"https:\/\/www.heddata.se\/webbutik\/wp-content\/uploads\/logga\/heddata-ab-logga.png\",\"contentUrl\":\"https:\/\/www.heddata.se\/webbutik\/wp-content\/uploads\/logga\/heddata-ab-logga.png\",\"width\":200,\"height\":64,\"caption\":\"Heddata AB\"},\"image\":{\"@id\":\"https:\/\/www.heddata.se\/webbutik\/#\/schema\/logo\/image\/\"}}]}<\/script>\n<!-- \/ Yoast SEO Premium plugin. -->","yoast_head_json":{"title":"USB-kabel USB 2.0 | USB-C\u2122 Hane | USB-A Hane | 15 W | 480 Mbp","description":"USB-kabel USB 2.0 | USB-C\u2122 Hane | USB-A Hane | 15 W | 480 Mbps | Nickelplaterad | 3.00 m | Rund | PVC | Svart | L\u00e5da - CCGB60600BK30","robots":{"index":"index","follow":"follow","max-snippet":"max-snippet:-1","max-image-preview":"max-image-preview:large","max-video-preview":"max-video-preview:-1"},"canonical":"https:\/\/www.heddata.se\/webbutik\/produkt\/usb-kabel-usb-2-0-usb-c-hane-usb-a-hane-15-w-480-mbps-nickelplaterad-3-00-m-rund-pvc-svart-lada-ccgb60600bk30\/","og_locale":"sv_SE","og_type":"article","og_title":"USB-kabel USB 2.0 | USB-C\u2122 Hane | USB-A Hane | 15 W | 480 Mbps | Nickelplaterad | 3.00 m | Rund | PVC | Svart | L\u00e5da - CCGB60600BK30","og_description":"USB-kabel USB 2.0 | USB-C\u2122 Hane | USB-A Hane | 15 W | 480 Mbps | Nickelplaterad | 3.00 m | Rund | PVC | Svart | L\u00e5da - CCGB60600BK30","og_url":"https:\/\/www.heddata.se\/webbutik\/produkt\/usb-kabel-usb-2-0-usb-c-hane-usb-a-hane-15-w-480-mbps-nickelplaterad-3-00-m-rund-pvc-svart-lada-ccgb60600bk30\/","og_site_name":"Datorer, Skrivare, F\u00e4rgpatroner, Mobiltelefoner","article_modified_time":"2026-05-01T16:09:45+00:00","og_image":[{"width":1200,"height":1200,"url":"https:\/\/www.heddata.se\/webbutik\/wp-content\/uploads\/webbutik\/kategorier\/kablar-adaptrar\/ccgb60600bk30.jpeg","type":"image\/jpeg"}],"twitter_card":"summary_large_image","twitter_misc":{"Ber\u00e4knad l\u00e4stid":"1 minut"},"schema":{"@context":"https:\/\/schema.org","@graph":[{"@type":"WebPage","@id":"https:\/\/www.heddata.se\/webbutik\/produkt\/usb-kabel-usb-2-0-usb-c-hane-usb-a-hane-15-w-480-mbps-nickelplaterad-3-00-m-rund-pvc-svart-lada-ccgb60600bk30\/","url":"https:\/\/www.heddata.se\/webbutik\/produkt\/usb-kabel-usb-2-0-usb-c-hane-usb-a-hane-15-w-480-mbps-nickelplaterad-3-00-m-rund-pvc-svart-lada-ccgb60600bk30\/","name":"USB-kabel USB 2.0 | USB-C\u2122 Hane | USB-A Hane | 15 W | 480 Mbp","isPartOf":{"@id":"https:\/\/www.heddata.se\/webbutik\/#website"},"primaryImageOfPage":{"@id":"https:\/\/www.heddata.se\/webbutik\/produkt\/usb-kabel-usb-2-0-usb-c-hane-usb-a-hane-15-w-480-mbps-nickelplaterad-3-00-m-rund-pvc-svart-lada-ccgb60600bk30\/#primaryimage"},"image":{"@id":"https:\/\/www.heddata.se\/webbutik\/produkt\/usb-kabel-usb-2-0-usb-c-hane-usb-a-hane-15-w-480-mbps-nickelplaterad-3-00-m-rund-pvc-svart-lada-ccgb60600bk30\/#primaryimage"},"thumbnailUrl":"https:\/\/www.heddata.se\/webbutik\/wp-content\/uploads\/webbutik\/kategorier\/kablar-adaptrar\/ccgb60600bk30.jpeg","datePublished":"2024-01-23T14:18:08+00:00","dateModified":"2026-05-01T16:09:45+00:00","description":"USB-kabel USB 2.0 | USB-C\u2122 Hane | USB-A Hane | 15 W | 480 Mbps | Nickelplaterad | 3.00 m | Rund | PVC | Svart | L\u00e5da - CCGB60600BK30","breadcrumb":{"@id":"https:\/\/www.heddata.se\/webbutik\/produkt\/usb-kabel-usb-2-0-usb-c-hane-usb-a-hane-15-w-480-mbps-nickelplaterad-3-00-m-rund-pvc-svart-lada-ccgb60600bk30\/#breadcrumb"},"inLanguage":"sv-SE","potentialAction":[{"@type":"ReadAction","target":["https:\/\/www.heddata.se\/webbutik\/produkt\/usb-kabel-usb-2-0-usb-c-hane-usb-a-hane-15-w-480-mbps-nickelplaterad-3-00-m-rund-pvc-svart-lada-ccgb60600bk30\/"]}]},{"@type":"ImageObject","inLanguage":"sv-SE","@id":"https:\/\/www.heddata.se\/webbutik\/produkt\/usb-kabel-usb-2-0-usb-c-hane-usb-a-hane-15-w-480-mbps-nickelplaterad-3-00-m-rund-pvc-svart-lada-ccgb60600bk30\/#primaryimage","url":"https:\/\/www.heddata.se\/webbutik\/wp-content\/uploads\/webbutik\/kategorier\/kablar-adaptrar\/ccgb60600bk30.jpeg","contentUrl":"https:\/\/www.heddata.se\/webbutik\/wp-content\/uploads\/webbutik\/kategorier\/kablar-adaptrar\/ccgb60600bk30.jpeg","width":1200,"height":1200,"caption":"USB-kabel USB 2.0"},{"@type":"BreadcrumbList","@id":"https:\/\/www.heddata.se\/webbutik\/produkt\/usb-kabel-usb-2-0-usb-c-hane-usb-a-hane-15-w-480-mbps-nickelplaterad-3-00-m-rund-pvc-svart-lada-ccgb60600bk30\/#breadcrumb","itemListElement":[{"@type":"ListItem","position":1,"name":"Hem","item":"https:\/\/www.heddata.se\/webbutik\/"},{"@type":"ListItem","position":2,"name":"Produkter","item":"https:\/\/www.heddata.se\/webbutik\/shop\/"},{"@type":"ListItem","position":3,"name":"USB-kabel USB 2.0 | USB-C\u2122 Hane | USB-A Hane | 15 W | 480 Mbps | Nickelplaterad | 3.00 m | Rund | PVC | Svart | L\u00e5da &#8211; CCGB60600BK30"}]},{"@type":"WebSite","@id":"https:\/\/www.heddata.se\/webbutik\/#website","url":"https:\/\/www.heddata.se\/webbutik\/","name":"Datorer, Skrivare, F\u00e4rgpatroner, Mobiltelefoner","description":"Kablar","publisher":{"@id":"https:\/\/www.heddata.se\/webbutik\/#organization"},"potentialAction":[{"@type":"SearchAction","target":{"@type":"EntryPoint","urlTemplate":"https:\/\/www.heddata.se\/webbutik\/?s={search_term_string}"},"query-input":{"@type":"PropertyValueSpecification","valueRequired":true,"valueName":"search_term_string"}}],"inLanguage":"sv-SE"},{"@type":"Organization","@id":"https:\/\/www.heddata.se\/webbutik\/#organization","name":"Heddata AB","url":"https:\/\/www.heddata.se\/webbutik\/","logo":{"@type":"ImageObject","inLanguage":"sv-SE","@id":"https:\/\/www.heddata.se\/webbutik\/#\/schema\/logo\/image\/","url":"https:\/\/www.heddata.se\/webbutik\/wp-content\/uploads\/logga\/heddata-ab-logga.png","contentUrl":"https:\/\/www.heddata.se\/webbutik\/wp-content\/uploads\/logga\/heddata-ab-logga.png","width":200,"height":64,"caption":"Heddata AB"},"image":{"@id":"https:\/\/www.heddata.se\/webbutik\/#\/schema\/logo\/image\/"}}]}},"_links":{"self":[{"href":"https:\/\/www.heddata.se\/webbutik\/wp-json\/wp\/v2\/product\/94583","targetHints":{"allow":["GET"]}}],"collection":[{"href":"https:\/\/www.heddata.se\/webbutik\/wp-json\/wp\/v2\/product"}],"about":[{"href":"https:\/\/www.heddata.se\/webbutik\/wp-json\/wp\/v2\/types\/product"}],"wp:featuredmedia":[{"embeddable":true,"href":"https:\/\/www.heddata.se\/webbutik\/wp-json\/wp\/v2\/media\/94661"}],"wp:attachment":[{"href":"https:\/\/www.heddata.se\/webbutik\/wp-json\/wp\/v2\/media?parent=94583"}],"wp:term":[{"taxonomy":"product_brand","embeddable":true,"href":"https:\/\/www.heddata.se\/webbutik\/wp-json\/wp\/v2\/product_brand?post=94583"},{"taxonomy":"product_cat","embeddable":true,"href":"https:\/\/www.heddata.se\/webbutik\/wp-json\/wp\/v2\/product_cat?post=94583"},{"taxonomy":"product_tag","embeddable":true,"href":"https:\/\/www.heddata.se\/webbutik\/wp-json\/wp\/v2\/product_tag?post=94583"}],"curies":[{"name":"wp","href":"https:\/\/api.w.org\/{rel}","templated":true}]}}