{"id":94541,"date":"2023-12-07T11:18:31","date_gmt":"2023-12-07T10:18:31","guid":{"rendered":"https:\/\/www.heddata.se\/webbutik\/?post_type=product&#038;p=94541"},"modified":"2026-04-21T18:09:34","modified_gmt":"2026-04-21T16:09:34","slug":"koaxialkabel-iec-koax-hane-iec-koax-hona-nickelplaterad-90-db-75-ohm-csgp40000wt100","status":"publish","type":"product","link":"https:\/\/www.heddata.se\/webbutik\/produkt\/koaxialkabel-iec-koax-hane-iec-koax-hona-nickelplaterad-90-db-75-ohm-csgp40000wt100\/","title":{"rendered":"Koaxialkabel IEC (Koax) Hane | IEC (Koax) Hona | Nickelplaterad | 90 dB | 75 Ohm  &#8211; CSGP40000WT100"},"content":{"rendered":"<p>Koaxialkabel IEC (Koax) Hane | IEC (Koax) Hona | Nickelplaterad | 90 dB | 75 Ohm &#8211; CSGP40000WT100<\/p>\n<p>Den h\u00e4r koaxialkabeln passar f\u00f6r anslutning till ett koaxialv\u00e4gguttag till din <a href=\"https:\/\/www.heddata.se\/webbutik\/tv-apparater\/\">TV<\/a> eller liknande enhet<\/p>\n<h3><a href=\"https:\/\/nedis.se\/sv-se\" target=\"_blank\" rel=\"noopener\">Produktspecifikationer<\/a><\/h3>\n<table class=\"table table-with-odd-background\">\n<tbody>\n<tr>\n<td class=\"col-4\">Anslutningsdesign \u2013 sida B<\/td>\n<td class=\"col-8\">Rak<\/td>\n<\/tr>\n<tr>\n<td class=\"col-4\">Anslutningsdesign \u2013 sida A<\/td>\n<td class=\"col-8\">Rak<\/td>\n<\/tr>\n<tr>\n<td class=\"col-4\">Kabelns utformning<\/td>\n<td class=\"col-8\">Rund<\/td>\n<\/tr>\n<tr>\n<td class=\"col-4\">Kontaktmaterial<\/td>\n<td class=\"col-8\">PVC<\/td>\n<\/tr>\n<tr>\n<td class=\"col-4\">Kabelmantelns material<\/td>\n<td class=\"col-8\">PVC<\/td>\n<\/tr>\n<tr>\n<td class=\"col-4\">Kabell\u00e4ngd<\/td>\n<td class=\"col-8\">10.0 m<\/td>\n<\/tr>\n<tr>\n<td class=\"col-4\">F\u00e4rg<\/td>\n<td class=\"col-8\">Vit<\/td>\n<\/tr>\n<tr>\n<td class=\"col-4\">Kontaktspl\u00e4tering<\/td>\n<td class=\"col-8\">Nickelplaterad<\/td>\n<\/tr>\n<tr>\n<td class=\"col-4\">Ledarmaterial<\/td>\n<td class=\"col-8\">CCS<\/td>\n<\/tr>\n<tr>\n<td class=\"col-4\">Material<\/td>\n<td class=\"col-8\">PVC<\/td>\n<\/tr>\n<tr>\n<td class=\"col-4\">Kabelmantelstorlek<\/td>\n<td class=\"col-8\">5.0 mm<\/td>\n<\/tr>\n<tr>\n<td class=\"col-4\">Impedans<\/td>\n<td class=\"col-8\">75 Ohm<\/td>\n<\/tr>\n<tr>\n<td class=\"col-4\">Isoleringsmaterial<\/td>\n<td class=\"col-8\">PE<\/td>\n<\/tr>\n<tr>\n<td class=\"col-4\">Kontakt A<\/td>\n<td class=\"col-8\">IEC (Koax) Hane<\/td>\n<\/tr>\n<tr>\n<td class=\"col-4\">Kabeltyp<\/td>\n<td class=\"col-8\">Koax<\/td>\n<\/tr>\n<tr>\n<td class=\"col-4\">Sk\u00e4rmning<\/td>\n<td class=\"col-8\">Dubbelsk\u00e4rmad<\/td>\n<\/tr>\n<tr>\n<td class=\"col-4\">Kontakt B<\/td>\n<td class=\"col-8\">IEC (Koax) Hona<\/td>\n<\/tr>\n<tr>\n<td class=\"col-4\">Dielektrisk diameter<\/td>\n<td class=\"col-8\">2.7 mm<\/td>\n<\/tr>\n<tr>\n<td class=\"col-4\">Signal to Noise Ratio (SNR)<\/td>\n<td class=\"col-8\">90 dB<\/td>\n<\/tr>\n<tr>\n<td class=\"col-4\">Antal varor i paketet<\/td>\n<td class=\"col-8\">1 st.<\/td>\n<\/tr>\n<tr>\n<td class=\"col-4\">F\u00f6rpackningstyp<\/td>\n<td class=\"col-8\">Kuvert<\/td>\n<\/tr>\n<tr>\n<td class=\"col-4\">Ledardiameter<\/td>\n<td class=\"col-8\">0.50 mm<\/td>\n<\/tr>\n<\/tbody>\n<\/table>\n","protected":false},"excerpt":{"rendered":"<p>Koaxialkabel IEC (Koax) Hane | IEC (Koax) Hona | Nickelplaterad | 90 dB | 75 Ohm &#8211; CSGP40000WT100<\/p>\n","protected":false},"featured_media":94650,"template":"","meta":[],"product_brand":[],"product_cat":[2260,71,59],"product_tag":[],"class_list":{"0":"post-94541","1":"product","2":"type-product","3":"status-publish","4":"has-post-thumbnail","6":"product_cat-antenn","7":"product_cat-antennkablar","8":"product_cat-kablar","10":"first","11":"instock","12":"taxable","13":"shipping-taxable","14":"purchasable","15":"product-type-simple"},"yoast_head":"<!-- This site is optimized with the Yoast SEO Premium plugin v26.7 (Yoast SEO v26.7) - https:\/\/yoast.com\/wordpress\/plugins\/seo\/ -->\n<title>Koaxialkabel IEC (Koax) Hane | IEC (Koax) Hona | Nickelplaterad | 90 dB<\/title>\n<meta name=\"description\" content=\"Koaxialkabel IEC (Koax) Hane | IEC (Koax) Hona | Nickelplaterad | 90 dB | 75 Ohm - CSGP40000WT100 f\u00f6r anslutning till ett koaxialv\u00e4gguttag TV\" \/>\n<meta name=\"robots\" content=\"index, follow, max-snippet:-1, max-image-preview:large, max-video-preview:-1\" \/>\n<link rel=\"canonical\" href=\"https:\/\/www.heddata.se\/webbutik\/produkt\/koaxialkabel-iec-koax-hane-iec-koax-hona-nickelplaterad-90-db-75-ohm-csgp40000wt100\/\" \/>\n<meta property=\"og:locale\" content=\"sv_SE\" \/>\n<meta property=\"og:type\" content=\"article\" \/>\n<meta property=\"og:title\" content=\"Koaxialkabel IEC (Koax) Hane | IEC (Koax) Hona | Nickelplaterad | 90 dB | 75 Ohm - CSGP40000WT100\" \/>\n<meta property=\"og:description\" content=\"Koaxialkabel IEC (Koax) Hane | IEC (Koax) Hona | Nickelplaterad | 90 dB | 75 Ohm - CSGP40000WT100 f\u00f6r anslutning till ett koaxialv\u00e4gguttag TV\" \/>\n<meta property=\"og:url\" content=\"https:\/\/www.heddata.se\/webbutik\/produkt\/koaxialkabel-iec-koax-hane-iec-koax-hona-nickelplaterad-90-db-75-ohm-csgp40000wt100\/\" \/>\n<meta property=\"og:site_name\" content=\"Datorer, Skrivare, F\u00e4rgpatroner, Mobiltelefoner\" \/>\n<meta property=\"article:modified_time\" content=\"2026-04-21T16:09:34+00:00\" \/>\n<meta property=\"og:image\" content=\"https:\/\/www.heddata.se\/webbutik\/wp-content\/uploads\/webbutik\/kategorier\/kablar-adaptrar\/csgp40000wt100.jpeg\" \/>\n\t<meta property=\"og:image:width\" content=\"1200\" \/>\n\t<meta property=\"og:image:height\" content=\"1200\" \/>\n\t<meta property=\"og:image:type\" content=\"image\/jpeg\" \/>\n<meta name=\"twitter:card\" content=\"summary_large_image\" \/>\n<meta name=\"twitter:label1\" content=\"Ber\u00e4knad l\u00e4stid\" \/>\n\t<meta name=\"twitter:data1\" content=\"1 minut\" \/>\n<script type=\"application\/ld+json\" class=\"yoast-schema-graph\">{\"@context\":\"https:\/\/schema.org\",\"@graph\":[{\"@type\":\"WebPage\",\"@id\":\"https:\/\/www.heddata.se\/webbutik\/produkt\/koaxialkabel-iec-koax-hane-iec-koax-hona-nickelplaterad-90-db-75-ohm-csgp40000wt100\/\",\"url\":\"https:\/\/www.heddata.se\/webbutik\/produkt\/koaxialkabel-iec-koax-hane-iec-koax-hona-nickelplaterad-90-db-75-ohm-csgp40000wt100\/\",\"name\":\"Koaxialkabel IEC (Koax) Hane | IEC (Koax) Hona | Nickelplaterad | 90 dB\",\"isPartOf\":{\"@id\":\"https:\/\/www.heddata.se\/webbutik\/#website\"},\"primaryImageOfPage\":{\"@id\":\"https:\/\/www.heddata.se\/webbutik\/produkt\/koaxialkabel-iec-koax-hane-iec-koax-hona-nickelplaterad-90-db-75-ohm-csgp40000wt100\/#primaryimage\"},\"image\":{\"@id\":\"https:\/\/www.heddata.se\/webbutik\/produkt\/koaxialkabel-iec-koax-hane-iec-koax-hona-nickelplaterad-90-db-75-ohm-csgp40000wt100\/#primaryimage\"},\"thumbnailUrl\":\"https:\/\/www.heddata.se\/webbutik\/wp-content\/uploads\/webbutik\/kategorier\/kablar-adaptrar\/csgp40000wt100.jpeg\",\"datePublished\":\"2023-12-07T10:18:31+00:00\",\"dateModified\":\"2026-04-21T16:09:34+00:00\",\"description\":\"Koaxialkabel IEC (Koax) Hane | IEC (Koax) Hona | Nickelplaterad | 90 dB | 75 Ohm - CSGP40000WT100 f\u00f6r anslutning till ett koaxialv\u00e4gguttag TV\",\"breadcrumb\":{\"@id\":\"https:\/\/www.heddata.se\/webbutik\/produkt\/koaxialkabel-iec-koax-hane-iec-koax-hona-nickelplaterad-90-db-75-ohm-csgp40000wt100\/#breadcrumb\"},\"inLanguage\":\"sv-SE\",\"potentialAction\":[{\"@type\":\"ReadAction\",\"target\":[\"https:\/\/www.heddata.se\/webbutik\/produkt\/koaxialkabel-iec-koax-hane-iec-koax-hona-nickelplaterad-90-db-75-ohm-csgp40000wt100\/\"]}]},{\"@type\":\"ImageObject\",\"inLanguage\":\"sv-SE\",\"@id\":\"https:\/\/www.heddata.se\/webbutik\/produkt\/koaxialkabel-iec-koax-hane-iec-koax-hona-nickelplaterad-90-db-75-ohm-csgp40000wt100\/#primaryimage\",\"url\":\"https:\/\/www.heddata.se\/webbutik\/wp-content\/uploads\/webbutik\/kategorier\/kablar-adaptrar\/csgp40000wt100.jpeg\",\"contentUrl\":\"https:\/\/www.heddata.se\/webbutik\/wp-content\/uploads\/webbutik\/kategorier\/kablar-adaptrar\/csgp40000wt100.jpeg\",\"width\":1200,\"height\":1200,\"caption\":\"Koaxialkabel IEC (Koax) Hane\"},{\"@type\":\"BreadcrumbList\",\"@id\":\"https:\/\/www.heddata.se\/webbutik\/produkt\/koaxialkabel-iec-koax-hane-iec-koax-hona-nickelplaterad-90-db-75-ohm-csgp40000wt100\/#breadcrumb\",\"itemListElement\":[{\"@type\":\"ListItem\",\"position\":1,\"name\":\"Hem\",\"item\":\"https:\/\/www.heddata.se\/webbutik\/\"},{\"@type\":\"ListItem\",\"position\":2,\"name\":\"Produkter\",\"item\":\"https:\/\/www.heddata.se\/webbutik\/shop\/\"},{\"@type\":\"ListItem\",\"position\":3,\"name\":\"Koaxialkabel IEC (Koax) Hane | IEC (Koax) Hona | Nickelplaterad | 90 dB | 75 Ohm &#8211; CSGP40000WT100\"}]},{\"@type\":\"WebSite\",\"@id\":\"https:\/\/www.heddata.se\/webbutik\/#website\",\"url\":\"https:\/\/www.heddata.se\/webbutik\/\",\"name\":\"Datorer, Skrivare, F\u00e4rgpatroner, Mobiltelefoner\",\"description\":\"Kablar\",\"publisher\":{\"@id\":\"https:\/\/www.heddata.se\/webbutik\/#organization\"},\"potentialAction\":[{\"@type\":\"SearchAction\",\"target\":{\"@type\":\"EntryPoint\",\"urlTemplate\":\"https:\/\/www.heddata.se\/webbutik\/?s={search_term_string}\"},\"query-input\":{\"@type\":\"PropertyValueSpecification\",\"valueRequired\":true,\"valueName\":\"search_term_string\"}}],\"inLanguage\":\"sv-SE\"},{\"@type\":\"Organization\",\"@id\":\"https:\/\/www.heddata.se\/webbutik\/#organization\",\"name\":\"Heddata AB\",\"url\":\"https:\/\/www.heddata.se\/webbutik\/\",\"logo\":{\"@type\":\"ImageObject\",\"inLanguage\":\"sv-SE\",\"@id\":\"https:\/\/www.heddata.se\/webbutik\/#\/schema\/logo\/image\/\",\"url\":\"https:\/\/www.heddata.se\/webbutik\/wp-content\/uploads\/logga\/heddata-ab-logga.png\",\"contentUrl\":\"https:\/\/www.heddata.se\/webbutik\/wp-content\/uploads\/logga\/heddata-ab-logga.png\",\"width\":200,\"height\":64,\"caption\":\"Heddata AB\"},\"image\":{\"@id\":\"https:\/\/www.heddata.se\/webbutik\/#\/schema\/logo\/image\/\"}}]}<\/script>\n<!-- \/ Yoast SEO Premium plugin. -->","yoast_head_json":{"title":"Koaxialkabel IEC (Koax) Hane | IEC (Koax) Hona | Nickelplaterad | 90 dB","description":"Koaxialkabel IEC (Koax) Hane | IEC (Koax) Hona | Nickelplaterad | 90 dB | 75 Ohm - CSGP40000WT100 f\u00f6r anslutning till ett koaxialv\u00e4gguttag TV","robots":{"index":"index","follow":"follow","max-snippet":"max-snippet:-1","max-image-preview":"max-image-preview:large","max-video-preview":"max-video-preview:-1"},"canonical":"https:\/\/www.heddata.se\/webbutik\/produkt\/koaxialkabel-iec-koax-hane-iec-koax-hona-nickelplaterad-90-db-75-ohm-csgp40000wt100\/","og_locale":"sv_SE","og_type":"article","og_title":"Koaxialkabel IEC (Koax) Hane | IEC (Koax) Hona | Nickelplaterad | 90 dB | 75 Ohm - CSGP40000WT100","og_description":"Koaxialkabel IEC (Koax) Hane | IEC (Koax) Hona | Nickelplaterad | 90 dB | 75 Ohm - CSGP40000WT100 f\u00f6r anslutning till ett koaxialv\u00e4gguttag TV","og_url":"https:\/\/www.heddata.se\/webbutik\/produkt\/koaxialkabel-iec-koax-hane-iec-koax-hona-nickelplaterad-90-db-75-ohm-csgp40000wt100\/","og_site_name":"Datorer, Skrivare, F\u00e4rgpatroner, Mobiltelefoner","article_modified_time":"2026-04-21T16:09:34+00:00","og_image":[{"width":1200,"height":1200,"url":"https:\/\/www.heddata.se\/webbutik\/wp-content\/uploads\/webbutik\/kategorier\/kablar-adaptrar\/csgp40000wt100.jpeg","type":"image\/jpeg"}],"twitter_card":"summary_large_image","twitter_misc":{"Ber\u00e4knad l\u00e4stid":"1 minut"},"schema":{"@context":"https:\/\/schema.org","@graph":[{"@type":"WebPage","@id":"https:\/\/www.heddata.se\/webbutik\/produkt\/koaxialkabel-iec-koax-hane-iec-koax-hona-nickelplaterad-90-db-75-ohm-csgp40000wt100\/","url":"https:\/\/www.heddata.se\/webbutik\/produkt\/koaxialkabel-iec-koax-hane-iec-koax-hona-nickelplaterad-90-db-75-ohm-csgp40000wt100\/","name":"Koaxialkabel IEC (Koax) Hane | IEC (Koax) Hona | Nickelplaterad | 90 dB","isPartOf":{"@id":"https:\/\/www.heddata.se\/webbutik\/#website"},"primaryImageOfPage":{"@id":"https:\/\/www.heddata.se\/webbutik\/produkt\/koaxialkabel-iec-koax-hane-iec-koax-hona-nickelplaterad-90-db-75-ohm-csgp40000wt100\/#primaryimage"},"image":{"@id":"https:\/\/www.heddata.se\/webbutik\/produkt\/koaxialkabel-iec-koax-hane-iec-koax-hona-nickelplaterad-90-db-75-ohm-csgp40000wt100\/#primaryimage"},"thumbnailUrl":"https:\/\/www.heddata.se\/webbutik\/wp-content\/uploads\/webbutik\/kategorier\/kablar-adaptrar\/csgp40000wt100.jpeg","datePublished":"2023-12-07T10:18:31+00:00","dateModified":"2026-04-21T16:09:34+00:00","description":"Koaxialkabel IEC (Koax) Hane | IEC (Koax) Hona | Nickelplaterad | 90 dB | 75 Ohm - CSGP40000WT100 f\u00f6r anslutning till ett koaxialv\u00e4gguttag TV","breadcrumb":{"@id":"https:\/\/www.heddata.se\/webbutik\/produkt\/koaxialkabel-iec-koax-hane-iec-koax-hona-nickelplaterad-90-db-75-ohm-csgp40000wt100\/#breadcrumb"},"inLanguage":"sv-SE","potentialAction":[{"@type":"ReadAction","target":["https:\/\/www.heddata.se\/webbutik\/produkt\/koaxialkabel-iec-koax-hane-iec-koax-hona-nickelplaterad-90-db-75-ohm-csgp40000wt100\/"]}]},{"@type":"ImageObject","inLanguage":"sv-SE","@id":"https:\/\/www.heddata.se\/webbutik\/produkt\/koaxialkabel-iec-koax-hane-iec-koax-hona-nickelplaterad-90-db-75-ohm-csgp40000wt100\/#primaryimage","url":"https:\/\/www.heddata.se\/webbutik\/wp-content\/uploads\/webbutik\/kategorier\/kablar-adaptrar\/csgp40000wt100.jpeg","contentUrl":"https:\/\/www.heddata.se\/webbutik\/wp-content\/uploads\/webbutik\/kategorier\/kablar-adaptrar\/csgp40000wt100.jpeg","width":1200,"height":1200,"caption":"Koaxialkabel IEC (Koax) Hane"},{"@type":"BreadcrumbList","@id":"https:\/\/www.heddata.se\/webbutik\/produkt\/koaxialkabel-iec-koax-hane-iec-koax-hona-nickelplaterad-90-db-75-ohm-csgp40000wt100\/#breadcrumb","itemListElement":[{"@type":"ListItem","position":1,"name":"Hem","item":"https:\/\/www.heddata.se\/webbutik\/"},{"@type":"ListItem","position":2,"name":"Produkter","item":"https:\/\/www.heddata.se\/webbutik\/shop\/"},{"@type":"ListItem","position":3,"name":"Koaxialkabel IEC (Koax) Hane | IEC (Koax) Hona | Nickelplaterad | 90 dB | 75 Ohm &#8211; CSGP40000WT100"}]},{"@type":"WebSite","@id":"https:\/\/www.heddata.se\/webbutik\/#website","url":"https:\/\/www.heddata.se\/webbutik\/","name":"Datorer, Skrivare, F\u00e4rgpatroner, Mobiltelefoner","description":"Kablar","publisher":{"@id":"https:\/\/www.heddata.se\/webbutik\/#organization"},"potentialAction":[{"@type":"SearchAction","target":{"@type":"EntryPoint","urlTemplate":"https:\/\/www.heddata.se\/webbutik\/?s={search_term_string}"},"query-input":{"@type":"PropertyValueSpecification","valueRequired":true,"valueName":"search_term_string"}}],"inLanguage":"sv-SE"},{"@type":"Organization","@id":"https:\/\/www.heddata.se\/webbutik\/#organization","name":"Heddata AB","url":"https:\/\/www.heddata.se\/webbutik\/","logo":{"@type":"ImageObject","inLanguage":"sv-SE","@id":"https:\/\/www.heddata.se\/webbutik\/#\/schema\/logo\/image\/","url":"https:\/\/www.heddata.se\/webbutik\/wp-content\/uploads\/logga\/heddata-ab-logga.png","contentUrl":"https:\/\/www.heddata.se\/webbutik\/wp-content\/uploads\/logga\/heddata-ab-logga.png","width":200,"height":64,"caption":"Heddata AB"},"image":{"@id":"https:\/\/www.heddata.se\/webbutik\/#\/schema\/logo\/image\/"}}]}},"_links":{"self":[{"href":"https:\/\/www.heddata.se\/webbutik\/wp-json\/wp\/v2\/product\/94541","targetHints":{"allow":["GET"]}}],"collection":[{"href":"https:\/\/www.heddata.se\/webbutik\/wp-json\/wp\/v2\/product"}],"about":[{"href":"https:\/\/www.heddata.se\/webbutik\/wp-json\/wp\/v2\/types\/product"}],"wp:featuredmedia":[{"embeddable":true,"href":"https:\/\/www.heddata.se\/webbutik\/wp-json\/wp\/v2\/media\/94650"}],"wp:attachment":[{"href":"https:\/\/www.heddata.se\/webbutik\/wp-json\/wp\/v2\/media?parent=94541"}],"wp:term":[{"taxonomy":"product_brand","embeddable":true,"href":"https:\/\/www.heddata.se\/webbutik\/wp-json\/wp\/v2\/product_brand?post=94541"},{"taxonomy":"product_cat","embeddable":true,"href":"https:\/\/www.heddata.se\/webbutik\/wp-json\/wp\/v2\/product_cat?post=94541"},{"taxonomy":"product_tag","embeddable":true,"href":"https:\/\/www.heddata.se\/webbutik\/wp-json\/wp\/v2\/product_tag?post=94541"}],"curies":[{"name":"wp","href":"https:\/\/api.w.org\/{rel}","templated":true}]}}