{"id":94533,"date":"2023-12-07T11:18:15","date_gmt":"2023-12-07T10:18:15","guid":{"rendered":"https:\/\/www.heddata.se\/webbutik\/?post_type=product&#038;p=94533"},"modified":"2026-04-10T13:11:13","modified_gmt":"2026-04-10T11:11:13","slug":"digital-audio-kabel-rca-hane-rca-hane-guldplaterad-5-00-m-rund-pvc-antracit-lada-cagc24170at50","status":"publish","type":"product","link":"https:\/\/www.heddata.se\/webbutik\/produkt\/digital-audio-kabel-rca-hane-rca-hane-guldplaterad-5-00-m-rund-pvc-antracit-lada-cagc24170at50\/","title":{"rendered":"Digital Audio Kabel RCA Hane | RCA Hane | Guldplaterad | 5.00 m | Rund | PVC | Antracit | L\u00e5da &#8211; CAGC24170AT50"},"content":{"rendered":"<p>Digital Audio Kabel RCA Hane | RCA Hane | Guldplaterad | 5.00 m | Rund | PVC | Antracit | L\u00e5da &#8211; CAGC24170AT50<\/p>\n<p>Nedis digital koaxial ljudkabel med guldpl\u00e4terade 24k telefonkontakter f\u00f6r digitala och analoga ljud- och videosignaler. \u00c4ven l\u00e4mplig f\u00f6r anslutning av <a href=\"https:\/\/www.heddata.se\/webbutik\/hemelektronik\/\">DVD-,<\/a> CD-, MD- och MP3-spelare.<\/p>\n<p>Guldpl\u00e4terade kontakter<\/p>\n<h3><a href=\"https:\/\/nedis.se\/sv-se\" target=\"_blank\" rel=\"noopener\">Produktspecifikationer<\/a><\/h3>\n<table class=\"table table-with-odd-background\">\n<tbody>\n<tr>\n<td class=\"col-4\">F\u00e4rg<\/td>\n<td class=\"col-8\">Antracit<\/td>\n<\/tr>\n<tr>\n<td class=\"col-4\">Anslutningsdesign \u2013 sida B<\/td>\n<td class=\"col-8\">Rak<\/td>\n<\/tr>\n<tr>\n<td class=\"col-4\">Anslutningsdesign \u2013 sida A<\/td>\n<td class=\"col-8\">Rak<\/td>\n<\/tr>\n<tr>\n<td class=\"col-4\">Kabelns utformning<\/td>\n<td class=\"col-8\">Rund<\/td>\n<\/tr>\n<tr>\n<td class=\"col-4\">Kabelmantelstorlek<\/td>\n<td class=\"col-8\">6.0 mm<\/td>\n<\/tr>\n<tr>\n<td class=\"col-4\">Kontaktspl\u00e4tering<\/td>\n<td class=\"col-8\">Guldplaterad<\/td>\n<\/tr>\n<tr>\n<td class=\"col-4\">Ledarmaterial<\/td>\n<td class=\"col-8\">Koppar<\/td>\n<\/tr>\n<tr>\n<td class=\"col-4\">Kabelmantelns material<\/td>\n<td class=\"col-8\">PVC<\/td>\n<\/tr>\n<tr>\n<td class=\"col-4\">AWG-v\u00e4rde<\/td>\n<td class=\"col-8\">24<\/td>\n<\/tr>\n<tr>\n<td class=\"col-4\">Kabell\u00e4ngd<\/td>\n<td class=\"col-8\">5.00 m<\/td>\n<\/tr>\n<tr>\n<td class=\"col-4\">Kontaktmaterial<\/td>\n<td class=\"col-8\">Aluminium<\/td>\n<\/tr>\n<tr>\n<td class=\"col-4\">Material<\/td>\n<td class=\"col-8\">Metall<\/td>\n<\/tr>\n<tr>\n<td class=\"col-4\">Pl\u00e4tering<\/td>\n<td class=\"col-8\">Guldplaterad<\/td>\n<\/tr>\n<tr>\n<td class=\"col-4\">Kabeltyp<\/td>\n<td class=\"col-8\">RCA<\/td>\n<\/tr>\n<tr>\n<td class=\"col-4\">F\u00f6rpackningstyp<\/td>\n<td class=\"col-8\">L\u00e5da<\/td>\n<\/tr>\n<tr>\n<td class=\"col-4\">Kontakt A<\/td>\n<td class=\"col-8\">RCA Hane<\/td>\n<\/tr>\n<tr>\n<td class=\"col-4\">Ljudtyp<\/td>\n<td class=\"col-8\">Digital<\/td>\n<\/tr>\n<tr>\n<td class=\"col-4\">Kontakt B<\/td>\n<td class=\"col-8\">RCA Hane<\/td>\n<\/tr>\n<tr>\n<td class=\"col-4\">Ledardiameter<\/td>\n<td class=\"col-8\">20 x 0.12 mm<\/td>\n<\/tr>\n<tr>\n<td class=\"col-4\">Antal varor i paketet<\/td>\n<td class=\"col-8\">1 st.<\/td>\n<\/tr>\n<\/tbody>\n<\/table>\n","protected":false},"excerpt":{"rendered":"<p>Digital Audio Kabel RCA Hane | RCA Hane | Guldplaterad | 5.00 m | Rund | PVC | Antracit | L\u00e5da &#8211; CAGC24170AT50<\/p>\n","protected":false},"featured_media":94695,"template":"","meta":[],"product_brand":[],"product_cat":[59,73],"product_tag":[],"class_list":{"0":"post-94533","1":"product","2":"type-product","3":"status-publish","4":"has-post-thumbnail","6":"product_cat-kablar","7":"product_cat-ljudkablar","9":"first","10":"instock","11":"taxable","12":"shipping-taxable","13":"purchasable","14":"product-type-simple"},"yoast_head":"<!-- This site is optimized with the Yoast SEO Premium plugin v26.7 (Yoast SEO v26.7) - https:\/\/yoast.com\/wordpress\/plugins\/seo\/ -->\n<title>Digital Audio Kabel RCA Hane | RCA Hane | Guldplaterad | 5.00 m | Rund<\/title>\n<meta name=\"description\" content=\"Digital Audio Kabel RCA Hane | RCA Hane | Guldplaterad | 5.00 m | Rund | PVC | Antracit | L\u00e5da - CAGC24170AT50\" \/>\n<meta name=\"robots\" content=\"index, follow, max-snippet:-1, max-image-preview:large, max-video-preview:-1\" \/>\n<link rel=\"canonical\" href=\"https:\/\/www.heddata.se\/webbutik\/produkt\/digital-audio-kabel-rca-hane-rca-hane-guldplaterad-5-00-m-rund-pvc-antracit-lada-cagc24170at50\/\" \/>\n<meta property=\"og:locale\" content=\"sv_SE\" \/>\n<meta property=\"og:type\" content=\"article\" \/>\n<meta property=\"og:title\" content=\"Digital Audio Kabel RCA Hane | RCA Hane | Guldplaterad | 5.00 m | Rund | PVC | Antracit | L\u00e5da - CAGC24170AT50\" \/>\n<meta property=\"og:description\" content=\"Digital Audio Kabel RCA Hane | RCA Hane | Guldplaterad | 5.00 m | Rund | PVC | Antracit | L\u00e5da - CAGC24170AT50\" \/>\n<meta property=\"og:url\" content=\"https:\/\/www.heddata.se\/webbutik\/produkt\/digital-audio-kabel-rca-hane-rca-hane-guldplaterad-5-00-m-rund-pvc-antracit-lada-cagc24170at50\/\" \/>\n<meta property=\"og:site_name\" content=\"Datorer, Skrivare, F\u00e4rgpatroner, Mobiltelefoner\" \/>\n<meta property=\"article:modified_time\" content=\"2026-04-10T11:11:13+00:00\" \/>\n<meta property=\"og:image\" content=\"https:\/\/www.heddata.se\/webbutik\/wp-content\/uploads\/webbutik\/kategorier\/kablar-adaptrar\/cagc24170at50.jpeg\" \/>\n\t<meta property=\"og:image:width\" content=\"1200\" \/>\n\t<meta property=\"og:image:height\" content=\"1200\" \/>\n\t<meta property=\"og:image:type\" content=\"image\/jpeg\" \/>\n<meta name=\"twitter:card\" content=\"summary_large_image\" \/>\n<meta name=\"twitter:label1\" content=\"Ber\u00e4knad l\u00e4stid\" \/>\n\t<meta name=\"twitter:data1\" content=\"1 minut\" \/>\n<script type=\"application\/ld+json\" class=\"yoast-schema-graph\">{\"@context\":\"https:\/\/schema.org\",\"@graph\":[{\"@type\":\"WebPage\",\"@id\":\"https:\/\/www.heddata.se\/webbutik\/produkt\/digital-audio-kabel-rca-hane-rca-hane-guldplaterad-5-00-m-rund-pvc-antracit-lada-cagc24170at50\/\",\"url\":\"https:\/\/www.heddata.se\/webbutik\/produkt\/digital-audio-kabel-rca-hane-rca-hane-guldplaterad-5-00-m-rund-pvc-antracit-lada-cagc24170at50\/\",\"name\":\"Digital Audio Kabel RCA Hane | RCA Hane | Guldplaterad | 5.00 m | Rund\",\"isPartOf\":{\"@id\":\"https:\/\/www.heddata.se\/webbutik\/#website\"},\"primaryImageOfPage\":{\"@id\":\"https:\/\/www.heddata.se\/webbutik\/produkt\/digital-audio-kabel-rca-hane-rca-hane-guldplaterad-5-00-m-rund-pvc-antracit-lada-cagc24170at50\/#primaryimage\"},\"image\":{\"@id\":\"https:\/\/www.heddata.se\/webbutik\/produkt\/digital-audio-kabel-rca-hane-rca-hane-guldplaterad-5-00-m-rund-pvc-antracit-lada-cagc24170at50\/#primaryimage\"},\"thumbnailUrl\":\"https:\/\/www.heddata.se\/webbutik\/wp-content\/uploads\/webbutik\/kategorier\/kablar-adaptrar\/cagc24170at50.jpeg\",\"datePublished\":\"2023-12-07T10:18:15+00:00\",\"dateModified\":\"2026-04-10T11:11:13+00:00\",\"description\":\"Digital Audio Kabel RCA Hane | RCA Hane | Guldplaterad | 5.00 m | Rund | PVC | Antracit | L\u00e5da - CAGC24170AT50\",\"breadcrumb\":{\"@id\":\"https:\/\/www.heddata.se\/webbutik\/produkt\/digital-audio-kabel-rca-hane-rca-hane-guldplaterad-5-00-m-rund-pvc-antracit-lada-cagc24170at50\/#breadcrumb\"},\"inLanguage\":\"sv-SE\",\"potentialAction\":[{\"@type\":\"ReadAction\",\"target\":[\"https:\/\/www.heddata.se\/webbutik\/produkt\/digital-audio-kabel-rca-hane-rca-hane-guldplaterad-5-00-m-rund-pvc-antracit-lada-cagc24170at50\/\"]}]},{\"@type\":\"ImageObject\",\"inLanguage\":\"sv-SE\",\"@id\":\"https:\/\/www.heddata.se\/webbutik\/produkt\/digital-audio-kabel-rca-hane-rca-hane-guldplaterad-5-00-m-rund-pvc-antracit-lada-cagc24170at50\/#primaryimage\",\"url\":\"https:\/\/www.heddata.se\/webbutik\/wp-content\/uploads\/webbutik\/kategorier\/kablar-adaptrar\/cagc24170at50.jpeg\",\"contentUrl\":\"https:\/\/www.heddata.se\/webbutik\/wp-content\/uploads\/webbutik\/kategorier\/kablar-adaptrar\/cagc24170at50.jpeg\",\"width\":1200,\"height\":1200,\"caption\":\"Digital Audio Kabel RCA Hane\"},{\"@type\":\"BreadcrumbList\",\"@id\":\"https:\/\/www.heddata.se\/webbutik\/produkt\/digital-audio-kabel-rca-hane-rca-hane-guldplaterad-5-00-m-rund-pvc-antracit-lada-cagc24170at50\/#breadcrumb\",\"itemListElement\":[{\"@type\":\"ListItem\",\"position\":1,\"name\":\"Hem\",\"item\":\"https:\/\/www.heddata.se\/webbutik\/\"},{\"@type\":\"ListItem\",\"position\":2,\"name\":\"Produkter\",\"item\":\"https:\/\/www.heddata.se\/webbutik\/shop\/\"},{\"@type\":\"ListItem\",\"position\":3,\"name\":\"Digital Audio Kabel RCA Hane | RCA Hane | Guldplaterad | 5.00 m | Rund | PVC | Antracit | L\u00e5da &#8211; CAGC24170AT50\"}]},{\"@type\":\"WebSite\",\"@id\":\"https:\/\/www.heddata.se\/webbutik\/#website\",\"url\":\"https:\/\/www.heddata.se\/webbutik\/\",\"name\":\"Datorer, Skrivare, F\u00e4rgpatroner, Mobiltelefoner\",\"description\":\"Kablar\",\"publisher\":{\"@id\":\"https:\/\/www.heddata.se\/webbutik\/#organization\"},\"potentialAction\":[{\"@type\":\"SearchAction\",\"target\":{\"@type\":\"EntryPoint\",\"urlTemplate\":\"https:\/\/www.heddata.se\/webbutik\/?s={search_term_string}\"},\"query-input\":{\"@type\":\"PropertyValueSpecification\",\"valueRequired\":true,\"valueName\":\"search_term_string\"}}],\"inLanguage\":\"sv-SE\"},{\"@type\":\"Organization\",\"@id\":\"https:\/\/www.heddata.se\/webbutik\/#organization\",\"name\":\"Heddata AB\",\"url\":\"https:\/\/www.heddata.se\/webbutik\/\",\"logo\":{\"@type\":\"ImageObject\",\"inLanguage\":\"sv-SE\",\"@id\":\"https:\/\/www.heddata.se\/webbutik\/#\/schema\/logo\/image\/\",\"url\":\"https:\/\/www.heddata.se\/webbutik\/wp-content\/uploads\/logga\/heddata-ab-logga.png\",\"contentUrl\":\"https:\/\/www.heddata.se\/webbutik\/wp-content\/uploads\/logga\/heddata-ab-logga.png\",\"width\":200,\"height\":64,\"caption\":\"Heddata AB\"},\"image\":{\"@id\":\"https:\/\/www.heddata.se\/webbutik\/#\/schema\/logo\/image\/\"}}]}<\/script>\n<!-- \/ Yoast SEO Premium plugin. -->","yoast_head_json":{"title":"Digital Audio Kabel RCA Hane | RCA Hane | Guldplaterad | 5.00 m | Rund","description":"Digital Audio Kabel RCA Hane | RCA Hane | Guldplaterad | 5.00 m | Rund | PVC | Antracit | L\u00e5da - CAGC24170AT50","robots":{"index":"index","follow":"follow","max-snippet":"max-snippet:-1","max-image-preview":"max-image-preview:large","max-video-preview":"max-video-preview:-1"},"canonical":"https:\/\/www.heddata.se\/webbutik\/produkt\/digital-audio-kabel-rca-hane-rca-hane-guldplaterad-5-00-m-rund-pvc-antracit-lada-cagc24170at50\/","og_locale":"sv_SE","og_type":"article","og_title":"Digital Audio Kabel RCA Hane | RCA Hane | Guldplaterad | 5.00 m | Rund | PVC | Antracit | L\u00e5da - CAGC24170AT50","og_description":"Digital Audio Kabel RCA Hane | RCA Hane | Guldplaterad | 5.00 m | Rund | PVC | Antracit | L\u00e5da - CAGC24170AT50","og_url":"https:\/\/www.heddata.se\/webbutik\/produkt\/digital-audio-kabel-rca-hane-rca-hane-guldplaterad-5-00-m-rund-pvc-antracit-lada-cagc24170at50\/","og_site_name":"Datorer, Skrivare, F\u00e4rgpatroner, Mobiltelefoner","article_modified_time":"2026-04-10T11:11:13+00:00","og_image":[{"width":1200,"height":1200,"url":"https:\/\/www.heddata.se\/webbutik\/wp-content\/uploads\/webbutik\/kategorier\/kablar-adaptrar\/cagc24170at50.jpeg","type":"image\/jpeg"}],"twitter_card":"summary_large_image","twitter_misc":{"Ber\u00e4knad l\u00e4stid":"1 minut"},"schema":{"@context":"https:\/\/schema.org","@graph":[{"@type":"WebPage","@id":"https:\/\/www.heddata.se\/webbutik\/produkt\/digital-audio-kabel-rca-hane-rca-hane-guldplaterad-5-00-m-rund-pvc-antracit-lada-cagc24170at50\/","url":"https:\/\/www.heddata.se\/webbutik\/produkt\/digital-audio-kabel-rca-hane-rca-hane-guldplaterad-5-00-m-rund-pvc-antracit-lada-cagc24170at50\/","name":"Digital Audio Kabel RCA Hane | RCA Hane | Guldplaterad | 5.00 m | Rund","isPartOf":{"@id":"https:\/\/www.heddata.se\/webbutik\/#website"},"primaryImageOfPage":{"@id":"https:\/\/www.heddata.se\/webbutik\/produkt\/digital-audio-kabel-rca-hane-rca-hane-guldplaterad-5-00-m-rund-pvc-antracit-lada-cagc24170at50\/#primaryimage"},"image":{"@id":"https:\/\/www.heddata.se\/webbutik\/produkt\/digital-audio-kabel-rca-hane-rca-hane-guldplaterad-5-00-m-rund-pvc-antracit-lada-cagc24170at50\/#primaryimage"},"thumbnailUrl":"https:\/\/www.heddata.se\/webbutik\/wp-content\/uploads\/webbutik\/kategorier\/kablar-adaptrar\/cagc24170at50.jpeg","datePublished":"2023-12-07T10:18:15+00:00","dateModified":"2026-04-10T11:11:13+00:00","description":"Digital Audio Kabel RCA Hane | RCA Hane | Guldplaterad | 5.00 m | Rund | PVC | Antracit | L\u00e5da - CAGC24170AT50","breadcrumb":{"@id":"https:\/\/www.heddata.se\/webbutik\/produkt\/digital-audio-kabel-rca-hane-rca-hane-guldplaterad-5-00-m-rund-pvc-antracit-lada-cagc24170at50\/#breadcrumb"},"inLanguage":"sv-SE","potentialAction":[{"@type":"ReadAction","target":["https:\/\/www.heddata.se\/webbutik\/produkt\/digital-audio-kabel-rca-hane-rca-hane-guldplaterad-5-00-m-rund-pvc-antracit-lada-cagc24170at50\/"]}]},{"@type":"ImageObject","inLanguage":"sv-SE","@id":"https:\/\/www.heddata.se\/webbutik\/produkt\/digital-audio-kabel-rca-hane-rca-hane-guldplaterad-5-00-m-rund-pvc-antracit-lada-cagc24170at50\/#primaryimage","url":"https:\/\/www.heddata.se\/webbutik\/wp-content\/uploads\/webbutik\/kategorier\/kablar-adaptrar\/cagc24170at50.jpeg","contentUrl":"https:\/\/www.heddata.se\/webbutik\/wp-content\/uploads\/webbutik\/kategorier\/kablar-adaptrar\/cagc24170at50.jpeg","width":1200,"height":1200,"caption":"Digital Audio Kabel RCA Hane"},{"@type":"BreadcrumbList","@id":"https:\/\/www.heddata.se\/webbutik\/produkt\/digital-audio-kabel-rca-hane-rca-hane-guldplaterad-5-00-m-rund-pvc-antracit-lada-cagc24170at50\/#breadcrumb","itemListElement":[{"@type":"ListItem","position":1,"name":"Hem","item":"https:\/\/www.heddata.se\/webbutik\/"},{"@type":"ListItem","position":2,"name":"Produkter","item":"https:\/\/www.heddata.se\/webbutik\/shop\/"},{"@type":"ListItem","position":3,"name":"Digital Audio Kabel RCA Hane | RCA Hane | Guldplaterad | 5.00 m | Rund | PVC | Antracit | L\u00e5da &#8211; CAGC24170AT50"}]},{"@type":"WebSite","@id":"https:\/\/www.heddata.se\/webbutik\/#website","url":"https:\/\/www.heddata.se\/webbutik\/","name":"Datorer, Skrivare, F\u00e4rgpatroner, Mobiltelefoner","description":"Kablar","publisher":{"@id":"https:\/\/www.heddata.se\/webbutik\/#organization"},"potentialAction":[{"@type":"SearchAction","target":{"@type":"EntryPoint","urlTemplate":"https:\/\/www.heddata.se\/webbutik\/?s={search_term_string}"},"query-input":{"@type":"PropertyValueSpecification","valueRequired":true,"valueName":"search_term_string"}}],"inLanguage":"sv-SE"},{"@type":"Organization","@id":"https:\/\/www.heddata.se\/webbutik\/#organization","name":"Heddata AB","url":"https:\/\/www.heddata.se\/webbutik\/","logo":{"@type":"ImageObject","inLanguage":"sv-SE","@id":"https:\/\/www.heddata.se\/webbutik\/#\/schema\/logo\/image\/","url":"https:\/\/www.heddata.se\/webbutik\/wp-content\/uploads\/logga\/heddata-ab-logga.png","contentUrl":"https:\/\/www.heddata.se\/webbutik\/wp-content\/uploads\/logga\/heddata-ab-logga.png","width":200,"height":64,"caption":"Heddata AB"},"image":{"@id":"https:\/\/www.heddata.se\/webbutik\/#\/schema\/logo\/image\/"}}]}},"_links":{"self":[{"href":"https:\/\/www.heddata.se\/webbutik\/wp-json\/wp\/v2\/product\/94533","targetHints":{"allow":["GET"]}}],"collection":[{"href":"https:\/\/www.heddata.se\/webbutik\/wp-json\/wp\/v2\/product"}],"about":[{"href":"https:\/\/www.heddata.se\/webbutik\/wp-json\/wp\/v2\/types\/product"}],"wp:featuredmedia":[{"embeddable":true,"href":"https:\/\/www.heddata.se\/webbutik\/wp-json\/wp\/v2\/media\/94695"}],"wp:attachment":[{"href":"https:\/\/www.heddata.se\/webbutik\/wp-json\/wp\/v2\/media?parent=94533"}],"wp:term":[{"taxonomy":"product_brand","embeddable":true,"href":"https:\/\/www.heddata.se\/webbutik\/wp-json\/wp\/v2\/product_brand?post=94533"},{"taxonomy":"product_cat","embeddable":true,"href":"https:\/\/www.heddata.se\/webbutik\/wp-json\/wp\/v2\/product_cat?post=94533"},{"taxonomy":"product_tag","embeddable":true,"href":"https:\/\/www.heddata.se\/webbutik\/wp-json\/wp\/v2\/product_tag?post=94533"}],"curies":[{"name":"wp","href":"https:\/\/api.w.org\/{rel}","templated":true}]}}