{"id":94530,"date":"2023-12-07T11:18:03","date_gmt":"2023-12-07T10:18:03","guid":{"rendered":"https:\/\/www.heddata.se\/webbutik\/?post_type=product&#038;p=94530"},"modified":"2026-05-04T13:08:31","modified_gmt":"2026-05-04T11:08:31","slug":"aoc-bildskarm-24-tum-24b2xdam","status":"publish","type":"product","link":"https:\/\/www.heddata.se\/webbutik\/produkt\/aoc-bildskarm-24-tum-24b2xdam\/","title":{"rendered":"AOC bildsk\u00e4rm 24 tum &#8211; 24B2XDAM"},"content":{"rendered":"<p>AOC bildsk\u00e4rm 24 tum &#8211; 24B2XDAM<\/p>\n<p class=\"product-main-info-webtext2\">1920&#215;1080 VA, 75hz, 4ms, 3000:1, VGA\/DVI\/HDMI<\/p>\n<p>24B2XDAM fr\u00e5n B2-serien anv\u00e4nder en 23,8-tums Full HD VA-panel som erbjuder vidvinkel, exakta och levande f\u00e4rger och flexibel anslutning. Den har en tunn profil och en tresidig kantfri panel f\u00f6r s\u00f6ml\u00f6sa inst\u00e4llningar f\u00f6r flera <a href=\"https:\/\/www.heddata.se\/webbutik\/skarmar\/\">sk\u00e4rmar.<\/a> Ta farv\u00e4l av \u00f6gontr\u00f6tthet tack vare AOC:s LowBlue- och FlickerFree-teknik.<\/p>\n<p>F\u00f6rutom att den ser modern och attraktiv ut, m\u00f6jligg\u00f6r en raml\u00f6s design s\u00f6ml\u00f6sa inst\u00e4llningar f\u00f6r flera bildsk\u00e4rmar. Dina mark\u00f6rer\/f\u00f6nster kommer inte l\u00e4ngre att tappas bort i m\u00f6rkret n\u00e4r m\u00e5nga sk\u00e4rmar placeras sida vid sida.<\/p>\n<p>Vill du titta p\u00e5 en Blu-ray-film i full kvalitet, njuta av spel i h\u00f6g uppl\u00f6sning eller l\u00e4sa skarp text i kontorsprogram? Tack vare sin fulla HD-uppl\u00f6sning p\u00e5 1920 x 1080 pixlar kan du g\u00f6ra just det p\u00e5 den h\u00e4r <a href=\"https:\/\/aoc.com\/se\" target=\"_blank\" rel=\"noopener\">sk\u00e4rmen.<\/a> Oavsett vad du tittar p\u00e5, med Full HD visas den i rik detalj utan att du beh\u00f6ver ett avancerat grafikkort eller anv\u00e4nder f\u00f6r mycket av systemets resurser.<\/p>\n","protected":false},"excerpt":{"rendered":"<p>AOC bildsk\u00e4rm 24 tum &#8211; 24B2XDAM<\/p>\n","protected":false},"featured_media":94735,"template":"","meta":[],"product_brand":[],"product_cat":[2123],"product_tag":[],"class_list":{"0":"post-94530","1":"product","2":"type-product","3":"status-publish","4":"has-post-thumbnail","6":"product_cat-skarmar","8":"first","9":"instock","10":"taxable","11":"shipping-taxable","12":"purchasable","13":"product-type-simple"},"yoast_head":"<!-- This site is optimized with the Yoast SEO Premium plugin v26.7 (Yoast SEO v26.7) - https:\/\/yoast.com\/wordpress\/plugins\/seo\/ -->\n<title>AOC bildsk\u00e4rm 24 tum - 24B2XDAM Full HD VA-panel<\/title>\n<meta name=\"description\" content=\"AOC bildsk\u00e4rm 24 tum - 24B2XDAM Full HD VA-panel som erbjuder vidvinkel, exakta och levande f\u00e4rger och flexibel anslutning\" \/>\n<meta name=\"robots\" content=\"index, follow, max-snippet:-1, max-image-preview:large, max-video-preview:-1\" \/>\n<link rel=\"canonical\" href=\"https:\/\/www.heddata.se\/webbutik\/produkt\/aoc-bildskarm-24-tum-24b2xdam\/\" \/>\n<meta property=\"og:locale\" content=\"sv_SE\" \/>\n<meta property=\"og:type\" content=\"article\" \/>\n<meta property=\"og:title\" content=\"AOC bildsk\u00e4rm 24 tum - 24B2XDAM\" \/>\n<meta property=\"og:description\" content=\"AOC bildsk\u00e4rm 24 tum - 24B2XDAM Full HD VA-panel som erbjuder vidvinkel, exakta och levande f\u00e4rger och flexibel anslutning\" \/>\n<meta property=\"og:url\" content=\"https:\/\/www.heddata.se\/webbutik\/produkt\/aoc-bildskarm-24-tum-24b2xdam\/\" \/>\n<meta property=\"og:site_name\" content=\"Datorer, Skrivare, F\u00e4rgpatroner, Mobiltelefoner\" \/>\n<meta property=\"article:modified_time\" content=\"2026-05-04T11:08:31+00:00\" \/>\n<meta property=\"og:image\" content=\"https:\/\/www.heddata.se\/webbutik\/wp-content\/uploads\/webbutik\/kategorier\/skarmar\/aoc24.jpg\" \/>\n\t<meta property=\"og:image:width\" content=\"1200\" \/>\n\t<meta property=\"og:image:height\" content=\"1200\" \/>\n\t<meta property=\"og:image:type\" content=\"image\/jpeg\" \/>\n<meta name=\"twitter:card\" content=\"summary_large_image\" \/>\n<meta name=\"twitter:label1\" content=\"Ber\u00e4knad l\u00e4stid\" \/>\n\t<meta name=\"twitter:data1\" content=\"1 minut\" \/>\n<script type=\"application\/ld+json\" class=\"yoast-schema-graph\">{\"@context\":\"https:\/\/schema.org\",\"@graph\":[{\"@type\":\"WebPage\",\"@id\":\"https:\/\/www.heddata.se\/webbutik\/produkt\/aoc-bildskarm-24-tum-24b2xdam\/\",\"url\":\"https:\/\/www.heddata.se\/webbutik\/produkt\/aoc-bildskarm-24-tum-24b2xdam\/\",\"name\":\"AOC bildsk\u00e4rm 24 tum - 24B2XDAM Full HD VA-panel\",\"isPartOf\":{\"@id\":\"https:\/\/www.heddata.se\/webbutik\/#website\"},\"primaryImageOfPage\":{\"@id\":\"https:\/\/www.heddata.se\/webbutik\/produkt\/aoc-bildskarm-24-tum-24b2xdam\/#primaryimage\"},\"image\":{\"@id\":\"https:\/\/www.heddata.se\/webbutik\/produkt\/aoc-bildskarm-24-tum-24b2xdam\/#primaryimage\"},\"thumbnailUrl\":\"https:\/\/www.heddata.se\/webbutik\/wp-content\/uploads\/webbutik\/kategorier\/skarmar\/aoc24.jpg\",\"datePublished\":\"2023-12-07T10:18:03+00:00\",\"dateModified\":\"2026-05-04T11:08:31+00:00\",\"description\":\"AOC bildsk\u00e4rm 24 tum - 24B2XDAM Full HD VA-panel som erbjuder vidvinkel, exakta och levande f\u00e4rger och flexibel anslutning\",\"breadcrumb\":{\"@id\":\"https:\/\/www.heddata.se\/webbutik\/produkt\/aoc-bildskarm-24-tum-24b2xdam\/#breadcrumb\"},\"inLanguage\":\"sv-SE\",\"potentialAction\":[{\"@type\":\"ReadAction\",\"target\":[\"https:\/\/www.heddata.se\/webbutik\/produkt\/aoc-bildskarm-24-tum-24b2xdam\/\"]}]},{\"@type\":\"ImageObject\",\"inLanguage\":\"sv-SE\",\"@id\":\"https:\/\/www.heddata.se\/webbutik\/produkt\/aoc-bildskarm-24-tum-24b2xdam\/#primaryimage\",\"url\":\"https:\/\/www.heddata.se\/webbutik\/wp-content\/uploads\/webbutik\/kategorier\/skarmar\/aoc24.jpg\",\"contentUrl\":\"https:\/\/www.heddata.se\/webbutik\/wp-content\/uploads\/webbutik\/kategorier\/skarmar\/aoc24.jpg\",\"width\":1200,\"height\":1200,\"caption\":\"AOC bildsk\u00e4rm 24 tum - 24B2XDAM\"},{\"@type\":\"BreadcrumbList\",\"@id\":\"https:\/\/www.heddata.se\/webbutik\/produkt\/aoc-bildskarm-24-tum-24b2xdam\/#breadcrumb\",\"itemListElement\":[{\"@type\":\"ListItem\",\"position\":1,\"name\":\"Hem\",\"item\":\"https:\/\/www.heddata.se\/webbutik\/\"},{\"@type\":\"ListItem\",\"position\":2,\"name\":\"Produkter\",\"item\":\"https:\/\/www.heddata.se\/webbutik\/shop\/\"},{\"@type\":\"ListItem\",\"position\":3,\"name\":\"AOC bildsk\u00e4rm 24 tum &#8211; 24B2XDAM\"}]},{\"@type\":\"WebSite\",\"@id\":\"https:\/\/www.heddata.se\/webbutik\/#website\",\"url\":\"https:\/\/www.heddata.se\/webbutik\/\",\"name\":\"Datorer, Skrivare, F\u00e4rgpatroner, Mobiltelefoner\",\"description\":\"Kablar\",\"publisher\":{\"@id\":\"https:\/\/www.heddata.se\/webbutik\/#organization\"},\"potentialAction\":[{\"@type\":\"SearchAction\",\"target\":{\"@type\":\"EntryPoint\",\"urlTemplate\":\"https:\/\/www.heddata.se\/webbutik\/?s={search_term_string}\"},\"query-input\":{\"@type\":\"PropertyValueSpecification\",\"valueRequired\":true,\"valueName\":\"search_term_string\"}}],\"inLanguage\":\"sv-SE\"},{\"@type\":\"Organization\",\"@id\":\"https:\/\/www.heddata.se\/webbutik\/#organization\",\"name\":\"Heddata AB\",\"url\":\"https:\/\/www.heddata.se\/webbutik\/\",\"logo\":{\"@type\":\"ImageObject\",\"inLanguage\":\"sv-SE\",\"@id\":\"https:\/\/www.heddata.se\/webbutik\/#\/schema\/logo\/image\/\",\"url\":\"https:\/\/www.heddata.se\/webbutik\/wp-content\/uploads\/logga\/heddata-ab-logga.png\",\"contentUrl\":\"https:\/\/www.heddata.se\/webbutik\/wp-content\/uploads\/logga\/heddata-ab-logga.png\",\"width\":200,\"height\":64,\"caption\":\"Heddata AB\"},\"image\":{\"@id\":\"https:\/\/www.heddata.se\/webbutik\/#\/schema\/logo\/image\/\"}}]}<\/script>\n<!-- \/ Yoast SEO Premium plugin. -->","yoast_head_json":{"title":"AOC bildsk\u00e4rm 24 tum - 24B2XDAM Full HD VA-panel","description":"AOC bildsk\u00e4rm 24 tum - 24B2XDAM Full HD VA-panel som erbjuder vidvinkel, exakta och levande f\u00e4rger och flexibel anslutning","robots":{"index":"index","follow":"follow","max-snippet":"max-snippet:-1","max-image-preview":"max-image-preview:large","max-video-preview":"max-video-preview:-1"},"canonical":"https:\/\/www.heddata.se\/webbutik\/produkt\/aoc-bildskarm-24-tum-24b2xdam\/","og_locale":"sv_SE","og_type":"article","og_title":"AOC bildsk\u00e4rm 24 tum - 24B2XDAM","og_description":"AOC bildsk\u00e4rm 24 tum - 24B2XDAM Full HD VA-panel som erbjuder vidvinkel, exakta och levande f\u00e4rger och flexibel anslutning","og_url":"https:\/\/www.heddata.se\/webbutik\/produkt\/aoc-bildskarm-24-tum-24b2xdam\/","og_site_name":"Datorer, Skrivare, F\u00e4rgpatroner, Mobiltelefoner","article_modified_time":"2026-05-04T11:08:31+00:00","og_image":[{"width":1200,"height":1200,"url":"https:\/\/www.heddata.se\/webbutik\/wp-content\/uploads\/webbutik\/kategorier\/skarmar\/aoc24.jpg","type":"image\/jpeg"}],"twitter_card":"summary_large_image","twitter_misc":{"Ber\u00e4knad l\u00e4stid":"1 minut"},"schema":{"@context":"https:\/\/schema.org","@graph":[{"@type":"WebPage","@id":"https:\/\/www.heddata.se\/webbutik\/produkt\/aoc-bildskarm-24-tum-24b2xdam\/","url":"https:\/\/www.heddata.se\/webbutik\/produkt\/aoc-bildskarm-24-tum-24b2xdam\/","name":"AOC bildsk\u00e4rm 24 tum - 24B2XDAM Full HD VA-panel","isPartOf":{"@id":"https:\/\/www.heddata.se\/webbutik\/#website"},"primaryImageOfPage":{"@id":"https:\/\/www.heddata.se\/webbutik\/produkt\/aoc-bildskarm-24-tum-24b2xdam\/#primaryimage"},"image":{"@id":"https:\/\/www.heddata.se\/webbutik\/produkt\/aoc-bildskarm-24-tum-24b2xdam\/#primaryimage"},"thumbnailUrl":"https:\/\/www.heddata.se\/webbutik\/wp-content\/uploads\/webbutik\/kategorier\/skarmar\/aoc24.jpg","datePublished":"2023-12-07T10:18:03+00:00","dateModified":"2026-05-04T11:08:31+00:00","description":"AOC bildsk\u00e4rm 24 tum - 24B2XDAM Full HD VA-panel som erbjuder vidvinkel, exakta och levande f\u00e4rger och flexibel anslutning","breadcrumb":{"@id":"https:\/\/www.heddata.se\/webbutik\/produkt\/aoc-bildskarm-24-tum-24b2xdam\/#breadcrumb"},"inLanguage":"sv-SE","potentialAction":[{"@type":"ReadAction","target":["https:\/\/www.heddata.se\/webbutik\/produkt\/aoc-bildskarm-24-tum-24b2xdam\/"]}]},{"@type":"ImageObject","inLanguage":"sv-SE","@id":"https:\/\/www.heddata.se\/webbutik\/produkt\/aoc-bildskarm-24-tum-24b2xdam\/#primaryimage","url":"https:\/\/www.heddata.se\/webbutik\/wp-content\/uploads\/webbutik\/kategorier\/skarmar\/aoc24.jpg","contentUrl":"https:\/\/www.heddata.se\/webbutik\/wp-content\/uploads\/webbutik\/kategorier\/skarmar\/aoc24.jpg","width":1200,"height":1200,"caption":"AOC bildsk\u00e4rm 24 tum - 24B2XDAM"},{"@type":"BreadcrumbList","@id":"https:\/\/www.heddata.se\/webbutik\/produkt\/aoc-bildskarm-24-tum-24b2xdam\/#breadcrumb","itemListElement":[{"@type":"ListItem","position":1,"name":"Hem","item":"https:\/\/www.heddata.se\/webbutik\/"},{"@type":"ListItem","position":2,"name":"Produkter","item":"https:\/\/www.heddata.se\/webbutik\/shop\/"},{"@type":"ListItem","position":3,"name":"AOC bildsk\u00e4rm 24 tum &#8211; 24B2XDAM"}]},{"@type":"WebSite","@id":"https:\/\/www.heddata.se\/webbutik\/#website","url":"https:\/\/www.heddata.se\/webbutik\/","name":"Datorer, Skrivare, F\u00e4rgpatroner, Mobiltelefoner","description":"Kablar","publisher":{"@id":"https:\/\/www.heddata.se\/webbutik\/#organization"},"potentialAction":[{"@type":"SearchAction","target":{"@type":"EntryPoint","urlTemplate":"https:\/\/www.heddata.se\/webbutik\/?s={search_term_string}"},"query-input":{"@type":"PropertyValueSpecification","valueRequired":true,"valueName":"search_term_string"}}],"inLanguage":"sv-SE"},{"@type":"Organization","@id":"https:\/\/www.heddata.se\/webbutik\/#organization","name":"Heddata AB","url":"https:\/\/www.heddata.se\/webbutik\/","logo":{"@type":"ImageObject","inLanguage":"sv-SE","@id":"https:\/\/www.heddata.se\/webbutik\/#\/schema\/logo\/image\/","url":"https:\/\/www.heddata.se\/webbutik\/wp-content\/uploads\/logga\/heddata-ab-logga.png","contentUrl":"https:\/\/www.heddata.se\/webbutik\/wp-content\/uploads\/logga\/heddata-ab-logga.png","width":200,"height":64,"caption":"Heddata AB"},"image":{"@id":"https:\/\/www.heddata.se\/webbutik\/#\/schema\/logo\/image\/"}}]}},"_links":{"self":[{"href":"https:\/\/www.heddata.se\/webbutik\/wp-json\/wp\/v2\/product\/94530","targetHints":{"allow":["GET"]}}],"collection":[{"href":"https:\/\/www.heddata.se\/webbutik\/wp-json\/wp\/v2\/product"}],"about":[{"href":"https:\/\/www.heddata.se\/webbutik\/wp-json\/wp\/v2\/types\/product"}],"wp:featuredmedia":[{"embeddable":true,"href":"https:\/\/www.heddata.se\/webbutik\/wp-json\/wp\/v2\/media\/94735"}],"wp:attachment":[{"href":"https:\/\/www.heddata.se\/webbutik\/wp-json\/wp\/v2\/media?parent=94530"}],"wp:term":[{"taxonomy":"product_brand","embeddable":true,"href":"https:\/\/www.heddata.se\/webbutik\/wp-json\/wp\/v2\/product_brand?post=94530"},{"taxonomy":"product_cat","embeddable":true,"href":"https:\/\/www.heddata.se\/webbutik\/wp-json\/wp\/v2\/product_cat?post=94530"},{"taxonomy":"product_tag","embeddable":true,"href":"https:\/\/www.heddata.se\/webbutik\/wp-json\/wp\/v2\/product_tag?post=94530"}],"curies":[{"name":"wp","href":"https:\/\/api.w.org\/{rel}","templated":true}]}}