{"id":94513,"date":"2023-12-01T09:18:08","date_gmt":"2023-12-01T08:18:08","guid":{"rendered":"https:\/\/www.heddata.se\/webbutik\/?post_type=product&#038;p=94513"},"modified":"2026-05-04T18:08:53","modified_gmt":"2026-05-04T16:08:53","slug":"logitech-m185-tradlos-mus-swift-grey-910-002235","status":"publish","type":"product","link":"https:\/\/www.heddata.se\/webbutik\/produkt\/logitech-m185-tradlos-mus-swift-grey-910-002235\/","title":{"rendered":"Logitech M185 Tr\u00e5dl\u00f6s Mus Swift Grey &#8211; 910-002235"},"content":{"rendered":"<p>Logitech M185 Tr\u00e5dl\u00f6s Mus Swift Grey &#8211; 910-002235<\/p>\n<div class=\"col-xs-12\">\n<h4>En enkel, tillf\u00f6rlitlig <a href=\"https:\/\/www.heddata.se\/webbutik\/datorer\/moss-tangentbord\/\">mus<\/a> med snabb tr\u00e5dl\u00f6s anslutning. Inga f\u00f6rdr\u00f6jningar eller avbrott. Den lilla tr\u00e5dl\u00f6sa <a href=\"https:\/\/www.logitechg.com\/sv-se\" target=\"_blank\" rel=\"noopener\">mottagaren<\/a> ger dig en anslutning du kan lita p\u00e5. Batteriet r\u00e4cker i tolv m\u00e5nader s\u00e5 du kan i princip gl\u00f6mma bekymret med att byta batteri stup i kvarten.<\/h4>\n<\/div>\n","protected":false},"excerpt":{"rendered":"<p>Logitech M185 Tr\u00e5dl\u00f6s Mus Swift Grey &#8211; 910-002235<\/p>\n","protected":false},"featured_media":94796,"template":"","meta":[],"product_brand":[],"product_cat":[113],"product_tag":[],"class_list":{"0":"post-94513","1":"product","2":"type-product","3":"status-publish","4":"has-post-thumbnail","6":"product_cat-tangentbord","8":"first","9":"instock","10":"taxable","11":"shipping-taxable","12":"purchasable","13":"product-type-simple"},"yoast_head":"<!-- This site is optimized with the Yoast SEO Premium plugin v26.7 (Yoast SEO v26.7) - https:\/\/yoast.com\/wordpress\/plugins\/seo\/ -->\n<title>Logitech M185 Tr\u00e5dl\u00f6s Mus Swift Grey - 910-002235<\/title>\n<meta name=\"description\" content=\"Logitech M185 Tr\u00e5dl\u00f6s Mus Swift Grey - 910-002235 En enkel, tillf\u00f6rlitlig mus med snabb tr\u00e5dl\u00f6s anslutning. Inga f\u00f6rdr\u00f6jningar eller avbrott.\" \/>\n<meta name=\"robots\" content=\"index, follow, max-snippet:-1, max-image-preview:large, max-video-preview:-1\" \/>\n<link rel=\"canonical\" href=\"https:\/\/www.heddata.se\/webbutik\/produkt\/logitech-m185-tradlos-mus-swift-grey-910-002235\/\" \/>\n<meta property=\"og:locale\" content=\"sv_SE\" \/>\n<meta property=\"og:type\" content=\"article\" \/>\n<meta property=\"og:title\" content=\"Logitech M185 Tr\u00e5dl\u00f6s Mus Swift Grey - 910-002235\" \/>\n<meta property=\"og:description\" content=\"Logitech M185 Tr\u00e5dl\u00f6s Mus Swift Grey - 910-002235 En enkel, tillf\u00f6rlitlig mus med snabb tr\u00e5dl\u00f6s anslutning. Inga f\u00f6rdr\u00f6jningar eller avbrott.\" \/>\n<meta property=\"og:url\" content=\"https:\/\/www.heddata.se\/webbutik\/produkt\/logitech-m185-tradlos-mus-swift-grey-910-002235\/\" \/>\n<meta property=\"og:site_name\" content=\"Datorer, Skrivare, F\u00e4rgpatroner, Mobiltelefoner\" \/>\n<meta property=\"article:modified_time\" content=\"2026-05-04T16:08:53+00:00\" \/>\n<meta property=\"og:image\" content=\"https:\/\/www.heddata.se\/webbutik\/wp-content\/uploads\/webbutik\/kategorier\/tangentbord-moss\/19460_0.jpeg\" \/>\n\t<meta property=\"og:image:width\" content=\"1200\" \/>\n\t<meta property=\"og:image:height\" content=\"1200\" \/>\n\t<meta property=\"og:image:type\" content=\"image\/jpeg\" \/>\n<meta name=\"twitter:card\" content=\"summary_large_image\" \/>\n<script type=\"application\/ld+json\" class=\"yoast-schema-graph\">{\"@context\":\"https:\/\/schema.org\",\"@graph\":[{\"@type\":\"WebPage\",\"@id\":\"https:\/\/www.heddata.se\/webbutik\/produkt\/logitech-m185-tradlos-mus-swift-grey-910-002235\/\",\"url\":\"https:\/\/www.heddata.se\/webbutik\/produkt\/logitech-m185-tradlos-mus-swift-grey-910-002235\/\",\"name\":\"Logitech M185 Tr\u00e5dl\u00f6s Mus Swift Grey - 910-002235\",\"isPartOf\":{\"@id\":\"https:\/\/www.heddata.se\/webbutik\/#website\"},\"primaryImageOfPage\":{\"@id\":\"https:\/\/www.heddata.se\/webbutik\/produkt\/logitech-m185-tradlos-mus-swift-grey-910-002235\/#primaryimage\"},\"image\":{\"@id\":\"https:\/\/www.heddata.se\/webbutik\/produkt\/logitech-m185-tradlos-mus-swift-grey-910-002235\/#primaryimage\"},\"thumbnailUrl\":\"https:\/\/www.heddata.se\/webbutik\/wp-content\/uploads\/webbutik\/kategorier\/tangentbord-moss\/19460_0.jpeg\",\"datePublished\":\"2023-12-01T08:18:08+00:00\",\"dateModified\":\"2026-05-04T16:08:53+00:00\",\"description\":\"Logitech M185 Tr\u00e5dl\u00f6s Mus Swift Grey - 910-002235 En enkel, tillf\u00f6rlitlig mus med snabb tr\u00e5dl\u00f6s anslutning. Inga f\u00f6rdr\u00f6jningar eller avbrott.\",\"breadcrumb\":{\"@id\":\"https:\/\/www.heddata.se\/webbutik\/produkt\/logitech-m185-tradlos-mus-swift-grey-910-002235\/#breadcrumb\"},\"inLanguage\":\"sv-SE\",\"potentialAction\":[{\"@type\":\"ReadAction\",\"target\":[\"https:\/\/www.heddata.se\/webbutik\/produkt\/logitech-m185-tradlos-mus-swift-grey-910-002235\/\"]}]},{\"@type\":\"ImageObject\",\"inLanguage\":\"sv-SE\",\"@id\":\"https:\/\/www.heddata.se\/webbutik\/produkt\/logitech-m185-tradlos-mus-swift-grey-910-002235\/#primaryimage\",\"url\":\"https:\/\/www.heddata.se\/webbutik\/wp-content\/uploads\/webbutik\/kategorier\/tangentbord-moss\/19460_0.jpeg\",\"contentUrl\":\"https:\/\/www.heddata.se\/webbutik\/wp-content\/uploads\/webbutik\/kategorier\/tangentbord-moss\/19460_0.jpeg\",\"width\":1200,\"height\":1200,\"caption\":\"Logitech M185 Tr\u00e5dl\u00f6s Mus\"},{\"@type\":\"BreadcrumbList\",\"@id\":\"https:\/\/www.heddata.se\/webbutik\/produkt\/logitech-m185-tradlos-mus-swift-grey-910-002235\/#breadcrumb\",\"itemListElement\":[{\"@type\":\"ListItem\",\"position\":1,\"name\":\"Hem\",\"item\":\"https:\/\/www.heddata.se\/webbutik\/\"},{\"@type\":\"ListItem\",\"position\":2,\"name\":\"Produkter\",\"item\":\"https:\/\/www.heddata.se\/webbutik\/shop\/\"},{\"@type\":\"ListItem\",\"position\":3,\"name\":\"Logitech M185 Tr\u00e5dl\u00f6s Mus Swift Grey &#8211; 910-002235\"}]},{\"@type\":\"WebSite\",\"@id\":\"https:\/\/www.heddata.se\/webbutik\/#website\",\"url\":\"https:\/\/www.heddata.se\/webbutik\/\",\"name\":\"Datorer, Skrivare, F\u00e4rgpatroner, Mobiltelefoner\",\"description\":\"Kablar\",\"publisher\":{\"@id\":\"https:\/\/www.heddata.se\/webbutik\/#organization\"},\"potentialAction\":[{\"@type\":\"SearchAction\",\"target\":{\"@type\":\"EntryPoint\",\"urlTemplate\":\"https:\/\/www.heddata.se\/webbutik\/?s={search_term_string}\"},\"query-input\":{\"@type\":\"PropertyValueSpecification\",\"valueRequired\":true,\"valueName\":\"search_term_string\"}}],\"inLanguage\":\"sv-SE\"},{\"@type\":\"Organization\",\"@id\":\"https:\/\/www.heddata.se\/webbutik\/#organization\",\"name\":\"Heddata AB\",\"url\":\"https:\/\/www.heddata.se\/webbutik\/\",\"logo\":{\"@type\":\"ImageObject\",\"inLanguage\":\"sv-SE\",\"@id\":\"https:\/\/www.heddata.se\/webbutik\/#\/schema\/logo\/image\/\",\"url\":\"https:\/\/www.heddata.se\/webbutik\/wp-content\/uploads\/logga\/heddata-ab-logga.png\",\"contentUrl\":\"https:\/\/www.heddata.se\/webbutik\/wp-content\/uploads\/logga\/heddata-ab-logga.png\",\"width\":200,\"height\":64,\"caption\":\"Heddata AB\"},\"image\":{\"@id\":\"https:\/\/www.heddata.se\/webbutik\/#\/schema\/logo\/image\/\"}}]}<\/script>\n<!-- \/ Yoast SEO Premium plugin. -->","yoast_head_json":{"title":"Logitech M185 Tr\u00e5dl\u00f6s Mus Swift Grey - 910-002235","description":"Logitech M185 Tr\u00e5dl\u00f6s Mus Swift Grey - 910-002235 En enkel, tillf\u00f6rlitlig mus med snabb tr\u00e5dl\u00f6s anslutning. Inga f\u00f6rdr\u00f6jningar eller avbrott.","robots":{"index":"index","follow":"follow","max-snippet":"max-snippet:-1","max-image-preview":"max-image-preview:large","max-video-preview":"max-video-preview:-1"},"canonical":"https:\/\/www.heddata.se\/webbutik\/produkt\/logitech-m185-tradlos-mus-swift-grey-910-002235\/","og_locale":"sv_SE","og_type":"article","og_title":"Logitech M185 Tr\u00e5dl\u00f6s Mus Swift Grey - 910-002235","og_description":"Logitech M185 Tr\u00e5dl\u00f6s Mus Swift Grey - 910-002235 En enkel, tillf\u00f6rlitlig mus med snabb tr\u00e5dl\u00f6s anslutning. Inga f\u00f6rdr\u00f6jningar eller avbrott.","og_url":"https:\/\/www.heddata.se\/webbutik\/produkt\/logitech-m185-tradlos-mus-swift-grey-910-002235\/","og_site_name":"Datorer, Skrivare, F\u00e4rgpatroner, Mobiltelefoner","article_modified_time":"2026-05-04T16:08:53+00:00","og_image":[{"width":1200,"height":1200,"url":"https:\/\/www.heddata.se\/webbutik\/wp-content\/uploads\/webbutik\/kategorier\/tangentbord-moss\/19460_0.jpeg","type":"image\/jpeg"}],"twitter_card":"summary_large_image","schema":{"@context":"https:\/\/schema.org","@graph":[{"@type":"WebPage","@id":"https:\/\/www.heddata.se\/webbutik\/produkt\/logitech-m185-tradlos-mus-swift-grey-910-002235\/","url":"https:\/\/www.heddata.se\/webbutik\/produkt\/logitech-m185-tradlos-mus-swift-grey-910-002235\/","name":"Logitech M185 Tr\u00e5dl\u00f6s Mus Swift Grey - 910-002235","isPartOf":{"@id":"https:\/\/www.heddata.se\/webbutik\/#website"},"primaryImageOfPage":{"@id":"https:\/\/www.heddata.se\/webbutik\/produkt\/logitech-m185-tradlos-mus-swift-grey-910-002235\/#primaryimage"},"image":{"@id":"https:\/\/www.heddata.se\/webbutik\/produkt\/logitech-m185-tradlos-mus-swift-grey-910-002235\/#primaryimage"},"thumbnailUrl":"https:\/\/www.heddata.se\/webbutik\/wp-content\/uploads\/webbutik\/kategorier\/tangentbord-moss\/19460_0.jpeg","datePublished":"2023-12-01T08:18:08+00:00","dateModified":"2026-05-04T16:08:53+00:00","description":"Logitech M185 Tr\u00e5dl\u00f6s Mus Swift Grey - 910-002235 En enkel, tillf\u00f6rlitlig mus med snabb tr\u00e5dl\u00f6s anslutning. Inga f\u00f6rdr\u00f6jningar eller avbrott.","breadcrumb":{"@id":"https:\/\/www.heddata.se\/webbutik\/produkt\/logitech-m185-tradlos-mus-swift-grey-910-002235\/#breadcrumb"},"inLanguage":"sv-SE","potentialAction":[{"@type":"ReadAction","target":["https:\/\/www.heddata.se\/webbutik\/produkt\/logitech-m185-tradlos-mus-swift-grey-910-002235\/"]}]},{"@type":"ImageObject","inLanguage":"sv-SE","@id":"https:\/\/www.heddata.se\/webbutik\/produkt\/logitech-m185-tradlos-mus-swift-grey-910-002235\/#primaryimage","url":"https:\/\/www.heddata.se\/webbutik\/wp-content\/uploads\/webbutik\/kategorier\/tangentbord-moss\/19460_0.jpeg","contentUrl":"https:\/\/www.heddata.se\/webbutik\/wp-content\/uploads\/webbutik\/kategorier\/tangentbord-moss\/19460_0.jpeg","width":1200,"height":1200,"caption":"Logitech M185 Tr\u00e5dl\u00f6s Mus"},{"@type":"BreadcrumbList","@id":"https:\/\/www.heddata.se\/webbutik\/produkt\/logitech-m185-tradlos-mus-swift-grey-910-002235\/#breadcrumb","itemListElement":[{"@type":"ListItem","position":1,"name":"Hem","item":"https:\/\/www.heddata.se\/webbutik\/"},{"@type":"ListItem","position":2,"name":"Produkter","item":"https:\/\/www.heddata.se\/webbutik\/shop\/"},{"@type":"ListItem","position":3,"name":"Logitech M185 Tr\u00e5dl\u00f6s Mus Swift Grey &#8211; 910-002235"}]},{"@type":"WebSite","@id":"https:\/\/www.heddata.se\/webbutik\/#website","url":"https:\/\/www.heddata.se\/webbutik\/","name":"Datorer, Skrivare, F\u00e4rgpatroner, Mobiltelefoner","description":"Kablar","publisher":{"@id":"https:\/\/www.heddata.se\/webbutik\/#organization"},"potentialAction":[{"@type":"SearchAction","target":{"@type":"EntryPoint","urlTemplate":"https:\/\/www.heddata.se\/webbutik\/?s={search_term_string}"},"query-input":{"@type":"PropertyValueSpecification","valueRequired":true,"valueName":"search_term_string"}}],"inLanguage":"sv-SE"},{"@type":"Organization","@id":"https:\/\/www.heddata.se\/webbutik\/#organization","name":"Heddata AB","url":"https:\/\/www.heddata.se\/webbutik\/","logo":{"@type":"ImageObject","inLanguage":"sv-SE","@id":"https:\/\/www.heddata.se\/webbutik\/#\/schema\/logo\/image\/","url":"https:\/\/www.heddata.se\/webbutik\/wp-content\/uploads\/logga\/heddata-ab-logga.png","contentUrl":"https:\/\/www.heddata.se\/webbutik\/wp-content\/uploads\/logga\/heddata-ab-logga.png","width":200,"height":64,"caption":"Heddata AB"},"image":{"@id":"https:\/\/www.heddata.se\/webbutik\/#\/schema\/logo\/image\/"}}]}},"_links":{"self":[{"href":"https:\/\/www.heddata.se\/webbutik\/wp-json\/wp\/v2\/product\/94513","targetHints":{"allow":["GET"]}}],"collection":[{"href":"https:\/\/www.heddata.se\/webbutik\/wp-json\/wp\/v2\/product"}],"about":[{"href":"https:\/\/www.heddata.se\/webbutik\/wp-json\/wp\/v2\/types\/product"}],"wp:featuredmedia":[{"embeddable":true,"href":"https:\/\/www.heddata.se\/webbutik\/wp-json\/wp\/v2\/media\/94796"}],"wp:attachment":[{"href":"https:\/\/www.heddata.se\/webbutik\/wp-json\/wp\/v2\/media?parent=94513"}],"wp:term":[{"taxonomy":"product_brand","embeddable":true,"href":"https:\/\/www.heddata.se\/webbutik\/wp-json\/wp\/v2\/product_brand?post=94513"},{"taxonomy":"product_cat","embeddable":true,"href":"https:\/\/www.heddata.se\/webbutik\/wp-json\/wp\/v2\/product_cat?post=94513"},{"taxonomy":"product_tag","embeddable":true,"href":"https:\/\/www.heddata.se\/webbutik\/wp-json\/wp\/v2\/product_tag?post=94513"}],"curies":[{"name":"wp","href":"https:\/\/api.w.org\/{rel}","templated":true}]}}