{"id":94491,"date":"2023-11-16T14:18:13","date_gmt":"2023-11-16T13:18:13","guid":{"rendered":"https:\/\/www.heddata.se\/webbutik\/?post_type=product&#038;p=94491"},"modified":"2026-05-04T14:12:12","modified_gmt":"2026-05-04T12:12:12","slug":"jbl-endurance-runbt-tradlost-headset-svart-jblendurrunbtblk","status":"publish","type":"product","link":"https:\/\/www.heddata.se\/webbutik\/produkt\/jbl-endurance-runbt-tradlost-headset-svart-jblendurrunbtblk\/","title":{"rendered":"JBL Endurance RUNBT Tr\u00e5dl\u00f6st headset Svart &#8211; JBLENDURRUNBTBLK"},"content":{"rendered":"<p>JBL Endurance RUNBT Tr\u00e5dl\u00f6st headset Svart &#8211; JBLENDURRUNBTBLK<\/p>\n<h4 data-gtm-vis-has-fired7462654_621=\"1\" data-gtm-vis-has-fired7462654_622=\"1\"><strong>G\u00f6r aldrig ont, trillar aldrig ur<\/strong><\/h4>\n<p data-gtm-vis-has-fired7462654_621=\"1\" data-gtm-vis-has-fired7462654_622=\"1\">Det \u00e4r resultatet som r\u00e4knas och n\u00e4r du har perfekta h\u00f6rlurar finns det inget som hindrar din tr\u00e4ning. JBL Endurance RUNBT str\u00f6mmar musik tr\u00e5dl\u00f6st och ger dig motivationen du beh\u00f6ver f\u00f6r att ta i lite extra med kraftfullt JBL-ljud. Genom sin FlipHook\u2122-konstruktion kan h\u00f6rlurarnas passform anpassas i eller bakom \u00f6rat s\u00e5 att de sitter sk\u00f6nare. En smart kombination av FlexSoft\u2122-\u00f6ronmusslor och TwistLock\u2122-teknik betyder att dessa lurar garanterat \u00e4r bekv\u00e4ma och aldrig trillar ut. Tack vare IPX5-svettskydd h\u00e4nger JBL Endurance RUNBT med i varje steg s\u00e5 att svett och regn aldrig hindrar din tr\u00e4ning. JBL Endurance RUNBT har sex timmars speltid och inbyggd mikrofon och fj\u00e4rrkontroll (hands-free) f\u00f6r styrning av volym och samtal. De magnetiska \u00f6ronsn\u00e4ckorna h\u00e5ller Endurance RUNBT bekv\u00e4mt runt halsen n\u00e4r de inte anv\u00e4nds. Njut av tr\u00e4ningen!<\/p>\n<table class=\"table table-specs table-striped\">\n<tbody>\n<tr>\n<th colspan=\"2\"><span class=\"text-primary\">Allm\u00e4nt<\/span><\/th>\n<\/tr>\n<tr>\n<td class=\"header\">F\u00e4rg<\/td>\n<td class=\"value\">Svart<\/td>\n<\/tr>\n<tr>\n<td class=\"header\">Rekommenderad anv\u00e4ndning<\/td>\n<td class=\"value\">B\u00e4rbar elektronik<\/td>\n<\/tr>\n<tr>\n<td class=\"header\">Skydd<\/td>\n<td class=\"value\">Svett\u00e5lig, IPX5<\/td>\n<\/tr>\n<tr>\n<td class=\"header\">Stil<\/td>\n<td class=\"value\">Idrotts<\/td>\n<\/tr>\n<tr>\n<td class=\"header\">Typ av produkt<\/td>\n<td class=\"value\">H\u00f6rlurar &#8211; Bluetooth &#8211; tr\u00e5dl\u00f6s<\/td>\n<\/tr>\n<tr>\n<td class=\"header\">Vikt<\/td>\n<td class=\"value\">19.7 g<\/td>\n<\/tr>\n<tr>\n<th colspan=\"2\"><a href=\"https:\/\/www.heddata.se\/webbutik\/telefon-surfplattor\/mobiltelefoner\/\"><span class=\"text-primary\">Ljudutg\u00e5ng<\/span><\/a><\/th>\n<\/tr>\n<tr>\n<td class=\"header\"><a href=\"https:\/\/www.jbl.se\/\" target=\"_blank\" rel=\"noopener\">Anslutningsteknik<\/a><\/td>\n<td class=\"value\">Tr\u00e5dl\u00f6s<\/td>\n<\/tr>\n<tr>\n<td class=\"header\">Bluetooth-profiler<\/td>\n<td class=\"value\">Handsfree-profil (HFP), Headset Profile (HSP), Advanced Audio Distribution Profile (A2DP), Audio\/Video Remote Control Profile (AVRCP)<\/td>\n<\/tr>\n<tr>\n<td class=\"header\">Bluetoothversion<\/td>\n<td class=\"value\">Bluetooth 4.1<\/td>\n<\/tr>\n<tr>\n<td class=\"header\">Egenskaper<\/td>\n<td class=\"value\">Magnetiska \u00f6ronsn\u00e4ckor<\/td>\n<\/tr>\n<tr>\n<td class=\"header\">Frekvensrespons<\/td>\n<td class=\"value\">20 &#8211; 20000 Hz<\/td>\n<\/tr>\n<tr>\n<td class=\"header\">H\u00f6rlursmodell<\/td>\n<td class=\"value\">Inuti \u00f6rat<\/td>\n<\/tr>\n<tr>\n<td class=\"header\">Impedans<\/td>\n<td class=\"value\">16 ohm<\/td>\n<\/tr>\n<tr>\n<td class=\"header\">K\u00e4nslighet<\/td>\n<td class=\"value\">102 dB<\/td>\n<\/tr>\n<tr>\n<td class=\"header\">Ljudutg\u00e5ngsl\u00e4ge<\/td>\n<td class=\"value\">Stereo<\/td>\n<\/tr>\n<tr>\n<td class=\"header\">Max. inmatningsstr\u00f6m<\/td>\n<td class=\"value\">15 mW<\/td>\n<\/tr>\n<tr>\n<td class=\"header\">Membran<\/td>\n<td class=\"value\">8 mm<\/td>\n<\/tr>\n<tr>\n<td class=\"header\">Tr\u00e5dl\u00f6s teknik<\/td>\n<td class=\"value\">Bluetooth<\/td>\n<\/tr>\n<tr>\n<th colspan=\"2\"><span class=\"text-primary\">Fj\u00e4rrkontroll<\/span><\/th>\n<\/tr>\n<tr>\n<td class=\"header\">Reglage<\/td>\n<td class=\"value\">Volymkontroll, p\u00e5\/av, svara\/avsluta, spela\/pausa, n\u00e4sta\/f\u00f6reg\u00e5ende l\u00e5t, r\u00f6stassistent<\/td>\n<\/tr>\n<tr>\n<th colspan=\"2\"><span class=\"text-primary\">Diverse<\/span><\/th>\n<\/tr>\n<tr>\n<td class=\"header\">Inkluderade tillbeh\u00f6r<\/td>\n<td class=\"value\">USB-laddningskabel, 3 par silikon\u00f6verdrag f\u00f6r \u00f6ronsn\u00e4ckorna (small, medium, large), 1 par f\u00f6rst\u00e4rkare<\/td>\n<\/tr>\n<tr>\n<td class=\"header\">Standarder som f\u00f6ljs<\/td>\n<td class=\"value\">IPX5<\/td>\n<\/tr>\n<tr>\n<th colspan=\"2\"><span class=\"text-primary\">Str\u00f6mtillf\u00f6rsel<\/span><\/th>\n<\/tr>\n<tr>\n<td class=\"header\">Batteri<\/td>\n<td class=\"value\">H\u00f6rlursbatteri laddningsbart &#8211; litiumpolymer<\/td>\n<\/tr>\n<tr>\n<td class=\"header\">Driftstid (upp till)<\/td>\n<td class=\"value\">6 timme\/timmar<\/td>\n<\/tr>\n<tr>\n<td class=\"header\">Kapacitet<\/td>\n<td class=\"value\">120 mAh<\/td>\n<\/tr>\n<tr>\n<td class=\"header\">Laddningstid<\/td>\n<td class=\"value\">2 timme\/timmar<\/td>\n<\/tr>\n<tr>\n<td class=\"header\">Runtime-detaljer<\/td>\n<td class=\"value\">Kontinuerlig uppspelning: upp till 6 timmar | Kontinuerligt prat: upp till 6 timmar<\/td>\n<\/tr>\n<\/tbody>\n<\/table>\n","protected":false},"excerpt":{"rendered":"<p>JBL Endurance RUNBT Tr\u00e5dl\u00f6st headset Svart &#8211; JBLENDURRUNBTBLK<\/p>\n","protected":false},"featured_media":94767,"template":"","meta":[],"product_brand":[],"product_cat":[128,126,119],"product_tag":[],"class_list":{"0":"post-94491","1":"product","2":"type-product","3":"status-publish","4":"has-post-thumbnail","6":"product_cat-headset-horlurar-med-bluetooth","7":"product_cat-headset-horlurar-med-mikrofon","8":"product_cat-horlurar-headset","10":"first","11":"instock","12":"taxable","13":"shipping-taxable","14":"purchasable","15":"product-type-simple"},"yoast_head":"<!-- This site is optimized with the Yoast SEO Premium plugin v26.7 (Yoast SEO v26.7) - https:\/\/yoast.com\/wordpress\/plugins\/seo\/ -->\n<title>JBL Endurance RUNBT Tr\u00e5dl\u00f6st headset Svart - JBLENDURRUNBTBLK<\/title>\n<meta name=\"description\" content=\"JBL Endurance RUNBT Tr\u00e5dl\u00f6st headset str\u00f6mmar musik tr\u00e5dl\u00f6st och ger dig motivationen du beh\u00f6ver och med med kraftfullt JBL-ljud\" \/>\n<meta name=\"robots\" content=\"index, follow, max-snippet:-1, max-image-preview:large, max-video-preview:-1\" \/>\n<link rel=\"canonical\" href=\"https:\/\/www.heddata.se\/webbutik\/produkt\/jbl-endurance-runbt-tradlost-headset-svart-jblendurrunbtblk\/\" \/>\n<meta property=\"og:locale\" content=\"sv_SE\" \/>\n<meta property=\"og:type\" content=\"article\" \/>\n<meta property=\"og:title\" content=\"JBL Endurance RUNBT Tr\u00e5dl\u00f6st headset Svart - JBLENDURRUNBTBLK\" \/>\n<meta property=\"og:description\" content=\"JBL Endurance RUNBT Tr\u00e5dl\u00f6st headset str\u00f6mmar musik tr\u00e5dl\u00f6st och ger dig motivationen du beh\u00f6ver och med med kraftfullt JBL-ljud\" \/>\n<meta property=\"og:url\" content=\"https:\/\/www.heddata.se\/webbutik\/produkt\/jbl-endurance-runbt-tradlost-headset-svart-jblendurrunbtblk\/\" \/>\n<meta property=\"og:site_name\" content=\"Datorer, Skrivare, F\u00e4rgpatroner, Mobiltelefoner\" \/>\n<meta property=\"article:modified_time\" content=\"2026-05-04T12:12:12+00:00\" \/>\n<meta property=\"og:image\" content=\"https:\/\/www.heddata.se\/webbutik\/wp-content\/uploads\/webbutik\/kategorier\/horlurar\/jblendurrunbtblk.jpg\" \/>\n\t<meta property=\"og:image:width\" content=\"1200\" \/>\n\t<meta property=\"og:image:height\" content=\"1200\" \/>\n\t<meta property=\"og:image:type\" content=\"image\/jpeg\" \/>\n<meta name=\"twitter:card\" content=\"summary_large_image\" \/>\n<meta name=\"twitter:label1\" content=\"Ber\u00e4knad l\u00e4stid\" \/>\n\t<meta name=\"twitter:data1\" content=\"2 minuter\" \/>\n<script type=\"application\/ld+json\" class=\"yoast-schema-graph\">{\"@context\":\"https:\/\/schema.org\",\"@graph\":[{\"@type\":\"WebPage\",\"@id\":\"https:\/\/www.heddata.se\/webbutik\/produkt\/jbl-endurance-runbt-tradlost-headset-svart-jblendurrunbtblk\/\",\"url\":\"https:\/\/www.heddata.se\/webbutik\/produkt\/jbl-endurance-runbt-tradlost-headset-svart-jblendurrunbtblk\/\",\"name\":\"JBL Endurance RUNBT Tr\u00e5dl\u00f6st headset Svart - JBLENDURRUNBTBLK\",\"isPartOf\":{\"@id\":\"https:\/\/www.heddata.se\/webbutik\/#website\"},\"primaryImageOfPage\":{\"@id\":\"https:\/\/www.heddata.se\/webbutik\/produkt\/jbl-endurance-runbt-tradlost-headset-svart-jblendurrunbtblk\/#primaryimage\"},\"image\":{\"@id\":\"https:\/\/www.heddata.se\/webbutik\/produkt\/jbl-endurance-runbt-tradlost-headset-svart-jblendurrunbtblk\/#primaryimage\"},\"thumbnailUrl\":\"https:\/\/www.heddata.se\/webbutik\/wp-content\/uploads\/webbutik\/kategorier\/horlurar\/jblendurrunbtblk.jpg\",\"datePublished\":\"2023-11-16T13:18:13+00:00\",\"dateModified\":\"2026-05-04T12:12:12+00:00\",\"description\":\"JBL Endurance RUNBT Tr\u00e5dl\u00f6st headset str\u00f6mmar musik tr\u00e5dl\u00f6st och ger dig motivationen du beh\u00f6ver och med med kraftfullt JBL-ljud\",\"breadcrumb\":{\"@id\":\"https:\/\/www.heddata.se\/webbutik\/produkt\/jbl-endurance-runbt-tradlost-headset-svart-jblendurrunbtblk\/#breadcrumb\"},\"inLanguage\":\"sv-SE\",\"potentialAction\":[{\"@type\":\"ReadAction\",\"target\":[\"https:\/\/www.heddata.se\/webbutik\/produkt\/jbl-endurance-runbt-tradlost-headset-svart-jblendurrunbtblk\/\"]}]},{\"@type\":\"ImageObject\",\"inLanguage\":\"sv-SE\",\"@id\":\"https:\/\/www.heddata.se\/webbutik\/produkt\/jbl-endurance-runbt-tradlost-headset-svart-jblendurrunbtblk\/#primaryimage\",\"url\":\"https:\/\/www.heddata.se\/webbutik\/wp-content\/uploads\/webbutik\/kategorier\/horlurar\/jblendurrunbtblk.jpg\",\"contentUrl\":\"https:\/\/www.heddata.se\/webbutik\/wp-content\/uploads\/webbutik\/kategorier\/horlurar\/jblendurrunbtblk.jpg\",\"width\":1200,\"height\":1200,\"caption\":\"JBL Endurance RUNBT Tr\u00e5dl\u00f6st\"},{\"@type\":\"BreadcrumbList\",\"@id\":\"https:\/\/www.heddata.se\/webbutik\/produkt\/jbl-endurance-runbt-tradlost-headset-svart-jblendurrunbtblk\/#breadcrumb\",\"itemListElement\":[{\"@type\":\"ListItem\",\"position\":1,\"name\":\"Hem\",\"item\":\"https:\/\/www.heddata.se\/webbutik\/\"},{\"@type\":\"ListItem\",\"position\":2,\"name\":\"Produkter\",\"item\":\"https:\/\/www.heddata.se\/webbutik\/shop\/\"},{\"@type\":\"ListItem\",\"position\":3,\"name\":\"JBL Endurance RUNBT Tr\u00e5dl\u00f6st headset Svart &#8211; JBLENDURRUNBTBLK\"}]},{\"@type\":\"WebSite\",\"@id\":\"https:\/\/www.heddata.se\/webbutik\/#website\",\"url\":\"https:\/\/www.heddata.se\/webbutik\/\",\"name\":\"Datorer, Skrivare, F\u00e4rgpatroner, Mobiltelefoner\",\"description\":\"Kablar\",\"publisher\":{\"@id\":\"https:\/\/www.heddata.se\/webbutik\/#organization\"},\"potentialAction\":[{\"@type\":\"SearchAction\",\"target\":{\"@type\":\"EntryPoint\",\"urlTemplate\":\"https:\/\/www.heddata.se\/webbutik\/?s={search_term_string}\"},\"query-input\":{\"@type\":\"PropertyValueSpecification\",\"valueRequired\":true,\"valueName\":\"search_term_string\"}}],\"inLanguage\":\"sv-SE\"},{\"@type\":\"Organization\",\"@id\":\"https:\/\/www.heddata.se\/webbutik\/#organization\",\"name\":\"Heddata AB\",\"url\":\"https:\/\/www.heddata.se\/webbutik\/\",\"logo\":{\"@type\":\"ImageObject\",\"inLanguage\":\"sv-SE\",\"@id\":\"https:\/\/www.heddata.se\/webbutik\/#\/schema\/logo\/image\/\",\"url\":\"https:\/\/www.heddata.se\/webbutik\/wp-content\/uploads\/logga\/heddata-ab-logga.png\",\"contentUrl\":\"https:\/\/www.heddata.se\/webbutik\/wp-content\/uploads\/logga\/heddata-ab-logga.png\",\"width\":200,\"height\":64,\"caption\":\"Heddata AB\"},\"image\":{\"@id\":\"https:\/\/www.heddata.se\/webbutik\/#\/schema\/logo\/image\/\"}}]}<\/script>\n<!-- \/ Yoast SEO Premium plugin. -->","yoast_head_json":{"title":"JBL Endurance RUNBT Tr\u00e5dl\u00f6st headset Svart - JBLENDURRUNBTBLK","description":"JBL Endurance RUNBT Tr\u00e5dl\u00f6st headset str\u00f6mmar musik tr\u00e5dl\u00f6st och ger dig motivationen du beh\u00f6ver och med med kraftfullt JBL-ljud","robots":{"index":"index","follow":"follow","max-snippet":"max-snippet:-1","max-image-preview":"max-image-preview:large","max-video-preview":"max-video-preview:-1"},"canonical":"https:\/\/www.heddata.se\/webbutik\/produkt\/jbl-endurance-runbt-tradlost-headset-svart-jblendurrunbtblk\/","og_locale":"sv_SE","og_type":"article","og_title":"JBL Endurance RUNBT Tr\u00e5dl\u00f6st headset Svart - JBLENDURRUNBTBLK","og_description":"JBL Endurance RUNBT Tr\u00e5dl\u00f6st headset str\u00f6mmar musik tr\u00e5dl\u00f6st och ger dig motivationen du beh\u00f6ver och med med kraftfullt JBL-ljud","og_url":"https:\/\/www.heddata.se\/webbutik\/produkt\/jbl-endurance-runbt-tradlost-headset-svart-jblendurrunbtblk\/","og_site_name":"Datorer, Skrivare, F\u00e4rgpatroner, Mobiltelefoner","article_modified_time":"2026-05-04T12:12:12+00:00","og_image":[{"width":1200,"height":1200,"url":"https:\/\/www.heddata.se\/webbutik\/wp-content\/uploads\/webbutik\/kategorier\/horlurar\/jblendurrunbtblk.jpg","type":"image\/jpeg"}],"twitter_card":"summary_large_image","twitter_misc":{"Ber\u00e4knad l\u00e4stid":"2 minuter"},"schema":{"@context":"https:\/\/schema.org","@graph":[{"@type":"WebPage","@id":"https:\/\/www.heddata.se\/webbutik\/produkt\/jbl-endurance-runbt-tradlost-headset-svart-jblendurrunbtblk\/","url":"https:\/\/www.heddata.se\/webbutik\/produkt\/jbl-endurance-runbt-tradlost-headset-svart-jblendurrunbtblk\/","name":"JBL Endurance RUNBT Tr\u00e5dl\u00f6st headset Svart - JBLENDURRUNBTBLK","isPartOf":{"@id":"https:\/\/www.heddata.se\/webbutik\/#website"},"primaryImageOfPage":{"@id":"https:\/\/www.heddata.se\/webbutik\/produkt\/jbl-endurance-runbt-tradlost-headset-svart-jblendurrunbtblk\/#primaryimage"},"image":{"@id":"https:\/\/www.heddata.se\/webbutik\/produkt\/jbl-endurance-runbt-tradlost-headset-svart-jblendurrunbtblk\/#primaryimage"},"thumbnailUrl":"https:\/\/www.heddata.se\/webbutik\/wp-content\/uploads\/webbutik\/kategorier\/horlurar\/jblendurrunbtblk.jpg","datePublished":"2023-11-16T13:18:13+00:00","dateModified":"2026-05-04T12:12:12+00:00","description":"JBL Endurance RUNBT Tr\u00e5dl\u00f6st headset str\u00f6mmar musik tr\u00e5dl\u00f6st och ger dig motivationen du beh\u00f6ver och med med kraftfullt JBL-ljud","breadcrumb":{"@id":"https:\/\/www.heddata.se\/webbutik\/produkt\/jbl-endurance-runbt-tradlost-headset-svart-jblendurrunbtblk\/#breadcrumb"},"inLanguage":"sv-SE","potentialAction":[{"@type":"ReadAction","target":["https:\/\/www.heddata.se\/webbutik\/produkt\/jbl-endurance-runbt-tradlost-headset-svart-jblendurrunbtblk\/"]}]},{"@type":"ImageObject","inLanguage":"sv-SE","@id":"https:\/\/www.heddata.se\/webbutik\/produkt\/jbl-endurance-runbt-tradlost-headset-svart-jblendurrunbtblk\/#primaryimage","url":"https:\/\/www.heddata.se\/webbutik\/wp-content\/uploads\/webbutik\/kategorier\/horlurar\/jblendurrunbtblk.jpg","contentUrl":"https:\/\/www.heddata.se\/webbutik\/wp-content\/uploads\/webbutik\/kategorier\/horlurar\/jblendurrunbtblk.jpg","width":1200,"height":1200,"caption":"JBL Endurance RUNBT Tr\u00e5dl\u00f6st"},{"@type":"BreadcrumbList","@id":"https:\/\/www.heddata.se\/webbutik\/produkt\/jbl-endurance-runbt-tradlost-headset-svart-jblendurrunbtblk\/#breadcrumb","itemListElement":[{"@type":"ListItem","position":1,"name":"Hem","item":"https:\/\/www.heddata.se\/webbutik\/"},{"@type":"ListItem","position":2,"name":"Produkter","item":"https:\/\/www.heddata.se\/webbutik\/shop\/"},{"@type":"ListItem","position":3,"name":"JBL Endurance RUNBT Tr\u00e5dl\u00f6st headset Svart &#8211; JBLENDURRUNBTBLK"}]},{"@type":"WebSite","@id":"https:\/\/www.heddata.se\/webbutik\/#website","url":"https:\/\/www.heddata.se\/webbutik\/","name":"Datorer, Skrivare, F\u00e4rgpatroner, Mobiltelefoner","description":"Kablar","publisher":{"@id":"https:\/\/www.heddata.se\/webbutik\/#organization"},"potentialAction":[{"@type":"SearchAction","target":{"@type":"EntryPoint","urlTemplate":"https:\/\/www.heddata.se\/webbutik\/?s={search_term_string}"},"query-input":{"@type":"PropertyValueSpecification","valueRequired":true,"valueName":"search_term_string"}}],"inLanguage":"sv-SE"},{"@type":"Organization","@id":"https:\/\/www.heddata.se\/webbutik\/#organization","name":"Heddata AB","url":"https:\/\/www.heddata.se\/webbutik\/","logo":{"@type":"ImageObject","inLanguage":"sv-SE","@id":"https:\/\/www.heddata.se\/webbutik\/#\/schema\/logo\/image\/","url":"https:\/\/www.heddata.se\/webbutik\/wp-content\/uploads\/logga\/heddata-ab-logga.png","contentUrl":"https:\/\/www.heddata.se\/webbutik\/wp-content\/uploads\/logga\/heddata-ab-logga.png","width":200,"height":64,"caption":"Heddata AB"},"image":{"@id":"https:\/\/www.heddata.se\/webbutik\/#\/schema\/logo\/image\/"}}]}},"_links":{"self":[{"href":"https:\/\/www.heddata.se\/webbutik\/wp-json\/wp\/v2\/product\/94491","targetHints":{"allow":["GET"]}}],"collection":[{"href":"https:\/\/www.heddata.se\/webbutik\/wp-json\/wp\/v2\/product"}],"about":[{"href":"https:\/\/www.heddata.se\/webbutik\/wp-json\/wp\/v2\/types\/product"}],"wp:featuredmedia":[{"embeddable":true,"href":"https:\/\/www.heddata.se\/webbutik\/wp-json\/wp\/v2\/media\/94767"}],"wp:attachment":[{"href":"https:\/\/www.heddata.se\/webbutik\/wp-json\/wp\/v2\/media?parent=94491"}],"wp:term":[{"taxonomy":"product_brand","embeddable":true,"href":"https:\/\/www.heddata.se\/webbutik\/wp-json\/wp\/v2\/product_brand?post=94491"},{"taxonomy":"product_cat","embeddable":true,"href":"https:\/\/www.heddata.se\/webbutik\/wp-json\/wp\/v2\/product_cat?post=94491"},{"taxonomy":"product_tag","embeddable":true,"href":"https:\/\/www.heddata.se\/webbutik\/wp-json\/wp\/v2\/product_tag?post=94491"}],"curies":[{"name":"wp","href":"https:\/\/api.w.org\/{rel}","templated":true}]}}