{"id":94471,"date":"2023-11-08T14:18:18","date_gmt":"2023-11-08T13:18:18","guid":{"rendered":"https:\/\/www.heddata.se\/webbutik\/?post_type=product&#038;p=94471"},"modified":"2026-04-03T18:29:38","modified_gmt":"2026-04-03T16:29:38","slug":"brother-dcp-l3560cdw-led-3-i-1-fargskrivare","status":"publish","type":"product","link":"https:\/\/www.heddata.se\/webbutik\/produkt\/brother-dcp-l3560cdw-led-3-i-1-fargskrivare\/","title":{"rendered":"Brother DCP-L3560CDW LED 3-i-1 f\u00e4rgskrivare"},"content":{"rendered":"<p><strong>DCP-L3560CDW &#8211; ansluten LED 3-i-1 f\u00e4rgskrivare<\/strong><\/p>\n<p>Den h\u00e4r f\u00e4rgskrivaren \u00e4r utformad f\u00f6r att vara ansluten, och har utformats av experter f\u00f6r att leverera h\u00f6gkvalitativa dokument snabbt och tyst. Ingen kompromiss g\u00f6rs om hastigheten, vilket s\u00e4kerst\u00e4ller att du kan njuta av felfri utskrift utan st\u00f6rningar.<\/p>\n<p><strong>BESKRIVNING:<\/strong><\/p>\n<p>Kontors- och hemmilj\u00f6n f\u00f6r\u00e4ndras kontinuerligt med m\u00e5let att \u00f6ka effektiviteten och produktiviteten. Var s\u00e4ker p\u00e5 att du har en p\u00e5litlig enhet som skriver ut snabbt och enkelt, med:<\/p>\n<ul>\n<li>2-sidig utskrift, upp till 10 sidor per minut<\/li>\n<li>Skanna upp till 27 bilder per minut<sup>3<\/sup><\/li>\n<li>8,8 cm f\u00e4rgpeksk\u00e4rm<\/li>\n<li>Gigabit ethernet, 5 GHz WiFi och USB<\/li>\n<li>512 MB internminne<\/li>\n<li>50 ark automatisk dokumentmatare (ADF)<sup>11<\/sup><\/li>\n<li>250 ark pappersinmatningsfack<sup>11<\/sup><\/li>\n<li>levereras med toner f\u00f6r 1 000 sidor svart, 1 000 f\u00e4rg. Toner f\u00f6r 3000 svart, 2300 f\u00e4rg maximal kapacitet tillg\u00e4nglig<sup>8<\/sup><\/li>\n<\/ul>\n<p>&nbsp;<\/p>\n<p>(*3) Skanningshastigheter baserat p\u00e5 ISO\/IEC 17991<\/p>\n<p>(*8) Ungef\u00e4rligt deklarerat utbytesv\u00e4rde i enlighet med ISO\/IEC 19798<\/p>\n<p>(*11) Kapacitet ber\u00e4knad med 80 g\/m\u00b2 papper (*12) Ljudtryck och ljudeffektniv\u00e5 i enlighet med ISO 7779 (*13) Str\u00f6mf\u00f6rbrukning vid avst\u00e4ngning m\u00e4ts enligt IEC 62301 Edition 2.0 (*16) Endast Windows (*17) Valfri nedladdning (*23) Str\u00f6mf\u00f6rbrukning m\u00e4ts med ENERGY STAR Ver 3.1 testmetod n\u00e4tverkskonfiguration<\/p>\n<p>&nbsp;<\/p>\n<p><strong>SPECIFIKATIONER:<\/strong><\/p>\n<p>Allm\u00e4nt<\/p>\n<p>Skrivartyp &#8211; F\u00e4rg<\/p>\n<p>Funktioner &#8211; Utskrift, Kopiering, Skanning<\/p>\n<p>Sk\u00e4rm &#8211; F\u00e4rgsk\u00e4rm med pekfunktion<\/p>\n<p>Sk\u00e4rmstorlek &#8211; 8.8cm<\/p>\n<p>Maximalt pappersformat &#8211; A4<\/p>\n<p>Minne &#8211; 512MB Internt minne<\/p>\n<p>Teknik &#8211; LED<\/p>\n<p>&nbsp;<\/p>\n<p>Anslutning &#8211; Kabelanslutet n\u00e4tverk, tr\u00e5dl\u00f6st, USB<\/p>\n<p>Lokalt gr\u00e4nssnitt &#8211; Hi-Speed USB 2.0<\/p>\n<p>Kabelanslutet n\u00e4tverksgr\u00e4nssnitt &#8211; Gigabit Ethernet<\/p>\n<p>Tr\u00e5dl\u00f6st n\u00e4tverksgr\u00e4nssnitt &#8211; St\u00f6d f\u00f6r 2,4 GHz &amp; 5 GHz<\/p>\n<p>Hastighet f\u00e4rgkopiering A4 &#8211; 26 kopior per minut<\/p>\n<p>Hastighet svartvit kopiering A4 &#8211; 26 kopior per minut<\/p>\n<p>Uppl\u00f6sning (f\u00e4rg) &#8211; Upp till 600 x 600 dpi<\/p>\n<p><strong>M\u00e5tt och vikt:<\/strong><\/p>\n<p>Med kartong 497 x 536 x 533mm &#8211; 23.30kg<\/p>\n<p>Utan kartong &#8211; 410 x 444 x 401mm &#8211; 20.00kg<\/p>\n<p><strong>Str\u00f6mf\u00f6rbrukning (Watt):<\/strong><\/p>\n<ul>\n<li>Kopiering: 560W<\/li>\n<li>Kopiering i tyst l\u00e4ge: 310W<\/li>\n<li>Utskrift: 560W<\/li>\n<li>Utskrift i tyst l\u00e4ge 310W<\/li>\n<li>Redo: 70W<\/li>\n<li>Vilol\u00e4ge: 10W<\/li>\n<li>Djupt viilol\u00e4ge: 0,6W<\/li>\n<li>Avst\u00e4ngning: 0,04W (*13)(*23)<\/li>\n<\/ul>\n<p><strong>Ljudvolym:<\/strong><\/p>\n<ul>\n<li>Utskrift: Mono 6.41B(A) F\u00e4rg 6.51B(A)<\/li>\n<li>Klar: Inaudible<\/li>\n<li>Tyst l\u00e4ge: Mono 5.79B(A) F\u00e4rg 5.86B(A)<\/li>\n<li>Djupt vilol\u00e4ge: Ej aktiverbar (*12)<\/li>\n<\/ul>\n<p><strong>Ljudtryck:<\/strong><\/p>\n<ul>\n<li>PC Utskrift: Ca 47.0db(A)<\/li>\n<li>Redo: Oh\u00f6rbar<\/li>\n<li>Tyst l\u00e4ge: 43.0db(A) (*12)<\/li>\n<\/ul>\n<p><strong>Milj\u00f6:<\/strong><\/p>\n<p>Bl\u00e5 \u00e4ngelns milj\u00f6m\u00e4rkning: Ja<\/p>\n<p>Nordiska Svanens milj\u00f6m\u00e4rkning: Ja<\/p>\n<p>Normal str\u00f6mf\u00f6rbrukning: 0.41kWh\/vecka<\/p>\n<p>&nbsp;<\/p>\n<p><strong>Pappersspecifikationer:<\/strong><\/p>\n<p><strong>Typer &amp; format:<\/strong><\/p>\n<ul>\n<li>Standardfack A4<\/li>\n<li>Letter<\/li>\n<li>Legal<\/li>\n<li>Mexico Legal<\/li>\n<li>India Legal<\/li>\n<li>Executive<\/li>\n<li>A5<\/li>\n<li>A5 Long Edge<\/li>\n<li>A6<\/li>\n<li>B5 (JIS)<\/li>\n<li>B5 (ISO)<\/li>\n<li>B6 (JIS)<\/li>\n<li>A4 Short (270mm)<\/li>\n<li>Folio<\/li>\n<li>16K (195x270mm)<\/li>\n<li>Manuell matning Bredd 76,2 till 216 mm L\u00e4ngd 116 till 355,6 mm Kuvert; COM-10, DL, C5, Monarch ADF Bredd 105 till 215,9 mm L\u00e4ngd 147,3 till 355,6 mm Scannerglas Upp till A4\/Letter Automatisk 2-sidig A4<\/li>\n<\/ul>\n<p><strong>Vikter:<\/strong><\/p>\n<p>Standardfack Vanligt papper, tunt papper, tjockt papper, \u00e5tervunnet papper, 60 till 163 g\/m2 Manuell matning Vanligt papper, tunt papper, tjockt papper, \u00e5tervunnet papper, Bond, Etikett, Kuvert, Env. tunt, Env. tjockt, glansigt papper, 60 till 163 g\/m2 ADF Vanligt papper, tunt papper, \u00e5tervunnet papper, 60 till 105 g\/m2 Tunt papper, Tjockt papper, Glansigt papper, 60 till 163 g\/m2 ADF Vanligt papper, Tunt papper, \u00c5tervunnet papper, 60 till 105 g\/m2 Auto 2-sidig Vanligt papper, Tunt papper, \u00c5tervunnet papper, 60 till 105 g\/m2<\/p>\n<p>&nbsp;<\/p>\n<p><strong>N\u00c4TVERK:<\/strong><\/p>\n<p>Wi-Fi Direct &#8211; Ja<\/p>\n<p>Kabelanslutet n\u00e4tverk &#8211; Gigabit Ethrtnrt (10Base-TX\/1000Base-T)<\/p>\n<p>S\u00e4kerhet kabelanslutet n\u00e4tverk:<\/p>\n<ul>\n<li>APOP<\/li>\n<li>SMTP-AUTH<\/li>\n<li>SSL\/TLS (IPP, HTTP, SMTP, POP3, IMAP4, FTP)<\/li>\n<li>SNMP v3, 802.1x (EAP-MD5, EAP-FAST, PEAP, EAP-TLS, EAP-TTLS)<\/li>\n<li>Kerberos, IPsec<\/li>\n<\/ul>\n<p>Tr\u00e5dl\u00f6sa program &#8211; Ja<\/p>\n<p>&nbsp;<\/p>\n<p><strong>S\u00e4kerhet tr\u00e5dl\u00f6sa program:<\/strong><\/p>\n<ul>\n<li>WEP 64\/128 bit<\/li>\n<li>WPA-PSK (TKIP\/AES)<\/li>\n<li>WPA2-PSK (TKIP\/AES)<\/li>\n<li>WPA3-SAE (AES) *Wi-Fi Direct supports WPA2-PSK (AES) only. APOP<\/li>\n<li>SMTP-AUTH<\/li>\n<li>SSL\/TLS (IPP, HTTP, FTP, SMTP, POP3, IMAP4)<\/li>\n<li>SNMP v3, 802.1x (EAP-FAST, PEAP, EAP-TLS, EAP-TTLS)<\/li>\n<li>Kerberos<\/li>\n<li>IPsec<\/li>\n<\/ul>\n<p>Support f\u00f6r tr\u00e5dl\u00f6s installation &#8211; Ja<\/p>\n<p>&nbsp;<\/p>\n<p><strong>OPERATIVSYSTEM OCH PROGRAMVARA:<\/strong><\/p>\n<p>Operativsystem som st\u00f6ds &#8211; Bes\u00f6k support brother com f\u00f6r komplett lista<\/p>\n<p><strong>PAPPERSHANTERING:<\/strong><\/p>\n<p>Pappersinmatning &#8211; Standardfack 250 ark Manuell matning 1 ark Automatisk dokumentmatare (ADF) 50 ark (*11)<\/p>\n<p>&nbsp;<\/p>\n<p><strong>UTSKRIFT:<\/strong><\/p>\n<p>Hastighet A4 dubbelsidig utskrift &#8211; Upp till 10 bilder per minut<\/p>\n<p>Uppl\u00f6sning &#8211; Upp till 600 x 2 400 dpi<\/p>\n<p>Hastighet A4 f\u00e4rg standardutskrift &#8211; 26 sidor per minut<\/p>\n<p>Hastighet A4 svartvit standardutskrift &#8211; 26 sidor per minut<\/p>\n<p>Automatisk dubbelsidig utskrift &#8211; Ja<\/p>\n<p>Emuleringar &#8211; PCL5e, PCL5c, PCL6 (PCL XL Class 3.0), BR-Script3, PDF Version 1.7<\/p>\n<p>Tid till f\u00f6rsta utskrift &#8211; Mindre \u00e4n 13.5 sekunder<\/p>\n<p>Rekommenderad volym per m\u00e5nad &#8211; Upp till 3 000 sidor<\/p>\n<p>&nbsp;<\/p>\n<p><strong>SKANNING:<\/strong><\/p>\n<p>Uppl\u00f6sning &#8211; 1200 x 1200dpi<\/p>\n<p>Skanna till &#8211; Standardfunktioner (*17) Skanna till e-post, OCR, bild och fil N\u00e4tverksskanning Skanna till n\u00e4tverksmapp (SMB) (*16), FTP, FTPS, SharePoint (On Premise)<\/p>\n<p>Hastighet &#8211; 1-sidig: 27 ipm mono och 21 ipm f\u00e4rg (*3)<\/p>\n<p>Skannerfunktion &#8211; CIS<\/p>\n<p>&nbsp;<\/p>\n<p><strong>S\u00c4KERHETSFUNKTIONER:<\/strong><\/p>\n<ul>\n<li>802.1x &#8211; Ja<\/li>\n<li>Active Directory LDAP Authentication &#8211; Ja<\/li>\n<li>Automatic Intrusion Detection &#8211; Ja<\/li>\n<li>Digitally-signed Firmware &#8211; Ja<\/li>\n<li>IP-filter &#8211; Ja<\/li>\n<li>Port based Network Access Control &#8211; Ja<\/li>\n<li>Restrict network protocols &#8211; Ja<\/li>\n<li>Secure Function Lock v3 &#8211; Ja<\/li>\n<li>S\u00e4ker utskriftJaInst\u00e4llningsl\u00e5s &#8211; Ja<\/li>\n<li>Store Print Log &#8211; Ja<\/li>\n<li>SysLog &#8211; Ja<\/li>\n<\/ul>\n<p>F\u00d6RBRUKNINGSMATERIAL OCH TILLBEH\u00d6R:<\/p>\n<p>F\u00f6rbrukningsartiklar:<\/p>\n<p>Inbox Toner 1 x 1 000 sidor (BK) 1 x 1 000 sidor (CMY) Toner med standardkapacitet TN248 1 000 sidor (BK) 1 000 sidor (CMY) Toner med h\u00f6g kapacitet TN248XL 3 000 sidor (BK) 2 300 sidor (CMY) (*8) Trumenhet DR248CL Ca 20 000 sidor vid 1 sida per jobb B\u00e4ltenhet BU229CL Ca 50 000 sidor vid 2 sidor per jobb Tonerf\u00f6rpackningsbox WT229CL Ca 50 000 sidor vid 5 sidor per jobb<\/p>\n<p>DETTA ING\u00c5R:<\/p>\n<p>Inneh\u00e5ll:<\/p>\n<ul>\n<li>Enhet<\/li>\n<li>Inbyggda toners<\/li>\n<li>Trumenhet<\/li>\n<li>B\u00e4ltenhet<\/li>\n<li>Beh\u00e5llare f\u00f6r tonelavfall<\/li>\n<li>N\u00e4tkabel<\/li>\n<li>Snabbinst\u00e4llningsguide<\/li>\n<li>Garantikort<\/li>\n<\/ul>\n<p>&nbsp;<\/p>\n<p><a href=\"https:\/\/www.heddata.se\/webbutik\/produkt-kategori\/skrivare\/brother-skrivare\/\">KOLLA RESTEN AV SORTIMENT:<\/a><\/p>\n<p>&nbsp;<\/p>\n","protected":false},"excerpt":{"rendered":"<p>DCP-L3560CDW &#8211; ansluten LED 3-i-1 f\u00e4rgskrivare Den h\u00e4r f\u00e4rgskrivaren \u00e4r utformad f\u00f6r att vara ansluten, och har utformats av experter f\u00f6r att leverera h\u00f6gkvalitativa dokument snabbt och tyst. Ingen kompromiss g\u00f6rs om hastigheten, vilket s\u00e4kerst\u00e4ller att du kan njuta av felfri utskrift utan st\u00f6rningar. BESKRIVNING: Kontors- och hemmilj\u00f6n f\u00f6r\u00e4ndras kontinuerligt med m\u00e5let att \u00f6ka effektiviteten [&#8230;]\n","protected":false},"featured_media":94480,"template":"","meta":[],"product_brand":[],"product_cat":[102,633,635,62],"product_tag":[],"class_list":{"0":"post-94471","1":"product","2":"type-product","3":"status-publish","4":"has-post-thumbnail","6":"product_cat-brother-skrivare","7":"product_cat-laserskrivare","8":"product_cat-multifunktionsskrivare","9":"product_cat-skrivare","11":"first","12":"outofstock","13":"taxable","14":"shipping-taxable","15":"product-type-simple"},"yoast_head":"<!-- This site is optimized with the Yoast SEO Premium plugin v26.7 (Yoast SEO v26.7) - https:\/\/yoast.com\/wordpress\/plugins\/seo\/ -->\n<title>Brother DCP-L3560CDW LED 3-i-1 f\u00e4rgskrivare - Datorer, Skrivare, F\u00e4rgpatroner, Mobiltelefoner<\/title>\n<meta name=\"description\" content=\"Brother DCP-L3560CDW LED 3-i-1 f\u00e4rgskrivare toppen skrivare som \u00e4r enkel och smidig och fyller sin funktion v\u00e4ldigt bra.\" \/>\n<meta name=\"robots\" content=\"index, follow, max-snippet:-1, max-image-preview:large, max-video-preview:-1\" \/>\n<link rel=\"canonical\" href=\"https:\/\/www.heddata.se\/webbutik\/produkt\/brother-dcp-l3560cdw-led-3-i-1-fargskrivare\/\" \/>\n<meta property=\"og:locale\" content=\"sv_SE\" \/>\n<meta property=\"og:type\" content=\"article\" \/>\n<meta property=\"og:title\" content=\"Brother DCP-L3560CDW LED 3-i-1 f\u00e4rgskrivare\" \/>\n<meta property=\"og:description\" content=\"Brother DCP-L3560CDW LED 3-i-1 f\u00e4rgskrivare toppen skrivare som \u00e4r enkel och smidig och fyller sin funktion v\u00e4ldigt bra.\" \/>\n<meta property=\"og:url\" content=\"https:\/\/www.heddata.se\/webbutik\/produkt\/brother-dcp-l3560cdw-led-3-i-1-fargskrivare\/\" \/>\n<meta property=\"og:site_name\" content=\"Datorer, Skrivare, F\u00e4rgpatroner, Mobiltelefoner\" \/>\n<meta property=\"article:modified_time\" content=\"2026-04-03T16:29:38+00:00\" \/>\n<meta property=\"og:image\" content=\"https:\/\/www.heddata.se\/webbutik\/wp-content\/uploads\/dcpl3560cdw_main.webp\" \/>\n\t<meta property=\"og:image:width\" content=\"960\" \/>\n\t<meta property=\"og:image:height\" content=\"960\" \/>\n\t<meta property=\"og:image:type\" content=\"image\/webp\" \/>\n<meta name=\"twitter:card\" content=\"summary_large_image\" \/>\n<meta name=\"twitter:label1\" content=\"Ber\u00e4knad l\u00e4stid\" \/>\n\t<meta name=\"twitter:data1\" content=\"5 minuter\" \/>\n<script type=\"application\/ld+json\" class=\"yoast-schema-graph\">{\"@context\":\"https:\/\/schema.org\",\"@graph\":[{\"@type\":\"WebPage\",\"@id\":\"https:\/\/www.heddata.se\/webbutik\/produkt\/brother-dcp-l3560cdw-led-3-i-1-fargskrivare\/\",\"url\":\"https:\/\/www.heddata.se\/webbutik\/produkt\/brother-dcp-l3560cdw-led-3-i-1-fargskrivare\/\",\"name\":\"Brother DCP-L3560CDW LED 3-i-1 f\u00e4rgskrivare - Datorer, Skrivare, F\u00e4rgpatroner, Mobiltelefoner\",\"isPartOf\":{\"@id\":\"https:\/\/www.heddata.se\/webbutik\/#website\"},\"primaryImageOfPage\":{\"@id\":\"https:\/\/www.heddata.se\/webbutik\/produkt\/brother-dcp-l3560cdw-led-3-i-1-fargskrivare\/#primaryimage\"},\"image\":{\"@id\":\"https:\/\/www.heddata.se\/webbutik\/produkt\/brother-dcp-l3560cdw-led-3-i-1-fargskrivare\/#primaryimage\"},\"thumbnailUrl\":\"https:\/\/www.heddata.se\/webbutik\/wp-content\/uploads\/dcpl3560cdw_main.webp\",\"datePublished\":\"2023-11-08T13:18:18+00:00\",\"dateModified\":\"2026-04-03T16:29:38+00:00\",\"description\":\"Brother DCP-L3560CDW LED 3-i-1 f\u00e4rgskrivare toppen skrivare som \u00e4r enkel och smidig och fyller sin funktion v\u00e4ldigt bra.\",\"breadcrumb\":{\"@id\":\"https:\/\/www.heddata.se\/webbutik\/produkt\/brother-dcp-l3560cdw-led-3-i-1-fargskrivare\/#breadcrumb\"},\"inLanguage\":\"sv-SE\",\"potentialAction\":[{\"@type\":\"ReadAction\",\"target\":[\"https:\/\/www.heddata.se\/webbutik\/produkt\/brother-dcp-l3560cdw-led-3-i-1-fargskrivare\/\"]}]},{\"@type\":\"ImageObject\",\"inLanguage\":\"sv-SE\",\"@id\":\"https:\/\/www.heddata.se\/webbutik\/produkt\/brother-dcp-l3560cdw-led-3-i-1-fargskrivare\/#primaryimage\",\"url\":\"https:\/\/www.heddata.se\/webbutik\/wp-content\/uploads\/dcpl3560cdw_main.webp\",\"contentUrl\":\"https:\/\/www.heddata.se\/webbutik\/wp-content\/uploads\/dcpl3560cdw_main.webp\",\"width\":960,\"height\":960,\"caption\":\"Brother DCP-L3560CDW\"},{\"@type\":\"BreadcrumbList\",\"@id\":\"https:\/\/www.heddata.se\/webbutik\/produkt\/brother-dcp-l3560cdw-led-3-i-1-fargskrivare\/#breadcrumb\",\"itemListElement\":[{\"@type\":\"ListItem\",\"position\":1,\"name\":\"Hem\",\"item\":\"https:\/\/www.heddata.se\/webbutik\/\"},{\"@type\":\"ListItem\",\"position\":2,\"name\":\"Produkter\",\"item\":\"https:\/\/www.heddata.se\/webbutik\/shop\/\"},{\"@type\":\"ListItem\",\"position\":3,\"name\":\"Brother DCP-L3560CDW LED 3-i-1 f\u00e4rgskrivare\"}]},{\"@type\":\"WebSite\",\"@id\":\"https:\/\/www.heddata.se\/webbutik\/#website\",\"url\":\"https:\/\/www.heddata.se\/webbutik\/\",\"name\":\"Datorer, Skrivare, F\u00e4rgpatroner, Mobiltelefoner\",\"description\":\"Kablar\",\"publisher\":{\"@id\":\"https:\/\/www.heddata.se\/webbutik\/#organization\"},\"potentialAction\":[{\"@type\":\"SearchAction\",\"target\":{\"@type\":\"EntryPoint\",\"urlTemplate\":\"https:\/\/www.heddata.se\/webbutik\/?s={search_term_string}\"},\"query-input\":{\"@type\":\"PropertyValueSpecification\",\"valueRequired\":true,\"valueName\":\"search_term_string\"}}],\"inLanguage\":\"sv-SE\"},{\"@type\":\"Organization\",\"@id\":\"https:\/\/www.heddata.se\/webbutik\/#organization\",\"name\":\"Heddata AB\",\"url\":\"https:\/\/www.heddata.se\/webbutik\/\",\"logo\":{\"@type\":\"ImageObject\",\"inLanguage\":\"sv-SE\",\"@id\":\"https:\/\/www.heddata.se\/webbutik\/#\/schema\/logo\/image\/\",\"url\":\"https:\/\/www.heddata.se\/webbutik\/wp-content\/uploads\/logga\/heddata-ab-logga.png\",\"contentUrl\":\"https:\/\/www.heddata.se\/webbutik\/wp-content\/uploads\/logga\/heddata-ab-logga.png\",\"width\":200,\"height\":64,\"caption\":\"Heddata AB\"},\"image\":{\"@id\":\"https:\/\/www.heddata.se\/webbutik\/#\/schema\/logo\/image\/\"}}]}<\/script>\n<!-- \/ Yoast SEO Premium plugin. -->","yoast_head_json":{"title":"Brother DCP-L3560CDW LED 3-i-1 f\u00e4rgskrivare - Datorer, Skrivare, F\u00e4rgpatroner, Mobiltelefoner","description":"Brother DCP-L3560CDW LED 3-i-1 f\u00e4rgskrivare toppen skrivare som \u00e4r enkel och smidig och fyller sin funktion v\u00e4ldigt bra.","robots":{"index":"index","follow":"follow","max-snippet":"max-snippet:-1","max-image-preview":"max-image-preview:large","max-video-preview":"max-video-preview:-1"},"canonical":"https:\/\/www.heddata.se\/webbutik\/produkt\/brother-dcp-l3560cdw-led-3-i-1-fargskrivare\/","og_locale":"sv_SE","og_type":"article","og_title":"Brother DCP-L3560CDW LED 3-i-1 f\u00e4rgskrivare","og_description":"Brother DCP-L3560CDW LED 3-i-1 f\u00e4rgskrivare toppen skrivare som \u00e4r enkel och smidig och fyller sin funktion v\u00e4ldigt bra.","og_url":"https:\/\/www.heddata.se\/webbutik\/produkt\/brother-dcp-l3560cdw-led-3-i-1-fargskrivare\/","og_site_name":"Datorer, Skrivare, F\u00e4rgpatroner, Mobiltelefoner","article_modified_time":"2026-04-03T16:29:38+00:00","og_image":[{"width":960,"height":960,"url":"https:\/\/www.heddata.se\/webbutik\/wp-content\/uploads\/dcpl3560cdw_main.webp","type":"image\/webp"}],"twitter_card":"summary_large_image","twitter_misc":{"Ber\u00e4knad l\u00e4stid":"5 minuter"},"schema":{"@context":"https:\/\/schema.org","@graph":[{"@type":"WebPage","@id":"https:\/\/www.heddata.se\/webbutik\/produkt\/brother-dcp-l3560cdw-led-3-i-1-fargskrivare\/","url":"https:\/\/www.heddata.se\/webbutik\/produkt\/brother-dcp-l3560cdw-led-3-i-1-fargskrivare\/","name":"Brother DCP-L3560CDW LED 3-i-1 f\u00e4rgskrivare - Datorer, Skrivare, F\u00e4rgpatroner, Mobiltelefoner","isPartOf":{"@id":"https:\/\/www.heddata.se\/webbutik\/#website"},"primaryImageOfPage":{"@id":"https:\/\/www.heddata.se\/webbutik\/produkt\/brother-dcp-l3560cdw-led-3-i-1-fargskrivare\/#primaryimage"},"image":{"@id":"https:\/\/www.heddata.se\/webbutik\/produkt\/brother-dcp-l3560cdw-led-3-i-1-fargskrivare\/#primaryimage"},"thumbnailUrl":"https:\/\/www.heddata.se\/webbutik\/wp-content\/uploads\/dcpl3560cdw_main.webp","datePublished":"2023-11-08T13:18:18+00:00","dateModified":"2026-04-03T16:29:38+00:00","description":"Brother DCP-L3560CDW LED 3-i-1 f\u00e4rgskrivare toppen skrivare som \u00e4r enkel och smidig och fyller sin funktion v\u00e4ldigt bra.","breadcrumb":{"@id":"https:\/\/www.heddata.se\/webbutik\/produkt\/brother-dcp-l3560cdw-led-3-i-1-fargskrivare\/#breadcrumb"},"inLanguage":"sv-SE","potentialAction":[{"@type":"ReadAction","target":["https:\/\/www.heddata.se\/webbutik\/produkt\/brother-dcp-l3560cdw-led-3-i-1-fargskrivare\/"]}]},{"@type":"ImageObject","inLanguage":"sv-SE","@id":"https:\/\/www.heddata.se\/webbutik\/produkt\/brother-dcp-l3560cdw-led-3-i-1-fargskrivare\/#primaryimage","url":"https:\/\/www.heddata.se\/webbutik\/wp-content\/uploads\/dcpl3560cdw_main.webp","contentUrl":"https:\/\/www.heddata.se\/webbutik\/wp-content\/uploads\/dcpl3560cdw_main.webp","width":960,"height":960,"caption":"Brother DCP-L3560CDW"},{"@type":"BreadcrumbList","@id":"https:\/\/www.heddata.se\/webbutik\/produkt\/brother-dcp-l3560cdw-led-3-i-1-fargskrivare\/#breadcrumb","itemListElement":[{"@type":"ListItem","position":1,"name":"Hem","item":"https:\/\/www.heddata.se\/webbutik\/"},{"@type":"ListItem","position":2,"name":"Produkter","item":"https:\/\/www.heddata.se\/webbutik\/shop\/"},{"@type":"ListItem","position":3,"name":"Brother DCP-L3560CDW LED 3-i-1 f\u00e4rgskrivare"}]},{"@type":"WebSite","@id":"https:\/\/www.heddata.se\/webbutik\/#website","url":"https:\/\/www.heddata.se\/webbutik\/","name":"Datorer, Skrivare, F\u00e4rgpatroner, Mobiltelefoner","description":"Kablar","publisher":{"@id":"https:\/\/www.heddata.se\/webbutik\/#organization"},"potentialAction":[{"@type":"SearchAction","target":{"@type":"EntryPoint","urlTemplate":"https:\/\/www.heddata.se\/webbutik\/?s={search_term_string}"},"query-input":{"@type":"PropertyValueSpecification","valueRequired":true,"valueName":"search_term_string"}}],"inLanguage":"sv-SE"},{"@type":"Organization","@id":"https:\/\/www.heddata.se\/webbutik\/#organization","name":"Heddata AB","url":"https:\/\/www.heddata.se\/webbutik\/","logo":{"@type":"ImageObject","inLanguage":"sv-SE","@id":"https:\/\/www.heddata.se\/webbutik\/#\/schema\/logo\/image\/","url":"https:\/\/www.heddata.se\/webbutik\/wp-content\/uploads\/logga\/heddata-ab-logga.png","contentUrl":"https:\/\/www.heddata.se\/webbutik\/wp-content\/uploads\/logga\/heddata-ab-logga.png","width":200,"height":64,"caption":"Heddata AB"},"image":{"@id":"https:\/\/www.heddata.se\/webbutik\/#\/schema\/logo\/image\/"}}]}},"_links":{"self":[{"href":"https:\/\/www.heddata.se\/webbutik\/wp-json\/wp\/v2\/product\/94471","targetHints":{"allow":["GET"]}}],"collection":[{"href":"https:\/\/www.heddata.se\/webbutik\/wp-json\/wp\/v2\/product"}],"about":[{"href":"https:\/\/www.heddata.se\/webbutik\/wp-json\/wp\/v2\/types\/product"}],"wp:featuredmedia":[{"embeddable":true,"href":"https:\/\/www.heddata.se\/webbutik\/wp-json\/wp\/v2\/media\/94480"}],"wp:attachment":[{"href":"https:\/\/www.heddata.se\/webbutik\/wp-json\/wp\/v2\/media?parent=94471"}],"wp:term":[{"taxonomy":"product_brand","embeddable":true,"href":"https:\/\/www.heddata.se\/webbutik\/wp-json\/wp\/v2\/product_brand?post=94471"},{"taxonomy":"product_cat","embeddable":true,"href":"https:\/\/www.heddata.se\/webbutik\/wp-json\/wp\/v2\/product_cat?post=94471"},{"taxonomy":"product_tag","embeddable":true,"href":"https:\/\/www.heddata.se\/webbutik\/wp-json\/wp\/v2\/product_tag?post=94471"}],"curies":[{"name":"wp","href":"https:\/\/api.w.org\/{rel}","templated":true}]}}