{"id":94394,"date":"2023-10-06T09:18:31","date_gmt":"2023-10-06T07:18:31","guid":{"rendered":"https:\/\/www.heddata.se\/webbutik\/?post_type=product&#038;p=94394"},"modified":"2026-04-08T12:04:10","modified_gmt":"2026-04-08T10:04:10","slug":"bluetooth-hogtalare-med-stamningsbelysning-och-toppeffekt-pa-60-w","status":"publish","type":"product","link":"https:\/\/www.heddata.se\/webbutik\/produkt\/bluetooth-hogtalare-med-stamningsbelysning-och-toppeffekt-pa-60-w\/","title":{"rendered":"Bluetooth-h\u00f6gtalare med st\u00e4mningsbelysning och Toppeffekt p\u00e5 60 W"},"content":{"rendered":"<p>Bluetooth-h\u00f6gtalare med st\u00e4mningsbelysning och Toppeffekt p\u00e5 60 W<\/p>\n<p>V\u00e4lj varmt vitt eller en RGB-f\u00e4rg, str\u00f6mma din egen spellista och skapa r\u00e4tt st\u00e4mning f\u00f6r alla tillf\u00e4llen med Bluetooth\u00ae-h\u00f6gtalarens st\u00e4mningsbelysning.<\/p>\n<p>Den lyktinspirerade <a href=\"https:\/\/nedis.se\/sv-se\" target=\"_blank\" rel=\"noopener\">designen<\/a> som blandar d\u00e4mpade nyanser och detaljer i naturmaterial g\u00f6r att h\u00f6gtalarlampan passar perfekt i ditt hem, din tr\u00e4dg\u00e5rd eller till och med p\u00e5 din b\u00e5t. Den fungerar i 6 timmar p\u00e5 en enda laddning, helt tr\u00e5dl\u00f6st och ger dig m\u00f6jlighet at lyssna p\u00e5 dina favoritl\u00e5tar var du vill.<\/p>\n<p>H\u00f6gtalaren med st\u00e4mningsbelysning har True Wireless-teknik som g\u00f6r att du kan parkoppla 2 lika stora <a href=\"https:\/\/www.heddata.se\/webbutik\/hemelektronik\/ljudsystem-hogtalare\/\">h\u00f6gtalare<\/a> f\u00f6r att f\u00e5 ett enast\u00e5ende stereoljud.<br \/>\nDu kan ta med den utomhus till parken eller n\u00e5got annat st\u00e4lle, eftersom h\u00f6gtalaren med st\u00e4mningsbelysning \u00e4r vattent\u00e5lig klarar den lite regn eller utspilld v\u00e4tska.<\/p>\n<h3>Produktspecifikationer<\/h3>\n<table class=\"table table-with-odd-background\">\n<tbody>\n<tr>\n<td class=\"col-4\">Bredd<\/td>\n<td class=\"col-8\">260 mm<\/td>\n<\/tr>\n<tr>\n<td class=\"col-4\">H\u00f6jd<\/td>\n<td class=\"col-8\">400 mm<\/td>\n<\/tr>\n<tr>\n<td class=\"col-4\">Djup<\/td>\n<td class=\"col-8\">260 mm<\/td>\n<\/tr>\n<tr>\n<td class=\"col-4\">Vikt<\/td>\n<td class=\"col-8\">2270 g<\/td>\n<\/tr>\n<tr>\n<td class=\"col-4\">F\u00e4rg<\/td>\n<td class=\"col-8\">Vit<br \/>\nGr\u00e5<\/td>\n<\/tr>\n<tr>\n<td class=\"col-4\">Material<\/td>\n<td class=\"col-8\">ABS<br \/>\nL\u00e4der<\/td>\n<\/tr>\n<tr>\n<td class=\"col-4\">Bluetooth\u00ae verision<\/td>\n<td class=\"col-8\">4.2<\/td>\n<\/tr>\n<tr>\n<td class=\"col-4\">Tr\u00e5dl\u00f6s teknologi som st\u00f6ds<\/td>\n<td class=\"col-8\">Bluetooth\u00ae<\/td>\n<\/tr>\n<tr>\n<td class=\"col-4\">Enhetens str\u00f6minmatningsanslutning<\/td>\n<td class=\"col-8\">Micro USB<\/td>\n<\/tr>\n<tr>\n<td class=\"col-4\">Ing\u00e5ngsstr\u00f6m<\/td>\n<td class=\"col-8\">1.0 A<\/td>\n<\/tr>\n<tr>\n<td class=\"col-4\">Typ av str\u00f6mk\u00e4lla<\/td>\n<td class=\"col-8\">Batteridriven<\/td>\n<\/tr>\n<tr>\n<td class=\"col-4\">Bluetooth\u00ae profiler som st\u00f6ds<\/td>\n<td class=\"col-8\">A2DP<br \/>\nAVRCP<br \/>\nHFP<br \/>\nHSP<br \/>\nPBAP<br \/>\nMAP<br \/>\nPAN<br \/>\nHID<\/td>\n<\/tr>\n<tr>\n<td class=\"col-4\">Str\u00f6mkabel sida B<\/td>\n<td class=\"col-8\">Micro USB<\/td>\n<\/tr>\n<tr>\n<td class=\"col-4\">Str\u00f6mbakel sida A<\/td>\n<td class=\"col-8\">USB<\/td>\n<\/tr>\n<tr>\n<td class=\"col-4\">Str\u00f6mkabel l\u00e4ngd<\/td>\n<td class=\"col-8\">1.00 m<\/td>\n<\/tr>\n<tr>\n<td class=\"col-4\">Batteritypsenergi<\/td>\n<td class=\"col-8\">Built-In Lithium-Ion<\/td>\n<\/tr>\n<tr>\n<td class=\"col-4\">Synkroniseringsbar<\/td>\n<td class=\"col-8\">Ja<\/td>\n<\/tr>\n<tr>\n<td class=\"col-4\">Insp\u00e4nning<\/td>\n<td class=\"col-8\">5 V DC<\/td>\n<\/tr>\n<tr>\n<td class=\"col-4\">Belysningsf\u00e4rg<\/td>\n<td class=\"col-8\">Varm Vit<br \/>\nRGB<\/td>\n<\/tr>\n<tr>\n<td class=\"col-4\">Impedans<\/td>\n<td class=\"col-8\">4 Ohm<\/td>\n<\/tr>\n<tr>\n<td class=\"col-4\">H\u00f6gtalarkanaler<\/td>\n<td class=\"col-8\">1.0<\/td>\n<\/tr>\n<tr>\n<td class=\"col-4\">Anslutningsing\u00e5ng<\/td>\n<td class=\"col-8\">1x 3.5 mm<\/td>\n<\/tr>\n<tr>\n<td class=\"col-4\">H\u00f6gtalarens toppeffekt<\/td>\n<td class=\"col-8\">60 W<\/td>\n<\/tr>\n<tr>\n<td class=\"col-4\">H\u00f6gtalare RMS<\/td>\n<td class=\"col-8\">20 W<\/td>\n<\/tr>\n<tr>\n<td class=\"col-4\">Signal to Noise Ratio (SNR)<\/td>\n<td class=\"col-8\">75 dB<\/td>\n<\/tr>\n<tr>\n<td class=\"col-4\">Batterikapacitet<\/td>\n<td class=\"col-8\">2200 mAh<\/td>\n<\/tr>\n<tr>\n<td class=\"col-4\">Intr\u00e4ngningsskydd<\/td>\n<td class=\"col-8\">IPX5<\/td>\n<\/tr>\n<tr>\n<td class=\"col-4\">B\u00e4rhandtag<\/td>\n<td class=\"col-8\">Ja<\/td>\n<\/tr>\n<tr>\n<td class=\"col-4\">Ljudutg\u00e5ng<\/td>\n<td class=\"col-8\">Mono<\/td>\n<\/tr>\n<tr>\n<td class=\"col-4\">Inbygd mikrofon<\/td>\n<td class=\"col-8\">Nej<\/td>\n<\/tr>\n<tr>\n<td class=\"col-4\">S\u00e4nd frekvensomr\u00e5det<\/td>\n<td class=\"col-8\">2402 &#8211; 2480 MHz<\/td>\n<\/tr>\n<tr>\n<td class=\"col-4\">N\u00e4tkontakt<\/td>\n<td class=\"col-8\">USB<\/td>\n<\/tr>\n<tr>\n<td class=\"col-4\">Maximal antennf\u00f6rst\u00e4rkning<\/td>\n<td class=\"col-8\">0.5 dBi<\/td>\n<\/tr>\n<tr>\n<td class=\"col-4\">Maximal s\u00e4ndningseffekt<\/td>\n<td class=\"col-8\">7 dBm<\/td>\n<\/tr>\n<tr>\n<td class=\"col-4\">Anslutning<\/td>\n<td class=\"col-8\">Bluetooth<\/td>\n<\/tr>\n<tr>\n<td class=\"col-4\">Dimbar<\/td>\n<td class=\"col-8\">Ja<\/td>\n<\/tr>\n<tr>\n<td class=\"col-4\">Bluetooth\u00ae signalstyrka<\/td>\n<td class=\"col-8\">10.0 m<\/td>\n<\/tr>\n<tr>\n<td class=\"col-4\">Frekvenstid<\/td>\n<td class=\"col-8\">50 Hz &#8211; 18 kHz<\/td>\n<\/tr>\n<tr>\n<td class=\"col-4\">H\u00f6gtalardesign<\/td>\n<td class=\"col-8\">Ambient design<\/td>\n<\/tr>\n<tr>\n<td class=\"col-4\">Belysnings inst\u00e4llningar<\/td>\n<td class=\"col-8\">Fast sken<br \/>\nAndningsljus<br \/>\nBleknande f\u00e4rg<\/td>\n<\/tr>\n<tr>\n<td class=\"col-4\">Antal varor i paketet<\/td>\n<td class=\"col-8\">1 st.<\/td>\n<\/tr>\n<tr>\n<td class=\"col-4\">True Wireless Stereo (TWS)<\/td>\n<td class=\"col-8\">Ja<\/td>\n<\/tr>\n<tr>\n<td class=\"col-4\">Mid-range size<\/td>\n<td class=\"col-8\">2.9 &#8221;<\/td>\n<\/tr>\n<tr>\n<td class=\"col-4\">Maximal batteriladdningstid<\/td>\n<td class=\"col-8\">3 timmar<\/td>\n<\/tr>\n<tr>\n<td class=\"col-4\">Maximal batteritid<\/td>\n<td class=\"col-8\">6 timmar<\/td>\n<\/tr>\n<tr>\n<td class=\"col-4\">Maximal standby tid<\/td>\n<td class=\"col-8\">16 timmar<\/td>\n<\/tr>\n<\/tbody>\n<\/table>\n","protected":false},"excerpt":{"rendered":"<p>Bluetooth-h\u00f6gtalare med st\u00e4mningsbelysning och Toppeffekt p\u00e5 60 W<\/p>\n","protected":false},"featured_media":94632,"template":"","meta":[],"product_brand":[],"product_cat":[60,83],"product_tag":[],"class_list":{"0":"post-94394","1":"product","2":"type-product","3":"status-publish","4":"has-post-thumbnail","6":"product_cat-hemelektronik","7":"product_cat-ljudsystem-hogtalare","9":"first","10":"outofstock","11":"taxable","12":"shipping-taxable","13":"purchasable","14":"product-type-simple"},"yoast_head":"<!-- This site is optimized with the Yoast SEO Premium plugin v26.7 (Yoast SEO v26.7) - https:\/\/yoast.com\/wordpress\/plugins\/seo\/ -->\n<title>Bluetooth-h\u00f6gtalare med st\u00e4mningsbelysning och Toppeffekt p\u00e5 60 W<\/title>\n<meta name=\"description\" content=\"Bluetooth-h\u00f6gtalare med st\u00e4mningsbelysning och Toppeffekt p\u00e5 60 W str\u00f6mma din egen spellista och skapa r\u00e4tt st\u00e4mning f\u00f6r alla tillf\u00e4llen.\" \/>\n<meta name=\"robots\" content=\"index, follow, max-snippet:-1, max-image-preview:large, max-video-preview:-1\" \/>\n<link rel=\"canonical\" href=\"https:\/\/www.heddata.se\/webbutik\/produkt\/bluetooth-hogtalare-med-stamningsbelysning-och-toppeffekt-pa-60-w\/\" \/>\n<meta property=\"og:locale\" content=\"sv_SE\" \/>\n<meta property=\"og:type\" content=\"article\" \/>\n<meta property=\"og:title\" content=\"Bluetooth-h\u00f6gtalare med st\u00e4mningsbelysning och Toppeffekt p\u00e5 60 W\" \/>\n<meta property=\"og:description\" content=\"Bluetooth-h\u00f6gtalare med st\u00e4mningsbelysning och Toppeffekt p\u00e5 60 W str\u00f6mma din egen spellista och skapa r\u00e4tt st\u00e4mning f\u00f6r alla tillf\u00e4llen.\" \/>\n<meta property=\"og:url\" content=\"https:\/\/www.heddata.se\/webbutik\/produkt\/bluetooth-hogtalare-med-stamningsbelysning-och-toppeffekt-pa-60-w\/\" \/>\n<meta property=\"og:site_name\" content=\"Datorer, Skrivare, F\u00e4rgpatroner, Mobiltelefoner\" \/>\n<meta property=\"article:modified_time\" content=\"2026-04-08T10:04:10+00:00\" \/>\n<meta property=\"og:image\" content=\"https:\/\/www.heddata.se\/webbutik\/wp-content\/uploads\/webbutik\/kategorier\/hemelektronik\/spbt35805wt.jpeg\" \/>\n\t<meta property=\"og:image:width\" content=\"1200\" \/>\n\t<meta property=\"og:image:height\" content=\"1200\" \/>\n\t<meta property=\"og:image:type\" content=\"image\/jpeg\" \/>\n<meta name=\"twitter:card\" content=\"summary_large_image\" \/>\n<meta name=\"twitter:label1\" content=\"Ber\u00e4knad l\u00e4stid\" \/>\n\t<meta name=\"twitter:data1\" content=\"2 minuter\" \/>\n<script type=\"application\/ld+json\" class=\"yoast-schema-graph\">{\"@context\":\"https:\/\/schema.org\",\"@graph\":[{\"@type\":\"WebPage\",\"@id\":\"https:\/\/www.heddata.se\/webbutik\/produkt\/bluetooth-hogtalare-med-stamningsbelysning-och-toppeffekt-pa-60-w\/\",\"url\":\"https:\/\/www.heddata.se\/webbutik\/produkt\/bluetooth-hogtalare-med-stamningsbelysning-och-toppeffekt-pa-60-w\/\",\"name\":\"Bluetooth-h\u00f6gtalare med st\u00e4mningsbelysning och Toppeffekt p\u00e5 60 W\",\"isPartOf\":{\"@id\":\"https:\/\/www.heddata.se\/webbutik\/#website\"},\"primaryImageOfPage\":{\"@id\":\"https:\/\/www.heddata.se\/webbutik\/produkt\/bluetooth-hogtalare-med-stamningsbelysning-och-toppeffekt-pa-60-w\/#primaryimage\"},\"image\":{\"@id\":\"https:\/\/www.heddata.se\/webbutik\/produkt\/bluetooth-hogtalare-med-stamningsbelysning-och-toppeffekt-pa-60-w\/#primaryimage\"},\"thumbnailUrl\":\"https:\/\/www.heddata.se\/webbutik\/wp-content\/uploads\/webbutik\/kategorier\/hemelektronik\/spbt35805wt.jpeg\",\"datePublished\":\"2023-10-06T07:18:31+00:00\",\"dateModified\":\"2026-04-08T10:04:10+00:00\",\"description\":\"Bluetooth-h\u00f6gtalare med st\u00e4mningsbelysning och Toppeffekt p\u00e5 60 W str\u00f6mma din egen spellista och skapa r\u00e4tt st\u00e4mning f\u00f6r alla tillf\u00e4llen.\",\"breadcrumb\":{\"@id\":\"https:\/\/www.heddata.se\/webbutik\/produkt\/bluetooth-hogtalare-med-stamningsbelysning-och-toppeffekt-pa-60-w\/#breadcrumb\"},\"inLanguage\":\"sv-SE\",\"potentialAction\":[{\"@type\":\"ReadAction\",\"target\":[\"https:\/\/www.heddata.se\/webbutik\/produkt\/bluetooth-hogtalare-med-stamningsbelysning-och-toppeffekt-pa-60-w\/\"]}]},{\"@type\":\"ImageObject\",\"inLanguage\":\"sv-SE\",\"@id\":\"https:\/\/www.heddata.se\/webbutik\/produkt\/bluetooth-hogtalare-med-stamningsbelysning-och-toppeffekt-pa-60-w\/#primaryimage\",\"url\":\"https:\/\/www.heddata.se\/webbutik\/wp-content\/uploads\/webbutik\/kategorier\/hemelektronik\/spbt35805wt.jpeg\",\"contentUrl\":\"https:\/\/www.heddata.se\/webbutik\/wp-content\/uploads\/webbutik\/kategorier\/hemelektronik\/spbt35805wt.jpeg\",\"width\":1200,\"height\":1200,\"caption\":\"Bluetooth-h\u00f6gtalare med st\u00e4mningsbelysning\"},{\"@type\":\"BreadcrumbList\",\"@id\":\"https:\/\/www.heddata.se\/webbutik\/produkt\/bluetooth-hogtalare-med-stamningsbelysning-och-toppeffekt-pa-60-w\/#breadcrumb\",\"itemListElement\":[{\"@type\":\"ListItem\",\"position\":1,\"name\":\"Hem\",\"item\":\"https:\/\/www.heddata.se\/webbutik\/\"},{\"@type\":\"ListItem\",\"position\":2,\"name\":\"Produkter\",\"item\":\"https:\/\/www.heddata.se\/webbutik\/shop\/\"},{\"@type\":\"ListItem\",\"position\":3,\"name\":\"Bluetooth-h\u00f6gtalare med st\u00e4mningsbelysning och Toppeffekt p\u00e5 60 W\"}]},{\"@type\":\"WebSite\",\"@id\":\"https:\/\/www.heddata.se\/webbutik\/#website\",\"url\":\"https:\/\/www.heddata.se\/webbutik\/\",\"name\":\"Datorer, Skrivare, F\u00e4rgpatroner, Mobiltelefoner\",\"description\":\"Kablar\",\"publisher\":{\"@id\":\"https:\/\/www.heddata.se\/webbutik\/#organization\"},\"potentialAction\":[{\"@type\":\"SearchAction\",\"target\":{\"@type\":\"EntryPoint\",\"urlTemplate\":\"https:\/\/www.heddata.se\/webbutik\/?s={search_term_string}\"},\"query-input\":{\"@type\":\"PropertyValueSpecification\",\"valueRequired\":true,\"valueName\":\"search_term_string\"}}],\"inLanguage\":\"sv-SE\"},{\"@type\":\"Organization\",\"@id\":\"https:\/\/www.heddata.se\/webbutik\/#organization\",\"name\":\"Heddata AB\",\"url\":\"https:\/\/www.heddata.se\/webbutik\/\",\"logo\":{\"@type\":\"ImageObject\",\"inLanguage\":\"sv-SE\",\"@id\":\"https:\/\/www.heddata.se\/webbutik\/#\/schema\/logo\/image\/\",\"url\":\"https:\/\/www.heddata.se\/webbutik\/wp-content\/uploads\/logga\/heddata-ab-logga.png\",\"contentUrl\":\"https:\/\/www.heddata.se\/webbutik\/wp-content\/uploads\/logga\/heddata-ab-logga.png\",\"width\":200,\"height\":64,\"caption\":\"Heddata AB\"},\"image\":{\"@id\":\"https:\/\/www.heddata.se\/webbutik\/#\/schema\/logo\/image\/\"}}]}<\/script>\n<!-- \/ Yoast SEO Premium plugin. -->","yoast_head_json":{"title":"Bluetooth-h\u00f6gtalare med st\u00e4mningsbelysning och Toppeffekt p\u00e5 60 W","description":"Bluetooth-h\u00f6gtalare med st\u00e4mningsbelysning och Toppeffekt p\u00e5 60 W str\u00f6mma din egen spellista och skapa r\u00e4tt st\u00e4mning f\u00f6r alla tillf\u00e4llen.","robots":{"index":"index","follow":"follow","max-snippet":"max-snippet:-1","max-image-preview":"max-image-preview:large","max-video-preview":"max-video-preview:-1"},"canonical":"https:\/\/www.heddata.se\/webbutik\/produkt\/bluetooth-hogtalare-med-stamningsbelysning-och-toppeffekt-pa-60-w\/","og_locale":"sv_SE","og_type":"article","og_title":"Bluetooth-h\u00f6gtalare med st\u00e4mningsbelysning och Toppeffekt p\u00e5 60 W","og_description":"Bluetooth-h\u00f6gtalare med st\u00e4mningsbelysning och Toppeffekt p\u00e5 60 W str\u00f6mma din egen spellista och skapa r\u00e4tt st\u00e4mning f\u00f6r alla tillf\u00e4llen.","og_url":"https:\/\/www.heddata.se\/webbutik\/produkt\/bluetooth-hogtalare-med-stamningsbelysning-och-toppeffekt-pa-60-w\/","og_site_name":"Datorer, Skrivare, F\u00e4rgpatroner, Mobiltelefoner","article_modified_time":"2026-04-08T10:04:10+00:00","og_image":[{"width":1200,"height":1200,"url":"https:\/\/www.heddata.se\/webbutik\/wp-content\/uploads\/webbutik\/kategorier\/hemelektronik\/spbt35805wt.jpeg","type":"image\/jpeg"}],"twitter_card":"summary_large_image","twitter_misc":{"Ber\u00e4knad l\u00e4stid":"2 minuter"},"schema":{"@context":"https:\/\/schema.org","@graph":[{"@type":"WebPage","@id":"https:\/\/www.heddata.se\/webbutik\/produkt\/bluetooth-hogtalare-med-stamningsbelysning-och-toppeffekt-pa-60-w\/","url":"https:\/\/www.heddata.se\/webbutik\/produkt\/bluetooth-hogtalare-med-stamningsbelysning-och-toppeffekt-pa-60-w\/","name":"Bluetooth-h\u00f6gtalare med st\u00e4mningsbelysning och Toppeffekt p\u00e5 60 W","isPartOf":{"@id":"https:\/\/www.heddata.se\/webbutik\/#website"},"primaryImageOfPage":{"@id":"https:\/\/www.heddata.se\/webbutik\/produkt\/bluetooth-hogtalare-med-stamningsbelysning-och-toppeffekt-pa-60-w\/#primaryimage"},"image":{"@id":"https:\/\/www.heddata.se\/webbutik\/produkt\/bluetooth-hogtalare-med-stamningsbelysning-och-toppeffekt-pa-60-w\/#primaryimage"},"thumbnailUrl":"https:\/\/www.heddata.se\/webbutik\/wp-content\/uploads\/webbutik\/kategorier\/hemelektronik\/spbt35805wt.jpeg","datePublished":"2023-10-06T07:18:31+00:00","dateModified":"2026-04-08T10:04:10+00:00","description":"Bluetooth-h\u00f6gtalare med st\u00e4mningsbelysning och Toppeffekt p\u00e5 60 W str\u00f6mma din egen spellista och skapa r\u00e4tt st\u00e4mning f\u00f6r alla tillf\u00e4llen.","breadcrumb":{"@id":"https:\/\/www.heddata.se\/webbutik\/produkt\/bluetooth-hogtalare-med-stamningsbelysning-och-toppeffekt-pa-60-w\/#breadcrumb"},"inLanguage":"sv-SE","potentialAction":[{"@type":"ReadAction","target":["https:\/\/www.heddata.se\/webbutik\/produkt\/bluetooth-hogtalare-med-stamningsbelysning-och-toppeffekt-pa-60-w\/"]}]},{"@type":"ImageObject","inLanguage":"sv-SE","@id":"https:\/\/www.heddata.se\/webbutik\/produkt\/bluetooth-hogtalare-med-stamningsbelysning-och-toppeffekt-pa-60-w\/#primaryimage","url":"https:\/\/www.heddata.se\/webbutik\/wp-content\/uploads\/webbutik\/kategorier\/hemelektronik\/spbt35805wt.jpeg","contentUrl":"https:\/\/www.heddata.se\/webbutik\/wp-content\/uploads\/webbutik\/kategorier\/hemelektronik\/spbt35805wt.jpeg","width":1200,"height":1200,"caption":"Bluetooth-h\u00f6gtalare med st\u00e4mningsbelysning"},{"@type":"BreadcrumbList","@id":"https:\/\/www.heddata.se\/webbutik\/produkt\/bluetooth-hogtalare-med-stamningsbelysning-och-toppeffekt-pa-60-w\/#breadcrumb","itemListElement":[{"@type":"ListItem","position":1,"name":"Hem","item":"https:\/\/www.heddata.se\/webbutik\/"},{"@type":"ListItem","position":2,"name":"Produkter","item":"https:\/\/www.heddata.se\/webbutik\/shop\/"},{"@type":"ListItem","position":3,"name":"Bluetooth-h\u00f6gtalare med st\u00e4mningsbelysning och Toppeffekt p\u00e5 60 W"}]},{"@type":"WebSite","@id":"https:\/\/www.heddata.se\/webbutik\/#website","url":"https:\/\/www.heddata.se\/webbutik\/","name":"Datorer, Skrivare, F\u00e4rgpatroner, Mobiltelefoner","description":"Kablar","publisher":{"@id":"https:\/\/www.heddata.se\/webbutik\/#organization"},"potentialAction":[{"@type":"SearchAction","target":{"@type":"EntryPoint","urlTemplate":"https:\/\/www.heddata.se\/webbutik\/?s={search_term_string}"},"query-input":{"@type":"PropertyValueSpecification","valueRequired":true,"valueName":"search_term_string"}}],"inLanguage":"sv-SE"},{"@type":"Organization","@id":"https:\/\/www.heddata.se\/webbutik\/#organization","name":"Heddata AB","url":"https:\/\/www.heddata.se\/webbutik\/","logo":{"@type":"ImageObject","inLanguage":"sv-SE","@id":"https:\/\/www.heddata.se\/webbutik\/#\/schema\/logo\/image\/","url":"https:\/\/www.heddata.se\/webbutik\/wp-content\/uploads\/logga\/heddata-ab-logga.png","contentUrl":"https:\/\/www.heddata.se\/webbutik\/wp-content\/uploads\/logga\/heddata-ab-logga.png","width":200,"height":64,"caption":"Heddata AB"},"image":{"@id":"https:\/\/www.heddata.se\/webbutik\/#\/schema\/logo\/image\/"}}]}},"_links":{"self":[{"href":"https:\/\/www.heddata.se\/webbutik\/wp-json\/wp\/v2\/product\/94394","targetHints":{"allow":["GET"]}}],"collection":[{"href":"https:\/\/www.heddata.se\/webbutik\/wp-json\/wp\/v2\/product"}],"about":[{"href":"https:\/\/www.heddata.se\/webbutik\/wp-json\/wp\/v2\/types\/product"}],"wp:featuredmedia":[{"embeddable":true,"href":"https:\/\/www.heddata.se\/webbutik\/wp-json\/wp\/v2\/media\/94632"}],"wp:attachment":[{"href":"https:\/\/www.heddata.se\/webbutik\/wp-json\/wp\/v2\/media?parent=94394"}],"wp:term":[{"taxonomy":"product_brand","embeddable":true,"href":"https:\/\/www.heddata.se\/webbutik\/wp-json\/wp\/v2\/product_brand?post=94394"},{"taxonomy":"product_cat","embeddable":true,"href":"https:\/\/www.heddata.se\/webbutik\/wp-json\/wp\/v2\/product_cat?post=94394"},{"taxonomy":"product_tag","embeddable":true,"href":"https:\/\/www.heddata.se\/webbutik\/wp-json\/wp\/v2\/product_tag?post=94394"}],"curies":[{"name":"wp","href":"https:\/\/api.w.org\/{rel}","templated":true}]}}