{"id":94336,"date":"2023-09-28T09:18:05","date_gmt":"2023-09-28T07:18:05","guid":{"rendered":"https:\/\/www.heddata.se\/webbutik\/?post_type=product&#038;p=94336"},"modified":"2026-04-08T12:08:52","modified_gmt":"2026-04-08T10:08:52","slug":"tp-link-ac2600-re650-wifi-extender","status":"publish","type":"product","link":"https:\/\/www.heddata.se\/webbutik\/produkt\/tp-link-ac2600-re650-wifi-extender\/","title":{"rendered":"TP-Link AC2600 RE650 WiFi-extender"},"content":{"rendered":"<div class=\"header\">\n<h1>TP-Link AC2600 RE650 WiFi-extender<\/h1>\n<\/div>\n<div class=\"description\">TP-Link AC2600 Wi-Fi Range Extender RE650 &#8211; WiFi-extender &#8211; GigE &#8211; Wi-Fi 5 &#8211; 2.4 GHz, 5 GHz<\/div>\n<div><\/div>\n<div>\n<table class=\"table table-specs table-striped\">\n<tbody>\n<tr>\n<th colspan=\"2\"><span class=\"text-primary\">Allm\u00e4nt<\/span><\/th>\n<\/tr>\n<tr>\n<td class=\"header\">Bredd<\/td>\n<td class=\"value\">16.3 cm<\/td>\n<\/tr>\n<tr>\n<td class=\"header\">Djup<\/td>\n<td class=\"value\">8.6 cm<\/td>\n<\/tr>\n<tr>\n<td class=\"header\">H\u00f6jd<\/td>\n<td class=\"value\">4 cm<\/td>\n<\/tr>\n<tr>\n<td class=\"header\">Lokalisering<\/td>\n<td class=\"value\">Storbritannien, F\u00f6renta Staterna, Europa<\/td>\n<\/tr>\n<tr>\n<td class=\"header\">Typ av enhet<\/td>\n<td class=\"value\">R\u00e4ckvidds\u00f6kare f\u00f6r wifi<\/td>\n<\/tr>\n<tr>\n<th colspan=\"2\"><span class=\"text-primary\">N\u00e4tverksfunktioner<\/span><\/th>\n<\/tr>\n<tr>\n<td class=\"header\">Anslutningsteknik<\/td>\n<td class=\"value\">Tr\u00e5dl\u00f6s, kabelansluten<\/td>\n<\/tr>\n<tr>\n<td class=\"header\">Datal\u00e4nkprotokoll<\/td>\n<td class=\"value\">Ethernet, Fast Ethernet, Gigabit Ethernet, IEEE 802.11b, IEEE 802.11a, IEEE 802.11g, IEEE 802.11n, IEEE 802.11ac<\/td>\n<\/tr>\n<tr>\n<td class=\"header\">Data\u00f6verf\u00f6ringshastighet<\/td>\n<td class=\"value\">1733 Mbps<\/td>\n<\/tr>\n<tr>\n<td class=\"header\">Formfaktor<\/td>\n<td class=\"value\">Extern<\/td>\n<\/tr>\n<tr>\n<td class=\"header\">Frekvensband<\/td>\n<td class=\"value\">2.4 GHz, 5 GHz<\/td>\n<\/tr>\n<tr>\n<td class=\"header\">Funktioner<\/td>\n<td class=\"value\">Wi-Fi Protected Setup (WPS)<\/td>\n<\/tr>\n<tr>\n<td class=\"header\">Krypteringsalgoritm<\/td>\n<td class=\"value\">128-bitars WEP, 64-bitars WEP, WPA-PSK, WPA2-PSK<\/td>\n<\/tr>\n<tr>\n<td class=\"header\">Standarder som f\u00f6ljs<\/td>\n<td class=\"value\">IEEE 802.11b, IEEE 802.11a, IEEE 802.11g, IEEE 802.11n, IEEE 802.11ac<\/td>\n<\/tr>\n<tr>\n<th colspan=\"2\"><span class=\"text-primary\">Antenn<\/span><\/th>\n<\/tr>\n<tr>\n<td class=\"header\">Antal antenner<\/td>\n<td class=\"value\">4<\/td>\n<\/tr>\n<tr>\n<td class=\"header\">Antenn<\/td>\n<td class=\"value\">Extern inbyggd<\/td>\n<\/tr>\n<tr>\n<th colspan=\"2\"><span class=\"text-primary\">Expansion\/Anslutning<\/span><\/th>\n<\/tr>\n<tr>\n<td class=\"header\">Gr\u00e4nssnitt<\/td>\n<td class=\"value\">1 x 1000Base-T &#8211; RJ-45<\/td>\n<\/tr>\n<tr>\n<th colspan=\"2\"><span class=\"text-primary\">Str\u00f6mtillf\u00f6rsel<\/span><\/th>\n<\/tr>\n<tr>\n<td class=\"header\">Energif\u00f6rbrukning vid drift<\/td>\n<td class=\"value\">12 Watt<\/td>\n<\/tr>\n<tr>\n<td class=\"header\">N\u00e4tdel<\/td>\n<td class=\"value\">Intern str\u00f6mf\u00f6rs\u00f6rjning<\/td>\n<\/tr>\n<tr>\n<th colspan=\"2\"><span class=\"text-primary\">Milj\u00f6parametrar<\/span><\/th>\n<\/tr>\n<tr>\n<td class=\"header\">Luftfuktighet vid drift<\/td>\n<td class=\"value\">10 &#8211; 90 % (icke-kondenserade)<\/td>\n<\/tr>\n<\/tbody>\n<\/table>\n<\/div>\n<p>&nbsp;<\/p>\n<p><a href=\"https:\/\/www.heddata.se\/webbutik\/accesspunkter-och-natverksforlangare\/\">KOLLA \u00c4VEN RESTEN AV V\u00c5RT SORTIMENT<\/a><\/p>\n","protected":false},"excerpt":{"rendered":"<p>TP-Link AC2600 RE650 WiFi-extender TP-Link AC2600 Wi-Fi Range Extender RE650 &#8211; WiFi-extender &#8211; GigE &#8211; Wi-Fi 5 &#8211; 2.4 GHz, 5 GHz Allm\u00e4nt Bredd 16.3 cm Djup 8.6 cm H\u00f6jd 4 cm Lokalisering Storbritannien, F\u00f6renta Staterna, Europa Typ av enhet R\u00e4ckvidds\u00f6kare f\u00f6r wifi N\u00e4tverksfunktioner Anslutningsteknik Tr\u00e5dl\u00f6s, kabelansluten Datal\u00e4nkprotokoll Ethernet, Fast Ethernet, Gigabit Ethernet, IEEE 802.11b, [&#8230;]\n","protected":false},"featured_media":94354,"template":"","meta":[],"product_brand":[],"product_cat":[8980,70],"product_tag":[],"class_list":{"0":"post-94336","1":"product","2":"type-product","3":"status-publish","4":"has-post-thumbnail","6":"product_cat-accesspunkter-och-natverksforlangare","7":"product_cat-natverk","9":"first","10":"outofstock","11":"taxable","12":"shipping-taxable","13":"purchasable","14":"product-type-simple"},"yoast_head":"<!-- This site is optimized with the Yoast SEO Premium plugin v26.7 (Yoast SEO v26.7) - https:\/\/yoast.com\/wordpress\/plugins\/seo\/ -->\n<title>TP-Link AC2600 RE650 WiFi-extender - Datorer, Skrivare, F\u00e4rgpatroner, Mobiltelefoner<\/title>\n<meta name=\"description\" content=\"TP-Link AC2600 Wi-Fi Range RE650 WiFi-extender som du snabbt parkopplar och kan sen f\u00e4rl\u00e4nga n\u00e4tverk och anv\u00e4ndandet.\" \/>\n<meta name=\"robots\" content=\"index, follow, max-snippet:-1, max-image-preview:large, max-video-preview:-1\" \/>\n<link rel=\"canonical\" href=\"https:\/\/www.heddata.se\/webbutik\/produkt\/tp-link-ac2600-re650-wifi-extender\/\" \/>\n<meta property=\"og:locale\" content=\"sv_SE\" \/>\n<meta property=\"og:type\" content=\"article\" \/>\n<meta property=\"og:title\" content=\"TP-Link AC2600 RE650 WiFi-extender\" \/>\n<meta property=\"og:description\" content=\"TP-Link AC2600 Wi-Fi Range RE650 WiFi-extender som du snabbt parkopplar och kan sen f\u00e4rl\u00e4nga n\u00e4tverk och anv\u00e4ndandet.\" \/>\n<meta property=\"og:url\" content=\"https:\/\/www.heddata.se\/webbutik\/produkt\/tp-link-ac2600-re650-wifi-extender\/\" \/>\n<meta property=\"og:site_name\" content=\"Datorer, Skrivare, F\u00e4rgpatroner, Mobiltelefoner\" \/>\n<meta property=\"article:modified_time\" content=\"2026-04-08T10:08:52+00:00\" \/>\n<meta property=\"og:image\" content=\"https:\/\/www.heddata.se\/webbutik\/wp-content\/uploads\/434a9920-d7f7-4227-ad6b-a853048e242d.jpg\" \/>\n\t<meta property=\"og:image:width\" content=\"800\" \/>\n\t<meta property=\"og:image:height\" content=\"600\" \/>\n\t<meta property=\"og:image:type\" content=\"image\/jpeg\" \/>\n<meta name=\"twitter:card\" content=\"summary_large_image\" \/>\n<meta name=\"twitter:label1\" content=\"Ber\u00e4knad l\u00e4stid\" \/>\n\t<meta name=\"twitter:data1\" content=\"1 minut\" \/>\n<script type=\"application\/ld+json\" class=\"yoast-schema-graph\">{\"@context\":\"https:\/\/schema.org\",\"@graph\":[{\"@type\":\"WebPage\",\"@id\":\"https:\/\/www.heddata.se\/webbutik\/produkt\/tp-link-ac2600-re650-wifi-extender\/\",\"url\":\"https:\/\/www.heddata.se\/webbutik\/produkt\/tp-link-ac2600-re650-wifi-extender\/\",\"name\":\"TP-Link AC2600 RE650 WiFi-extender - Datorer, Skrivare, F\u00e4rgpatroner, Mobiltelefoner\",\"isPartOf\":{\"@id\":\"https:\/\/www.heddata.se\/webbutik\/#website\"},\"primaryImageOfPage\":{\"@id\":\"https:\/\/www.heddata.se\/webbutik\/produkt\/tp-link-ac2600-re650-wifi-extender\/#primaryimage\"},\"image\":{\"@id\":\"https:\/\/www.heddata.se\/webbutik\/produkt\/tp-link-ac2600-re650-wifi-extender\/#primaryimage\"},\"thumbnailUrl\":\"https:\/\/www.heddata.se\/webbutik\/wp-content\/uploads\/434a9920-d7f7-4227-ad6b-a853048e242d.jpg\",\"datePublished\":\"2023-09-28T07:18:05+00:00\",\"dateModified\":\"2026-04-08T10:08:52+00:00\",\"description\":\"TP-Link AC2600 Wi-Fi Range RE650 WiFi-extender som du snabbt parkopplar och kan sen f\u00e4rl\u00e4nga n\u00e4tverk och anv\u00e4ndandet.\",\"breadcrumb\":{\"@id\":\"https:\/\/www.heddata.se\/webbutik\/produkt\/tp-link-ac2600-re650-wifi-extender\/#breadcrumb\"},\"inLanguage\":\"sv-SE\",\"potentialAction\":[{\"@type\":\"ReadAction\",\"target\":[\"https:\/\/www.heddata.se\/webbutik\/produkt\/tp-link-ac2600-re650-wifi-extender\/\"]}]},{\"@type\":\"ImageObject\",\"inLanguage\":\"sv-SE\",\"@id\":\"https:\/\/www.heddata.se\/webbutik\/produkt\/tp-link-ac2600-re650-wifi-extender\/#primaryimage\",\"url\":\"https:\/\/www.heddata.se\/webbutik\/wp-content\/uploads\/434a9920-d7f7-4227-ad6b-a853048e242d.jpg\",\"contentUrl\":\"https:\/\/www.heddata.se\/webbutik\/wp-content\/uploads\/434a9920-d7f7-4227-ad6b-a853048e242d.jpg\",\"width\":800,\"height\":600,\"caption\":\"TP-Link AC2600 RE650 WiFi-extender\"},{\"@type\":\"BreadcrumbList\",\"@id\":\"https:\/\/www.heddata.se\/webbutik\/produkt\/tp-link-ac2600-re650-wifi-extender\/#breadcrumb\",\"itemListElement\":[{\"@type\":\"ListItem\",\"position\":1,\"name\":\"Hem\",\"item\":\"https:\/\/www.heddata.se\/webbutik\/\"},{\"@type\":\"ListItem\",\"position\":2,\"name\":\"Produkter\",\"item\":\"https:\/\/www.heddata.se\/webbutik\/shop\/\"},{\"@type\":\"ListItem\",\"position\":3,\"name\":\"TP-Link AC2600 RE650 WiFi-extender\"}]},{\"@type\":\"WebSite\",\"@id\":\"https:\/\/www.heddata.se\/webbutik\/#website\",\"url\":\"https:\/\/www.heddata.se\/webbutik\/\",\"name\":\"Datorer, Skrivare, F\u00e4rgpatroner, Mobiltelefoner\",\"description\":\"Kablar\",\"publisher\":{\"@id\":\"https:\/\/www.heddata.se\/webbutik\/#organization\"},\"potentialAction\":[{\"@type\":\"SearchAction\",\"target\":{\"@type\":\"EntryPoint\",\"urlTemplate\":\"https:\/\/www.heddata.se\/webbutik\/?s={search_term_string}\"},\"query-input\":{\"@type\":\"PropertyValueSpecification\",\"valueRequired\":true,\"valueName\":\"search_term_string\"}}],\"inLanguage\":\"sv-SE\"},{\"@type\":\"Organization\",\"@id\":\"https:\/\/www.heddata.se\/webbutik\/#organization\",\"name\":\"Heddata AB\",\"url\":\"https:\/\/www.heddata.se\/webbutik\/\",\"logo\":{\"@type\":\"ImageObject\",\"inLanguage\":\"sv-SE\",\"@id\":\"https:\/\/www.heddata.se\/webbutik\/#\/schema\/logo\/image\/\",\"url\":\"https:\/\/www.heddata.se\/webbutik\/wp-content\/uploads\/logga\/heddata-ab-logga.png\",\"contentUrl\":\"https:\/\/www.heddata.se\/webbutik\/wp-content\/uploads\/logga\/heddata-ab-logga.png\",\"width\":200,\"height\":64,\"caption\":\"Heddata AB\"},\"image\":{\"@id\":\"https:\/\/www.heddata.se\/webbutik\/#\/schema\/logo\/image\/\"}}]}<\/script>\n<!-- \/ Yoast SEO Premium plugin. -->","yoast_head_json":{"title":"TP-Link AC2600 RE650 WiFi-extender - Datorer, Skrivare, F\u00e4rgpatroner, Mobiltelefoner","description":"TP-Link AC2600 Wi-Fi Range RE650 WiFi-extender som du snabbt parkopplar och kan sen f\u00e4rl\u00e4nga n\u00e4tverk och anv\u00e4ndandet.","robots":{"index":"index","follow":"follow","max-snippet":"max-snippet:-1","max-image-preview":"max-image-preview:large","max-video-preview":"max-video-preview:-1"},"canonical":"https:\/\/www.heddata.se\/webbutik\/produkt\/tp-link-ac2600-re650-wifi-extender\/","og_locale":"sv_SE","og_type":"article","og_title":"TP-Link AC2600 RE650 WiFi-extender","og_description":"TP-Link AC2600 Wi-Fi Range RE650 WiFi-extender som du snabbt parkopplar och kan sen f\u00e4rl\u00e4nga n\u00e4tverk och anv\u00e4ndandet.","og_url":"https:\/\/www.heddata.se\/webbutik\/produkt\/tp-link-ac2600-re650-wifi-extender\/","og_site_name":"Datorer, Skrivare, F\u00e4rgpatroner, Mobiltelefoner","article_modified_time":"2026-04-08T10:08:52+00:00","og_image":[{"width":800,"height":600,"url":"https:\/\/www.heddata.se\/webbutik\/wp-content\/uploads\/434a9920-d7f7-4227-ad6b-a853048e242d.jpg","type":"image\/jpeg"}],"twitter_card":"summary_large_image","twitter_misc":{"Ber\u00e4knad l\u00e4stid":"1 minut"},"schema":{"@context":"https:\/\/schema.org","@graph":[{"@type":"WebPage","@id":"https:\/\/www.heddata.se\/webbutik\/produkt\/tp-link-ac2600-re650-wifi-extender\/","url":"https:\/\/www.heddata.se\/webbutik\/produkt\/tp-link-ac2600-re650-wifi-extender\/","name":"TP-Link AC2600 RE650 WiFi-extender - Datorer, Skrivare, F\u00e4rgpatroner, Mobiltelefoner","isPartOf":{"@id":"https:\/\/www.heddata.se\/webbutik\/#website"},"primaryImageOfPage":{"@id":"https:\/\/www.heddata.se\/webbutik\/produkt\/tp-link-ac2600-re650-wifi-extender\/#primaryimage"},"image":{"@id":"https:\/\/www.heddata.se\/webbutik\/produkt\/tp-link-ac2600-re650-wifi-extender\/#primaryimage"},"thumbnailUrl":"https:\/\/www.heddata.se\/webbutik\/wp-content\/uploads\/434a9920-d7f7-4227-ad6b-a853048e242d.jpg","datePublished":"2023-09-28T07:18:05+00:00","dateModified":"2026-04-08T10:08:52+00:00","description":"TP-Link AC2600 Wi-Fi Range RE650 WiFi-extender som du snabbt parkopplar och kan sen f\u00e4rl\u00e4nga n\u00e4tverk och anv\u00e4ndandet.","breadcrumb":{"@id":"https:\/\/www.heddata.se\/webbutik\/produkt\/tp-link-ac2600-re650-wifi-extender\/#breadcrumb"},"inLanguage":"sv-SE","potentialAction":[{"@type":"ReadAction","target":["https:\/\/www.heddata.se\/webbutik\/produkt\/tp-link-ac2600-re650-wifi-extender\/"]}]},{"@type":"ImageObject","inLanguage":"sv-SE","@id":"https:\/\/www.heddata.se\/webbutik\/produkt\/tp-link-ac2600-re650-wifi-extender\/#primaryimage","url":"https:\/\/www.heddata.se\/webbutik\/wp-content\/uploads\/434a9920-d7f7-4227-ad6b-a853048e242d.jpg","contentUrl":"https:\/\/www.heddata.se\/webbutik\/wp-content\/uploads\/434a9920-d7f7-4227-ad6b-a853048e242d.jpg","width":800,"height":600,"caption":"TP-Link AC2600 RE650 WiFi-extender"},{"@type":"BreadcrumbList","@id":"https:\/\/www.heddata.se\/webbutik\/produkt\/tp-link-ac2600-re650-wifi-extender\/#breadcrumb","itemListElement":[{"@type":"ListItem","position":1,"name":"Hem","item":"https:\/\/www.heddata.se\/webbutik\/"},{"@type":"ListItem","position":2,"name":"Produkter","item":"https:\/\/www.heddata.se\/webbutik\/shop\/"},{"@type":"ListItem","position":3,"name":"TP-Link AC2600 RE650 WiFi-extender"}]},{"@type":"WebSite","@id":"https:\/\/www.heddata.se\/webbutik\/#website","url":"https:\/\/www.heddata.se\/webbutik\/","name":"Datorer, Skrivare, F\u00e4rgpatroner, Mobiltelefoner","description":"Kablar","publisher":{"@id":"https:\/\/www.heddata.se\/webbutik\/#organization"},"potentialAction":[{"@type":"SearchAction","target":{"@type":"EntryPoint","urlTemplate":"https:\/\/www.heddata.se\/webbutik\/?s={search_term_string}"},"query-input":{"@type":"PropertyValueSpecification","valueRequired":true,"valueName":"search_term_string"}}],"inLanguage":"sv-SE"},{"@type":"Organization","@id":"https:\/\/www.heddata.se\/webbutik\/#organization","name":"Heddata AB","url":"https:\/\/www.heddata.se\/webbutik\/","logo":{"@type":"ImageObject","inLanguage":"sv-SE","@id":"https:\/\/www.heddata.se\/webbutik\/#\/schema\/logo\/image\/","url":"https:\/\/www.heddata.se\/webbutik\/wp-content\/uploads\/logga\/heddata-ab-logga.png","contentUrl":"https:\/\/www.heddata.se\/webbutik\/wp-content\/uploads\/logga\/heddata-ab-logga.png","width":200,"height":64,"caption":"Heddata AB"},"image":{"@id":"https:\/\/www.heddata.se\/webbutik\/#\/schema\/logo\/image\/"}}]}},"_links":{"self":[{"href":"https:\/\/www.heddata.se\/webbutik\/wp-json\/wp\/v2\/product\/94336","targetHints":{"allow":["GET"]}}],"collection":[{"href":"https:\/\/www.heddata.se\/webbutik\/wp-json\/wp\/v2\/product"}],"about":[{"href":"https:\/\/www.heddata.se\/webbutik\/wp-json\/wp\/v2\/types\/product"}],"wp:featuredmedia":[{"embeddable":true,"href":"https:\/\/www.heddata.se\/webbutik\/wp-json\/wp\/v2\/media\/94354"}],"wp:attachment":[{"href":"https:\/\/www.heddata.se\/webbutik\/wp-json\/wp\/v2\/media?parent=94336"}],"wp:term":[{"taxonomy":"product_brand","embeddable":true,"href":"https:\/\/www.heddata.se\/webbutik\/wp-json\/wp\/v2\/product_brand?post=94336"},{"taxonomy":"product_cat","embeddable":true,"href":"https:\/\/www.heddata.se\/webbutik\/wp-json\/wp\/v2\/product_cat?post=94336"},{"taxonomy":"product_tag","embeddable":true,"href":"https:\/\/www.heddata.se\/webbutik\/wp-json\/wp\/v2\/product_tag?post=94336"}],"curies":[{"name":"wp","href":"https:\/\/api.w.org\/{rel}","templated":true}]}}