{"id":94204,"date":"2023-08-18T11:18:17","date_gmt":"2023-08-18T09:18:17","guid":{"rendered":"https:\/\/www.heddata.se\/webbutik\/?post_type=product&#038;p=94204"},"modified":"2026-05-05T17:13:11","modified_gmt":"2026-05-05T15:13:11","slug":"tradlos-laddning-med-usb-c-kabel","status":"publish","type":"product","link":"https:\/\/www.heddata.se\/webbutik\/produkt\/tradlos-laddning-med-usb-c-kabel\/","title":{"rendered":"Tr\u00e5dl\u00f6s laddning med USB-C kabel"},"content":{"rendered":"<div class=\"product-data row mb-2 text-nowrap\"><\/div>\n<div>\n<div class=\"d-flex flex-column\">\n<div class=\"position-relative\">\n<div class=\"\">\n<p class=\"p-0 m-0\"><strong style=\"font-size: 25.92px;color: #333333\">Tr\u00e5dl\u00f6s laddning<\/strong><\/p>\n<\/div>\n<p>5 \/ 7.5 \/ 10 \/ 15 W | 1.0 \/ 1.1 \/ 1.67 \/ 2 A | Kabel ing\u00e5r | USB Type-C\u2122 | 1.00 m<\/p>\n<\/div>\n<div class=\"product-data row mb-2 text-nowrap\">\n<div class=\"col-sm-12 col-md-auto\"><a href=\"https:\/\/nedis.se\/sv-se\/search?filterBrand=Nedis\"><strong>M\u00e4rke<\/strong>: Nedis<\/a><\/div>\n<div class=\"col-sm-12 col-md-auto\">\n<div><strong>Tillverkarens artikelnummer<\/strong>: WCHAQM200SI<\/div>\n<\/div>\n<div class=\"col-sm-12 col-md-auto\"><strong>Streckkod<\/strong>: 5412810408702<\/div>\n<\/div>\n<div>\n<div class=\"d-flex flex-column\">\n<div class=\"position-relative\">\n<div class=\"\">\n<p class=\"p-0 m-0\">\u2022 Magnetisk, tr\u00e5dl\u00f6s laddningsring med platt konstruktion i aluminium<br \/>\n\u2022 Snabb tr\u00e5dl\u00f6s laddning upp till 15\u00a0W<br \/>\n\u2022 Extra l\u00e5ng kabel med USB-C-kontakt<br \/>\n\u2022 Passar Apple iPhone 12 och senare<br \/>\n\u2022 Laddar alla Qi enheter<br \/>\n\u2022 L\u00e4tt konstruktion, enkel att ta med sig<\/p>\n<\/div>\n<p>Nedis b\u00e4rbara magnetiska tr\u00e5dl\u00f6sa laddningsring med USB-C-anslutning g\u00f6r att du kan leverera snabb tr\u00e5dl\u00f6s laddning p\u00e5 upp till 15\u00a0W f\u00f6r de senaste iPhone-modellerna, till exempel iPhone 12 och senare. Laddaren \u00e4r ocks\u00e5 kompatibel med alla Qi-aktiverade enheter.<\/p>\n<p>Den platta aluminiumdesignen g\u00f6r att du kan forts\u00e4tta anv\u00e4nda telefonen medan den laddas. Den magnetiska ringen garanterar att den alltid riktas in perfekt, medan den tunna, l\u00e4tta konstruktionen g\u00f6r laddaren perfekt, b\u00e5de f\u00f6r resor och anv\u00e4ndning hemma eller p\u00e5 kontoret.<\/p>\n<\/div>\n<h3>Produktspecifikationer<\/h3>\n<table class=\"table table-with-odd-background\">\n<tbody>\n<tr>\n<td class=\"col-4\">Bredd<\/td>\n<td class=\"col-8\">57 mm<\/td>\n<\/tr>\n<tr>\n<td class=\"col-4\">H\u00f6jd<\/td>\n<td class=\"col-8\">6 mm<\/td>\n<\/tr>\n<tr>\n<td class=\"col-4\">Djup<\/td>\n<td class=\"col-8\">57 mm<\/td>\n<\/tr>\n<tr>\n<td class=\"col-4\">Vikt<\/td>\n<td class=\"col-8\">46 g<\/td>\n<\/tr>\n<tr>\n<td class=\"col-4\">Kabell\u00e4ngd<\/td>\n<td class=\"col-8\">1.00 m<\/td>\n<\/tr>\n<tr>\n<td class=\"col-4\">Material<\/td>\n<td class=\"col-8\">Aluminium<\/td>\n<\/tr>\n<tr>\n<td class=\"col-4\">F\u00e4rg<\/td>\n<td class=\"col-8\">Aluminium<\/td>\n<\/tr>\n<tr>\n<td class=\"col-4\">Uteffekt<\/td>\n<td class=\"col-8\">10 W<br \/>\n15 W<br \/>\n7.5 W<br \/>\n5 W<\/td>\n<\/tr>\n<tr>\n<td class=\"col-4\">Typ av str\u00f6mk\u00e4lla<\/td>\n<td class=\"col-8\">Str\u00f6madapter<\/td>\n<\/tr>\n<tr>\n<td class=\"col-4\">Insp\u00e4nning<\/td>\n<td class=\"col-8\">5 V DC<br \/>\n9 V DC<\/td>\n<\/tr>\n<tr>\n<td class=\"col-4\">Utstr\u00f6m<\/td>\n<td class=\"col-8\">1.0 A<br \/>\n1.1 A<br \/>\n1.67 A<br \/>\n2 A<\/td>\n<\/tr>\n<tr>\n<td class=\"col-4\">Ing\u00e5ngsstr\u00f6m<\/td>\n<td class=\"col-8\">2 A<br \/>\n2.2 A<\/td>\n<\/tr>\n<tr>\n<td class=\"col-4\">Snabbladdnings funktion<\/td>\n<td class=\"col-8\">Ja<\/td>\n<\/tr>\n<tr>\n<td class=\"col-4\">Passar till enhet<\/td>\n<td class=\"col-8\">Smartphone<\/td>\n<\/tr>\n<tr>\n<td class=\"col-4\">Kompatibel med enhet<\/td>\n<td class=\"col-8\">Smartphone<\/td>\n<\/tr>\n<tr>\n<td class=\"col-4\">Kabel ing\u00e5r<\/td>\n<td class=\"col-8\">Ja<\/td>\n<\/tr>\n<tr>\n<td class=\"col-4\">S\u00e4kerhetsfunktioner<\/td>\n<td class=\"col-8\">Undersp\u00e4nning<br \/>\n\u00d6verstr\u00f6m<br \/>\nFOD<\/td>\n<\/tr>\n<tr>\n<td class=\"col-4\">Typ av laddare<\/td>\n<td class=\"col-8\">Universell<\/td>\n<\/tr>\n<tr>\n<td class=\"col-4\">Qi certifierad<\/td>\n<td class=\"col-8\">Nej<\/td>\n<\/tr>\n<tr>\n<td class=\"col-4\">Anslutning<\/td>\n<td class=\"col-8\">USB Type-C\u2122<\/td>\n<\/tr>\n<tr>\n<td class=\"col-4\">Antal varor i paketet<\/td>\n<td class=\"col-8\">1 st.<\/td>\n<\/tr>\n<tr>\n<td class=\"col-4\">Passar till m\u00e4rken<\/td>\n<td class=\"col-8\">Apple<\/td>\n<\/tr>\n<tr>\n<td class=\"col-4\">Diameter<\/td>\n<td class=\"col-8\">56 mm<\/td>\n<\/tr>\n<tr>\n<td class=\"col-4\">Maximal s\u00e4ndningseffekt<\/td>\n<td class=\"col-8\">-40 dB\u00b5A\/m @ 10m<\/td>\n<\/tr>\n<tr>\n<td class=\"col-4\">S\u00e4nd frekvensomr\u00e5det<\/td>\n<td class=\"col-8\">1100 &#8211; 2050 MHz<\/td>\n<\/tr>\n<tr>\n<td class=\"col-4\">Utg\u00e5ende sp\u00e4nning<\/td>\n<td class=\"col-8\">9 V DC<br \/>\n5 V DC<\/td>\n<\/tr>\n<\/tbody>\n<\/table>\n<\/div>\n<\/div>\n<h4>Storlek p\u00e5 f\u00f6rpackning Presentask med eurolock<\/h4>\n<table class=\"table table-with-background mb-4 text-center\">\n<thead>\n<tr>\n<th scope=\"col\">Bredd<\/th>\n<th scope=\"col\">H\u00f6jd<\/th>\n<th scope=\"col\">L\u00e4ngd<\/th>\n<\/tr>\n<\/thead>\n<tbody>\n<tr>\n<td>80 mm<\/td>\n<td>140 mm<\/td>\n<td>30 mm<\/td>\n<\/tr>\n<\/tbody>\n<\/table>\n<h4>F\u00f6rpackningsstorlek<\/h4>\n<table class=\"table table-with-background text-center\">\n<thead>\n<tr>\n<th scope=\"col\">Antal\/kartong<\/th>\n<th scope=\"col\">Bredd<\/th>\n<th scope=\"col\">H\u00f6jd<\/th>\n<th scope=\"col\">L\u00e4ngd<\/th>\n<th scope=\"col\">Vikt<\/th>\n<\/tr>\n<\/thead>\n<tbody>\n<tr>\n<td>1<\/td>\n<td>85 mm<\/td>\n<td>145 mm<\/td>\n<td>30 mm<\/td>\n<td>72 g<\/td>\n<\/tr>\n<tr>\n<td>8<\/td>\n<td>90 mm<\/td>\n<td>155 mm<\/td>\n<td>255 mm<\/td>\n<td>660 g<\/td>\n<\/tr>\n<tr>\n<td>32<\/td>\n<td>280 mm<\/td>\n<td>185 mm<\/td>\n<td>365 mm<\/td>\n<td>3000 g<\/td>\n<\/tr>\n<\/tbody>\n<\/table>\n<\/div>\n<p><a href=\"https:\/\/nedis.se\/sv-se\/product\/dator-och-mobil\/stromforsorjning\/usb-laddare\/550783999\/traadloes-laddning-5-7-5-10-15-w-1-0-1-1-1-67-2-a-kabel-ingaar-usb-type-c-1-00-m\">NEDIS HEMSIDA<\/a><\/p>\n<\/div>\n<p><a href=\"https:\/\/www.heddata.se\/webbutik\/telefontillbehor\/\">KOLLA IN RESTEN AV V\u00c5RT SORTIMENT<\/a><\/p>\n","protected":false},"excerpt":{"rendered":"<p>Tr\u00e5dl\u00f6s laddning 5 \/ 7.5 \/ 10 \/ 15 W | 1.0 \/ 1.1 \/ 1.67 \/ 2 A | Kabel ing\u00e5r | USB Type-C\u2122 | 1.00 m M\u00e4rke: Nedis Tillverkarens artikelnummer: WCHAQM200SI Streckkod: 5412810408702 \u2022 Magnetisk, tr\u00e5dl\u00f6s laddningsring med platt konstruktion i aluminium \u2022 Snabb tr\u00e5dl\u00f6s laddning upp till 15\u00a0W \u2022 Extra l\u00e5ng kabel [&#8230;]\n","protected":false},"featured_media":94234,"template":"","meta":[],"product_brand":[],"product_cat":[118,69,125],"product_tag":[],"class_list":{"0":"post-94204","1":"product","2":"type-product","3":"status-publish","4":"has-post-thumbnail","6":"product_cat-telefonladdare","7":"product_cat-telefontillbehor","8":"product_cat-tradlos-laddning","10":"first","11":"instock","12":"taxable","13":"shipping-taxable","14":"purchasable","15":"product-type-simple"},"yoast_head":"<!-- This site is optimized with the Yoast SEO Premium plugin v26.7 (Yoast SEO v26.7) - https:\/\/yoast.com\/wordpress\/plugins\/seo\/ -->\n<title>Tr\u00e5dl\u00f6s laddning med USB-C kabel - Datorer, Skrivare, F\u00e4rgpatroner, Mobiltelefoner<\/title>\n<meta name=\"description\" content=\"Tr\u00e5dl\u00f6s laddare p\u00e5 15W, USB-C kabel ing\u00e5r. N\u00e4r du vill ladda utan laddkabel kopplat till v\u00e4ggen. Kanske p\u00e5 skrivbordet n\u00e4r du arbetar.\" \/>\n<meta name=\"robots\" content=\"index, follow, max-snippet:-1, max-image-preview:large, max-video-preview:-1\" \/>\n<link rel=\"canonical\" href=\"https:\/\/www.heddata.se\/webbutik\/produkt\/tradlos-laddning-med-usb-c-kabel\/\" \/>\n<meta property=\"og:locale\" content=\"sv_SE\" \/>\n<meta property=\"og:type\" content=\"article\" \/>\n<meta property=\"og:title\" content=\"Tr\u00e5dl\u00f6s laddning med USB-C kabel\" \/>\n<meta property=\"og:description\" content=\"Tr\u00e5dl\u00f6s laddare p\u00e5 15W, USB-C kabel ing\u00e5r. N\u00e4r du vill ladda utan laddkabel kopplat till v\u00e4ggen. Kanske p\u00e5 skrivbordet n\u00e4r du arbetar.\" \/>\n<meta property=\"og:url\" content=\"https:\/\/www.heddata.se\/webbutik\/produkt\/tradlos-laddning-med-usb-c-kabel\/\" \/>\n<meta property=\"og:site_name\" content=\"Datorer, Skrivare, F\u00e4rgpatroner, Mobiltelefoner\" \/>\n<meta property=\"article:modified_time\" content=\"2026-05-05T15:13:11+00:00\" \/>\n<meta property=\"og:image\" content=\"https:\/\/www.heddata.se\/webbutik\/wp-content\/uploads\/wchaqm200si_p40-1.jpg\" \/>\n\t<meta property=\"og:image:width\" content=\"1200\" \/>\n\t<meta property=\"og:image:height\" content=\"1200\" \/>\n\t<meta property=\"og:image:type\" content=\"image\/jpeg\" \/>\n<meta name=\"twitter:card\" content=\"summary_large_image\" \/>\n<meta name=\"twitter:label1\" content=\"Ber\u00e4knad l\u00e4stid\" \/>\n\t<meta name=\"twitter:data1\" content=\"2 minuter\" \/>\n<script type=\"application\/ld+json\" class=\"yoast-schema-graph\">{\"@context\":\"https:\/\/schema.org\",\"@graph\":[{\"@type\":\"WebPage\",\"@id\":\"https:\/\/www.heddata.se\/webbutik\/produkt\/tradlos-laddning-med-usb-c-kabel\/\",\"url\":\"https:\/\/www.heddata.se\/webbutik\/produkt\/tradlos-laddning-med-usb-c-kabel\/\",\"name\":\"Tr\u00e5dl\u00f6s laddning med USB-C kabel - Datorer, Skrivare, F\u00e4rgpatroner, Mobiltelefoner\",\"isPartOf\":{\"@id\":\"https:\/\/www.heddata.se\/webbutik\/#website\"},\"primaryImageOfPage\":{\"@id\":\"https:\/\/www.heddata.se\/webbutik\/produkt\/tradlos-laddning-med-usb-c-kabel\/#primaryimage\"},\"image\":{\"@id\":\"https:\/\/www.heddata.se\/webbutik\/produkt\/tradlos-laddning-med-usb-c-kabel\/#primaryimage\"},\"thumbnailUrl\":\"https:\/\/www.heddata.se\/webbutik\/wp-content\/uploads\/wchaqm200si_p40-1.jpg\",\"datePublished\":\"2023-08-18T09:18:17+00:00\",\"dateModified\":\"2026-05-05T15:13:11+00:00\",\"description\":\"Tr\u00e5dl\u00f6s laddare p\u00e5 15W, USB-C kabel ing\u00e5r. N\u00e4r du vill ladda utan laddkabel kopplat till v\u00e4ggen. Kanske p\u00e5 skrivbordet n\u00e4r du arbetar.\",\"breadcrumb\":{\"@id\":\"https:\/\/www.heddata.se\/webbutik\/produkt\/tradlos-laddning-med-usb-c-kabel\/#breadcrumb\"},\"inLanguage\":\"sv-SE\",\"potentialAction\":[{\"@type\":\"ReadAction\",\"target\":[\"https:\/\/www.heddata.se\/webbutik\/produkt\/tradlos-laddning-med-usb-c-kabel\/\"]}]},{\"@type\":\"ImageObject\",\"inLanguage\":\"sv-SE\",\"@id\":\"https:\/\/www.heddata.se\/webbutik\/produkt\/tradlos-laddning-med-usb-c-kabel\/#primaryimage\",\"url\":\"https:\/\/www.heddata.se\/webbutik\/wp-content\/uploads\/wchaqm200si_p40-1.jpg\",\"contentUrl\":\"https:\/\/www.heddata.se\/webbutik\/wp-content\/uploads\/wchaqm200si_p40-1.jpg\",\"width\":1200,\"height\":1200,\"caption\":\"Tr\u00e5dl\u00f6s laddare med USB-C kabel\"},{\"@type\":\"BreadcrumbList\",\"@id\":\"https:\/\/www.heddata.se\/webbutik\/produkt\/tradlos-laddning-med-usb-c-kabel\/#breadcrumb\",\"itemListElement\":[{\"@type\":\"ListItem\",\"position\":1,\"name\":\"Hem\",\"item\":\"https:\/\/www.heddata.se\/webbutik\/\"},{\"@type\":\"ListItem\",\"position\":2,\"name\":\"Produkter\",\"item\":\"https:\/\/www.heddata.se\/webbutik\/shop\/\"},{\"@type\":\"ListItem\",\"position\":3,\"name\":\"Tr\u00e5dl\u00f6s laddning med USB-C kabel\"}]},{\"@type\":\"WebSite\",\"@id\":\"https:\/\/www.heddata.se\/webbutik\/#website\",\"url\":\"https:\/\/www.heddata.se\/webbutik\/\",\"name\":\"Datorer, Skrivare, F\u00e4rgpatroner, Mobiltelefoner\",\"description\":\"Kablar\",\"publisher\":{\"@id\":\"https:\/\/www.heddata.se\/webbutik\/#organization\"},\"potentialAction\":[{\"@type\":\"SearchAction\",\"target\":{\"@type\":\"EntryPoint\",\"urlTemplate\":\"https:\/\/www.heddata.se\/webbutik\/?s={search_term_string}\"},\"query-input\":{\"@type\":\"PropertyValueSpecification\",\"valueRequired\":true,\"valueName\":\"search_term_string\"}}],\"inLanguage\":\"sv-SE\"},{\"@type\":\"Organization\",\"@id\":\"https:\/\/www.heddata.se\/webbutik\/#organization\",\"name\":\"Heddata AB\",\"url\":\"https:\/\/www.heddata.se\/webbutik\/\",\"logo\":{\"@type\":\"ImageObject\",\"inLanguage\":\"sv-SE\",\"@id\":\"https:\/\/www.heddata.se\/webbutik\/#\/schema\/logo\/image\/\",\"url\":\"https:\/\/www.heddata.se\/webbutik\/wp-content\/uploads\/logga\/heddata-ab-logga.png\",\"contentUrl\":\"https:\/\/www.heddata.se\/webbutik\/wp-content\/uploads\/logga\/heddata-ab-logga.png\",\"width\":200,\"height\":64,\"caption\":\"Heddata AB\"},\"image\":{\"@id\":\"https:\/\/www.heddata.se\/webbutik\/#\/schema\/logo\/image\/\"}}]}<\/script>\n<!-- \/ Yoast SEO Premium plugin. -->","yoast_head_json":{"title":"Tr\u00e5dl\u00f6s laddning med USB-C kabel - Datorer, Skrivare, F\u00e4rgpatroner, Mobiltelefoner","description":"Tr\u00e5dl\u00f6s laddare p\u00e5 15W, USB-C kabel ing\u00e5r. N\u00e4r du vill ladda utan laddkabel kopplat till v\u00e4ggen. Kanske p\u00e5 skrivbordet n\u00e4r du arbetar.","robots":{"index":"index","follow":"follow","max-snippet":"max-snippet:-1","max-image-preview":"max-image-preview:large","max-video-preview":"max-video-preview:-1"},"canonical":"https:\/\/www.heddata.se\/webbutik\/produkt\/tradlos-laddning-med-usb-c-kabel\/","og_locale":"sv_SE","og_type":"article","og_title":"Tr\u00e5dl\u00f6s laddning med USB-C kabel","og_description":"Tr\u00e5dl\u00f6s laddare p\u00e5 15W, USB-C kabel ing\u00e5r. N\u00e4r du vill ladda utan laddkabel kopplat till v\u00e4ggen. Kanske p\u00e5 skrivbordet n\u00e4r du arbetar.","og_url":"https:\/\/www.heddata.se\/webbutik\/produkt\/tradlos-laddning-med-usb-c-kabel\/","og_site_name":"Datorer, Skrivare, F\u00e4rgpatroner, Mobiltelefoner","article_modified_time":"2026-05-05T15:13:11+00:00","og_image":[{"width":1200,"height":1200,"url":"https:\/\/www.heddata.se\/webbutik\/wp-content\/uploads\/wchaqm200si_p40-1.jpg","type":"image\/jpeg"}],"twitter_card":"summary_large_image","twitter_misc":{"Ber\u00e4knad l\u00e4stid":"2 minuter"},"schema":{"@context":"https:\/\/schema.org","@graph":[{"@type":"WebPage","@id":"https:\/\/www.heddata.se\/webbutik\/produkt\/tradlos-laddning-med-usb-c-kabel\/","url":"https:\/\/www.heddata.se\/webbutik\/produkt\/tradlos-laddning-med-usb-c-kabel\/","name":"Tr\u00e5dl\u00f6s laddning med USB-C kabel - Datorer, Skrivare, F\u00e4rgpatroner, Mobiltelefoner","isPartOf":{"@id":"https:\/\/www.heddata.se\/webbutik\/#website"},"primaryImageOfPage":{"@id":"https:\/\/www.heddata.se\/webbutik\/produkt\/tradlos-laddning-med-usb-c-kabel\/#primaryimage"},"image":{"@id":"https:\/\/www.heddata.se\/webbutik\/produkt\/tradlos-laddning-med-usb-c-kabel\/#primaryimage"},"thumbnailUrl":"https:\/\/www.heddata.se\/webbutik\/wp-content\/uploads\/wchaqm200si_p40-1.jpg","datePublished":"2023-08-18T09:18:17+00:00","dateModified":"2026-05-05T15:13:11+00:00","description":"Tr\u00e5dl\u00f6s laddare p\u00e5 15W, USB-C kabel ing\u00e5r. N\u00e4r du vill ladda utan laddkabel kopplat till v\u00e4ggen. Kanske p\u00e5 skrivbordet n\u00e4r du arbetar.","breadcrumb":{"@id":"https:\/\/www.heddata.se\/webbutik\/produkt\/tradlos-laddning-med-usb-c-kabel\/#breadcrumb"},"inLanguage":"sv-SE","potentialAction":[{"@type":"ReadAction","target":["https:\/\/www.heddata.se\/webbutik\/produkt\/tradlos-laddning-med-usb-c-kabel\/"]}]},{"@type":"ImageObject","inLanguage":"sv-SE","@id":"https:\/\/www.heddata.se\/webbutik\/produkt\/tradlos-laddning-med-usb-c-kabel\/#primaryimage","url":"https:\/\/www.heddata.se\/webbutik\/wp-content\/uploads\/wchaqm200si_p40-1.jpg","contentUrl":"https:\/\/www.heddata.se\/webbutik\/wp-content\/uploads\/wchaqm200si_p40-1.jpg","width":1200,"height":1200,"caption":"Tr\u00e5dl\u00f6s laddare med USB-C kabel"},{"@type":"BreadcrumbList","@id":"https:\/\/www.heddata.se\/webbutik\/produkt\/tradlos-laddning-med-usb-c-kabel\/#breadcrumb","itemListElement":[{"@type":"ListItem","position":1,"name":"Hem","item":"https:\/\/www.heddata.se\/webbutik\/"},{"@type":"ListItem","position":2,"name":"Produkter","item":"https:\/\/www.heddata.se\/webbutik\/shop\/"},{"@type":"ListItem","position":3,"name":"Tr\u00e5dl\u00f6s laddning med USB-C kabel"}]},{"@type":"WebSite","@id":"https:\/\/www.heddata.se\/webbutik\/#website","url":"https:\/\/www.heddata.se\/webbutik\/","name":"Datorer, Skrivare, F\u00e4rgpatroner, Mobiltelefoner","description":"Kablar","publisher":{"@id":"https:\/\/www.heddata.se\/webbutik\/#organization"},"potentialAction":[{"@type":"SearchAction","target":{"@type":"EntryPoint","urlTemplate":"https:\/\/www.heddata.se\/webbutik\/?s={search_term_string}"},"query-input":{"@type":"PropertyValueSpecification","valueRequired":true,"valueName":"search_term_string"}}],"inLanguage":"sv-SE"},{"@type":"Organization","@id":"https:\/\/www.heddata.se\/webbutik\/#organization","name":"Heddata AB","url":"https:\/\/www.heddata.se\/webbutik\/","logo":{"@type":"ImageObject","inLanguage":"sv-SE","@id":"https:\/\/www.heddata.se\/webbutik\/#\/schema\/logo\/image\/","url":"https:\/\/www.heddata.se\/webbutik\/wp-content\/uploads\/logga\/heddata-ab-logga.png","contentUrl":"https:\/\/www.heddata.se\/webbutik\/wp-content\/uploads\/logga\/heddata-ab-logga.png","width":200,"height":64,"caption":"Heddata AB"},"image":{"@id":"https:\/\/www.heddata.se\/webbutik\/#\/schema\/logo\/image\/"}}]}},"_links":{"self":[{"href":"https:\/\/www.heddata.se\/webbutik\/wp-json\/wp\/v2\/product\/94204","targetHints":{"allow":["GET"]}}],"collection":[{"href":"https:\/\/www.heddata.se\/webbutik\/wp-json\/wp\/v2\/product"}],"about":[{"href":"https:\/\/www.heddata.se\/webbutik\/wp-json\/wp\/v2\/types\/product"}],"wp:featuredmedia":[{"embeddable":true,"href":"https:\/\/www.heddata.se\/webbutik\/wp-json\/wp\/v2\/media\/94234"}],"wp:attachment":[{"href":"https:\/\/www.heddata.se\/webbutik\/wp-json\/wp\/v2\/media?parent=94204"}],"wp:term":[{"taxonomy":"product_brand","embeddable":true,"href":"https:\/\/www.heddata.se\/webbutik\/wp-json\/wp\/v2\/product_brand?post=94204"},{"taxonomy":"product_cat","embeddable":true,"href":"https:\/\/www.heddata.se\/webbutik\/wp-json\/wp\/v2\/product_cat?post=94204"},{"taxonomy":"product_tag","embeddable":true,"href":"https:\/\/www.heddata.se\/webbutik\/wp-json\/wp\/v2\/product_tag?post=94204"}],"curies":[{"name":"wp","href":"https:\/\/api.w.org\/{rel}","templated":true}]}}