{"id":94200,"date":"2023-08-17T13:18:47","date_gmt":"2023-08-17T11:18:47","guid":{"rendered":"https:\/\/www.heddata.se\/webbutik\/?post_type=product&#038;p=94200"},"modified":"2026-04-08T12:11:08","modified_gmt":"2026-04-08T10:11:08","slug":"vaggladdare-med-usb-a-till-micro-usb","status":"publish","type":"product","link":"https:\/\/www.heddata.se\/webbutik\/produkt\/vaggladdare-med-usb-a-till-micro-usb\/","title":{"rendered":"V\u00e4ggladdare med USB-a till micro USB"},"content":{"rendered":"<div class=\"col-sm-12 col-md-12 col-lg-4 col-xl-3 mt-3\">\n<div id=\"lightgallery\" class=\"row carousel\">\n<div class=\"col-12 mb-2 py-0 px-3\">\n<div id=\"mainCarousel\" class=\"is-draggable\">\n<div class=\"carousel__viewport\">\n<div class=\"carousel__track\">\n<div class=\"carousel__slide\" data-fancybox=\"gallery\" aria-hidden=\"true\">\n<h1 class=\"product-name mb-2\"><strong>V\u00e4ggladdare<\/strong><\/h1>\n<p>5 W | Snabbladdnings funktion | 1.0 A A | Antal utg\u00e5ngar: 1 | USB-A | Micro USB (L\u00f6s) Kabel | 1.00 m | Single Voltage Output<\/p>\n<\/div>\n<\/div>\n<\/div>\n<\/div>\n<div id=\"thumbCarousel\" class=\"carousel max-w-xl mx-auto is-draggable\">\n<div class=\"carousel__viewport\">\n<div class=\"carousel__track\">\n<div class=\"carousel__slide\" data-fancybox=\"\" data-index=\"4\" aria-hidden=\"true\"><\/div>\n<\/div>\n<\/div>\n<\/div>\n<\/div>\n<\/div>\n<\/div>\n<div class=\"col-sm-12 col-md-12 col-lg-8 col-xl-9 mt-3\">\n<div class=\"row\">\n<div class=\"col-md-7 col-lg-7 col-xl-8 description-wrap\">\n<div class=\"description px-3\">\n<div class=\"product-data row mb-2 text-nowrap\">\n<div class=\"col-sm-12 col-md-auto\"><a href=\"https:\/\/nedis.se\/sv-se\/search?filterBrand=Nedis\"><strong>M\u00e4rke<\/strong>: Nedis<\/a><\/div>\n<div class=\"col-sm-12 col-md-auto\">\n<div><strong>Tillverkarens artikelnummer<\/strong>: WCHAM105ABK<\/div>\n<\/div>\n<div class=\"col-sm-12 col-md-auto\"><strong>Streckkod<\/strong>: 5412810408436<\/div>\n<\/div>\n<div>\n<div class=\"d-flex flex-column\">\n<div class=\"position-relative\">\n<div class=\"\">\n<p class=\"p-0 m-0\">\u2022 5\u00a0W<br \/>\n\u2022 1x 1.0\u00a0A-utg\u00e5ng via USB-A<br \/>\n\u2022 Micro USB-kabel medf\u00f6ljer<br \/>\n\u2022 Kabell\u00e4ngd: \u00b1 1.0\u00a0m<\/p>\n<\/div>\n<p>Med Nedis USB-v\u00e4ggladdare kan du ladda smartphones, surfplattor och m\u00e5nga andra USB-enheter. Laddaren \u00e4r inte bara perfekt f\u00f6r anv\u00e4ndning hemma eller p\u00e5 jobbet, det kompakta formatet g\u00f6r den \u00e4ven till en idealisk resel\u00f6sning.<\/p>\n<p>Levereras med en 1 meter l\u00e5ng USB-A till Micro-USB-kabel s\u00e5 att du kan b\u00f6rja ladda direkt.<\/p>\n<\/div>\n<h3>Produktspecifikationer<\/h3>\n<table class=\"table table-with-odd-background\">\n<tbody>\n<tr>\n<td class=\"col-4\">Bredd<\/td>\n<td class=\"col-8\">37 mm<\/td>\n<\/tr>\n<tr>\n<td class=\"col-4\">H\u00f6jd<\/td>\n<td class=\"col-8\">23 mm<\/td>\n<\/tr>\n<tr>\n<td class=\"col-4\">Djup<\/td>\n<td class=\"col-8\">78 mm<\/td>\n<\/tr>\n<tr>\n<td class=\"col-4\">Vikt<\/td>\n<td class=\"col-8\">40 g<\/td>\n<\/tr>\n<tr>\n<td class=\"col-4\">Kabell\u00e4ngd<\/td>\n<td class=\"col-8\">1.00 m<\/td>\n<\/tr>\n<tr>\n<td class=\"col-4\">F\u00e4rg<\/td>\n<td class=\"col-8\">Svart<\/td>\n<\/tr>\n<tr>\n<td class=\"col-4\">Ing\u00e5ngsstr\u00f6m<\/td>\n<td class=\"col-8\">1.0 A<\/td>\n<\/tr>\n<tr>\n<td class=\"col-4\">Str\u00f6mkabel l\u00e4ngd<\/td>\n<td class=\"col-8\">1.00 m<\/td>\n<\/tr>\n<tr>\n<td class=\"col-4\">Typ av str\u00f6mk\u00e4lla<\/td>\n<td class=\"col-8\">Str\u00f6madapter<\/td>\n<\/tr>\n<tr>\n<td class=\"col-4\">Insp\u00e4nning<\/td>\n<td class=\"col-8\">5 V DC<\/td>\n<\/tr>\n<tr>\n<td class=\"col-4\">Material<\/td>\n<td class=\"col-8\">Polycarbonate<\/td>\n<\/tr>\n<tr>\n<td class=\"col-4\">Str\u00f6mbakel sida A<\/td>\n<td class=\"col-8\">USB A Hane<\/td>\n<\/tr>\n<tr>\n<td class=\"col-4\">Antal utg\u00e5ngar<\/td>\n<td class=\"col-8\">1<\/td>\n<\/tr>\n<tr>\n<td class=\"col-4\">Val av utsp\u00e4nning<\/td>\n<td class=\"col-8\">Single Voltage Output<\/td>\n<\/tr>\n<tr>\n<td class=\"col-4\">Snabbladdnings funktion<\/td>\n<td class=\"col-8\">Ja<\/td>\n<\/tr>\n<tr>\n<td class=\"col-4\">Kompatibel med enhet<\/td>\n<td class=\"col-8\">Smartphone<br \/>\nSurfplatta<\/td>\n<\/tr>\n<tr>\n<td class=\"col-4\">Kabel ing\u00e5r<\/td>\n<td class=\"col-8\">Ja<\/td>\n<\/tr>\n<tr>\n<td class=\"col-4\">LED indikatorn anv\u00e4nds<\/td>\n<td class=\"col-8\">Nej<\/td>\n<\/tr>\n<tr>\n<td class=\"col-4\">Kabeltyp<\/td>\n<td class=\"col-8\">Micro USB (L\u00f6s) Kabel<\/td>\n<\/tr>\n<tr>\n<td class=\"col-4\">N\u00e4tkontakt<\/td>\n<td class=\"col-8\">Euro \/ Typ-C (CEE 7\/16)<\/td>\n<\/tr>\n<tr>\n<td class=\"col-4\">Antal varor i paketet<\/td>\n<td class=\"col-8\">1 st.<\/td>\n<\/tr>\n<tr>\n<td class=\"col-4\">Port typ<\/td>\n<td class=\"col-8\">USB-A<\/td>\n<\/tr>\n<tr>\n<td class=\"col-4\">Maximal utg\u00e5ngsstr\u00f6m per port<\/td>\n<td class=\"col-8\">1.0 A<\/td>\n<\/tr>\n<tr>\n<td class=\"col-4\">Utstr\u00f6m<\/td>\n<td class=\"col-8\">1.0 A A<\/td>\n<\/tr>\n<tr>\n<td class=\"col-4\">Utg\u00e5ende sp\u00e4nning<\/td>\n<td class=\"col-8\">5 V DC<\/td>\n<\/tr>\n<tr>\n<td class=\"col-4\">Str\u00f6mkabel sida B<\/td>\n<td class=\"col-8\">Micro USB Hane<\/td>\n<\/tr>\n<tr>\n<td class=\"col-4\">Maximal Utg\u00e5ngseffekt<\/td>\n<td class=\"col-8\">5 W<\/td>\n<\/tr>\n<\/tbody>\n<\/table>\n<\/div>\n<h4>Storlek p\u00e5 f\u00f6rpackning Presentask med eurolock<\/h4>\n<table class=\"table table-with-background mb-4 text-center\">\n<thead>\n<tr>\n<th scope=\"col\">Bredd<\/th>\n<th scope=\"col\">H\u00f6jd<\/th>\n<th scope=\"col\">L\u00e4ngd<\/th>\n<\/tr>\n<\/thead>\n<tbody>\n<tr>\n<td>80 mm<\/td>\n<td>140 mm<\/td>\n<td>30 mm<\/td>\n<\/tr>\n<\/tbody>\n<\/table>\n<h4>F\u00f6rpackningsstorlek<\/h4>\n<table class=\"table table-with-background text-center\">\n<thead>\n<tr>\n<th scope=\"col\">Antal\/kartong<\/th>\n<th scope=\"col\">Bredd<\/th>\n<th scope=\"col\">H\u00f6jd<\/th>\n<th scope=\"col\">L\u00e4ngd<\/th>\n<th scope=\"col\">Vikt<\/th>\n<\/tr>\n<\/thead>\n<tbody>\n<tr>\n<td>1<\/td>\n<td>30 mm<\/td>\n<td>145 mm<\/td>\n<td>80 mm<\/td>\n<td>99 g<\/td>\n<\/tr>\n<tr>\n<td>10<\/td>\n<td>95 mm<\/td>\n<td>155 mm<\/td>\n<td>335 mm<\/td>\n<td>1061 g<\/td>\n<\/tr>\n<tr>\n<td>40<\/td>\n<td>350 mm<\/td>\n<td>190 mm<\/td>\n<td>380 mm<\/td>\n<td>4680 g<\/td>\n<\/tr>\n<\/tbody>\n<\/table>\n<\/div>\n<p><a href=\"https:\/\/www.heddata.se\/webbutik\/telefontillbehor\/\">KOLLA IN RESTEN AV V\u00c5RT SORTIMENT<\/a><\/p>\n<\/div>\n<p><a href=\"https:\/\/nedis.se\/sv-se\/product\/dator-och-mobil\/stromforsorjning\/usb-laddare\/550783984\/vaggladdare-5-w-snabbladdnings-funktion-10-a-a-antal-utgangar-1-usb-a-micro-usb-los-kabel-100-m-single-voltage-output\">NEDIS HEMSIDA<\/a><\/p>\n<\/div>\n<\/div>\n<\/div>\n","protected":false},"excerpt":{"rendered":"<p>V\u00e4ggladdare 5 W | Snabbladdnings funktion | 1.0 A A | Antal utg\u00e5ngar: 1 | USB-A | Micro USB (L\u00f6s) Kabel | 1.00 m | Single Voltage Output M\u00e4rke: Nedis Tillverkarens artikelnummer: WCHAM105ABK Streckkod: 5412810408436 \u2022 5\u00a0W \u2022 1x 1.0\u00a0A-utg\u00e5ng via USB-A \u2022 Micro USB-kabel medf\u00f6ljer \u2022 Kabell\u00e4ngd: \u00b1 1.0\u00a0m Med Nedis USB-v\u00e4ggladdare kan du [&#8230;]\n","protected":false},"featured_media":94239,"template":"","meta":[],"product_brand":[],"product_cat":[122,153,118,69,123],"product_tag":[],"class_list":{"0":"post-94200","1":"product","2":"type-product","3":"status-publish","4":"has-post-thumbnail","6":"product_cat-kablar-telefonladdare","7":"product_cat-ovrigt-telefontillbehor","8":"product_cat-telefonladdare","9":"product_cat-telefontillbehor","10":"product_cat-vaggladdare","12":"first","13":"instock","14":"taxable","15":"shipping-taxable","16":"purchasable","17":"product-type-simple"},"yoast_head":"<!-- This site is optimized with the Yoast SEO Premium plugin v26.7 (Yoast SEO v26.7) - https:\/\/yoast.com\/wordpress\/plugins\/seo\/ -->\n<title>V\u00e4ggladdare med USB-a till micro USB - Datorer, Skrivare, F\u00e4rgpatroner, Mobiltelefoner<\/title>\n<meta name=\"description\" content=\"V\u00e4ggladdare med USB-a till micro USB\" \/>\n<meta name=\"robots\" content=\"index, follow, max-snippet:-1, max-image-preview:large, max-video-preview:-1\" \/>\n<link rel=\"canonical\" href=\"https:\/\/www.heddata.se\/webbutik\/produkt\/vaggladdare-med-usb-a-till-micro-usb\/\" \/>\n<meta property=\"og:locale\" content=\"sv_SE\" \/>\n<meta property=\"og:type\" content=\"article\" \/>\n<meta property=\"og:title\" content=\"V\u00e4ggladdare med USB-a till micro USB\" \/>\n<meta property=\"og:description\" content=\"V\u00e4ggladdare med USB-a till micro USB\" \/>\n<meta property=\"og:url\" content=\"https:\/\/www.heddata.se\/webbutik\/produkt\/vaggladdare-med-usb-a-till-micro-usb\/\" \/>\n<meta property=\"og:site_name\" content=\"Datorer, Skrivare, F\u00e4rgpatroner, Mobiltelefoner\" \/>\n<meta property=\"article:modified_time\" content=\"2026-04-08T10:11:08+00:00\" \/>\n<meta property=\"og:image\" content=\"https:\/\/www.heddata.se\/webbutik\/wp-content\/uploads\/vaggladdare-kabel-micro-usb-usb-a.jpg\" \/>\n\t<meta property=\"og:image:width\" content=\"1200\" \/>\n\t<meta property=\"og:image:height\" content=\"1200\" \/>\n\t<meta property=\"og:image:type\" content=\"image\/jpeg\" \/>\n<meta name=\"twitter:card\" content=\"summary_large_image\" \/>\n<meta name=\"twitter:label1\" content=\"Ber\u00e4knad l\u00e4stid\" \/>\n\t<meta name=\"twitter:data1\" content=\"1 minut\" \/>\n<script type=\"application\/ld+json\" class=\"yoast-schema-graph\">{\"@context\":\"https:\/\/schema.org\",\"@graph\":[{\"@type\":\"WebPage\",\"@id\":\"https:\/\/www.heddata.se\/webbutik\/produkt\/vaggladdare-med-usb-a-till-micro-usb\/\",\"url\":\"https:\/\/www.heddata.se\/webbutik\/produkt\/vaggladdare-med-usb-a-till-micro-usb\/\",\"name\":\"V\u00e4ggladdare med USB-a till micro USB - Datorer, Skrivare, F\u00e4rgpatroner, Mobiltelefoner\",\"isPartOf\":{\"@id\":\"https:\/\/www.heddata.se\/webbutik\/#website\"},\"primaryImageOfPage\":{\"@id\":\"https:\/\/www.heddata.se\/webbutik\/produkt\/vaggladdare-med-usb-a-till-micro-usb\/#primaryimage\"},\"image\":{\"@id\":\"https:\/\/www.heddata.se\/webbutik\/produkt\/vaggladdare-med-usb-a-till-micro-usb\/#primaryimage\"},\"thumbnailUrl\":\"https:\/\/www.heddata.se\/webbutik\/wp-content\/uploads\/vaggladdare-kabel-micro-usb-usb-a.jpg\",\"datePublished\":\"2023-08-17T11:18:47+00:00\",\"dateModified\":\"2026-04-08T10:11:08+00:00\",\"description\":\"V\u00e4ggladdare med USB-a till micro USB\",\"breadcrumb\":{\"@id\":\"https:\/\/www.heddata.se\/webbutik\/produkt\/vaggladdare-med-usb-a-till-micro-usb\/#breadcrumb\"},\"inLanguage\":\"sv-SE\",\"potentialAction\":[{\"@type\":\"ReadAction\",\"target\":[\"https:\/\/www.heddata.se\/webbutik\/produkt\/vaggladdare-med-usb-a-till-micro-usb\/\"]}]},{\"@type\":\"ImageObject\",\"inLanguage\":\"sv-SE\",\"@id\":\"https:\/\/www.heddata.se\/webbutik\/produkt\/vaggladdare-med-usb-a-till-micro-usb\/#primaryimage\",\"url\":\"https:\/\/www.heddata.se\/webbutik\/wp-content\/uploads\/vaggladdare-kabel-micro-usb-usb-a.jpg\",\"contentUrl\":\"https:\/\/www.heddata.se\/webbutik\/wp-content\/uploads\/vaggladdare-kabel-micro-usb-usb-a.jpg\",\"width\":1200,\"height\":1200,\"caption\":\"V\u00e4ggladdare med USB-A till micro USB\"},{\"@type\":\"BreadcrumbList\",\"@id\":\"https:\/\/www.heddata.se\/webbutik\/produkt\/vaggladdare-med-usb-a-till-micro-usb\/#breadcrumb\",\"itemListElement\":[{\"@type\":\"ListItem\",\"position\":1,\"name\":\"Hem\",\"item\":\"https:\/\/www.heddata.se\/webbutik\/\"},{\"@type\":\"ListItem\",\"position\":2,\"name\":\"Produkter\",\"item\":\"https:\/\/www.heddata.se\/webbutik\/shop\/\"},{\"@type\":\"ListItem\",\"position\":3,\"name\":\"V\u00e4ggladdare med USB-a till micro USB\"}]},{\"@type\":\"WebSite\",\"@id\":\"https:\/\/www.heddata.se\/webbutik\/#website\",\"url\":\"https:\/\/www.heddata.se\/webbutik\/\",\"name\":\"Datorer, Skrivare, F\u00e4rgpatroner, Mobiltelefoner\",\"description\":\"Kablar\",\"publisher\":{\"@id\":\"https:\/\/www.heddata.se\/webbutik\/#organization\"},\"potentialAction\":[{\"@type\":\"SearchAction\",\"target\":{\"@type\":\"EntryPoint\",\"urlTemplate\":\"https:\/\/www.heddata.se\/webbutik\/?s={search_term_string}\"},\"query-input\":{\"@type\":\"PropertyValueSpecification\",\"valueRequired\":true,\"valueName\":\"search_term_string\"}}],\"inLanguage\":\"sv-SE\"},{\"@type\":\"Organization\",\"@id\":\"https:\/\/www.heddata.se\/webbutik\/#organization\",\"name\":\"Heddata AB\",\"url\":\"https:\/\/www.heddata.se\/webbutik\/\",\"logo\":{\"@type\":\"ImageObject\",\"inLanguage\":\"sv-SE\",\"@id\":\"https:\/\/www.heddata.se\/webbutik\/#\/schema\/logo\/image\/\",\"url\":\"https:\/\/www.heddata.se\/webbutik\/wp-content\/uploads\/logga\/heddata-ab-logga.png\",\"contentUrl\":\"https:\/\/www.heddata.se\/webbutik\/wp-content\/uploads\/logga\/heddata-ab-logga.png\",\"width\":200,\"height\":64,\"caption\":\"Heddata AB\"},\"image\":{\"@id\":\"https:\/\/www.heddata.se\/webbutik\/#\/schema\/logo\/image\/\"}}]}<\/script>\n<!-- \/ Yoast SEO Premium plugin. -->","yoast_head_json":{"title":"V\u00e4ggladdare med USB-a till micro USB - Datorer, Skrivare, F\u00e4rgpatroner, Mobiltelefoner","description":"V\u00e4ggladdare med USB-a till micro USB","robots":{"index":"index","follow":"follow","max-snippet":"max-snippet:-1","max-image-preview":"max-image-preview:large","max-video-preview":"max-video-preview:-1"},"canonical":"https:\/\/www.heddata.se\/webbutik\/produkt\/vaggladdare-med-usb-a-till-micro-usb\/","og_locale":"sv_SE","og_type":"article","og_title":"V\u00e4ggladdare med USB-a till micro USB","og_description":"V\u00e4ggladdare med USB-a till micro USB","og_url":"https:\/\/www.heddata.se\/webbutik\/produkt\/vaggladdare-med-usb-a-till-micro-usb\/","og_site_name":"Datorer, Skrivare, F\u00e4rgpatroner, Mobiltelefoner","article_modified_time":"2026-04-08T10:11:08+00:00","og_image":[{"width":1200,"height":1200,"url":"https:\/\/www.heddata.se\/webbutik\/wp-content\/uploads\/vaggladdare-kabel-micro-usb-usb-a.jpg","type":"image\/jpeg"}],"twitter_card":"summary_large_image","twitter_misc":{"Ber\u00e4knad l\u00e4stid":"1 minut"},"schema":{"@context":"https:\/\/schema.org","@graph":[{"@type":"WebPage","@id":"https:\/\/www.heddata.se\/webbutik\/produkt\/vaggladdare-med-usb-a-till-micro-usb\/","url":"https:\/\/www.heddata.se\/webbutik\/produkt\/vaggladdare-med-usb-a-till-micro-usb\/","name":"V\u00e4ggladdare med USB-a till micro USB - Datorer, Skrivare, F\u00e4rgpatroner, Mobiltelefoner","isPartOf":{"@id":"https:\/\/www.heddata.se\/webbutik\/#website"},"primaryImageOfPage":{"@id":"https:\/\/www.heddata.se\/webbutik\/produkt\/vaggladdare-med-usb-a-till-micro-usb\/#primaryimage"},"image":{"@id":"https:\/\/www.heddata.se\/webbutik\/produkt\/vaggladdare-med-usb-a-till-micro-usb\/#primaryimage"},"thumbnailUrl":"https:\/\/www.heddata.se\/webbutik\/wp-content\/uploads\/vaggladdare-kabel-micro-usb-usb-a.jpg","datePublished":"2023-08-17T11:18:47+00:00","dateModified":"2026-04-08T10:11:08+00:00","description":"V\u00e4ggladdare med USB-a till micro USB","breadcrumb":{"@id":"https:\/\/www.heddata.se\/webbutik\/produkt\/vaggladdare-med-usb-a-till-micro-usb\/#breadcrumb"},"inLanguage":"sv-SE","potentialAction":[{"@type":"ReadAction","target":["https:\/\/www.heddata.se\/webbutik\/produkt\/vaggladdare-med-usb-a-till-micro-usb\/"]}]},{"@type":"ImageObject","inLanguage":"sv-SE","@id":"https:\/\/www.heddata.se\/webbutik\/produkt\/vaggladdare-med-usb-a-till-micro-usb\/#primaryimage","url":"https:\/\/www.heddata.se\/webbutik\/wp-content\/uploads\/vaggladdare-kabel-micro-usb-usb-a.jpg","contentUrl":"https:\/\/www.heddata.se\/webbutik\/wp-content\/uploads\/vaggladdare-kabel-micro-usb-usb-a.jpg","width":1200,"height":1200,"caption":"V\u00e4ggladdare med USB-A till micro USB"},{"@type":"BreadcrumbList","@id":"https:\/\/www.heddata.se\/webbutik\/produkt\/vaggladdare-med-usb-a-till-micro-usb\/#breadcrumb","itemListElement":[{"@type":"ListItem","position":1,"name":"Hem","item":"https:\/\/www.heddata.se\/webbutik\/"},{"@type":"ListItem","position":2,"name":"Produkter","item":"https:\/\/www.heddata.se\/webbutik\/shop\/"},{"@type":"ListItem","position":3,"name":"V\u00e4ggladdare med USB-a till micro USB"}]},{"@type":"WebSite","@id":"https:\/\/www.heddata.se\/webbutik\/#website","url":"https:\/\/www.heddata.se\/webbutik\/","name":"Datorer, Skrivare, F\u00e4rgpatroner, Mobiltelefoner","description":"Kablar","publisher":{"@id":"https:\/\/www.heddata.se\/webbutik\/#organization"},"potentialAction":[{"@type":"SearchAction","target":{"@type":"EntryPoint","urlTemplate":"https:\/\/www.heddata.se\/webbutik\/?s={search_term_string}"},"query-input":{"@type":"PropertyValueSpecification","valueRequired":true,"valueName":"search_term_string"}}],"inLanguage":"sv-SE"},{"@type":"Organization","@id":"https:\/\/www.heddata.se\/webbutik\/#organization","name":"Heddata AB","url":"https:\/\/www.heddata.se\/webbutik\/","logo":{"@type":"ImageObject","inLanguage":"sv-SE","@id":"https:\/\/www.heddata.se\/webbutik\/#\/schema\/logo\/image\/","url":"https:\/\/www.heddata.se\/webbutik\/wp-content\/uploads\/logga\/heddata-ab-logga.png","contentUrl":"https:\/\/www.heddata.se\/webbutik\/wp-content\/uploads\/logga\/heddata-ab-logga.png","width":200,"height":64,"caption":"Heddata AB"},"image":{"@id":"https:\/\/www.heddata.se\/webbutik\/#\/schema\/logo\/image\/"}}]}},"_links":{"self":[{"href":"https:\/\/www.heddata.se\/webbutik\/wp-json\/wp\/v2\/product\/94200","targetHints":{"allow":["GET"]}}],"collection":[{"href":"https:\/\/www.heddata.se\/webbutik\/wp-json\/wp\/v2\/product"}],"about":[{"href":"https:\/\/www.heddata.se\/webbutik\/wp-json\/wp\/v2\/types\/product"}],"wp:featuredmedia":[{"embeddable":true,"href":"https:\/\/www.heddata.se\/webbutik\/wp-json\/wp\/v2\/media\/94239"}],"wp:attachment":[{"href":"https:\/\/www.heddata.se\/webbutik\/wp-json\/wp\/v2\/media?parent=94200"}],"wp:term":[{"taxonomy":"product_brand","embeddable":true,"href":"https:\/\/www.heddata.se\/webbutik\/wp-json\/wp\/v2\/product_brand?post=94200"},{"taxonomy":"product_cat","embeddable":true,"href":"https:\/\/www.heddata.se\/webbutik\/wp-json\/wp\/v2\/product_cat?post=94200"},{"taxonomy":"product_tag","embeddable":true,"href":"https:\/\/www.heddata.se\/webbutik\/wp-json\/wp\/v2\/product_tag?post=94200"}],"curies":[{"name":"wp","href":"https:\/\/api.w.org\/{rel}","templated":true}]}}