{"id":94113,"date":"2023-06-21T14:18:13","date_gmt":"2023-06-21T12:18:13","guid":{"rendered":"https:\/\/www.heddata.se\/webbutik\/?post_type=product&#038;p=94113"},"modified":"2026-04-17T18:10:33","modified_gmt":"2026-04-17T16:10:33","slug":"brother-tn325m-original-tonerkassett-magenta","status":"publish","type":"product","link":"https:\/\/www.heddata.se\/webbutik\/produkt\/brother-tn325m-original-tonerkassett-magenta\/","title":{"rendered":"Brother TN325M original tonerkassett \u2013 Magenta"},"content":{"rendered":"<h1>Brother TN325M original tonerkassett \u2013 Magenta<\/h1>\n<p>Brother TN325M magenta tonerkassett h\u00f6g kapacitet. Ger cirka 3 500 A4-sidor.<\/p>\n<p>Brother original TN325M tonerkassett magenta \u00e4r framtagen f\u00f6r att samverka smidigt med din <a href=\"https:\/\/www.heddata.se\/webbutik\/blocks\/kategori-laserskrivare\/\">skrivare<\/a> fr\u00e5n Brother, spara pengar och ge monokroma utskrifter med h\u00f6g kvalitet, varje g\u00e5ng.<\/p>\n<p>Eftersom TN325M \u00e4r en tonerkassett med h\u00f6g kapacitet r\u00e4cker den l\u00e4ngre \u00e4n en standardkassett men ger samma utm\u00e4rkta resultat. Original TN325M tonerkassett garanterar att din skrivare forts\u00e4tter att fungera problemfritt, s\u00e5 att du f\u00e5r mer valuta f\u00f6r pengarna p\u00e5 l\u00e5ng sikt och den trygghet som ligger i att veta att du kan lita p\u00e5 din skrivare.<\/p>\n<p>Billiga, icke-originalprodukter och refillprodukter som finns p\u00e5 marknaden \u00e4r inte lika kompatibla med din skrivare fr\u00e5n Brother. Att anv\u00e4nda s\u00e5dana kan leda till problem med b\u00e5de utskriftskvalitet och skrivarens prestanda \u2013 och det kan bli kostsamt att \u00e5tg\u00e4rda.<\/p>\n<p>Denna <a href=\"https:\/\/www.brother.se\/\" target=\"_blank\" rel=\"noopener\">Brother<\/a> original TN325M tonerkassett med h\u00f6g kapacitet ger enast\u00e5ende utskriftskvalitet och p\u00e5tagliga besparingar, \u00e4ven med stora utskriftsjobb. Alla produkter fr\u00e5n Brother \u2013 inklusive TN325M tonerkassett magenta \u2013 testas noggrant f\u00f6r att ge kunderna en konsekvent tillf\u00f6rlitlig l\u00f6sning.<\/p>\n<p>Kompatibel med: DCP-9055CDN, DCP-9270CDN, HL-4140CN, HL-4150CDN, HL-4570CDWT, HL-4570CDW, MFC-9460CDN, MFC-9465CDN, MFC-9970CDW<\/p>\n","protected":false},"excerpt":{"rendered":"<h1>Brother TN325M original tonerkassett \u2013 Magenta<\/h1>\n","protected":false},"featured_media":94118,"template":"","meta":[],"product_brand":[],"product_cat":[61,98,89],"product_tag":[],"class_list":{"0":"post-94113","1":"product","2":"type-product","3":"status-publish","4":"has-post-thumbnail","6":"product_cat-blackpatroner-toners","7":"product_cat-brother-toner","8":"product_cat-toner","10":"first","11":"instock","12":"taxable","13":"shipping-taxable","14":"purchasable","15":"product-type-simple"},"yoast_head":"<!-- This site is optimized with the Yoast SEO Premium plugin v26.7 (Yoast SEO v26.7) - https:\/\/yoast.com\/wordpress\/plugins\/seo\/ -->\n<title>Brother TN325M original tonerkassett \u2013 Magenta Ger cirka 3 500 A4-sidor.<\/title>\n<meta name=\"description\" content=\"Brother TN325M original tonerkassett \u2013 Magenta med h\u00f6g kapacitet r\u00e4cker den l\u00e4ngre \u00e4n en standardkassett men ger samma utm\u00e4rkta resultat.\" \/>\n<meta name=\"robots\" content=\"index, follow, max-snippet:-1, max-image-preview:large, max-video-preview:-1\" \/>\n<link rel=\"canonical\" href=\"https:\/\/www.heddata.se\/webbutik\/produkt\/brother-tn325m-original-tonerkassett-magenta\/\" \/>\n<meta property=\"og:locale\" content=\"sv_SE\" \/>\n<meta property=\"og:type\" content=\"article\" \/>\n<meta property=\"og:title\" content=\"Brother TN325M original tonerkassett \u2013 Magenta\" \/>\n<meta property=\"og:description\" content=\"Brother TN325M original tonerkassett \u2013 Magenta med h\u00f6g kapacitet r\u00e4cker den l\u00e4ngre \u00e4n en standardkassett men ger samma utm\u00e4rkta resultat.\" \/>\n<meta property=\"og:url\" content=\"https:\/\/www.heddata.se\/webbutik\/produkt\/brother-tn325m-original-tonerkassett-magenta\/\" \/>\n<meta property=\"og:site_name\" content=\"Datorer, Skrivare, F\u00e4rgpatroner, Mobiltelefoner\" \/>\n<meta property=\"article:modified_time\" content=\"2026-04-17T16:10:33+00:00\" \/>\n<meta property=\"og:image\" content=\"https:\/\/www.heddata.se\/webbutik\/wp-content\/uploads\/webbutik\/kategorier\/blackpatroner-toners\/tn325m.jpg\" \/>\n\t<meta property=\"og:image:width\" content=\"700\" \/>\n\t<meta property=\"og:image:height\" content=\"700\" \/>\n\t<meta property=\"og:image:type\" content=\"image\/jpeg\" \/>\n<meta name=\"twitter:card\" content=\"summary_large_image\" \/>\n<meta name=\"twitter:label1\" content=\"Ber\u00e4knad l\u00e4stid\" \/>\n\t<meta name=\"twitter:data1\" content=\"1 minut\" \/>\n<script type=\"application\/ld+json\" class=\"yoast-schema-graph\">{\"@context\":\"https:\/\/schema.org\",\"@graph\":[{\"@type\":\"WebPage\",\"@id\":\"https:\/\/www.heddata.se\/webbutik\/produkt\/brother-tn325m-original-tonerkassett-magenta\/\",\"url\":\"https:\/\/www.heddata.se\/webbutik\/produkt\/brother-tn325m-original-tonerkassett-magenta\/\",\"name\":\"Brother TN325M original tonerkassett \u2013 Magenta Ger cirka 3 500 A4-sidor.\",\"isPartOf\":{\"@id\":\"https:\/\/www.heddata.se\/webbutik\/#website\"},\"primaryImageOfPage\":{\"@id\":\"https:\/\/www.heddata.se\/webbutik\/produkt\/brother-tn325m-original-tonerkassett-magenta\/#primaryimage\"},\"image\":{\"@id\":\"https:\/\/www.heddata.se\/webbutik\/produkt\/brother-tn325m-original-tonerkassett-magenta\/#primaryimage\"},\"thumbnailUrl\":\"https:\/\/www.heddata.se\/webbutik\/wp-content\/uploads\/webbutik\/kategorier\/blackpatroner-toners\/tn325m.jpg\",\"datePublished\":\"2023-06-21T12:18:13+00:00\",\"dateModified\":\"2026-04-17T16:10:33+00:00\",\"description\":\"Brother TN325M original tonerkassett \u2013 Magenta med h\u00f6g kapacitet r\u00e4cker den l\u00e4ngre \u00e4n en standardkassett men ger samma utm\u00e4rkta resultat.\",\"breadcrumb\":{\"@id\":\"https:\/\/www.heddata.se\/webbutik\/produkt\/brother-tn325m-original-tonerkassett-magenta\/#breadcrumb\"},\"inLanguage\":\"sv-SE\",\"potentialAction\":[{\"@type\":\"ReadAction\",\"target\":[\"https:\/\/www.heddata.se\/webbutik\/produkt\/brother-tn325m-original-tonerkassett-magenta\/\"]}]},{\"@type\":\"ImageObject\",\"inLanguage\":\"sv-SE\",\"@id\":\"https:\/\/www.heddata.se\/webbutik\/produkt\/brother-tn325m-original-tonerkassett-magenta\/#primaryimage\",\"url\":\"https:\/\/www.heddata.se\/webbutik\/wp-content\/uploads\/webbutik\/kategorier\/blackpatroner-toners\/tn325m.jpg\",\"contentUrl\":\"https:\/\/www.heddata.se\/webbutik\/wp-content\/uploads\/webbutik\/kategorier\/blackpatroner-toners\/tn325m.jpg\",\"width\":700,\"height\":700,\"caption\":\"Brother TN325M original tonerkassett\"},{\"@type\":\"BreadcrumbList\",\"@id\":\"https:\/\/www.heddata.se\/webbutik\/produkt\/brother-tn325m-original-tonerkassett-magenta\/#breadcrumb\",\"itemListElement\":[{\"@type\":\"ListItem\",\"position\":1,\"name\":\"Hem\",\"item\":\"https:\/\/www.heddata.se\/webbutik\/\"},{\"@type\":\"ListItem\",\"position\":2,\"name\":\"Produkter\",\"item\":\"https:\/\/www.heddata.se\/webbutik\/shop\/\"},{\"@type\":\"ListItem\",\"position\":3,\"name\":\"Brother TN325M original tonerkassett \u2013 Magenta\"}]},{\"@type\":\"WebSite\",\"@id\":\"https:\/\/www.heddata.se\/webbutik\/#website\",\"url\":\"https:\/\/www.heddata.se\/webbutik\/\",\"name\":\"Datorer, Skrivare, F\u00e4rgpatroner, Mobiltelefoner\",\"description\":\"Kablar\",\"publisher\":{\"@id\":\"https:\/\/www.heddata.se\/webbutik\/#organization\"},\"potentialAction\":[{\"@type\":\"SearchAction\",\"target\":{\"@type\":\"EntryPoint\",\"urlTemplate\":\"https:\/\/www.heddata.se\/webbutik\/?s={search_term_string}\"},\"query-input\":{\"@type\":\"PropertyValueSpecification\",\"valueRequired\":true,\"valueName\":\"search_term_string\"}}],\"inLanguage\":\"sv-SE\"},{\"@type\":\"Organization\",\"@id\":\"https:\/\/www.heddata.se\/webbutik\/#organization\",\"name\":\"Heddata AB\",\"url\":\"https:\/\/www.heddata.se\/webbutik\/\",\"logo\":{\"@type\":\"ImageObject\",\"inLanguage\":\"sv-SE\",\"@id\":\"https:\/\/www.heddata.se\/webbutik\/#\/schema\/logo\/image\/\",\"url\":\"https:\/\/www.heddata.se\/webbutik\/wp-content\/uploads\/logga\/heddata-ab-logga.png\",\"contentUrl\":\"https:\/\/www.heddata.se\/webbutik\/wp-content\/uploads\/logga\/heddata-ab-logga.png\",\"width\":200,\"height\":64,\"caption\":\"Heddata AB\"},\"image\":{\"@id\":\"https:\/\/www.heddata.se\/webbutik\/#\/schema\/logo\/image\/\"}}]}<\/script>\n<!-- \/ Yoast SEO Premium plugin. -->","yoast_head_json":{"title":"Brother TN325M original tonerkassett \u2013 Magenta Ger cirka 3 500 A4-sidor.","description":"Brother TN325M original tonerkassett \u2013 Magenta med h\u00f6g kapacitet r\u00e4cker den l\u00e4ngre \u00e4n en standardkassett men ger samma utm\u00e4rkta resultat.","robots":{"index":"index","follow":"follow","max-snippet":"max-snippet:-1","max-image-preview":"max-image-preview:large","max-video-preview":"max-video-preview:-1"},"canonical":"https:\/\/www.heddata.se\/webbutik\/produkt\/brother-tn325m-original-tonerkassett-magenta\/","og_locale":"sv_SE","og_type":"article","og_title":"Brother TN325M original tonerkassett \u2013 Magenta","og_description":"Brother TN325M original tonerkassett \u2013 Magenta med h\u00f6g kapacitet r\u00e4cker den l\u00e4ngre \u00e4n en standardkassett men ger samma utm\u00e4rkta resultat.","og_url":"https:\/\/www.heddata.se\/webbutik\/produkt\/brother-tn325m-original-tonerkassett-magenta\/","og_site_name":"Datorer, Skrivare, F\u00e4rgpatroner, Mobiltelefoner","article_modified_time":"2026-04-17T16:10:33+00:00","og_image":[{"width":700,"height":700,"url":"https:\/\/www.heddata.se\/webbutik\/wp-content\/uploads\/webbutik\/kategorier\/blackpatroner-toners\/tn325m.jpg","type":"image\/jpeg"}],"twitter_card":"summary_large_image","twitter_misc":{"Ber\u00e4knad l\u00e4stid":"1 minut"},"schema":{"@context":"https:\/\/schema.org","@graph":[{"@type":"WebPage","@id":"https:\/\/www.heddata.se\/webbutik\/produkt\/brother-tn325m-original-tonerkassett-magenta\/","url":"https:\/\/www.heddata.se\/webbutik\/produkt\/brother-tn325m-original-tonerkassett-magenta\/","name":"Brother TN325M original tonerkassett \u2013 Magenta Ger cirka 3 500 A4-sidor.","isPartOf":{"@id":"https:\/\/www.heddata.se\/webbutik\/#website"},"primaryImageOfPage":{"@id":"https:\/\/www.heddata.se\/webbutik\/produkt\/brother-tn325m-original-tonerkassett-magenta\/#primaryimage"},"image":{"@id":"https:\/\/www.heddata.se\/webbutik\/produkt\/brother-tn325m-original-tonerkassett-magenta\/#primaryimage"},"thumbnailUrl":"https:\/\/www.heddata.se\/webbutik\/wp-content\/uploads\/webbutik\/kategorier\/blackpatroner-toners\/tn325m.jpg","datePublished":"2023-06-21T12:18:13+00:00","dateModified":"2026-04-17T16:10:33+00:00","description":"Brother TN325M original tonerkassett \u2013 Magenta med h\u00f6g kapacitet r\u00e4cker den l\u00e4ngre \u00e4n en standardkassett men ger samma utm\u00e4rkta resultat.","breadcrumb":{"@id":"https:\/\/www.heddata.se\/webbutik\/produkt\/brother-tn325m-original-tonerkassett-magenta\/#breadcrumb"},"inLanguage":"sv-SE","potentialAction":[{"@type":"ReadAction","target":["https:\/\/www.heddata.se\/webbutik\/produkt\/brother-tn325m-original-tonerkassett-magenta\/"]}]},{"@type":"ImageObject","inLanguage":"sv-SE","@id":"https:\/\/www.heddata.se\/webbutik\/produkt\/brother-tn325m-original-tonerkassett-magenta\/#primaryimage","url":"https:\/\/www.heddata.se\/webbutik\/wp-content\/uploads\/webbutik\/kategorier\/blackpatroner-toners\/tn325m.jpg","contentUrl":"https:\/\/www.heddata.se\/webbutik\/wp-content\/uploads\/webbutik\/kategorier\/blackpatroner-toners\/tn325m.jpg","width":700,"height":700,"caption":"Brother TN325M original tonerkassett"},{"@type":"BreadcrumbList","@id":"https:\/\/www.heddata.se\/webbutik\/produkt\/brother-tn325m-original-tonerkassett-magenta\/#breadcrumb","itemListElement":[{"@type":"ListItem","position":1,"name":"Hem","item":"https:\/\/www.heddata.se\/webbutik\/"},{"@type":"ListItem","position":2,"name":"Produkter","item":"https:\/\/www.heddata.se\/webbutik\/shop\/"},{"@type":"ListItem","position":3,"name":"Brother TN325M original tonerkassett \u2013 Magenta"}]},{"@type":"WebSite","@id":"https:\/\/www.heddata.se\/webbutik\/#website","url":"https:\/\/www.heddata.se\/webbutik\/","name":"Datorer, Skrivare, F\u00e4rgpatroner, Mobiltelefoner","description":"Kablar","publisher":{"@id":"https:\/\/www.heddata.se\/webbutik\/#organization"},"potentialAction":[{"@type":"SearchAction","target":{"@type":"EntryPoint","urlTemplate":"https:\/\/www.heddata.se\/webbutik\/?s={search_term_string}"},"query-input":{"@type":"PropertyValueSpecification","valueRequired":true,"valueName":"search_term_string"}}],"inLanguage":"sv-SE"},{"@type":"Organization","@id":"https:\/\/www.heddata.se\/webbutik\/#organization","name":"Heddata AB","url":"https:\/\/www.heddata.se\/webbutik\/","logo":{"@type":"ImageObject","inLanguage":"sv-SE","@id":"https:\/\/www.heddata.se\/webbutik\/#\/schema\/logo\/image\/","url":"https:\/\/www.heddata.se\/webbutik\/wp-content\/uploads\/logga\/heddata-ab-logga.png","contentUrl":"https:\/\/www.heddata.se\/webbutik\/wp-content\/uploads\/logga\/heddata-ab-logga.png","width":200,"height":64,"caption":"Heddata AB"},"image":{"@id":"https:\/\/www.heddata.se\/webbutik\/#\/schema\/logo\/image\/"}}]}},"_links":{"self":[{"href":"https:\/\/www.heddata.se\/webbutik\/wp-json\/wp\/v2\/product\/94113","targetHints":{"allow":["GET"]}}],"collection":[{"href":"https:\/\/www.heddata.se\/webbutik\/wp-json\/wp\/v2\/product"}],"about":[{"href":"https:\/\/www.heddata.se\/webbutik\/wp-json\/wp\/v2\/types\/product"}],"wp:featuredmedia":[{"embeddable":true,"href":"https:\/\/www.heddata.se\/webbutik\/wp-json\/wp\/v2\/media\/94118"}],"wp:attachment":[{"href":"https:\/\/www.heddata.se\/webbutik\/wp-json\/wp\/v2\/media?parent=94113"}],"wp:term":[{"taxonomy":"product_brand","embeddable":true,"href":"https:\/\/www.heddata.se\/webbutik\/wp-json\/wp\/v2\/product_brand?post=94113"},{"taxonomy":"product_cat","embeddable":true,"href":"https:\/\/www.heddata.se\/webbutik\/wp-json\/wp\/v2\/product_cat?post=94113"},{"taxonomy":"product_tag","embeddable":true,"href":"https:\/\/www.heddata.se\/webbutik\/wp-json\/wp\/v2\/product_tag?post=94113"}],"curies":[{"name":"wp","href":"https:\/\/api.w.org\/{rel}","templated":true}]}}