{"id":94112,"date":"2023-06-21T14:18:13","date_gmt":"2023-06-21T12:18:13","guid":{"rendered":"https:\/\/www.heddata.se\/webbutik\/?post_type=product&#038;p=94112"},"modified":"2026-04-30T18:12:52","modified_gmt":"2026-04-30T16:12:52","slug":"brother-tn325c-original-tonerkassett-cyan","status":"publish","type":"product","link":"https:\/\/www.heddata.se\/webbutik\/produkt\/brother-tn325c-original-tonerkassett-cyan\/","title":{"rendered":"Brother TN325C original tonerkassett- cyan"},"content":{"rendered":"<h1>Brother TN325C original tonerkassett- cyan<\/h1>\n<p>Brother TN325C cya original tonerkassett ger cirka 3 500 A4-sidor.<\/p>\n<h4>Beskrivning<\/h4>\n<section class=\"product-detail--section product-detail--product-description component\">Med Brother original tonerkassett\u00a0 cyan kan du f\u00f6rv\u00e4nta dig snabba utskrifter, \u00f6kad produktion samt bilder med h\u00f6g kvalitet, varje g\u00e5ng du skriver ut. TN325 tonerkassett \u00e4r utformad f\u00f6r att fungera perfekt med Brothers skrivare och ger upp till 3 500 A4-sidor.<\/p>\n<p><a href=\"https:\/\/www.brother.se\/\" target=\"_blank\" rel=\"noopener\">Brother<\/a> TN325C Tonerkasett i cyan \u00e4r utformad f\u00f6r att fungera perfekt med din <a href=\"https:\/\/www.heddata.se\/webbutik\/blocks\/kategori-laserskrivare\/\">skrivare<\/a> och ge b\u00e4sta resultat g\u00e5ng p\u00e5 g\u00e5ng. Genom att anv\u00e4nda billigare icke original toner kan du spara pengar p\u00e5 kort sikt. Eftersom de inte \u00e4r lika kompatibla med maskinerna kan det orsaka utskriftsproblem och till och med skada dem. V\u00e4lj TN325C f\u00f6r att f\u00f6rs\u00e4kra dig om att din skrivare fungerar p\u00e5 b\u00e4sta s\u00e4tt och att dina garantier forts\u00e4tter att vara giltiga.<\/p>\n<p>Passar till: HL-4150CDN, HL-4570CDWT, HL-4570CDW, DCP-9055CDN, MFC-9460CDN, HL-4140CN<\/p>\n<\/section>\n","protected":false},"excerpt":{"rendered":"<h1>Brother TN325C original tonerkassett- cyan<\/h1>\n","protected":false},"featured_media":94120,"template":"","meta":[],"product_brand":[],"product_cat":[61,98,89],"product_tag":[],"class_list":{"0":"post-94112","1":"product","2":"type-product","3":"status-publish","4":"has-post-thumbnail","6":"product_cat-blackpatroner-toners","7":"product_cat-brother-toner","8":"product_cat-toner","10":"first","11":"instock","12":"taxable","13":"shipping-taxable","14":"purchasable","15":"product-type-simple"},"yoast_head":"<!-- This site is optimized with the Yoast SEO Premium plugin v26.7 (Yoast SEO v26.7) - https:\/\/yoast.com\/wordpress\/plugins\/seo\/ -->\n<title>Brother TN325C original tonerkassett- cyan ger cirka 3 500 A4-sidor.<\/title>\n<meta name=\"description\" content=\"Brother TN325C original tonerkassett- cyan \u00e4r utformad f\u00f6r att fungera perfekt med din skrivare och ge b\u00e4sta resultat g\u00e5ng p\u00e5 g\u00e5ng\" \/>\n<meta name=\"robots\" content=\"index, follow, max-snippet:-1, max-image-preview:large, max-video-preview:-1\" \/>\n<link rel=\"canonical\" href=\"https:\/\/www.heddata.se\/webbutik\/produkt\/brother-tn325c-original-tonerkassett-cyan\/\" \/>\n<meta property=\"og:locale\" content=\"sv_SE\" \/>\n<meta property=\"og:type\" content=\"article\" \/>\n<meta property=\"og:title\" content=\"Brother TN325C original tonerkassett- cyan\" \/>\n<meta property=\"og:description\" content=\"Brother TN325C original tonerkassett- cyan \u00e4r utformad f\u00f6r att fungera perfekt med din skrivare och ge b\u00e4sta resultat g\u00e5ng p\u00e5 g\u00e5ng\" \/>\n<meta property=\"og:url\" content=\"https:\/\/www.heddata.se\/webbutik\/produkt\/brother-tn325c-original-tonerkassett-cyan\/\" \/>\n<meta property=\"og:site_name\" content=\"Datorer, Skrivare, F\u00e4rgpatroner, Mobiltelefoner\" \/>\n<meta property=\"article:modified_time\" content=\"2026-04-30T16:12:52+00:00\" \/>\n<meta property=\"og:image\" content=\"https:\/\/www.heddata.se\/webbutik\/wp-content\/uploads\/webbutik\/kategorier\/blackpatroner-toners\/tn325c.jpg\" \/>\n\t<meta property=\"og:image:width\" content=\"700\" \/>\n\t<meta property=\"og:image:height\" content=\"700\" \/>\n\t<meta property=\"og:image:type\" content=\"image\/jpeg\" \/>\n<meta name=\"twitter:card\" content=\"summary_large_image\" \/>\n<meta name=\"twitter:label1\" content=\"Ber\u00e4knad l\u00e4stid\" \/>\n\t<meta name=\"twitter:data1\" content=\"1 minut\" \/>\n<script type=\"application\/ld+json\" class=\"yoast-schema-graph\">{\"@context\":\"https:\/\/schema.org\",\"@graph\":[{\"@type\":\"WebPage\",\"@id\":\"https:\/\/www.heddata.se\/webbutik\/produkt\/brother-tn325c-original-tonerkassett-cyan\/\",\"url\":\"https:\/\/www.heddata.se\/webbutik\/produkt\/brother-tn325c-original-tonerkassett-cyan\/\",\"name\":\"Brother TN325C original tonerkassett- cyan ger cirka 3 500 A4-sidor.\",\"isPartOf\":{\"@id\":\"https:\/\/www.heddata.se\/webbutik\/#website\"},\"primaryImageOfPage\":{\"@id\":\"https:\/\/www.heddata.se\/webbutik\/produkt\/brother-tn325c-original-tonerkassett-cyan\/#primaryimage\"},\"image\":{\"@id\":\"https:\/\/www.heddata.se\/webbutik\/produkt\/brother-tn325c-original-tonerkassett-cyan\/#primaryimage\"},\"thumbnailUrl\":\"https:\/\/www.heddata.se\/webbutik\/wp-content\/uploads\/webbutik\/kategorier\/blackpatroner-toners\/tn325c.jpg\",\"datePublished\":\"2023-06-21T12:18:13+00:00\",\"dateModified\":\"2026-04-30T16:12:52+00:00\",\"description\":\"Brother TN325C original tonerkassett- cyan \u00e4r utformad f\u00f6r att fungera perfekt med din skrivare och ge b\u00e4sta resultat g\u00e5ng p\u00e5 g\u00e5ng\",\"breadcrumb\":{\"@id\":\"https:\/\/www.heddata.se\/webbutik\/produkt\/brother-tn325c-original-tonerkassett-cyan\/#breadcrumb\"},\"inLanguage\":\"sv-SE\",\"potentialAction\":[{\"@type\":\"ReadAction\",\"target\":[\"https:\/\/www.heddata.se\/webbutik\/produkt\/brother-tn325c-original-tonerkassett-cyan\/\"]}]},{\"@type\":\"ImageObject\",\"inLanguage\":\"sv-SE\",\"@id\":\"https:\/\/www.heddata.se\/webbutik\/produkt\/brother-tn325c-original-tonerkassett-cyan\/#primaryimage\",\"url\":\"https:\/\/www.heddata.se\/webbutik\/wp-content\/uploads\/webbutik\/kategorier\/blackpatroner-toners\/tn325c.jpg\",\"contentUrl\":\"https:\/\/www.heddata.se\/webbutik\/wp-content\/uploads\/webbutik\/kategorier\/blackpatroner-toners\/tn325c.jpg\",\"width\":700,\"height\":700,\"caption\":\"Brother TN325C original tonerkassett\"},{\"@type\":\"BreadcrumbList\",\"@id\":\"https:\/\/www.heddata.se\/webbutik\/produkt\/brother-tn325c-original-tonerkassett-cyan\/#breadcrumb\",\"itemListElement\":[{\"@type\":\"ListItem\",\"position\":1,\"name\":\"Hem\",\"item\":\"https:\/\/www.heddata.se\/webbutik\/\"},{\"@type\":\"ListItem\",\"position\":2,\"name\":\"Produkter\",\"item\":\"https:\/\/www.heddata.se\/webbutik\/shop\/\"},{\"@type\":\"ListItem\",\"position\":3,\"name\":\"Brother TN325C original tonerkassett- cyan\"}]},{\"@type\":\"WebSite\",\"@id\":\"https:\/\/www.heddata.se\/webbutik\/#website\",\"url\":\"https:\/\/www.heddata.se\/webbutik\/\",\"name\":\"Datorer, Skrivare, F\u00e4rgpatroner, Mobiltelefoner\",\"description\":\"Kablar\",\"publisher\":{\"@id\":\"https:\/\/www.heddata.se\/webbutik\/#organization\"},\"potentialAction\":[{\"@type\":\"SearchAction\",\"target\":{\"@type\":\"EntryPoint\",\"urlTemplate\":\"https:\/\/www.heddata.se\/webbutik\/?s={search_term_string}\"},\"query-input\":{\"@type\":\"PropertyValueSpecification\",\"valueRequired\":true,\"valueName\":\"search_term_string\"}}],\"inLanguage\":\"sv-SE\"},{\"@type\":\"Organization\",\"@id\":\"https:\/\/www.heddata.se\/webbutik\/#organization\",\"name\":\"Heddata AB\",\"url\":\"https:\/\/www.heddata.se\/webbutik\/\",\"logo\":{\"@type\":\"ImageObject\",\"inLanguage\":\"sv-SE\",\"@id\":\"https:\/\/www.heddata.se\/webbutik\/#\/schema\/logo\/image\/\",\"url\":\"https:\/\/www.heddata.se\/webbutik\/wp-content\/uploads\/logga\/heddata-ab-logga.png\",\"contentUrl\":\"https:\/\/www.heddata.se\/webbutik\/wp-content\/uploads\/logga\/heddata-ab-logga.png\",\"width\":200,\"height\":64,\"caption\":\"Heddata AB\"},\"image\":{\"@id\":\"https:\/\/www.heddata.se\/webbutik\/#\/schema\/logo\/image\/\"}}]}<\/script>\n<!-- \/ Yoast SEO Premium plugin. -->","yoast_head_json":{"title":"Brother TN325C original tonerkassett- cyan ger cirka 3 500 A4-sidor.","description":"Brother TN325C original tonerkassett- cyan \u00e4r utformad f\u00f6r att fungera perfekt med din skrivare och ge b\u00e4sta resultat g\u00e5ng p\u00e5 g\u00e5ng","robots":{"index":"index","follow":"follow","max-snippet":"max-snippet:-1","max-image-preview":"max-image-preview:large","max-video-preview":"max-video-preview:-1"},"canonical":"https:\/\/www.heddata.se\/webbutik\/produkt\/brother-tn325c-original-tonerkassett-cyan\/","og_locale":"sv_SE","og_type":"article","og_title":"Brother TN325C original tonerkassett- cyan","og_description":"Brother TN325C original tonerkassett- cyan \u00e4r utformad f\u00f6r att fungera perfekt med din skrivare och ge b\u00e4sta resultat g\u00e5ng p\u00e5 g\u00e5ng","og_url":"https:\/\/www.heddata.se\/webbutik\/produkt\/brother-tn325c-original-tonerkassett-cyan\/","og_site_name":"Datorer, Skrivare, F\u00e4rgpatroner, Mobiltelefoner","article_modified_time":"2026-04-30T16:12:52+00:00","og_image":[{"width":700,"height":700,"url":"https:\/\/www.heddata.se\/webbutik\/wp-content\/uploads\/webbutik\/kategorier\/blackpatroner-toners\/tn325c.jpg","type":"image\/jpeg"}],"twitter_card":"summary_large_image","twitter_misc":{"Ber\u00e4knad l\u00e4stid":"1 minut"},"schema":{"@context":"https:\/\/schema.org","@graph":[{"@type":"WebPage","@id":"https:\/\/www.heddata.se\/webbutik\/produkt\/brother-tn325c-original-tonerkassett-cyan\/","url":"https:\/\/www.heddata.se\/webbutik\/produkt\/brother-tn325c-original-tonerkassett-cyan\/","name":"Brother TN325C original tonerkassett- cyan ger cirka 3 500 A4-sidor.","isPartOf":{"@id":"https:\/\/www.heddata.se\/webbutik\/#website"},"primaryImageOfPage":{"@id":"https:\/\/www.heddata.se\/webbutik\/produkt\/brother-tn325c-original-tonerkassett-cyan\/#primaryimage"},"image":{"@id":"https:\/\/www.heddata.se\/webbutik\/produkt\/brother-tn325c-original-tonerkassett-cyan\/#primaryimage"},"thumbnailUrl":"https:\/\/www.heddata.se\/webbutik\/wp-content\/uploads\/webbutik\/kategorier\/blackpatroner-toners\/tn325c.jpg","datePublished":"2023-06-21T12:18:13+00:00","dateModified":"2026-04-30T16:12:52+00:00","description":"Brother TN325C original tonerkassett- cyan \u00e4r utformad f\u00f6r att fungera perfekt med din skrivare och ge b\u00e4sta resultat g\u00e5ng p\u00e5 g\u00e5ng","breadcrumb":{"@id":"https:\/\/www.heddata.se\/webbutik\/produkt\/brother-tn325c-original-tonerkassett-cyan\/#breadcrumb"},"inLanguage":"sv-SE","potentialAction":[{"@type":"ReadAction","target":["https:\/\/www.heddata.se\/webbutik\/produkt\/brother-tn325c-original-tonerkassett-cyan\/"]}]},{"@type":"ImageObject","inLanguage":"sv-SE","@id":"https:\/\/www.heddata.se\/webbutik\/produkt\/brother-tn325c-original-tonerkassett-cyan\/#primaryimage","url":"https:\/\/www.heddata.se\/webbutik\/wp-content\/uploads\/webbutik\/kategorier\/blackpatroner-toners\/tn325c.jpg","contentUrl":"https:\/\/www.heddata.se\/webbutik\/wp-content\/uploads\/webbutik\/kategorier\/blackpatroner-toners\/tn325c.jpg","width":700,"height":700,"caption":"Brother TN325C original tonerkassett"},{"@type":"BreadcrumbList","@id":"https:\/\/www.heddata.se\/webbutik\/produkt\/brother-tn325c-original-tonerkassett-cyan\/#breadcrumb","itemListElement":[{"@type":"ListItem","position":1,"name":"Hem","item":"https:\/\/www.heddata.se\/webbutik\/"},{"@type":"ListItem","position":2,"name":"Produkter","item":"https:\/\/www.heddata.se\/webbutik\/shop\/"},{"@type":"ListItem","position":3,"name":"Brother TN325C original tonerkassett- cyan"}]},{"@type":"WebSite","@id":"https:\/\/www.heddata.se\/webbutik\/#website","url":"https:\/\/www.heddata.se\/webbutik\/","name":"Datorer, Skrivare, F\u00e4rgpatroner, Mobiltelefoner","description":"Kablar","publisher":{"@id":"https:\/\/www.heddata.se\/webbutik\/#organization"},"potentialAction":[{"@type":"SearchAction","target":{"@type":"EntryPoint","urlTemplate":"https:\/\/www.heddata.se\/webbutik\/?s={search_term_string}"},"query-input":{"@type":"PropertyValueSpecification","valueRequired":true,"valueName":"search_term_string"}}],"inLanguage":"sv-SE"},{"@type":"Organization","@id":"https:\/\/www.heddata.se\/webbutik\/#organization","name":"Heddata AB","url":"https:\/\/www.heddata.se\/webbutik\/","logo":{"@type":"ImageObject","inLanguage":"sv-SE","@id":"https:\/\/www.heddata.se\/webbutik\/#\/schema\/logo\/image\/","url":"https:\/\/www.heddata.se\/webbutik\/wp-content\/uploads\/logga\/heddata-ab-logga.png","contentUrl":"https:\/\/www.heddata.se\/webbutik\/wp-content\/uploads\/logga\/heddata-ab-logga.png","width":200,"height":64,"caption":"Heddata AB"},"image":{"@id":"https:\/\/www.heddata.se\/webbutik\/#\/schema\/logo\/image\/"}}]}},"_links":{"self":[{"href":"https:\/\/www.heddata.se\/webbutik\/wp-json\/wp\/v2\/product\/94112","targetHints":{"allow":["GET"]}}],"collection":[{"href":"https:\/\/www.heddata.se\/webbutik\/wp-json\/wp\/v2\/product"}],"about":[{"href":"https:\/\/www.heddata.se\/webbutik\/wp-json\/wp\/v2\/types\/product"}],"wp:featuredmedia":[{"embeddable":true,"href":"https:\/\/www.heddata.se\/webbutik\/wp-json\/wp\/v2\/media\/94120"}],"wp:attachment":[{"href":"https:\/\/www.heddata.se\/webbutik\/wp-json\/wp\/v2\/media?parent=94112"}],"wp:term":[{"taxonomy":"product_brand","embeddable":true,"href":"https:\/\/www.heddata.se\/webbutik\/wp-json\/wp\/v2\/product_brand?post=94112"},{"taxonomy":"product_cat","embeddable":true,"href":"https:\/\/www.heddata.se\/webbutik\/wp-json\/wp\/v2\/product_cat?post=94112"},{"taxonomy":"product_tag","embeddable":true,"href":"https:\/\/www.heddata.se\/webbutik\/wp-json\/wp\/v2\/product_tag?post=94112"}],"curies":[{"name":"wp","href":"https:\/\/api.w.org\/{rel}","templated":true}]}}