{"id":93902,"date":"2023-04-13T15:18:11","date_gmt":"2023-04-13T13:18:11","guid":{"rendered":"https:\/\/www.heddata.se\/webbutik\/?post_type=product&#038;p=93902"},"modified":"2026-04-29T18:10:32","modified_gmt":"2026-04-29T16:10:32","slug":"sign-vevradio-med-solceller-ficklampa-och-2000mah-powerbank","status":"publish","type":"product","link":"https:\/\/www.heddata.se\/webbutik\/produkt\/sign-vevradio-med-solceller-ficklampa-och-2000mah-powerbank\/","title":{"rendered":"SiGN Vevradio med Solceller, Ficklampa och 2000mAh Powerbank"},"content":{"rendered":"<h1>SiGN Vevradio med Solceller, Ficklampa och 2000mAh Powerbank<\/h1>\n<h2>Beskrivning<\/h2>\n<div>\n<div class=\"description-wrapper\">\n<div class=\"description legacy\">\n<p><strong>SiGN Vevradio med Solceller, ficklampa och Powerbank<\/strong><\/p>\n<p>Smart dynamoradio med ficklampa, solceller och USB-port. \u00a0Denna kompakta vevradio \u00e4r det optimala tillbeh\u00f6ret f\u00f6r en aktiv livsstil ute i det fria. Den passar lika bra p\u00e5 campingturen som p\u00e5 fj\u00e4llet eller stranden!<\/p>\n<p><strong>Lyssna p\u00e5 radio, n\u00e4r och var du vill<\/strong><\/p>\n<p>Denna <a href=\"https:\/\/sverigesradio.se\/\" target=\"_blank\" rel=\"noopener\">n\u00f6dradio<\/a> med vev har ett stort inbyggt batteri p\u00e5 2000mAh som enkelt laddas upp med hj\u00e4lp av en vev, eller med Solceller. Vevradion kan \u00e4ven anv\u00e4ndas som n\u00f6dladdare f\u00f6r din <a href=\"https:\/\/www.heddata.se\/webbutik\/telefon-surfplattor\/mobiltelefoner\/\">mobil<\/a> om det skulle krisa. Befinner du dig p\u00e5 en plats med tillg\u00e5ng till el kan du passa p\u00e5 att ladda upp vevradion med en mobilladdare eller genom att ansluta den med en USB kabel till en dator.<\/p>\n<p><strong>Enkelt att hitta r\u00e4tt radiokanal<\/strong><\/p>\n<p>Vevradion \u00e4r f\u00f6rsedd med en l\u00e4ttman\u00f6vrerad ratt som g\u00f6r det enkelt att hitta r\u00e4tt radiokanal. Dynamoradion har en tydlig batteriindikator som g\u00f6r det enkelt att se hur mycket batteri som \u00e5terst\u00e5r s\u00e5 att du alltid kan ha koll p\u00e5 din utrustning.<\/p>\n<p><strong>Larmar om du \u00e4r i fara<\/strong><\/p>\n<p>Skulle du befinna dig i fara s\u00e5 kan du skicka ut en h\u00f6gljudd larmsignal med dynamoradions SOS knapp, h\u00e5ll inne knappen s\u00e5 ljuder en siren. Vevradion har \u00e4ven en inbyggd 1W LED ficklampa som enkelt sl\u00e5s p\u00e5 med en knapptryckning.<\/p>\n<p><strong>Kom ig\u00e5ng<\/strong><\/p>\n<p>F\u00f6rsta g\u00e5ngen du anv\u00e4nder din vevradio s\u00e5 beh\u00f6ver du veva mellan 3 till 5 minuter f\u00f6r att aktivera batteriet. F\u00f6r att f\u00e5 maximal anv\u00e4ndning av solcellspanelerna s\u00e5 beh\u00f6ver de st\u00e5 i direkt solljus en l\u00e4ngre stund.<\/p>\n<p><strong>Egenskaper<\/strong>:<\/p>\n<ul>\n<li><strong>Typ<\/strong>: Dynamoradio \/ Vevradio med solceller, ficklampa och n\u00f6dladdare<\/li>\n<li><strong>Radiofrekvens<\/strong>: FM \/ AM<\/li>\n<li><strong>Batterikapacitet<\/strong>: 2000mAh<\/li>\n<li><strong>Solcellspanel<\/strong>: 0,2 W<\/li>\n<li><strong>Ficklampa<\/strong>: LED 1 W<\/li>\n<li><strong>USB-port:<\/strong>\u00a0USB-A \/ Micro-USB<\/li>\n<li><strong>Dimensioner:\u00a0<\/strong>147 X 62 X 76 mm \/ 300g<\/li>\n<li><strong>M\u00e4rke<\/strong>: SiGN<\/li>\n<\/ul>\n<\/div>\n<\/div>\n<\/div>\n","protected":false},"excerpt":{"rendered":"<h1>SiGN Vevradio med Solceller, Ficklampa och 2000mAh Powerbank<\/h1>\n","protected":false},"featured_media":93907,"template":"","meta":[],"product_brand":[],"product_cat":[60,83,120,81,69],"product_tag":[],"class_list":{"0":"post-93902","1":"product","2":"type-product","3":"status-publish","4":"has-post-thumbnail","6":"product_cat-hemelektronik","7":"product_cat-ljudsystem-hogtalare","8":"product_cat-powerbanks","9":"product_cat-radio","10":"product_cat-telefontillbehor","12":"first","13":"instock","14":"taxable","15":"shipping-taxable","16":"purchasable","17":"product-type-simple"},"yoast_head":"<!-- This site is optimized with the Yoast SEO Premium plugin v26.7 (Yoast SEO v26.7) - https:\/\/yoast.com\/wordpress\/plugins\/seo\/ -->\n<title>SiGN Vevradio med Solceller, Ficklampa och 2000mAh Powerbank<\/title>\n<meta name=\"description\" content=\"SiGN Vevradio med Solceller, Ficklampa och 2000mAh Powerbank. Smart dynamoradio med ficklampa, solceller och USB-port.\" \/>\n<meta name=\"robots\" content=\"index, follow, max-snippet:-1, max-image-preview:large, max-video-preview:-1\" \/>\n<link rel=\"canonical\" href=\"https:\/\/www.heddata.se\/webbutik\/produkt\/sign-vevradio-med-solceller-ficklampa-och-2000mah-powerbank\/\" \/>\n<meta property=\"og:locale\" content=\"sv_SE\" \/>\n<meta property=\"og:type\" content=\"article\" \/>\n<meta property=\"og:title\" content=\"SiGN Vevradio med Solceller, Ficklampa och 2000mAh Powerbank\" \/>\n<meta property=\"og:description\" content=\"SiGN Vevradio med Solceller, Ficklampa och 2000mAh Powerbank. Smart dynamoradio med ficklampa, solceller och USB-port.\" \/>\n<meta property=\"og:url\" content=\"https:\/\/www.heddata.se\/webbutik\/produkt\/sign-vevradio-med-solceller-ficklampa-och-2000mah-powerbank\/\" \/>\n<meta property=\"og:site_name\" content=\"Datorer, Skrivare, F\u00e4rgpatroner, Mobiltelefoner\" \/>\n<meta property=\"article:modified_time\" content=\"2026-04-29T16:10:32+00:00\" \/>\n<meta property=\"og:image\" content=\"https:\/\/www.heddata.se\/webbutik\/wp-content\/uploads\/webbutik\/kategorier\/hemelektronik\/sn-pbdyn.jpg\" \/>\n\t<meta property=\"og:image:width\" content=\"800\" \/>\n\t<meta property=\"og:image:height\" content=\"798\" \/>\n\t<meta property=\"og:image:type\" content=\"image\/jpeg\" \/>\n<meta name=\"twitter:card\" content=\"summary_large_image\" \/>\n<meta name=\"twitter:label1\" content=\"Ber\u00e4knad l\u00e4stid\" \/>\n\t<meta name=\"twitter:data1\" content=\"2 minuter\" \/>\n<script type=\"application\/ld+json\" class=\"yoast-schema-graph\">{\"@context\":\"https:\/\/schema.org\",\"@graph\":[{\"@type\":\"WebPage\",\"@id\":\"https:\/\/www.heddata.se\/webbutik\/produkt\/sign-vevradio-med-solceller-ficklampa-och-2000mah-powerbank\/\",\"url\":\"https:\/\/www.heddata.se\/webbutik\/produkt\/sign-vevradio-med-solceller-ficklampa-och-2000mah-powerbank\/\",\"name\":\"SiGN Vevradio med Solceller, Ficklampa och 2000mAh Powerbank\",\"isPartOf\":{\"@id\":\"https:\/\/www.heddata.se\/webbutik\/#website\"},\"primaryImageOfPage\":{\"@id\":\"https:\/\/www.heddata.se\/webbutik\/produkt\/sign-vevradio-med-solceller-ficklampa-och-2000mah-powerbank\/#primaryimage\"},\"image\":{\"@id\":\"https:\/\/www.heddata.se\/webbutik\/produkt\/sign-vevradio-med-solceller-ficklampa-och-2000mah-powerbank\/#primaryimage\"},\"thumbnailUrl\":\"https:\/\/www.heddata.se\/webbutik\/wp-content\/uploads\/webbutik\/kategorier\/hemelektronik\/sn-pbdyn.jpg\",\"datePublished\":\"2023-04-13T13:18:11+00:00\",\"dateModified\":\"2026-04-29T16:10:32+00:00\",\"description\":\"SiGN Vevradio med Solceller, Ficklampa och 2000mAh Powerbank. Smart dynamoradio med ficklampa, solceller och USB-port.\",\"breadcrumb\":{\"@id\":\"https:\/\/www.heddata.se\/webbutik\/produkt\/sign-vevradio-med-solceller-ficklampa-och-2000mah-powerbank\/#breadcrumb\"},\"inLanguage\":\"sv-SE\",\"potentialAction\":[{\"@type\":\"ReadAction\",\"target\":[\"https:\/\/www.heddata.se\/webbutik\/produkt\/sign-vevradio-med-solceller-ficklampa-och-2000mah-powerbank\/\"]}]},{\"@type\":\"ImageObject\",\"inLanguage\":\"sv-SE\",\"@id\":\"https:\/\/www.heddata.se\/webbutik\/produkt\/sign-vevradio-med-solceller-ficklampa-och-2000mah-powerbank\/#primaryimage\",\"url\":\"https:\/\/www.heddata.se\/webbutik\/wp-content\/uploads\/webbutik\/kategorier\/hemelektronik\/sn-pbdyn.jpg\",\"contentUrl\":\"https:\/\/www.heddata.se\/webbutik\/wp-content\/uploads\/webbutik\/kategorier\/hemelektronik\/sn-pbdyn.jpg\",\"width\":800,\"height\":798,\"caption\":\"SiGN Vevradio med Solceller\"},{\"@type\":\"BreadcrumbList\",\"@id\":\"https:\/\/www.heddata.se\/webbutik\/produkt\/sign-vevradio-med-solceller-ficklampa-och-2000mah-powerbank\/#breadcrumb\",\"itemListElement\":[{\"@type\":\"ListItem\",\"position\":1,\"name\":\"Hem\",\"item\":\"https:\/\/www.heddata.se\/webbutik\/\"},{\"@type\":\"ListItem\",\"position\":2,\"name\":\"Produkter\",\"item\":\"https:\/\/www.heddata.se\/webbutik\/shop\/\"},{\"@type\":\"ListItem\",\"position\":3,\"name\":\"SiGN Vevradio med Solceller, Ficklampa och 2000mAh Powerbank\"}]},{\"@type\":\"WebSite\",\"@id\":\"https:\/\/www.heddata.se\/webbutik\/#website\",\"url\":\"https:\/\/www.heddata.se\/webbutik\/\",\"name\":\"Datorer, Skrivare, F\u00e4rgpatroner, Mobiltelefoner\",\"description\":\"Kablar\",\"publisher\":{\"@id\":\"https:\/\/www.heddata.se\/webbutik\/#organization\"},\"potentialAction\":[{\"@type\":\"SearchAction\",\"target\":{\"@type\":\"EntryPoint\",\"urlTemplate\":\"https:\/\/www.heddata.se\/webbutik\/?s={search_term_string}\"},\"query-input\":{\"@type\":\"PropertyValueSpecification\",\"valueRequired\":true,\"valueName\":\"search_term_string\"}}],\"inLanguage\":\"sv-SE\"},{\"@type\":\"Organization\",\"@id\":\"https:\/\/www.heddata.se\/webbutik\/#organization\",\"name\":\"Heddata AB\",\"url\":\"https:\/\/www.heddata.se\/webbutik\/\",\"logo\":{\"@type\":\"ImageObject\",\"inLanguage\":\"sv-SE\",\"@id\":\"https:\/\/www.heddata.se\/webbutik\/#\/schema\/logo\/image\/\",\"url\":\"https:\/\/www.heddata.se\/webbutik\/wp-content\/uploads\/logga\/heddata-ab-logga.png\",\"contentUrl\":\"https:\/\/www.heddata.se\/webbutik\/wp-content\/uploads\/logga\/heddata-ab-logga.png\",\"width\":200,\"height\":64,\"caption\":\"Heddata AB\"},\"image\":{\"@id\":\"https:\/\/www.heddata.se\/webbutik\/#\/schema\/logo\/image\/\"}}]}<\/script>\n<!-- \/ Yoast SEO Premium plugin. -->","yoast_head_json":{"title":"SiGN Vevradio med Solceller, Ficklampa och 2000mAh Powerbank","description":"SiGN Vevradio med Solceller, Ficklampa och 2000mAh Powerbank. Smart dynamoradio med ficklampa, solceller och USB-port.","robots":{"index":"index","follow":"follow","max-snippet":"max-snippet:-1","max-image-preview":"max-image-preview:large","max-video-preview":"max-video-preview:-1"},"canonical":"https:\/\/www.heddata.se\/webbutik\/produkt\/sign-vevradio-med-solceller-ficklampa-och-2000mah-powerbank\/","og_locale":"sv_SE","og_type":"article","og_title":"SiGN Vevradio med Solceller, Ficklampa och 2000mAh Powerbank","og_description":"SiGN Vevradio med Solceller, Ficklampa och 2000mAh Powerbank. Smart dynamoradio med ficklampa, solceller och USB-port.","og_url":"https:\/\/www.heddata.se\/webbutik\/produkt\/sign-vevradio-med-solceller-ficklampa-och-2000mah-powerbank\/","og_site_name":"Datorer, Skrivare, F\u00e4rgpatroner, Mobiltelefoner","article_modified_time":"2026-04-29T16:10:32+00:00","og_image":[{"width":800,"height":798,"url":"https:\/\/www.heddata.se\/webbutik\/wp-content\/uploads\/webbutik\/kategorier\/hemelektronik\/sn-pbdyn.jpg","type":"image\/jpeg"}],"twitter_card":"summary_large_image","twitter_misc":{"Ber\u00e4knad l\u00e4stid":"2 minuter"},"schema":{"@context":"https:\/\/schema.org","@graph":[{"@type":"WebPage","@id":"https:\/\/www.heddata.se\/webbutik\/produkt\/sign-vevradio-med-solceller-ficklampa-och-2000mah-powerbank\/","url":"https:\/\/www.heddata.se\/webbutik\/produkt\/sign-vevradio-med-solceller-ficklampa-och-2000mah-powerbank\/","name":"SiGN Vevradio med Solceller, Ficklampa och 2000mAh Powerbank","isPartOf":{"@id":"https:\/\/www.heddata.se\/webbutik\/#website"},"primaryImageOfPage":{"@id":"https:\/\/www.heddata.se\/webbutik\/produkt\/sign-vevradio-med-solceller-ficklampa-och-2000mah-powerbank\/#primaryimage"},"image":{"@id":"https:\/\/www.heddata.se\/webbutik\/produkt\/sign-vevradio-med-solceller-ficklampa-och-2000mah-powerbank\/#primaryimage"},"thumbnailUrl":"https:\/\/www.heddata.se\/webbutik\/wp-content\/uploads\/webbutik\/kategorier\/hemelektronik\/sn-pbdyn.jpg","datePublished":"2023-04-13T13:18:11+00:00","dateModified":"2026-04-29T16:10:32+00:00","description":"SiGN Vevradio med Solceller, Ficklampa och 2000mAh Powerbank. Smart dynamoradio med ficklampa, solceller och USB-port.","breadcrumb":{"@id":"https:\/\/www.heddata.se\/webbutik\/produkt\/sign-vevradio-med-solceller-ficklampa-och-2000mah-powerbank\/#breadcrumb"},"inLanguage":"sv-SE","potentialAction":[{"@type":"ReadAction","target":["https:\/\/www.heddata.se\/webbutik\/produkt\/sign-vevradio-med-solceller-ficklampa-och-2000mah-powerbank\/"]}]},{"@type":"ImageObject","inLanguage":"sv-SE","@id":"https:\/\/www.heddata.se\/webbutik\/produkt\/sign-vevradio-med-solceller-ficklampa-och-2000mah-powerbank\/#primaryimage","url":"https:\/\/www.heddata.se\/webbutik\/wp-content\/uploads\/webbutik\/kategorier\/hemelektronik\/sn-pbdyn.jpg","contentUrl":"https:\/\/www.heddata.se\/webbutik\/wp-content\/uploads\/webbutik\/kategorier\/hemelektronik\/sn-pbdyn.jpg","width":800,"height":798,"caption":"SiGN Vevradio med Solceller"},{"@type":"BreadcrumbList","@id":"https:\/\/www.heddata.se\/webbutik\/produkt\/sign-vevradio-med-solceller-ficklampa-och-2000mah-powerbank\/#breadcrumb","itemListElement":[{"@type":"ListItem","position":1,"name":"Hem","item":"https:\/\/www.heddata.se\/webbutik\/"},{"@type":"ListItem","position":2,"name":"Produkter","item":"https:\/\/www.heddata.se\/webbutik\/shop\/"},{"@type":"ListItem","position":3,"name":"SiGN Vevradio med Solceller, Ficklampa och 2000mAh Powerbank"}]},{"@type":"WebSite","@id":"https:\/\/www.heddata.se\/webbutik\/#website","url":"https:\/\/www.heddata.se\/webbutik\/","name":"Datorer, Skrivare, F\u00e4rgpatroner, Mobiltelefoner","description":"Kablar","publisher":{"@id":"https:\/\/www.heddata.se\/webbutik\/#organization"},"potentialAction":[{"@type":"SearchAction","target":{"@type":"EntryPoint","urlTemplate":"https:\/\/www.heddata.se\/webbutik\/?s={search_term_string}"},"query-input":{"@type":"PropertyValueSpecification","valueRequired":true,"valueName":"search_term_string"}}],"inLanguage":"sv-SE"},{"@type":"Organization","@id":"https:\/\/www.heddata.se\/webbutik\/#organization","name":"Heddata AB","url":"https:\/\/www.heddata.se\/webbutik\/","logo":{"@type":"ImageObject","inLanguage":"sv-SE","@id":"https:\/\/www.heddata.se\/webbutik\/#\/schema\/logo\/image\/","url":"https:\/\/www.heddata.se\/webbutik\/wp-content\/uploads\/logga\/heddata-ab-logga.png","contentUrl":"https:\/\/www.heddata.se\/webbutik\/wp-content\/uploads\/logga\/heddata-ab-logga.png","width":200,"height":64,"caption":"Heddata AB"},"image":{"@id":"https:\/\/www.heddata.se\/webbutik\/#\/schema\/logo\/image\/"}}]}},"_links":{"self":[{"href":"https:\/\/www.heddata.se\/webbutik\/wp-json\/wp\/v2\/product\/93902","targetHints":{"allow":["GET"]}}],"collection":[{"href":"https:\/\/www.heddata.se\/webbutik\/wp-json\/wp\/v2\/product"}],"about":[{"href":"https:\/\/www.heddata.se\/webbutik\/wp-json\/wp\/v2\/types\/product"}],"wp:featuredmedia":[{"embeddable":true,"href":"https:\/\/www.heddata.se\/webbutik\/wp-json\/wp\/v2\/media\/93907"}],"wp:attachment":[{"href":"https:\/\/www.heddata.se\/webbutik\/wp-json\/wp\/v2\/media?parent=93902"}],"wp:term":[{"taxonomy":"product_brand","embeddable":true,"href":"https:\/\/www.heddata.se\/webbutik\/wp-json\/wp\/v2\/product_brand?post=93902"},{"taxonomy":"product_cat","embeddable":true,"href":"https:\/\/www.heddata.se\/webbutik\/wp-json\/wp\/v2\/product_cat?post=93902"},{"taxonomy":"product_tag","embeddable":true,"href":"https:\/\/www.heddata.se\/webbutik\/wp-json\/wp\/v2\/product_tag?post=93902"}],"curies":[{"name":"wp","href":"https:\/\/api.w.org\/{rel}","templated":true}]}}