{"id":93832,"date":"2023-03-07T14:18:11","date_gmt":"2023-03-07T13:18:11","guid":{"rendered":"https:\/\/www.heddata.se\/webbutik\/?post_type=product&#038;p=93832"},"modified":"2026-04-09T11:52:32","modified_gmt":"2026-04-09T09:52:32","slug":"apple-10-2-inch-ipad-wi-fi-cellular-256gb-space-grey-9th-gen-mk4e3kn-a","status":"publish","type":"product","link":"https:\/\/www.heddata.se\/webbutik\/produkt\/apple-10-2-inch-ipad-wi-fi-cellular-256gb-space-grey-9th-gen-mk4e3kn-a\/","title":{"rendered":"Apple 10.2-inch iPad Wi-Fi + Cellular 256GB &#8211; Space Grey (9th gen) MK4E3KN\/A"},"content":{"rendered":"<p>Apple 10.2-inch iPad Wi-Fi + Cellular 256GB &#8211; Space Grey (9th gen) MK4E3KN\/A<\/p>\n<p>Apple 10.2-inch iPad Wi-Fi + Cellular &#8211; Kraftfull. L\u00e4tt att anv\u00e4nda. Allsidig. Nya iPad \u00e4r utvecklad f\u00f6r allt du gillar att g\u00f6ra. Arbeta, spela, skapa, studera, h\u00e5lla kontakten och mycket annat. Till ett otroligt bra pris.<\/p>\n<h4><b>Som en <a href=\"https:\/\/www.heddata.se\/webbutik\/datorer\/\">dator<\/a><\/b><\/h4>\n<p>Nya iPad kombinerar kraften och kapaciteten hos en dator med all den anv\u00e4ndarv\u00e4nlighet och m\u00e5ngsidighet som bara iPad kan erbjuda. Med en st\u00f6rre 10,2-tums Retina-sk\u00e4rm, st\u00f6d f\u00f6r Smart Keyboard i full storlek och alla de nya fantastiska funktionerna i iPadOS har den blivit \u00e4nnu mer allround. Det \u00e4r otroligt roligt. Och utan tvivel iPad.<\/p>\n<h4><b>Multitasking<\/b><\/h4>\n<p>Med iPad f\u00e5r du mer gjort, utan kr\u00e5ngel och stress. Det \u00e4r v\u00e4ldigt l\u00e4tt att redigera ett dokument samtidigt som du s\u00f6ker p\u00e5 webben och ringer ett FaceTime-samtal till en kollega. Du hanterar alla dina filer p\u00e5 ett och samma st\u00e4lle med appen Filer. Och n\u00e4r du vill skriva en uppsats eller skapa en presentation \u00e4r det enkelt att anv\u00e4nda sk\u00e4rmtangentbordet eller s\u00e4tta fast Smart Keyboard i full storlek.<\/p>\n<h4><b>Att g\u00f6ra l\u00e4xan kan vara riktigt kul<\/b><\/h4>\n<p>Med iPad kan du verkligen f\u00e5 utlopp f\u00f6r din nyfikenhet. App Store \u00e4r den b\u00e4sta platsen att uppt\u00e4cka appar som du kan anv\u00e4nda n\u00e4r du vill f\u00f6rb\u00e4ttra dina geometriska kunskaper, l\u00e4ra dig ett nytt spr\u00e5k eller prova p\u00e5 att komponera din egen musik. Du kan till och med anv\u00e4nda f\u00f6rst\u00e4rkt verklighet f\u00f6r att l\u00e4ra dig n\u00e5got sp\u00e4nnande, som att se rymdfartens historia utspela sig i vardagsrummet eller l\u00e5ta figurer fr\u00e5n din favoritbok bokstavligen hoppa ut fr\u00e5n sidan.<\/p>\n<h4><b>Fingerf\u00e4rdighet fr\u00e5n filmning till redigering<\/b><\/h4>\n<p>Oavsett hur du tar bilder och filmar &#8211; med 8 MP-kameran p\u00e5 baksidan eller FaceTime HD-kameran p\u00e5 iPad, med en iPhone eller digitalkamera &#8211; \u00e4r det ett n\u00f6je att redigera dem p\u00e5 den stora iPad-sk\u00e4rmen. L\u00e4gg till roliga effekter och filter, besk\u00e4r eller rotera. N\u00e4r du har den perfekta bilden, dela den p\u00e5 sociala medier eller skicka den till dina v\u00e4nner med ett klick.<\/p>\n<h4><b>Koppla upp dig n\u00e4r som helst<\/b><\/h4>\n<p>Om du v\u00e4ljer en iPad med Wi-Fi + Cellular kan du koppla upp dig \u00e4ven n\u00e4r du inte har tillg\u00e5ng till Wi-Fi. G\u00f6r klart presentationen p\u00e5 pendelt\u00e5get, streama en video i parken eller h\u00e5ll kontakten med familjen n\u00e4r du \u00e4r ute och reser. Du beh\u00f6ver inte skaffa n\u00e5got fast m\u00e5nadsabonnemang. V\u00e4lj bara det alternativ som passar dig b\u00e4st, direkt fr\u00e5n din iPad.<\/p>\n<table class=\"data-table\">\n<tbody>\n<tr class=\"even\">\n<td class=\"pb-2 pt-2 text-primary\" colspan=\"2\">\n<h4><b>Allm\u00e4nt<\/b><\/h4>\n<\/td>\n<\/tr>\n<tr>\n<td class=\"spec-name\">Operativsystem<\/td>\n<td class=\"spec-value\"><a href=\"https:\/\/www.apple.com\/se\/\" target=\"_blank\" rel=\"noopener\">Apple<\/a> iPadOS 15<\/td>\n<\/tr>\n<tr>\n<td class=\"spec-name\">Typ av produkt<\/td>\n<td class=\"spec-value\">Surfplatta<\/td>\n<\/tr>\n<tr class=\"even\">\n<td class=\"pb-2 pt-2 text-primary\" colspan=\"2\"><b>Bakre kamera<\/b><\/td>\n<\/tr>\n<tr>\n<td class=\"spec-name\">Videouppl\u00f6sning<\/td>\n<td class=\"spec-value\">1920 x 1080 (1080p) vid 30 fps, 1280 x 720 (720p) vid 30 fps, Slo-mo-video 1280 x 720 (720p) vid 120 fps, 1920 x 1080 (1080p) vid 25 fps<\/td>\n<\/tr>\n<tr>\n<td class=\"spec-name\">Antal linselement<\/td>\n<td class=\"spec-value\">5-element<\/td>\n<\/tr>\n<tr>\n<td class=\"spec-name\">Kamerazoom<\/td>\n<td class=\"spec-value\">5x digital zoom<\/td>\n<\/tr>\n<tr>\n<td class=\"spec-name\">Sensoruppl\u00f6sning<\/td>\n<td class=\"spec-value\">8 megapixlar<\/td>\n<\/tr>\n<tr>\n<td class=\"spec-name\">Fokusjustering<\/td>\n<td class=\"spec-value\">Automatisk<\/td>\n<\/tr>\n<tr>\n<td class=\"spec-name\">Funktioner<\/td>\n<td class=\"spec-value\">Cinematisk videostabilisering, Automatisk bildstabilisering, Uppspelningszoom, geom\u00e4rkning, videobildstabilisering, video med kontinuerlig autofokus, Tidsperiodsvideo med stabilisering, Digital zoom upp till 3x f\u00f6r video, Panorama (upp till 43MP)<\/td>\n<\/tr>\n<tr>\n<td class=\"spec-name\">Bl\u00e4ndare<\/td>\n<td class=\"spec-value\">F\/2.4<\/td>\n<\/tr>\n<tr>\n<td class=\"spec-name\">Specialeffekter<\/td>\n<td class=\"spec-value\">HDR<\/td>\n<\/tr>\n<tr>\n<td class=\"spec-name\">Kameral\u00e4gen<\/td>\n<td class=\"spec-value\">Seriel\u00e4ge, Panorama, Time-lapse-l\u00e4ge, Ultrarapidl\u00e4ge, Bred<\/td>\n<\/tr>\n<tr class=\"odd\">\n<td class=\"pb-2 pt-2 text-primary\" colspan=\"2\"><b>Batteri<\/b><\/td>\n<\/tr>\n<tr>\n<td class=\"spec-name\">Kapacitet<\/td>\n<td class=\"spec-value\">32.4 Wh<\/td>\n<\/tr>\n<tr>\n<td class=\"spec-name\">Teknik<\/td>\n<td class=\"spec-value\">Litiumpolymer<\/td>\n<\/tr>\n<tr>\n<td class=\"spec-name\">K\u00f6rtid<\/td>\n<td class=\"spec-value\">Upp till 10 timmar<\/td>\n<\/tr>\n<tr>\n<td class=\"spec-name\">K\u00f6rtidsinformation<\/td>\n<td class=\"spec-value\">Webbl\u00e4sning \u00f6ver Wi-Fi: upp till 10 timme\/timmar \u00a6 Videouppspelning: upp till 10 timme\/timmar \u00a6 Webbl\u00e4sning \u00f6ver ett mobilt datan\u00e4tverk: upp till 9 timme\/timmar<\/td>\n<\/tr>\n<tr class=\"odd\">\n<td class=\"pb-2 pt-2 text-primary\" colspan=\"2\">\n<h4><b>Display<\/b><\/h4>\n<\/td>\n<\/tr>\n<tr>\n<td class=\"spec-name\">Typ<\/td>\n<td class=\"spec-value\">10.2&#8243; IPS &#8211; LED-bakgrundsbelysning<\/td>\n<\/tr>\n<tr>\n<td class=\"spec-name\">Uppl\u00f6sning<\/td>\n<td class=\"spec-value\">2160 x 1620 (264 ppi)<\/td>\n<\/tr>\n<tr>\n<td class=\"spec-name\">Ljusstyrka f\u00f6r bild<\/td>\n<td class=\"spec-value\">500 cd\/m\u00b2<\/td>\n<\/tr>\n<tr>\n<td class=\"spec-name\">Funktioner<\/td>\n<td class=\"spec-value\">BFR\/PVC-fri, Kvicksilverfri, berylliumfri, arsenikfri, Retina-sk\u00e4rm, True Tone-sk\u00e4rm, st\u00f6d f\u00f6r Apple Pencil, fingeravtryckss\u00e4ker oleofobbel\u00e4ggning<\/td>\n<\/tr>\n<tr>\n<td class=\"spec-name\">Peksk\u00e4rm<\/td>\n<td class=\"spec-value\">Multi-Touch<\/td>\n<\/tr>\n<tr class=\"even\">\n<td class=\"pb-2 pt-2 text-primary\" colspan=\"2\"><b>Diverse<\/b><\/td>\n<\/tr>\n<tr>\n<td class=\"spec-name\">Sensorer<\/td>\n<td class=\"spec-value\">Accelerometer, milj\u00f6ljussensor, 3-axelgyrosensor, digital kompass, barometer, Tryck p\u00e5 ID-sensor<\/td>\n<\/tr>\n<tr>\n<td class=\"spec-name\">L\u00e5dmaterial<\/td>\n<td class=\"spec-value\">Aluminium<\/td>\n<\/tr>\n<tr>\n<td class=\"spec-name\">F\u00e4rg<\/td>\n<td class=\"spec-value\">Rymdgr\u00e5<\/td>\n<\/tr>\n<tr>\n<td class=\"spec-name\">Inkluderade tillbeh\u00f6r<\/td>\n<td class=\"spec-value\">Str\u00f6madapter<\/td>\n<\/tr>\n<tr>\n<td class=\"spec-name\">Medf\u00f6ljande kablar<\/td>\n<td class=\"spec-value\">USB-C till Lightning-kabel<\/td>\n<\/tr>\n<tr>\n<td class=\"spec-name\">Egenskaper<\/td>\n<td class=\"spec-value\">VoiceOver-sk\u00e4rmbildsl\u00e4sare, AirPlay, Diktering, AssistiveTouch, MIMO-teknik, iBeacon-mikrolokalisering, Voice Control, Neural Engine, Magnifier, Closed Captions, Switch Control<\/td>\n<\/tr>\n<tr class=\"even\">\n<td class=\"pb-2 pt-2 text-primary\" colspan=\"2\"><b>Expansion och anknytningsbarhet<\/b><\/td>\n<\/tr>\n<tr>\n<td class=\"spec-name\">Gr\u00e4nssnitt<\/td>\n<td class=\"spec-value\">1 x h\u00f6rlursminikontakt (3,5mm) \u00a6 1 x Lightning \u00a6 1 x Smart Connector<\/td>\n<\/tr>\n<tr class=\"odd\">\n<td class=\"pb-2 pt-2 text-primary\" colspan=\"2\"><b>Fr\u00e4mre kamera<\/b><\/td>\n<\/tr>\n<tr>\n<td class=\"spec-name\">Sensoruppl\u00f6sning<\/td>\n<td class=\"spec-value\">12 megapixlar<\/td>\n<\/tr>\n<tr>\n<td class=\"spec-name\">Synf\u00e4lt (FoV)<\/td>\n<td class=\"spec-value\">122 grader<\/td>\n<\/tr>\n<tr>\n<td class=\"spec-name\">Videouppl\u00f6sning<\/td>\n<td class=\"spec-value\">1920 x 1080 (1080p) vid 30 fps, 1920 x 1080 (1080p) vid 60 fps, 1920 x 1080 (1080p) vid 25 fps<\/td>\n<\/tr>\n<tr>\n<td class=\"spec-name\">Lins\u00f6ppning<\/td>\n<td class=\"spec-value\">F\/2.4<\/td>\n<\/tr>\n<tr>\n<td class=\"spec-name\">Funktioner<\/td>\n<td class=\"spec-value\">FaceTime HD-kamera, Automatisk bildstabilisering, Biovideostabilisering, F\u00f6rl\u00e4ngd dynamisk r\u00e4ckvidd f\u00f6r video vid 30 fps, Time-lapse-video med stabilisering, Objektivkorrigering<\/td>\n<\/tr>\n<tr>\n<td class=\"spec-name\">Specialeffekter<\/td>\n<td class=\"spec-value\">HDR<\/td>\n<\/tr>\n<tr>\n<td class=\"spec-name\">Ljusk\u00e4lla<\/td>\n<td class=\"spec-value\">Retina-blixt<\/td>\n<\/tr>\n<tr>\n<td class=\"spec-name\">Kameral\u00e4gen<\/td>\n<td class=\"spec-value\">Seriel\u00e4ge, Time-lapse-l\u00e4ge, Ultra brett l\u00e4ge, Huvudscenen<\/td>\n<\/tr>\n<tr class=\"odd\">\n<td class=\"pb-2 pt-2 text-primary\" colspan=\"2\"><b>Inmatningsenhet<\/b><\/td>\n<\/tr>\n<tr>\n<td class=\"spec-name\">S\u00e4kerhetsenheter<\/td>\n<td class=\"spec-value\">Fingeravtrycksl\u00e4sare<\/td>\n<\/tr>\n<tr class=\"even\">\n<td class=\"pb-2 pt-2 text-primary\" colspan=\"2\"><b>Kommunikation<\/b><\/td>\n<\/tr>\n<tr>\n<td class=\"spec-name\">Cellul\u00e4r teknik<\/td>\n<td class=\"spec-value\">3G, 4G<\/td>\n<\/tr>\n<tr>\n<td class=\"spec-name\">Tr\u00e5dl\u00f6s anslutning<\/td>\n<td class=\"spec-value\">802.11a\/b\/g\/n\/ac, Bluetooth 4.2<\/td>\n<\/tr>\n<tr>\n<td class=\"spec-name\">Cellul\u00e4ra protokoll<\/td>\n<td class=\"spec-value\">UMTS, HSPA, HSPA+, LTE, DC-HSDPA<\/td>\n<\/tr>\n<tr>\n<td class=\"spec-name\">Band<\/td>\n<td class=\"spec-value\">UMTS\/HSPA\/HSPA+\/DC-HSDPA 850\/900\/1700\/1900\/2100 LTE 700(b\/c\/d\/APT\/PS)\/800(DD)\/850\/900\/1500\/1800\/1900\/2100\/2300\/2600\/AWS\/AWS-3 TD-LTE 1900\/2000\/2300\/2500\/2600<\/td>\n<\/tr>\n<tr class=\"even\">\n<td class=\"pb-2 pt-2 text-primary\" colspan=\"2\">\n<h4><b>Milj\u00f6parametrar<\/b><\/h4>\n<\/td>\n<\/tr>\n<tr>\n<td class=\"spec-name\">Min temperatur vid drift<\/td>\n<td class=\"spec-value\">0 \u00b0C<\/td>\n<\/tr>\n<tr>\n<td class=\"spec-name\">Min temperatur vid f\u00f6rvaring<\/td>\n<td class=\"spec-value\">-20 \u00b0C<\/td>\n<\/tr>\n<tr>\n<td class=\"spec-name\">Max altitud vid drift<\/td>\n<td class=\"spec-value\">3 km<\/td>\n<\/tr>\n<tr>\n<td class=\"spec-name\">Max temperatur vid drift<\/td>\n<td class=\"spec-value\">35 \u00b0C<\/td>\n<\/tr>\n<tr>\n<td class=\"spec-name\">Max temperatur vid f\u00f6rvaring<\/td>\n<td class=\"spec-value\">45 \u00b0C<\/td>\n<\/tr>\n<tr>\n<td class=\"spec-name\">Luftfuktighet vid drift<\/td>\n<td class=\"spec-value\">5 &#8211; 95 % (icke-kondenserande)<\/td>\n<\/tr>\n<tr class=\"even\">\n<td class=\"pb-2 pt-2 text-primary\" colspan=\"2\"><b>Milj\u00f6standarder<\/b><\/td>\n<\/tr>\n<tr>\n<td class=\"spec-name\">ENERGY STAR-certifierad<\/td>\n<td class=\"spec-value\">Ja<\/td>\n<\/tr>\n<tr class=\"odd\">\n<td class=\"pb-2 pt-2 text-primary\" colspan=\"2\"><b>Minne<\/b><\/td>\n<\/tr>\n<tr>\n<td class=\"spec-name\">Lagring<\/td>\n<td class=\"spec-value\">256 GB<\/td>\n<\/tr>\n<tr class=\"even\">\n<td class=\"pb-2 pt-2 text-primary\" colspan=\"2\"><b>Multimedia<\/b><\/td>\n<\/tr>\n<tr>\n<td class=\"spec-name\">Digitala videostandarder som st\u00f6ds<\/td>\n<td class=\"spec-value\">MPEG-4 SP (upp till 640&#215;480), R\u00f6relse-JPEG (upp till 1280&#215;720), H.264 h\u00f6gprofilniv\u00e5 4.2 (upp till 4k)<\/td>\n<\/tr>\n<tr>\n<td class=\"spec-name\">Ljud<\/td>\n<td class=\"spec-value\">Tv\u00e5 mikrofoner, stereoh\u00f6gtalare<\/td>\n<\/tr>\n<tr>\n<td class=\"spec-name\">Digitala ljudstandarder som st\u00f6ds<\/td>\n<td class=\"spec-value\">WAV, AAC, AIFF, Audible, MP3, Apple Lossless, AC-3, HE-AAC, Audible AAX, Audible AAX+, skyddad AAC, EAC3, MP3 VBR<\/td>\n<\/tr>\n<tr class=\"odd\">\n<td class=\"pb-2 pt-2 text-primary\" colspan=\"2\"><b>M\u00e5tt och vikt<\/b><\/td>\n<\/tr>\n<tr>\n<td class=\"spec-name\">Djup<\/td>\n<td class=\"spec-value\">0.75 cm<\/td>\n<\/tr>\n<tr>\n<td class=\"spec-name\">Bredd<\/td>\n<td class=\"spec-value\">17.41 cm<\/td>\n<\/tr>\n<tr>\n<td class=\"spec-name\">H\u00f6jd<\/td>\n<td class=\"spec-value\">25.06 cm<\/td>\n<\/tr>\n<tr>\n<td class=\"spec-name\">Vikt<\/td>\n<td class=\"spec-value\">498 g<\/td>\n<\/tr>\n<tr class=\"odd\">\n<td class=\"pb-2 pt-2 text-primary\" colspan=\"2\">\n<h4><b>Navigationssystem<\/b><\/h4>\n<\/td>\n<\/tr>\n<tr>\n<td class=\"spec-name\">Mottagare<\/td>\n<td class=\"spec-value\">GPS\/GNSS<\/td>\n<\/tr>\n<tr class=\"even\">\n<td class=\"pb-2 pt-2 text-primary\" colspan=\"2\"><b>Processor<\/b><\/td>\n<\/tr>\n<tr>\n<td class=\"spec-name\">Processor<\/td>\n<td class=\"spec-value\">Apple A13 Bionic<\/td>\n<\/tr>\n<tr class=\"odd\">\n<td class=\"pb-2 pt-2 text-primary\" colspan=\"2\"><b>Programvara<\/b><\/td>\n<\/tr>\n<tr>\n<td class=\"spec-name\">F\u00f6rinstallerad programvara<\/td>\n<td class=\"spec-value\">Clock, Mail, Notes, Calendar, Contacts, Messages, Camera, Files, FaceTime, Photo Booth, Safari, Photos, App Store, Maps, News, Aktier, Siri, Books, P\u00e5minnelser, Music, Settings, Voice Memos, iTunes Store, Podcasts, Apple Pay, Apple TV App, Home, Measure, Tips, Find My, Shortcuts<\/td>\n<\/tr>\n<tr class=\"even\">\n<td class=\"pb-2 pt-2 text-primary\" colspan=\"2\"><b>Systemkrav f\u00f6r PC-anslutning<\/b><\/td>\n<\/tr>\n<tr>\n<td class=\"spec-name\">Operativsystem erfordras<\/td>\n<td class=\"spec-value\">Windows 10 eller senare, Apple MacOS X 10.11.6 El Capitan eller senare<\/td>\n<\/tr>\n<tr class=\"odd\">\n<td class=\"pb-2 pt-2 text-primary\" colspan=\"2\"><b>Tillverkarens garanti<\/b><\/td>\n<\/tr>\n<tr>\n<td class=\"spec-name\">Service och support<\/td>\n<td class=\"spec-value\">Begr\u00e4nsad garanti &#8211; 1 \u00e5r \u00a6 Tekniskt st\u00f6d &#8211; telefonr\u00e5dgivning &#8211; 90 dagar<\/td>\n<\/tr>\n<\/tbody>\n<\/table>\n","protected":false},"excerpt":{"rendered":"<p>Apple 10.2-inch iPad Wi-Fi + Cellular 256GB &#8211; Space Grey (9th gen) MK4E3KN\/A<\/p>\n","protected":false},"featured_media":93834,"template":"","meta":[],"product_brand":[],"product_cat":[104,63],"product_tag":[],"class_list":{"0":"post-93832","1":"product","2":"type-product","3":"status-publish","4":"has-post-thumbnail","6":"product_cat-surfplattor","7":"product_cat-telefoner-surfplattor","9":"first","10":"outofstock","11":"taxable","12":"shipping-taxable","13":"product-type-simple"},"yoast_head":"<!-- This site is optimized with the Yoast SEO Premium plugin v26.7 (Yoast SEO v26.7) - https:\/\/yoast.com\/wordpress\/plugins\/seo\/ -->\n<title>Apple 10.2-inch iPad Wi-Fi + Cellular 256GB - Space Grey (9th gen)<\/title>\n<meta name=\"description\" content=\"Apple 10.2-inch iPad Wi-Fi + Cellular 256GB - Space Grey (9th gen) kombinerar kraften och kapaciteten hos en dator, anv\u00e4ndarv\u00e4nlig, m\u00e5ngsidig.\" \/>\n<meta name=\"robots\" content=\"index, follow, max-snippet:-1, max-image-preview:large, max-video-preview:-1\" \/>\n<link rel=\"canonical\" href=\"https:\/\/www.heddata.se\/webbutik\/produkt\/apple-10-2-inch-ipad-wi-fi-cellular-256gb-space-grey-9th-gen-mk4e3kn-a\/\" \/>\n<meta property=\"og:locale\" content=\"sv_SE\" \/>\n<meta property=\"og:type\" content=\"article\" \/>\n<meta property=\"og:title\" content=\"Apple 10.2-inch iPad Wi-Fi + Cellular 256GB - Space Grey (9th gen) MK4E3KN\/A\" \/>\n<meta property=\"og:description\" content=\"Apple 10.2-inch iPad Wi-Fi + Cellular 256GB - Space Grey (9th gen) kombinerar kraften och kapaciteten hos en dator, anv\u00e4ndarv\u00e4nlig, m\u00e5ngsidig.\" \/>\n<meta property=\"og:url\" content=\"https:\/\/www.heddata.se\/webbutik\/produkt\/apple-10-2-inch-ipad-wi-fi-cellular-256gb-space-grey-9th-gen-mk4e3kn-a\/\" \/>\n<meta property=\"og:site_name\" content=\"Datorer, Skrivare, F\u00e4rgpatroner, Mobiltelefoner\" \/>\n<meta property=\"article:modified_time\" content=\"2026-04-09T09:52:32+00:00\" \/>\n<meta property=\"og:image\" content=\"https:\/\/www.heddata.se\/webbutik\/wp-content\/uploads\/webbutik\/kategorier\/mobiltelefoner-surfplattor\/mk4e3kn.jpeg\" \/>\n\t<meta property=\"og:image:width\" content=\"1200\" \/>\n\t<meta property=\"og:image:height\" content=\"1200\" \/>\n\t<meta property=\"og:image:type\" content=\"image\/jpeg\" \/>\n<meta name=\"twitter:card\" content=\"summary_large_image\" \/>\n<meta name=\"twitter:label1\" content=\"Ber\u00e4knad l\u00e4stid\" \/>\n\t<meta name=\"twitter:data1\" content=\"5 minuter\" \/>\n<script type=\"application\/ld+json\" class=\"yoast-schema-graph\">{\"@context\":\"https:\/\/schema.org\",\"@graph\":[{\"@type\":\"WebPage\",\"@id\":\"https:\/\/www.heddata.se\/webbutik\/produkt\/apple-10-2-inch-ipad-wi-fi-cellular-256gb-space-grey-9th-gen-mk4e3kn-a\/\",\"url\":\"https:\/\/www.heddata.se\/webbutik\/produkt\/apple-10-2-inch-ipad-wi-fi-cellular-256gb-space-grey-9th-gen-mk4e3kn-a\/\",\"name\":\"Apple 10.2-inch iPad Wi-Fi + Cellular 256GB - Space Grey (9th gen)\",\"isPartOf\":{\"@id\":\"https:\/\/www.heddata.se\/webbutik\/#website\"},\"primaryImageOfPage\":{\"@id\":\"https:\/\/www.heddata.se\/webbutik\/produkt\/apple-10-2-inch-ipad-wi-fi-cellular-256gb-space-grey-9th-gen-mk4e3kn-a\/#primaryimage\"},\"image\":{\"@id\":\"https:\/\/www.heddata.se\/webbutik\/produkt\/apple-10-2-inch-ipad-wi-fi-cellular-256gb-space-grey-9th-gen-mk4e3kn-a\/#primaryimage\"},\"thumbnailUrl\":\"https:\/\/www.heddata.se\/webbutik\/wp-content\/uploads\/webbutik\/kategorier\/mobiltelefoner-surfplattor\/mk4e3kn.jpeg\",\"datePublished\":\"2023-03-07T13:18:11+00:00\",\"dateModified\":\"2026-04-09T09:52:32+00:00\",\"description\":\"Apple 10.2-inch iPad Wi-Fi + Cellular 256GB - Space Grey (9th gen) kombinerar kraften och kapaciteten hos en dator, anv\u00e4ndarv\u00e4nlig, m\u00e5ngsidig.\",\"breadcrumb\":{\"@id\":\"https:\/\/www.heddata.se\/webbutik\/produkt\/apple-10-2-inch-ipad-wi-fi-cellular-256gb-space-grey-9th-gen-mk4e3kn-a\/#breadcrumb\"},\"inLanguage\":\"sv-SE\",\"potentialAction\":[{\"@type\":\"ReadAction\",\"target\":[\"https:\/\/www.heddata.se\/webbutik\/produkt\/apple-10-2-inch-ipad-wi-fi-cellular-256gb-space-grey-9th-gen-mk4e3kn-a\/\"]}]},{\"@type\":\"ImageObject\",\"inLanguage\":\"sv-SE\",\"@id\":\"https:\/\/www.heddata.se\/webbutik\/produkt\/apple-10-2-inch-ipad-wi-fi-cellular-256gb-space-grey-9th-gen-mk4e3kn-a\/#primaryimage\",\"url\":\"https:\/\/www.heddata.se\/webbutik\/wp-content\/uploads\/webbutik\/kategorier\/mobiltelefoner-surfplattor\/mk4e3kn.jpeg\",\"contentUrl\":\"https:\/\/www.heddata.se\/webbutik\/wp-content\/uploads\/webbutik\/kategorier\/mobiltelefoner-surfplattor\/mk4e3kn.jpeg\",\"width\":1200,\"height\":1200,\"caption\":\"Apple 10.2-inch iPad\"},{\"@type\":\"BreadcrumbList\",\"@id\":\"https:\/\/www.heddata.se\/webbutik\/produkt\/apple-10-2-inch-ipad-wi-fi-cellular-256gb-space-grey-9th-gen-mk4e3kn-a\/#breadcrumb\",\"itemListElement\":[{\"@type\":\"ListItem\",\"position\":1,\"name\":\"Hem\",\"item\":\"https:\/\/www.heddata.se\/webbutik\/\"},{\"@type\":\"ListItem\",\"position\":2,\"name\":\"Produkter\",\"item\":\"https:\/\/www.heddata.se\/webbutik\/shop\/\"},{\"@type\":\"ListItem\",\"position\":3,\"name\":\"Apple 10.2-inch iPad Wi-Fi + Cellular 256GB &#8211; Space Grey (9th gen) MK4E3KN\/A\"}]},{\"@type\":\"WebSite\",\"@id\":\"https:\/\/www.heddata.se\/webbutik\/#website\",\"url\":\"https:\/\/www.heddata.se\/webbutik\/\",\"name\":\"Datorer, Skrivare, F\u00e4rgpatroner, Mobiltelefoner\",\"description\":\"Kablar\",\"publisher\":{\"@id\":\"https:\/\/www.heddata.se\/webbutik\/#organization\"},\"potentialAction\":[{\"@type\":\"SearchAction\",\"target\":{\"@type\":\"EntryPoint\",\"urlTemplate\":\"https:\/\/www.heddata.se\/webbutik\/?s={search_term_string}\"},\"query-input\":{\"@type\":\"PropertyValueSpecification\",\"valueRequired\":true,\"valueName\":\"search_term_string\"}}],\"inLanguage\":\"sv-SE\"},{\"@type\":\"Organization\",\"@id\":\"https:\/\/www.heddata.se\/webbutik\/#organization\",\"name\":\"Heddata AB\",\"url\":\"https:\/\/www.heddata.se\/webbutik\/\",\"logo\":{\"@type\":\"ImageObject\",\"inLanguage\":\"sv-SE\",\"@id\":\"https:\/\/www.heddata.se\/webbutik\/#\/schema\/logo\/image\/\",\"url\":\"https:\/\/www.heddata.se\/webbutik\/wp-content\/uploads\/logga\/heddata-ab-logga.png\",\"contentUrl\":\"https:\/\/www.heddata.se\/webbutik\/wp-content\/uploads\/logga\/heddata-ab-logga.png\",\"width\":200,\"height\":64,\"caption\":\"Heddata AB\"},\"image\":{\"@id\":\"https:\/\/www.heddata.se\/webbutik\/#\/schema\/logo\/image\/\"}}]}<\/script>\n<!-- \/ Yoast SEO Premium plugin. -->","yoast_head_json":{"title":"Apple 10.2-inch iPad Wi-Fi + Cellular 256GB - Space Grey (9th gen)","description":"Apple 10.2-inch iPad Wi-Fi + Cellular 256GB - Space Grey (9th gen) kombinerar kraften och kapaciteten hos en dator, anv\u00e4ndarv\u00e4nlig, m\u00e5ngsidig.","robots":{"index":"index","follow":"follow","max-snippet":"max-snippet:-1","max-image-preview":"max-image-preview:large","max-video-preview":"max-video-preview:-1"},"canonical":"https:\/\/www.heddata.se\/webbutik\/produkt\/apple-10-2-inch-ipad-wi-fi-cellular-256gb-space-grey-9th-gen-mk4e3kn-a\/","og_locale":"sv_SE","og_type":"article","og_title":"Apple 10.2-inch iPad Wi-Fi + Cellular 256GB - Space Grey (9th gen) MK4E3KN\/A","og_description":"Apple 10.2-inch iPad Wi-Fi + Cellular 256GB - Space Grey (9th gen) kombinerar kraften och kapaciteten hos en dator, anv\u00e4ndarv\u00e4nlig, m\u00e5ngsidig.","og_url":"https:\/\/www.heddata.se\/webbutik\/produkt\/apple-10-2-inch-ipad-wi-fi-cellular-256gb-space-grey-9th-gen-mk4e3kn-a\/","og_site_name":"Datorer, Skrivare, F\u00e4rgpatroner, Mobiltelefoner","article_modified_time":"2026-04-09T09:52:32+00:00","og_image":[{"width":1200,"height":1200,"url":"https:\/\/www.heddata.se\/webbutik\/wp-content\/uploads\/webbutik\/kategorier\/mobiltelefoner-surfplattor\/mk4e3kn.jpeg","type":"image\/jpeg"}],"twitter_card":"summary_large_image","twitter_misc":{"Ber\u00e4knad l\u00e4stid":"5 minuter"},"schema":{"@context":"https:\/\/schema.org","@graph":[{"@type":"WebPage","@id":"https:\/\/www.heddata.se\/webbutik\/produkt\/apple-10-2-inch-ipad-wi-fi-cellular-256gb-space-grey-9th-gen-mk4e3kn-a\/","url":"https:\/\/www.heddata.se\/webbutik\/produkt\/apple-10-2-inch-ipad-wi-fi-cellular-256gb-space-grey-9th-gen-mk4e3kn-a\/","name":"Apple 10.2-inch iPad Wi-Fi + Cellular 256GB - Space Grey (9th gen)","isPartOf":{"@id":"https:\/\/www.heddata.se\/webbutik\/#website"},"primaryImageOfPage":{"@id":"https:\/\/www.heddata.se\/webbutik\/produkt\/apple-10-2-inch-ipad-wi-fi-cellular-256gb-space-grey-9th-gen-mk4e3kn-a\/#primaryimage"},"image":{"@id":"https:\/\/www.heddata.se\/webbutik\/produkt\/apple-10-2-inch-ipad-wi-fi-cellular-256gb-space-grey-9th-gen-mk4e3kn-a\/#primaryimage"},"thumbnailUrl":"https:\/\/www.heddata.se\/webbutik\/wp-content\/uploads\/webbutik\/kategorier\/mobiltelefoner-surfplattor\/mk4e3kn.jpeg","datePublished":"2023-03-07T13:18:11+00:00","dateModified":"2026-04-09T09:52:32+00:00","description":"Apple 10.2-inch iPad Wi-Fi + Cellular 256GB - Space Grey (9th gen) kombinerar kraften och kapaciteten hos en dator, anv\u00e4ndarv\u00e4nlig, m\u00e5ngsidig.","breadcrumb":{"@id":"https:\/\/www.heddata.se\/webbutik\/produkt\/apple-10-2-inch-ipad-wi-fi-cellular-256gb-space-grey-9th-gen-mk4e3kn-a\/#breadcrumb"},"inLanguage":"sv-SE","potentialAction":[{"@type":"ReadAction","target":["https:\/\/www.heddata.se\/webbutik\/produkt\/apple-10-2-inch-ipad-wi-fi-cellular-256gb-space-grey-9th-gen-mk4e3kn-a\/"]}]},{"@type":"ImageObject","inLanguage":"sv-SE","@id":"https:\/\/www.heddata.se\/webbutik\/produkt\/apple-10-2-inch-ipad-wi-fi-cellular-256gb-space-grey-9th-gen-mk4e3kn-a\/#primaryimage","url":"https:\/\/www.heddata.se\/webbutik\/wp-content\/uploads\/webbutik\/kategorier\/mobiltelefoner-surfplattor\/mk4e3kn.jpeg","contentUrl":"https:\/\/www.heddata.se\/webbutik\/wp-content\/uploads\/webbutik\/kategorier\/mobiltelefoner-surfplattor\/mk4e3kn.jpeg","width":1200,"height":1200,"caption":"Apple 10.2-inch iPad"},{"@type":"BreadcrumbList","@id":"https:\/\/www.heddata.se\/webbutik\/produkt\/apple-10-2-inch-ipad-wi-fi-cellular-256gb-space-grey-9th-gen-mk4e3kn-a\/#breadcrumb","itemListElement":[{"@type":"ListItem","position":1,"name":"Hem","item":"https:\/\/www.heddata.se\/webbutik\/"},{"@type":"ListItem","position":2,"name":"Produkter","item":"https:\/\/www.heddata.se\/webbutik\/shop\/"},{"@type":"ListItem","position":3,"name":"Apple 10.2-inch iPad Wi-Fi + Cellular 256GB &#8211; Space Grey (9th gen) MK4E3KN\/A"}]},{"@type":"WebSite","@id":"https:\/\/www.heddata.se\/webbutik\/#website","url":"https:\/\/www.heddata.se\/webbutik\/","name":"Datorer, Skrivare, F\u00e4rgpatroner, Mobiltelefoner","description":"Kablar","publisher":{"@id":"https:\/\/www.heddata.se\/webbutik\/#organization"},"potentialAction":[{"@type":"SearchAction","target":{"@type":"EntryPoint","urlTemplate":"https:\/\/www.heddata.se\/webbutik\/?s={search_term_string}"},"query-input":{"@type":"PropertyValueSpecification","valueRequired":true,"valueName":"search_term_string"}}],"inLanguage":"sv-SE"},{"@type":"Organization","@id":"https:\/\/www.heddata.se\/webbutik\/#organization","name":"Heddata AB","url":"https:\/\/www.heddata.se\/webbutik\/","logo":{"@type":"ImageObject","inLanguage":"sv-SE","@id":"https:\/\/www.heddata.se\/webbutik\/#\/schema\/logo\/image\/","url":"https:\/\/www.heddata.se\/webbutik\/wp-content\/uploads\/logga\/heddata-ab-logga.png","contentUrl":"https:\/\/www.heddata.se\/webbutik\/wp-content\/uploads\/logga\/heddata-ab-logga.png","width":200,"height":64,"caption":"Heddata AB"},"image":{"@id":"https:\/\/www.heddata.se\/webbutik\/#\/schema\/logo\/image\/"}}]}},"_links":{"self":[{"href":"https:\/\/www.heddata.se\/webbutik\/wp-json\/wp\/v2\/product\/93832","targetHints":{"allow":["GET"]}}],"collection":[{"href":"https:\/\/www.heddata.se\/webbutik\/wp-json\/wp\/v2\/product"}],"about":[{"href":"https:\/\/www.heddata.se\/webbutik\/wp-json\/wp\/v2\/types\/product"}],"wp:featuredmedia":[{"embeddable":true,"href":"https:\/\/www.heddata.se\/webbutik\/wp-json\/wp\/v2\/media\/93834"}],"wp:attachment":[{"href":"https:\/\/www.heddata.se\/webbutik\/wp-json\/wp\/v2\/media?parent=93832"}],"wp:term":[{"taxonomy":"product_brand","embeddable":true,"href":"https:\/\/www.heddata.se\/webbutik\/wp-json\/wp\/v2\/product_brand?post=93832"},{"taxonomy":"product_cat","embeddable":true,"href":"https:\/\/www.heddata.se\/webbutik\/wp-json\/wp\/v2\/product_cat?post=93832"},{"taxonomy":"product_tag","embeddable":true,"href":"https:\/\/www.heddata.se\/webbutik\/wp-json\/wp\/v2\/product_tag?post=93832"}],"curies":[{"name":"wp","href":"https:\/\/api.w.org\/{rel}","templated":true}]}}